{"id":16632,"date":"2024-09-23T15:55:26","date_gmt":"2024-09-23T15:55:26","guid":{"rendered":"https:\/\/travelshelper.com\/staging\/?page_id=16632"},"modified":"2026-03-12T00:25:06","modified_gmt":"2026-03-12T00:25:06","slug":"bad-gottleuba-berggieshubel","status":"publish","type":"page","link":"https:\/\/travelshelper.com\/tr\/destinations\/europe\/germany\/bad-gottleuba-berggieshubel\/","title":{"rendered":"Bad Gottleuba-Berggie\u00dfh\u00fcbel"},"content":{"rendered":"<p>Bad Gottleuba-Berggie\u00dfh\u00fcel, Saksonya&#039;n\u0131n do\u011fu kesimlerinde yemye\u015fil vadilerin, stoac\u0131 zirvelerin ve y\u00fczy\u0131llard\u0131r s\u00fcren end\u00fcstri ve dinlenmeye tan\u0131kl\u0131k eden sular\u0131n birle\u015fimi olarak ortaya \u00e7\u0131kar. 1 Ocak 1999&#039;da Bad Gottleuba, Berggie\u00dfh\u00fcel, Langenhennersdorf ve Bahratal&#039;\u0131n birle\u015fmesiyle olu\u015fan belediye, Do\u011fu Ore Da\u011flar\u0131&#039;n\u0131n etekleri ile Sakson \u0130svi\u00e7re&#039;nin engebeli yama\u00e7lar\u0131 aras\u0131nda yer alan yakla\u015f\u0131k doksan kilometrekarelik bir alana yay\u0131lm\u0131\u015ft\u0131r. Ad\u0131, k\u0131vr\u0131ml\u0131 Gottleuba Nehri \u00fczerindeki iki ana yerle\u015fim yerini sabitlerken, Oelsen, Markersbach, Hellendorf, Hartmannsbach, Breitenau, B\u00f6rnersdorf, Zwiesel, Bahra ve Langenhennersdorf k\u00f6ylerinin olu\u015fturdu\u011fu bir doku, eski bir tekerle\u011fin telleri gibi d\u0131\u015far\u0131ya do\u011fru yay\u0131lmaktad\u0131r.<\/p>\n<p>Arazinin kendisi y\u00fcksekliklerle ilgili bir hikaye anlat\u0131r: Deniz seviyesinden m\u00fctevaz\u0131 bir 211 metre y\u00fckseklikteki Gottleuba vadisinden \u00c7ek s\u0131n\u0131r\u0131ndaki Oelsener H\u00f6he&#039;nin 644 metrelik zirvesine kadar. Ormanlar yollara ve patikalara do\u011fru bast\u0131r\u0131r ve Gottleuba rezervuar\u0131n\u0131n barajl\u0131 sular\u0131 mika-\u015fist u\u00e7urumlar\u0131n\u0131n alt\u0131nda par\u0131ldar. A\u011fustos sabahlar\u0131 a\u011fa\u00e7 tepelerine yap\u0131\u015fan sis getirir; ak\u015famlar\u0131 odun sobalar\u0131ndan \u00e7\u0131kan, \u00e7am ve hu\u015f a\u011fac\u0131 kokan duman d\u00f6ner. Yerliler, \u00fc\u00e7\u00fcnc\u00fc rak\u0131 turuyla cesaretlendirilirlerse, Bad Gottleuba&#039;daki pazar meydan\u0131n\u0131n hala, \u00e7oktan gitmi\u015f ama Dresden, Prag ve \u00f6tesine olan mesafeleri i\u015faretleyen ta\u015f kilometre ta\u015flar\u0131yla an\u0131lan Sakson posta arabalar\u0131n\u0131n yank\u0131lar\u0131yla u\u011fuldad\u0131\u011f\u0131n\u0131 m\u0131r\u0131ldan\u0131rlar.<\/p>\n<p>Co\u011frafi olarak, birle\u015fik kapl\u0131ca kasabas\u0131 k\u00fclt\u00fcrel merkezlere k\u0131skan\u0131lacak bir yak\u0131nl\u0131\u011fa sahiptir - Dresden&#039;e sadece 25 kilometre ve Pirna&#039;ya 11 kilometre - ancak uzakl\u0131k havas\u0131n\u0131 korur. 2005&#039;ten beri hizmette olan A17 ekspres otoyolu, B\u00f6rnersdorf ve Breitenau&#039;dan ge\u00e7erek vah\u015fi do\u011fa hissini yok etmeden eri\u015fim sa\u011flar. \u015eairler Yolu&#039;ndaki y\u00fcr\u00fcy\u00fc\u015f\u00e7\u00fcler, bu ormanlardan ilham alan on sekizinci y\u00fczy\u0131l banyocular\u0131 Gellert ve Rabener&#039;i onurland\u0131ran yaz\u0131tlara rastlayabilir. Yol, Gottleuba boyunca k\u0131vr\u0131larak, Berggie\u00dfh\u00fcel&#039;deki \u0131s\u0131tmal\u0131 a\u00e7\u0131k hava havuzunda son bulur ve buhar, so\u011fuk \u015fafakta birle\u015fir.<\/p>\n<p>\u0130nsan yerle\u015fiminin en erken belirtileri orta\u00e7a\u011f kilise kulelerinde ve su de\u011firmenlerinde ortaya \u00e7\u0131kar. Bad Gottleuba&#039;da, B\u00e4hr De\u011firmeni hala tah\u0131l ve kerestenin a\u011f\u0131rl\u0131\u011f\u0131 alt\u0131nda inliyor, di\u015fli sistemi yirminci y\u00fczy\u0131l\u0131n ba\u015f\u0131ndan beri b\u00fcy\u00fck \u00f6l\u00e7\u00fcde de\u011fi\u015fmemi\u015f. Yak\u0131nlarda, St. Peter&#039;s Evangelical Lutheran Kilisesi, \u00e7ehresi g\u00fc\u00e7lendirilmi\u015f bir \u015fekilde duruyor, kule taban\u0131 on \u00fc\u00e7\u00fcnc\u00fc y\u00fczy\u0131l duvarc\u0131lar\u0131n\u0131 f\u0131s\u0131ld\u0131yor ve korosu 1525&#039;in ge\u00e7 Gotik g\u00f6steri\u015finde y\u00fckseliyor. Tavan freskleri -belki de Lucas Cranach&#039;\u0131n \u00e7evresine kadar uzan\u0131yor- y\u00fczy\u0131llard\u0131r mum duman\u0131yla donukla\u015fm\u0131\u015f pigmentleri olan sar\u0131ms\u0131 sar\u0131 ve lapis lazuli tonlar\u0131 veriyor. Modernli\u011fin bir araya geli\u015fi, Helleberg yama\u00e7lar\u0131na yerle\u015fmi\u015f, Art Nouveau pavyonlar\u0131ndan olu\u015fan bir kompleks olan ve balneolojik geleneklerin yirmi birinci y\u00fczy\u0131l rehabilitasyon bilimiyle kesi\u015fti\u011fi ortadaki Klinik&#039;e geliyor.<\/p>\n<p>Ge\u00e7mi\u015fi ve bug\u00fcn\u00fc birbirine ba\u011flayan spa sa\u011fl\u0131k park\u0131 ve Goethepark belediye spa park\u0131, pazar\u0131n \u00fcst\u00fcndeki yemye\u015fil teraslar\u0131 i\u015fgal ediyor. Ziyaret\u00e7iler Bitki Bah\u00e7esi&#039;nin egzotik yataklar\u0131 ve asmalarla kapl\u0131 a\u00e7\u0131k hava havuzunun s\u00fctunlar\u0131 aras\u0131nda dola\u015f\u0131rken Gedankenspiele havada as\u0131l\u0131 kal\u0131yor. 1980&#039;de pazara yeniden dikilen Sakson postas\u0131 mil ta\u015f\u0131, eski Dresden-Teplitz posta yoluna sessiz bir tan\u0131kl\u0131k ediyor ve yolcuya arabalar\u0131n kald\u0131r\u0131m ta\u015flar\u0131nda g\u0131c\u0131rdad\u0131\u011f\u0131 ve habercilerin k\u0131\u015f f\u0131rt\u0131nalar\u0131nda haber ta\u015f\u0131d\u0131\u011f\u0131 bir d\u00f6nemi hat\u0131rlat\u0131yor.<\/p>\n<p>Berggie\u00dfh\u00fcel&#039;de end\u00fcstri ve sa\u011fl\u0131k on sekizinci y\u00fczy\u0131ldan beri ayn\u0131 alan\u0131 payla\u015f\u0131yor. 1722&#039;de in\u015fa edilen Johann-Georgen-Bad adl\u0131 yap\u0131 burada banyo k\u00fclt\u00fcr\u00fcne \u00f6nc\u00fcl\u00fck etti; g\u00fcn\u00fcm\u00fczde halefi olan Kurhaus, kayrak bir g\u00f6ky\u00fcz\u00fcn\u00fcn alt\u0131nda gezinti yapanlara ba\u015fkanl\u0131k ediyor. Yak\u0131nlarda, \u015fifa ve ziyaret\u00e7i madeni &#034;Marie Louise Stolln&#034;, 1726 ile 1926 y\u0131llar\u0131 aras\u0131nda demir cevheri i\u00e7in kaz\u0131lm\u0131\u015f kuyulara iniyor. Maden kuyusu toprak ve demir kokuyor; Friedrich-Erbstolln&#039;un derinliklerinin koku alma kal\u0131nt\u0131s\u0131. Uygunsuz bir \u015fekilde, 1876&#039;dan kalma neo-Gotik bir Lutheran kilisesi, 1576&#039;daki selefinin yerini al\u0131yor; sivri kemerleri, a\u015fa\u011f\u0131dan madencilerin d\u00f6n\u00fc\u015f\u00fcn\u00fc bekliyormu\u015f gibi g\u00f6ky\u00fcz\u00fcne bak\u0131yor.<\/p>\n<p>Yollar merkezden yay\u0131l\u0131yor: Forellensteig, alabal\u0131k bak\u0131m\u0131ndan zengin g\u00f6letlerin yan\u0131ndan Langenhennersdorf&#039;a do\u011fru k\u0131vr\u0131l\u0131yor; Hoch ve Jagdstein b\u00f6lgesi, binlerce y\u0131ll\u0131k donla \u00e7ukurla\u015fm\u0131\u015f kumta\u015f\u0131 kayal\u0131klar\u0131 sunuyor; Zehistaer Duvarlar\u0131&#039;nda, do\u011fal kaya k\u00f6pr\u00fcleri uzak s\u0131rtlar\u0131n manzaralar\u0131n\u0131 \u00e7er\u00e7eveliyor. Bir kefaret ha\u00e7\u0131, Vierzehn-Nothelferweg&#039;de n\u00f6bet tutuyor, oyulmu\u015f kabartmalar\u0131 bir zamanlar y\u00fcr\u00fcyerek g\u00fcnahlar\u0131n\u0131n ba\u011f\u0131\u015flanmas\u0131n\u0131 isteyen hac\u0131lar\u0131 yank\u0131l\u0131yor. Her virajda, y\u00fczy\u0131ll\u0131k posta milleri yol kenar\u0131n\u0131 noktal\u0131yor\u2014B\u00f6rnersdorf ve Breitenau&#039;daki yar\u0131m ve \u00e7eyrek i\u015faretler\u2014yaz\u0131lar\u0131 yosun ve liken alt\u0131nda zar zor okunabiliyor.<\/p>\n<p>Langenhennersdorf, on be\u015finci y\u00fczy\u0131l salon kilisesinin i\u00e7inde ge\u00e7 Barok bir i\u00e7 mekan sunuyor; burada s\u0131ra u\u00e7lar\u0131 orman yarat\u0131klar\u0131n\u0131n oymalar\u0131n\u0131 ta\u015f\u0131yor ve 1848&#039;den kalma mekanik bir s\u00fcrg\u00fcl\u00fc g\u00f6\u011f\u00fcs org hayalet havalarla nefes al\u0131yor. A\u015fa\u011f\u0131da, Langenhennersdorfer \u015eelalesi dokuz metre y\u00fckseklikten Gottleuba&#039;ya d\u00f6k\u00fcl\u00fcyor, k\u00fckremesi orman ya\u015fam\u0131 i\u00e7in bir metronom. Bir patika labirenti kay\u0131n ormanlar\u0131 aras\u0131nda uzan\u0131yor ve korkusuzlar\u0131 s\u0131rtlar\u0131 devriye gezmeye ve g\u00f6ky\u00fcz\u00fcne kar\u015f\u0131 pusulay\u0131 test etmeye te\u015fvik ediyor.<\/p>\n<p>Bad Gottleuba-Berggie\u00dfh\u00fcel&#039;deki k\u00fclt\u00fcr mevsimleri a\u015far. 1953&#039;ten beri, y\u0131ll\u0131k karnaval k\u0131\u015f\u0131n sessizli\u011fine renk ve kakofoni katar. May\u0131s, may\u0131s dire\u011fi dikimlerini ve Paskalya \u015fenlik ate\u015flerini getirir; yaz ortas\u0131 g\u00fcnd\u00f6n\u00fcm\u00fc kutlamalar\u0131 g\u00f6n\u00fcll\u00fc itfaiyecilerin kul\u00fcbelerinin \u015fang\u0131rt\u0131s\u0131yla u\u011fuldar; B\u00e4hr Mill&#039;in de\u011firmen festivali halk gruplar\u0131yla g\u00fcmler. Advent \u0131\u015f\u0131k festivalleri, yerel halk\u0131 sokaklar\u0131 titrek fenerlerle s\u00fcslemeye ikna ederken, Berggie\u00dfh\u00fcel At\u0131c\u0131l\u0131k Derne\u011fi&#039;nin at\u0131\u015f festivalleri t\u00f6rensel bir sayg\u0131 duru\u015funda t\u00fcfekler ve k\u0131nlar yarat\u0131r. Yerel halk her zamanki gibi, d\u00f6k\u00fclen bira ve ince t\u00fcts\u00fclenmi\u015f jambonun etraf\u0131nda toplan\u0131r, sel ve k\u0131tl\u0131k hikayelerini payla\u015f\u0131r.<\/p>\n<p>Berggie\u00dfh\u00fcel&#039;deki sel an\u0131t\u0131, sel sular\u0131n\u0131n k\u00f6pr\u00fcleri y\u0131kt\u0131\u011f\u0131 ve a\u011fa\u00e7lar\u0131 kibrit \u00e7\u00f6p\u00fc gibi devirdi\u011fi 8-9 Temmuz 1927&#039;deki sel felaketini hat\u0131rlat\u0131yor. Badstra\u00dfe&#039;nin yan\u0131ndaki sakin bir granit levha, kaybolanlar\u0131n isimlerini ta\u015f\u0131yor; cilal\u0131 y\u00fcz\u00fc, ge\u00e7en her yolcunun \u00e7izmelerini ve k\u0131r\u0131lgan yaprak sunular\u0131n\u0131 yans\u0131t\u0131yor. \u015eimdi bile, neredeyse bir as\u0131r sonra, kasaba f\u0131rt\u0131nalar\u0131n yakla\u015fmas\u0131nda teredd\u00fct ediyor, \u015fi\u015fmi\u015f Bahra ve Gottleuba&#039;da ta\u015f\u0131nan an\u0131lar\u0131 hat\u0131rl\u0131yor.<\/p>\n<p>Yerel ekonomi spa ve turizme dayanmaktad\u0131r; Bitki Bah\u00e7esi&#039;ndeki sabah sisleri yerini 1993&#039;ten beri iki y\u00fcz yatak ve y\u00fczlerce uzmana ev sahipli\u011fi yapan Median Klini\u011fi&#039;nin rehabilitasyon servislerindeki \u00f6\u011fleden sonra rutinlerine b\u0131rakmaktad\u0131r. Bad Gottleuba Sa\u011fl\u0131k Park\u0131&#039;n\u0131n alt\u0131 klini\u011fi de dahil olmak \u00fczere, belediye 2013&#039;te 1.208 misafir yata\u011f\u0131 sunmu\u015ftur ve bu da o y\u0131l yirmi d\u00f6rt bin var\u0131\u015f ve \u00e7eyrek milyon gecelik konaklama anlam\u0131na gelmektedir. Orta \u00f6l\u00e7ekli \u00fcreticiler bunu tamamlamaktad\u0131r; Eloma GmbH pi\u015firme teknolojisi, B\u2016 Braun Avitum t\u0131bbi aparat ve Bergi-Plast polimerler i\u00e7in; ormanlarla \u00e7evrili Oelsen ve Bielatal tarlalar\u0131nda ise tar\u0131m devam etmektedir.<\/p>\n<p>Ula\u015f\u0131m arterleri ge\u00e7mi\u015fi bug\u00fcne ba\u011fl\u0131yor. A17 otoyolu Prag&#039;a giden kamyonlarla u\u011fulduyor; eyalet yollar\u0131 S 173, S 174 ve S 176, Se\u00e7menlik kuryelerinin y\u00fcr\u00fcd\u00fc\u011f\u00fc rotalar\u0131 takip ediyor. Gottleuba Vadisi Demiryolu&#039;nun kal\u0131nt\u0131lar\u0131, raylar\u0131n 1973&#039;e kadar yolcular\u0131 ve 1976&#039;ya kadar baraj i\u00e7in malzemeleri ta\u015f\u0131d\u0131\u011f\u0131n\u0131 hat\u0131rlatan eski tabelalarla kapl\u0131 y\u00fcr\u00fcy\u00fc\u015f yollar\u0131nda g\u00f6r\u00fcn\u00fcyor. Bug\u00fcn, bisiklet\u00e7iler pasl\u0131 mil ta\u015f\u0131 kal\u0131nt\u0131lar\u0131n\u0131n alt\u0131nda pedal \u00e7eviriyor, tekerlekleri tarih boyunca d\u00f6n\u00fcyor.<\/p>\n<p>Erich M\u00f6rbitz&#039;deki Panorama Height&#039;tan Zwiesel yak\u0131nlar\u0131ndaki Bismarck Kulesi&#039;ne kadar, manzaralar katmanl\u0131 panoramalar gibi a\u00e7\u0131l\u0131yor\u2014orman ye\u015fili ve arduvaz grisi aras\u0131nda sal\u0131nan zirveler ve vadiler. Bir \u00fcnlem esintiye kar\u0131\u015f\u0131yor: &#034;Orman, do\u011fan ve \u00f6len \u015feylerin kokusunu veriyor\u2014\u00e7am i\u011fneleri ve \u00e7\u00fcr\u00fcyen yosunlar,&#034; diye m\u0131r\u0131ldan\u0131yor Zehistaer Duvarlar\u0131 patikas\u0131nda bir yoldan ge\u00e7en, jeolojik haf\u0131zaya kulak vererek.<\/p>\n<p>Her g\u00fcn\u00fcn sonunda, eski posta arabas\u0131 yollar\u0131nda gezinti yolu \u0131\u015f\u0131klar\u0131 titre\u015fiyor ve birle\u015fmi\u015f kapl\u0131ca kasabas\u0131, \u015fehrin par\u0131lt\u0131s\u0131yla kirlenmemi\u015f bir y\u0131ld\u0131z \u00f6rt\u00fcs\u00fcn\u00fcn alt\u0131na katlan\u0131yor. Nehirlerin birle\u015fti\u011fi ve tarihin her toprak lekeli \u00e7it korkulu\u011funda akt\u0131\u011f\u0131 bu yerde, gezgin Bad Gottleuba-Berggie\u00dfh\u00fcel&#039;in bir var\u0131\u015f noktas\u0131 de\u011fil, d\u00fcnya ve insan \u00e7abas\u0131 aras\u0131nda devam eden bir sohbet oldu\u011funu hissedebilir. Bu al\u0131\u015fveri\u015fte, her ad\u0131m vadi taban\u0131na bir k\u0131ta yaz\u0131yor ve bir di\u011ferinin gelmesini bekliyor.<\/p>","protected":false},"excerpt":{"rendered":"<p>Do\u011fu Almanya&#039;n\u0131n Saksonya eyaletinde bulunan kapl\u0131ca kasabas\u0131 Bad Gottleuba-Berggie\u00dfh\u00fcbel, S\u00e4chsische Schweiz-Osterzgebirge b\u00f6lgesindeki birka\u00e7 k\u00f6ye da\u011f\u0131lm\u0131\u015f bir n\u00fcfusa sahiptir. 1 Ocak 1999&#039;da Bad Gottleuba, Berggie\u00dfh\u00fcbel, Langenhennersdorf ve Bahratal&#039;\u0131n birle\u015ftirilmesiyle kurulan bu b\u00fcy\u00fcleyici belediye, Alman kapl\u0131ca k\u00fclt\u00fcr\u00fcn\u00fcn ve end\u00fcstriyel yarat\u0131c\u0131l\u0131\u011f\u0131n zengin mozai\u011fini yans\u0131t\u0131r.<\/p>","protected":false},"author":1,"featured_media":17565,"parent":13736,"menu_order":0,"comment_status":"closed","ping_status":"closed","template":"elementor_theme","meta":{"_eb_attr":"","footnotes":""},"class_list":["post-16632","page","type-page","status-publish","has-post-thumbnail"],"_links":{"self":[{"href":"https:\/\/travelshelper.com\/tr\/wp-json\/wp\/v2\/pages\/16632","targetHints":{"allow":["GET"]}}],"collection":[{"href":"https:\/\/travelshelper.com\/tr\/wp-json\/wp\/v2\/pages"}],"about":[{"href":"https:\/\/travelshelper.com\/tr\/wp-json\/wp\/v2\/types\/page"}],"author":[{"embeddable":true,"href":"https:\/\/travelshelper.com\/tr\/wp-json\/wp\/v2\/users\/1"}],"replies":[{"embeddable":true,"href":"https:\/\/travelshelper.com\/tr\/wp-json\/wp\/v2\/comments?post=16632"}],"version-history":[{"count":0,"href":"https:\/\/travelshelper.com\/tr\/wp-json\/wp\/v2\/pages\/16632\/revisions"}],"up":[{"embeddable":true,"href":"https:\/\/travelshelper.com\/tr\/wp-json\/wp\/v2\/pages\/13736"}],"wp:featuredmedia":[{"embeddable":true,"href":"https:\/\/travelshelper.com\/tr\/wp-json\/wp\/v2\/media\/17565"}],"wp:attachment":[{"href":"https:\/\/travelshelper.com\/tr\/wp-json\/wp\/v2\/media?parent=16632"}],"curies":[{"name":"wp","href":"https:\/\/api.w.org\/{rel}","templated":true}]}}