{"id":16614,"date":"2024-09-23T14:12:53","date_gmt":"2024-09-23T14:12:53","guid":{"rendered":"https:\/\/travelshelper.com\/staging\/?page_id=16614"},"modified":"2026-03-12T00:25:54","modified_gmt":"2026-03-12T00:25:54","slug":"bad-feilnbach","status":"publish","type":"page","link":"https:\/\/travelshelper.com\/tr\/destinations\/europe\/germany\/bad-feilnbach\/","title":{"rendered":"Bad Feilnbach"},"content":{"rendered":"<p>Bad Feilnbach, Bavyera Alpleri&#039;nin Rosenheim Havzas\u0131&#039;na do\u011fru yumu\u015fak ini\u015fine ba\u015flad\u0131\u011f\u0131 yerde yer al\u0131r. Rosenheim Havzas\u0131, Wendelstein Da\u011f\u0131&#039;n\u0131n dik yama\u00e7lar\u0131ndan batakl\u0131klarla \u00f6r\u00fclm\u00fc\u015f \u00e7ay\u0131rlara d\u00f6k\u00fclen 5.800 hektarl\u0131k bir aland\u0131r. 1.838 metreye y\u00fckselen bir tepenin ete\u011finde bulunan bu belediye (Miesbach&#039;\u0131n 17 kilometre do\u011fusunda, Bad Aibling&#039;in 10 kilometre g\u00fcneyinde, Rosenheim&#039;\u0131n 15 kilometre g\u00fcneybat\u0131s\u0131nda ve Kufstein&#039;dan 33 kilometre uzakl\u0131kta) \u00fcvez ve ladinlerin nemli turba aras\u0131nda kar\u0131\u015fmas\u0131n\u0131 te\u015fvik edecek kadar \u0131l\u0131man bir iklim sunar. Ekim 1973&#039;te &#034;Bad&#034; unvan\u0131n\u0131 alan bu yer, y\u00fczy\u0131llard\u0131r var olan turba yataklar\u0131n\u0131n kal\u0131n, koyu renkli bir \u015fifal\u0131 \u00e7amur \u00fcretti\u011fi Almanya&#039;n\u0131n \u00fcnl\u00fc Moorheilb\u00e4der&#039;lerinden biri olmaya devam etmektedir.<\/p>\n<p>Bad Feilnbach&#039;\u0131n d\u00f6n\u00fc\u015f\u00fcm\u00fcn\u00fcn hikayesi, turban\u0131n iyile\u015ftirici erdemlerinin duyulmas\u0131yla 19. y\u00fczy\u0131lda ba\u015flar. Yerel halk, \u015fafak vakti bir tedaviye cesaret ederseniz, turban\u0131n kokusunun yeni kar\u0131\u015ft\u0131r\u0131lm\u0131\u015f topraktan, sabah sisinin alt\u0131nda yava\u015f\u00e7a nefes alan eski batakl\u0131klardan bahsetti\u011fini s\u00f6yleyecektir. Bu &#034;kara alt\u0131n&#034;, romatizmal rahats\u0131zl\u0131klara ve solunum g\u00fc\u00e7s\u00fczl\u00fcklerine kar\u015f\u0131 etkili oldu\u011funu kan\u0131tlad\u0131 ve giri\u015fimci sa\u011fl\u0131k uygulay\u0131c\u0131lar\u0131n\u0131n yama\u00e7lar boyunca ve a\u015fa\u011f\u0131daki vadide spa ve rehabilitasyon tesisleri kurmas\u0131na yol a\u00e7t\u0131. Zamanla k\u00f6y, bir sa\u011fl\u0131k tesisi \u00fcn\u00fcne kavu\u015ftu, ah\u015fap \u015faleleri ve al\u00e7ak pavyonlar\u0131, \u015f\u00f6minenin yan\u0131na yerle\u015fen misafirler gibi k\u00f6knar a\u011fa\u00e7lar\u0131n\u0131n aras\u0131na do\u011fru uzan\u0131yordu.<\/p>\n<p>&#034;Bad&#034; isminin \u00f6n\u00fcne gelmeden \u00f6nce bile, belediyenin k\u00f6kleri y\u00fczy\u0131llar \u00f6ncesine uzan\u0131yordu. \u0130lk olarak 980&#039;de &#034;Fulinpah&#034; olarak kaydedilen bu isim, yosun kapl\u0131 ta\u015flar\u0131n alt\u0131ndan hala akan durgun dereden t\u00fcretilmi\u015ftir ve yerle\u015fim muhtemelen Roma zamanlar\u0131na dayanmaktad\u0131r. Derenin kenar\u0131nda durup lejyonerlerin su i\u00e7in durdu\u011funu, sandaletlerinin koyu kil k\u0131y\u0131lar\u0131n\u0131 s\u00fcrtt\u00fc\u011f\u00fcn\u00fc hayal edebilirsiniz. 1818&#039;de, Bavyera&#039;n\u0131n idari reformlar\u0131, Alplerin y\u00fcksekli\u011fi ile havzan\u0131n geni\u015fli\u011fi aras\u0131nda konumlanm\u0131\u015f yeni bir topluluk olan Feilnbach&#039;a ba\u011f\u0131ms\u0131zl\u0131k verdi.<\/p>\n<p>Demiryolu 1897&#039;de geldi ve Bad Aibling&#039;den Feilnbach&#039;a dar bir ray hatt\u0131 d\u00f6\u015fedi. Yakla\u015f\u0131k sekiz on y\u0131l boyunca, buharl\u0131 motorlar g\u00f6lgeli ormanl\u0131k alanlardan ve k\u00f6pr\u00fc ayaklar\u0131ndan ge\u00e7erek 1973&#039;te hizmet sona erene kadar ilerledi; ancak bu, kapl\u0131ca kasabas\u0131n\u0131 daha geni\u015f bir sa\u011fl\u0131k arayanlar d\u00fcnyas\u0131na ba\u011flamadan \u00f6nce de\u011fildi. \u015eimdi &#034;Alter Bahnhof&#034; adl\u0131 bir macera oyun alan\u0131na d\u00f6n\u00fc\u015ft\u00fcr\u00fclen eski istasyon binas\u0131, buhar\u0131n t\u0131slamas\u0131na ve metal bir \u00e7er\u00e7evenin s\u0131n\u0131rlar\u0131n\u0131 test eden \u00e7ocuklar\u0131n kahkahalar\u0131na sessiz bir tan\u0131k olarak duruyor.<\/p>\n<p>Y\u00fczy\u0131l\u0131n ortas\u0131ndaki \u00e7alkant\u0131lar belediyenin kendisini yeniden \u015fekillendirdi. 1 Ocak 1966&#039;da, Feilnbach ve Wiechs&#039;in kom\u015fu k\u00f6yleri birle\u015ferek Feilnbach-Wiechs&#039;i olu\u015fturdular, ancak Aral\u0131k 1971&#039;de daha basit olan Feilnbach&#039;a geri d\u00f6nd\u00fcler. Birka\u00e7 hafta i\u00e7inde, Au bei Bad Aibling ve Dettendorf ilhak edildi - Dettendorf spa-tatil yeri tan\u0131m\u0131ndan hari\u00e7 tutuldu - Litzldorf 1 May\u0131s 1978&#039;de kat\u0131lmadan \u00f6nce. Temmuz 1972&#039;de, topluluk Bad Aibling b\u00f6lgesinden Rosenheim b\u00f6lgesine kayarak kaderini daha geni\u015f idari b\u00f6lgeyle daha s\u0131k\u0131 bir \u015fekilde i\u00e7 i\u00e7e ge\u00e7irdi.<\/p>\n<p>Bad Feilnbach \u00e7evresi a\u011fa\u00e7 ve su ile \u015fekillenmi\u015ftir. Jenbachtal&#039;\u0131n yukar\u0131 kesiminde, &#034;Jenbachwasser&#034; adl\u0131 bir patika, kaya yar\u0131klar\u0131ndan t\u0131slayarak akan \u015felaleleri takip ederek ziyaret\u00e7ileri su s\u0131\u00e7ratarak kaygan dar \u00e7\u0131k\u0131nt\u0131larda y\u00fcr\u00fcmeye davet eder. Daha a\u015fa\u011f\u0131da, Jenbachparadies, \u00e7ocuklar\u0131n s\u0131\u011f havuzlarda k\u00fcrek \u00e7ekti\u011fi ve ebeveynlerin y\u00fczy\u0131llard\u0131r akan ak\u0131nt\u0131larla cilalanm\u0131\u015f p\u00fcr\u00fczs\u00fcz ta\u015flar\u0131n \u00fczerinde uzand\u0131\u011f\u0131 bir su oyun alan\u0131 olarak ortaya \u00e7\u0131kar. G\u00fclme sesleri, k\u0131z\u0131la\u011fa\u00e7 ve s\u00f6\u011f\u00fct a\u011fa\u00e7lar\u0131n\u0131n aras\u0131nda yank\u0131lanarak ku\u015f c\u0131v\u0131lt\u0131lar\u0131 gibi y\u00fckselir.<\/p>\n<p>Bu ormanl\u0131k kucakla\u015fmaya Moorerlebnis istasyonu &#034;Sterntaler ke\u00e7e&#034; turba arazisinin gizli d\u00fcnyas\u0131n\u0131 tan\u0131t\u0131r. Burada, tahta kald\u0131r\u0131mlar \u0131slak toprak \u00fczerinde kavis \u00e7izer ve k\u00fc\u00e7\u00fck bar\u0131naklar batakl\u0131k faunas\u0131na dair ipu\u00e7lar\u0131 sunar; siyah \u00e7amurda k\u0131zaran k\u0131z\u0131lc\u0131klar, canl\u0131 m\u00fccevherler gibi f\u0131rlayan yusuf\u00e7uklar. &#034;Tanr\u0131&#039;n\u0131n \u0130zleri \u00dczerine&#034; adl\u0131 dolamba\u00e7l\u0131 bir tema yolu, do\u011fal harikan\u0131n \u00fczerine ruhsal d\u00fc\u015f\u00fcnceyi katmanlar halinde yerle\u015ftirir ve ziyaret\u00e7ileri sanki araziden b\u00fcy\u00fcm\u00fc\u015f gibi ortaya \u00e7\u0131kan \u015fapellerin ve heykellerin yan\u0131ndan ge\u00e7irir. Tema yollar\u0131n\u0131n t\u00fcm a\u011f\u0131 varl\u0131\u011f\u0131n\u0131 AB&#039;nin LEADER program\u0131na bor\u00e7ludur ve tar\u0131msal yard\u0131m\u0131 sessizce k\u00fclt\u00fcrel zenginli\u011fe y\u00f6nlendirir.<\/p>\n<p>Bad Feilnbach \u00e7ekicili\u011fini \u015fifal\u0131 toprak ve akan suyla s\u0131n\u0131rlam\u0131yor. Litzldorf&#039;ta eski bir \u00e7imento fabrikas\u0131n\u0131n end\u00fcstriyel harabesi, farkl\u0131 bir t\u00fcr end\u00fcstrinin an\u0131t\u0131 olarak duruyor: kiri\u015fler ve pas\u0131n sessiz bir katedrali. Yosunlar \u00e7elik kiri\u015flerin \u00fczerine ressamvari f\u0131r\u00e7a darbeleri gibi yay\u0131l\u0131rken, g\u00fcne\u015f \u0131\u015f\u0131\u011f\u0131 k\u0131r\u0131k pencerelerden i\u00e7eri s\u0131z\u0131yor ve sessizce \u0131slanm\u0131\u015f beton zeminlere kafes g\u00f6lgeleri d\u00fc\u015f\u00fcr\u00fcyor. Bu alan, \u00e7\u00fcr\u00fcmenin bile sayg\u0131 uyand\u0131rabilece\u011fini ima ediyor.<\/p>\n<p>Aktif e\u011flence arayanlar i\u00e7in, Wendelstein&#039;\u0131n g\u00f6lgesinde uzanan uzak at yollar\u0131, Yukar\u0131 Bavyera b\u00f6lgesini Tirol&#039;e ba\u011flar. Ad\u0131n\u0131 Kelt r\u00fczgarlar\u0131ndan alan atl\u0131 biniciler, \u00e7imenli mahmuzlar boyunca ilerler, nefesleri daha so\u011fuk aylarda g\u00f6r\u00fcn\u00fcr, toynak sesleri toz ve \u00e7am i\u011fnelerinden olu\u015fan girdap desenleri yarat\u0131r. Havada \u00f6zsu ve erken kar tad\u0131 vard\u0131r; y\u00fczy\u0131llard\u0131r bu yollar\u0131 payla\u015fan hac\u0131 ve ormanc\u0131lar\u0131 hayal edebilirsiniz.<\/p>\n<p>Modern bir spa kasabas\u0131 olarak Bad Feilnbach, \u015fifa uygulamalar\u0131nda \u00e7e\u015fitlili\u011fi benimsemi\u015ftir. Geleneksel turba terapisinin \u00f6tesinde, alternatif uygulay\u0131c\u0131lar Geleneksel \u00c7in T\u0131bb\u0131&#039;na dayanan akupunktur, de\u011ferli ta\u015flar gibi dizilmi\u015f homeopatik \u015fi\u015feler, bitkisel ila\u00e7lar\u0131n tent\u00fcrleri, zerde\u00e7al kokulu Ayurveda masajlar\u0131 ve diyet ve ya\u015fam tarz\u0131n\u0131 inceleyen nat\u00fcropatik dan\u0131\u015fmanl\u0131klar sunmaktad\u0131r. Haus des Gastes&#039;in yan\u0131ndaki g\u00f6rkemli bir pavyon, yayl\u0131 \u00e7alg\u0131lar d\u00f6rtl\u00fcs\u00fcn\u00fcn hu\u015f a\u011fac\u0131 s\u00fctunlar\u0131 aras\u0131nda \u00e7ald\u0131\u011f\u0131, m\u00fcziklerinin su alt\u0131ndaki ta\u015flarla \u0131s\u0131t\u0131lan k\u00fc\u00e7\u00fck bir do\u011fal havuzda s\u00fcr\u00fcklendi\u011fi &#034;spa konserlerine&#034; ev sahipli\u011fi yapmaktad\u0131r.<\/p>\n<p>Belediyenin sa\u011fl\u0131k altyap\u0131s\u0131, hepsi Badetorf tedavilerinde uzmanla\u015fm\u0131\u015f Clinic + more Reithofpark, Clinic + more Blumenhof ve ayakta tedavi terapi merkezini kapsamaktad\u0131r. Bak\u0131mevi St. Martin ve hem\u015firelik, terapi ve sa\u011fl\u0131k merkezi St. Luke ile tamamlanan Bad Feilnbach, hem k\u0131sa s\u00fcreli iyile\u015fme hem de uzun s\u00fcreli bak\u0131m sa\u011flamaktad\u0131r. Sakinler, Ek\u00fcmenik Nachbarschaftshilfe eV ve bir Alman dini rehabilitasyon merkezinden yararlanarak, fiziksel iyile\u015fmenin yan\u0131 s\u0131ra ruhsal ve sosyal ihtiya\u00e7lar\u0131n da dikkate al\u0131nmas\u0131n\u0131 sa\u011flar.<\/p>\n<p>Aileler e\u011fitim kurumlar\u0131nda imk\u00e2nlar buluyor: Bad Feilnbach&#039;taki ilkokul ve ortaokul, Au&#039;daki ilkokul, d\u00f6rt belediye anaokulu ve iki Katolik anaokulu. K\u00f6y merkezindeki \u0131s\u0131tmal\u0131 y\u00fczme havuzunun ve Au&#039;daki ayr\u0131 bir banyo alan\u0131n\u0131n etraf\u0131nda kamusal ya\u015fam u\u011fulduyor. Burgaltendorf Waldeck ve Alter Bahnhof&#039;taki macera oyun alanlar\u0131 \u00e7ocukluk co\u015fkusunu davet ederken, dini ve toplumsal bir k\u00fct\u00fcphane \u00e7al\u0131\u015fma ve d\u00fc\u015f\u00fcnme i\u00e7in sessiz bir s\u0131\u011f\u0131nak sa\u011fl\u0131yor.<\/p>\n<p>Turizm altyap\u0131s\u0131, konforu vah\u015fi do\u011fan\u0131n \u00e7a\u011fr\u0131s\u0131yla dengeler. 1968&#039;den beri, d\u00f6rt y\u0131ld\u0131zl\u0131 Kaiser Camping Outdoor Resort, 800&#039;e kadar misafiri branda alt\u0131nda veya sabit karavanlarda a\u011f\u0131rlam\u0131\u015ft\u0131r. Sabah\u0131n serin havas\u0131nda, \u00e7ad\u0131rlar yar\u0131 konu\u015fulan hikayeler gibi k\u00f6knarlara yaslan\u0131r ve ilk \u0131\u015f\u0131k yar\u0131 saydam duvarlardan i\u00e7eri s\u00fcz\u00fcl\u00fcr. Alacakaranl\u0131kta, fenerler esintide sallan\u0131r, turba ile \u0131s\u0131t\u0131lm\u0131\u015f sepetlere ve f\u0131r\u0131nlara yakla\u015fan gezginlerin hikayelerini m\u0131r\u0131ldan\u0131r.<\/p>\n<p>Ba\u011flant\u0131, Bad Feilnbach&#039;\u0131n M\u00fcnih Ula\u015f\u0131m ve Tarife Birli\u011fi&#039;ne kat\u0131lmas\u0131yla 2024&#039;te yeniden geldi. 343 ve 348 numaral\u0131 otob\u00fcs hatlar\u0131 Bad Aibling, Raubling ve Rosenheim&#039;a g\u00fcnl\u00fck ba\u011flant\u0131lar kurarken, May\u0131s&#039;tan Kas\u0131m&#039;a kadar \u00e7al\u0131\u015fan mevsimlik Wendelstein ring hatt\u0131 349, Bayrischzell, Fischbachau, Brannenburg, Flintsbach ve Oberaudorf&#039;tan ge\u00e7er. Bir \u00f6\u011fleden sonra i\u00e7inde kentsel yay\u0131lmadan alpin yaln\u0131zl\u0131\u011f\u0131na bir yolculuk izlenebilir, her mil karanl\u0131k k\u00f6knar yama\u00e7lar\u0131n\u0131n veya g\u00fcne\u015fli otlaklar\u0131n yeni bir manzaras\u0131n\u0131 sunar.<\/p>\n<p>Tarihin ve do\u011fan\u0131n bu katmanlar\u0131 boyunca Bad Feilnbach sessizce kararl\u0131l\u0131\u011f\u0131n\u0131 koruyor; jeoloji taraf\u0131ndan \u015fekillendirildi\u011fi kadar reform kararnameleriyle de \u015fekillendirilmi\u015f bir yerle\u015fim. Belediye binalar\u0131ndaki tarih ta\u015flar\u0131 1818 ve 1973&#039;\u00fc hat\u0131rlat\u0131yor, ancak Fulinpah gibi isimlerde ve insan hareketlerinde daha derin izler yat\u0131yor: batakl\u0131\u011f\u0131 ormana ba\u011flayan tahta kald\u0131r\u0131m, termal havuzun yan\u0131nda y\u00fckselen pavyon, alacakaranl\u0131kta rahatlama vaadiyle parlayan klinik pencereleri. Turba ilac\u0131n\u0131 yava\u015f\u00e7a veriyor, alacakaranl\u0131k kadar serin ve yo\u011fun ve ziyaret\u00e7i onun kucaklamas\u0131nda sabr\u0131 \u00f6\u011freniyor.<\/p>\n<p>Zirvelerin g\u00f6ky\u00fcz\u00fcn\u00fc deldi\u011fi ve batakl\u0131klar\u0131n topra\u011f\u0131 be\u015fi\u011fi gibi sard\u0131\u011f\u0131 bir b\u00f6lgede, Bad Feilnbach e\u015fiksel bir alan\u0131 i\u015fgal eder. Kilisenin \u00e7an kulesi sabah sisini deler; orman \u015fafa\u011fa re\u00e7ine salar; turba banyolar\u0131 yorgun uzuvlar\u0131 sessizli\u011fe yat\u0131r\u0131r. Burada, mevsimlerin ritmi \u00f6nemlidir\u2014bahar selleri batakl\u0131\u011f\u0131 yeniler, yaz sisleri ta\u015f\u0131 yumu\u015fat\u0131r, sonbahar \u00f6\u011fleden sonralar\u0131 kara\u00e7am\u0131 yald\u0131zlar, k\u0131\u015f g\u00fcne\u015fi buz teraslar\u0131n\u0131 t\u0131rmalar. Bad Feilnbach&#039;ta zaman ge\u00e7irmek, topra\u011f\u0131n ve insanlar\u0131n istikrarl\u0131 \u00e7al\u0131\u015fmas\u0131na, ta\u015fa oyulmu\u015f tarihe ve turbadan elde edilen \u015fifaya tan\u0131k olmakt\u0131r. Wendelstein&#039;\u0131n dikkatli bak\u0131\u015flar\u0131 alt\u0131nda, kasaba dayan\u0131r, gezginleri g\u00fcr\u00fclt\u00fc veya g\u00f6steri vaadiyle de\u011fil, dengedeki toprak ve suyun derin dinginli\u011fiyle \u00e7a\u011f\u0131r\u0131r.<\/p>","protected":false},"excerpt":{"rendered":"<p>Almanya&#039;n\u0131n Rosenheim kentindeki Yukar\u0131 Bavyera b\u00f6lgesinde yer alan pitoresk bir belediye olan Bad Feilnbach, yakla\u015f\u0131k 7.500 n\u00fcfusa ev sahipli\u011fi yapmaktad\u0131r. G\u00f6rkemli Wendelstein Da\u011f\u0131&#039;n\u0131n eteklerinde yer alan bu b\u00fcy\u00fcleyici kasaba, ziyaret\u00e7ilerine do\u011fal g\u00fczellik ve terap\u00f6tik tedavilerin e\u015fsiz bir kar\u0131\u015f\u0131m\u0131n\u0131 sunarak birinci s\u0131n\u0131f bir sa\u011fl\u0131k ve zindelik merkezi olarak \u00fcn kazanm\u0131\u015ft\u0131r.<\/p>","protected":false},"author":1,"featured_media":17525,"parent":13736,"menu_order":0,"comment_status":"closed","ping_status":"closed","template":"elementor_theme","meta":{"_eb_attr":"","footnotes":""},"class_list":["post-16614","page","type-page","status-publish","has-post-thumbnail"],"_links":{"self":[{"href":"https:\/\/travelshelper.com\/tr\/wp-json\/wp\/v2\/pages\/16614","targetHints":{"allow":["GET"]}}],"collection":[{"href":"https:\/\/travelshelper.com\/tr\/wp-json\/wp\/v2\/pages"}],"about":[{"href":"https:\/\/travelshelper.com\/tr\/wp-json\/wp\/v2\/types\/page"}],"author":[{"embeddable":true,"href":"https:\/\/travelshelper.com\/tr\/wp-json\/wp\/v2\/users\/1"}],"replies":[{"embeddable":true,"href":"https:\/\/travelshelper.com\/tr\/wp-json\/wp\/v2\/comments?post=16614"}],"version-history":[{"count":0,"href":"https:\/\/travelshelper.com\/tr\/wp-json\/wp\/v2\/pages\/16614\/revisions"}],"up":[{"embeddable":true,"href":"https:\/\/travelshelper.com\/tr\/wp-json\/wp\/v2\/pages\/13736"}],"wp:featuredmedia":[{"embeddable":true,"href":"https:\/\/travelshelper.com\/tr\/wp-json\/wp\/v2\/media\/17525"}],"wp:attachment":[{"href":"https:\/\/travelshelper.com\/tr\/wp-json\/wp\/v2\/media?parent=16614"}],"curies":[{"name":"wp","href":"https:\/\/api.w.org\/{rel}","templated":true}]}}