{"id":16596,"date":"2024-09-23T13:46:40","date_gmt":"2024-09-23T13:46:40","guid":{"rendered":"https:\/\/travelshelper.com\/staging\/?page_id=16596"},"modified":"2026-03-12T00:18:35","modified_gmt":"2026-03-12T00:18:35","slug":"bad-ems","status":"publish","type":"page","link":"https:\/\/travelshelper.com\/tr\/destinations\/europe\/germany\/bad-ems\/","title":{"rendered":"Bad Ems"},"content":{"rendered":"<p>Almanya&#039;n\u0131n bat\u0131s\u0131ndaki Rheinland-Pfalz eyaletinde bulunan Bad Ems, 15,41 kilometrekarelik bir alana yay\u0131lm\u0131\u015f yakla\u015f\u0131k on bin n\u00fcfusa ev sahipli\u011fi yapmaktad\u0131r. Ren Arduvaz Da\u011flar\u0131&#039;n\u0131n Taunus ve Westerwald b\u00f6lgeleri aras\u0131nda do\u011fal bir s\u0131n\u0131r g\u00f6revi g\u00f6ren Lahn Nehri&#039;nin her iki yakas\u0131na yay\u0131lan kasaba, deniz seviyesinden 80 metre y\u00fckseklikte yer almaktad\u0131r. Rhein-Lahn b\u00f6lgesinin idari merkezi ve Bad Ems-Nassau belediye birli\u011finin bir bile\u015feni olarak, tarihi rol\u00fcn\u00fc sa\u011fl\u0131k, k\u00fclt\u00fcr ve s\u00fcrd\u00fcr\u00fclebilir kalk\u0131nmaya y\u00f6nelik modern bir ba\u011fl\u0131l\u0131kla dengelemektedir. UNESCO, 2021&#039;de Bad Ems&#039;i, kal\u0131c\u0131 mineral kaynaklar\u0131 a\u011f\u0131n\u0131 ve dikkat \u00e7ekici 18. ila 20. y\u00fczy\u0131l mimarisini takdir ederek &#034;Avrupa&#039;n\u0131n B\u00fcy\u00fck Kapl\u0131ca Kentleri&#034; aras\u0131na kaydetti. Bu ayr\u0131m hem k\u00fclt\u00fcrel \u00f6nemini teyit ediyor hem de gelecek nesiller i\u00e7in kasaban\u0131n canl\u0131l\u0131\u011f\u0131n\u0131 garanti alt\u0131na alarak ziyaret\u00e7ileri ve yat\u0131r\u0131m\u0131 \u00e7ekme h\u0131rslar\u0131n\u0131 destekliyor.<\/p>\n<p>Bad Ems&#039;in \u00fcnl\u00fc kaynaklar\u0131n\u0131n jeolojik k\u00f6kenleri, kasaban\u0131n alt\u0131ndaki Ren Alt Devoniyen olu\u015fumlar\u0131nda yatmaktad\u0131r. Burada, yeralt\u0131 suyu antik kaya katmanlar\u0131ndan s\u0131zarak, sodyum bikarbonat a\u00e7\u0131s\u0131ndan zengin on be\u015f ayr\u0131 kaynak olarak ortaya \u00e7\u0131kar ve s\u0131cakl\u0131klar\u0131 \u0131l\u0131ml\u0131 27 \u00b0C&#039;den \u015fa\u015f\u0131rt\u0131c\u0131 57 \u00b0C&#039;ye kadar de\u011fi\u015fir. Robert-Kampe kayna\u011f\u0131n\u0131n artezyen g\u00fcc\u00fc, daha s\u0131cak aylarda suyu havaya sekiz metre kadar f\u0131rlatabilir. Yerel i\u015fletmeler, Emser tuzu ve Emser Kr\u00e4nchen gibi \u015fi\u015felenmi\u015f \u00e7e\u015fitleri \u00fcretmek i\u00e7in bu sular\u0131 toplarken, Emser Pastillen olarak bilinen pastiller bir bu\u00e7uk as\u0131rdan uzun s\u00fcredir \u00fcretilmektedir. Hem i\u00e7me hem de solunum i\u00e7in pazarlanan bu \u00fcr\u00fcnler, geleneksel ila\u00e7lar\u0131n ticari zekayla dikkatlice harmanlanmas\u0131n\u0131 yans\u0131t\u0131r ve kasaban\u0131n ziyaret\u00e7i ekonomisini tamamlayan ve itibar\u0131n\u0131 Lahn vadisinin \u00e7ok \u00f6tesine ta\u015f\u0131yan gelir ak\u0131\u015flar\u0131 sa\u011flar.<\/p>\n<p>Bad Ems&#039;in tarihi dokusu iki bin y\u0131l\u0131 a\u015fk\u0131n bir s\u00fcre boyunca ortaya \u00e7\u0131kar. En erken belgelenmi\u015f evresi, \u00e7evredeki ormanl\u0131k alanlar aras\u0131nda soluk toprak i\u015fleri kalm\u0131\u015f olan Yukar\u0131 Germen Limes boyunca bir Roma castrum&#039;u olarak ortaya \u00e7\u0131km\u0131\u015ft\u0131r. MS 880&#039;de yerle\u015fim kay\u0131tlarda belirir; \u00fc\u00e7 bu\u00e7uk y\u00fczy\u0131l sonra, 1324&#039;te, \u015fehir haklar\u0131n\u0131 ald\u0131. Orta\u00e7a\u011f&#039;da &#034;vah\u015fi banyolar&#034;a yap\u0131lan at\u0131flar, giderek daha k\u00fclt\u00fcrl\u00fc bir spa k\u00fclt\u00fcr\u00fcne yol a\u00e7t\u0131. On alt\u0131nc\u0131 y\u00fczy\u0131lda, yaz\u0131l\u0131 kay\u0131tlarda termal sular\u0131n i\u00e7ilmesinin faydalar\u0131 belirtildi ve Nassau ve Katzenelnbogen Kontlar\u0131 hamamlara ve resepsiyon pavyonlar\u0131na yat\u0131r\u0131m yapt\u0131. Soylu patronlar geldik\u00e7e, kasaban\u0131n itibar\u0131 b\u00fcy\u00fcd\u00fc ve d\u00f6n\u00fc\u015ft\u00fcr\u00fcc\u00fc on sekizinci ve on dokuzuncu y\u00fczy\u0131llara zemin haz\u0131rlad\u0131.<\/p>\n<p>1700&#039;lerin ba\u015flar\u0131nda Bad Ems, b\u00fcy\u00fcyen bir m\u00fc\u015fteri kitlesine hizmet etmek i\u00e7in yeni pompa odalar\u0131n\u0131n ve oyun salonlar\u0131n\u0131n in\u015fas\u0131na tan\u0131k oldu. 19. y\u00fczy\u0131l\u0131n ortalar\u0131na gelindi\u011finde, Kaiser Wilhelm I, \u00c7ar II. Aleksandr, romanc\u0131 Fyodor Dostoyevski ve besteci Richard Wagner gibi uluslararas\u0131 bir eliti a\u011f\u0131rlayarak &#034;Avrupa&#039;n\u0131n yaz ba\u015fkenti&#034; lakab\u0131n\u0131 kazanm\u0131\u015ft\u0131. Bu ziyaret\u00e7iler, Ren ve Lahn&#039;dan vapurla veya eri\u015fimi aristokrat \u00e7evrelerin \u00e7ok \u00f6tesine ta\u015f\u0131yan geni\u015fleyen demir yolu a\u011f\u0131yla geliyorlard\u0131. Mermer kapl\u0131 salonlarda i\u00e7ki k\u00fcrleri, bak\u0131ml\u0131 parklarda keyifli gezintiler, hanedan evlerine kat\u0131lan irtibat g\u00f6revlileri ve ticareti ve siyaseti etkileyen gayr\u0131 resmi m\u00fczakereler gibi canl\u0131 sosyal rit\u00fcellere kat\u0131l\u0131yorlard\u0131. 1870 y\u0131l\u0131, \u00f6zl\u00fc diplomatik ifadeleriyle Fransa-Prusya Sava\u015f\u0131&#039;n\u0131 tetiklemeye yard\u0131mc\u0131 olan Ems Dispatch&#039;i getirdi ve 1876&#039;da \u00c7ar II. Aleksandr burada Ukraynaca kullan\u0131m\u0131n\u0131 k\u0131s\u0131tlayan Ems Ferman\u0131n\u0131 imzalad\u0131. Bu t\u00fcr olaylar Bad Ems&#039;in hem dinlenme mekan\u0131 hem de uluslararas\u0131 ili\u015fkiler sahnesi olma niteli\u011fini ta\u015f\u0131d\u0131\u011f\u0131n\u0131 kan\u0131tl\u0131yor.<\/p>\n<p>Kasaban\u0131n mimari toplulu\u011fu, bu katmanl\u0131 tarihleri \u200b\u200bta\u015f ve s\u00fcslemelerle koruyor. Nehir k\u0131y\u0131s\u0131nda, 1696 ile 1715 y\u0131llar\u0131 aras\u0131nda in\u015fa edilen Kurhaus, 20. y\u00fczy\u0131l\u0131n ba\u015flar\u0131ndan kalma kumarhane kanad\u0131 ve 1830&#039;lardan kalma Mermer Salon ile duruyor. Yak\u0131nlarda, H\u00e4cker&#039;s Grand Hotel, orta\u00e7a\u011f hamam\u0131 temelleri \u00fczerine in\u015fa edilmi\u015f 1912 ihti\u015fam\u0131n\u0131n \u00e7o\u011funu korurken, 1696&#039;da in\u015fa edilen d\u00f6rt kuleli Haus Vier T\u00fcrme daha sonra ziyaret eden kraliyet ailesine ev sahipli\u011fi yapt\u0131. Lahn&#039;\u0131n kar\u015f\u0131s\u0131nda, yald\u0131zl\u0131 bir so\u011fan kubbe, 1876&#039;da \u00c7arl\u0131k himayesinde tamamlanan Rus Ortodoks Kilisesi&#039;ni i\u015faret ediyor ve orta\u00e7a\u011f kalesi \u00f6rnek al\u0131narak modellenen s\u00f6zde Schloss Balmoral, bir Rus soylusu i\u00e7in 1860&#039;lardaki k\u00f6kenlerine geri d\u00f6n\u00fcyor. Barok hamam \u015fatosu, \u0130mparator Kaiser Wilhelm An\u0131t\u0131 ve neo-Gotik St. Martin Kilisesi, ayn\u0131 anda hem g\u00f6rkemli hem de samimi olan tutarl\u0131 bir sokak manzaras\u0131na katk\u0131da bulunur. Beatles M\u00fczesi ve Kafe gibi daha yak\u0131n zamandaki eklemeler, k\u00fclt\u00fcrel program\u0131 yaln\u0131zca spa tarihinin \u00f6tesine geni\u015fletme iste\u011fini i\u015faret eder.<\/p>\n<p>Miras binalar ge\u00e7mi\u015fin ihti\u015fam\u0131n\u0131 yans\u0131t\u0131rken, \u00e7a\u011fda\u015f sa\u011fl\u0131k tesisleri kasaban\u0131n evrimini g\u00f6stermektedir. Nehrin k\u0131y\u0131s\u0131nda bulunan Emser Therme, Robert-Kampe kayna\u011f\u0131ndan do\u011frudan beslenen havuzlarla panoramik manzaralar\u0131 bir araya getirir. Tarihi Kurhaus&#039;un i\u00e7inde, zengin dekoratif i\u00e7 mekanlarla \u00e7er\u00e7evelenmi\u015f birka\u00e7 kaynak hala i\u00e7me k\u00fcrleri i\u00e7in akmaktad\u0131r. T\u0131bbi yeterlilik, akut bak\u0131m hastanesi ve \u00f6zel bir holistik t\u0131p uygulamas\u0131n\u0131n yan\u0131 s\u0131ra d\u00f6rt rehabilitasyon klini\u011fine kadar uzanmaktad\u0131r: Hufeland Klini\u011fi, Lahntal Klini\u011fi, VAMED Rehabilitasyon Klini\u011fi ve Malberg Hastanesi. Maharishi Ayurveda Sa\u011fl\u0131k Merkezi, 1992&#039;den beri spa b\u00f6lgesinde geleneksel tedaviler sunarak Avrupa&#039;n\u0131n en b\u00fcy\u00fck \u00f6zel Ayurveda klini\u011fi oldu\u011funu iddia etmektedir. Her y\u0131l, Bad Emser Sa\u011fl\u0131k G\u00fcnleri, Kursaal&#039;da uzmanlar\u0131 ve merakl\u0131lar\u0131 bir araya getirerek kasaban\u0131n sa\u011fl\u0131k e\u011fitimindeki devam eden \u00f6nemini vurgulamaktad\u0131r.<\/p>\n<p>Bad Ems, sa\u011fl\u0131kl\u0131 ya\u015fam sekt\u00f6r\u00fcn\u00fcn \u00f6tesinde, \u00e7e\u015fitlendirilmi\u015f bir yerel ekonomiyi s\u00fcrd\u00fcr\u00fcyor. UNESCO stat\u00fcs\u00fc, miras mimarisi ve do\u011fa rezervi \u00e7evresi taraf\u0131ndan y\u00f6nlendirilen turizm, en \u00f6nemli unsur olmaya devam ediyor. Ortopedik rehabilitasyondan pn\u00f6molojiye, alerjiye, uyku t\u0131bb\u0131na ve naturopatiye kadar t\u0131bbi hizmetler, genellikle tedaviyi e\u011flence ama\u00e7l\u0131 konaklamalarla birle\u015ftiren hastalar\u0131 cezbediyor. M\u00fctevaz\u0131 bir elektrik m\u00fchendisli\u011fi sekt\u00f6r\u00fc, spa ile ilgili ekipman sa\u011flarken, mineral suyun \u00e7\u0131kar\u0131lmas\u0131 ve i\u015flenmesi tuz, \u015fi\u015felenmi\u015f su ve pastil \u00fcretimini besliyor. Kaynak i\u015fletmesini ve lisanslamay\u0131 denetleyen belediye \u015firketi Staatsbad Bad Ems GmbH, bu \u00fcr\u00fcnler i\u00e7in g\u00fcvenilir ham maddeler sa\u011fl\u0131yor ve uluslararas\u0131 pazarlara ula\u015fan bir ticari kolu finanse ediyor. Bu dengeli model, kasaban\u0131n talihini hem misafirperverli\u011fe hem de end\u00fcstriyel da\u011f\u0131t\u0131ma ba\u011flayarak ziyaret\u00e7i say\u0131lar\u0131ndaki mevsimsel d\u00fc\u015f\u00fc\u015fleri hafifletiyor.<\/p>\n<p>Ba\u011flant\u0131, bu \u00e7ok y\u00f6nl\u00fc ekonominin temelini olu\u015fturur. Bad Ems istasyonundaki Bahnhofsgeb\u00e4ude, Lahntal demir yoluna hizmet eder ve ekspres ve b\u00f6lgesel hizmetlerle Koblenz Stadtmitte&#039;ye yar\u0131m saatten k\u0131sa s\u00fcrede, Frankfurt&#039;un ana istasyonuna bir bu\u00e7uk saatten biraz fazla s\u00fcrede, K\u00f6ln Hauptbahnhof&#039;a iki saatten k\u0131sa s\u00fcrede ve ara s\u0131ra Berlin&#039;e alt\u0131 saatten k\u0131sa s\u00fcrede direkt trenler ba\u011flar. Bad Ems West&#039;teki ikincil bir durak, yerel rahatl\u0131\u011f\u0131 art\u0131r\u0131r. \u015eehrin \u00fczerindeki u\u00e7urumlara t\u0131rmanmak i\u00e7in, d\u00fcnyan\u0131n en dik f\u00fcnik\u00fclerinden biri olan Kurwaldbahn f\u00fcnik\u00fcleri, kabin ba\u015f\u0131na 20 yolcuyu iki dakikadan k\u0131sa s\u00fcrede 132 metre y\u00fckse\u011fe ta\u015f\u0131yarak geni\u015f bir panorama sunar. Sabah\u0131n erken saatlerinden ak\u015fam\u0131n ge\u00e7 saatlerine kadar yedi dakikal\u0131k aral\u0131klarla \u00e7al\u0131\u015fan bu f\u00fcnik\u00fcler, Bismarckturm bak\u0131\u015f a\u00e7\u0131s\u0131na ve sa\u011fl\u0131k tesisi yollar\u0131na ba\u011flanarak hem pratik eri\u015fim hem de kendi ba\u015f\u0131na bir cazibe merkezi sa\u011flar.<\/p>\n<p>Son y\u0131llarda Bad Ems&#039;in gelece\u011fini g\u00fcvence alt\u0131na almak i\u00e7in hedefli yat\u0131r\u0131mlar yap\u0131ld\u0131. Josef Poetter taraf\u0131ndan Thomas Himmel&#039;in vizyonuyla tasarlanan golf kul\u00fcb\u00fc yenilemesi, fairways ve ye\u015fillikleri restore edecek, yeni \u00e7\u0131k\u0131\u015f noktalar\u0131 sunacak, Rain Bird sistemleriyle sulama sistemini iyile\u015ftirecek ve yeni bir k\u0131sa oyun antrenman alan\u0131 yaratacak. 2026&#039;da tamamlanmas\u0131 planlanan ve 2027&#039;deki y\u00fcz\u00fcnc\u00fc y\u0131l\u0131 \u00f6ncesinde yeniden a\u00e7\u0131lmas\u0131 planlanan bu proje, bo\u015f zaman etkinliklerinin mevsimselli\u011fini uzatmay\u0131 ve golf tutkunlar\u0131n\u0131 spa misafirleriyle birlikte \u00e7ekmeyi ama\u00e7l\u0131yor. Ekim 2025&#039;te Emser Therme Hotel, tasar\u0131m\u0131n\u0131n ve s\u00fcrd\u00fcr\u00fclebilir operasyonunun sekt\u00f6rde tan\u0131nmas\u0131n\u0131 yans\u0131tan \u00f6rnek su merkezlerinin sergilendi\u011fi IAKS Havuz \u00c7al\u0131\u015fma Turu&#039;nda yer alacak. Bu arada, nehir kenar\u0131ndaki Kurpark&#039;taki konserlerden avangart Festival gegen den Strom&#039;a kadar y\u0131ll\u0131k m\u00fczik programlar\u0131, Bartholom\u00e4usmarkt&#039;\u0131n milyonlarca \u00e7i\u00e7ekli ge\u00e7it t\u00f6reniyle birlikte yerel gelene\u011fin ve taze \u00e7ekicili\u011fin nabz\u0131n\u0131 tutuyor.<\/p>\n<p>Bad Ems, tarihi boyunca varl\u0131klar\u0131n\u0131 \u00e7a\u011fda\u015f ihtiya\u00e7larla uyumlu hale getirerek dayan\u0131kl\u0131l\u0131k g\u00f6stermi\u015ftir. Bir zamanlar asil himayeyle ili\u015fkilendirilen do\u011fal kaynaklar\u0131 art\u0131k t\u0131bbi tedaviyi, ticari \u00fcr\u00fcnleri ve b\u00fct\u00fcnsel uygulamalar\u0131 tek bir \u00e7at\u0131 alt\u0131nda desteklemektedir. G\u00f6rkemli binalar\u0131 aristokrat salonlar\u0131ndan k\u00fclt\u00fcr, misafirperverlik ve konferanslar i\u00e7in dinamik mekanlara d\u00f6n\u00fc\u015fm\u00fc\u015ft\u00fcr. Ekonomisi metal cevheri madencili\u011finden sa\u011fl\u0131kl\u0131 ya\u015fam f\u0131rsatlar\u0131 madencili\u011fine kaym\u0131\u015ft\u0131r, ancak temel ilke sabit kalm\u0131\u015ft\u0131r: yerel kaynaklar\u0131 ay\u0131rt etme ve yenilikle kullanmak. Kasaban\u0131n UNESCO taraf\u0131ndan belirlenmesi, kimli\u011fini daha geni\u015f bir Avrupa anlat\u0131s\u0131nda peki\u015ftirirken, altyap\u0131 ve programlara yap\u0131lan yat\u0131r\u0131mlar kemikle\u015fmek yerine evrimle\u015fmesini sa\u011flar.<\/p>\n<p>Bad Ems, uyarlanabilir koruman\u0131n ikna edici bir \u00f6rne\u011fi olarak imparatorluk miras\u0131n\u0131 modern canl\u0131l\u0131kla dengeliyor. Lahn setinde y\u00fcr\u00fcy\u00fc\u015f, katmanl\u0131 hikayeleri ortaya \u00e7\u0131kar\u0131yor: ormanda yar\u0131 gizli Roma surlar\u0131, gezinti yollar\u0131n\u0131 kaplayan barok cepheler ve nehir \u0131\u015f\u0131\u011f\u0131n\u0131 yans\u0131tan \u00e7a\u011fda\u015f bir spa kompleksinin cam duvarlar\u0131. \u00d6\u011fle vakti, ziyaret\u00e7iler on sekizinci y\u00fczy\u0131ldan kalma bir salonda kaynar maden suyu yudumlayabilir, \u00f6\u011fleden sonray\u0131 bir rehabilitasyon seans\u0131nda ge\u00e7irebilir ve ak\u015famlar\u0131 Kursaal&#039;\u0131n Mermer Salonu&#039;nda bir oda m\u00fczi\u011fi resitaline kat\u0131labilirler. Ertesi sabah, golf\u00e7\u00fcler Nassau Do\u011fa Koruma Alan\u0131&#039;nda bisiklet s\u00fcrmeden \u00f6nce yeniden tasarlanm\u0131\u015f s\u0131\u011f\u0131naklar\u0131 test ediyor. \u015eifa, tarih ve e\u011flencenin bu sentezi tesad\u00fcfi de\u011fil; nostaljiye teslim olmadan ge\u00e7mi\u015fe sayg\u0131 g\u00f6steren kas\u0131tl\u0131 bir y\u00f6neticili\u011fin \u00fcr\u00fcn\u00fcd\u00fcr.<\/p>\n<p>Bad Ems&#039;in kal\u0131c\u0131 cazibesi bu dengede yatmaktad\u0131r: kaynaklar\u0131n\u0131n kal\u0131c\u0131l\u0131\u011f\u0131, mimarisinin onuru, t\u0131bbi uzmanl\u0131\u011f\u0131n\u0131n geni\u015fli\u011fi ve k\u00fclt\u00fcrel ya\u015fam\u0131n\u0131n enerjisi. UNESCO stat\u00fcs\u00fc bir plaketten daha fazlas\u0131n\u0131 sunar; koruma ve tan\u0131t\u0131m i\u00e7in bir \u00e7er\u00e7eve sa\u011flar ve yeni kitleleri kendine \u00f6zg\u00fc nitelikleriyle etkile\u015fime girmeye davet eder. Tarihi yap\u0131lar\u0131n uyarlanabilir yeniden kullan\u0131m\u0131n\u0131 son teknoloji sa\u011fl\u0131k ve rekreasyonla birle\u015ftirerek, kasaba gezginlerin kolayl\u0131k kadar derinlik arad\u0131\u011f\u0131 bir \u00e7a\u011fda \u00f6nemini g\u00fcvence alt\u0131na al\u0131r. Bu \u015fekilde Bad Ems, sadece y\u00fczy\u0131llard\u0131r s\u00fcren spa gelene\u011finin bir an\u0131t\u0131 olarak de\u011fil, ayn\u0131 zamanda kendi sular\u0131 ve gelece\u011fini \u015fekillendirenlerin hayal g\u00fcc\u00fcyle s\u00fcrekli tazelenen canl\u0131 bir varl\u0131k olarak da durmaktad\u0131r.<\/p>","protected":false},"excerpt":{"rendered":"<p>Almanya&#039;n\u0131n Renanya-Palatina eyaletindeki Lahn Nehri k\u0131y\u0131s\u0131nda yer alan Bad Ems, k\u00f6kl\u00fc bir ge\u00e7mi\u015fe ve yakla\u015f\u0131k 9.000 n\u00fcfusa sahip pastoral bir kasabad\u0131r. Bu \u00e7ekici kasaba, Rhein-Lahn k\u0131rsal b\u00f6lgesinin idari merkezi olarak i\u015flev g\u00f6r\u00fcr ve nesillerdir ziyaret\u00e7ileri \u00e7eken \u015fifal\u0131 kapl\u0131calar\u0131yla \u00fcnl\u00fcd\u00fcr. Kasaban\u0131n Lahn&#039;\u0131n her iki k\u0131y\u0131s\u0131na yay\u0131lan stratejik konumu, onu Ren Arduvaz Da\u011flar\u0131&#039;n\u0131n iki ayr\u0131 alan\u0131 olan Taunus ve Westerwald b\u00f6lgeleri aras\u0131ndaki do\u011fal s\u0131n\u0131rda konumland\u0131r\u0131r. Bad Ems&#039;in tarihi, Roma s\u0131n\u0131r savunmalar\u0131 olan Yukar\u0131 Germen Limes&#039;in bir par\u00e7as\u0131 olarak bir castrum&#039;un kuruldu\u011fu Roma zamanlar\u0131na dayan\u0131r. Bu eski yap\u0131n\u0131n yetersiz kal\u0131nt\u0131lar\u0131na ra\u011fmen, biti\u015fik ormanlar eski Roma s\u0131n\u0131r\u0131n\u0131n izlerini sergilemeye devam ederek b\u00f6lgenin uzak tarihine somut bir ba\u011flant\u0131 sa\u011flar.<\/p>","protected":false},"author":1,"featured_media":17503,"parent":13736,"menu_order":0,"comment_status":"closed","ping_status":"closed","template":"elementor_theme","meta":{"_eb_attr":"","footnotes":""},"class_list":["post-16596","page","type-page","status-publish","has-post-thumbnail"],"_links":{"self":[{"href":"https:\/\/travelshelper.com\/tr\/wp-json\/wp\/v2\/pages\/16596","targetHints":{"allow":["GET"]}}],"collection":[{"href":"https:\/\/travelshelper.com\/tr\/wp-json\/wp\/v2\/pages"}],"about":[{"href":"https:\/\/travelshelper.com\/tr\/wp-json\/wp\/v2\/types\/page"}],"author":[{"embeddable":true,"href":"https:\/\/travelshelper.com\/tr\/wp-json\/wp\/v2\/users\/1"}],"replies":[{"embeddable":true,"href":"https:\/\/travelshelper.com\/tr\/wp-json\/wp\/v2\/comments?post=16596"}],"version-history":[{"count":0,"href":"https:\/\/travelshelper.com\/tr\/wp-json\/wp\/v2\/pages\/16596\/revisions"}],"up":[{"embeddable":true,"href":"https:\/\/travelshelper.com\/tr\/wp-json\/wp\/v2\/pages\/13736"}],"wp:featuredmedia":[{"embeddable":true,"href":"https:\/\/travelshelper.com\/tr\/wp-json\/wp\/v2\/media\/17503"}],"wp:attachment":[{"href":"https:\/\/travelshelper.com\/tr\/wp-json\/wp\/v2\/media?parent=16596"}],"curies":[{"name":"wp","href":"https:\/\/api.w.org\/{rel}","templated":true}]}}