{"id":16575,"date":"2024-09-23T13:16:16","date_gmt":"2024-09-23T13:16:16","guid":{"rendered":"https:\/\/travelshelper.com\/staging\/?page_id=16575"},"modified":"2026-03-12T00:19:21","modified_gmt":"2026-03-12T00:19:21","slug":"bad-bramstedt","status":"publish","type":"page","link":"https:\/\/travelshelper.com\/tr\/destinations\/europe\/germany\/bad-bramstedt\/","title":{"rendered":"Bad Bramstedt"},"content":{"rendered":"<p>Bad Bramstedt, hem kesin bir demografik profil hem de elle tutulur bir tarihsel derinlik duygusu sunan, kompakt \u00f6l\u00e7ekli ancak katmanl\u0131 \u00f6neme sahip bir kasaba olarak kendini sunar. 31 Aral\u0131k 2023 itibar\u0131yla, 15.451 sakini, Almanya&#039;n\u0131n Schleswig-Holstein eyaletine ba\u011fl\u0131 Segeberg b\u00f6lgesinde, Hamburg&#039;un yakla\u015f\u0131k 40 kilometre kuzeyinde ve Kiel&#039;in g\u00fcneybat\u0131s\u0131na e\u015fit mesafede ve L\u00fcbeck&#039;in bat\u0131s\u0131nda eski \u00d6k\u00fcz Yolu boyunca uzanan 24,14 kilometrekarelik bir alanda ya\u015famaktad\u0131r. Nehir bulu\u015fma noktalar\u0131nda ve tarihi caddelerde bulunan bu konum, y\u00fczy\u0131llar boyunca s\u00fcp\u00fcrgelerle kapl\u0131 m\u00fctevaz\u0131 bir yerle\u015fimden, t\u0131bbi kurumlar\u0131 ve k\u00fclt\u00fcrel kal\u0131nt\u0131lar\u0131yla \u00fcnl\u00fc modern bir iklim sa\u011fl\u0131k merkezine d\u00f6n\u00fc\u015ferek kimli\u011fini \u015fekillendirmi\u015ftir.<\/p>\n<p>Bad Bramstedt&#039;in ya\u015fam\u0131, isimleri hem s\u00fcreklili\u011fi hem de birle\u015fmeyi \u00e7a\u011fr\u0131\u015ft\u0131ran su yollar\u0131 boyunca ilerler. Osterau ve Hudau nehirleri, kasaban\u0131n s\u0131n\u0131rlar\u0131 i\u00e7inde birle\u015ferek, ge\u00e7 Roma&#039;dan erken G\u00f6\u00e7 D\u00f6nemlerine kadar yerle\u015fimlere tan\u0131kl\u0131k eden m\u00fctevaz\u0131 ancak sembolik olarak y\u00fckl\u00fc bir su yolu olan Bramau&#039;yu olu\u015fturur. Bu t\u00fcr k\u00f6kenler, kasaban\u0131n ismiyle ima edilir - bir s\u00fcp\u00fcrge yeri olarak yorumlan\u0131r - ancak mevcut kay\u0131tlarda ilk kez, k\u00fc\u00e7\u00fck tar\u0131m i\u015fletmelerinin belgelenmi\u015f bir yere d\u00f6n\u00fc\u015ft\u00fc\u011f\u00fc 1274&#039;te g\u00f6r\u00fcn\u00fcr. Sonraki d\u00f6rt y\u00fczy\u0131l boyunca Bad Bramstedt m\u00fctevaz\u0131 bir k\u00f6y olarak kald\u0131, talihi ancak on dokuzuncu y\u00fczy\u0131ldaki stratejik altyap\u0131 geli\u015fmeleriyle de\u011fi\u015fti.<\/p>\n<p>1830 ve 1832 y\u0131llar\u0131 aras\u0131nda, Altona-Kieler Chaussee (bug\u00fcnk\u00fc L318 ve L319) in\u015fa edildi ve bu bir zamanlar \u00e7evre yerle\u015fim yerini b\u00fcy\u00fck Kuzey Almanya \u015fehirlerine ba\u011flad\u0131. Yakla\u015f\u0131k 94 kilometre uzanan bu devlet yolu, hem ticareti kolayla\u015ft\u0131ran hem de Bad Bramstedt&#039;in gezginler ve ticaret i\u00e7in bir durak noktas\u0131 rol\u00fcn\u00fc \u00f6nceden haber veren do\u011frudan bir ba\u011flant\u0131 kurdu. Ayn\u0131 zamanda, kasaba Bundesstra\u00dfe 4&#039;\u00fcn (eskiden Reichsstra\u00dfe 4) bir b\u00f6l\u00fcm\u00fcn\u00fcn hemen kuzeyinde yer al\u0131yordu ve bu da hem b\u00f6lgesel hem de ulusal ula\u015f\u0131m a\u011flar\u0131ndaki stratejik konumunu vurguluyordu; bu, \u0130kinci D\u00fcnya Sava\u015f\u0131&#039;n\u0131n kapan\u0131\u015f b\u00f6l\u00fcmlerinde \u00f6nemli \u00f6l\u00e7\u00fcde yank\u0131lanacak bir fakt\u00f6rd\u00fc.<\/p>\n<p>On alt\u0131nc\u0131 y\u00fczy\u0131l\u0131n ba\u015flar\u0131nda, kasaba haklar\u0131n\u0131n orta\u00e7a\u011f sembol\u00fc olan Roland&#039;\u0131n tahta heykeli, ilk olarak 1533&#039;te fark edilen Bramstedt&#039;te bir d\u00f6n\u00fcm noktas\u0131 haline geldi. Ta\u015ftan yap\u0131lan yerine 1693&#039;te ge\u00e7ildi ve bu, Holstein kontlar\u0131 alt\u0131nda bir miktar \u00f6zerklik ve vatanda\u015fl\u0131k gururu g\u00f6stergesiydi. Heykelin 1813\/14&#039;teki Napolyon ve Kurtulu\u015f Sava\u015flar\u0131 s\u0131ras\u0131nda y\u0131k\u0131lmas\u0131 ve 1827&#039;deki restorasyonu, kasaban\u0131n dayan\u0131kl\u0131l\u0131\u011f\u0131n\u0131 ve mirasa olan ba\u011fl\u0131l\u0131\u011f\u0131n\u0131 vurgular. Kasaban\u0131n do\u011fal kaynaklar\u0131na benzer bir ba\u011fl\u0131l\u0131k, 1681&#039;de bir sa\u011fl\u0131k \u00e7e\u015fmesinin ve daha sonra tuzlu su kaynaklar\u0131n\u0131n ke\u015ffedilmesiyle ortaya \u00e7\u0131kt\u0131. \u0130kincisinin 1879&#039;dan itibaren Heesch spa \u015firketi taraf\u0131ndan pazarlanmas\u0131, Bad Bramstedt&#039;in iklimsel bir sa\u011fl\u0131k tesisi olarak kal\u0131c\u0131 itibar\u0131n\u0131n do\u011fu\u015funu i\u015faret etti.<\/p>\n<p>Resmi kapl\u0131ca kasabas\u0131 stat\u00fcs\u00fcne ge\u00e7i\u015f, Bramstedt&#039;in yak\u0131ndaki Barmstedt&#039;ten ay\u0131rt edilmesi ve terap\u00f6tik kimlik bilgilerinin vurgulanmas\u0131 i\u00e7in &#034;Bad Bramstedt&#034; olarak yeniden adland\u0131r\u0131lmas\u0131yla 1910&#039;da ger\u00e7ekle\u015fti. Sonraki on y\u0131lda, ikinci bir tuzlu su banyosu ve 1929\/30&#039;da Oskar Alexander&#039;\u0131n y\u00f6neticili\u011findeki Yeni Kapl\u0131ca Evi, kasaban\u0131n hem fiziksel hem de sosyo-ekonomik manzaras\u0131n\u0131 geni\u015fletti. Ancak Alexander&#039;\u0131n kendi anlat\u0131s\u0131, 1942&#039;de s\u00fcrg\u00fcn edilip Sachsenhausen toplama kamp\u0131nda \u00f6ld\u00fc\u011f\u00fcnde trajik bir hal alacakt\u0131; kasaban\u0131n Avrupa tarihinin daha geni\u015f ak\u0131mlar\u0131yla i\u00e7 i\u00e7e ge\u00e7ti\u011finin kasvetli bir hat\u0131rlat\u0131c\u0131s\u0131yd\u0131.<\/p>\n<p>\u0130kinci D\u00fcnya Sava\u015f\u0131&#039;n\u0131n son aylar\u0131 Bad Bramstedt&#039;in \u00fczerine kasvetli bir g\u00f6lge d\u00fc\u015f\u00fcrd\u00fc. Nisan 1945&#039;te, Fuhlsb\u00fcttel toplama kamp\u0131ndaki tutuklular, Kiel yak\u0131nlar\u0131ndaki Nordmark \u00e7al\u0131\u015fma kamp\u0131na do\u011fru Reichsstra\u00dfe 4 boyunca \u00f6l\u00fcm y\u00fcr\u00fcy\u00fc\u015flerine zorland\u0131. Sovyetler Birli\u011fi&#039;nden Hamid Chamido adl\u0131 tutuklulardan biri, 13 Nisan 1945&#039;te Bissenmoor&#039;daki marn ocaklar\u0131 yak\u0131n\u0131nda \u00f6l\u00fcmc\u00fcl \u015fekilde vuruldu ve ayn\u0131 g\u00fcn &#034;ka\u00e7arken vuruldu\u011fu&#034; bahanesiyle Bad Bramstedt mezarl\u0131\u011f\u0131na g\u00f6m\u00fcld\u00fc. Yetmi\u015f iki y\u0131l sonra, 2017&#039;de, \u00dc\u00e7\u00fcnc\u00fc Reich i\u00e7in bu son, umutsuz g\u00fcnlerde ac\u0131 \u00e7ekenleri onurland\u0131rmak i\u00e7in eski marn ocaklar\u0131nda (\u015fimdi sakin bal\u0131k\u00e7\u0131 g\u00f6letleri) bir anma plaketi a\u00e7\u0131ld\u0131.<\/p>\n<p>Bu kasvetli an\u0131lar\u0131n aras\u0131nda belediye yenileme ve kentsel y\u00f6neticili\u011finin kan\u0131tlar\u0131 duruyor. 1964&#039;ten 1969&#039;a kadar \u015fehir, eskiden yerel soylular\u0131n merkezi olan Bramstedt Kalesi&#039;nin m\u00fclkiyetini \u00fcstlenirken, 1998&#039;de su, enerji ve sanitasyon hizmetlerini modernize etmek i\u00e7in bir kamu hizmetleri \u015firketi kurdu. Kasaban\u0131n in\u015fa edilmi\u015f \u00e7evresi bir dizi k\u00fclt\u00fcrel an\u0131t\u0131 koruyor: ha\u00e7 bi\u00e7imindeki plan\u0131 on d\u00f6rd\u00fcnc\u00fc y\u00fczy\u0131l\u0131n ba\u015flar\u0131na tarihlenen ve ard\u0131\u015f\u0131k neo-Gotik pencere ve portal katmanlar\u0131 ta\u015f\u0131yan k\u0131rm\u0131z\u0131 tu\u011flal\u0131 bir salon kilisesi olan St Mary Magdalene Kilisesi; Barok merdiveni ve s\u0131va i\u00e7 mekan\u0131 ile pazar meydan\u0131ndaki 17. y\u00fczy\u0131ldan kalma kap\u0131 evi; g\u00f6rkemli belediye binas\u0131; ve yirminci y\u00fczy\u0131l\u0131n ba\u015flar\u0131ndaki kentsel ya\u015fam\u0131n kal\u0131nt\u0131lar\u0131 olan eski istasyon oteli ve sinemas\u0131.<\/p>\n<p>Bad Bramstedt&#039;in do\u011fal ve e\u011flence boyutlar\u0131, karakterinin ayr\u0131lmaz bir par\u00e7as\u0131d\u0131r. Bramau ve kollar\u0131n\u0131n etraf\u0131ndaki geni\u015f ta\u015fk\u0131n yataklar\u0131, kanoculara \u00e7e\u015fitli tekne kiralama hizmetleriyle desteklenen \u00e7e\u015fitli bir k\u00fcrek \u00e7ekme ortam\u0131 sunar. \u0130ki golf sahas\u0131, hafif engebeli bir araziye kar\u015f\u0131 fairway&#039;ler sa\u011flarken, a\u00e7\u0131k y\u00fczme havuzu, tenis kortu ve Bramstedter Turnerschaft spor kul\u00fcb\u00fcn\u00fcn tesisleri \u00e7e\u015fitli atletik aktivitelere hitap eder. Karaya do\u011fru ke\u015fif yapmay\u0131 tercih edenler i\u00e7in, 69 kilometreden fazla \u00f6zel bisiklet yolu, tar\u0131m arazileri ve ormanlar aras\u0131nda dola\u015farak yerle\u015fim b\u00f6lgelerini, ticari b\u00f6lgeleri ve yemye\u015fil a\u00e7\u0131k alanlar\u0131 birbirine ba\u011flar.<\/p>\n<p>Altyap\u0131 ba\u011flant\u0131lar\u0131 sa\u011flaml\u0131\u011f\u0131n\u0131 koruyor. B4 federal otoyolu do\u011frudan \u015fehre hizmet ederken, B206&#039;daki son \u00e7evre yolu projeleri ve trafi\u011fi sakinle\u015ftirme \u00f6nlemleri, yerel olarak &#034;Bleeck&#034; olarak bilinen merkezi pazar meydan\u0131n\u0131 yaya dostu stat\u00fcs\u00fcne d\u00f6nd\u00fcrd\u00fc. Demiryolu ba\u011flant\u0131lar\u0131 aras\u0131nda hem Bad Bramstedt istasyonu hem de Kurhaus dura\u011f\u0131 yer al\u0131yor ve her biri Hamburg-Altona&#039;y\u0131 Neum\u00fcnster&#039;e saatlik bir programla ba\u011flayan AKN A2 hatt\u0131nda. Hamburg Metropolitan B\u00f6lgesi&#039;ndeki gelecekteki planlar, Bad Bramstedt&#039;i kuzey Almanya&#039;n\u0131n daha geni\u015f kentsel a\u011f\u0131na daha fazla entegre etmek i\u00e7in \u00f6zel bir bisiklet otoyolu \u00f6ng\u00f6r\u00fcyor.<\/p>\n<p>Bad Bramstedt&#039;teki ekonomik ya\u015fam, t\u0131bbi turizm, yerel giri\u015fim ve konut hizmetleri aras\u0131nda denge kurar. Klinikum Bad Bramstedt romatoloji tedavileri sunarken, Sch\u00f6n Klinik psikosomatik t\u0131pta uzmanla\u015fm\u0131\u015ft\u0131r; her ikisi de kasaban\u0131n iklimsel sa\u011fl\u0131k tesisi stat\u00fcs\u00fcn\u00fc yans\u0131tan park benzeri arazilerde yer almaktad\u0131r. Kuzeydeki ticari b\u00f6lgede, imalat ve hizmet firmalar\u0131n\u0131n bir kar\u0131\u015f\u0131m\u0131 finansal hizmet sa\u011flay\u0131c\u0131lar\u0131 ve perakendecilerle birlikte faaliyet g\u00f6stermektedir; 2018 i\u00e7in g\u00fcneye do\u011fru bir geni\u015fleme planlanm\u0131\u015ft\u0131r. Y\u00fcksek performansl\u0131 al\u00e7\u0131pan \u00fcreticisi olan Bauxpert, merkezini burada tutarak kasaban\u0131n ekonomik temelini daha da \u00e7e\u015fitlendirmektedir. Bu faaliyetlerin ortas\u0131nda, oteller ve restoranlar yerel ekonomi i\u00e7in ziyaret\u00e7i hizmetlerinin devam eden \u00f6nemini vurgulamaktad\u0131r.<\/p>\n<p>E\u011fitim ve ya\u015fam boyu \u00f6\u011frenme, toplum ya\u015fam\u0131n\u0131n son s\u00fctununu olu\u015fturur. \u00dc\u00e7 ilkokul ve J\u00fcrgen-Fuhlendorf-Schule ortaokulu, toplum taraf\u0131ndan i\u015fletilen Auenlandschule ile birlikte kasaban\u0131n gen\u00e7lerine hizmet eder. Uzmanla\u015fm\u0131\u015f e\u011fitim olanaklar\u0131 aras\u0131nda Bramauschule ve \u00f6zel gereksinimli \u00e7ocuklar i\u00e7in ili\u015fkili bir konut tesisi yer al\u0131r. Yeti\u015fkinler i\u00e7in belediye k\u00fct\u00fcphanesi ve bir yeti\u015fkin e\u011fitim merkezi, devam eden \u00e7al\u0131\u015fma ve k\u00fclt\u00fcrel kat\u0131l\u0131m i\u00e7in kaynaklar sunarak Bad Bramstedt&#039;in yaln\u0131zca tarihi yank\u0131 ve terap\u00f6tik inziva yeri de\u011fil, ayn\u0131 zamanda ki\u015fisel ve toplumsal geli\u015fim i\u00e7in canl\u0131 bir ortam olmas\u0131n\u0131 sa\u011flar.<\/p>\n<p>Su yollar\u0131n\u0131n, yollar\u0131n\u0131n, kurumlar\u0131n\u0131n ve kolektif haf\u0131zas\u0131n\u0131n izlerini takip ederek, Bad Bramstedt&#039;in hikayesi uyum ve sebat hikayesi olarak ortaya \u00e7\u0131k\u0131yor. M\u00fctevaz\u0131 boyutu, y\u00fczy\u0131llarca s\u00fcren yerle\u015fim, ticaret, t\u0131bbi yenilik, sava\u015f zaman\u0131 trajedisi ve kentsel yenilenmenin olu\u015fturdu\u011fu karma\u015f\u0131kl\u0131\u011f\u0131 gizliyor. On yedinci y\u00fczy\u0131l\u0131n sonlar\u0131nda ke\u015ffedilen \u00e7e\u015fmeden g\u00fcn\u00fcm\u00fcz\u00fcn klinik parklar\u0131na, pazar meydan\u0131ndaki Roland heykelinin sessiz uyan\u0131kl\u0131\u011f\u0131ndan hen\u00fcz yap\u0131lmam\u0131\u015f bisiklet otoyoluna kadar Bad Bramstedt, yer, tarih ve insan \u00e7abas\u0131n\u0131n ince etkile\u015fimine tan\u0131kl\u0131k ediyor; ge\u00e7mi\u015fini hat\u0131rlayan ve gelece\u011fine dikkat eden, geli\u015fmeye devam eden bir kasaba.<\/p>","protected":false},"excerpt":{"rendered":"<p>Almanya&#039;n\u0131n Schleswig-Holstein eyaletinin Segeberg b\u00f6lgesinde bulunan ve tarihi ve k\u00fclt\u00fcrel ba\u011flam\u0131 i\u00e7inde geli\u015fen bir n\u00fcfusa sahip olan Bad Bramstedt belediyesi. Hamburg&#039;un yakla\u015f\u0131k 40 kilometre kuzeyinde bulunan bu k\u00fc\u00e7\u00fck kasaba, tarihi miras\u0131n\u0131 \u00e7a\u011fda\u015f kolayl\u0131klar ve sa\u011fl\u0131k hizmetleriyle birle\u015ftirerek kendine \u00f6zg\u00fc bir karakter olu\u015fturmu\u015ftur.<\/p>","protected":false},"author":1,"featured_media":17471,"parent":13736,"menu_order":0,"comment_status":"closed","ping_status":"closed","template":"elementor_theme","meta":{"_eb_attr":"","footnotes":""},"class_list":["post-16575","page","type-page","status-publish","has-post-thumbnail"],"_links":{"self":[{"href":"https:\/\/travelshelper.com\/tr\/wp-json\/wp\/v2\/pages\/16575","targetHints":{"allow":["GET"]}}],"collection":[{"href":"https:\/\/travelshelper.com\/tr\/wp-json\/wp\/v2\/pages"}],"about":[{"href":"https:\/\/travelshelper.com\/tr\/wp-json\/wp\/v2\/types\/page"}],"author":[{"embeddable":true,"href":"https:\/\/travelshelper.com\/tr\/wp-json\/wp\/v2\/users\/1"}],"replies":[{"embeddable":true,"href":"https:\/\/travelshelper.com\/tr\/wp-json\/wp\/v2\/comments?post=16575"}],"version-history":[{"count":0,"href":"https:\/\/travelshelper.com\/tr\/wp-json\/wp\/v2\/pages\/16575\/revisions"}],"up":[{"embeddable":true,"href":"https:\/\/travelshelper.com\/tr\/wp-json\/wp\/v2\/pages\/13736"}],"wp:featuredmedia":[{"embeddable":true,"href":"https:\/\/travelshelper.com\/tr\/wp-json\/wp\/v2\/media\/17471"}],"wp:attachment":[{"href":"https:\/\/travelshelper.com\/tr\/wp-json\/wp\/v2\/media?parent=16575"}],"curies":[{"name":"wp","href":"https:\/\/api.w.org\/{rel}","templated":true}]}}