{"id":16557,"date":"2024-09-23T12:46:40","date_gmt":"2024-09-23T12:46:40","guid":{"rendered":"https:\/\/travelshelper.com\/staging\/?page_id=16557"},"modified":"2026-03-12T00:20:48","modified_gmt":"2026-03-12T00:20:48","slug":"bad-bentheim","status":"publish","type":"page","link":"https:\/\/travelshelper.com\/tr\/destinations\/europe\/germany\/bad-bentheim\/","title":{"rendered":"Bad Bentheim"},"content":{"rendered":"<p>31 Aral\u0131k 2023 itibar\u0131yla 16.689 n\u00fcfusa sahip bir kasaba olan Bad Bentheim, Almanya&#039;n\u0131n A\u015fa\u011f\u0131 Saksonya eyaletinin g\u00fcneybat\u0131 k\u00f6\u015fesinde, Kuzey Ren-Vestfalya ve Hollanda&#039;ya biti\u015fik 99,99 kilometrekarelik bir alan\u0131 kaplamaktad\u0131r. Nordhorn&#039;un yakla\u015f\u0131k 15 kilometre g\u00fcneyinde ve Enschede&#039;nin 20 kilometre kuzeydo\u011fusunda yer alan \u015fehir, Alman i\u00e7 b\u00f6lgesi ile Hollanda&#039;n\u0131n Overijssel eyaleti aras\u0131nda bir ge\u00e7it g\u00f6revi g\u00f6rmektedir. Uzun zamand\u0131r \u015fifal\u0131 k\u00fck\u00fcrt kaynaklar\u0131 ve termal tuzlu sular\u0131yla tan\u0131nan Bad Bentheim, devlet taraf\u0131ndan tan\u0131nan bir spa tesisi stat\u00fcs\u00fcn\u00fc yans\u0131tan onursal &#034;Bad&#034; \u00fcnvan\u0131n\u0131 ta\u015f\u0131maktad\u0131r. Kasabaya hakim olan Burg Bentheim, hem yerel kimli\u011fi hem de b\u00f6lgenin katmanl\u0131 ge\u00e7mi\u015fini sembolize eden y\u00fczy\u0131llard\u0131r var olan bir kaledir.<\/p>\n<p>Deniz seviyesinden 49 metre y\u00fckseklikte bulunan Bad Bentheim&#039;\u0131n belediye s\u0131n\u0131rlar\u0131 kuzeyden g\u00fcneye 14 kilometre, do\u011fudan bat\u0131ya 12 kilometre uzan\u0131r. S\u0131n\u0131rlar\u0131 kuzeyde Sch\u00fcttorf ve Nordhorn kasabalar\u0131, do\u011fuda Kuzey Ren-Vestfalya&#039;daki Gronau ve Ochtrup ve bat\u0131da Hollanda topluluklar\u0131 De Lutte ve Losser ile birle\u015fir. Bu kom\u015fular\u0131n \u00e7ok da \u00f6tesinde, her biri bir demiryolu ve karayolu a\u011f\u0131yla birbirine ba\u011fl\u0131 olan tarihi Almelo, Hengelo, M\u00fcnster ve Osnabr\u00fcck \u015fehirleri yer al\u0131r. S\u0131n\u0131rlar\u0131 i\u00e7inde, kasaba Achterberg, Bardel, Gildehaus, Hagelshoek, Holt und Haar, Sieringhoek, Waldseite ve Westenberg k\u00f6ylerini kapsar ve her biri daha geni\u015f toplumsal yap\u0131ya belirgin bir ba\u011f katar.<\/p>\n<p>K\u00f6kenleri Binithem ad\u0131yla yakla\u015f\u0131k 1050 tarihli bir belgeye dayanan Bad Bentheim, ad\u0131nda erken d\u00f6nem manzaralar\u0131n\u0131n veya antik halklar\u0131n izlerini ortaya koyuyor; ister bir zamanlar sazl\u0131klarla kapl\u0131 sulak alanlar (Alman Binsen) ister kom\u015fu Twente ile ili\u015fkilendirilen erken d\u00f6nem Germen Tubanti kabilesi olsun. Y\u00fczy\u0131llar boyunca, Bentheim kontlar\u0131 burada egemenlik kurdular, egemenlikleri ilk olarak 1116&#039;da kaydedilen kaleye odakland\u0131. Kasaban\u0131n kaderi, daha geni\u015f \u00e7apl\u0131 sava\u015f, reform ve i\u015fgal dalgalar\u0131yla uyumlu bir \u015fekilde de\u011fi\u015fti: 1945&#039;te, \u0130ngiliz yetkililer b\u00f6lge merkezini Nordhorn&#039;a ta\u015f\u0131d\u0131 ve Ludwig Erhard&#039;\u0131n ekonomik mucizesi Bat\u0131 Almanya&#039;y\u0131 selamlarken yerel y\u00f6netimi yeniden \u015fekillendirdi.<\/p>\n<p>Bad Bentheim&#039;\u0131n kalbinde Burg Bentheim&#039;\u0131n kendisi yer al\u0131r. Ormanl\u0131k bir h\u00f6y\u00fckten y\u00fckselen y\u0131pranm\u0131\u015f kumta\u015f\u0131 k\u00fctlesi, kal\u0131n surlar\u0131 ve kuleleri hem orta\u00e7a\u011f m\u00fccadelesini hem de erken modern yenilemeyi anlat\u0131r. Surlar\u0131n\u0131n i\u00e7inde, halk aras\u0131nda &#034;Barut Kulesi&#034; olarak bilinen Pulverturm, bir zamanlar silah depolar\u0131yd\u0131 ve \u015fimdi ziyaret\u00e7ileri \u015fehrin ve k\u0131rsal\u0131n panoramik manzaralar\u0131 i\u00e7in yukar\u0131 \u00e7\u0131kmaya davet ediyor. Rehberli turlar, hem bu kalenin stratejik \u00f6nemini hem de sakinlerinin dokuz y\u00fczy\u0131l boyunca g\u00fcnl\u00fck ritimlerini aktar\u0131rken, m\u00fcze odalar\u0131 hem zamandan hem de \u00e7at\u0131\u015fmadan sa\u011f kurtulan ustaca restore edilmi\u015f Gotik ve Barok \u00f6\u011felerini korur.<\/p>\n<p>\u015eifal\u0131 su kaynaklar\u0131 ilk olarak 1711 civar\u0131nda, kalenin temellerinin derinliklerinden k\u00fck\u00fcrtl\u00fc sular ve tuzlu sular f\u0131\u015fk\u0131rd\u0131\u011f\u0131nda a\u00e7\u0131ld\u0131. Ba\u015flang\u0131\u00e7ta gayriresmi tedaviler olarak ba\u015flayan \u015fey, k\u0131sa s\u00fcrede 19. y\u00fczy\u0131l\u0131n sonlar\u0131nda Otto von Bismarck, Kaiser Wilhelm I ve 1895&#039;te Hollanda Krali\u00e7esi Emma ve k\u0131z\u0131 Wilhelmina gibi fig\u00fcrleri \u00e7eken resmi bir spaya d\u00f6n\u00fc\u015ft\u00fc. Onlar\u0131n konaklamalar\u0131 banyolara \u00fcn kazand\u0131rd\u0131 ve Bismarckplatz&#039;da Bismarck&#039;\u0131n yak\u0131\u015f\u0131kl\u0131 bir kumta\u015f\u0131 heykelinin in\u015fas\u0131na yol a\u00e7t\u0131; hala ayakta duran bir amblem, kalenin g\u00f6lgesinin alt\u0131ndan meydan\u0131 inceliyor.<\/p>\n<p>Bentheim kumta\u015f\u0131 veya Bentheimer Alt\u0131n\u0131, kasaban\u0131n refah\u0131n\u0131n \u00e7o\u011funu on be\u015finci y\u00fczy\u0131ldan on sekizinci y\u00fczy\u0131la kadar desteklemi\u015ftir. Ta\u015f oca\u011f\u0131 i\u015f\u00e7ileri, kasaban\u0131n d\u0131\u015f mahallelerindeki ve Gildehaus&#039;taki \u00e7\u0131k\u0131nt\u0131lardan sar\u0131ms\u0131 ta\u015f bloklar\u0131 oymu\u015f ve bunlar\u0131 Do\u011fu Frizya, Hollanda, Bel\u00e7ika ve Danimarka gibi uzak yerlere g\u00f6ndermi\u015flerdir. Amsterdam&#039;\u0131n Kraliyet Saray\u0131, Anvers&#039;in Meryem Ana Kilisesi ve hatta Kopenhag&#039;\u0131n \u00c5rhus Katolik Kilisesi gibi simgesel yap\u0131lar onun imzas\u0131n\u0131 ta\u015f\u0131maktad\u0131r. Yerel halk, Bentheim&#039;\u0131n New York&#039;taki \u00d6zg\u00fcrl\u00fck Heykeli&#039;nin kaidesini tedarik etti\u011fini s\u00f6ylese de, di\u011fer Alman ta\u015f ocaklar\u0131 (\u00f6rne\u011fin Obernkirchen&#039;de) bu onura kendi iddialar\u0131n\u0131 ileri s\u00fcrmektedir.<\/p>\n<p>1661&#039;de Bentheim ve Steinfurt Kontu Ernst Wilhelm, kasabaya k\u0131rm\u0131z\u0131 bir zemin \u00fczerinde on dokuz alt\u0131n bezantla alt\u0131n monogram\u0131 &#034;E G&#034;yi birle\u015ftiren bir arma verdi. Kesin sembolizmleri b\u00fcy\u00fck \u00f6l\u00e7\u00fcde kayboldu, ancak amblem, on sekizinci ve on dokuzuncu y\u00fczy\u0131l varyasyonlar\u0131n\u0131n onu bir bezant halkas\u0131na indirgemesinden sonra 1955&#039;te tam haliyle yeniden ortaya \u00e7\u0131kt\u0131. Bug\u00fcn bu arma, hem asil himayeyi hem de kasaban\u0131n kal\u0131c\u0131 \u00f6z imaj\u0131n\u0131 hat\u0131rlatarak belediye binalar\u0131n\u0131, antetli ka\u011f\u0131tlar\u0131 ve eczanenin tabelas\u0131n\u0131 s\u00fcsl\u00fcyor.<\/p>\n<p>Din, Bad Bentheim&#039;\u0131n kimli\u011fini de \u015fekillendirmi\u015ftir. 2006 y\u0131l\u0131n\u0131n ortalar\u0131na gelindi\u011finde, sakinlerin yakla\u015f\u0131k ,6&#039;s\u0131 Protestan kiliselerine mensuptu - ,7&#039;si Reformcu ve ,9&#039;u Lutheran - ,5&#039;i ise Roma Katolikti. Geri kalanlar ateistler, di\u011fer inan\u00e7lar\u0131n mensuplar\u0131 veya organize dinlerin d\u0131\u015f\u0131nda olanlardan olu\u015fuyor. Tarihi kutsal alanlar bu ba\u011flant\u0131lar\u0131 yans\u0131t\u0131r: 1696&#039;dan kalma sade bir Barok Reform kilisesi, Kont Arnold II&#039;nin mahzeninin \u00fczerinde durur, sade i\u00e7 mekan\u0131 ta\u015f bir k\u00fcrs\u00fc taraf\u0131ndan y\u00f6netilir; 1670&#039;te yerel kumta\u015f\u0131ndan kutsanm\u0131\u015f olan Vaftizci Yahya Katolik Kilisesi, erken Barok sunaklar\u0131 ve orijinal cam kal\u0131nt\u0131lar\u0131 bar\u0131nd\u0131r\u0131r.<\/p>\n<p>\u0130badetin \u00f6tesinde, Bad Bentheim&#039;daki k\u00fclt\u00fcrel ya\u015fam a\u00e7\u0131k hava sahneleri ve k\u00f6kl\u00fc gelenekler aras\u0131nda geli\u015fir. Bentheimer Freilichtb\u00fchne, dik kumta\u015f\u0131 duvarlar\u0131 tiyatroya dramatik bir fon sa\u011flayan \u00fc\u00e7 kullan\u0131lmayan ta\u015f oca\u011f\u0131nda yaz performanslar\u0131 d\u00fczenler. Gece Bek\u00e7isi Y\u00fcr\u00fcy\u00fc\u015fleri, haftada \u00fc\u00e7 kez saat dokuzda kale kap\u0131s\u0131ndan hareket eder ve kat\u0131l\u0131mc\u0131lar\u0131 efsaneleri ve tarihi hikayeleri anlat\u0131rken fenerlerle ayd\u0131nlat\u0131lm\u0131\u015f yollarda y\u00f6nlendirir. Kom\u015fular, yeni do\u011fanlar\u0131 kutlamak i\u00e7in bir merdivende ta\u015f\u0131nan bir metre uzunlu\u011fundaki kuru \u00fcz\u00fcm somunu olan Weggen wegbringen orta\u00e7a\u011f gelene\u011fini s\u00fcrd\u00fcr\u00fcrken, k\u0131\u015f mutfaklar\u0131 Noel zaman\u0131nda kahveye bat\u0131r\u0131lan sert kimyonlu bisk\u00fcviler olan Bentheimer Moppen kokar.<\/p>\n<p>Ula\u015f\u0131m ba\u011flant\u0131lar\u0131, kasaban\u0131n hem geri \u00e7ekilme hem de ana yol rol\u00fcn\u00fc g\u00fc\u00e7lendirir. Wiehengebirgs-Bahn&#039;daki istasyon, b\u00f6lgesel RB 61 hizmetleriyle do\u011frudan Rheine, Osnabr\u00fcck ve Bielefeld&#039;e ba\u011flan\u0131rken, IC-77 uzun mesafe rotas\u0131 Amsterdam, Osnabr\u00fcck, Hannover ve Berlin&#039;i birbirine ba\u011flar; lokomotifler, Hollanda ve Alman elektrik ak\u0131m\u0131 standartlar\u0131n\u0131 birle\u015ftirmek i\u00e7in burada g\u00fc\u00e7 sistemlerini de\u011fi\u015ftirir. Karayolu yolcular\u0131, M\u00fcnster\/Osnabr\u00fcck Uluslararas\u0131 Havaalan\u0131&#039;na arabayla bir saat i\u00e7inde ula\u015f\u0131rken, yerel otob\u00fcsler Gronau ve Nordhorn&#039;a hizmet verir. Federal Otoyol 403, belediyeden ge\u00e7erek Bad Oeynhausen, Hengelo, Emden ve Oberhausen y\u00f6n\u00fcnde A 30 ve A 31 otoyollar\u0131n\u0131 keser.<\/p>\n<p>Ekonomik olarak, kasaba turizm odakl\u0131 misafirperverli\u011fi k\u00fc\u00e7\u00fck \u00f6l\u00e7ekli sanayi ve tar\u0131mla dengeliyor. Oteller, kafeler ve pansiyonlar, dermatoloji, romatoloji ve ortopedi konusunda uzmanla\u015fm\u0131\u015f Fachklinik Bad Bentheim ve yakla\u015f\u0131k 210 personel \u00e7al\u0131\u015ft\u0131ran Gildehaus&#039;taki Eylarduswerk evanjelik diyakozlu\u011fu gibi sa\u011fl\u0131k kurulu\u015flar\u0131n\u0131n yan\u0131nda geli\u015fiyor. Uluslararas\u0131 petrol sahas\u0131 hizmet firmalar\u0131 yerel olarak ofisler bulunduruyor ve kasaban\u0131n m\u00fctevaz\u0131 s\u0131n\u0131rlar\u0131n\u0131n \u00e7ok \u00f6tesine uzanan bir i\u015f g\u00fcc\u00fcne katk\u0131da bulunuyor. \u00c7evredeki tarlalarda, Bentheim koyunlar\u0131 ve Bentheim Black Pied domuzlar\u0131\u2014bir zamanlar tarihi il\u00e7ede yayg\u0131n olan aile yadigar\u0131 t\u00fcrler\u2014otlamaya devam ediyor.<\/p>\n<p>Bo\u015f zaman ve toplum hayat\u0131, on sekizinci y\u00fczy\u0131l prenslik tarz\u0131nda d\u00fczenlenmi\u015f on iki hektarl\u0131k bir bah\u00e7e olan Schlosspark&#039;ta \u015fatonun alt\u0131nda bir araya geliyor. Yans\u0131t\u0131c\u0131 havuzlar ve g\u00fcl yataklar\u0131 geni\u015f patikalar\u0131 \u00e7evrelerken, yaz\u0131n bir kumta\u015f\u0131 havuz \u00e7e\u015fmesi havaya su p\u00fcsk\u00fcrt\u00fcyor ve \u00f6rdekler kuzey g\u00f6l\u00fcnde kay\u0131yor. K\u0131\u015f\u0131n, \u00e7ocuklar \u015fato duvarlar\u0131n\u0131n yak\u0131n\u0131ndaki hafif yama\u00e7lardan k\u0131zak \u00e7ekiyor ve park\u0131n bat\u0131 otopark\u0131 mevsimlik fuarlara, bir kasaba av festivaline ve A\u011fustos ay\u0131n\u0131n son cumartesi bit pazar\u0131na ev sahipli\u011fi yap\u0131yor. Yak\u0131nlarda, Bad Bentheim Kumta\u015f\u0131 M\u00fczesi restore edilmi\u015f bir Ackerb\u00fcrger evinde b\u00f6lgenin jeolojik miras\u0131n\u0131 sergiliyor.<\/p>\n<p>Y\u00fczy\u0131llar boyunca Bad Bentheim \u015fifa, zanaatkarl\u0131k ve s\u0131n\u0131r \u00f6tesi al\u0131\u015fveri\u015fin yeri olarak varl\u0131\u011f\u0131n\u0131 s\u00fcrd\u00fcrd\u00fc. Kalesi, orta\u00e7a\u011f ta\u015f ocaklar\u0131ndan modern kliniklere kadar de\u011fi\u015fen geleneklerin n\u00f6bet\u00e7isi olarak duruyor; kumta\u015f\u0131 cepheleri Avrupa ba\u015fkentlerinde hikayeler anlat\u0131yor; ve k\u00fck\u00fcrt kaynaklar\u0131 dinlenmek isteyenleri \u00e7ekmeye devam ediyor. Ta\u015f, su ve insan \u00f6zleminin etkile\u015fiminde, kasaba hem tarihin s\u00fcreklili\u011fini hem de g\u00fcnl\u00fck ya\u015fam\u0131n sessiz s\u00fcreklili\u011fini temsil ediyor; s\u00fcrekli de\u011fi\u015fen bir b\u00f6lgenin hikayesinde kal\u0131c\u0131 bir b\u00f6l\u00fcm.<\/p>","protected":false},"excerpt":{"rendered":"<p>Bad Bentheim, Almanya&#039;n\u0131n A\u015fa\u011f\u0131 Saksonya eyaletinin g\u00fcneybat\u0131 b\u00f6lgesinde yer alan ve yakla\u015f\u0131k 15.000 n\u00fcfusa sahip b\u00fcy\u00fcleyici bir kasabad\u0131r. Kuzey Ren-Vestfalya ve Hollanda s\u0131n\u0131r\u0131nda bulunan bu pitoresk yer, Nordhorn&#039;un yakla\u015f\u0131k 15 kilometre g\u00fcneyinde ve Enschede&#039;nin 20 kilometre kuzeydo\u011fusundad\u0131r. Kasaban\u0131n stratejik konumu ve tarihi \u00f6nemi, kendi karakterini geli\u015ftirmi\u015f ve onu hem yerliler hem de ziyaret\u00e7iler i\u00e7in ilgi \u00e7ekici bir yer haline getirmi\u015ftir.<\/p>","protected":false},"author":1,"featured_media":17469,"parent":13736,"menu_order":0,"comment_status":"closed","ping_status":"closed","template":"elementor_theme","meta":{"_eb_attr":"","footnotes":""},"class_list":["post-16557","page","type-page","status-publish","has-post-thumbnail"],"_links":{"self":[{"href":"https:\/\/travelshelper.com\/tr\/wp-json\/wp\/v2\/pages\/16557","targetHints":{"allow":["GET"]}}],"collection":[{"href":"https:\/\/travelshelper.com\/tr\/wp-json\/wp\/v2\/pages"}],"about":[{"href":"https:\/\/travelshelper.com\/tr\/wp-json\/wp\/v2\/types\/page"}],"author":[{"embeddable":true,"href":"https:\/\/travelshelper.com\/tr\/wp-json\/wp\/v2\/users\/1"}],"replies":[{"embeddable":true,"href":"https:\/\/travelshelper.com\/tr\/wp-json\/wp\/v2\/comments?post=16557"}],"version-history":[{"count":0,"href":"https:\/\/travelshelper.com\/tr\/wp-json\/wp\/v2\/pages\/16557\/revisions"}],"up":[{"embeddable":true,"href":"https:\/\/travelshelper.com\/tr\/wp-json\/wp\/v2\/pages\/13736"}],"wp:featuredmedia":[{"embeddable":true,"href":"https:\/\/travelshelper.com\/tr\/wp-json\/wp\/v2\/media\/17469"}],"wp:attachment":[{"href":"https:\/\/travelshelper.com\/tr\/wp-json\/wp\/v2\/media?parent=16557"}],"curies":[{"name":"wp","href":"https:\/\/api.w.org\/{rel}","templated":true}]}}