{"id":16551,"date":"2024-09-23T12:38:53","date_gmt":"2024-09-23T12:38:53","guid":{"rendered":"https:\/\/travelshelper.com\/staging\/?page_id=16551"},"modified":"2026-03-12T00:21:10","modified_gmt":"2026-03-12T00:21:10","slug":"bad-bellingen","status":"publish","type":"page","link":"https:\/\/travelshelper.com\/tr\/destinations\/europe\/germany\/bad-bellingen\/","title":{"rendered":"Bad Bellingen"},"content":{"rendered":"<p>Almanya&#039;n\u0131n L\u00f6rrach b\u00f6lgesinde 16,93 kilometrekarelik bir alana yay\u0131lm\u0131\u015f 4.504 n\u00fcfuslu bir belediye olan Bad Bellingen, G\u00fcney Kara Orman&#039;\u0131n ete\u011finde, Yukar\u0131 Ren Ovas\u0131&#039;nda e\u015fsiz bir konuma sahiptir ve do\u011frudan Frans\u0131z s\u0131n\u0131r\u0131na biti\u015fiktir. Kuzeyde M\u00fcllheim ile g\u00fcneyde L\u00f6rrach aras\u0131nda, bat\u0131da ise Mulhouse&#039;un sadece 18 kilometre uza\u011f\u0131nda yer alan bu topluluk, hem ovalar\u0131n verimli alanlar\u0131n\u0131 hem de Ren&#039;in \u00f6tesindeki ormanl\u0131k yama\u00e7lar\u0131 kucaklar.<\/p>\n<p>Manzara d\u00f6rt eski k\u00f6yde ortaya \u00e7\u0131k\u0131yor: Bad Bellingen, Bamlach, Hertingen ve Rheinweiler. Her biri 1 Ocak 1975&#039;ten beri tek bir belediye idaresini payla\u015fsalar bile kendi karakterlerini koruyorlar. 4,26 km\u00b2&#039;de 1.926 sakini olan en b\u00fcy\u00fck il\u00e7e olan Bellingen, tarihi \u00e7ekirde\u011fini spa b\u00f6lgesiyle birle\u015ftiriyor; 4,38 km\u00b2&#039;de 762 ki\u015fiye ev sahipli\u011fi yapan Bamlach, \u00fcz\u00fcm ba\u011flar\u0131 yama\u00e7lar\u0131na yay\u0131l\u0131yor; Hertingen&#039;in 672 sakini 5,66 km\u00b2 tar\u0131m arazisi ve orman\u0131 i\u015fgal ediyor; ve Rheinweiler&#039;in 1.144 sakini Ren Nehri&#039;nin k\u0131y\u0131s\u0131nda sadece 2,63 km\u00b2&#039;lik bir alanda ya\u015f\u0131yor. Bu alt b\u00f6l\u00fcmler, her biri eyalet yasas\u0131 uyar\u0131nca birer &#034;Ortsteil&#034; olarak tan\u0131nan eski \u00f6zerk belediyelere tam olarak kar\u015f\u0131l\u0131k geliyor.<\/p>\n<p>K\u00f6kenleri, 1006&#039;da kraliyet t\u00fcz\u00fc\u011f\u00fcnde ilk kez Bellikon olarak bilinen bir Alemannik mezras\u0131n\u0131n ortaya \u00e7\u0131kt\u0131\u011f\u0131 bin y\u0131ldan daha eskilere dayan\u0131r. Tar\u0131m k\u00f6y\u00fcnden bal\u0131k\u00e7\u0131 ve ba\u011fc\u0131l\u0131k yerle\u015fimine d\u00f6n\u00fc\u015f\u00fcm\u00fc y\u00fczy\u0131llar boyunca yerel lordlar taraf\u0131ndan denetlenmi\u015ftir. 1418&#039;den 1805&#039;teki Pressburg Bar\u0131\u015f\u0131&#039;na kadar Andlau Baronlar\u0131, Napolyon&#039;un yeniden d\u00fczenlemeleri b\u00f6lgeyi Baden B\u00fcy\u00fck D\u00fckal\u0131\u011f\u0131&#039;na devredene kadar Yukar\u0131 Avusturya&#039;n\u0131n bir par\u00e7as\u0131 olarak b\u00f6lgeyi y\u00f6netmi\u015ftir.<\/p>\n<p>\u0130kinci D\u00fcnya Sava\u015f\u0131 y\u0131k\u0131m getirdi: 1945&#039;te in\u015fa edilen yap\u0131n\u0131n yakla\u015f\u0131k be\u015fte ikisi harabe halindeydi. \u00c7at\u0131\u015fmadan sonraki yeniden in\u015fa, iddial\u0131 m\u00fchendislik projeleriyle kesi\u015fti. 1928&#039;de ba\u015flat\u0131lan ancak sava\u015f s\u0131ras\u0131nda ask\u0131ya al\u0131nan Yanal Ren Kanal\u0131, Alsas taraf\u0131nda yeniden ba\u015flat\u0131ld\u0131 ve ovalar\u0131n bir k\u0131sm\u0131 kurutuldu ve bo\u015f b\u0131rak\u0131ld\u0131. Ekonomiyi \u00e7e\u015fitlendirmeyi ama\u00e7layan yerel yetkililer, petrol i\u00e7in test sondaj\u0131na izin verdi. Siyah alt\u0131n yerine, ara\u015ft\u0131rmac\u0131lar 28 Kas\u0131m 1956&#039;da bir termal su kayna\u011f\u0131na ula\u015ft\u0131. Daha sonra Markusquelle ad\u0131n\u0131 alan bu ilk sondaj, 36 \u00b0C&#039;de su verdi. Bunu iki kaynak daha izledi: 1972&#039;de 35,5 \u00b0C&#039;de Leodegar Kayna\u011f\u0131 ve 1974&#039;te 40,7 \u00b0C&#039;de Eberhard Kayna\u011f\u0131. Bu sodyum-kalsiyum klor\u00fcr kaynaklar\u0131 birlikte, b\u00f6lgenin yerle\u015fik kapl\u0131ca kasabalar\u0131na - Badenweiler, Bad Krozingen, Freiburg ve Baden-Baden - \u015fifal\u0131 dald\u0131rma olana\u011f\u0131 sunarak kat\u0131ld\u0131.<\/p>\n<p>Yeni kimli\u011finin tan\u0131nmas\u0131 i\u00e7in, topluluk 14 Ekim 1969&#039;da resmi olarak Bad \u00f6nekini benimsedi ve da\u011f\u0131lan M\u00fcllheim b\u00f6lgesinden 1972&#039;de L\u00f6rrach&#039;a ta\u015f\u0131nd\u0131. Yeni kurulan spa&#039;n\u0131n ilk havuzlar\u0131 yeniden i\u015flevlendirilmi\u015f \u015farap k\u00fcvetlerinden olu\u015fuyordu. Sonraki on y\u0131llarda Balinea termal kompleksi \u015fekillendi ve \u015fu anda \u00fc\u00e7 \u0131s\u0131tmal\u0131 havuz, bir su basma tesisi, farkl\u0131 s\u0131cakl\u0131klarda be\u015f sauna, bir buhar banyosu, s\u0131cak su havuzu ve \u00d6l\u00fc Deniz tuzuyla kapl\u0131 tenha bir ma\u011fara bulunuyor. Ma\u011faran\u0131n kuru atmosferinde (21 \u00b0C&#039;de sadece nem) k\u0131rk be\u015f dakikal\u0131k seanslar\u0131n solunum ve sinir rahats\u0131zl\u0131klar\u0131na iyi geldi\u011fi s\u00f6yleniyor.<\/p>\n<p>Spa&#039;n\u0131n \u00f6n\u00fcnde, Erich Hauser&#039;in an\u0131tsal \u00e7elik heykeli dikkat \u00e7ekiyor. 14 Haziran 1992&#039;de kasabaya yerli o\u011ful Franz Mary taraf\u0131ndan ba\u011f\u0131\u015flanan soyut eser, cilal\u0131 y\u00fczeyleri termal buhar\u0131n ve g\u00fcne\u015f \u0131\u015f\u0131\u011f\u0131n\u0131n yans\u0131malar\u0131n\u0131 yakalayarak yerel bir yenilenme sembol\u00fc haline geldi.<\/p>\n<p>Bad Bellingen&#039;deki dini ya\u015fam Katolik ve Protestan gelenekleri aras\u0131nda denge kurar. St Leodegar cemaat kilisesi merkez b\u00f6lgeye hizmet ederken, Bamlach, Rheinweiler&#039;deki St Nikolaus \u015fapelinin yan\u0131nda St Peter ve Paul cemaatine ev sahipli\u011fi yapar. Her ikisi de Schliengen\u2013Bad Bellingen pastoral birimine aittir. Bir Protestan cemaat ofisi kapl\u0131ca kasabas\u0131n\u0131n kendisinde varl\u0131\u011f\u0131n\u0131 s\u00fcrd\u00fcrmektedir.<\/p>\n<p>Her b\u00f6lge orta\u00e7a\u011f lordluklar\u0131n\u0131n izlerini ta\u015f\u0131r. \u0130lk olarak 1097&#039;de belgelenen Rheinweiler&#039;de, von Rotberg ailesinin \u015fatosu feodal y\u00f6netimin bir hat\u0131rlat\u0131c\u0131s\u0131 olarak durmaktad\u0131r. 14. y\u00fczy\u0131lda Basel merkezli von Schaler ailesi k\u00f6y\u00fc elinde tutuyordu ve k\u00f6y 1434&#039;te Rotberg \u015e\u00f6valyeleri&#039;ne ge\u00e7ti. General M\u00f6rs komutas\u0131ndaki Avusturya kuvvetleri 1793&#039;te Rheinweiler Muharebesi&#039;nde Devrimci Frans\u0131z Ordusu&#039;nu durdurarak Ren Nehri&#039;ni ge\u00e7melerini engelledi. K\u00f6y daha sonra Pressburg komutas\u0131ndaki Baden&#039;e kat\u0131ld\u0131. Rheinweiler&#039;in 20. y\u00fczy\u0131l tarihi, 21 Temmuz 1971&#039;de 370 numaral\u0131 &#034;\u0130svi\u00e7re Ekspresi&#034; adl\u0131 ekspres trenin saat 13:10&#039;da bir virajda raydan \u00e7\u0131kmas\u0131yla trajik bir hal ald\u0131. Kazada 23 ki\u015fi \u00f6ld\u00fc, 121 ki\u015fi yaraland\u0131. 75 km\/s h\u0131zla seyreden bir virajda a\u015f\u0131r\u0131 h\u0131z, Alman Federal Demiryollar\u0131&#039;n\u0131n nokta tren kontrol\u00fc uygulamas\u0131na ge\u00e7mesine ve g\u00fcvenlik sistemi tepki s\u00fcrelerini k\u0131saltmas\u0131na yol a\u00e7t\u0131 ve Federal Adalet Divan\u0131&#039;n\u0131n \u00e7\u0131\u011f\u0131r a\u00e7an bir karar\u0131, operat\u00f6rlerin g\u00fcvenlik y\u00fck\u00fcml\u00fcl\u00fcklerini g\u00fc\u00e7lendirdi.<\/p>\n<p>\u0130lk olarak 1130&#039;da ad\u0131 ge\u00e7en Bamlach, y\u00fczy\u0131llar boyunca Rotberg baronlar\u0131 alt\u0131nda ya\u015fad\u0131. Engebeli \u00fcz\u00fcm ba\u011flar\u0131 ve meyve bah\u00e7eleriyle dolu k\u0131rsal\u0131, 1991&#039;de Roma antik d\u00f6neminden modern iyile\u015fme d\u00f6nemine kadar banyo k\u00fclt\u00fcr\u00fcn\u00fc izlemek i\u00e7in kurulan Yukar\u0131 Ren Kapl\u0131ca M\u00fczesi&#039;ne ev sahipli\u011fi yap\u0131yor. Sergileri aras\u0131nda ilk spa havuzlar\u0131 olarak hizmet veren orijinal \u015farap k\u00fcvetlerinden biri duruyor. Yak\u0131nlarda, Maria H\u00fcgel \u015fapelini sergilemek i\u00e7in Kapellenberg tepesi y\u00fckseliyor. 1866&#039;da eski bir Marian heykelinin \u00fczerine dikilen, 1945&#039;te y\u0131k\u0131lan ve alt\u0131 y\u0131l sonra restore edilen \u015fapel, Hugo Eckert taraf\u0131ndan oyulmu\u015f ah\u015fap bir benzerli\u011fi bar\u0131nd\u0131r\u0131yor. \u015eapelin bak\u0131\u015f a\u00e7\u0131s\u0131ndan, a\u00e7\u0131k g\u00fcnlerde g\u00f6zlemciler Vosges&#039;teki Hartmannswillerkopf&#039;u g\u00f6rebilirler.<\/p>\n<p>Bamlacher yama\u00e7lar\u0131nda ba\u011fc\u0131l\u0131k devam ediyor ve Pinot Blanc, Pinot Gris, M\u00fcller-Thurgau ve Pinot Noir \u00fcretiyor. Orta\u00e7a\u011f k\u00f6kenleri ve terk edilmi\u015f Kleinhertingen k\u00f6y\u00fcyle Hertingen, sakin bir havay\u0131 koruyor. \u00c7iftlikleri ve Hertinger M\u00fchle&#039;deki R\u00f6nesans tarz\u0131 de\u011firmen, y\u00fczy\u0131llard\u0131r s\u00fcren k\u0131rsal giri\u015fimcili\u011fi anlat\u0131yor.<\/p>\n<p>Y\u00f6netim, Bad Bellingen&#039;i, Schliengen&#039;in y\u00fcr\u00fctme belediyesi oldu\u011fu ortak bir idari topluluk arac\u0131l\u0131\u011f\u0131yla kom\u015fusu Schliengen ile uyumlu hale getirir. Belediye meclisi, belediye ba\u015fkan\u0131n\u0131n yan\u0131 s\u0131ra 17 fahri meclis \u00fcyesinden olu\u015fur. 9 Haziran 2024 se\u00e7imleri, CDU\/Ba\u011f\u0131ms\u0131z ve \u00d6zg\u00fcr Se\u00e7menler listelerine yedi\u015fer sandalye (her ikisi de ,45) ve SPD&#039;ye \u00fc\u00e7 sandalye (y\u00fczde 20,83) verdi. CDU&#039;dan Carsten Vogelpohl, 2018&#039;den beri belediye ba\u015fkan\u0131 olarak g\u00f6rev yap\u0131yor.<\/p>\n<p>8 Aral\u0131k 1978&#039;de verilen belediye armas\u0131, g\u00fcm\u00fc\u015f dalgal\u0131 bir bantla ikiye b\u00f6l\u00fcnm\u00fc\u015f bir kalkan\u0131 i\u00e7erir. Yukar\u0131da, mavi renkte, dalgadan g\u00fcm\u00fc\u015f bir \u00e7e\u015fme f\u0131\u015fk\u0131r\u0131r; a\u015fa\u011f\u0131da, ye\u015fil renkte, stilize edilmi\u015f alt\u0131n bir \u00fcz\u00fcm salk\u0131m\u0131. Tasar\u0131m, kasaban\u0131n spa ve \u015faraptan olu\u015fan ikiz s\u00fctunlar\u0131n\u0131, aralar\u0131nda akan Ren Nehri ak\u0131nt\u0131lar\u0131yla birle\u015ftirir.<\/p>\n<p>S\u0131n\u0131r \u00f6tesi ba\u011flar, Fransa&#039;n\u0131n Haut-Rhin b\u00f6lgesindeki Petit-Landau ve \u0130svi\u00e7re&#039;nin Basel-Landschaft b\u00f6lgesindeki Reigoldswil ile resmi ortakl\u0131klarda devam ediyor. K\u00fclt\u00fcrel ya\u015fam, Guggemusik Rondo Bellinziano&#039;nun Guggeball&#039;u, yerel m\u00fczik derne\u011finin y\u0131ll\u0131k konseri, her Temmuz ay\u0131n\u0131n sonlar\u0131nda d\u00fczenlenen I\u015f\u0131k Festivali, her A\u011fustos ay\u0131nda Hertingen&#039;de d\u00fczenlenen \u00e7im pist yar\u0131\u015flar\u0131, Temmuz ay\u0131n\u0131n ilk haftasonunda Bamlach\/Rheinweiler spor kul\u00fcb\u00fcn\u00fcn Gr\u00fcmpel turnuvas\u0131, \u015eubat ay\u0131ndaki karnaval lonca ak\u015famlar\u0131 ve her Nisan ay\u0131nda d\u00fczenlenen Rheinauenlauf yar\u0131\u015f\u0131 gibi etkinliklerle ortaya \u00e7\u0131k\u0131yor.<\/p>\n<p>Ekonomik olarak, kapl\u0131calar tar\u0131m\u0131 \u00f6ne \u00e7\u0131kararak geride b\u0131rakm\u0131\u015ft\u0131r. 2.000&#039;den fazla konuk yata\u011f\u0131 y\u0131lda yakla\u015f\u0131k 350.000 gecelik konaklamaya ev sahipli\u011fi yaparak turizmi ba\u015fl\u0131ca gelir kayna\u011f\u0131 haline getirmi\u015ftir. Yine de tarlalar ve \u00fcz\u00fcm ba\u011flar\u0131 k\u0131rsal\u0131 \u015fekillendirirken, Balinea banyolar\u0131 Avrupa&#039;n\u0131n d\u00f6rt bir yan\u0131ndan sa\u011fl\u0131k arayanlar\u0131 \u00e7ekmektedir.<\/p>\n<p>Ula\u015f\u0131m ba\u011flant\u0131lar\u0131 kasaban\u0131n eri\u015filebilirli\u011fini g\u00fc\u00e7lendirir. Ren Vadisi Demiryolu (Mannheim-Basel) Bad Bellingen ve Rheinweiler&#039;de durur ve g\u00fcneydeki Basel Badischer Bahnhof&#039;a ve kuzeydeki Freiburg im Breisgau&#039;ya saatlik b\u00f6lgesel trenler sa\u011flar. Bisiklet\u00e7iler belediyeyi g\u00fcnl\u00fck rotalar ve uzun mesafeli patikalar arac\u0131l\u0131\u011f\u0131yla ge\u00e7er: Baden \u015earap Bisiklet Rotas\u0131 Bamlach&#039;\u0131n \u00fcz\u00fcm ba\u011flar\u0131ndan ge\u00e7er; EuroVelo 15 ve Almanya&#039;n\u0131n D-Route 8&#039;inin bir par\u00e7as\u0131 olan Ren Bisiklet Rotas\u0131 Ren&#039;i kuzeye do\u011fru takip eder; ve G\u00fcney Kara Orman Bisiklet Rotas\u0131 nehir k\u0131y\u0131s\u0131 boyunca k\u0131vr\u0131l\u0131r. Yol kullan\u0131c\u0131lar\u0131, yerel bir servis alan\u0131yla tamamlanan A5 otoyoluna Efringen-Kirchen (8 km) ve M\u00fcllheim\/Neuenburg&#039;daki (6 km) kav\u015faklar \u00fczerinden eri\u015firken, A3 federal otoyolu Freiburg ve L\u00f6rrach aras\u0131ndaki rotada Hertingen&#039;i \u00e7evreler. EuroAirport Basel-Mulhouse-Freiburg arabayla yakla\u015f\u0131k yirmi dakika uzakl\u0131ktad\u0131r.<\/p>\n<p>Rheinweiler&#039;de bir ilkokul ve il\u00e7elere da\u011f\u0131lm\u0131\u015f \u00fc\u00e7 belediye anaokulu, gen\u00e7 ailelerin hem bak\u0131m hem de e\u011fitimi kolayca bulabilmelerini sa\u011flayacak \u015fekilde e\u011fitim imk\u00e2n\u0131 sa\u011fl\u0131yor.<\/p>\n<p>Bad Bellingen bug\u00fcn k\u0131rsal miras, s\u0131n\u0131r \u00f6tesi etkile\u015fimler ve \u015fifal\u0131 sulardan \u00f6r\u00fclm\u00fc\u015f tutarl\u0131 bir goblen sunuyor. M\u00fctevaz\u0131 n\u00fcfusu ve kompakt ayak izi \u015fa\u015f\u0131rt\u0131c\u0131 bir deneyim \u00e7e\u015fitlili\u011fini gizliyor: orta\u00e7a\u011f kaleleri ve modern spa mimarisi; asmalarla kapl\u0131 yama\u00e7lar ve al\u00e7ak ovalar; y\u00fczy\u0131llard\u0131r s\u00fcregelen gelenekleri ve uluslararas\u0131 bir m\u00fc\u015fteri kitlesini \u00e7eken \u00e7a\u011fda\u015f sa\u011fl\u0131k hizmetlerini destekleyen festivaller. Bu geni\u015flik, Ren Nehri&#039;nin akan ana caddesinde ve \u00e7evresinden y\u00fckselen s\u0131cak kaynaklarda birlik buluyor, asma ve k\u00f6y\u00fc ortak bir dayan\u0131kl\u0131l\u0131k ve yenilenme anlat\u0131s\u0131nda birle\u015ftiriyor.<\/p>","protected":false},"excerpt":{"rendered":"<p>Almanya&#039;n\u0131n Baden-W\u00fcrttemberg eyaletinde bulunan \u00e7ekici bir belediye olan Bad Bellingen, bat\u0131da Fransa ile s\u0131n\u0131r kom\u015fusu olan manzaral\u0131 bir kasabad\u0131r. L\u00f6rrach b\u00f6lgesinde bulunan bu b\u00fcy\u00fcleyici yer, do\u011fal g\u00fczellik, tarihi \u00f6nem ve \u00e7a\u011fda\u015f sa\u011fl\u0131k olanaklar\u0131n\u0131n belirgin bir kombinasyonuna sahiptir. Kesin n\u00fcfus istatistikleri mevcut olmasa da, Bad Bellingen&#039;in k\u00fc\u00e7\u00fck ama dinamik bir k\u00f6y olarak nitelendirilmesi, a\u00e7\u0131klamas\u0131ndan ve olanaklar\u0131ndan a\u00e7\u0131k\u00e7a anla\u015f\u0131lmaktad\u0131r.<\/p>","protected":false},"author":1,"featured_media":17468,"parent":13736,"menu_order":0,"comment_status":"closed","ping_status":"closed","template":"elementor_theme","meta":{"_eb_attr":"","footnotes":""},"class_list":["post-16551","page","type-page","status-publish","has-post-thumbnail"],"_links":{"self":[{"href":"https:\/\/travelshelper.com\/tr\/wp-json\/wp\/v2\/pages\/16551","targetHints":{"allow":["GET"]}}],"collection":[{"href":"https:\/\/travelshelper.com\/tr\/wp-json\/wp\/v2\/pages"}],"about":[{"href":"https:\/\/travelshelper.com\/tr\/wp-json\/wp\/v2\/types\/page"}],"author":[{"embeddable":true,"href":"https:\/\/travelshelper.com\/tr\/wp-json\/wp\/v2\/users\/1"}],"replies":[{"embeddable":true,"href":"https:\/\/travelshelper.com\/tr\/wp-json\/wp\/v2\/comments?post=16551"}],"version-history":[{"count":0,"href":"https:\/\/travelshelper.com\/tr\/wp-json\/wp\/v2\/pages\/16551\/revisions"}],"up":[{"embeddable":true,"href":"https:\/\/travelshelper.com\/tr\/wp-json\/wp\/v2\/pages\/13736"}],"wp:featuredmedia":[{"embeddable":true,"href":"https:\/\/travelshelper.com\/tr\/wp-json\/wp\/v2\/media\/17468"}],"wp:attachment":[{"href":"https:\/\/travelshelper.com\/tr\/wp-json\/wp\/v2\/media?parent=16551"}],"curies":[{"name":"wp","href":"https:\/\/api.w.org\/{rel}","templated":true}]}}