{"id":16260,"date":"2024-09-22T19:18:12","date_gmt":"2024-09-22T19:18:12","guid":{"rendered":"https:\/\/travelshelper.com\/staging\/?page_id=16260"},"modified":"2026-03-11T23:40:06","modified_gmt":"2026-03-11T23:40:06","slug":"otepaa","status":"publish","type":"page","link":"https:\/\/travelshelper.com\/tr\/destinations\/europe\/estonia\/otepaa\/","title":{"rendered":"Otep\u00e4\u00e4"},"content":{"rendered":"<p>Estonya&#039;n\u0131n en y\u00fcksek rak\u0131mlar\u0131n\u0131n tepesinde konumlanan ve binlerce y\u0131ll\u0131k insan varl\u0131\u011f\u0131na dayanan Otep\u00e4\u00e4 kasabas\u0131, antik surlar\u0131, ba\u011fl\u0131l\u0131\u011f\u0131 ve gelene\u011fi, \u00f6nc\u00fc k\u0131\u015f sporlar\u0131n\u0131 ve dayan\u0131kl\u0131 k\u0131rsal ya\u015fam\u0131 tek bir anlat\u0131da bir araya getiriyor. Otep\u00e4\u00e4&#039;n\u0131n k\u00f6kenleri M\u00d6 6. y\u00fczy\u0131la kadar uzan\u0131yor, stratejik tepe kalesi Viking ak\u0131nlar\u0131na ve ha\u00e7l\u0131 ku\u015fatmalar\u0131na tan\u0131kl\u0131k etti ve Estonya&#039;n\u0131n &#034;k\u0131\u015f ba\u015fkenti&#034; olarak modern kimli\u011fi, tar\u0131m fuarlar\u0131ndan ve bayrak \u00e7ekme t\u00f6renlerinden d\u00fcnya standartlar\u0131nda kros etkinliklerine kadar her \u015fey taraf\u0131ndan \u015fekillendirildi.<\/p>\n<p>Otep\u00e4\u00e4&#039;n\u0131n sil\u00fceti, deniz seviyesinden 152 metre y\u00fcksekli\u011fe kadar y\u00fckselen \u00e7\u0131plak yama\u00e7lar\u0131 olan Kilise Tepesi ile tan\u0131mlan\u0131r; d\u00fcz Estonya&#039;da pek olas\u0131 olmayan bir belirginliktir, ancak \u015fehre benzersiz mikro iklimini ve iki bin y\u0131ldan fazla bir s\u00fcre yerle\u015fimcileri kendine \u00e7eken bir bak\u0131\u015f a\u00e7\u0131s\u0131n\u0131 kazand\u0131rmaya yeter. Erken G\u00fcney Estonya leh\u00e7elerinde &#034;Ott&#039;s Head&#034; olarak ge\u00e7en Otep\u00e4\u00e4 ad\u0131, buzul \u00e7ekilmesiyle oyulmu\u015f bir ay\u0131n\u0131n sil\u00fcetini \u00e7a\u011fr\u0131\u015ft\u0131r\u0131r; &#034;Ott&#034;, e\u015fit \u00f6l\u00e7\u00fcde sayg\u0131 duyulan ve korkulan yarat\u0131k i\u00e7in yerel bir \u00f6rtmece i\u015flevi g\u00f6r\u00fcr. Buras\u0131, basit\u00e7e Town Hill olarak bilinen yerin sarp y\u00fcksekliklerinde, M\u00d6 6. y\u00fczy\u0131lda en eski ah\u015fap konutlar\u0131n ve toprak i\u015flerinin ortaya \u00e7\u0131kt\u0131\u011f\u0131 ve ard\u0131ndan 7. ve 8. y\u00fczy\u0131llar boyunca s\u00fcrekli yerle\u015fimin izlendi\u011fi yerdi; bu, sitenin savunma vaadinin ve b\u00f6lgesel ticaret yollar\u0131ndaki dayana\u011f\u0131n\u0131n bir kan\u0131t\u0131d\u0131r.<\/p>\n<p>Da\u011f\u0131n\u0131k ta\u015f duvar ve hendek kal\u0131nt\u0131lar\u0131, Otep\u00e4\u00e4&#039;n\u0131n 1116&#039;da Rus kroniklerinde katalogland\u0131\u011f\u0131 ve Kuzey Ha\u00e7l\u0131 Seferleri s\u0131ras\u0131nda tekrar odak noktas\u0131 haline geldi\u011fi orta\u00e7a\u011f b\u00f6l\u00fcm\u00fcne tan\u0131kl\u0131k ediyor. 1208&#039;de kale ilk ha\u00e7l\u0131 sald\u0131r\u0131s\u0131na maruz kald\u0131 ve yakla\u015f\u0131k on y\u0131l sonra, \u00e7evredeki Ugala b\u00f6lgesinin yerel sakinleri, 1217&#039;de Kiev Rus&#039;un g\u00fc\u00e7lerini geri p\u00fcsk\u00fcrtt\u00fcler; bu, Hristiyan ve pagan sadakatleri aras\u0131ndaki karma\u015f\u0131k bir etkile\u015fimin simgesiydi. 1224&#039;te gelgit geri d\u00f6n\u00fclmez bir \u015fekilde de\u011fi\u015fmi\u015fti. Dorpat Piskoposu Hermann&#039;\u0131n himayesindeki Alman ha\u00e7l\u0131lar ah\u015fap palisadlar\u0131 y\u0131kt\u0131 ve Estonya&#039;n\u0131n a\u00e7\u0131l\u0131\u015f ta\u015f kalesini ayn\u0131 eski surlar\u0131n \u00fczerine in\u015fa etti. Bu yeni kale - Ta\u015f Kale - h\u0131zla Balt\u0131k&#039;taki ilk tu\u011fla yap\u0131lardan biri haline geldi; duvarlar\u0131 hem do\u011fa olaylar\u0131na hem de daha fazla ak\u0131na dayanacak \u015fekilde tasarland\u0131.<\/p>\n<p>Otep\u00e4\u00e4&#039;n\u0131n talihi ini\u015f \u00e7\u0131k\u0131\u015fl\u0131 bir seyir izlerken inan\u00e7 ve siyaset i\u00e7 i\u00e7e ge\u00e7mi\u015f durumdayd\u0131. Dorpat Piskoposlu\u011funun piskoposluk merkezi olan Tartu, 14. y\u00fczy\u0131lda Otep\u00e4\u00e4&#039;y\u0131 g\u00f6lgede b\u0131rakt\u0131 ve tepedeki kale kullan\u0131lmaz hale geldi. \u00c7eli\u015fkili kay\u0131tlar, Livonya D\u00fczeni ile ya\u015fanan i\u00e7 m\u00fccadeleler s\u0131ras\u0131nda 1396 civar\u0131nda terk edildi\u011fini \u00f6ne s\u00fcrse de baz\u0131 arkeologlar i\u015fgalin 1477&#039;ye kadar s\u00fcrd\u00fc\u011f\u00fcn\u00fc \u00f6ne s\u00fcr\u00fcyor. Geride b\u0131rak\u0131lan kal\u0131nt\u0131lar aras\u0131nda dikkat \u00e7ekici bir eser vard\u0131: Kalenin ta\u015f i\u015f\u00e7ili\u011finin i\u00e7inde ortaya \u00e7\u0131kar\u0131lan ve en az 1396 y\u0131l\u0131na tarihlenen Avrupa&#039;n\u0131n en eski hayatta kalan ate\u015fli silah\u0131. Bu ilkel el topu, ge\u00e7 orta\u00e7a\u011f sava\u015flar\u0131na dair e\u015fsiz bir bak\u0131\u015f a\u00e7\u0131s\u0131 sunuyor ve Otep\u00e4\u00e4&#039;n\u0131n geli\u015fen askeri teknolojinin kav\u015fa\u011f\u0131nda yerini vurguluyor.<\/p>\n<p>Otep\u00e4\u00e4, 1862&#039;de Nuustaku ad\u0131yla yeniden ortaya \u00e7\u0131kmadan \u00f6nce y\u00fczy\u0131llar s\u00fcren bir tar\u0131msal ya\u015fam izledi ve yerle\u015fime kentsel haklar verildi. Bu de\u011fi\u015fim u\u011furlu oldu. 1876&#039;da Nuustaku Kilise Malikanesi&#039;nde, b\u00f6lgenin tar\u0131m topluluklar\u0131 Estonya&#039;n\u0131n k\u0131rsal uyan\u0131\u015f\u0131n\u0131 m\u00fcjdeleyen bir a\u00e7\u0131l\u0131\u015f fuar\u0131 d\u00fczenledi. Sekiz y\u0131l sonra, 4 Haziran 1884&#039;te, Estonya&#039;n\u0131n ulusal bayra\u011f\u0131 olacak \u00fc\u00e7 renkli bayrak, Estonya \u00d6\u011frenci Toplulu\u011fu taraf\u0131ndan d\u00fczenlenen ve \u00fclkenin kendi kaderini tayin etme aray\u0131\u015f\u0131nda yank\u0131 bulacak bir t\u00f6renle kilisenin m\u00fctevaz\u0131 s\u0131n\u0131rlar\u0131 i\u00e7inde resmen adand\u0131. Nuustaku ad\u0131, tarihi Otep\u00e4\u00e4 ad\u0131n\u0131n geri getirildi\u011fi 1922&#039;ye kadar varl\u0131\u011f\u0131n\u0131 s\u00fcrd\u00fcrd\u00fc - k\u00fclt\u00fcrel bir geri kazan\u0131m eylemi - ve 1936&#039;da yerle\u015fim bir kez daha \u015fehir stat\u00fcs\u00fcne y\u00fckseltildi.<\/p>\n<p>Otep\u00e4\u00e4&#039;daki dini mimari bu katmanl\u0131 tarihleri \u200b\u200byans\u0131t\u0131r. Elli bir metrelik g\u00f6\u011fe uzanan sivri kulesiyle St. Mary Kilisesi, Orta \u00c7a\u011f&#039;a kadar uzanan bir ibadet alan\u0131n\u0131 i\u015fgal eder. Mevcut binan\u0131n \u00e7ekirde\u011fi 1860&#039;lara dayan\u0131r, ancak yap\u0131 1889 ile 1890 y\u0131llar\u0131 aras\u0131nda mimar R. Guleke y\u00f6netiminde \u00f6nemli bir yeniden yap\u0131land\u0131rmadan ge\u00e7mi\u015ftir. Yine de bu Viktorya d\u00f6nemi s\u00fcslemelerinin ortas\u0131nda bile, daha \u00f6nceki ta\u015f i\u015f\u00e7ili\u011finin par\u00e7alar\u0131 varl\u0131\u011f\u0131n\u0131 s\u00fcrd\u00fcrmektedir: 1772&#039;den kalma bir kap\u0131 kilidi, birka\u00e7 evreyi kapsayan koro elemanlar\u0131 ve Finlandiya&#039;n\u0131n Wihti cemaati taraf\u0131ndan 1992 gibi yak\u0131n bir tarihte hediye edilen bir \u00e7an.<\/p>\n<p>Co\u011frafya ve jeoloji, Otep\u00e4\u00e4&#039;n\u0131n hem do\u011fal g\u00fczelli\u011fini hem de rekreasyonel potansiyelini zenginle\u015ftirmek i\u00e7in bir araya gelir. Otep\u00e4\u00e4 Yaylas\u0131&#039;n\u0131n engebeli konturlar\u0131 i\u00e7inde yer alan kasaba, say\u0131s\u0131z g\u00f6lle noktalanm\u0131\u015f yakla\u015f\u0131k 2.859 kilometrekarelik bir rekreasyon b\u00f6lgesinin kalbinde yer al\u0131r. Bunlar\u0131n en \u00f6nemlisi, buzul havzas\u0131 \u015fehir merkezinden iki bu\u00e7uk kilometre g\u00fcneybat\u0131da par\u0131ldayan P\u00fchaj\u00e4rv G\u00f6l\u00fc&#039;d\u00fcr. Yaz aylar\u0131nda, g\u00f6l\u00fcn k\u0131y\u0131lar\u0131 tekne k\u00fcreklerinin d\u00f6nmesiyle, eski \u00e7amlar\u0131n alt\u0131nda piknik yapan ailelerin kahkahalar\u0131yla ve en iyi yoku\u015f a\u015fa\u011f\u0131 kayak\u00e7\u0131lar\u0131n\u0131n ormanl\u0131k yama\u00e7larda kuru ko\u015fu \u00e7eviklik testlerine cesaretle giri\u015fti\u011fi Saku Suverull&#039;un kat\u0131l\u0131mc\u0131 dostu yar\u0131\u015fmalar\u0131yla u\u011fultu yapar. K\u0131\u015f\u0131n, donmu\u015f y\u00fczey buz pateni i\u00e7in cam gibi bir alana d\u00f6n\u00fc\u015f\u00fcr ve yaln\u0131zl\u0131k arayan konuklar i\u00e7in, geni\u015f beyaz tarlalar aras\u0131nda yaln\u0131z d\u00fc\u015f\u00fcnme deneyimi.<\/p>\n<p>\u015eehrin tam i\u00e7inde, otob\u00fcs istasyonuyla ayn\u0131 binada bulunan Turist Bilgi Merkezi, yerel rotalara dair ayr\u0131nt\u0131l\u0131 rehberler, hem aktif hem de tefekk\u00fcr eden ziyaret\u00e7iler i\u00e7in g\u00fczergahlar ve m\u00fctevaz\u0131 bir hediyelik e\u015fya se\u00e7kisi sunar. Otob\u00fcsler Tartu, Valga, V\u00f5ru ve \u00f6tesinden d\u00fczenli olarak gelirken, ulusal yollar M2, B46, M3 ve B71, Otep\u00e4\u00e4&#039;y\u0131 arabayla kuzey, g\u00fcney, do\u011fu ve bat\u0131 noktalar\u0131na ba\u011flar. Ziyaret\u00e7i, kompakt merkeze indi\u011finde, y\u00fcr\u00fcmenin \u015fehrin s\u0131k\u0131\u015f\u0131k sokaklar\u0131n\u0131, k\u00fcmelenmi\u015f d\u00fckkanlar\u0131n\u0131 ve hemen \u00f6tesinde tepelerin belirdi\u011fi \u00e7ardaklar\u0131 \u00f6z\u00fcmsemenin en tatmin edici yolu oldu\u011funu ke\u015ffeder.<\/p>\n<p>Otep\u00e4\u00e4&#039;n\u0131n merkezi cazibe merkezleri hem merakl\u0131 tarih\u00e7ileri hem de incelikli ruhsal geometri tutkunlar\u0131n\u0131 \u00f6d\u00fcllendirir. Piskoposun kalesinin kal\u0131nt\u0131lar\u0131, 165,6 metre y\u00fckseklikteki Town Hill&#039;i ta\u00e7land\u0131r\u0131r; on \u00fc\u00e7 bin y\u0131l \u00f6nce yontulmu\u015f ve bin y\u0131l \u00f6nce g\u00fc\u00e7lendirilmi\u015f bir Buzul \u00c7a\u011f\u0131 drumlin&#039;i. Sadece birka\u00e7 duvar ayakta kalm\u0131\u015ft\u0131r, ancak her k\u0131r\u0131k kemer ve yosun kapl\u0131 ta\u015f, orta\u00e7a\u011f in\u015faat\u00e7\u0131lar\u0131n\u0131n eme\u011fini ve ge\u00e7mi\u015f ku\u015fatmalar\u0131n kas\u0131lmalar\u0131n\u0131 \u00e7a\u011fr\u0131\u015ft\u0131r\u0131r. Yak\u0131nlarda, Ta\u015f Labirent ve Enerji Merkezi olarak bilinen yer, geometri sanatlar\u0131n\u0131 ve rit\u00fceli birle\u015ftirir: Fransa&#039;daki Chartres tasar\u0131m\u0131n\u0131 an\u0131msatan on bir metre \u00e7ap\u0131nda bir ta\u015f spirali, bir tepee \u015feklindeki \u00e7ad\u0131rla birlikte. Yan\u0131nda, 1992&#039;de dikilen, oyulmu\u015f formlar\u0131 ve oturma yerleri pozitif alan hizalamas\u0131 ilkelerine g\u00f6re yerle\u015ftirilmi\u015f ah\u015fap Enerji S\u00fctunu durmaktad\u0131r. Yerel inan\u0131\u015fa g\u00f6re, s\u00fctunun taban\u0131nda durup ard\u0131ndan y\u00fczeyine dokunmak, canland\u0131r\u0131c\u0131 bir canl\u0131l\u0131k hissi uyand\u0131rabilir.<\/p>\n<p>Otep\u00e4\u00e4&#039;daki m\u00fczeler, k\u0131\u015f sporlar\u0131 ve ulusal kimli\u011fin i\u00e7 i\u00e7e ge\u00e7mi\u015f miraslar\u0131n\u0131 yans\u0131t\u0131r. Kayak ve Estonya Bayra\u011f\u0131 M\u00fczeleri, Andrus Veerpalu ve Kristina \u0160migun gibi sporcular\u0131n Olimpiyat kalibresindeki performanslar\u0131n\u0131 ve Estonya bayra\u011f\u0131n\u0131n do\u011fu\u015funu kronolojik olarak ele alan yenilenmi\u015f bir ah\u0131r binas\u0131n\u0131 i\u015fgal eder. Birka\u00e7 ad\u0131m \u00f6tede, K\u0131\u015f Sporlar\u0131 M\u00fczesi, kar ayakkab\u0131l\u0131 kararl\u0131l\u0131\u011f\u0131n Estonya&#039;n\u0131n \u0130skandinav-Balt\u0131k rekabetindeki yerini nas\u0131l \u015fekillendirdi\u011fini g\u00f6steren ekipman, madalya ve s\u00f6zl\u00fc tarih kal\u0131nt\u0131lar\u0131n\u0131 korur.<\/p>\n<p>\u015eehrin hemen \u00f6tesinde, panoramik manzaralar sizi bekliyor. Harim\u00e4gi Tepesi&#039;nin tepesinde bulunan Harim\u00e4e G\u00f6zlem Kulesi, tepe \u00e7iftliklerinin, hu\u015f a\u011fa\u00e7lar\u0131n\u0131n ve uzaktaki P\u00fchaj\u00e4rv G\u00f6l\u00fc&#039;n\u00fcn par\u0131lt\u0131s\u0131n\u0131n yuvarlanan patchwork&#039;\u00fcn\u00fc g\u00f6zlemlemek i\u00e7in yirmi d\u00f6rt metre y\u00fcksekli\u011finde bir platform sunuyor. Bir i\u015faret, 1991&#039;deki g\u00f6r\u00fcn\u00fcm\u00fcyle Otep\u00e4\u00e4&#039;n\u0131n ruhsal diyalog i\u00e7in beklenmedik bir s\u0131\u011f\u0131nak rol\u00fcn\u00fc vurgulayan Dalai Lama&#039;n\u0131n ziyaretini an\u0131yor.<\/p>\n<p>Buna kar\u015f\u0131l\u0131k, Tehvandi Kayakla Atlama Kulesi daha i\u00e7g\u00fcd\u00fcsel bir heyecan sunar. K\u0131\u015f\u0131n yaln\u0131zca \u00f6nceden d\u00fczenlemeyle a\u00e7\u0131k olsa da, kulenin merdivenleri ve platformlar\u0131 adrenalin dolu bir bak\u0131\u015f a\u00e7\u0131s\u0131 sunar ve ulusal yar\u0131\u015fmalar s\u0131ras\u0131nda birinci s\u0131n\u0131f atlay\u0131c\u0131lar\u0131n pe\u015finden ko\u015ftu\u011fu ba\u015f d\u00f6nd\u00fcr\u00fcc\u00fc g\u00fczelli\u011fi ima eder. Benzer \u015fekilde, Otep\u00e4\u00e4 Do\u011fa Park\u0131 kolayca ula\u015f\u0131labilecek bir yerde a\u00e7\u0131l\u0131r, orman patikalar\u0131 yosunlu t\u00fcmsekler aras\u0131nda oyulmu\u015f sessiz patikalar sunar, birinin tefekk\u00fcr dinlenmesi i\u00e7in durabilece\u011fi veya bir tav\u015fan\u0131n gizlice ge\u00e7i\u015fini takip edebilece\u011fi a\u00e7\u0131kl\u0131klar\u0131n yan\u0131nda.<\/p>\n<p>Mevsimsel ritimler Otep\u00e4\u00e4&#039;n\u0131n takviminde nab\u0131z gibi at\u0131yor. Leigo G\u00f6l\u00fc M\u00fczik Festivali&#039;ndeki su sahnelerindeki yaz konserleri, binlerce ki\u015fiyi, alacakaranl\u0131k \u00e7\u00f6kerken \u00e7ellistlerin ve piyanistlerin performans sergiledi\u011fi bir ada platformuna \u00e7ekiyor. Bu arada, daha sakin aktiviteler aras\u0131nda \u00e7am a\u011fa\u00e7lar\u0131yla \u00e7evrili tepelerde rehberli y\u00fcr\u00fcy\u00fc\u015fler ve ard\u0131ndan buzla oyulmu\u015f deliklere dalarak yap\u0131lan geleneksel duman saunalar\u0131na ziyaretler yer al\u0131yor; bu, s\u0131ca\u011fa ve buhara kar\u015f\u0131 duyusal bir kar\u015f\u0131tl\u0131k ve kal\u0131c\u0131 bir Estonya ar\u0131nma ayini.<\/p>\n<p>Kar birikmeye ba\u015flad\u0131\u011f\u0131nda, Otep\u00e4\u00e4 d\u00f6n\u00fc\u015f\u00fcr. Alp disiplini kayak\u00e7\u0131lar\u0131 Munakas Spor Tesisi&#039;nin yama\u00e7lar\u0131nda ve mekanik asans\u00f6rlerin ini\u015fe a\u00e7 merakl\u0131lar\u0131 ta\u015f\u0131d\u0131\u011f\u0131 Kuutsem\u00e4e Tatil Merkezi&#039;nin bak\u0131ml\u0131 pistlerinde bir araya gelir. Kros kayak\u00e7\u0131lar\u0131, kasaban\u0131n kenar\u0131ndaki stadyumdan ba\u015flayan Otep\u00e4\u00e4&#039;n\u0131n geni\u015f parkur a\u011f\u0131n\u0131 sahiplenir. Burada, daha so\u011fuk aylarda hasat edilen kar, hem e\u011fitim sahas\u0131 hem de halka a\u00e7\u0131k yol olarak hizmet veren 2,5 kilometrelik bir d\u00f6ng\u00fc dahil olmak \u00fczere g\u00fcvenilir bir devre sa\u011flamak i\u00e7in depolan\u0131r ve yeniden da\u011f\u0131t\u0131l\u0131r. Efsanevi Otep\u00e4\u00e4\u2013Tartu Maratonu, altm\u0131\u015f \u00fc\u00e7 kilometre uzunlu\u011fundad\u0131r ve parkuru orman, donmu\u015f batakl\u0131k ve iki tarihi kasaban\u0131n eteklerinden ge\u00e7er. Bu \u00f6nemli etkinli\u011fin d\u0131\u015f\u0131nda, yerel halk ve ziyaret\u00e7iler, bambu kam\u0131\u015flar ve yemli kancalarla P\u00fchaj\u00e4rv&#039;\u0131n buz \u00f6rt\u00fcs\u00fcnde hak iddia ederek Alt\u0131n Bal\u0131k buz bal\u0131k\u00e7\u0131l\u0131\u011f\u0131 yar\u0131\u015fmas\u0131na kat\u0131l\u0131rlar.<\/p>\n<p>Daha az yap\u0131land\u0131r\u0131lm\u0131\u015f e\u011flence arayanlar i\u00e7in g\u00f6l (kardan temizlendi\u011finde) spa otelinin a\u011f\u0131rl\u0131k odas\u0131nda paten kiralamaya izin verirken, k\u0131sa bir s\u00fcr\u00fc\u015fle konvey\u00f6rl\u00fc asans\u00f6r ve \u00f6zel olarak yap\u0131lm\u0131\u015f e\u011fime sahip bir kar t\u00fcp\u00fc pistine ula\u015fabilirsiniz. Kayaklara tak\u0131l\u0131 gidonlara sahip sert \u00e7er\u00e7eveler olan kar scooter&#039;lar\u0131, hem s\u0131k\u0131\u015f\u0131k patikalarda hem de donmu\u015f y\u00fczeylerde gezinmek i\u00e7in al\u0131\u015f\u0131lmad\u0131k yollar sunar; t\u00fcm ekipmanlar, ko\u015fullar ve g\u00fcvenlik konusunda tavsiyeleri sa\u011flam kiralamalar\u0131 kadar paha bi\u00e7ilmez olan Suusarent&#039;in deneyimli sahiplerinden temin edilebilir.<\/p>\n<p>Otep\u00e4\u00e4&#039;n\u0131n \u00e7ekicili\u011fi, a\u015f\u0131r\u0131l\u0131klar\u0131 uzla\u015ft\u0131rma kapasitesinde yatar: antik kal\u0131nt\u0131lar ve son teknoloji atletizm, sessizlik ve toplumsal kutlama, rit\u00fcel inan\u00e7 ve bilimsel e\u011fitim. Ki\u015finin amac\u0131, yosun kapl\u0131 ta\u015flar aras\u0131nda ha\u00e7l\u0131 ayak izlerinin yank\u0131s\u0131n\u0131 takip etmek, k\u00f6knar kokulu havada kayan kayaklar\u0131n ritminde teselli aramak veya sadece karla kapl\u0131 bir tepenin \u00fczerinde durup g\u00fcn bat\u0131m\u0131n\u0131n durgun beyaz bir d\u00fcnyay\u0131 yald\u0131zlamas\u0131n\u0131 izlemek olsun, Otep\u00e4\u00e4 hem tarihin sa\u011flaml\u0131\u011f\u0131n\u0131 hem de olas\u0131l\u0131klar\u0131n co\u015fkusunu sunar. Estonya&#039;n\u0131n y\u0131ll\u0131klar\u0131nda, donmu\u015f bir kal\u0131nt\u0131 olarak de\u011fil, gelenekleri -demir disiplin ve i\u00e7ten samimiyet- onu \u015fekillendirmeye ve ileriye ta\u015f\u0131maya devam eden canl\u0131 bir topluluk olarak varl\u0131\u011f\u0131n\u0131 s\u00fcrd\u00fcrmektedir.<\/p>","protected":false},"excerpt":{"rendered":"<p>G\u00fcney Estonya&#039;da bulunan Otep\u00e4\u00e4, \u00fclkenin tarihi \u00f6nemini ve do\u011fal manzaralar\u0131n\u0131 \u00f6rneklemektedir. Valga \u0130l\u00e7esi&#039;nde bulunan bu kasaba, Otep\u00e4\u00e4 Parish&#039;in idari merkezi olarak i\u015flev g\u00f6rmektedir ve Estonya&#039;n\u0131n \u00f6nde gelen k\u0131\u015f sporlar\u0131 merkezi stat\u00fcs\u00fcnden faydalanan bir n\u00fcfusa sahiptir. Deniz seviyesinden 152 metreye kadar y\u00fckseklikte bulunan Otep\u00e4\u00e4, Estonya&#039;n\u0131n en y\u00fcksek \u015fehri olarak kabul edilir ve bu da bir kayak merkezi olarak cazibesini \u00f6nemli \u00f6l\u00e7\u00fcde art\u0131r\u0131r.<\/p>","protected":false},"author":1,"featured_media":19093,"parent":14240,"menu_order":0,"comment_status":"closed","ping_status":"closed","template":"elementor_theme","meta":{"_eb_attr":"","footnotes":""},"class_list":["post-16260","page","type-page","status-publish","has-post-thumbnail"],"_links":{"self":[{"href":"https:\/\/travelshelper.com\/tr\/wp-json\/wp\/v2\/pages\/16260","targetHints":{"allow":["GET"]}}],"collection":[{"href":"https:\/\/travelshelper.com\/tr\/wp-json\/wp\/v2\/pages"}],"about":[{"href":"https:\/\/travelshelper.com\/tr\/wp-json\/wp\/v2\/types\/page"}],"author":[{"embeddable":true,"href":"https:\/\/travelshelper.com\/tr\/wp-json\/wp\/v2\/users\/1"}],"replies":[{"embeddable":true,"href":"https:\/\/travelshelper.com\/tr\/wp-json\/wp\/v2\/comments?post=16260"}],"version-history":[{"count":0,"href":"https:\/\/travelshelper.com\/tr\/wp-json\/wp\/v2\/pages\/16260\/revisions"}],"up":[{"embeddable":true,"href":"https:\/\/travelshelper.com\/tr\/wp-json\/wp\/v2\/pages\/14240"}],"wp:featuredmedia":[{"embeddable":true,"href":"https:\/\/travelshelper.com\/tr\/wp-json\/wp\/v2\/media\/19093"}],"wp:attachment":[{"href":"https:\/\/travelshelper.com\/tr\/wp-json\/wp\/v2\/media?parent=16260"}],"curies":[{"name":"wp","href":"https:\/\/api.w.org\/{rel}","templated":true}]}}