{"id":16242,"date":"2024-09-22T19:00:46","date_gmt":"2024-09-22T19:00:46","guid":{"rendered":"https:\/\/travelshelper.com\/staging\/?page_id=16242"},"modified":"2026-03-11T23:15:39","modified_gmt":"2026-03-11T23:15:39","slug":"podebrady","status":"publish","type":"page","link":"https:\/\/travelshelper.com\/tr\/destinations\/europe\/czech-republic\/podebrady\/","title":{"rendered":"Pod\u011bbrady"},"content":{"rendered":"<p>Pod\u011bbrady, Elbe Nehri&#039;nin hafif bir k\u0131vr\u0131m\u0131n\u0131 i\u015fgal eder, kompakt spa b\u00f6lgesi ve tarihi \u00e7ekirde\u011fi Prag&#039;\u0131n sadece k\u0131rk k\u00fcsur kilometre do\u011fusunda modern D11 otoyolu boyunca uzan\u0131r. Kasaban\u0131n yakla\u015f\u0131k 33,7 kilometrekarelik kadastro alan\u0131, deniz seviyesinden 184 ila 190 metre aras\u0131nda de\u011fi\u015fen y\u00fcksekli\u011fiyle geni\u015f Polabian Ovas\u0131&#039;nda yer al\u0131r. Yo\u011fun olarak \u00e7ift\u00e7ilik yap\u0131lan ancak ta\u015fk\u0131n yata\u011f\u0131 orman par\u00e7alar\u0131yla noktalanan bu \u00f6l\u00e7\u00fcl\u00fc ova, en eski Paleolitik avc\u0131lar\u0131n nehrin k\u0131vr\u0131ml\u0131 k\u0131y\u0131lar\u0131 boyunca av izlerini takip etmesinden bu yana insan yerle\u015fimini beslemi\u015ftir.<\/p>\n<p>Uzak bin y\u0131llardan g\u00fcn\u00fcm\u00fcze kadar, Pod\u011bbrady&#039;nin serveti su yollar\u0131na s\u0131k\u0131 s\u0131k\u0131ya ba\u011fl\u0131yd\u0131. 1262&#039;de, Kral P\u0159emysl Otakar II bu sitenin hem stratejik hem de estetik de\u011ferini fark etti. Nehrin k\u0131y\u0131s\u0131ndaki bir yerle\u015fimi demirleyen basit bir m\u00fcstahkem malikanenin bulundu\u011fu yere ta\u015ftan bir su kalesi in\u015fa ettirdi. Sonraki y\u00fczy\u0131llarda, orijinal kale zarif Pod\u011bbrady \u015eatosu&#039;na d\u00f6n\u00fc\u015ft\u00fcr\u00fcld\u00fc, sa\u011flam duvar i\u015f\u00e7ili\u011fi ve zarif avlular\u0131 kasaban\u0131n kimli\u011finin birle\u015fti\u011fi \u00e7ekirdek haline geldi.<\/p>\n<p>Kun\u0161t\u00e1t evi, daha sonra Kun\u0161t\u00e1t\u2011Pod\u011bbrad\u0161t\u00ed olarak adland\u0131r\u0131ld\u0131, burada kal\u0131c\u0131 bir miras sa\u011flad\u0131. \u00d6zellikle Pod\u011bbrady&#039;li George&#039;un y\u00f6netimi alt\u0131nda, m\u00fclk geli\u015fti. 1472&#039;de George&#039;un o\u011fullar\u0131 yerle\u015fimin belediye stat\u00fcs\u00fcn\u00fc resmile\u015ftirerek ona bir kasaban\u0131n ayr\u0131cal\u0131klar\u0131n\u0131 ve sorumluluklar\u0131n\u0131 verdi. George&#039;un Bohemya kral\u0131 olarak y\u00fckseli\u015finin ard\u0131ndan, Pod\u011bbrady hem prestij hem de ge\u00e7 orta\u00e7a\u011f d\u00f6neminde refah\u0131n\u0131 s\u00fcrd\u00fcren bir miktar kraliyet himayesi elde etti. Y\u00f6netim 1495&#039;te kraliyet odas\u0131na ve 1839&#039;da Viyanal\u0131 finans\u00e7\u0131 Georg von Sina&#039;n\u0131n \u00f6zel ellerine ge\u00e7ti.<\/p>\n<p>Yine de Pod\u011bbrady&#039;nin amac\u0131n\u0131 geri d\u00f6n\u00fclmez bir \u015fekilde de\u011fi\u015ftiren y\u0131l 1905&#039;ti. \u015eatonun avlusunda yakla\u015f\u0131k doksan sekiz metre derinlikte akan bir mineral kayna\u011f\u0131, \u015fifal\u0131 oldu\u011fu s\u00f6ylenen karbonik, demir a\u00e7\u0131s\u0131ndan zengin bir su ortaya \u00e7\u0131kard\u0131. 1908&#039;de ilk spa pavyonu kuruldu ve sonraki on y\u0131llarda kasaba bir kardiyovask\u00fcler tedavi merkezi olarak olgunla\u015ft\u0131. 1930&#039;larda Vojt\u011bch Kerhart&#039;\u0131n tasar\u0131mlar\u0131na g\u00f6re d\u00fczenlenen \u00e7am a\u011fa\u00e7lar\u0131yla kapl\u0131 park\u0131, 1932&#039;de Bohemya&#039;n\u0131n ilk i\u015flevselci terminali olarak ortaya \u00e7\u0131kan tren istasyonuna do\u011fru geni\u015fledi.<\/p>\n<p>G\u00fcn\u00fcm\u00fczde spa park\u0131, d\u00f6kme demir s\u00fctunlar\u0131n mineral su \u00e7e\u015fmelerine ev sahipli\u011fi yapt\u0131\u011f\u0131 ve \u00fcnl\u00fc bir \u00e7i\u00e7ek saatinin, zaman\u0131 sayan tuhaf bir bronz c\u00fccenin yan\u0131nda ge\u00e7en saatleri i\u015faretledi\u011fi geni\u015f bir alan olan, kentsel ya\u015fam\u0131n dayanak noktas\u0131 olmaya devam ediyor. \u00c7evresinde Josef Fanta&#039;n\u0131n villalar\u0131 ve misafirhaneleri, Libensk\u00fd spa evi ve temiz \u00e7izgileriyle modernitenin iki sava\u015f aras\u0131 kucakla\u015fmas\u0131n\u0131 anlatan Central ve Summer Spa binalar\u0131 gibi olanaklar y\u00fckseliyor.<\/p>\n<p>Pod\u011bbrady&#039;nin 1992&#039;den beri kentsel koruma alan\u0131 olarak korunan tarihi merkezi, orta\u00e7a\u011f ve erken modern geli\u015fiminin \u00f6zelliklerini koruyor. Ji\u0159\u00ed Meydan\u0131&#039;nda hala \u015fatonun kap\u0131s\u0131 ve Bohuslav Schnirch taraf\u0131ndan yap\u0131lm\u0131\u015f, \u00c7ek an\u0131tsal heykelinin en \u00f6nemli noktalar\u0131ndan biri olan 19. y\u00fczy\u0131ldan kalma Kral George an\u0131t\u0131 bulunuyor. 1765 tarihli Marian S\u00fctunu, 1714 veba salg\u0131n\u0131na dair ciddi bir kan\u0131t olarak duruyor. Meydan\u0131n iki yan\u0131nda belediye simgeleri yer al\u0131yor: R\u00f6nesans d\u00f6neminden kalma Eski Belediye Binas\u0131, art\u0131k belediye k\u00fct\u00fcphanesi; 1906 tarihli neo-R\u00f6nesans belediye binas\u0131; ve 1899 tarihli belediye tasarruf bankas\u0131 binas\u0131, zarif cephesiyle Avusturya-Macaristan \u0130mparatorlu\u011fu&#039;nun fin-de-si\u00e8cle g\u00fcvenini hat\u0131rlat\u0131yor.<\/p>\n<p>Bu temel alanlar\u0131n \u00f6tesinde, kasaba art arda gelen b\u00fcy\u00fcme evrelerini ortaya koyuyor. B\u011blidla mahallesi, 18. y\u00fczy\u0131l\u0131n ortalar\u0131nda Kutsal Ha\u00e7&#039;\u0131n Y\u00fcceltilmesi Kilisesi&#039;nin do\u011fusunda y\u00fckselirken, Hr\u00e1z banliy\u00f6s\u00fc eski banliy\u00f6 g\u00f6letinin bo\u015falt\u0131lm\u0131\u015f yata\u011f\u0131nda ortaya \u00e7\u0131kt\u0131. 1870&#039;te demir yolunun geli\u015fi ve ard\u0131ndan \u00e7ift hatl\u0131 hale getirilmesi ve elektriklendirilmesi, Franti\u0161ek Janda taraf\u0131ndan tasarlanan ve \u015fu anda \u017di\u017ekov olarak bilinen modern bir bah\u00e7e-\u015fehir mahallesine do\u011fru geni\u015flemeyi te\u015fvik etti. Neo-i\u015flevselcilik de Kerhart&#039;\u0131n tar\u0131m okulu ve postane binalar\u0131ndan Josef Semer\u00e1d&#039;\u0131n \u00c7ekoslovak Hussite Kilisesi&#039;ne kadar kendi izini b\u0131rakt\u0131.<\/p>\n<p>Do\u011fa daha geni\u015f \u00e7evrelerde bol miktarda bulunur. Yerel olarak Skupice olarak bilinen Elbe&#039;nin k\u00f6r kolu, nehrin d\u00fczenlemeden \u00f6nceki eski ak\u0131\u015flar\u0131n\u0131 hat\u0131rlat\u0131r. Cidlina Nehri boyunca do\u011fuda, bir zamanlar ovalar\u0131 \u00f6rten geni\u015f ta\u015fk\u0131n yata\u011f\u0131 ormanlar\u0131n\u0131n hayatta kalan bir par\u00e7as\u0131 olan Libick\u00fd luh ulusal do\u011fa rezervi uzan\u0131r. Yak\u0131nlarda \u017dehu\u0148sk\u00e1 obora, P\u00edse\u010dn\u00fd presyp&#039;in kumlu s\u0131\u011fl\u0131klar\u0131, ormanl\u0131k B\u00e1\u0148 ve Vinn\u00fd vrch \u00fcz\u00fcm ba\u011f\u0131 tepesi rezervleri bulunur. B\u00f6lgenin nispeten s\u0131cak iklimi -y\u0131ll\u0131k ortalama s\u0131cakl\u0131\u011f\u0131n yakla\u015f\u0131k 9 \u00b0C oldu\u011fu- erken bir ilkbahar ve ge\u00e7 kalan bir sonbahar getirir; kar nadiren birka\u00e7 g\u00fcnden fazla kal\u0131rken, k\u0131\u015f inversiyonlar\u0131 ve donmu\u015f sisler nehir manzaras\u0131na sert bir \u00e7ekicilik katar.<\/p>\n<p>Demografik olarak, Pod\u011bbrady uzun zamand\u0131r \u00f6l\u00e7ek olarak m\u00fctevaz\u0131 kalm\u0131\u015ft\u0131r. Yakla\u015f\u0131k on be\u015f bin ki\u015filik n\u00fcfusu be\u015f kadastro alan\u0131n\u0131 kaplar -Pod\u011bbrady proper, Polabec, Velk\u00e9 Zbo\u017e\u00ed, Kluk ve P\u0159edn\u00ed Lhota- 3.369,7 hektara yay\u0131lm\u0131\u015ft\u0131r. 2001 n\u00fcfus say\u0131m\u0131na g\u00f6re, sakinlerin yakla\u015f\u0131k \u00fc\u00e7te ikisi hi\u00e7bir dini ba\u011fl\u0131l\u0131k bildirmemi\u015ftir; bildirenler aras\u0131nda Roma Katolik Kilisesi \u00f6nde gelen bir konumda kalm\u0131\u015ft\u0131r. Bir zamanlar k\u00fc\u00e7\u00fck bir Yahudi toplulu\u011funa ev sahipli\u011fi yapan Pod\u011bbrady, bir\u00e7ok Orta Avrupa kasabas\u0131 gibi, Holokost&#039;ta bu varl\u0131\u011f\u0131n yok oldu\u011funu g\u00f6rm\u00fc\u015ft\u00fcr.<\/p>\n<p>Pod\u011bbrady&#039;deki k\u00fclt\u00fcr, samimi, yerel bir sahneye kar\u015f\u0131 ortaya \u00e7\u0131kar. Na Kov\u00e1rn\u011b Tiyatrosu ve \u015eato Sinemas\u0131, \u015fatonun avlular\u0131n\u0131 i\u015fgal eder, eskisi 19. y\u00fczy\u0131l konfig\u00fcrasyonuna restore edilmi\u015f bir alanda 233 m\u00fc\u015fteriye ev sahipli\u011fi yapar. Polabsk\u00e9 M\u00fczesi, Kunhuta of \u0160ternberk taraf\u0131ndan kurulan eski orta\u00e7a\u011f hastanesinde yer al\u0131r, Barok cephesi i\u00e7erideki yap\u0131lar\u0131 yalanlar: Kral George&#039;un do\u011fum salonunun \u015fimdi Schnirch&#039;in orijinal an\u0131t\u0131n\u0131, 10. y\u00fczy\u0131la tarihlenen ah\u015fap monoksil teknelerin yan\u0131nda sergiledi\u011fi bir \u015fapel. Lys\u00e1 nad Labem, Ro\u017e\u010falovice, Sadsk\u00e1 ve M\u011bstec Kr\u00e1lov\u00e9&#039;deki uydu koleksiyonlar\u0131, kurumun b\u00f6lge genelindeki eri\u015fimini geni\u015fletir.<\/p>\n<p>Pod\u011bbrady \u015eehir K\u00fct\u00fcphanesi, 1930&#039;dan beri R\u00f6nesans belediye binas\u0131nda bulunan kentsel gelenekleri s\u00fcrd\u00fcr\u00fcyor ve spa park\u0131n\u0131n kenar\u0131ndaki Ludv\u00edk Kuba Galerisi, Polabian ovas\u0131n\u0131n manzaralar\u0131n\u0131 ve ritimlerini yans\u0131tan eserler sergiliyor. Y\u0131ll\u0131k festivaller takvimi belirliyor: Kral George Tarihi Festivali orta\u00e7a\u011f g\u00f6steri\u015fini getiriyor; \u015eiir G\u00fcnleri yaz sonlar\u0131nda yazarlar\u0131 ve okuyucular\u0131 bir araya getiriyor; Avrupa Kmocha Oynuyor pirin\u00e7 yar\u0131\u015fmas\u0131 uluslararas\u0131 topluluklar\u0131 bir araya getiriyor; FEMAD gen\u00e7lik tiyatrosu festivali, majorette \u015fampiyonluklar\u0131 ve Barvy l\u00e9ta m\u00fczik etkinli\u011fi kasaba meydanlar\u0131n\u0131 ve parklar\u0131 canland\u0131r\u0131yor. Ekim ay\u0131ndaki Prix Bohemia Radio radyo dramas\u0131 sanat\u0131n\u0131 kutluyor ve 2016&#039;dan beri Soundtrack Pod\u011bbrady festivali film m\u00fczi\u011fi ve multimedya performanslar\u0131n\u0131 sergiliyor.<\/p>\n<p>Ula\u015f\u0131m arterleri hem antik hem de modern rotalar\u0131 takip eder. Pod\u011bbrady&#039;nin k\u00f6kenleri, Prag&#039;\u0131 Silezya ve Polonya&#039;ya ba\u011flayan bir ticaret yolu olan Kladsk\u00e1 Yolu \u00fczerindeki bir s\u0131\u011fl\u0131kt\u0131r. 19. y\u00fczy\u0131l\u0131n ba\u015flar\u0131nda, imparatorluk yollar\u0131 onu P\u0159edm\u011bstsk\u00fd rybn\u00edk baraj\u0131 arac\u0131l\u0131\u011f\u0131yla Hradec Kr\u00e1lov\u00e9&#039;ye ve Kol\u00edn, Nymburk ve \u00f6tesine, bug\u00fcn kasabaya hizmet eden D11 otoyollar\u0131 ve I\/38, II\/611, I\/32 ve II\/329 ana yollar\u0131na ba\u011flar. Belediye s\u0131n\u0131rlar\u0131 i\u00e7inde Elbe&#039;yi yedi k\u00f6pr\u00fc kaplar; merkezdeki 1828\u201331 ta\u015f su bask\u0131n\u0131 k\u00f6pr\u00fcs\u00fcnden ve 2008 \u00e7elik halefinden Velk\u00e9 Zbo\u017e\u00ed&#039;deki gaz boru hatt\u0131 k\u00f6pr\u00fcs\u00fcne kadar. Anton\u00edn Engel&#039;in ulusal k\u00fclt\u00fcr an\u0131t\u0131 olarak koruma alt\u0131na al\u0131nan tasar\u0131mlar\u0131ndan biri olan 122 metrelik yaya k\u00f6pr\u00fcs\u00fc, 2002 y\u0131l\u0131nda hidroelektrik santralinin yan\u0131na in\u015fa edildi.<\/p>\n<p>Demiryolu ba\u011flant\u0131lar\u0131, 1870&#039;ten beri Pod\u011bbrady&#039;nin ba\u011flant\u0131lar\u0131n\u0131 s\u00fcrd\u00fcrmektedir. Avusturya Kuzeybat\u0131 Demiryolu&#039;nun \u00e7ift hatl\u0131, elektrikli 231 numaral\u0131 hatt\u0131, Prag, Kol\u00edn, Hradec Kr\u00e1lov\u00e9 ve \u00f6tesine ekspres ve yerel hizmetler ta\u015f\u0131maktad\u0131r ve her hafta i\u00e7i kasaban\u0131n ana istasyonunda ve Velk\u00e9 Zbo\u017e\u00ed dura\u011f\u0131nda yakla\u015f\u0131k elli tren durmaktad\u0131r. Bir zamanlar Chvaletice enerji santraline giden k\u00f6m\u00fcrle y\u00fcklenen Elbe&#039;nin ticari navigasyonu, yolcu gemisi Kr\u00e1l Ji\u0159\u00ed&#039;den \u00f6zel spor teknelerine ve Ose\u010dek&#039;teki k\u00f6y feribotuna kadar e\u011flence gemilerine yol a\u00e7m\u0131\u015ft\u0131r.<\/p>\n<p>Otob\u00fcsler, \u00c7ek Cumhuriyeti&#039;nin ba\u015fkentlerine ve kapl\u0131ca kentlerine ve kom\u015fu Slovakya ile Polonya&#039;ya uzun mesafeli seferler d\u00fczenliyor; ancak kentsel toplu ta\u015f\u0131ma, 2016 y\u0131l\u0131nda altm\u0131\u015f be\u015f ya\u015f \u00fcst\u00fc veya hareket kabiliyeti k\u0131s\u0131tl\u0131 vatanda\u015flar i\u00e7in ba\u015flat\u0131lan Ya\u015fl\u0131lara \u00d6zel Taksi hizmetiyle s\u0131n\u0131rl\u0131.<\/p>\n<p>Pod\u011bbrady&#039;nin karakteri, etkileyici surlardan veya dramatik zirvelerden de\u011fil, in\u015fa edilmi\u015f \u00e7evresinin sessiz tutarl\u0131l\u0131\u011f\u0131ndan, nehrinin istikrarl\u0131 nabz\u0131ndan ve antik \u00e7a\u011f\u0131n kal\u0131nt\u0131lar\u0131n\u0131 modern \u015fifa alanlar\u0131na uyarlayan bir toplumun dayan\u0131kl\u0131l\u0131\u011f\u0131ndan ortaya \u00e7\u0131kar. Burada, ovan\u0131n geni\u015f g\u00f6ky\u00fcz\u00fcn\u00fcn alt\u0131nda, bir g\u00f6steri de\u011fil, \u00f6l\u00e7\u00fcl\u00fc bir zarafet bulunur: \u015fafak vakti spa park\u0131n\u0131n sessizli\u011fi, Elbe&#039;nin y\u0131pranm\u0131\u015f r\u0131ht\u0131m ta\u015flar\u0131na kar\u015f\u0131 ak\u0131nt\u0131s\u0131n\u0131n sessizli\u011fi, ta\u015f ve su arac\u0131l\u0131\u011f\u0131yla konu\u015fulan tarihin sessizli\u011fi. Ge\u00e7mi\u015f ve \u015fimdiki zaman\u0131n bu birle\u015fiminde, Pod\u011bbrady, gezginleri nehrin kendi h\u0131z\u0131nda hareket etmeye davet eden yumu\u015fak ritimleriyle bir d\u00fc\u015f\u00fcnme ve yenilenme yeri olarak varl\u0131\u011f\u0131n\u0131 s\u00fcrd\u00fcr\u00fcyor.<\/p>","protected":false},"excerpt":{"rendered":"<p>\u00c7ek Cumhuriyeti&#039;nin Orta Bohemya B\u00f6lgesi&#039;nde bulunan bir spa kasabas\u0131 olan Pod\u011bbrady&#039;nin n\u00fcfusu yakla\u015f\u0131k 15.000&#039;dir. Elbe Nehri k\u0131y\u0131s\u0131nda bulunan bu alan, tarihi \u00f6nem ve \u00e7a\u011fda\u015f sa\u011fl\u0131kl\u0131 ya\u015fam olanaklar\u0131n\u0131n bir kombinasyonunu sunar. Kasaban\u0131n Prag&#039;\u0131n yakla\u015f\u0131k 39 kilometre do\u011fusunda ve Nymburk&#039;un 7 kilometre g\u00fcneydo\u011fusunda bulunan stratejik konumu, onu hem sakinler hem de kentsel ortamlardan kurtulmak isteyen ziyaret\u00e7iler i\u00e7in eri\u015filebilir bir s\u0131\u011f\u0131nak haline getirir.<\/p>","protected":false},"author":1,"featured_media":18769,"parent":14322,"menu_order":0,"comment_status":"closed","ping_status":"closed","template":"elementor_theme","meta":{"_eb_attr":"","footnotes":""},"class_list":["post-16242","page","type-page","status-publish","has-post-thumbnail"],"_links":{"self":[{"href":"https:\/\/travelshelper.com\/tr\/wp-json\/wp\/v2\/pages\/16242","targetHints":{"allow":["GET"]}}],"collection":[{"href":"https:\/\/travelshelper.com\/tr\/wp-json\/wp\/v2\/pages"}],"about":[{"href":"https:\/\/travelshelper.com\/tr\/wp-json\/wp\/v2\/types\/page"}],"author":[{"embeddable":true,"href":"https:\/\/travelshelper.com\/tr\/wp-json\/wp\/v2\/users\/1"}],"replies":[{"embeddable":true,"href":"https:\/\/travelshelper.com\/tr\/wp-json\/wp\/v2\/comments?post=16242"}],"version-history":[{"count":0,"href":"https:\/\/travelshelper.com\/tr\/wp-json\/wp\/v2\/pages\/16242\/revisions"}],"up":[{"embeddable":true,"href":"https:\/\/travelshelper.com\/tr\/wp-json\/wp\/v2\/pages\/14322"}],"wp:featuredmedia":[{"embeddable":true,"href":"https:\/\/travelshelper.com\/tr\/wp-json\/wp\/v2\/media\/18769"}],"wp:attachment":[{"href":"https:\/\/travelshelper.com\/tr\/wp-json\/wp\/v2\/media?parent=16242"}],"curies":[{"name":"wp","href":"https:\/\/api.w.org\/{rel}","templated":true}]}}