{"id":16218,"date":"2024-09-22T18:20:15","date_gmt":"2024-09-22T18:20:15","guid":{"rendered":"https:\/\/travelshelper.com\/staging\/?page_id=16218"},"modified":"2026-03-11T22:53:01","modified_gmt":"2026-03-11T22:53:01","slug":"jachymov","status":"publish","type":"page","link":"https:\/\/travelshelper.com\/tr\/destinations\/europe\/czech-republic\/jachymov\/","title":{"rendered":"J\u00e1chymov"},"content":{"rendered":"<p>\u00c7ek-Alman s\u0131n\u0131r\u0131ndaki Ore Da\u011flar\u0131&#039;n\u0131n y\u00fckseklerinde yer alan J\u00e1chymov, deniz seviyesinden 733 metre y\u00fckseklikte dar bir vadide yer al\u0131r ve Kl\u00ednovec (1.244 m) ve Bo\u017e\u00eddarsk\u00fd \u0160pi\u010d\u00e1k (1.115 m) gibi y\u00fckselen zirvelerle \u00e7evrilidir. G\u00fcn\u00fcm\u00fczde yakla\u015f\u0131k 2.300 ki\u015filik bir n\u00fcfusa sahip olmas\u0131na ra\u011fmen, kasaban\u0131n y\u0131pranm\u0131\u015f cepheleri ve dik, k\u0131vr\u0131ml\u0131 sokaklar\u0131, Bohemya Krall\u0131\u011f\u0131&#039;n\u0131n en b\u00fcy\u00fck kentsel merkezleri aras\u0131nda yer ald\u0131\u011f\u0131 bir d\u00f6nemi hat\u0131rlatmaktad\u0131r. Mineral zenginli\u011finin, \u00f6nc\u00fc metalurjinin ve kapl\u0131calar\u0131n bir araya gelmesi buray\u0131 geni\u015f kapsaml\u0131 bir etkiyle doldurmu\u015ftur; g\u00fcm\u00fc\u015f sikkeleri ad\u0131n\u0131 thaler&#039;e ve nihayetinde dolara vermi\u015ftir; uranyumu hem bilimsel at\u0131l\u0131mlara hem de insanl\u0131k trajedisine tan\u0131kl\u0131k etmi\u015ftir; ve radon bak\u0131m\u0131ndan zengin kaynaklar\u0131 radyoaktif sulara dayal\u0131 d\u00fcnyan\u0131n ilk terap\u00f6tik banyolar\u0131n\u0131 \u00fcretmi\u015ftir.<\/p>\n<p>J\u00e1chymov, Almanca&#039;da basit\u00e7e &#034;Thal&#034; veya &#034;vadi&#034; olarak bilinen isimsiz bir \u00e7ukur olarak ba\u015flad\u0131. Bu durum, Steffan Schlick&#039;in 1516&#039;da Sankt Joachimsthal - &#034;Aziz Joachim Vadisi&#034; - daha sonra \u00c7ek\u00e7e&#039;ye \u00e7evrilerek J\u00e1chymov olarak adland\u0131r\u0131lan bir yerle\u015fim yeri kurmas\u0131yla de\u011fi\u015fti. Vadinin dik duvarlar\u0131 y\u00fczy\u0131llard\u0131r s\u00fcren \u00e7\u0131karma \u00e7al\u0131\u015fmalar\u0131n\u0131n izlerini ta\u015f\u0131rken, ormanl\u0131k yama\u00e7lar bir zamanlar Bohemya ve Saksonya aras\u0131ndaki ticaret yollar\u0131n\u0131 tan\u0131mlayan s\u0131rt hatlar\u0131na do\u011fru y\u00fckseliyor. Bug\u00fcn, kasaba be\u015f belediye b\u00f6l\u00fcm\u00fcne ayr\u0131lm\u0131\u015ft\u0131r - J\u00e1chymov&#039;un kendisi, Mari\u00e1nsk\u00e1, Nov\u00e9 M\u011bsto, Such\u00e1 ve Vr\u0161ek - her biri ard\u0131\u015f\u0131k madenciler, soylu patronlar ve daha sonra sa\u011fl\u0131k arayan ziyaret\u00e7ilerin dalgalar\u0131na e\u015flik eden geli\u015fim katmanlar\u0131n\u0131 yans\u0131t\u0131r.<\/p>\n<p>1512&#039;de g\u00fcm\u00fc\u015f cevherinin ke\u015ffi J\u00e1chymov&#039;u neredeyse bir gecede de\u011fi\u015ftirdi. Schlick ailesinin himayesi alt\u0131nda h\u0131zl\u0131 bir n\u00fcfus art\u0131\u015f\u0131 ya\u015fand\u0131 ve 1534&#039;te kasaban\u0131n n\u00fcfusu yakla\u015f\u0131k 20.000&#039;di ve bu da onu Bohemya&#039;n\u0131n ikinci en kalabal\u0131k \u015fehri yap\u0131yordu. Madeni para bas\u0131m\u0131 yerel end\u00fcstrinin merkezi haline geldi: 1520&#039;den itibaren Joachimsthaler olarak bilinen g\u00fcm\u00fc\u015f sikkeler, 1533 ile 1536 aras\u0131nda in\u015fa edilen bir kraliyet tesisinde bulunan darphane preslerinden \u00e7\u0131kt\u0131. Bu &#034;thaler&#034;ler Avrupa&#039;n\u0131n her yerine yay\u0131ld\u0131, isimleri \u00c7ek\u00e7e&#039;de &#034;tolar&#034;, Felemenk\u00e7e&#039;de &#034;daalder&#034; ve en sonunda \u0130ngilizce&#039;de &#034;dolar&#034;a d\u00f6n\u00fc\u015ft\u00fc. Ferdinand I, 1528&#039;de madencilik haklar\u0131n\u0131 ele ge\u00e7irdi\u011finde, Schlick Kontlar\u0131 tekellerini kaybetti, ancak Joachimsthaler efsanesi devam etti ve dilsel miras\u0131 d\u00fcnyan\u0131n d\u00f6rt bir yan\u0131ndaki para birimlerinde ya\u015famaya devam etti.<\/p>\n<p>J\u00e1chymov&#039;un m\u00fcthi\u015f eritme operasyonlar\u0131, 1527 ile 1531 y\u0131llar\u0131 aras\u0131nda yapt\u0131\u011f\u0131 g\u00f6zlemlerle modern mineralojinin temelini atan Alman hekim ve do\u011fa bilimci Georgius Agricola&#039;n\u0131n ilgisini \u00e7ekti. F\u0131r\u0131n tasar\u0131mlar\u0131n\u0131, cevher ay\u0131rma tekniklerini ve eritme kimyas\u0131n\u0131 belgeledi ve bulgular\u0131n\u0131 De re metallica&#039;da (1556) yay\u0131nlad\u0131. Agricola&#039;n\u0131n \u00e7al\u0131\u015fmalar\u0131 nesiller boyu metalurjistlere rehberlik edecekti. Yine de Bohemya&#039;y\u0131 zenginle\u015ftiren s\u00fcre\u00e7lerin kendisi tehlikeler de ta\u015f\u0131yordu: madenciler zehirli tozlar\u0131 soludular ve zorlu ko\u015fullara katland\u0131lar, bu da daha sonraki mesleki hastal\u0131k hikayelerinin habercisiydi.<\/p>\n<p>Dini \u00e7alkant\u0131lar J\u00e1chymov&#039;un refah\u0131n\u0131 g\u00f6lgeledi. Kasaba 1520&#039;lerde Lutheranizmi benimsedi ve Bohemya Krall\u0131\u011f\u0131&#039;ndaki ilk Protestan mabedi olarak St Joachim Kilisesi&#039;ni (1534-1540) in\u015fa etti. Schmalkaldic Sava\u015f\u0131 ile Sakson birlikleri vadiyi i\u015fgal etti ve 1621 Kar\u015f\u0131 Reform&#039;un ard\u0131ndan bir\u00e7ok Lutheran ailesi Sakson topraklar\u0131na ka\u00e7t\u0131. Bundan sonra Katolik ayinleri hakim oldu ve J\u00e1chymov, imparatorlu\u011fun 1918&#039;de da\u011f\u0131lmas\u0131na kadar Avusturya-Macaristan i\u00e7inde bir Habsburg il\u00e7e merkezi oldu. G\u00fcm\u00fc\u015f 18. y\u00fczy\u0131l boyunca \u00f6nemini korurken, nikel, bizmut, kur\u015fun, arsenik, kobalt, kalay ve 19. y\u00fczy\u0131lda uranyum madencili\u011finin geni\u015fletilmesi yerel madencilik ekonomisini \u00e7e\u015fitlendirdi.<\/p>\n<p>19. y\u00fczy\u0131l\u0131n ortalar\u0131nda madencili\u011fin yan\u0131 s\u0131ra yeni end\u00fcstriler de ortaya \u00e7\u0131kt\u0131: uranyum bazl\u0131 pigmentler ve s\u0131ras\u0131yla 1856 ve 1860&#039;ta a\u00e7\u0131lan bir t\u00fct\u00fcn fabrikas\u0131. 1873&#039;te y\u0131k\u0131c\u0131 bir yang\u0131n kent merkezinin geni\u015f alanlar\u0131n\u0131 yok etti. Yeniden yap\u0131lanma, hayatta kalan R\u00f6nesans kabuklar\u0131n\u0131n \u00fczerine Barok ve Neoklasik cepheler getirdi. 1520&#039;ye tarihlenen 131 numaral\u0131 patrici evi, bir zamanlar Bohemya&#039;n\u0131n en eski eczanesine ev sahipli\u011fi yap\u0131yordu. Ba\u015flang\u0131\u00e7ta 1530&#039;larda eski bir Schlick konutu \u00fczerine in\u015fa edilen belediye binas\u0131, 1901-1902&#039;de Art Nouveau&#039;nun ihti\u015fam\u0131n\u0131 kazand\u0131 ve \u015fimdi tonozlu bodrumunda nadir bulunan bir Latin okul k\u00fct\u00fcphanesi bar\u0131nd\u0131r\u0131yor.<\/p>\n<p>1898&#039;de bir uraninit at\u0131k y\u0131\u011f\u0131n\u0131nda, Maria Sk\u0142odowska-Curie yeni bir element olan radyumu tan\u0131mlad\u0131 ve J\u00e1chymov&#039;u Birinci D\u00fcnya Sava\u015f\u0131&#039;na kadar bu de\u011ferli metalin d\u00fcnyadaki ba\u015fl\u0131ca kayna\u011f\u0131 haline getirdi. On y\u0131l sonra, 1929&#039;da Pragl\u0131 dahiliyeci Dr. Josef L\u00f6wy madenlerdeki &#034;gizemli yay\u0131l\u0131mlar\u0131&#034; madenciler aras\u0131ndaki akci\u011fer kanserine ba\u011flad\u0131. Geli\u015ftirilmi\u015f havaland\u0131rma, su p\u00fcsk\u00fcrtme sistemleri ve art\u0131r\u0131lm\u0131\u015f \u00fccretlendirmeye ra\u011fmen morbidite y\u00fcksek kald\u0131. O d\u00f6nemden yay\u0131nlanan hesaplar, uranyum i\u015f\u00e7ileri aras\u0131nda ortalama ya\u015fam beklentisinin yakla\u015f\u0131k k\u0131rk iki y\u0131l oldu\u011funu kaydediyor. Bu kasvetli istatistikler, 20. y\u00fczy\u0131l\u0131n daha karanl\u0131k b\u00f6l\u00fcmlerini haber veriyordu.<\/p>\n<p>1938 M\u00fcnih Anla\u015fmas\u0131&#039;n\u0131n ard\u0131ndan J\u00e1chymov, Nazi Almanyas\u0131 taraf\u0131ndan ilhak edildi. 1939 ile 1945 aras\u0131nda \u00e7\u0131kar\u0131lan uranyum, \u00dc\u00e7\u00fcnc\u00fc Reich&#039;\u0131n n\u00fckleer h\u0131rslar\u0131n\u0131 besledi; sonu\u00e7ta i\u015flevsel bir reakt\u00f6r in\u015fa etmede ba\u015far\u0131s\u0131z oldu. E\u015f zamanl\u0131 olarak, madenlerin etraf\u0131nda zorunlu \u00e7al\u0131\u015fma kamplar\u0131 y\u00fckseldi. Sovyet sava\u015f esirleri, 1948&#039;den sonra Kom\u00fcnist y\u00f6netim alt\u0131nda tutulan \u00c7ek siyasi tutuklular gibi ac\u0131mas\u0131z ko\u015fullara katland\u0131lar. Madencilik 1964&#039;e kadar devam etti ve geride \u00e7evresel ve insani kirlenmenin bir miras\u0131n\u0131 b\u0131rakt\u0131.<\/p>\n<p>Madencilik miras\u0131na paralel olarak J\u00e1chymov bir hidroterapi gelene\u011fi besledi. 1864&#039;te radon y\u00fckl\u00fc su veren bir kaynak a\u00e7\u0131ld\u0131, ancak Avrupa&#039;n\u0131n ilk radon kapl\u0131cas\u0131 ancak 1906&#039;da a\u00e7\u0131ld\u0131. Yak\u0131ndaki Karlovy Vary ve Mari\u00e1nsk\u00e9 L\u00e1zn\u011b \u00f6rnek al\u0131narak tasarlanan Agricola Spa Merkezi (1906\u20131911), radyasyon hormesisinin tart\u0131\u015fmal\u0131 hipotezine dayanan kayna\u011f\u0131n radyoaktivitesini kullanarak n\u00f6rolojik rahats\u0131zl\u0131klar\u0131, romatizmal rahats\u0131zl\u0131klar\u0131, cilt hastal\u0131klar\u0131n\u0131 ve hatta gut ve diyabet gibi metabolik rahats\u0131zl\u0131klar\u0131 tedavi etti. G\u00fcn\u00fcm\u00fczde, t\u0131bbi g\u00f6zetim alt\u0131nda, ziyaret\u00e7iler, bilim camias\u0131ndaki devam eden tart\u0131\u015fmalara ra\u011fmen analjezik ve anti-inflamatuar etkilerine inanarak \u00e7\u00f6z\u00fcnm\u00fc\u015f radon (\u00b2\u00b2\u00b2Rn) y\u00fckl\u00fc banyolara dalmaktad\u0131r.<\/p>\n<p>\u00c7o\u011fu madencilik faaliyeti durdurulmu\u015fken, 1525&#039;te kurulan Svornost madeni Avrupa&#039;n\u0131n en eski \u00e7al\u0131\u015fan madeni olmaya devam ediyor. Ba\u015fka bir yerde, Eduard kompleksi, kilometrelerce uzunlu\u011fundaki patikalarda kayak ve at\u0131\u015f olanaklar\u0131 sunan bir biatlon merkezi olarak yeniden i\u015flevlendirildi. J\u00e1chymov&#039;un Ore Mountain Madencilik B\u00f6lgesi i\u00e7in UNESCO D\u00fcnya Miras\u0131 yaz\u0131t\u0131na dahil edilmesi, teknik an\u0131tlar a\u00e7\u0131s\u0131ndan zengin bir k\u00fclt\u00fcrel manzaray\u0131 kabul ediyor: maden kuyular\u0131, c\u00fcruf y\u0131\u011f\u0131nlar\u0131, eritme tesisleri ve su y\u00f6netim sistemleri. 16. y\u00fczy\u0131ldan kalma darphane binas\u0131nda bulunan Kraliyet Darphanesi J\u00e1chymov M\u00fczesi, darphane tekniklerini ve para tarihini kay\u0131t alt\u0131na al\u0131yor. Kutsal \u00dc\u00e7l\u00fc S\u00fctunu (1703) kasaba meydan\u0131nda n\u00f6bet tutarken, biti\u015fikteki Freudenstein Kalesi\u2014bir zamanlar 1520 civar\u0131nda in\u015fa edilmi\u015f savunma ama\u00e7l\u0131 bir kale\u2014y\u0131k\u0131lm\u0131\u015f surlar\u0131ndan kalma iki kulesini (Schlick Kulesi ve Prach\u00e1rna olarak adland\u0131r\u0131lan) koruyor.<\/p>\n<p>Kasaban\u0131n kentsel an\u0131t b\u00f6lgesi, karma\u015f\u0131k portallara sahip biti\u015fik bir burgher evleri toplulu\u011funu korur, R\u00f6nesans \u00e7ekirdekleri Barok ve Neoklasik yenilemelerle sar\u0131lm\u0131\u015ft\u0131r. Kutsal alanlar aras\u0131nda, yar\u0131 ah\u015fap b\u00f6l\u00fcmleriyle dikkat \u00e7eken All Saints Kilisesi (erken R\u00f6nesans, 1520); orijinal Lutheran tasar\u0131m\u0131ndan Barok yenileme (1764-1785) ve 1870&#039;lerdeki bir yang\u0131ndan sonra s\u00f6zde Gotik yeniden yap\u0131lanma yoluyla geli\u015fen St Joachim Kilisesi; ve s\u00f6zde R\u00f6nesans bi\u00e7iminin dikkate de\u011fer bir \u00f6rne\u011fi olan Evanjelist kilise (1904). Spa mimarisi, kentsel dokuyu daha da zenginle\u015ftirir: Neoklasik Radium Palace Hotel (1912), besteci Richard Strauss, devlet adam\u0131 Tom\u00e1\u0161 G. Masaryk ve M\u0131s\u0131r Kral\u0131 I. Fuad gibi \u00f6nemli ki\u015fileri a\u011f\u0131rlam\u0131\u015ft\u0131r. Heykelt\u0131ra\u015f Karel Lidick\u00fd&#039;nin 1966 tarihli an\u0131t\u0131, Curie&#039;lerin buradaki \u00e7al\u0131\u015fmalar\u0131n\u0131 an\u0131yor ve \u00fczerindeki yaz\u0131t, J\u00e1chymov&#039;un radyum miras\u0131n\u0131 i\u015faret ediyor.<\/p>\n<p>G\u00fcn\u00fcm\u00fcz\u00fcn J\u00e1chymov&#039;u, anma ile e\u011flenceyi dengeliyor. Demiryolu ba\u011flant\u0131s\u0131 olmad\u0131\u011f\u0131ndan, eri\u015fim i\u00e7in I\/25 yoluna ve Karlovy Vary&#039;ye giden bir otob\u00fcs hizmetine g\u00fcveniyor. K\u0131\u015f\u0131n, Novako, Kl\u00ednovec ve Kl\u00ednovec\u2011Neklid adl\u0131 \u00fc\u00e7 kayak alan\u0131, da\u011f ve kros merakl\u0131lar\u0131n\u0131 \u00e7ekerken, Eduard&#039;daki biatlon alan\u0131, madenlerin spor i\u00e7in yeniden ama\u00e7land\u0131r\u0131lm\u0131\u015f \u00e7etin ge\u00e7mi\u015fini hat\u0131rlat\u0131yor. Georgius Agricola Su Park\u0131, ad\u0131n\u0131 kasaban\u0131n bilimsel atas\u0131na ithaf ederek kapal\u0131 alanda e\u011flence imkan\u0131 sa\u011fl\u0131yor. Yo\u011fun i\u011fne yaprakl\u0131 ormanlar ve yayla meralar\u0131yla \u00e7evrili J\u00e1chymov, katmanl\u0131 bir kar\u015f\u0131la\u015fma sunuyor: derin yeralt\u0131 kazmalar\u0131n\u0131n yank\u0131s\u0131, da\u011f havas\u0131ndaki \u00e7am kokusu ve modern spa tesislerinin k\u0131s\u0131k u\u011fultusu. Ta\u015f cepheleri ve k\u0131vr\u0131ml\u0131 sokaklar\u0131nda, g\u00fcm\u00fc\u015f k\u00fcl\u00e7elerinin, erimi\u015f cevher kazanlar\u0131n\u0131n, Nobel \u00f6d\u00fcll\u00fclerinin ve hayatlar\u0131 yeralt\u0131 damarlar\u0131na ba\u011fl\u0131 mahk\u00fbmlar\u0131n yank\u0131lar\u0131 sakl\u0131d\u0131r bu kentte.<\/p>\n<p>J\u00e1chymov&#039;un anlat\u0131s\u0131 ne kesintisiz bir zafer ne de bitmeyen bir trajedidir, ancak ekonomik, bilimsel, politik ve terap\u00f6tik insan h\u0131rs\u0131n\u0131n Ore Da\u011flar\u0131&#039;n\u0131n engebeli arazisine dokunmu\u015f bir goblendir. Madeni paralar\u0131 k\u00fcresel ticareti \u015fekillendirdi; radyumu hem t\u0131bbi iyimserli\u011fi hem de insan ac\u0131s\u0131n\u0131 k\u00f6r\u00fckledi; kaynaklar\u0131 \u015fifan\u0131n yeralt\u0131 kaynaklar\u0131na olan inanc\u0131 s\u00fcrd\u00fcrd\u00fc. Bir zamanlar ayn\u0131 ad\u0131 ta\u015f\u0131yan bir para birimine ev sahipli\u011fi yapan vadi, art\u0131k kaynak, end\u00fcstri ve toplum aras\u0131ndaki karma\u015f\u0131k etkile\u015fim \u00fczerine d\u00fc\u015f\u00fcnmeye davet ediyor. Konturlu ta\u015flar ve k\u0131\u015f sisleri aras\u0131nda, J\u00e1chymov adaptasyon, haf\u0131za ve yerin kal\u0131c\u0131 yank\u0131s\u0131n\u0131n bir kan\u0131t\u0131 olarak varl\u0131\u011f\u0131n\u0131 s\u00fcrd\u00fcr\u00fcyor.<\/p>","protected":false},"excerpt":{"rendered":"<p>\u00c7ek Cumhuriyeti&#039;nin Karlovy Vary B\u00f6lgesi&#039;nde bulunan k\u00fc\u00e7\u00fck bir spa kasabas\u0131 olan J\u00e1chymov&#039;un n\u00fcfusu yakla\u015f\u0131k 2.400&#039;d\u00fcr. Ore Da\u011flar\u0131&#039;nda bulunan bu tarihi yerle\u015fim, \u00f6zellikle madencilik, ekonomi ve sa\u011fl\u0131k bilimleri alan\u0131nda Avrupa tarihini \u00f6nemli \u00f6l\u00e7\u00fcde etkilemi\u015ftir.<\/p>","protected":false},"author":1,"featured_media":29465,"parent":14322,"menu_order":0,"comment_status":"closed","ping_status":"closed","template":"elementor_theme","meta":{"_eb_attr":"","footnotes":""},"class_list":["post-16218","page","type-page","status-publish","has-post-thumbnail"],"_links":{"self":[{"href":"https:\/\/travelshelper.com\/tr\/wp-json\/wp\/v2\/pages\/16218","targetHints":{"allow":["GET"]}}],"collection":[{"href":"https:\/\/travelshelper.com\/tr\/wp-json\/wp\/v2\/pages"}],"about":[{"href":"https:\/\/travelshelper.com\/tr\/wp-json\/wp\/v2\/types\/page"}],"author":[{"embeddable":true,"href":"https:\/\/travelshelper.com\/tr\/wp-json\/wp\/v2\/users\/1"}],"replies":[{"embeddable":true,"href":"https:\/\/travelshelper.com\/tr\/wp-json\/wp\/v2\/comments?post=16218"}],"version-history":[{"count":0,"href":"https:\/\/travelshelper.com\/tr\/wp-json\/wp\/v2\/pages\/16218\/revisions"}],"up":[{"embeddable":true,"href":"https:\/\/travelshelper.com\/tr\/wp-json\/wp\/v2\/pages\/14322"}],"wp:featuredmedia":[{"embeddable":true,"href":"https:\/\/travelshelper.com\/tr\/wp-json\/wp\/v2\/media\/29465"}],"wp:attachment":[{"href":"https:\/\/travelshelper.com\/tr\/wp-json\/wp\/v2\/media?parent=16218"}],"curies":[{"name":"wp","href":"https:\/\/api.w.org\/{rel}","templated":true}]}}