{"id":16212,"date":"2024-09-22T18:15:28","date_gmt":"2024-09-22T18:15:28","guid":{"rendered":"https:\/\/travelshelper.com\/staging\/?page_id=16212"},"modified":"2026-03-11T22:53:19","modified_gmt":"2026-03-11T22:53:19","slug":"frantiskovy-lazne","status":"publish","type":"page","link":"https:\/\/travelshelper.com\/tr\/destinations\/europe\/czech-republic\/frantiskovy-lazne\/","title":{"rendered":"Franti\u0161kovy L\u00e1zn\u011b"},"content":{"rendered":"<p>Franti\u0161kovy L\u00e1zn\u011b, Cheb Havzas\u0131&#039;n\u0131n en bat\u0131 kesiminde, Cheb&#039;in be\u015f kilometre kuzeyinde, Bat\u0131 Bohemya&#039;n\u0131n sakin bir k\u00f6\u015fesini i\u015fgal ediyor. Na Sk\u00e1le&#039;deki yumu\u015fak tepelerin y\u00fcksekli\u011fi deniz seviyesinden 483 metreyi ge\u00e7mez, ancak \u00fcn\u00fc y\u00fczy\u0131llar \u00f6ncesine uzanan zengin bir maden kaynaklar\u0131 a\u011f\u0131n\u0131 da bar\u0131nd\u0131r\u0131rlar. Oh\u0159e&#039;nin bir kolu olan Slatinn\u00fd potok, belediyenin i\u00e7inden ge\u00e7erek sekiz yerle\u015fim yerinden ge\u00e7erek yolunu buluyor: Franti\u0161kovy L\u00e1zn\u011b uygun (2.986 n\u00fcfuslu), Aleje\u2011Z\u00e1ti\u0161\u00ed (59), Dlouh\u00e9 Mosty (44), Doln\u00ed Lomany (235), Horn\u00ed Lomany (890), Krapice (47), Slatina (416) ve \u017d\u00edrovice (355) \u2014 ovalarda kaybolmadan \u00f6nce. En b\u00fcy\u00fc\u011f\u00fc Amerika olan bir dizi bal\u0131k havuzu manzaray\u0131 vurgular; bat\u0131daki ada g\u00f6\u00e7men su ku\u015flar\u0131 i\u00e7in korunakl\u0131 bir liman, do\u011fu k\u0131y\u0131lar\u0131 ise yaz e\u011flencelerine ayr\u0131lm\u0131\u015ft\u0131r.<\/p>\n<p>Bu b\u00f6lgenin sular\u0131, Georgius Agricola&#039;n\u0131n (1494-1555) Cheb sakinleri taraf\u0131ndan kullan\u0131lan tuzlu kaynaklar\u0131 kaydetti\u011fi on d\u00f6rd\u00fcnc\u00fc y\u00fczy\u0131l\u0131n sonlar\u0131ndan beri de\u011ferlidir. O ilk y\u0131llarda, yerel gelenek vatanda\u015flar\u0131 eski bir gelenekle kuyulara kabul ediyordu; su kep\u00e7eyle toprak kaplara dolduruluyor ve imparatorlu\u011fun her yan\u0131na g\u00f6nderiliyordu. 1700&#039;e gelindi\u011finde, bu kaynaklardan yap\u0131lan sat\u0131\u015flar\u0131n t\u00fcm \u00e7a\u011fda\u015f kapl\u0131calar\u0131n toplam \u00e7\u0131kt\u0131s\u0131n\u0131 a\u015ft\u0131\u011f\u0131 bildiriliyordu. 1705 civar\u0131nda, daha sonra Franzensquelle olarak bilinen kayna\u011f\u0131n yan\u0131nda bir han kuruldu ve resmi bir tesise do\u011fru ilk m\u00fctevaz\u0131 ad\u0131mlar at\u0131ld\u0131.<\/p>\n<p>Resmi temel, 27 Nisan 1793&#039;te, Eger&#039;li (modern Cheb) doktor Bernhard Adler&#039;in (1753\u20131810) \u0130mparator II. Francis&#039;in onuruna Kaiser Franzensdorf&#039;u (k\u0131sa s\u00fcre sonra Franzensbad olarak bilinecekti) kurmak i\u00e7in imparatorluk iznini almas\u0131yla at\u0131ld\u0131. Adler, batakl\u0131kl\u0131 batakl\u0131klar\u0131n kurutulmas\u0131n\u0131, yaya k\u00f6pr\u00fclerinin in\u015fas\u0131n\u0131 ve Franzensquelle&#039;de bir pavyon ve su havzas\u0131n\u0131n in\u015fas\u0131n\u0131 denetledi ve etraf\u0131na ortogonal bir \u015febekede yirmi d\u00f6rt kaynak yerle\u015ftirdi. Vizyonu, ge\u00e7im kaynaklar\u0131 kaynak suyu satmaya ba\u011fl\u0131 olan yerel kad\u0131nlar erken tesislerini y\u0131kt\u0131\u011f\u0131nda, s\u00f6zde Egerer Weibersturm&#039;da \u015fiddetli bir direni\u015fle kar\u015f\u0131la\u015ft\u0131. Cheb belediye meclisinin m\u00fcdahalesi huzursuzlu\u011fu bast\u0131rd\u0131 ve y\u00fczy\u0131l\u0131n ortalar\u0131nda Franzensbad, sular\u0131n\u0131n iyile\u015ftirici \u00f6zelliklerini arayan ziyaret\u00e7iler i\u00e7in kapsaml\u0131 bir gezinti yolu, pavyon ve konaklama a\u011f\u0131 olan ba\u011f\u0131ms\u0131z bir belediye haline geldi (1852).<\/p>\n<p>Tesisin ilk on y\u0131llar\u0131ndaki himayeciler aras\u0131nda d\u00f6nemin en se\u00e7kin \u015fahsiyetlerinden baz\u0131lar\u0131 da yer al\u0131yordu. Johann Wolfgang von Goethe defalarca ziyaret etti; izlenimleri daha sonra Johannes Urzidil&#039;in 1932 tarihli an\u0131 kitab\u0131 Goethe in B\u00f6hmen&#039;de y\u00fczeye \u00e7\u0131kacakt\u0131. Ludwig van Beethoven Brentano ailesiyle birlikte geldi ve Johann Strauss Jr. kendi valslerinin ezgileriyle bah\u00e7elerde dola\u015ft\u0131. Bo\u017eena N\u011bmcov\u00e1 ve Marie von Ebner\u2011Eschenbach&#039;\u0131n edebi hac yolculuklar\u0131 (1858 tarihli novellas\u0131 Aus Franzensbad&#039;da tesisin sosyal hayat\u0131n\u0131 tasvir ediyordu) tesisin itibar\u0131n\u0131 daha da parlatt\u0131. Ar\u015fid\u00fck I. Charles ve \u0130mparator Franz Joseph I imparatorluk himayesini sa\u011flad\u0131, ikincisi 1865&#039;te Franzensbad&#039;\u0131 \u015fehir stat\u00fcs\u00fcne y\u00fckseltti.<\/p>\n<p>On dokuzuncu y\u00fczy\u0131l boyunca, Rus ileri gelenleri ve Avrupal\u0131 \u200b\u200baristokratlar, k\u0131tada t\u00fcr\u00fcn\u00fcn ilklerinden biri olan turba hamuru banyolar\u0131 gibi \u00f6nc\u00fc tedavilerle cezbedilerek Franzensbad&#039;a ak\u0131n ettiler. 1827&#039;de in\u015fa edilen bir kamu spa evi ortak tesisler sunarken, ana caddeler boyunca \u00f6zel villalar ve oteller t\u00fcredi. Y\u00fczy\u0131l\u0131n ba\u015f\u0131nda, y\u0131ll\u0131k kat\u0131l\u0131m yakla\u015f\u0131k 20.000 hastaya ve at arabas\u0131yla ve daha sonra Cheb-Hof hatt\u0131nda trenle gelen 80.000 turiste y\u00fckseldi. G\u00f6lgeli sokaklar ve neoklasik pavyonlarla noktalanan tesisin ortogonal plan\u0131, Ayd\u0131nlanma&#039;n\u0131n d\u00fczen ve refah ideallerine tan\u0131kl\u0131k ediyordu.<\/p>\n<p>Avusturya-Macaristan \u0130mparatorlu\u011fu&#039;nun 1918&#039;de \u00e7\u00f6k\u00fc\u015f\u00fc belirsizlik d\u00f6nemini ba\u015flatt\u0131. \u00c7ekoslovakya&#039;n\u0131n bir par\u00e7as\u0131 olarak, kasaban\u0131n geleneksel m\u00fc\u015fteri kitlesi azald\u0131; 1929 B\u00fcy\u00fck Buhran\u0131 spa ekonomisine daha fazla darbe vurdu. II. D\u00fcnya Sava\u015f\u0131&#039;n\u0131n ard\u0131ndan, Almanca konu\u015fan n\u00fcfus Bene\u0161 kararnameleri uyar\u0131nca s\u0131n\u0131r d\u0131\u015f\u0131 edildi ve tatil yeri (resmi olarak Franti\u0161kovy L\u00e1zn\u011b olarak yeniden adland\u0131r\u0131ld\u0131) Kom\u00fcnist rejim alt\u0131nda millile\u015ftirildi. Devlet taraf\u0131ndan i\u015fletilen bir spa \u015firketi ortaya \u00e7\u0131kt\u0131, yakla\u015f\u0131k 1.500 yatakl\u0131 sekiz spa evi ve oteli birle\u015ftirdi ve bug\u00fcn on ikisi hala kullan\u0131lan yirmi d\u00f6rt kapl\u0131cay\u0131 i\u015fletti.<\/p>\n<p>1989&#039;daki Kadife Devrim yeni bir d\u00f6n\u00fc\u015f\u00fcm\u00fc tetikledi. Kapl\u0131ca varl\u0131klar\u0131, uluslararas\u0131 ilgiyi yeniden canland\u0131rmay\u0131 ama\u00e7layan bir anonim \u015firkete devredildi. \u0130mparatorluk d\u00f6nemi cephelerinin restorasyonu, tarihi kapl\u0131ca pavyonlar\u0131n\u0131n yenilenmesi ve tedavi tesislerinin modernizasyonu g\u00fcn\u00fcm\u00fcze kadar devam etti. 1992&#039;de \u015fehir merkezi kentsel an\u0131t rezervasyonu olarak koruma kazand\u0131. 2021&#039;de UNESCO, do\u011fal kaynaklar\u0131 ve k\u0131tan\u0131n on sekizinci y\u00fczy\u0131ldan yirminci y\u00fczy\u0131la kadar sa\u011fl\u0131k ve e\u011flence k\u00fclt\u00fcn\u00fc yans\u0131tan y\u00fcksek barok ve Art Nouveau mimarisinin tan\u0131nmas\u0131 amac\u0131yla Franti\u0161kovy L\u00e1zn\u011b&#039;yi Karlovy Vary ve Mari\u00e1nsk\u00e9 L\u00e1zn\u011b ile birlikte Avrupa&#039;n\u0131n B\u00fcy\u00fck Kapl\u0131ca Kentleri D\u00fcnya Miras\u0131 Alan\u0131&#039;n\u0131n bir par\u00e7as\u0131 olarak kaydetti.<\/p>\n<p>G\u00fcn\u00fcm\u00fczdeki tedavi rejimi yerel jeolojiye dayanmaktad\u0131r. Ya\u011f\u0131\u015f, Cheb Havzas\u0131&#039;n\u0131n tortul katmanlar\u0131na s\u0131zarak karbondioksiti ve mineral tuzlar\u0131n\u0131 \u00e7\u00f6zer ve ard\u0131ndan yirmi \u00fc\u00e7 aktif kaynakta ortaya \u00e7\u0131kar. Kimyasal bile\u015fimleri de\u011fi\u015fse de t\u00fcm sular y\u00fcksek oranda \u00e7\u00f6z\u00fcnm\u00fc\u015f karbonik asit i\u00e7erir. Hidrostatik banyolar, kardiyovask\u00fcler performans\u0131 art\u0131rmak, kan bas\u0131nc\u0131n\u0131 hafif\u00e7e d\u00fc\u015f\u00fcrmek ve kan dola\u015f\u0131m\u0131n\u0131 kolayla\u015ft\u0131rmak i\u00e7in bu \u00f6zelliklerden yararlan\u0131rken, kronik iltihab\u0131 hafifletir ve romatizmal rahats\u0131zl\u0131klara rahatlama sa\u011flar. Yerel \u00e7amur tedavileri termal, kimyasal ve mekanik uyar\u0131lar\u0131 birle\u015ftirir: Kaslara uygulanan \u0131s\u0131t\u0131lm\u0131\u015f \u00e7amur ve mineral su kar\u0131\u015f\u0131m\u0131, kademeli \u0131s\u0131 transferi ve mineral emilimi yoluyla hareket kabiliyetini art\u0131r\u0131r ve a\u011fr\u0131y\u0131 hafifletir.<\/p>\n<p>Kapl\u0131ca rejiminin \u00f6tesinde, Franti\u0161kovy L\u00e1zn\u011b&#039;nin in\u015fa edilmi\u015f miras\u0131 ke\u015ffe davet ediyor. Neo-R\u00f6nesans Sosyal Evi (1877), s\u00fctunlu cepheleri ve tonozlu i\u00e7 mekanlar\u0131 i\u00e7inde kongrelere, resmi balolara ve bir kumarhaneye ev sahipli\u011fi yaparak kapl\u0131ca merkezini demirliyor. Bat\u0131ya do\u011fru k\u0131sa bir y\u00fcr\u00fcy\u00fc\u015f, sade revak\u0131 ve rafine s\u00fcslemeleriyle ay\u0131rt edilen \u0130mparatorluk tarz\u0131 kutsal mimarinin saf bir \u00f6rne\u011fi olan Kutsal Ha\u00e7&#039;\u0131n Y\u00fcceltilmesi Kilisesi&#039;ni (1815-1820) ortaya \u00e7\u0131kar\u0131yor. Yak\u0131nlardaki Aziz Olga Kilisesi (1887), so\u011fan kubbeleri ve yald\u0131zl\u0131 ikonostasisiyle Rus Barok&#039;unu \u00e7a\u011fr\u0131\u015ft\u0131r\u0131yor ve bir zamanlar burada dinlenmek isteyen \u00c7ar&#039;\u0131n topraklar\u0131ndan gelen ziyaret\u00e7ilerin kan\u0131t\u0131. Aziz Petrus ve Pavlus Evanjelik Kilisesi (1875-1880), Neo-Romanesk k\u00fctleyi 1920&#039;lerde eklenen K\u00fcbizmden etkilenen bir kuleyle harmanlarken, Horn\u00ed Lomany&#039;deki Barok Aziz James B\u00fcy\u00fck Kilisesi (1739-1741), spa \u00f6ncesi k\u0131rsal cemaat ya\u015fam\u0131n\u0131n bir hat\u0131rlat\u0131c\u0131s\u0131 olarak durmaktad\u0131r.<\/p>\n<p>K\u00fclt\u00fcrel bir g\u00fczergah performans ve g\u00f6steriye kadar uzan\u0131r. 1868&#039;de a\u00e7\u0131lan ve 1927-1928&#039;de Art Deco i\u00e7 mekanlara sahip Neoklasik formda yeniden in\u015fa edilen Bo\u017eena N\u011bmcov\u00e1 Tiyatrosu, freskli tavanlar\u0131n alt\u0131nda konserler ve yerel dramalar sahneler. Belediye M\u00fczesi, kasaban\u0131n batakl\u0131kl\u0131 kaynak kenar\u0131ndaki bulu\u015fmadan Belle \u00c9poque destinasyonuna d\u00f6n\u00fc\u015f\u00fcm\u00fcn\u00fc kaydederken, \u00f6zel bir Motosiklet ve Araba M\u00fczesi, mekanik zanaat ve tasar\u0131ma \u00f6zel bir hayranl\u0131k sunar. Daha hafif e\u011flenceler i\u00e7in Aquaforum su park\u0131, su yoluyla e\u011flence yoluyla ge\u00e7mi\u015fi ve bug\u00fcn\u00fc birbirine ba\u011flayan modern havuzlar, kayd\u0131raklar ve sa\u011fl\u0131kl\u0131 ya\u015fam s\u00fcitleri sunar.<\/p>\n<p>Franti\u0161kovy L\u00e1zn\u011b&#039;ye modern eri\u015fim kolayd\u0131r. I\/21 yolu Cheb ve D6 otoyolunu Vojtanov&#039;daki Alman s\u0131n\u0131r\u0131na ba\u011flarken, I\/64 A\u0161&#039;a do\u011fru ayr\u0131l\u0131r ve I\/6 (D6&#039;y\u0131 devam ettirerek) g\u00fcneye Pomez\u00ed nad Oh\u0159\u00ed&#039;ye do\u011fru gider. Cheb\u2013Hof hatt\u0131n\u0131 d\u00fczenli trenler ge\u00e7er ve hem spa misafirlerini hem de g\u00fcn\u00fcbirlik gezginleri \u015fehrin kalbine getirir.<\/p>\n<p>Sadece 5.600 sakini olmas\u0131na ra\u011fmen Franti\u0161kovy L\u00e1zn\u011b, manzara ve mimarinin, bilim ve sosyal ya\u015fam\u0131n kesi\u015fti\u011fi noktan\u0131n bir kan\u0131t\u0131 olarak varl\u0131\u011f\u0131n\u0131 s\u00fcrd\u00fcr\u00fcyor. Bak\u0131ml\u0131 gezinti yollar\u0131nda ve s\u00fctunlu s\u00fctunlu s\u00fctunlar\u0131nda, Ayd\u0131nlanma \u00c7a\u011f\u0131&#039;n\u0131n do\u011fan\u0131n iyile\u015ftirici g\u00fc\u00e7lerine olan inanc\u0131n\u0131 alg\u0131layabilirsiniz. Mineral sular\u0131n\u0131n kucaklamas\u0131nda, her yeni nesil, be\u015f y\u00fczy\u0131l \u00f6nce Georgius Agricola&#039;n\u0131n ilk kez merak\u0131n\u0131 \u00e7eken ayn\u0131 dingin yo\u011funlu\u011fu yeniden ke\u015ffeder. Burada, durgun g\u00f6letler ve on sekizinci y\u00fczy\u0131l pavyonlar\u0131 aras\u0131nda, ge\u00e7mi\u015fin ve bug\u00fcn\u00fcn ritimleri, esenli\u011fin sab\u0131rl\u0131 bir \u015fekilde ortaya \u00e7\u0131kmas\u0131nda birle\u015fiyor.<\/p>","protected":false},"excerpt":{"rendered":"<p>Franti\u0161kovy L\u00e1zn\u011b, \u00c7ek Cumhuriyeti&#039;nin Karlovy Vary B\u00f6lgesi&#039;nin Cheb B\u00f6lgesi&#039;nde bulunan, yakla\u015f\u0131k 5.800 n\u00fcfuslu bir kapl\u0131ca kasabas\u0131d\u0131r. Egerland b\u00f6lgesindeki Cheb&#039;in yakla\u015f\u0131k 5 kilometre kuzeyinde bulunan bu konum, Karlovy Vary ve Mari\u00e1nsk\u00e9 L\u00e1zn\u011b kasabalar\u0131yla birlikte Bat\u0131 Bohemya Spa \u00dc\u00e7geni&#039;nin \u00f6nemli bir bile\u015fenidir.<\/p>","protected":false},"author":1,"featured_media":18720,"parent":14322,"menu_order":0,"comment_status":"closed","ping_status":"closed","template":"elementor_theme","meta":{"_eb_attr":"","footnotes":""},"class_list":["post-16212","page","type-page","status-publish","has-post-thumbnail"],"_links":{"self":[{"href":"https:\/\/travelshelper.com\/tr\/wp-json\/wp\/v2\/pages\/16212","targetHints":{"allow":["GET"]}}],"collection":[{"href":"https:\/\/travelshelper.com\/tr\/wp-json\/wp\/v2\/pages"}],"about":[{"href":"https:\/\/travelshelper.com\/tr\/wp-json\/wp\/v2\/types\/page"}],"author":[{"embeddable":true,"href":"https:\/\/travelshelper.com\/tr\/wp-json\/wp\/v2\/users\/1"}],"replies":[{"embeddable":true,"href":"https:\/\/travelshelper.com\/tr\/wp-json\/wp\/v2\/comments?post=16212"}],"version-history":[{"count":0,"href":"https:\/\/travelshelper.com\/tr\/wp-json\/wp\/v2\/pages\/16212\/revisions"}],"up":[{"embeddable":true,"href":"https:\/\/travelshelper.com\/tr\/wp-json\/wp\/v2\/pages\/14322"}],"wp:featuredmedia":[{"embeddable":true,"href":"https:\/\/travelshelper.com\/tr\/wp-json\/wp\/v2\/media\/18720"}],"wp:attachment":[{"href":"https:\/\/travelshelper.com\/tr\/wp-json\/wp\/v2\/media?parent=16212"}],"curies":[{"name":"wp","href":"https:\/\/api.w.org\/{rel}","templated":true}]}}