{"id":15974,"date":"2024-09-22T01:11:09","date_gmt":"2024-09-22T01:11:09","guid":{"rendered":"https:\/\/travelshelper.com\/staging\/?page_id=15974"},"modified":"2024-09-22T01:13:07","modified_gmt":"2024-09-22T01:13:07","slug":"sorumluluk-reddi","status":"publish","type":"page","link":"https:\/\/travelshelper.com\/tr\/disclaimer\/","title":{"rendered":"Sorumluluk reddi"},"content":{"rendered":"<div data-elementor-type=\"wp-page\" data-elementor-id=\"15974\" class=\"elementor elementor-15974\">\n\t\t\t\t<div class=\"elementor-element elementor-element-6f0bcdfa e-flex e-con-boxed e-con e-parent\" data-id=\"6f0bcdfa\" data-element_type=\"container\" data-e-type=\"container\">\n\t\t\t\t\t<div class=\"e-con-inner\">\n\t\t<div class=\"elementor-element elementor-element-627d6690 e-con-full e-flex e-con e-child\" data-id=\"627d6690\" data-element_type=\"container\" data-e-type=\"container\">\n\t\t\t\t<div class=\"elementor-element elementor-element-428000a8 elementor-widget elementor-widget-text-editor\" data-id=\"428000a8\" data-element_type=\"widget\" data-e-type=\"widget\" data-widget_type=\"text-editor.default\">\n\t\t\t\t\t\t\t\t\t<p><\/p><p>Son g\u00fcncelleme: 2024-09-26<\/p><p> <\/p><p><strong>WEB S\u0130TES\u0130 SORUMLULUK REDD\u0130<\/strong><\/p><p> <\/p><p>Taraf\u0131ndan sa\u011flanan bilgiler\u00a0<strong>Seyahat S Yard\u0131mc\u0131s\u0131<\/strong>\u00a0(\u201c\u015eirket\u201d, \u201cbiz\u201d, \u201cbizim\u201d, \u201cbize\u201d)\u00a0<strong>https:\/\/travelshelper.com<\/strong>\u00a0(\u201cSite\u201d) yaln\u0131zca genel bilgilendirme ama\u00e7l\u0131d\u0131r. Sitedeki t\u00fcm bilgiler iyi niyetle sa\u011flan\u0131r, ancak Sitedeki herhangi bir bilginin do\u011frulu\u011fu, yeterlili\u011fi, ge\u00e7erlili\u011fi, g\u00fcvenilirli\u011fi, kullan\u0131labilirli\u011fi veya eksiksizli\u011fi konusunda a\u00e7\u0131k veya z\u0131mni hi\u00e7bir beyanda bulunmay\u0131z veya garanti vermeyiz.<\/p><p> <\/p><p>H\u0130\u00c7B\u0130R DURUMDA, S\u0130TEN\u0130N KULLANIMI VEYA S\u0130TEDE SUNULAN HERHANG\u0130 B\u0130R B\u0130LG\u0130YE G\u00dcVEN\u0130LMES\u0130 SONUCUNDA OLU\u015eAN HERHANG\u0130 B\u0130R KAYIP VEYA ZARARDAN DOLAYI S\u0130ZE KAR\u015eI H\u0130\u00c7B\u0130R SORUMLULU\u011eUMUZ OLMAYACAKTIR. S\u0130TEY\u0130 KULLANMANIZ VE S\u0130TEDE SUNULAN HERHANG\u0130 B\u0130R B\u0130LG\u0130YE G\u00dcVENMEN\u0130Z TAMAMEN KEND\u0130 R\u0130SK\u0130N\u0130ZDED\u0130R.<\/p><p> <\/p><p><strong>DI\u015e BA\u011eLANTILAR SORUMLULUK REDD\u0130<\/strong><\/p><p> <\/p><p>Site, \u00fc\u00e7\u00fcnc\u00fc taraflara ait veya onlardan kaynaklanan di\u011fer web sitelerine veya i\u00e7eriklere ba\u011flant\u0131lar i\u00e7erebilir (veya Site arac\u0131l\u0131\u011f\u0131yla size g\u00f6nderilebilir) veya web sitelerine ve \u00f6zelliklere ba\u011flant\u0131lar i\u00e7erebilir. Bu t\u00fcr harici ba\u011flant\u0131lar, taraf\u0131m\u0131zca do\u011fruluk, yeterlilik, ge\u00e7erlilik, g\u00fcvenilirlik, kullan\u0131labilirlik veya eksiksizlik a\u00e7\u0131s\u0131ndan ara\u015ft\u0131r\u0131lmaz, izlenmez veya kontrol edilmez.<\/p><p> <\/p><p>S\u0130TE ARACILI\u011eIYLA BA\u011eLANTILI \u00dc\u00c7\u00dcNC\u00dc TARAF WEB S\u0130TELER\u0130 TARAFINDAN SUNULAN HERHANG\u0130 B\u0130R B\u0130LG\u0130N\u0130N DO\u011eRULU\u011eU VEYA G\u00dcVEN\u0130L\u0130RL\u0130\u011e\u0130 \u0130\u00c7\u0130N H\u0130\u00c7B\u0130R GARANT\u0130 VERM\u0130YORUZ, ONAYLAMIYORUZ, TEM\u0130NAT VERM\u0130YORUZ VEYA SORUMLULUK ALMIYORUZ. S\u0130Z\u0130NLE \u00dcR\u00dcN VEYA H\u0130ZMET SA\u011eLAYAN \u00dc\u00c7\u00dcNC\u00dc TARAFLAR ARASINDAK\u0130 HERHANG\u0130 B\u0130R \u0130\u015eLEM\u0130 \u0130ZLEMEKTEN H\u0130\u00c7B\u0130R \u015eEK\u0130LDE SORUMLU OLMAYACA\u011eIZ.<\/p><p> <\/p><p><strong>ORTAKLIK SORUMLULUK REDD\u0130<\/strong><\/p><p> <\/p><p>Site, ba\u011fl\u0131 kurulu\u015f web sitelerine ba\u011flant\u0131lar i\u00e7erebilir ve bu ba\u011flant\u0131lar\u0131 kullanarak ba\u011fl\u0131 kurulu\u015f web sitelerinde yapt\u0131\u011f\u0131n\u0131z herhangi bir sat\u0131n alma veya eylem i\u00e7in bir ba\u011fl\u0131 kurulu\u015f komisyonu alabiliriz.<\/p><p> <\/p><p><strong>REFERANSLAR SORUMLULUK REDD\u0130<\/strong><\/p><p> <\/p><p>Site, \u00fcr\u00fcnlerimizin ve\/veya hizmetlerimizin kullan\u0131c\u0131lar\u0131n\u0131n referanslar\u0131n\u0131 i\u00e7erebilir. Bu referanslar, s\u00f6z konusu kullan\u0131c\u0131lar\u0131n ger\u00e7ek ya\u015fam deneyimlerini ve g\u00f6r\u00fc\u015flerini yans\u0131t\u0131r. Ancak, deneyimler s\u00f6z konusu belirli kullan\u0131c\u0131lar i\u00e7in ki\u015fiseldir ve \u00fcr\u00fcnlerimizin ve\/veya hizmetlerimizin t\u00fcm kullan\u0131c\u0131lar\u0131n\u0131 temsil etmeyebilir. T\u00fcm kullan\u0131c\u0131lar\u0131n ayn\u0131 deneyimlere sahip olaca\u011f\u0131n\u0131 iddia etmiyoruz ve siz de varsaymamal\u0131s\u0131n\u0131z.<\/p><p> <\/p><p>B\u0130REYSEL SONU\u00c7LARINIZ DE\u011e\u0130\u015e\u0130KL\u0130K G\u00d6STEREB\u0130L\u0130R.<\/p><p> <\/p><p>Sitedeki referanslar metin, ses ve\/veya video gibi \u00e7e\u015fitli bi\u00e7imlerde sunulur ve yay\u0131nlanmadan \u00f6nce taraf\u0131m\u0131zca incelenir. Dilbilgisi veya yaz\u0131m hatalar\u0131n\u0131n d\u00fczeltilmesi d\u0131\u015f\u0131nda, Sitede kullan\u0131c\u0131lar taraf\u0131ndan verildi\u011fi \u015fekliyle aynen g\u00f6r\u00fcn\u00fcrler. Baz\u0131 referanslar, genel halkla ilgili olmayan gereksiz bilgiler i\u00e7eren tam referanslarda, k\u0131sal\u0131k u\u011fruna k\u0131salt\u0131lm\u0131\u015f olabilir.<\/p><p> <\/p><p>Referanslarda yer alan g\u00f6r\u00fc\u015f ve d\u00fc\u015f\u00fcnceler yaln\u0131zca ilgili kullan\u0131c\u0131ya aittir ve bizim g\u00f6r\u00fc\u015f ve d\u00fc\u015f\u00fcncelerimizi yans\u0131tmamaktad\u0131r.<\/p><p> <\/p><p><strong>HATALAR VE EKS\u0130KL\u0130KLER SORUMLULUK REDD\u0130<\/strong><\/p><p> <\/p><p>Bu sitede yer alan bilgilerin g\u00fcvenilir kaynaklardan elde edilmesini sa\u011flamak i\u00e7in her t\u00fcrl\u00fc \u00e7abay\u0131 g\u00f6stermi\u015f olsak da, Travel S Helper herhangi bir hata veya eksiklikten veya bu bilgilerin kullan\u0131m\u0131ndan elde edilen sonu\u00e7lardan sorumlu de\u011fildir. Bu sitedeki t\u00fcm bilgiler &#034;oldu\u011fu gibi&#034;, eksiksizlik, do\u011fruluk, zamanlama veya bu bilgilerin kullan\u0131m\u0131ndan elde edilen sonu\u00e7lar konusunda hi\u00e7bir garanti olmaks\u0131z\u0131n ve performans, pazarlanabilirlik ve belirli bir amaca uygunluk garantileri dahil ancak bunlarla s\u0131n\u0131rl\u0131 olmamak \u00fczere a\u00e7\u0131k veya z\u0131mni hi\u00e7bir garanti olmaks\u0131z\u0131n sa\u011flanmaktad\u0131r.<\/p><p> <\/p><p>Hi\u00e7bir durumda Travel S Helper, ilgili ortakl\u0131klar\u0131 veya \u015firketleri veya bunlar\u0131n ortaklar\u0131, temsilcileri veya \u00e7al\u0131\u015fanlar\u0131, bu Sitede yer alan bilgilere g\u00fcvenerek al\u0131nan herhangi bir karar veya ger\u00e7ekle\u015ftirilen herhangi bir eylemden veya bu t\u00fcr zararlar\u0131n olas\u0131l\u0131\u011f\u0131 bildirilmi\u015f olsa bile, herhangi bir sonu\u00e7sal, \u00f6zel veya benzeri zarardan size veya herhangi bir ba\u015fkas\u0131na kar\u015f\u0131 sorumlu olmayacakt\u0131r.<\/p><p> <\/p><p><strong>M\u0130SAF\u0130R KATKIDA BULUNANLARIN SORUMLULUK REDD\u0130<\/strong><\/p><p> <\/p><p>Bu Site, misafir katk\u0131da bulunanlar\u0131n i\u00e7eriklerini i\u00e7erebilir ve bu t\u00fcr g\u00f6nderilerde ifade edilen g\u00f6r\u00fc\u015fler veya fikirler ki\u015fiseldir ve a\u00e7\u0131k\u00e7a belirtilmedi\u011fi s\u00fcrece Travel S Helper&#039;\u0131n veya herhangi bir personelinin veya ba\u011fl\u0131 kurulu\u015flar\u0131n\u0131n g\u00f6r\u00fc\u015flerini temsil etmez.<\/p><p> <\/p><p><strong>LOGOLAR VE T\u0130CAR\u0130 MARKALAR SORUMLULUK REDD\u0130<\/strong><\/p><p> <\/p><p>All logos and trademarks of third parties referenced on\u00a0https:\/\/travelshelper.com\u00a0are the trademarks and logos of their respective owners. Any inclusion of such trademarks or logos does not imply or constitute any approval, endorsement or sponsorship of\u00a0Travel S Helper\u00a0by such owners.<\/p><p> <\/p><p><strong>B\u0130ZE ULA\u015eIN<\/strong><\/p><p> <\/p><p>Herhangi bir geri bildiriminiz, yorumunuz, teknik destek talebiniz veya di\u011fer sorular\u0131n\u0131z varsa l\u00fctfen bizimle e-posta yoluyla ileti\u015fime ge\u00e7in:\u00a0<strong>ofis@travelshelper.com<\/strong>.<\/p><p><\/p>\t\t\t\t\t\t\t\t<\/div>\n\t\t\t\t<\/div>\n\t\t\t\t\t<\/div>\n\t\t\t\t<\/div>\n\t\t\t\t<\/div>","protected":false},"excerpt":{"rendered":"<p>Last updated: 2024-09-26 WEBSITE DISCLAIMER The information provided by\u00a0Travel S Helper\u00a0(\u201cCompany\u201d, \u201cwe\u201d, \u201cour\u201d, \u201cus\u201d) on\u00a0https:\/\/travelshelper.com\u00a0(the \u201cSite\u201d) is for general informational purposes only. All information on the Site is provided in good faith, however we make no representation or warranty of any kind, express or implied, regarding the accuracy, adequacy, validity, reliability, availability, or completeness of [&hellip;]<\/p>\n","protected":false},"author":1,"featured_media":0,"parent":0,"menu_order":0,"comment_status":"closed","ping_status":"closed","template":"elementor_header_footer","meta":{"_eb_attr":"","footnotes":""},"class_list":["post-15974","page","type-page","status-publish"],"_links":{"self":[{"href":"https:\/\/travelshelper.com\/tr\/wp-json\/wp\/v2\/pages\/15974","targetHints":{"allow":["GET"]}}],"collection":[{"href":"https:\/\/travelshelper.com\/tr\/wp-json\/wp\/v2\/pages"}],"about":[{"href":"https:\/\/travelshelper.com\/tr\/wp-json\/wp\/v2\/types\/page"}],"author":[{"embeddable":true,"href":"https:\/\/travelshelper.com\/tr\/wp-json\/wp\/v2\/users\/1"}],"replies":[{"embeddable":true,"href":"https:\/\/travelshelper.com\/tr\/wp-json\/wp\/v2\/comments?post=15974"}],"version-history":[{"count":0,"href":"https:\/\/travelshelper.com\/tr\/wp-json\/wp\/v2\/pages\/15974\/revisions"}],"wp:attachment":[{"href":"https:\/\/travelshelper.com\/tr\/wp-json\/wp\/v2\/media?parent=15974"}],"curies":[{"name":"wp","href":"https:\/\/api.w.org\/{rel}","templated":true}]}}