{"id":15920,"date":"2024-09-21T23:53:15","date_gmt":"2024-09-21T23:53:15","guid":{"rendered":"https:\/\/travelshelper.com\/staging\/?page_id=15920"},"modified":"2026-03-11T01:49:55","modified_gmt":"2026-03-11T01:49:55","slug":"brunei","status":"publish","type":"page","link":"https:\/\/travelshelper.com\/tr\/destinations\/asia\/brunei\/","title":{"rendered":"Brunei"},"content":{"rendered":"<p>Brunei Darussalam, G\u00fcneydo\u011fu Asya&#039;da tekil bir ni\u015f i\u015fgal ediyor: Borneo&#039;nun kuzey k\u0131y\u0131s\u0131nda, hidrokarbon zenginli\u011fi bak\u0131m\u0131ndan zengin ancak geleneklerle s\u0131n\u0131rlanm\u0131\u015f kompakt bir sultanl\u0131k. Malezya&#039;n\u0131n Limbang il\u00e7esi taraf\u0131ndan iki biti\u015fik olmayan b\u00f6l\u00fcme ayr\u0131lan topraklar\u0131 sadece 5.765 kilometrekarelik bir alan\u0131 kaps\u0131yor ancak yo\u011fun ova ya\u011fmur ormanlar\u0131n\u0131, engebeli yayla yama\u00e7lar\u0131n\u0131 ve G\u00fcney \u00c7in Denizi&#039;nde 161 kilometrelik k\u0131y\u0131 \u015feridini kaps\u0131yor. Yakla\u015f\u0131k 455.858 sakin (2023 tahmini) bu b\u00f6lgeyi yuva olarak adland\u0131r\u0131yor, bunlar\u0131n d\u00f6rtte \u00fc\u00e7\u00fcnden fazlas\u0131 Brunei-Muara, Tutong ve Belait&#039;in bat\u0131 eyaletlerinde k\u00fcmeleniyor; sadece yakla\u015f\u0131k on bin ki\u015fi da\u011fl\u0131k Temburong B\u00f6lgesi&#039;nde ya\u015f\u0131yor. Ba\u015fkent Bandar Seri Begawan, kampong evleri, camiler, h\u00fck\u00fcmet ofisleri ve yeni i\u015f b\u00f6lgelerinden olu\u015fan mozai\u011finde yakla\u015f\u0131k 180.000 ki\u015fiye ev sahipli\u011fi yap\u0131yor.<\/p>\n\n\n\n<p>S\u0131n\u0131rlar\u0131n\u0131n \u00f6tesinde, Malezya ve Endonezya ile payla\u015f\u0131lan daha geni\u015f Borneo adas\u0131 uzan\u0131yor; Brunei, tamamen Borneo&#039;da bulunan tek egemen devlet olarak tek ba\u015f\u0131na duruyor. Manzaras\u0131n\u0131n neredeyse d\u00f6rtte \u00fc\u00e7\u00fc ormanl\u0131k: 2020&#039;de yakla\u015f\u0131k 380.000 hektar a\u011fa\u00e7 \u00f6rt\u00fcs\u00fc alt\u0131nda kald\u0131 ve bunun yakla\u015f\u0131k y\u00fczde 70&#039;i end\u00fcstriyel faaliyetlerden etkilenmemi\u015f birincil ormand\u0131. Sultanl\u0131\u011f\u0131n iklimi s\u00fcrekli nemli ve \u0131slakt\u0131r ve mevsimsel muson veya siklonlardan \u00e7ok, Intertropikal Yak\u0131nsama B\u00f6lgesi&#039;nin sal\u0131n\u0131mlar\u0131 taraf\u0131ndan \u015fekillendirilir. Yine de kom\u015fular\u0131 gibi Brunei de h\u0131zl\u0131 ekonomik kalk\u0131nman\u0131n zemininde artan iklim de\u011fi\u015fikli\u011fi bask\u0131lar\u0131yla - y\u00fckselen deniz seviyeleri, de\u011fi\u015fen ya\u011f\u0131\u015f d\u00fczenleri ve k\u0131y\u0131 erozyonu - kar\u015f\u0131 kar\u015f\u0131yad\u0131r.<\/p>\n\n\n\n<p>Tarihe bir bak\u0131\u015f, Brunei&#039;nin Sultan Bolkiah (h\u00fck\u00fcmdarl\u0131\u011f\u0131 1485-1528) d\u00f6neminde deniz etkisinin zirvesinde oldu\u011funu ortaya koyuyor. Yerel kronikler ve d\u0131\u015f kaynaklar, krall\u0131\u011f\u0131n o zamanlar kuzeybat\u0131 Borneo&#039;nun b\u00fcy\u00fck bir b\u00f6l\u00fcm\u00fcne, Sabah ve Sarawak&#039;a ve Sulu tak\u0131madalar\u0131na kadar uzand\u0131\u011f\u0131n\u0131 \u00f6ne s\u00fcr\u00fcyor. Magellan&#039;\u0131n d\u00fcnya turunda hayatta kalan m\u00fcrettebat 1521&#039;de k\u0131y\u0131lar\u0131n\u0131 ziyaret etti; on y\u0131llar sonra, 1578&#039;de Brunei donanmas\u0131 Kastilya Sava\u015f\u0131&#039;nda \u0130spanyol kuvvetleriyle \u00e7at\u0131\u015fmaya girdi. Ancak 19. y\u00fczy\u0131lda, i\u00e7 rekabetler ve Avrupa s\u00f6m\u00fcrgecili\u011finin ilerlemesi, topraklar\u0131n\u0131 daraltt\u0131. 1841&#039;de Sarawak, &#034;Beyaz Rajah&#034; James Brooke&#039;a ge\u00e7ti; 1880&#039;lerde \u0130ngiliz imtiyazl\u0131 \u015firketler Sabah&#039;\u0131n kontrol\u00fcn\u00fc ele ge\u00e7irdi; ve 1888&#039;de Brunei, d\u0131\u015f politikas\u0131 ve savunmas\u0131 Londra taraf\u0131ndan denetlenen bir \u0130ngiliz himayesi haline geldi.<\/p>\n\n\n\n<p>Yirminci y\u00fczy\u0131l, sultanl\u0131ktan modern h\u00fck\u00fcmete ge\u00e7i\u015fi m\u00fch\u00fcrledi. II. D\u00fcnya Sava\u015f\u0131 s\u0131ras\u0131nda k\u0131sa bir Japon i\u015fgalinden sonra, 1959 anayasas\u0131, bir \u0130ngiliz ikametgah\u0131 alt\u0131nda s\u0131n\u0131rl\u0131 bir \u00f6zy\u00f6netim ba\u015flatt\u0131. K\u0131smen yeni Malezya federasyonuna kat\u0131lma konusundaki gerginliklerden kaynaklanan 1962 ayaklanmas\u0131, \u0130ngiliz deste\u011fiyle bast\u0131r\u0131ld\u0131; ba\u015far\u0131s\u0131zl\u0131\u011f\u0131 Sultan \u00d6mer Ali Saifuddien III&#039;\u00fc Brunei&#039;nin Malezya d\u0131\u015f\u0131nda kalmas\u0131 gerekti\u011fine ikna etti. Tam ba\u011f\u0131ms\u0131zl\u0131k nihayet 1 Ocak 1984&#039;te geldi. 1967&#039;den beri Sultan Hassanal Bolkiah, y\u00fcr\u00fctme, yasama ve dini otoriteyi sarayda yo\u011funla\u015ft\u0131rarak \u00fclkenin kaderine ba\u015fkanl\u0131k ediyor. Yasama Konseyi yaln\u0131zca dan\u0131\u015fma bi\u00e7iminde var ve \u00fcyeleri kraliyet kararnamesiyle atan\u0131yor.<\/p>\n\n\n\n<p>Petrol ve do\u011fal gaz, Brunei&#039;nin modern ya\u015fam\u0131n\u0131n neredeyse her y\u00f6n\u00fcn\u00fcn temelini olu\u015fturur. Hidrokarbon sahalar\u0131 GSY\u0130H&#039;n\u0131n yakla\u015f\u0131k &#039;\u0131n\u0131 olu\u015fturur; g\u00fcnl\u00fck \u00fcretim yakla\u015f\u0131k 167.000 varil ham petrol ve 25 milyon metrek\u00fcp s\u0131v\u0131la\u015ft\u0131r\u0131lm\u0131\u015f do\u011fal gaz civar\u0131nda seyreder ve bu da sultanl\u0131\u011f\u0131 G\u00fcneydo\u011fu Asya&#039;n\u0131n ba\u015fl\u0131ca \u00fcreticilerinden biri yapar. Gelir, Brunei Yat\u0131r\u0131m Ajans\u0131 arac\u0131l\u0131\u011f\u0131yla k\u00fcresel hisse senetlerine, tahvillere ve gayrimenkule akar ve yerel rezervler olgunla\u015fsa bile gelir ak\u0131\u015flar\u0131n\u0131n devam etmesini sa\u011flar. Bu mali c\u00f6mertlik, b\u00f6lgede al\u0131\u015f\u0131lmad\u0131k bir refah sistemini beslemi\u015ftir: sa\u011fl\u0131k hizmeti, e\u011fitim ve kamu konutlar\u0131 b\u00fcy\u00fck \u00f6l\u00e7\u00fcde s\u00fcbvanse edilir veya \u00fccretsizdir ve pirin\u00e7, yemeklik ya\u011f ve kamu hizmetleri devlet deste\u011fi al\u0131r. Sonu\u00e7 olarak, Brunei \u0130nsani Geli\u015fme Endeksi&#039;nde &#034;\u00e7ok y\u00fcksek&#034; bir s\u0131rada yer al\u0131r - ASEAN \u00fclkeleri aras\u0131nda yaln\u0131zca Singapur&#039;dan sonra ikinci s\u0131radad\u0131r - ve d\u00fcnya \u00e7ap\u0131nda sat\u0131n alma g\u00fcc\u00fc paritesinde ki\u015fi ba\u015f\u0131na d\u00fc\u015fen GSY\u0130H&#039;de dokuzuncu en y\u00fcksek s\u0131radad\u0131r.<\/p>\n\n\n\n<p>Ancak hidrokarbonlara ba\u011f\u0131ml\u0131l\u0131k, ekonomik taban\u0131 geni\u015fletmek i\u00e7in resmi planlar\u0131 harekete ge\u00e7irdi. Uzun vadeli bir kalk\u0131nma vizyonu, i\u015fg\u00fcc\u00fcn\u00fcn art\u0131r\u0131lmas\u0131n\u0131, turizm b\u00fcy\u00fcmesini, finansal hizmetlerin geni\u015flemesini ve tar\u0131msal \u00f6z yeterlili\u011fi hedefliyor; \u00f6zellikle pirin\u00e7 yeti\u015ftiricili\u011finde. H\u00fck\u00fcmet, 2009 y\u0131l\u0131nda Wasan&#039;da yeti\u015ftirilen y\u00fcksek verimli bir t\u00fcr olan Laila Rice&#039;\u0131 tan\u0131tt\u0131 ve bu, yerel \u00fcretim i\u00e7in yar\u0131m y\u00fczy\u0131ll\u0131k h\u0131rslara geri d\u00f6n\u00fcyor. Helal markala\u015fma giri\u015fimleri ihracat pazarlar\u0131n\u0131 ararken, m\u00fctevaz\u0131 \u00fcretim giri\u015fimleri (\u00f6zellikle petrokimyasallar ve hafif sanayi) alternatif istihdam sa\u011fl\u0131yor. Ulusal ta\u015f\u0131y\u0131c\u0131 Royal Brunei Airlines, Bandar Seri Begawan&#039;\u0131 Avrupa ve Avustralasya aras\u0131nda bir ge\u00e7i\u015f merkezi olarak konumland\u0131rmay\u0131 ve Londra Heathrow&#039;da de\u011ferli bir g\u00fcnl\u00fck yuvay\u0131 korumay\u0131 hedefliyor.<\/p>\n\n\n\n<p>Brunei&#039;nin altyap\u0131s\u0131 hem zenginli\u011fini hem de ihtiyatl\u0131 yakla\u015f\u0131m\u0131n\u0131 yans\u0131t\u0131yor. Yakla\u015f\u0131k 3.700 kilometre uzunlu\u011funda, &#039;si asfaltlanm\u0131\u015f otoyol a\u011f\u0131, Muara, Seria, Kuala Belait ve Tutong gibi ba\u015fl\u0131ca kasabalar\u0131 birbirine ba\u011fl\u0131yor. Ara\u00e7 sahipli\u011fi, her iki ki\u015fiden az\u0131na bir \u00f6zel ara\u00e7 d\u00fc\u015ft\u00fc\u011f\u00fc i\u00e7in k\u00fcresel olarak en y\u00fcksek seviyelerde; akaryak\u0131t fiyatlar\u0131 b\u00fcy\u00fck \u00f6l\u00e7\u00fcde s\u00fcbvanse ediliyor ve toplu ta\u015f\u0131ma, i\u015flevsel olsa da s\u0131n\u0131rl\u0131. Son zamanlardaki d\u00f6n\u00fcm noktalar\u0131ndan biri, 17 Mart 2020&#039;de 1,6 milyar ABD dolar\u0131 maliyetle a\u00e7\u0131lan Muara&#039;y\u0131 Temburong&#039;a ba\u011flayan 30 kilometrelik yol ve k\u00f6pr\u00fcd\u00fcr. Brunei Uluslararas\u0131 Havaalan\u0131, Changi Airport Consultants kapsam\u0131nda 150 milyon ABD dolar\u0131 tutar\u0131nda bir geni\u015flemenin ortas\u0131nda ve y\u0131ll\u0131k kapasitesini \u00fc\u00e7 milyon yolcuya \u00e7\u0131karacak \u015fekilde iki kat\u0131na \u00e7\u0131karacak.<\/p>\n\n\n\n<p>H\u0131zl\u0131 ekonomik b\u00fcy\u00fcmenin ortas\u0131nda, devlet temkinli bir izolasyon resmi duru\u015funu s\u00fcrd\u00fcr\u00fcyor. Liderler, s\u0131n\u0131rs\u0131z k\u00fcresel entegrasyonun Malay k\u00fclt\u00fcr\u00fcne, \u0130slam inanc\u0131na ve monar\u015fik sadakate dayanan sosyal uyumu a\u015f\u0131nd\u0131rabilece\u011finden endi\u015fe ediyor. Bununla birlikte, Brunei, BM, DT\u00d6, Milletler Toplulu\u011fu, ASEAN, OIC ve Ba\u011flant\u0131s\u0131zlar Hareketi \u00fcyesi olarak uluslararas\u0131 alanda faaliyet g\u00f6steriyor. 2000 y\u0131l\u0131nda APEC&#039;e ba\u015fkanl\u0131k ederek, Asya-Pasifik&#039;e \u0131l\u0131ml\u0131 bir y\u00fcz yans\u0131t\u0131rken i\u00e7 huzuru korudu.<\/p>\n\n\n\n<p>Brunei&#039;deki sosyal ya\u015fam kas\u0131tl\u0131 bir h\u0131zda ilerler. \u0130slam, \u00f6zellikle S\u00fcnni f\u0131k\u0131h\u0131n\u0131n \u015eafii mezhebi, devlet dinidir; n\u00fcfusun &#039;sinden fazlas\u0131 kendini M\u00fcsl\u00fcman olarak tan\u0131mlar. \u015eeriat, \u0130ngiliz genel hukukunu tamamlar ve cezalar (belirli su\u00e7lar i\u00e7in k\u0131rba\u00e7lamadan (teoride) ciddi su\u00e7lar i\u00e7in \u00f6l\u00fcm cezas\u0131na kadar) devletin kat\u0131 yasal \u00e7er\u00e7evesini vurgular. Alkol kamusal alanda yasakt\u0131r; M\u00fcsl\u00fcman olmayanlar \u00f6zel kullan\u0131m i\u00e7in s\u0131n\u0131rl\u0131 miktarda ithal edebilir ve \u00c7in lokantalar\u0131 domuz etini gizlice satabilir. Ramazan ay\u0131nda, \u00e7o\u011fu lokanta g\u00fcnd\u00fcz saatlerinde hizmetini kapat\u0131r ve kamusal alanda yiyecek veya i\u00e7ecek t\u00fcketimi ciddi para cezalar\u0131na neden olabilir. Cuma namazlar\u0131 i\u015fleri iki saatli\u011fine durdurur ve gece hayat\u0131, barlar\u0131n ve kul\u00fcplerin Bruneili m\u00fc\u015fterilere hitap etti\u011fi Limbang&#039;a do\u011fru kayar.<\/p>\n\n\n\n<p>Etnik olarak, Brunei \u00e7o\u011funlu\u011fu Malay&#039;d\u0131r - bir say\u0131ma g\u00f6re yakla\u015f\u0131k \u00fc\u00e7te iki - yakla\u015f\u0131k &#039;luk bir \u00c7inli az\u0131nl\u0131k, yerli gruplar (Belait, Bisaya, Dusun, Kedayan, Lun Bawang, Murut, Tutong) ve yakla\u015f\u0131k &#039;s\u0131 gurbet\u00e7idir. \u0130ngilizce, ilkokuldan \u00fcniversiteye kadar ticaret ve \u00f6\u011fretim dili olarak geli\u015fir ve Standart Malay (hem Latin hem de geleneksel Jawi yaz\u0131lar\u0131yla yaz\u0131l\u0131r), Brunei Malay leh\u00e7esi, \u00e7e\u015fitli \u00c7in dilleri ve dini ortamlarda Arap\u00e7a ile birlikte var olur. Bu dilsel \u00e7izgiler, sultanl\u0131\u011f\u0131n yabanc\u0131 etkilere kar\u015f\u0131 \u00e7a\u011fda\u015f \u00e7ekingenli\u011fine ra\u011fmen ticarete ve bilime olan tarihi a\u00e7\u0131kl\u0131\u011f\u0131n\u0131 yans\u0131t\u0131r.<\/p>\n\n\n\n<p>Brunei&#039;deki k\u00fclt\u00fcrel ifade, ihtiyatl\u0131 ama elle tutulur. Beyaz mermerden camiler ve yald\u0131zl\u0131 kubbeler, \u015fehir sil\u00fcetlerini vurgularken, tarihi su k\u00f6y\u00fc Kampong Ayer, kaz\u0131kl\u0131 ah\u015fap platformlarda y\u00fczy\u0131llard\u0131r s\u00fcregelen bir ya\u015fam bi\u00e7imini koruyor. Geleneksel m\u00fczik, dokuma ve g\u00fcm\u00fc\u015f i\u015f\u00e7ili\u011fi, kraliyet taraf\u0131ndan desteklenen kurumlarda varl\u0131\u011f\u0131n\u0131 s\u00fcrd\u00fcr\u00fcyor. Mutfak, basit zevkler sunuyor: nasi katok\u2014k\u0131zarm\u0131\u015f tavuk ve sambal ile pilav\u2014b\u00fct\u00e7eye uygun; sago bazl\u0131 bir temel yiyecek olan ambuyat, keskin soslara ritmik olarak bat\u0131rmay\u0131 gerektiriyor. Vejetaryen yemek yiyenler, ana yollardan uzakta olsalar da, G\u00fcney Asya veya \u00c7in Budist lokantalar\u0131nda s\u0131\u011f\u0131nak buluyor. Yol kenar\u0131ndaki tezgahlarda servis edilen teh tarik ve kopi, sabah rutinlerine ne\u015feli bir hava kat\u0131yor.<\/p>\n\n\n\n<p>G\u00fcnl\u00fck etkile\u015fim, ba\u011f\u0131ms\u0131zl\u0131ktan bu yana kurucu bir s\u00fctun olan Malay \u0130slam Monar\u015fisi taraf\u0131ndan y\u00f6netilir. Sultan, hem d\u00fcnyevi hem de manevi liderli\u011fin sembol\u00fc olarak yerel medyada d\u00fczenli olarak g\u00f6r\u00fcn\u00fcr. Ancak kraliyet ihti\u015fam\u0131n\u0131n g\u00f6lgesi alt\u0131nda, gurbet\u00e7iler ve gen\u00e7 Bruneililer, geli\u015fme, kimlik ve gelenek ile de\u011fi\u015fim aras\u0131ndaki denge konusunda n\u00fcansl\u0131 g\u00f6r\u00fc\u015fler dile getirir. L\u00e8se\u2011majest\u00e9 yasalar\u0131, kamusal s\u00f6ylemde ihtiyat\u0131 empoze ederek saraya sayg\u0131y\u0131 g\u00fc\u00e7lendirir. Bununla birlikte, g\u00fcvenilir \u00e7evreler aras\u0131nda b\u00f6lgesel politikalar, \u0130slam&#039;\u0131n rol\u00fc ve Brunei&#039;nin h\u0131zla geli\u015fen G\u00fcneydo\u011fu Asya&#039;daki yeri hakk\u0131nda konu\u015fmalar ger\u00e7ekle\u015fir.<\/p>\n\n\n\n<p>Brunei&#039;nin paradoksu, muazzam maddi zenginlik ile \u00f6l\u00e7\u00fcl\u00fc toplumsal a\u00e7\u0131kl\u0131\u011f\u0131n bir araya gelmesinde yatar. Petrol kuleleri a\u00e7\u0131k deniz tarlalar\u0131n\u0131 noktalasa bile ormanlar\u0131 b\u00fcy\u00fck \u00f6l\u00e7\u00fcde bozulmadan kal\u0131r; yollar\u0131 sessiz tropikal vah\u015fi do\u011faya uzan\u0131r; camileri m\u00fctevaz\u0131 ah\u015fap evlerin yan\u0131nda parlar. Bu alemde, tarih canl\u0131d\u0131r\u2014Cuma namazlar\u0131n\u0131n \u00f6l\u00e7\u00fcl\u00fc okunu\u015funda, \u015fafak vakti pirin\u00e7 \u00e7ift\u00e7ilerinin sessiz gururunda, Sultan&#039;\u0131n yald\u0131zl\u0131 kakmal\u0131 taht odas\u0131nda\u2014ve gelece\u011fe y\u00f6nelik \u00f6zlemler dikkatli bir denge alt\u0131nda harekete ge\u00e7er. \u00dclke, Ortado\u011fu&#039;daki petrol \u015feyhlikleri gibi zenginliklerini g\u00f6steri\u015fle sergilemez veya Singapur gibi k\u00fcresel ak\u0131nt\u0131ya kar\u0131\u015fmaz; ancak kendine \u00f6zg\u00fc yolunu \u015fekillendirmeye devam eden bir rezerv, bir dinginlik ve d\u00fczen vaadi tutar.<\/p>","protected":false},"excerpt":{"rendered":"<p>Brunei, resmi olarak Brunei Darussalam olarak an\u0131l\u0131r, G\u00fcneydo\u011fu Asya&#039;da Borneo&#039;nun kuzey k\u0131y\u0131s\u0131nda bulunan kompakt ve zengin bir \u00fclkedir. 2023 itibar\u0131yla 455.858 n\u00fcfusa sahip olan bu egemen devlet, tamamen Bornea adas\u0131nda bulunan tek ba\u011f\u0131ms\u0131z ulus olarak \u00f6ne \u00e7\u0131kmaktad\u0131r. Yakla\u015f\u0131k 180.000 n\u00fcfusa sahip olan ba\u015fkent ve en b\u00fcy\u00fck \u015fehir olan Bandar Seri Begawan, \u00fclkenin politik ve ticari merkezi olarak hizmet vermektedir.<\/p>","protected":false},"author":1,"featured_media":5108,"parent":24063,"menu_order":0,"comment_status":"closed","ping_status":"closed","template":"elementor_theme","meta":{"_eb_attr":"","footnotes":""},"class_list":["post-15920","page","type-page","status-publish","has-post-thumbnail"],"_links":{"self":[{"href":"https:\/\/travelshelper.com\/tr\/wp-json\/wp\/v2\/pages\/15920","targetHints":{"allow":["GET"]}}],"collection":[{"href":"https:\/\/travelshelper.com\/tr\/wp-json\/wp\/v2\/pages"}],"about":[{"href":"https:\/\/travelshelper.com\/tr\/wp-json\/wp\/v2\/types\/page"}],"author":[{"embeddable":true,"href":"https:\/\/travelshelper.com\/tr\/wp-json\/wp\/v2\/users\/1"}],"replies":[{"embeddable":true,"href":"https:\/\/travelshelper.com\/tr\/wp-json\/wp\/v2\/comments?post=15920"}],"version-history":[{"count":0,"href":"https:\/\/travelshelper.com\/tr\/wp-json\/wp\/v2\/pages\/15920\/revisions"}],"up":[{"embeddable":true,"href":"https:\/\/travelshelper.com\/tr\/wp-json\/wp\/v2\/pages\/24063"}],"wp:featuredmedia":[{"embeddable":true,"href":"https:\/\/travelshelper.com\/tr\/wp-json\/wp\/v2\/media\/5108"}],"wp:attachment":[{"href":"https:\/\/travelshelper.com\/tr\/wp-json\/wp\/v2\/media?parent=15920"}],"curies":[{"name":"wp","href":"https:\/\/api.w.org\/{rel}","templated":true}]}}