{"id":15870,"date":"2024-09-21T22:53:33","date_gmt":"2024-09-21T22:53:33","guid":{"rendered":"https:\/\/travelshelper.com\/staging\/?page_id=15870"},"modified":"2026-03-11T01:49:00","modified_gmt":"2026-03-11T01:49:00","slug":"kambocya","status":"publish","type":"page","link":"https:\/\/travelshelper.com\/tr\/destinations\/asia\/cambodia\/","title":{"rendered":"Kambo\u00e7ya"},"content":{"rendered":"<p>Kambo\u00e7ya, 10\u00b0 ve 15\u00b0 K ile 102\u00b0 ve 108\u00b0 D aras\u0131nda yay\u0131lm\u0131\u015f 181.035 km\u00b2&#039;lik alan\u0131yla \u00c7inhindi Yar\u0131madas\u0131&#039;n\u0131n g\u00fcney u\u00e7lar\u0131n\u0131 kaplar. \u00dclkenin kalbinde, Mekong Nehri&#039;nin G\u00fcneydo\u011fu Asya&#039;n\u0131n en b\u00fcy\u00fck tatl\u0131 su g\u00f6l\u00fc olan Tonl\u00e9 Sap&#039;\u0131n mevsimsel ak\u0131\u015f\u0131yla bulu\u015ftu\u011fu al\u00e7ak araziler hakimdir. Bu verimli ovan\u0131n \u00f6tesinde, ge\u00e7i\u015f alanlar\u0131 yava\u015f\u00e7a 200 m&#039;ye kadar y\u00fckselir ve kumta\u015f\u0131 kayal\u0131klar\u0131na ve yaylalara yol verir: kuzeyde D\u00e2ngr\u00eak Da\u011flar\u0131, g\u00fcneybat\u0131da Kr\u00e2vanh ve D\u00e2mrei s\u0131rada\u011flar\u0131 ve uzak Cardamom ve do\u011fu yaylalar\u0131. Kambo\u00e7ya&#039;n\u0131n yakla\u015f\u0131k &#039;s\u0131 2020 itibar\u0131yla ormanl\u0131k olarak kalm\u0131\u015f olsa da, a\u011fa\u00e7 \u00f6rt\u00fcs\u00fc 1990&#039;dan bu yana azald\u0131. Mangrovlar Tayland K\u00f6rfezi boyunca 443 km&#039;lik k\u0131y\u0131 \u015feridini \u00e7evrelerken, i\u00e7 kesimlerdeki sulak alanlar her y\u0131l ta\u015farak, kurak mevsimde yakla\u015f\u0131k 2.590 km\u00b2 olan Tonl\u00e9 Sap&#039;\u0131 muson mevsiminin zirvesindeki seviyesinin neredeyse on kat\u0131na \u00e7\u0131kar\u0131yor.<\/p>\n\n\n\n<p>\u00dclkenin iklimi tropikal muson d\u00fczenini yans\u0131t\u0131r. May\u0131s&#039;tan ekime kadar Tayland K\u00f6rfezi ve Hint Okyanusu&#039;ndan nemli r\u00fczgarlar y\u00fckselir ve \u00f6zellikle Eyl\u00fcl ve Ekim aylar\u0131nda yo\u011fun ya\u011f\u0131\u015flara neden olur. Nisan ay\u0131na kadar daha so\u011fuk ve kuru bir mevsim ya\u015fan\u0131r ve bu d\u00f6nemde s\u0131cakl\u0131klar 40 \u00b0C&#039;ye kadar \u00e7\u0131kabilir. Bu t\u00fcr a\u015f\u0131r\u0131l\u0131klar Kambo\u00e7ya&#039;y\u0131 b\u00f6lgenin iklim a\u00e7\u0131s\u0131ndan en savunmas\u0131z eyaletlerinden biri yapar: daha y\u00fcksek deniz seviyeleri, d\u00fczensiz ya\u011f\u0131\u015flar ve su bask\u0131nlar\u0131 tar\u0131m\u0131, su kaynaklar\u0131n\u0131 ve Tonl\u00e9 Sap&#039;\u0131n k\u0131r\u0131lgan ekolojisini tehdit eder.<\/p>\n\n\n\n<p>Kambo\u00e7ya&#039;n\u0131n kay\u0131tl\u0131 tarihi, Jayavarman II&#039;nin kendisini Kambuja&#039;n\u0131n h\u00fck\u00fcmdar\u0131 ilan etti\u011fi ve b\u00f6ylece Chenla prensliklerini birle\u015ftirdi\u011fi ve Khmer \u0130mparatorlu\u011fu&#039;nu kurdu\u011fu MS 802&#039;de ba\u015flar. Angkor krallar\u0131 be\u015f y\u00fczy\u0131l boyunca b\u00fcy\u00fck hidrolik \u00e7al\u0131\u015fmalar\u0131, tap\u0131nak \u015fehirlerini ve ta\u015f ve ikonografinin uyumu \u00f6nce Hinduizm&#039;in, sonra da Budizm&#039;in G\u00fcneydo\u011fu Asya&#039;ya yay\u0131lmas\u0131n\u0131n kan\u0131t\u0131 haline gelen Angkor Wat&#039;\u0131n in\u015fas\u0131n\u0131 denetledi. Ancak on be\u015finci y\u00fczy\u0131lda hanedan m\u00fccadeleleri ve yabanc\u0131 ak\u0131nlar Khmer g\u00fcc\u00fcn\u00fc a\u015f\u0131nd\u0131rd\u0131.<\/p>\n\n\n\n<p>1863&#039;te kom\u015fular\u0131na kar\u015f\u0131 koruma arayan monar\u015fi, kendisini Frans\u0131z denetimi alt\u0131na ald\u0131. S\u00f6m\u00fcrge y\u00f6netimi demiryollar\u0131, idari reform ve Katolik misyonlar\u0131 getirdi, ancak k\u0131rsal n\u00fcfusa kaynak \u00e7\u0131karmay\u0131 dayatt\u0131. Japon kuvvetleri II. D\u00fcnya Sava\u015f\u0131 s\u0131ras\u0131nda \u00fclkeyi k\u0131sa bir s\u00fcre i\u015fgal etti; 1953&#039;te Kral Norodom Sihanouk Fransa&#039;dan tam ba\u011f\u0131ms\u0131zl\u0131k i\u00e7in m\u00fczakerelerde bulundu.<\/p>\n\n\n\n<p>Sonraki on y\u0131llar \u00e7alkant\u0131l\u0131 ge\u00e7ti. Vietnam Sava\u015f\u0131 Kambo\u00e7ya&#039;ya s\u0131\u00e7rad\u0131 ve i\u00e7 sava\u015f\u0131 h\u0131zland\u0131rd\u0131. 1970 darbesi Sihanouk&#039;u devirdi ve ABD destekli bir cumhuriyet kurdu. Be\u015f y\u0131l sonra K\u0131z\u0131l Kmerler Phnom Penh&#039;i ele ge\u00e7irdi, yakla\u015f\u0131k iki milyon can alan zorunlu tahliyeler ve toplu infazlar ba\u015flatt\u0131. 1979&#039;da Vietnam m\u00fcdahalesi rejimi sona erdirdi, ancak i\u00e7 \u00e7at\u0131\u015fmalar 1991 Paris Bar\u0131\u015f Anla\u015fmalar\u0131&#039;na kadar devam etti. Birle\u015fmi\u015f Milletler bar\u0131\u015f g\u00fcc\u00fc 1993&#039;te se\u00e7imler d\u00fczenledi ve Kral Norodom Sihanouk y\u00f6netiminde anayasal monar\u015fiyi yeniden kurdu, ancak ger\u00e7ek g\u00fc\u00e7 1997 darbesinin ard\u0131ndan Hun Sen ve Kambo\u00e7ya Halk Partisi etraf\u0131nda topland\u0131.<\/p>\n\n\n\n<p>G\u00fcn\u00fcm\u00fczde Kambo\u00e7ya anayasal monar\u015fi ve \u00e7ok partili bir devlettir, ancak iktidar partisi yasama organ\u0131na ve y\u00f6netime hakimdir. Birle\u015fmi\u015f Milletler onu en az geli\u015fmi\u015f \u00fclke olarak s\u0131n\u0131fland\u0131rmaktad\u0131r. Kalk\u0131nma y\u00fczy\u0131l\u0131n ba\u015f\u0131ndan bu yana h\u0131zlanm\u0131\u015ft\u0131r: ortalama GSY\u0130H b\u00fcy\u00fcmesi 2001 ile 2010 y\u0131llar\u0131 aras\u0131nda giyim, in\u015faat ve turizmin etkisiyle %7,7&#039;ye ula\u015fm\u0131\u015ft\u0131r. Ki\u015fi ba\u015f\u0131na d\u00fc\u015fen gelir 2017 y\u0131l\u0131nda yakla\u015f\u0131k 4.022 ABD dolar\u0131 (SAGP) seviyesinde seyretmi\u015f olmas\u0131na ra\u011fmen n\u00fcfusun neredeyse yar\u0131s\u0131 g\u00fcnl\u00fck 2 ABD dolar\u0131n\u0131n alt\u0131nda kalm\u0131\u015ft\u0131r. Tar\u0131m hala \u00e7o\u011funlu\u011fu istihdam etmekte olup ba\u015fl\u0131ca emtialar pirin\u00e7, kau\u00e7uk, kereste ve bal\u0131kt\u0131r. \u0130hracat ve yabanc\u0131 yat\u0131r\u0131m, zorluklar devam etse bile artm\u0131\u015ft\u0131r: ormans\u0131zla\u015fma, yolsuzluk ve k\u0131s\u0131tl\u0131 kentsel alan, reform \u00e7abalar\u0131n\u0131 etkilemektedir.<\/p>\n\n\n\n<p>Kambo\u00e7ya&#039;daki biyolojik \u00e7e\u015fitlilik mevsimsel ormanlar\u0131, batakl\u0131klar\u0131 ve su yollar\u0131n\u0131 kapsar. 180&#039;den fazla a\u011fa\u00e7 t\u00fcr\u00fc ve 1.200&#039;den fazla omurgal\u0131 al\u00e7ak ve y\u00fcksek arazilerde ya\u015far. 1997&#039;den beri UNESCO alan\u0131 olan Tonl\u00e9 Sap Biyosfer Rezervi, 850 tatl\u0131 su bal\u0131\u011f\u0131 t\u00fcr\u00fcn\u00fc ve yo\u011fun su ku\u015fu pop\u00fclasyonlar\u0131n\u0131 destekler. Cardamom Da\u011flar\u0131, Mondolkiri platolar\u0131 ve Kep mangrovlar\u0131, Asya filleri ve dhole&#039;ler de dahil olmak \u00fczere tehlike alt\u0131ndaki memelilere ev sahipli\u011fi yapar. Herdem ye\u015fil ya\u011fmur ormanlar\u0131ndan kuru dipterokarp ormanlar\u0131na kadar alt\u0131 karasal ekob\u00f6lge tan\u0131n\u0131r ve bu da ormanc\u0131l\u0131k ve arazi d\u00f6n\u00fc\u015f\u00fcm\u00fc aras\u0131nda s\u0131k\u0131 koruma \u00f6nlemlerine olan ihtiyac\u0131 vurgular.<\/p>\n\n\n\n<p>\u0130dari olarak, Kambo\u00e7ya 25 ile ve ba\u015fkent Phnom Penh belediyesine ayr\u0131l\u0131r. \u0130l\u00e7eler ve belediyeler kom\u00fcnlere ve mahallelere ayr\u0131l\u0131r. Bu hiyerar\u015fi hem tarihi s\u0131n\u0131rlar\u0131 hem de y\u00f6netimi merkezden uzakla\u015ft\u0131rma \u00e7abalar\u0131n\u0131 yans\u0131t\u0131r, ancak yerel yetkililer genellikle politikalar\u0131 etkili bir \u015fekilde uygulamak i\u00e7in kaynaklardan yoksundur.<\/p>\n\n\n\n<p>Demografik olarak, krall\u0131k yakla\u015f\u0131k 17 milyon insana sahiptir. Etnik Khmer n\u00fcfusun yakla\u015f\u0131k &#039;s\u0131n\u0131 olu\u015fturur; Chams, Vietnam ve \u00c7inliler \u00e7o\u011funlukta az\u0131nl\u0131kt\u0131r. Da\u011fl\u0131k gruplar, toplu olarak Khmer Loeu, do\u011fu da\u011flar\u0131nda ya\u015far ve Hint etkisinden \u00f6nceki belirgin dilleri ve gelenekleri korur. Kambo\u00e7ya&#039;n\u0131n gen\u00e7 profili - n\u00fcfusun yar\u0131s\u0131 22 ya\u015f\u0131n alt\u0131ndad\u0131r - ya\u015fl\u0131 gruplarda kad\u0131n a\u011f\u0131rl\u0131kl\u0131 bir cinsiyet oran\u0131yla birlikte var olur. Do\u011furganl\u0131k, 2000&#039;de kad\u0131n ba\u015f\u0131na d\u00f6rt do\u011fumdan 2018&#039;de yakla\u015f\u0131k 2,5&#039;e d\u00fc\u015fm\u00fc\u015ft\u00fcr ve bu da kentle\u015fmeyi ve artan e\u011fitim d\u00fczeyini yans\u0131tmaktad\u0131r.<\/p>\n\n\n\n<p>Khmer resmi dildir ve alfabesi Pallava Brahmi&#039;den gelmektedir. Frans\u0131zca hukuk ve e\u011fitimde varl\u0131\u011f\u0131n\u0131 s\u00fcrd\u00fcr\u00fcrken, 1990&#039;lardan bu yana giderek daha da \u00f6ne \u00e7\u0131kan \u0130ngilizce i\u015f ve turizm ba\u011flamlar\u0131na hakimdir.<\/p>\n\n\n\n<p>Therav\u0101da Budizmi ulusal kimli\u011fi \u015fekillendirir: Kambo\u00e7yal\u0131lar\u0131n &#039;inden fazlas\u0131 Budisttir. Manast\u0131rlar ve rahipler merkezi sosyal roller oynar. Atalara tap\u0131nma ve Hindu k\u00f6kenli ruhani uygulamalar k\u0131rsal alanlarda devam eder. Az\u0131nl\u0131klar \u0130slam&#039;\u0131 (\u00e7o\u011funlukla Cham topluluklar\u0131) veya \u00c7inli ve Vietnaml\u0131 gruplar aras\u0131nda Taoist ve Konf\u00fc\u00e7y\u00fcs\u00e7\u00fc rit\u00fcellerle harmanlanm\u0131\u015f Mah\u0101y\u0101na Budizmi&#039;ni uygular.<\/p>\n\n\n\n<p>Sanat ve rit\u00fcel bu katmanl\u0131 miras\u0131 yans\u0131t\u0131r. Klasik dans ve al\u00e7ak kabartma heykel Angkor patronlar\u0131na kadar uzan\u0131r. Folklor, palmiye yapra\u011f\u0131 el yazmalar\u0131nda varl\u0131\u011f\u0131n\u0131 s\u00fcrd\u00fcr\u00fcrken, sampeah selam\u0131 ve krama atk\u0131s\u0131 ulusal k\u0131yafetin g\u00fcnl\u00fck i\u015faretleri olmaya devam eder. Festivaller y\u0131ll\u0131k d\u00f6ng\u00fcy\u00fc vurgular: Nisan ay\u0131nda Khmer Yeni Y\u0131l\u0131, Eyl\u00fcl ay\u0131nda \u00f6l\u00fcleri onurland\u0131rmak i\u00e7in Pchum Ben ve binlerce ki\u015finin Tonl\u00e9 Sap&#039;\u0131n ters ak\u0131\u015f\u0131 s\u0131ras\u0131nda tekne yar\u0131\u015flar\u0131n\u0131 ve havai fi\u015fekleri izlemek i\u00e7in nehir k\u0131y\u0131lar\u0131nda topland\u0131\u011f\u0131 Bon Om Touk, Su ve Ay Festivali.<\/p>\n\n\n\n<p>Mutfak pirin\u00e7 ve bal\u0131\u011fa odaklan\u0131r. Keskin bir fermente macun olan Prahok, bir\u00e7ok yeme\u011fin temelini olu\u015fturur. Num banhchok (pirin\u00e7 eri\u015ftesi salatas\u0131), fish amok (hindistan cevizi buharda pi\u015firilmi\u015f k\u00f6ri) ve bagetle servis edilen Frans\u0131z etkisindeki k\u0131rm\u0131z\u0131 k\u00f6ri, yerel tat ve s\u00f6m\u00fcrge miras\u0131n\u0131n harman\u0131n\u0131 g\u00f6sterir. Kampot biberi, Kep&#039;ten gelen yengeci g\u00fc\u00e7lendirirken, yol kenar\u0131 tezgahlar\u0131 domuz suyu eri\u015fte \u00e7orbas\u0131 olan kuyteav sunar. Mondolkiri&#039;den gelen \u00e7ay ve \u00e7e\u015fitli ya\u011flarla kavrulmu\u015f g\u00fc\u00e7l\u00fc, \u015fekerle tatland\u0131r\u0131lm\u0131\u015f kahve g\u00fcnl\u00fck hayata e\u015flik eder. Mikro bira fabrikalar\u0131 ve sra tram gibi pirin\u00e7 \u015farab\u0131 inf\u00fczyonlar\u0131 i\u00e7ki sahnesini \u00e7e\u015fitlendirir.<\/p>\n\n\n\n<p>Turizm ekonominin bir dire\u011fi haline geldi. Gelenler 1997&#039;de 300.000&#039;den azken 2018&#039;de alt\u0131 milyondan fazlaya \u00e7\u0131kt\u0131. Angkor Arkeoloji Park\u0131 ba\u015fl\u0131ca cazibe merkezi olmaya devam ediyor, ancak s\u0131rt \u00e7antal\u0131 gezginler Phnom Penh&#039;in nehir k\u0131y\u0131s\u0131ndaki sil\u00fcetini, Sihanoukville plajlar\u0131n\u0131 ve Kampot-Kep yar\u0131madas\u0131n\u0131 da ziyaret ediyor. Bokor Milli Park\u0131&#039;ndaki ekoturizm, Kratie&#039;de yunus izleme ve Siem Reap \u00e7evresindeki y\u00fczen k\u00f6ylerin yak\u0131n\u0131ndaki ev pansiyonlar\u0131 alternatif bir tempo sunuyor. Bununla birlikte, siyasi huzursuzluk ve izole su\u00e7lar g\u00fcvenlik alg\u0131lar\u0131n\u0131 zedelerken, hediyelik e\u015fya \u00fcretimi talebi kar\u015f\u0131lamakta zorlan\u0131yor.<\/p>\n\n\n\n<p>Ula\u015f\u0131m altyap\u0131s\u0131 toparlanmaya devam ediyor. Phnom Penh ve Sihanoukville&#039;i birbirine ba\u011flayan ana do\u011fu-bat\u0131 otoyolu tamamen asfaltland\u0131 ve k\u00f6pr\u00fclendi; Battambang ve k\u0131y\u0131ya metrelik hatlarda demir yolu hizmetleri yeniden ba\u015flad\u0131. \u0130\u00e7 su yollar\u0131 hayati ticaret arterleri olmaya devam ediyor. \u00dc\u00e7 uluslararas\u0131 havaalan\u0131\u2014Phnom Penh, Siem Reap ve Sihanoukville\u2014ve Phnom Penh&#039;de in\u015fa halinde olan d\u00f6rd\u00fcnc\u00fcs\u00fc artan yolcu hacimlerini kar\u015f\u0131lamay\u0131 ama\u00e7l\u0131yor. Ancak yol g\u00fcvenli\u011fi geride kal\u0131yor: \u00f6l\u00fcm oranlar\u0131 k\u00fcresel normlar\u0131 \u00e7ok a\u015f\u0131yor ve bu durum motosikletlerin h\u0131zla b\u00fcy\u00fcmesiyle daha da k\u00f6t\u00fcle\u015fiyor.<\/p>\n\n\n\n<p>G\u00fcnl\u00fck ticarette Kambo\u00e7ya riel&#039;i (KHR) ve ABD dolar\u0131 yan yana dola\u015f\u0131r. K\u00fc\u00e7\u00fck i\u015flemler riel kullan\u0131r; daha b\u00fcy\u00fck i\u015flemler dolar kullan\u0131r. Riel, 1 ABD dolar\u0131 ba\u015f\u0131na yakla\u015f\u0131k 4.000 KHR&#039;den i\u015flem g\u00f6r\u00fcr. Tayland baht\u0131 bat\u0131 s\u0131n\u0131r\u0131na yak\u0131n yerlerde kabul edilebilir, ancak genellikle elveri\u015fsiz oranlarda. Banknotlar 50 ila 200.000 KHR aras\u0131ndad\u0131r ve koleksiyoncular taraf\u0131ndan yenilik\u00e7i mezhepler de\u011ferlendirilir. ATM&#039;ler her iki para birimini de da\u011f\u0131t\u0131r ve b\u00fcy\u00fck kredi kartlar\u0131 \u015fehir merkezlerinde yayg\u0131n olarak kabul edilir; ancak k\u0131rsal kesimdeki gezginlere temel ihtiya\u00e7lar i\u00e7in nakit ta\u015f\u0131malar\u0131 \u00f6nerilir.<\/p>\n\n\n\n<p>Kambo\u00e7ya&#039;daki fiyatlar kom\u015fu Laos ve Vietnam&#039;daki fiyatlar\u0131n yar\u0131ya kadar \u00fczerindedir, \u00f6zellikle de turistik noktalarda. Ki\u015fi ba\u015f\u0131 15 ABD dolar\u0131 tutar\u0131ndaki g\u00fcnl\u00fck b\u00fct\u00e7eler m\u00fctevaz\u0131 konaklama ve yemeklere izin verir, ancak pazarl\u0131k ve uzak b\u00f6lgelere seyahat maliyetleri d\u00fc\u015f\u00fcrebilir.<\/p>\n\n\n\n<p>Yar\u0131m bin y\u0131ll\u0131k \u00e7alkant\u0131lara ra\u011fmen -s\u00f6m\u00fcrge y\u00f6netimi, sava\u015f zaman\u0131 y\u0131k\u0131m\u0131 ve soyk\u0131r\u0131m- Kambo\u00e7ya bug\u00fcn tarihin katmanlar\u0131 \u00fczerine yeniden in\u015fa edilen bir ulus olarak ayakta duruyor. Ovalar\u0131, tap\u0131naklar\u0131 ve nehirleri hem yaralar\u0131 hem de dayan\u0131kl\u0131l\u0131\u011f\u0131 temsil ediyor. \u00c7evre, k\u00fclt\u00fcr ve haf\u0131zan\u0131n bir araya gelmesiyle, ayn\u0131 anda hem kadim hem de acilen canl\u0131 bir \u00fclkenin etkileyici bir portresini sunuyorlar.<\/p>","protected":false},"excerpt":{"rendered":"<p>Anakara G\u00fcneydo\u011fu Asya&#039;da bulunan Kambo\u00e7ya, 181.035 kilometrekarelik bir alana yay\u0131lm\u0131\u015f yakla\u015f\u0131k 17 milyonluk bir n\u00fcfusa sahiptir. Resmen Kambo\u00e7ya Krall\u0131\u011f\u0131 olan bu \u00fclke, Tayland K\u00f6rfezi boyunca g\u00fcneybat\u0131 k\u0131y\u0131 \u015feridine sahiptir ve do\u011fuda Vietnam, kuzeyde Laos ve kuzeybat\u0131da Tayland ile s\u0131n\u0131rlar\u0131 olan b\u00f6lgede stratejik bir konuma sahiptir. Bu \u00e7e\u015fitli ulusun ba\u015fkenti ve en kalabal\u0131k \u015fehri, Kambo\u00e7ya&#039;n\u0131n politik, ticari ve k\u00fclt\u00fcrel merkezi olarak hareket eden canl\u0131 bir \u015fehir olan Phnom Penh&#039;dir.<\/p>","protected":false},"author":1,"featured_media":4126,"parent":24063,"menu_order":0,"comment_status":"closed","ping_status":"closed","template":"elementor_theme","meta":{"_eb_attr":"","footnotes":""},"class_list":["post-15870","page","type-page","status-publish","has-post-thumbnail"],"_links":{"self":[{"href":"https:\/\/travelshelper.com\/tr\/wp-json\/wp\/v2\/pages\/15870","targetHints":{"allow":["GET"]}}],"collection":[{"href":"https:\/\/travelshelper.com\/tr\/wp-json\/wp\/v2\/pages"}],"about":[{"href":"https:\/\/travelshelper.com\/tr\/wp-json\/wp\/v2\/types\/page"}],"author":[{"embeddable":true,"href":"https:\/\/travelshelper.com\/tr\/wp-json\/wp\/v2\/users\/1"}],"replies":[{"embeddable":true,"href":"https:\/\/travelshelper.com\/tr\/wp-json\/wp\/v2\/comments?post=15870"}],"version-history":[{"count":0,"href":"https:\/\/travelshelper.com\/tr\/wp-json\/wp\/v2\/pages\/15870\/revisions"}],"up":[{"embeddable":true,"href":"https:\/\/travelshelper.com\/tr\/wp-json\/wp\/v2\/pages\/24063"}],"wp:featuredmedia":[{"embeddable":true,"href":"https:\/\/travelshelper.com\/tr\/wp-json\/wp\/v2\/media\/4126"}],"wp:attachment":[{"href":"https:\/\/travelshelper.com\/tr\/wp-json\/wp\/v2\/media?parent=15870"}],"curies":[{"name":"wp","href":"https:\/\/api.w.org\/{rel}","templated":true}]}}