{"id":15845,"date":"2024-09-21T22:01:18","date_gmt":"2024-09-21T22:01:18","guid":{"rendered":"https:\/\/travelshelper.com\/staging\/?page_id=15845"},"modified":"2026-03-11T02:56:58","modified_gmt":"2026-03-11T02:56:58","slug":"cengdu","status":"publish","type":"page","link":"https:\/\/travelshelper.com\/tr\/destinations\/asia\/china\/chengdu\/","title":{"rendered":"\u00c7engdu"},"content":{"rendered":"<p>Chengdu, Jin Nehri&#039;nin uzun zamand\u0131r &#034;Bolluk \u00dclkesi&#034; olarak bilinen verimli bir ovadan ge\u00e7ti\u011fi Sichuan Havzas\u0131&#039;n\u0131n kalbinde yer al\u0131r. 450 ila 720 metre aras\u0131ndaki y\u00fcksekli\u011fi, \u015fehri sert k\u0131\u015f r\u00fczgarlar\u0131ndan koruyan kuzeydeki Qin Da\u011flar\u0131 taraf\u0131ndan yumu\u015fat\u0131lan \u0131l\u0131man bir iklim sa\u011flar. Yaz aylar\u0131nda nem artsa da, g\u00fcnl\u00fck en y\u00fcksek s\u0131cakl\u0131klar nadiren 33 \u00b0C&#039;yi a\u015far ve ya\u011f\u0131\u015f Temmuz ve A\u011fustos aylar\u0131nda yo\u011funla\u015f\u0131r. Aral\u0131k ay\u0131nda olas\u0131 g\u00fcne\u015f \u0131\u015f\u0131\u011f\u0131n\u0131n y\u00fczde on alt\u0131s\u0131ndan az\u0131 Chengdu&#039;ya ula\u015f\u0131r ve A\u011fustos ay\u0131nda y\u00fczde otuzun biraz \u00fczerine \u00e7\u0131karak her y\u0131l yakla\u015f\u0131k 1.006 saat parlak g\u00fcne\u015f \u0131\u015f\u0131\u011f\u0131 sa\u011flar. Bu ko\u015fullar, M\u00d6 3. y\u00fczy\u0131lda baraj olmadan in\u015fa edilen Dujiangyan sulama sistemiyle birlikte ovan\u0131n pirin\u00e7 tarlalar\u0131n\u0131, \u00e7ay bah\u00e7elerini ve bambu bah\u00e7elerini iki bin y\u0131ld\u0131r ayakta tutmu\u015ftur.<\/p>\n\n\n\n<p>Chengdu olan yer ilk olarak M\u00d6 d\u00f6rd\u00fcnc\u00fc y\u00fczy\u0131lda Shu krall\u0131\u011f\u0131na ev sahipli\u011fi yapt\u0131. 2001&#039;de ke\u015ffedilen Sanxingdui k\u00fclt\u00fcr\u00fcn\u00fcn kal\u0131nt\u0131lar\u0131, alt\u0131n G\u00fcne\u015f Ku\u015fu motifinin art\u0131k \u00c7in&#039;in k\u00fclt\u00fcrel miras ambleminde yer ald\u0131\u011f\u0131 geli\u015fmi\u015f bir Bronz \u00c7a\u011f\u0131 toplumunu ortaya koyuyor. Yerle\u015fim, ard\u0131\u015f\u0131k hanedanl\u0131klar, imparatorluk par\u00e7alanmas\u0131 ve cumhuriyet\u00e7i ge\u00e7i\u015f boyunca ad\u0131n\u0131 korudu. \u00dc\u00e7 Krall\u0131k d\u00f6neminde, Liu Bei Chengdu&#039;yu Shu Han devletinin merkezi yapt\u0131; daha sonra Orta \u00c7a\u011f boyunca b\u00f6lgesel rejimlerin ba\u015fkenti olarak hizmet etti. Do\u011fu eyaletlerinden gelen m\u00fclteciler, \u0130kinci D\u00fcnya Sava\u015f\u0131 s\u0131ras\u0131nda n\u00fcfusunu art\u0131rd\u0131 ve 1945&#039;ten sonra k\u0131sa bir s\u00fcre cumhuriyetin ge\u00e7ici ba\u015fkenti olarak i\u015flev g\u00f6rd\u00fc. Halk Cumhuriyeti alt\u0131nda, Chongqing&#039;e (1952), Kunming&#039;e ve Lhasa&#039;ya giden demir yolu ba\u011flant\u0131lar\u0131 Chengdu&#039;yu do\u011fu ve g\u00fcneybat\u0131 a\u011flar\u0131na daha s\u0131k\u0131 bir \u015fekilde ba\u011flarken, 1960&#039;larda bir savunma sanayisi ortaya \u00e7\u0131kt\u0131.<\/p>\n\n\n\n<p>Bug\u00fcn\u00fcn kentsel n\u00fcfusu yirmi milyonu a\u015farak Chengdu&#039;yu \u00c7in&#039;in d\u00f6rd\u00fcnc\u00fc en kalabal\u0131k \u015fehri ve bu e\u015fi\u011fi a\u015fan tek do\u011frudan y\u00f6netilmeyen belediyesi haline getirmi\u015ftir. 2021 K\u00fcresel Finans Merkezleri Endeksi&#039;nde otuz be\u015finci s\u0131rada yer almaktad\u0131r ve \u00fc\u00e7 y\u00fczden fazla Fortune 500 i\u015fletmesi \u015fehirde \u015fube bulundurmaktad\u0131r. Otomotiv, makine, ila\u00e7 ve bilgi teknolojisi firmalar\u0131, Sichuan \u00dcniversitesi, Elektronik Bilim ve Teknoloji \u00dcniversitesi ve G\u00fcneybat\u0131 Jiaotong \u00dcniversitesi gibi b\u00fcy\u00fck ara\u015ft\u0131rma kurumlar\u0131yla alan\u0131 payla\u015fmaktad\u0131r. Ovan\u0131n bat\u0131 ucunda, Tianfu ve Shuangliu havaalanlar\u0131 d\u00fcnyan\u0131n en yo\u011fun e\u015fle\u015ftirilmi\u015f merkezlerinden birini olu\u015ftururken, \u00c7in&#039;in y\u00fcksek h\u0131zl\u0131 tren a\u011f\u0131 burada Xi&#039;an, Kunming ve \u00f6tesine uzanan hatlarda bulu\u015fmaktad\u0131r. Metropol otoyollar\u0131, on iki kentsel b\u00f6lge, be\u015f il\u00e7e d\u00fczeyindeki \u015fehir ve \u00fc\u00e7 il\u00e7e yakla\u015f\u0131k 12.400 kilometrekarelik bir alan\u0131 kaplayarak do\u011fudan bat\u0131ya yakla\u015f\u0131k 192 kilometre uzanmaktad\u0131r.<\/p>\n\n\n\n<p>Koruma ve biyolojik \u00e7e\u015fitlilik, rak\u0131mlar\u0131n be\u015f bin metreyi a\u015ft\u0131\u011f\u0131 ve dev pandalar\u0131n bambu \u00e7al\u0131l\u0131klar\u0131nda dola\u015ft\u0131\u011f\u0131 Qionglai ve Longmen s\u0131rada\u011flar\u0131n\u0131n ormanlar\u0131nda bir dayanak noktas\u0131 bulur. Chengdu Dev Panda \u00dcreme Ara\u015ft\u0131rma \u00dcss\u00fc, d\u00fcnyadaki vah\u015fi pandalar\u0131n y\u00fczde sekseninden fazlas\u0131na ev sahipli\u011fi yapan yak\u0131ndaki Sichuan Kutsal Alanlar\u0131 ile 9.245 kilometrekarelik alanda \u00fcreme, yeniden vah\u015file\u015ftirme ve habitat korumas\u0131n\u0131 desteklemek i\u00e7in ortakl\u0131k kurar. Bin alt\u0131 y\u00fcz metreye y\u00fckselen Qingcheng Da\u011f\u0131, lo\u015f \u0131\u015f\u0131kl\u0131 salonlar\u0131 erken d\u00f6nem uygulay\u0131c\u0131lar\u0131n\u0131 hat\u0131rlatan Taoist tap\u0131naklar\u0131n\u0131 korur. Dujiangyan sistemi, modern pompalar olmadan mevsimsel ak\u0131\u015flar\u0131 hala y\u00f6nlendiren kanallar boyunca su da\u011f\u0131tarak tam olarak faaliyette kal\u0131r.<\/p>\n\n\n\n<p>Chengdu&#039;daki k\u00fclt\u00fcrel ya\u015fam hem antik \u00e7a\u011flar\u0131 hem de adaptasyonu yans\u0131t\u0131r. Wuhou Tap\u0131na\u011f\u0131, Zhuge Liang ve Liu Bei&#039;yi ta\u015f yaz\u0131tlar ve heykellerle onurland\u0131r\u0131rken, Du Fu&#039;nun Sazdan Kul\u00fcbesi Tang \u015fairinin Huanhua Deresi k\u0131y\u0131s\u0131ndaki s\u00fcrg\u00fcn y\u0131llar\u0131n\u0131 an\u0131msat\u0131r. Yirmi birinci y\u00fczy\u0131ldan beri yo\u011fun kaz\u0131 yap\u0131lan Jinsha Kal\u0131nt\u0131lar\u0131 M\u00fczesi, binlerce y\u0131la yay\u0131lan ye\u015fim, alt\u0131n ve bronz eserleri sergiler. 2022&#039;de a\u00e7\u0131lan Sanxingdui M\u00fczesi&#039;nin yeni galerileri, geni\u015f bir modern komplekste iki binden fazla kal\u0131nt\u0131 sunar. Budist ve Taoist merkezler - Daci Tap\u0131na\u011f\u0131, Wenshu ve Qingyang Saray\u0131 - kentsel \u015febekenin ortas\u0131nda durarak Xuanzang ve Lao Tzu ile ba\u011flant\u0131l\u0131 metinleri ve kal\u0131nt\u0131lar\u0131 korur.<\/p>\n\n\n\n<p>Sokak hayat\u0131, rahat \u00e7ay evleri ile s\u0131k\u0131\u015f\u0131k d\u00fckkan ve lokanta \u015feritleri aras\u0131nda gidip gelir. \u00c7ay k\u00fclt\u00fcr\u00fc bin y\u0131ldan daha eskiye dayan\u0131r; m\u00fc\u015fteriler mahjong oynarken veya Sichuan operas\u0131 dinlerken yasemin veya longjing \u00e7ay\u0131 yudumlarlar. Barlar \u015eanghay&#039;dakilerden daha fazlad\u0131r ve otuz binden fazla \u00e7ay evi sosyal merkez g\u00f6revi g\u00f6r\u00fcr. Yerel ac\u0131 biber ve karabiberleri tercih eden s\u0131cak tencere restoranlar\u0131, aileleri ve meslekta\u015flar\u0131n\u0131 buhar\u0131 t\u00fcten kazanlar\u0131n etraf\u0131na \u00e7eker. Banliy\u00f6lerde, &#034;Nong Jia Le&#034; ev tarz\u0131 restoranlar, ev yap\u0131m\u0131 yemekler, konaklama ve mahjong masalar\u0131n\u0131 tek bir \u00e7at\u0131 alt\u0131nda sunarak \u015fehir sakinlerini makul fiyatlarla bir gece ge\u00e7irmeye davet eder.<\/p>\n\n\n\n<p>Yak\u0131nlarda, birka\u00e7 antik kasaba tarih katmanlar\u0131n\u0131 koruyor. Bir zamanlar Han d\u00f6nemi ticari ana caddesi olan Jinli Caddesi, art\u0131k Qing tarz\u0131 \u00e7at\u0131lar\u0131n alt\u0131nda \u00f6zel ma\u011fazalara ev sahipli\u011fi yap\u0131yor; Kuanzhaixiangzi&#039;nin Geni\u015f ve Dar sokaklar\u0131 yerel mimariyi sergiliyor; Huanglongxi ve Anren korunmu\u015f konaklar, m\u00fcze koleksiyonlar\u0131 ve nehir kenar\u0131 gezinti yerleri sunuyor. En b\u00fcy\u00fck Hakka yerle\u015fimi olan Luodai, tabelalarda ve seramiklerde \u00dc\u00e7 Krall\u0131k d\u00f6nemi ad\u0131n\u0131 koruyor.<\/p>\n\n\n\n<p>Chengdu&#039;nun metropol stat\u00fcs\u00fc k\u00fcresel etkinliklere kadar uzan\u0131yor. 2023 Yaz D\u00fcnya \u00dcniversite Oyunlar\u0131&#039;na ev sahipli\u011fi yapm\u0131\u015f ve 2025 D\u00fcnya Oyunlar\u0131&#039;na ev sahipli\u011fi yapacak. \u015eehirde yirmi \u00fc\u00e7 diplomatik misyon bulunuyor (sadece Pekin, \u015eanghay ve Guangzhou&#039;nun gerisinde) ve Halk Kurtulu\u015f Ordusu&#039;nun Bat\u0131 Tiyatrosu Komutanl\u0131\u011f\u0131&#039;na ev sahipli\u011fi yap\u0131yor. Ulusal bir merkez \u015fehir olarak Chengdu, bat\u0131 kalk\u0131nma stratejilerini destekliyor ve onu d\u00fcnyan\u0131n en iyi yirmi be\u015f ara\u015ft\u0131rma merkezi aras\u0131na sokan bilimsel \u00e7\u0131kt\u0131lar\u0131 destekliyor.<\/p>\n\n\n\n<p>Her b\u00f6lgede, tap\u0131naklar\u0131n ve \u00e7ay evlerinin yan\u0131nda modern kuleler y\u00fckseliyor. Trafik, ikinci \u00e7evre yolunun art\u0131k zemin alan\u0131n\u0131n \u00e7o\u011funu \u00e7evreledi\u011fi bir \u015fehir i\u00e7in in\u015fa edilen t\u00fcnellerden ve k\u00f6pr\u00fclerden ge\u00e7iyor. Yine de Dujiangyan kanallar\u0131 hala ak\u0131yor ve da\u011flar a\u00e7\u0131k g\u00fcnlerde hala g\u00f6r\u00fclebiliyor. Chengdu, ge\u00e7mi\u015fini tan\u0131mlayan unsurlardan kurtulmadan karma\u015f\u0131k bir metropol haline geldi: bol toprak, birle\u015fen nehirler, k\u00fclt\u00fcrel kav\u015faklar ve hem yerel kimli\u011fi hem de koruma h\u0131rs\u0131n\u0131 sembolize eden pandalar. Sokaklar\u0131 i\u015f ve e\u011flenceyi, tap\u0131nak ve \u00e7ay evini, ara\u015ft\u0131rma laboratuvar\u0131 ve aile mutfa\u011f\u0131n\u0131 harmanl\u0131yor. \u0130ki bin y\u0131ldan daha eski olan Chengdu, ovan\u0131n ya\u015fayan miras\u0131 ve ad\u0131n\u0131 hala onurland\u0131ran bir \u015fehrin \u00f6zlemleri etraf\u0131nda \u015fekillenmeye devam ediyor.<\/p>","protected":false},"excerpt":{"rendered":"<p>\u00c7in&#039;in Sichuan eyaletinin ba\u015fkenti olan Chengdu, \u00fclkenin kapsaml\u0131 tarihi miras\u0131n\u0131n yan\u0131 s\u0131ra h\u0131zl\u0131 modernle\u015fmesini de \u00f6rneklemektedir. 2020 n\u00fcfus say\u0131m\u0131na g\u00f6re 20.937.757 n\u00fcfusa sahip olan \u015fehir, \u00c7in&#039;in d\u00f6rd\u00fcnc\u00fc en kalabal\u0131k \u015fehridir ve do\u011frudan ba\u011fl\u0131 belediyeler d\u0131\u015f\u0131nda 20 milyondan fazla sakini olan tek \u015fehirdir. Bat\u0131 \u00c7in&#039;in klasik merkezi olarak hareket eden bu enerjik \u015fehir, eski tarih ve modern geli\u015fimin benzersiz bir birle\u015fimine sahiptir.<\/p>","protected":false},"author":1,"featured_media":4444,"parent":15750,"menu_order":0,"comment_status":"closed","ping_status":"closed","template":"elementor_theme","meta":{"_eb_attr":"","footnotes":""},"class_list":["post-15845","page","type-page","status-publish","has-post-thumbnail"],"_links":{"self":[{"href":"https:\/\/travelshelper.com\/tr\/wp-json\/wp\/v2\/pages\/15845","targetHints":{"allow":["GET"]}}],"collection":[{"href":"https:\/\/travelshelper.com\/tr\/wp-json\/wp\/v2\/pages"}],"about":[{"href":"https:\/\/travelshelper.com\/tr\/wp-json\/wp\/v2\/types\/page"}],"author":[{"embeddable":true,"href":"https:\/\/travelshelper.com\/tr\/wp-json\/wp\/v2\/users\/1"}],"replies":[{"embeddable":true,"href":"https:\/\/travelshelper.com\/tr\/wp-json\/wp\/v2\/comments?post=15845"}],"version-history":[{"count":0,"href":"https:\/\/travelshelper.com\/tr\/wp-json\/wp\/v2\/pages\/15845\/revisions"}],"up":[{"embeddable":true,"href":"https:\/\/travelshelper.com\/tr\/wp-json\/wp\/v2\/pages\/15750"}],"wp:featuredmedia":[{"embeddable":true,"href":"https:\/\/travelshelper.com\/tr\/wp-json\/wp\/v2\/media\/4444"}],"wp:attachment":[{"href":"https:\/\/travelshelper.com\/tr\/wp-json\/wp\/v2\/media?parent=15845"}],"curies":[{"name":"wp","href":"https:\/\/api.w.org\/{rel}","templated":true}]}}