{"id":15699,"date":"2024-09-21T18:55:31","date_gmt":"2024-09-21T18:55:31","guid":{"rendered":"https:\/\/travelshelper.com\/staging\/?page_id=15699"},"modified":"2026-03-11T19:52:22","modified_gmt":"2026-03-11T19:52:22","slug":"busan","status":"publish","type":"page","link":"https:\/\/travelshelper.com\/tr\/destinations\/asia\/south-korea\/busan\/","title":{"rendered":"Busan"},"content":{"rendered":"<p>G\u00fcney Kore&#039;nin deniz kap\u0131s\u0131 olan Busan, hem do\u011fal hatlar\u0131 hem de sakinlerinin \u00e7al\u0131\u015fkan ruhuyla tan\u0131mlanan bir manzara sunar. Kore Yar\u0131madas\u0131&#039;n\u0131n g\u00fcneydo\u011fu ucunda, resmen Busan Metropol \u015eehri olan bu \u015fehir, Kore Bo\u011faz\u0131&#039;n\u0131n \u0131l\u0131man sular\u0131ndan kuzey ve bat\u0131 s\u0131n\u0131rlar\u0131n\u0131 \u00e7evreleyen engebeli zirvelere kadar uzan\u0131r. 2024&#039;te n\u00fcfusu 3,3 milyonu a\u015fan \u015fehir, ulusal \u00f6nemde Seul&#039;den sonra ikinci s\u0131rada yer al\u0131r, ancak karakteri keskin bir \u015fekilde ayr\u0131l\u0131r: ba\u015fkentin yay\u0131l\u0131m\u0131n\u0131n d\u00fczle\u015fti\u011fi yerde, Busan&#039;\u0131n yo\u011fun yap\u0131la\u015fm\u0131\u015f b\u00f6lgeleri Nakdong ve Suyeong Nehirleri aras\u0131ndaki dar vadileri i\u015fgal ederken, da\u011flar kentsel ya\u015fam\u0131n \u00fczerinde n\u00f6bet tutar.<\/p>\n\n\n\n<p>\u015eehrin topografyas\u0131 b\u00fcy\u00fcmesini \u015fekillendirmi\u015ftir. Bat\u0131da, Kore&#039;nin en uzun nehri olan Nakdong Nehri denize kavu\u015fmadan \u00f6nce verimli bir deltaya do\u011fru geni\u015fler; kuzeyde Busan&#039;\u0131n en y\u00fcksek zirvesi olan Geumjeongsan y\u00fckselir. Bu do\u011fal s\u0131n\u0131rlar aras\u0131nda, on be\u015f idari b\u00f6lge (gu) ve bir il\u00e7e (gun), tek bir tekd\u00fcze yay\u0131lma yerine farkl\u0131 mahalleler \u00fcreten vadileri veya platolar\u0131 takip eden geli\u015fme yaylar\u0131nda d\u00fczenlenmi\u015ftir. \u00dclkenin en b\u00fcy\u00fc\u011f\u00fc olan Haeundae Plaj\u0131, \u015fehrin do\u011fu ucunda yer al\u0131r ve beyaz kumlar\u0131 hem l\u00fcks oteller hem de Dongbaekseom&#039;un y\u00fczy\u0131ll\u0131k orman\u0131 taraf\u0131ndan desteklenir. Kar\u015f\u0131 u\u00e7ta, engebeli u\u00e7urumlar Yeongdo Adas\u0131&#039;ndaki Taejongdae&#039;nin burunlar\u0131n\u0131 \u00e7er\u00e7eveler. Bu alanlar birlikte, engebeli r\u00f6lyefin ve k\u0131y\u0131 \u015feridinin Busan&#039;\u0131n geni\u015flemesi boyunca nas\u0131l bir arada var oldu\u011funu \u00f6rneklemektedir.<\/p>\n\n\n\n<p>Busan&#039;\u0131n iklimi, a\u015f\u0131r\u0131l\u0131klar\u0131 yumu\u015fatan denizsel bir \u0131l\u0131man etkiyle subtropikal s\u0131cakl\u0131\u011f\u0131 bir araya getirir. Nemli olmas\u0131na ra\u011fmen yazlar, temmuz sonuna kadar i\u00e7 b\u00f6lgelere g\u00f6re daha serin kal\u0131r; sonbahar, ekim ve kas\u0131m aylar\u0131nda a\u00e7\u0131k g\u00f6ky\u00fcz\u00fc ve konforlu s\u0131cakl\u0131klar getirir. K\u0131\u015flar \u0131l\u0131mand\u0131r ve b\u00fcy\u00fck \u00f6l\u00e7\u00fcde kars\u0131zd\u0131r - y\u0131lda ortalama sadece d\u00f6rt g\u00fcn kar ya\u011f\u0131\u015f\u0131 olur - ancak r\u00fczgarlar a\u00e7\u0131k k\u0131y\u0131 koridorlar\u0131 boyunca yo\u011funla\u015fabilir. G\u00fcney Kore&#039;nin tayfuna en yatk\u0131n \u015fehri olan Busan, nadir g\u00f6r\u00fclen \u015fiddette f\u0131rt\u0131nalar atlatm\u0131\u015ft\u0131r: 1959&#039;daki S\u00fcper Tayfun Sarah k\u0131y\u0131 \u015feridi boyunca bir y\u0131k\u0131m \u015feridi b\u0131rakt\u0131 ve 2003&#039;teki Tayfun Maemi d\u00fczinelerce can ald\u0131. Daha yak\u0131n bir zamanda, Eyl\u00fcl 2022&#039;de Tayfun Hinnamnor, 2. kategori r\u00fczgarlar k\u0131y\u0131ya \u00e7arpt\u0131\u011f\u0131nda konteyner terminallerinin ve al\u00e7ak b\u00f6lgelerin ne kadar savunmas\u0131z kald\u0131\u011f\u0131n\u0131 g\u00f6sterdi.<\/p>\n\n\n\n<p>Busan&#039;\u0131n idari k\u00f6kleri, alt\u0131 il\u00e7enin (Busanjin, Dong, Dongnae, Jung, Seo ve Yeongdo) belirlendi\u011fi 1957 y\u0131l\u0131na dayan\u0131r. Sonraki on y\u0131llarda, mevcut on be\u015f il\u00e7e ve bir il\u00e7enin yap\u0131s\u0131 3,6 milyona yakla\u015fan bir metropol n\u00fcfusunu bar\u0131nd\u0131rana kadar alt b\u00f6l\u00fcmlere ayr\u0131ld\u0131. Bu belediye s\u0131n\u0131rlar\u0131n\u0131n \u00f6tesinde, Ulsan, Daegu ve Gyeongsang eyaletlerinin baz\u0131 k\u0131s\u0131mlar\u0131n\u0131 i\u00e7eren bir yerle\u015fim b\u00f6lgesi olan G\u00fcneydo\u011fu Deniz End\u00fcstri B\u00f6lgesi yer al\u0131r; yakla\u015f\u0131k sekiz milyon ki\u015fiye ev sahipli\u011fi yapar ve Kore&#039;nin en b\u00fcy\u00fck end\u00fcstriyel ku\u015fa\u011f\u0131 olarak kabul edilir. Bu daha geni\u015f b\u00f6lge, Busan&#039;\u0131n hem yerel bir merkez hem de geni\u015f bir ekonomik de\u011fi\u015fim a\u011f\u0131 i\u00e7in bir \u00e7apa olarak s\u00fcrekli rol\u00fcn\u00fc vurgular.<\/p>\n\n\n\n<p>Busan liman\u0131, 2020 y\u0131l\u0131nda 21,8 milyon TEU&#039;nun \u00fczerinde konteyner elle\u00e7leyerek konteyner hacminde k\u00fcresel olarak alt\u0131nc\u0131 s\u0131rada yer almaktad\u0131r. 43 r\u0131ht\u0131m\u0131 Kuzey Liman\u0131 ve modern Busan Yeni Liman\u0131&#039;n\u0131 kapsamaktad\u0131r; birlikte, S\u00fcvey\u015f Kanal\u0131 \u00fczerinden Do\u011fu Asya&#039;y\u0131 Avrupa&#039;ya ba\u011flayan 21. Y\u00fczy\u0131l Deniz \u0130pek Yolu&#039;nun g\u00fcney ucu olarak hizmet vermektedirler. Busan&#039;\u0131n deniz tesisleri \u00e7e\u015fitlendirilmi\u015f bir ekonomiye destek olmaktad\u0131r: 2022&#039;de \u015fehir, 104 trilyon \u20a9&#039;luk bir b\u00f6lgesel gayri safi yurt i\u00e7i has\u0131la (GRDP) kaydetti; hizmetler \u00e7\u0131kt\u0131n\u0131n ,3&#039;\u00fcn\u00fc, imalat ,8&#039;ini ve in\u015faat %5,9&#039;unu olu\u015fturdu. Tar\u0131m, bal\u0131k\u00e7\u0131l\u0131k ve yard\u0131mc\u0131 sekt\u00f6rlerden daha az katk\u0131lar ortaya \u00e7\u0131kmaktad\u0131r. Bu ticari canl\u0131l\u0131\u011f\u0131 tamamlayan Kore Okyanus Bilimi ve Teknolojisi Enstit\u00fcs\u00fc ve Ulusal Bal\u0131k\u00e7\u0131l\u0131k \u00dcr\u00fcnleri Kalite Y\u00f6netim Hizmeti gibi ara\u015ft\u0131rma kurumlar\u0131, Busan&#039;\u0131n deniz bilimi ve Ar-Ge merkezi oldu\u011fu iddias\u0131n\u0131 g\u00fc\u00e7lendirmektedir.<\/p>\n\n\n\n<p>Nakliyenin \u00f6tesinde, Busan geli\u015fen bir MICE sekt\u00f6r\u00fcne ev sahipli\u011fi yapmaktad\u0131r. Centum City&#039;deki Busan Sergi ve Kongre Merkezi (BEXCO), 2005 APEC Ekonomik Liderler Toplant\u0131s\u0131&#039;ndan 2018 Afrika Kalk\u0131nma Bankas\u0131 Y\u0131ll\u0131k Toplant\u0131lar\u0131&#039;na kadar \u00e7e\u015fitli etkinliklere ev sahipli\u011fi yapabilecek yak\u0131n oteller, parklar ve Nurimaru APEC Evi gibi bir dizi tesisi b\u00fcnyesinde bar\u0131nd\u0131rmaktad\u0131r. UNESCO, Aral\u0131k 2014&#039;te \u015fehrin yarat\u0131c\u0131 canl\u0131l\u0131\u011f\u0131n\u0131 tan\u0131yarak onu &#034;Film \u015eehri&#034; olarak adland\u0131rm\u0131\u015ft\u0131r. Bu unvan, Busan&#039;\u0131n diplomatik, ticari veya k\u00fclt\u00fcrel olsun, uluslararas\u0131 toplant\u0131lar i\u00e7in bir mekan olarak daha geni\u015f profilini tamamlamaktad\u0131r.<\/p>\n\n\n\n<p>Busan&#039;daki k\u00fclt\u00fcrel ya\u015fam, tap\u0131nak b\u00f6lgeleri, modern sanat alanlar\u0131 ve ge\u00e7mi\u015f \u00e7alkant\u0131lar\u0131n an\u0131lar\u0131n\u0131 ta\u015f\u0131yan mahalleleri i\u00e7 i\u00e7e ge\u00e7iriyor. Geumjeongsan&#039;\u0131n yama\u00e7lar\u0131na t\u00fcnemi\u015f Beomeosa, Kore&#039;nin \u00f6nde gelen Budist kutsal alanlar\u0131 aras\u0131nda yer al\u0131yor. \u015eehrin kalbinde, Chungnyeolsa, on alt\u0131nc\u0131 y\u00fczy\u0131ldaki Imjin Sava\u015f\u0131&#039;nda Dongnae Kalesi&#039;ni savunurken d\u00fc\u015fenleri an\u0131yor. Yongdusan Park\u0131&#039;n\u0131n tepesinde, Busan Kulesi, Nampo-dong&#039;un ticari ana yollar\u0131nda birle\u015fen \u015feritleri incelerken, biti\u015fikteki Busan Akvaryumu, \u015fehrin kule sil\u00fcetinin alt\u0131nda kaps\u00fcllenmi\u015f bir deniz d\u00fcnyas\u0131 sunuyor. Ba\u015fka bir yerde, terasl\u0131 s\u0131rtlara oyulmu\u015f evleri olan Gamcheon K\u00fclt\u00fcr K\u00f6y\u00fc, galeriler ve st\u00fcdyolardan olu\u015fan bir mozaik haline gelen sava\u015f sonras\u0131 bir yerle\u015fimi yans\u0131t\u0131yor.<\/p>\n\n\n\n<p>G\u00fcney Kore&#039;nin &#034;yaz ba\u015fkenti&#034; olarak adland\u0131r\u0131lan Busan&#039;\u0131n k\u0131y\u0131 \u015feridi, ailelere ve festival arayanlara e\u015fit derecede hitap ediyor. Haeundae&#039;nin geni\u015fli\u011fi tatil kalabal\u0131\u011f\u0131yla dolup ta\u015f\u0131yor; bat\u0131s\u0131ndaki Gwangalli, kafelerle dolu gezinti yollar\u0131yla Gwangan K\u00f6pr\u00fcs\u00fc&#039;n\u00fcn ayd\u0131nlat\u0131lm\u0131\u015f k\u0131vr\u0131m\u0131n\u0131 dengeliyor. Haeundae&#039;nin kuzeyinde, Songjeong Plaj\u0131 daha sakin bir s\u00f6rf sahnesi sunuyor. Nakdong hali\u00e7i boyunca, Daejeo Ekolojik Park\u0131 g\u00f6\u00e7men ku\u015flara hizmet veriyor ve mevsimlik festivallere ev sahipli\u011fi yap\u0131yor; ilkbaharda kiraz \u00e7i\u00e7ekleri, yaz ba\u015f\u0131nda kanola \u00e7i\u00e7ekleri ve y\u0131l ortas\u0131nda domatesler. Bat\u0131 s\u0131n\u0131r\u0131nda, Ilgwang Plaj\u0131&#039;n\u0131n s\u0131\u011f sular\u0131 \u00e7ocuklar\u0131 \u00e7ekiyor ve her yaz Gaetmaeul A\u00e7\u0131k Hava Drama Festivali ile noktalan\u0131yor.<\/p>\n\n\n\n<p>Busan&#039;\u0131n takvimi etkinliklerle dolu. \u0130lkbahar, UNESCO&#039;nun D\u00fcnya Belle\u011fi Program\u0131&#039;n\u0131n bir par\u00e7as\u0131 olan Busan Liman Festivali ve Joseon Tongsinsa Festivali&#039;ni getiriyor. Yaz, Haeundae&#039;de Busan Deniz Festivali&#039;ne ve Uluslararas\u0131 Rock Festivali&#039;ne ev sahipli\u011fi yap\u0131yor. Ekim ay\u0131nda Busan Uluslararas\u0131 Film Festivali (Asya&#039;n\u0131n t\u00fcr\u00fcn\u00fcn en b\u00fcy\u00fc\u011f\u00fc), Moonlight Bay \u00dczerindeki Havai Fi\u015fek Festivali ve One Asia K-pop Festivali d\u00fczenleniyor. Kas\u0131m ay\u0131nda Kore&#039;nin en \u00f6nemli oyun sergisi olan G-Star ve e-spor turnuvalar\u0131 d\u00fczenleniyor; Aral\u0131k ay\u0131nda y\u0131l, Noel A\u011fac\u0131 Festivali ile sona eriyor. Film ve televizyon, Busan&#039;\u0131 s\u0131kl\u0131kla mekan olarak benimsiyor: Tren&#039;den Busan&#039;a uzanan k\u0131yamet koridorlar\u0131ndan yerel leh\u00e7eyi \u00e7a\u011fr\u0131\u015ft\u0131ran melodramlara kadar, \u015fehir, Seul&#039;\u00fcn kentselli\u011fine kar\u015f\u0131 d\u00f6n\u00fc\u015f\u00fcml\u00fc olarak s\u0131\u011f\u0131nak, s\u0131n\u0131r ve dramatik bir kar\u015f\u0131tl\u0131k olarak g\u00f6r\u00fcn\u00fcyor.<\/p>\n\n\n\n<p>Yerel mutfak, Busan&#039;\u0131n tarihine ve k\u0131y\u0131 bereketine tan\u0131kl\u0131k ediyor. \u0130stiridye dolu bir krep olan Dongnae pajeon, bir zamanlar askeri el\u00e7ilere sunulan erzaklar\u0131 hat\u0131rlat\u0131yor. So\u011fuk bu\u011fday eri\u015ftesi, milmyeon, Kore Sava\u015f\u0131 m\u00fcltecilerinin kuzeydeki karabu\u011fday tariflerini g\u00fcneydeki temel yiyeceklere uyarlamas\u0131ndan ortaya \u00e7\u0131kt\u0131. Dwaeji gukbap, doyurucu bir domuz-pirin\u00e7 \u00e7orbas\u0131, \u00fclke \u00e7ap\u0131nda cemaat kazand\u0131. Sokak kenar\u0131ndaki tezgahlarda fermente edilmi\u015f soslar\u0131n yan\u0131nda domuz pa\u00e7as\u0131 (nangchae-jokbal) servis edilirken, Jagalchi Pazar\u0131 denizin verimini canl\u0131 tanklarda ve c\u0131z\u0131rt\u0131l\u0131 \u0131zgaralarda sergiliyor. Jeonpo Caf\u00e9 Street gibi daha yeni b\u00f6lgeler bile \u015fehrin geli\u015fen damak zevkine tan\u0131kl\u0131k ediyor; burada d\u00f6n\u00fc\u015ft\u00fcr\u00fclm\u00fc\u015f at\u00f6lyeler art\u0131k avangart kafeleri gizliyor.<\/p>\n\n\n\n<p>Busan&#039;\u0131n n\u00fcfusu 1990&#039;da 3,8 milyona yak\u0131n bir zirveye ula\u015ft\u0131ktan sonra 2024&#039;e kadar yakla\u015f\u0131k 3,27 milyona kadar kademeli bir d\u00fc\u015f\u00fc\u015f ya\u015fad\u0131. Bu e\u011filim, G\u00fcney Kore&#039;nin Seul \u00e7evresinde yo\u011funla\u015fan y\u00fcksek teknoloji end\u00fcstrilerine do\u011fru daha geni\u015f bir eksen kaymas\u0131yla ba\u011flant\u0131l\u0131d\u0131r. Ya\u015flanan demografi ve kentsel d\u0131\u015f g\u00f6\u00e7, \u015fehir e\u011fitim, turizm ve i\u015f i\u00e7in periyodik ak\u0131nlar\u0131 memnuniyetle kar\u015f\u0131lasa bile b\u00fcy\u00fcmeye kar\u015f\u0131 g\u00fc\u00e7lerini birle\u015ftirdi. 2024&#039;te, sakinlerin &#039;i dinsiz, &#039;u Budist ve &#039;i Hristiyan (y\u00fczde 14 Protestan, y\u00fczde 7 Katolik) olarak tan\u0131mland\u0131. K\u00fc\u00e7\u00fck az\u0131nl\u0131klar di\u011fer inan\u00e7lar\u0131 uyguluyor.<\/p>\n\n\n\n<p>Ba\u011flant\u0131, Busan&#039;\u0131n bir merkez olarak konumunun temelini olu\u015fturur. 2017 itibar\u0131yla alt\u0131 hattan olu\u015fan metro, \u015fehir merkezini, banliy\u00f6leri ve havaalan\u0131 hafif rayl\u0131 sistemini birbirine ba\u011flar. Y\u00fcksek h\u0131zl\u0131 KTX trenleri, Gyeongbu Hatt\u0131&#039;n\u0131 Seul&#039;e yakla\u015f\u0131k 150 dakikada kat eder. \u015eehirleraras\u0131 otob\u00fcsler, biti\u015fik illere ve ba\u015fkent b\u00f6lgesi kadar uzaklara hizmet veren birden fazla terminalden kalkar. Busan Liman\u0131&#039;n\u0131n uluslararas\u0131 feribot terminalinde, deniz otob\u00fcsleri ve gece seferleri yapan gemiler Tsushima Adas\u0131, Fukuoka ve Osaka&#039;ya ba\u011flan\u0131r. Havaalan\u0131-limuzin rotalar\u0131 da dahil olmak \u00fczere yerel otob\u00fcs hizmetleri her b\u00f6lgeyi kapsarken, Gadeokdo Adas\u0131&#039;nda yak\u0131n zamanda in\u015fa edilecek bir a\u00e7\u0131k deniz havaalan\u0131, art\u0131k k\u0131s\u0131tlanm\u0131\u015f olsa da, bir zamanlar b\u00f6lgesel hava yolculu\u011funu yeniden tan\u0131mlamay\u0131 vaat ediyordu.<\/p>\n\n\n\n<p>Deniz ticareti, k\u00fclt\u00fcrel canl\u0131l\u0131k ve jeolojik \u00e7e\u015fitlili\u011fin i\u00e7 i\u00e7e ge\u00e7mesiyle Busan, hem Kore&#039;nin yabanc\u0131 g\u00fc\u00e7lerle olan tarihi kesi\u015fimlerini hem de k\u00fcresel sahnedeki mevcut \u00f6zlemlerini somutla\u015ft\u0131rd\u0131. Daejeo&#039;nun sulak alanlar\u0131n\u0131n zambaklar\u0131ndan konteyner terminallerinin \u00e7elik iskelelerine kadar, \u015fehrin z\u0131t do\u011fa ve end\u00fcstri \u00f6l\u00e7ekleri kas\u0131tl\u0131 bir gerilim i\u00e7inde bir arada var oluyor. Sadece bir liman veya tatil yeri olmaktan uzak olan Busan, adaptasyonun ya\u015fayan bir kan\u0131t\u0131 olarak varl\u0131\u011f\u0131n\u0131 s\u00fcrd\u00fcr\u00fcyor: k\u0131y\u0131lar\u0131n\u0131 yalayan gelgitler gibi, hem yerel hem de uluslararas\u0131 g\u00fc\u00e7ler taraf\u0131ndan s\u00fcrekli olarak yeniden \u015fekillendirilen bir \u015fehir.<\/p>","protected":false},"excerpt":{"rendered":"<p>Resmen Busan Metropol \u015eehri olarak adland\u0131r\u0131lan Busan, 2024 y\u0131l\u0131 itibar\u0131yla 3,3 milyonu a\u015fan n\u00fcfusuyla G\u00fcney Kore&#039;nin ikinci en kalabal\u0131k \u015fehridir. Aslen Pusan \u200b\u200bolarak romanize edilen bu sahil \u015fehri, b\u00fcy\u00fck \u00f6l\u00e7\u00fcde stratejik konumu ve hareketli liman\u0131 sayesinde g\u00fcneydo\u011fu G\u00fcney Kore&#039;nin ekonomik, k\u00fclt\u00fcrel ve e\u011fitim merkezi haline gelmi\u015ftir.<\/p>","protected":false},"author":1,"featured_media":3004,"parent":15674,"menu_order":0,"comment_status":"closed","ping_status":"closed","template":"elementor_theme","meta":{"_eb_attr":"","footnotes":""},"class_list":["post-15699","page","type-page","status-publish","has-post-thumbnail"],"_links":{"self":[{"href":"https:\/\/travelshelper.com\/tr\/wp-json\/wp\/v2\/pages\/15699","targetHints":{"allow":["GET"]}}],"collection":[{"href":"https:\/\/travelshelper.com\/tr\/wp-json\/wp\/v2\/pages"}],"about":[{"href":"https:\/\/travelshelper.com\/tr\/wp-json\/wp\/v2\/types\/page"}],"author":[{"embeddable":true,"href":"https:\/\/travelshelper.com\/tr\/wp-json\/wp\/v2\/users\/1"}],"replies":[{"embeddable":true,"href":"https:\/\/travelshelper.com\/tr\/wp-json\/wp\/v2\/comments?post=15699"}],"version-history":[{"count":0,"href":"https:\/\/travelshelper.com\/tr\/wp-json\/wp\/v2\/pages\/15699\/revisions"}],"up":[{"embeddable":true,"href":"https:\/\/travelshelper.com\/tr\/wp-json\/wp\/v2\/pages\/15674"}],"wp:featuredmedia":[{"embeddable":true,"href":"https:\/\/travelshelper.com\/tr\/wp-json\/wp\/v2\/media\/3004"}],"wp:attachment":[{"href":"https:\/\/travelshelper.com\/tr\/wp-json\/wp\/v2\/media?parent=15699"}],"curies":[{"name":"wp","href":"https:\/\/api.w.org\/{rel}","templated":true}]}}