{"id":15674,"date":"2024-09-21T18:19:44","date_gmt":"2024-09-21T18:19:44","guid":{"rendered":"https:\/\/travelshelper.com\/staging\/?page_id=15674"},"modified":"2026-03-11T19:54:45","modified_gmt":"2026-03-11T19:54:45","slug":"guney-kore","status":"publish","type":"page","link":"https:\/\/travelshelper.com\/tr\/destinations\/asia\/south-korea\/","title":{"rendered":"G\u00fcney Kore"},"content":{"rendered":"<p>G\u00fcney Kore, bin y\u0131ll\u0131k gelenek ve ileri teknoloji modernitenin birle\u015fti\u011fi noktada, engebeli da\u011flar ve tarihin amans\u0131z gelgitleriyle \u015fekillenmi\u015f bir \u00fclkedir. Kore Yar\u0131madas\u0131&#039;n\u0131n g\u00fcney yar\u0131s\u0131n\u0131 olu\u015fturan \u00fclke, kuzey kom\u015fusundan onu ay\u0131ran Demilitarize B\u00f6lge ile kuzeyde, Sar\u0131 Deniz ile bat\u0131da ve Korelilerin Do\u011fu Denizi dedi\u011fi yer ile do\u011fuda s\u0131n\u0131rlanm\u0131\u015ft\u0131r. Yakla\u015f\u0131k &#039;i da\u011fl\u0131k veya ormanl\u0131k olan 100.000 kilometrekarelik bir kara alan\u0131na sahip olan bu kompakt \u00fclke, yar\u0131s\u0131 d\u00fcnyan\u0131n en kalabal\u0131k kentsel b\u00f6lgelerinden biri olan geni\u015f Seul metropol b\u00f6lgesinde ya\u015fayan 52 milyondan fazla n\u00fcfusa ev sahipli\u011fi yapmaktad\u0131r.<\/p>\n\n\n\n<p>Arkeolojik kan\u0131tlar, yar\u0131madada insan varl\u0131\u011f\u0131n\u0131n Alt Paleolitik&#039;e kadar uzand\u0131\u011f\u0131n\u0131 g\u00f6steriyor. M\u00d6 yedinci y\u00fczy\u0131l\u0131n ba\u015flar\u0131nda, \u00c7in kay\u0131tlar\u0131 organize siyasi yap\u0131lara tan\u0131kl\u0131k ediyor. Sonraki y\u00fczy\u0131llarda, \u00fc\u00e7 krall\u0131k\u2014Goguryeo, Baekje ve Silla\u2014MS yedinci y\u00fczy\u0131l\u0131n sonlar\u0131nda Silla yar\u0131madan\u0131n \u00e7o\u011funu birle\u015ftirene kadar \u00fcst\u00fcnl\u00fck i\u00e7in yar\u0131\u015ft\u0131. Ard\u0131ndan gelen Goryeo hanedan\u0131 (918-1392), ismini \u0130ngilizce &#034;Kore&#034; d\u0131\u015f ismine \u00f6d\u00fcn\u00e7 vererek kal\u0131c\u0131 bir Kore kimli\u011fi olu\u015fturdu. Joseon (1392-1897) d\u00f6neminde, Konf\u00fc\u00e7y\u00fcs ilkeleri saray ya\u015fam\u0131na hakim oldu: kat\u0131 bir sosyal hiyerar\u015fi, yangban se\u00e7kinlerini s\u0131radan insanlar\u0131n \u00fcst\u00fcnde tutarken, akademisyenler edebi \u00f6\u011frenimi \u00f6d\u00fcllendiren bir kamu hizmeti sistemi uygulad\u0131.<\/p>\n\n\n\n<p>On dokuzuncu y\u00fczy\u0131l\u0131n sonlar\u0131nda, k\u0131sa \u00f6m\u00fcrl\u00fc Kore \u0130mparatorlu\u011fu yasal kodlar\u0131 ve end\u00fcstriyi modernize etmeye \u00e7al\u0131\u015ft\u0131, ancak 1910&#039;daki Japon ilhak\u0131 35 y\u0131l boyunca egemen y\u00f6netimi s\u00f6nd\u00fcrd\u00fc. Kurtulu\u015f ancak Japonya&#039;n\u0131n II. D\u00fcnya Sava\u015f\u0131&#039;ndaki yenilgisiyle geldi, ancak ba\u011f\u0131ms\u0131zl\u0131k a\u011f\u0131r bir bedelle geldi: Sovyet ve Amerikan i\u015fgali yar\u0131maday\u0131 b\u00f6ld\u00fc ve 1950&#039;de Kuzey&#039;in i\u015fgali yakla\u015f\u0131k \u00fc\u00e7 milyon Korelinin \u00f6l\u00fcm\u00fcne ve \u015fehirlerin k\u00fcle d\u00f6nmesine neden olan \u00fc\u00e7 y\u0131ll\u0131k bir sava\u015f\u0131 tetikledi. 1953&#039;teki bir ate\u015fkes, bir bar\u0131\u015f antla\u015fmas\u0131 olmadan \u00e7at\u0131\u015fmay\u0131 dondurdu ve bug\u00fcn de devam eden gergin bir \u00e7\u0131kmaz\u0131 s\u00fcrd\u00fcrd\u00fc.<\/p>\n\n\n\n<p>Sava\u015f sonras\u0131 G\u00fcney Kore, par\u00e7alanm\u0131\u015f altyap\u0131, yoksulla\u015fm\u0131\u015f bir n\u00fcfus ve ard\u0131\u015f\u0131k otoriter rejimlerle kar\u015f\u0131 kar\u015f\u0131yayd\u0131. Yine de 1960&#039;larda ve 1970&#039;lerde devlet \u00f6nc\u00fcl\u00fc\u011f\u00fcndeki sanayile\u015fme, Samsung ve Hyundai gibi ihracat odakl\u0131 devleri piyasaya s\u00fcrerek h\u0131zl\u0131 ekonomik b\u00fcy\u00fcmeyi te\u015fvik etti. &#034;Han Nehri Mucizesi&#034;, ki\u015fi ba\u015f\u0131na d\u00fc\u015fen GSY\u0130H&#039;nin 1980 ile 1990 aras\u0131nda d\u00fcnyan\u0131n en h\u0131zl\u0131 oranlar\u0131ndan birinde t\u0131rman\u0131\u015f\u0131n\u0131 g\u00f6rd\u00fc. 1997 Asya mali krizi yap\u0131sal zay\u0131fl\u0131klar\u0131 ortaya \u00e7\u0131karsa da, h\u0131zl\u0131 mali ve parasal \u00f6nlemler h\u0131zl\u0131 bir toparlanmay\u0131 sa\u011flad\u0131. 2008&#039;deki k\u00fcresel durgunlukta G\u00fcney Kore, bir\u00e7ok geli\u015fmi\u015f ekonominin gerilemeye girmesine ra\u011fmen daralmadan ka\u00e7\u0131narak tekrar dayan\u0131kl\u0131l\u0131k g\u00f6sterdi.<\/p>\n\n\n\n<p>Siyasi d\u00f6n\u00fc\u015f\u00fcm paralel olarak ger\u00e7ekle\u015fti. Askeri darbeler ve \u00f6\u011frenci \u00f6nderli\u011findeki ayaklanmalarla ge\u00e7en on y\u0131llar\u0131n ard\u0131ndan, 1987 Haziran Demokratik M\u00fccadelesi, iktidardaki se\u00e7kinleri do\u011frudan ba\u015fkanl\u0131k se\u00e7imleri ve daha fazla medeni \u00f6zg\u00fcrl\u00fck benimsemeye zorlad\u0131. Alt\u0131nc\u0131 Cumhuriyet&#039;in anayasas\u0131 uyar\u0131nca, tek meclisli bir Ulusal Meclis, se\u00e7ilmi\u015f bir ba\u015fkanla iktidar\u0131 payla\u015f\u0131r. G\u00fcn\u00fcm\u00fczde G\u00fcney Kore, rekabet\u00e7i se\u00e7imler, ba\u011f\u0131ms\u0131z bir yarg\u0131 ve canl\u0131 bir sivil toplumla Do\u011fu Asya&#039;n\u0131n en sa\u011flam demokrasilerinden biri olarak kabul edilmektedir.<\/p>\n\n\n\n<p>Yar\u0131madan\u0131n granit ve gnays da\u011flar\u0131ndan olu\u015fan omurgas\u0131, nehirleri geni\u015f bat\u0131 ovalar\u0131na ve dar do\u011fu koridorlar\u0131na y\u00f6nlendirir. D\u00f6rt genel b\u00f6lge ortaya \u00e7\u0131kar: do\u011funun y\u00fcksek s\u0131rada\u011flar\u0131 ve denize do\u011fru \u00e7\u0131k\u0131nt\u0131lar\u0131; bat\u0131n\u0131n verimli, hafif engebeli ovalar\u0131; g\u00fcneybat\u0131n\u0131n engebeli vadileri; ve g\u00fcneydo\u011fudaki Nakdong Nehri havzas\u0131. Arazinin yaln\u0131zca yakla\u015f\u0131k &#039;u ekilebilir.<\/p>\n\n\n\n<p>\u00dc\u00e7 karasal ekob\u00f6lge -Orta Kore yaprak d\u00f6ken ormanlar\u0131, Man\u00e7urya karma ormanlar\u0131 ve G\u00fcney Kore yaprak d\u00f6kmeyen ormanlar\u0131- \u00e7e\u015fitli bitki ve hayvan t\u00fcrlerine ev sahipli\u011fi yapar. G\u00fcney Kore, Jirisan&#039;\u0131n sisli zirvelerinden Boseong \u00e7ay tarlalar\u0131n\u0131n yeniden in\u015fa edilmi\u015f pirin\u00e7 teraslar\u0131na ve Suncheon K\u00f6rfezi&#039;nin g\u00f6\u00e7men ku\u015f cennetlerine kadar yirmi ulusal park arac\u0131l\u0131\u011f\u0131yla do\u011fal alanlar\u0131 korur.<\/p>\n\n\n\n<p>A\u00e7\u0131k denizde, \u00e7o\u011fu \u0131ss\u0131z yakla\u015f\u0131k \u00fc\u00e7 bin ada bulunur. Anakaradan 100 kilometre g\u00fcneyde bulunan Jeju Adas\u0131, yemye\u015fil yama\u00e7lar ve 1.950 metrelik volkanik zirve Hallasan ile denizden y\u00fckselir. Ulleungdo ve tart\u0131\u015fmal\u0131 Liancourt Kayal\u0131klar\u0131 (yerel olarak Dokdo olarak bilinir) gibi daha k\u00fc\u00e7\u00fck adalar, do\u011fu deniz s\u0131n\u0131r\u0131n\u0131 belirler.<\/p>\n\n\n\n<p>\u0130klim nemli k\u0131tasal ve subtropikal b\u00f6lgeleri kapsar. D\u00f6rt belirgin mevsim, sert ve kuru k\u0131\u015flar, ilkbaharda \u00e7i\u00e7ekler, Haziran sonundan Temmuz&#039;a kadar s\u00fcren bo\u011fucu muson ya\u011fmurlar\u0131 (jangma) ve \u0131l\u0131man sonbaharlar getirir. Seul&#039;deki ortalama s\u0131cakl\u0131klar Ocak ay\u0131nda -7 ila 1 \u00b0C ile A\u011fustos ay\u0131nda 22 ila 30 \u00b0C aras\u0131nda de\u011fi\u015fir. G\u00fcney k\u0131y\u0131s\u0131 boyunca k\u0131\u015flar daha \u0131l\u0131mand\u0131r ve yaz sonlar\u0131nda tayfun tehlikesi belirir.<\/p>\n\n\n\n<p>G\u00fcney Kore&#039;nin karma ekonomisi nominal GSY\u0130H&#039;ye g\u00f6re on ikinci, sat\u0131n alma g\u00fcc\u00fc paritesine g\u00f6re on d\u00f6rd\u00fcnc\u00fc s\u0131rada yer almaktad\u0131r. D\u0131\u015fa d\u00f6n\u00fckl\u00fc\u011f\u00fc onu k\u00fcresel ihracat\u00e7\u0131lar aras\u0131nda on birinci, ithalat\u00e7\u0131lar aras\u0131nda ise yedinci s\u0131raya yerle\u015ftirmektedir. Par\u0131ldayan cam kulelerde bulunan Chaebol konglomeralar\u0131 yar\u0131 iletkenler, otomobiller ve elektroniklerde \u00fcretimi y\u00f6nlendirmektedir. LG ve Samsung t\u00fcketim mallar\u0131 i\u00e7in uluslararas\u0131 \u00fcne kavu\u015fmu\u015ftur; Hyundai ve Kia otomotiv \u00fcretimini d\u00f6n\u00fc\u015ft\u00fcrm\u00fc\u015ft\u00fcr.<\/p>\n\n\n\n<p>E\u011fitim ulusal bir saplant\u0131d\u0131r. Bir zamanlar yayg\u0131n okuma yazma bilmemeyle bo\u011fu\u015fan G\u00fcney Kore, art\u0131k d\u00fcnyan\u0131n en y\u00fcksek \u00fc\u00e7\u00fcnc\u00fc derece ba\u015far\u0131 oranlar\u0131ndan baz\u0131lar\u0131n\u0131 yay\u0131nl\u0131yor. Disiplinli, y\u00fcksek becerili bir i\u015fg\u00fcc\u00fc ara\u015ft\u0131rma ve geli\u015ftirmenin temelini olu\u015fturur: bug\u00fcn G\u00fcney Kore, ki\u015fi ba\u015f\u0131na patent ba\u015fvurular\u0131nda lider konumdad\u0131r ve uluslararas\u0131 inovasyon s\u0131ralamalar\u0131nda akranlar\u0131n\u0131 geride b\u0131rakmaktad\u0131r.<\/p>\n\n\n\n<p>Altyap\u0131 bu \u00f6ncelikleri yans\u0131t\u0131r. Korail&#039;in h\u0131zl\u0131 tren a\u011f\u0131, \u00f6zellikle Seul&#039;\u00fc Busan&#039;a ba\u011flayan KTX hizmeti, \u00fclke boyunca y\u00fcksek h\u0131zl\u0131 demir yolu hatlar\u0131 d\u00f6\u015fer. \u00dccretli otoyollar s\u0131rtlar\u0131 ve ovalar\u0131 kaplar; ekspres otob\u00fcsler k\u0131rsal k\u00f6yleri \u00e7aprazlar; ve feribotlar adalar\u0131 birbirine ba\u011flar. 2001&#039;de a\u00e7\u0131lan Incheon Uluslararas\u0131 Havaalan\u0131, 2016&#039;da 58 milyon yolcuya hizmet verdi ve d\u00fcnyan\u0131n en yo\u011fun merkezleri aras\u0131nda yer al\u0131yor. \u0130ki b\u00fcy\u00fck ta\u015f\u0131y\u0131c\u0131\u2014Korean Air ve Asiana\u2014yakla\u015f\u0131k \u00fc\u00e7 y\u00fcz uluslararas\u0131 rota i\u015fletiyor, d\u00fc\u015f\u00fck \u00fccretli yerel havayollar\u0131 ise uygun fiyatl\u0131 \u015fehirleraras\u0131 ge\u00e7i\u015fleri s\u00fcrd\u00fcr\u00fcyor.<\/p>\n\n\n\n<p>G\u00fcney Kore&#039;nin n\u00fcfusu 1955&#039;te 21,5 milyondan artarak 2024&#039;te 52 milyonun biraz \u00fczerine \u00e7\u0131kt\u0131. Ancak do\u011fum oranlar\u0131 d\u00fc\u015ft\u00fck\u00e7e - 2018&#039;de kad\u0131n ba\u015f\u0131na bir \u00e7ocu\u011fun alt\u0131na d\u00fc\u015ferek ve 2023&#039;te 0,72&#039;ye ula\u015farak - \u00fclke ilk do\u011fal n\u00fcfus d\u00fc\u015f\u00fc\u015f\u00fcyle \u200b\u200bkar\u015f\u0131 kar\u015f\u0131ya. 2050&#039;de n\u00fcfusun neredeyse yar\u0131s\u0131 altm\u0131\u015f be\u015f ya\u015f\u0131n \u00fczerinde olabilir; bu istatistik emeklilik, sa\u011fl\u0131k hizmeti ve ekonomik \u00fcretkenlik a\u00e7\u0131s\u0131ndan derin sonu\u00e7lar ta\u015f\u0131yor. H\u00fck\u00fcmet May\u0131s 2024&#039;te ya\u015flanma ve do\u011furganl\u0131\u011f\u0131 ele almak i\u00e7in \u00f6zel bir bakanl\u0131k kurdu ve 2024&#039;\u00fcn sonlar\u0131nda do\u011fumlardaki m\u00fctevaz\u0131 art\u0131\u015flar ihtiyatl\u0131 bir iyimserlik sundu.<\/p>\n\n\n\n<p>Kentle\u015fme toplumu yeniden \u015fekillendirdi: Seul ve uydu \u015fehirleri art\u0131k \u00fclkenin n\u00fcfusunun yakla\u015f\u0131k yar\u0131s\u0131na ev sahipli\u011fi yap\u0131yor. Busan, Incheon, Daegu, Daejeon, Gwangju ve Ulsan, her biri kendi end\u00fcstriyel taban\u0131na ve k\u00fclt\u00fcrel karakterine sahip bir megakentler tak\u0131my\u0131ld\u0131z\u0131n\u0131 olu\u015fturuyor. Bir zamanlar geni\u015f ailelere ev sahipli\u011fi yapan k\u0131rsal alanlar, gen\u00e7 nesillerin e\u011fitim ve istihdam i\u00e7in kent merkezlerine g\u00f6\u00e7 etmesiyle ya\u015flanan topluluklara ev sahipli\u011fi yap\u0131yor.<\/p>\n\n\n\n<p>K\u00f6kleri erken \u015famanistik uygulamalara dayanan ve y\u00fczy\u0131llar boyunca Konf\u00fc\u00e7y\u00fcs\u00e7\u00fc, Budist ve Taoist felsefelerle a\u015f\u0131lanan Kore k\u00fclt\u00fcr\u00fc, toplumu ve atalar\u0131n an\u0131s\u0131n\u0131 birbirine ba\u011flayan rit\u00fcelleri korur. Joseon d\u00f6neminin kat\u0131 Konf\u00fc\u00e7y\u00fcs\u00e7\u00fc hiyerar\u015fisi, e\u011fitime, evlat sevgisine ve sosyal d\u00fczene sayg\u0131y\u0131 miras b\u0131rakt\u0131; bu de\u011ferler modern \u00f6rg\u00fctsel ya\u015famda varl\u0131\u011f\u0131n\u0131 s\u00fcrd\u00fcr\u00fcyor. Yine de bu s\u00fcrekliliklerin yan\u0131 s\u0131ra G\u00fcney Kore k\u00fcresel bir k\u00fclt\u00fcrel varl\u0131k olu\u015fturdu: K-pop gruplar\u0131 d\u00fcnya \u00e7ap\u0131nda stadyumlar\u0131 dolduruyor, televizyon dizileri uluslararas\u0131 izleyicileri b\u00fcy\u00fcl\u00fcyor ve film yap\u0131mc\u0131lar\u0131 Cannes ve Akademi \u00d6d\u00fclleri&#039;nde be\u011feni topluyor. Bu &#034;Kore Dalgas\u0131&#034; yaln\u0131zca turizmi canland\u0131rmakla kalm\u0131yor (2019&#039;da 17 milyondan fazla ziyaret\u00e7i geldi), ayn\u0131 zamanda Kore yemekleri, modas\u0131 ve kozmetiklerine olan talebi de canland\u0131r\u0131yor.<\/p>\n\n\n\n<p>Mutfak gelenekleri pirin\u00e7, eri\u015fte, sebze, bal\u0131k ve etlere odaklan\u0131r ve her \u00f6\u011f\u00fcnde bir dizi garnit\u00fcr (banchan) e\u015flik eder. Her yerde bulunan fermente edilmi\u015f sebze temel g\u0131das\u0131 olan Kimchi, soya fasulyesi ezmeleri (doenjang), ac\u0131 biber ezmeleri (gochujang) ve her yerde bulunan susam ya\u011f\u0131 gibi Kore fermentasyon becerisine \u00f6rnektir. Simgesel yemekler, masada \u0131zgara edilen ince marine edilmi\u015f s\u0131\u011f\u0131r eti dilimleri olan bulgogi&#039;den sokak sat\u0131c\u0131lar\u0131 taraf\u0131ndan sat\u0131lan baharatl\u0131 pirin\u00e7 kekleri olan tteokbokki&#039;ye kadar uzan\u0131r. Soju ve makgeolli gibi alkoll\u00fc i\u00e7ecekler, genellikle metal \u00e7ubuklar ve ortak masalarla ya\u011flanan ne\u015feli toplant\u0131lara e\u015flik eder.<\/p>\n\n\n\n<p>G\u00fcney Kore&#039;deki din \u00e7o\u011fulcudur: anketler n\u00fcfusun yakla\u015f\u0131k yar\u0131s\u0131n\u0131n herhangi bir dine ba\u011fl\u0131 olmad\u0131\u011f\u0131n\u0131, Hristiyanl\u0131\u011f\u0131n (Protestan ve Katolik) ve Budizmin ise geri kalan\u0131n \u00e7o\u011funu olu\u015fturdu\u011funu g\u00f6stermektedir. Yerli inan\u00e7lar\u2014Won Budizmi, Cheondoizm, Daejongizm\u2014ve k\u00fc\u00e7\u00fck ama b\u00fcy\u00fcyen bir M\u00fcsl\u00fcman toplulu\u011fu mozai\u011fe katk\u0131da bulunmaktad\u0131r. Anayasal garantiler ibadet \u00f6zg\u00fcrl\u00fc\u011f\u00fcn\u00fc garanti alt\u0131na al\u0131rken, geleneksel Konf\u00fc\u00e7y\u00fcs\u00e7\u00fc tav\u0131rlar g\u00fcnl\u00fck etkile\u015fimleri etkilemektedir.<\/p>\n\n\n\n<p>Mo\u011fol istilalar\u0131ndan Japon i\u015fgaline, sava\u015f\u0131n y\u0131k\u0131m\u0131ndan yeniden in\u015fa \u00e7\u0131lg\u0131nl\u0131\u011f\u0131na kadar tekrarlanan in\u015faat ve y\u0131k\u0131m d\u00f6ng\u00fcleri mimari bir kolaj \u00fcretti. Hafif\u00e7e k\u0131vr\u0131lan kiremitli \u00e7at\u0131lara sahip antik saraylar, ta\u015f duvarl\u0131 kaleler ve Hahoe ve Yangdong gibi hanok k\u00f6yleri, y\u00fcksek katl\u0131 ofisler ve yabanc\u0131 mimarlar\u0131n deneysel modern eserleriyle yan yana duruyor. 1988 sonras\u0131 Olimpiyat geli\u015fmeleri, geleneksel Kore mimarisinin ve ondol \u0131s\u0131tmal\u0131 zeminlerin yol g\u00f6sterici ilkesi olan &#034;do\u011fayla uyum&#034; referanslar\u0131yla f\u00fct\u00fcristik h\u0131rs\u0131 dengeleyen cams\u0131 yap\u0131lar tan\u0131tt\u0131.<\/p>\n\n\n\n<p>G\u00fcney Kore&#039;deki g\u00f6rg\u00fc kurallar\u0131, Konf\u00fc\u00e7y\u00fcs&#039;\u00fcn hiyerar\u015fi ve toplumsal uyuma olan sayg\u0131s\u0131ndan kaynaklan\u0131r. E\u011filme ve iki elle yap\u0131lan al\u0131\u015fveri\u015fler -ister kartvizit ister \u00e7ay fincan\u0131 olsun- sayg\u0131y\u0131 g\u00f6sterir. Evlerde ve belirli restoranlarda ayakkab\u0131lar \u00e7\u0131kar\u0131lmal\u0131d\u0131r. Gen\u00e7lik alt k\u00fclt\u00fcrleri d\u0131\u015f\u0131nda, halka a\u00e7\u0131k sevgi g\u00f6sterileri nadirdir. Yemek zaman\u0131 gelenekleri, b\u00fcy\u00fcklerin \u00f6nce ba\u015flamas\u0131n\u0131, asla kendi i\u00e7kisini koymamas\u0131n\u0131 ve ba\u015fkas\u0131n\u0131n barda\u011f\u0131n\u0131 reddetmenin kabal\u0131k oldu\u011funu dikte eder. Hassas konular -Kuzey Kore, Japonya&#039;n\u0131n s\u00f6m\u00fcrge miras\u0131, Dokdo ve i\u00e7 politika \u00fczerindeki toprak anla\u015fmazl\u0131klar\u0131- en iyi \u015fekilde yabanc\u0131lar taraf\u0131ndan ka\u00e7\u0131n\u0131lmal\u0131d\u0131r.<\/p>\n\n\n\n<p>\u00d6zellikle i\u015f k\u00fclt\u00fcr\u00fc, her iki elle y\u00fcz\u00fc yukar\u0131 bakacak \u015fekilde sunulan kartlar\u0131n rit\u00fcelle\u015ftirilmi\u015f al\u0131\u015fveri\u015fine dayan\u0131r; hasar veya dikkatsizce elle tutma sayg\u0131s\u0131zl\u0131\u011f\u0131 akla getirir. Giyim, ki\u015fisel gururu ve kurumsal imaj\u0131 yans\u0131tan muhafazakar ve kusursuz olma e\u011filimindedir.<\/p>\n\n\n\n<p>G\u00fcney Kore&#039;nin g\u00fc\u00e7l\u00fc y\u00f6nleri -d\u00fcnya standartlar\u0131nda bir ekonomi, y\u00fcksek e\u011fitim seviyeleri, h\u0131zl\u0131 inovasyon ve dinamik k\u00fclt\u00fcr- acil endi\u015felerle birlikte mevcuttur. Demografik d\u00fc\u015f\u00fc\u015f i\u015fg\u00fcc\u00fc piyasalar\u0131n\u0131 ve sosyal refah sistemlerini tehdit etmektedir. \u0130hracat pazarlar\u0131na olan ekonomik ba\u011f\u0131ml\u0131l\u0131k onu k\u00fcresel gerilemelere ve jeopolitik gerginliklere kar\u015f\u0131 savunmas\u0131z hale getirmektedir. Yar\u0131madan\u0131n kuzey s\u0131n\u0131r\u0131ndaki \u00e7\u00f6z\u00fclmemi\u015f \u00e7at\u0131\u015fma, s\u00fcrekli bir g\u00fcvensizlik kayna\u011f\u0131 olarak belirmektedir.<\/p>\n\n\n\n<p>Ancak bu zorluklar cesur politika deneylerini te\u015fvik etti: aileler i\u00e7in nakit te\u015fviklerden k\u00fc\u00e7\u00fclen bir i\u015f g\u00fcc\u00fcn\u00fc desteklemeyi ama\u00e7layan yeni g\u00f6\u00e7 programlar\u0131na; ye\u015fil teknolojiye yat\u0131r\u0131mlardan ABD, \u00c7in ve Japonya ile ba\u011flar\u0131 dengeleyen stratejik diplomasiye. 2025&#039;te sava\u015f sonras\u0131 yetmi\u015finci y\u0131l d\u00f6n\u00fcm\u00fcn\u00fc kutlarken, G\u00fcney Kore hala yarat\u0131c\u0131l\u0131k ve uyum sa\u011flama yetene\u011fi olan bir \u00fclke olmaya devam ediyor; birbiriyle ba\u011flant\u0131l\u0131 bir d\u00fcnyada yeni yollar \u00e7izerken bile tarihin derslerini ileriye ta\u015f\u0131yor.<\/p>\n\n\n\n<p>Seul&#039;\u00fcn her dar soka\u011f\u0131nda ve yar\u0131madan\u0131n \u00fccra da\u011f ge\u00e7itlerinde, G\u00fcney Kore&#039;nin hikayesinin ana hatlar\u0131 g\u00f6r\u00fcn\u00fcr: e\u011fitime kal\u0131c\u0131 bir ba\u011fl\u0131l\u0131k, toplumsal sayg\u0131ya \u0131srar ve halk\u0131n\u0131 gelece\u011fe do\u011fru iten huzursuz bir yarat\u0131c\u0131l\u0131k. Miras ve yenili\u011fin bu etkile\u015fimi, zorluklarla yumu\u015fat\u0131lm\u0131\u015f olsa da ruhu modern d\u00fcnyay\u0131 \u015fekillendirmeye devam eden bir \u00fclkeyi tan\u0131mlar.<\/p>","protected":false},"excerpt":{"rendered":"<p>Resmen Kore Cumhuriyeti (ROK) olarak an\u0131lan G\u00fcney Kore, Do\u011fu Asya&#039;da yer al\u0131r, Kore Yar\u0131madas\u0131&#039;n\u0131n g\u00fcney kesimini kapsar ve 51,96 milyonluk bir n\u00fcfusa sahiptir. Bu \u00fclke, modern teknolojiyi k\u00fclt\u00fcrel miras ve ekonomik g\u00fc\u00e7le birle\u015ftirerek d\u00fcnya \u00e7ap\u0131nda \u00f6nemli bir oyuncu haline gelmi\u015ftir. \u00dclkenin dayan\u0131kl\u0131l\u0131\u011f\u0131 ve yarat\u0131c\u0131 kapasitesi, sava\u015ftan zarar g\u00f6rm\u00fc\u015f bir devletten d\u00fcnyan\u0131n en geli\u015fmi\u015f ekonomilerinden birine d\u00f6n\u00fc\u015fmesiyle en iyi \u015fekilde g\u00f6sterilmi\u015ftir.<\/p>","protected":false},"author":1,"featured_media":3312,"parent":24063,"menu_order":0,"comment_status":"closed","ping_status":"closed","template":"elementor_theme","meta":{"_eb_attr":"","footnotes":""},"class_list":["post-15674","page","type-page","status-publish","has-post-thumbnail"],"_links":{"self":[{"href":"https:\/\/travelshelper.com\/tr\/wp-json\/wp\/v2\/pages\/15674","targetHints":{"allow":["GET"]}}],"collection":[{"href":"https:\/\/travelshelper.com\/tr\/wp-json\/wp\/v2\/pages"}],"about":[{"href":"https:\/\/travelshelper.com\/tr\/wp-json\/wp\/v2\/types\/page"}],"author":[{"embeddable":true,"href":"https:\/\/travelshelper.com\/tr\/wp-json\/wp\/v2\/users\/1"}],"replies":[{"embeddable":true,"href":"https:\/\/travelshelper.com\/tr\/wp-json\/wp\/v2\/comments?post=15674"}],"version-history":[{"count":0,"href":"https:\/\/travelshelper.com\/tr\/wp-json\/wp\/v2\/pages\/15674\/revisions"}],"up":[{"embeddable":true,"href":"https:\/\/travelshelper.com\/tr\/wp-json\/wp\/v2\/pages\/24063"}],"wp:featuredmedia":[{"embeddable":true,"href":"https:\/\/travelshelper.com\/tr\/wp-json\/wp\/v2\/media\/3312"}],"wp:attachment":[{"href":"https:\/\/travelshelper.com\/tr\/wp-json\/wp\/v2\/media?parent=15674"}],"curies":[{"name":"wp","href":"https:\/\/api.w.org\/{rel}","templated":true}]}}