{"id":15662,"date":"2024-09-21T17:11:49","date_gmt":"2024-09-21T17:11:49","guid":{"rendered":"https:\/\/travelshelper.com\/staging\/?page_id=15662"},"modified":"2026-03-11T21:11:35","modified_gmt":"2026-03-11T21:11:35","slug":"tacikistan","status":"publish","type":"page","link":"https:\/\/travelshelper.com\/tr\/destinations\/asia\/tajikistan\/","title":{"rendered":"Tacikistan"},"content":{"rendered":"<p>Pamir Da\u011flar\u0131&#039;n\u0131n k\u0131vr\u0131mlar\u0131 ile Orta Asya&#039;n\u0131n kurak ovalar\u0131 aras\u0131nda s\u0131k\u0131\u015fm\u0131\u015f Tacikistan, deniz limanlar\u0131 olmayan ancak y\u00fckselti bak\u0131m\u0131ndan zengin bir \u00fclkedir. Konturlar\u0131 do\u011fuda Hindu Ku\u015f&#039;un y\u00fcksek ge\u00e7itlerinden bat\u0131da Amu Derya&#039;n\u0131n al\u00e7ak havzalar\u0131na kadar uzan\u0131r. Nadiren 3.000 metrenin alt\u0131na inen s\u0131rtlar\u0131n ortas\u0131nda, \u00fclke g\u00fcney s\u0131n\u0131r\u0131nda Afganistan&#039;a, bat\u0131da \u00d6zbekistan&#039;a, kuzeyde K\u0131rg\u0131zistan&#039;a ve do\u011fu omurgas\u0131nda \u00c7in&#039;e dokunur. \u0130nce Wakhan Koridoru&#039;nun kar\u015f\u0131s\u0131nda, Pakistan hemen \u00f6tesinde yer al\u0131r. Kofarnihon vadisinin \u00fczerindeki yama\u00e7lara yerle\u015fmi\u015f olan Du\u015fanbe, yakla\u015f\u0131k 10,7 milyon insana ev sahipli\u011fi yapan bu cumhuriyetin siyasi kalbi ve en kalabal\u0131k merkezi olarak hizmet vermektedir.<\/p>\n<p>Buradaki insan hikayesi derin tarih \u00f6ncesine kadar uzan\u0131yor. Neolitik ve Bronz \u00c7a\u011f\u0131 topluluklar\u0131 ta\u015f aletlerde ve sulanan tarlalarda izler b\u0131rak\u0131rken, Oxus medeniyeti bir zamanlar bat\u0131 nehir k\u0131y\u0131lar\u0131nda geli\u015fmi\u015fti. Hint-\u0130ran gruplar\u0131 Andronovo k\u00fclt\u00fcr\u00fcn\u00fcn himayesinde geldi ve y\u00fczy\u0131llar boyunca So\u011fdlu t\u00fcccarlar ipek ve fikirler ta\u015f\u0131yarak nehir vadilerinde kervanlar \u00f6rd\u00fcler. Y\u00f6netim, Ahameni\u015f satraplar\u0131, Helenistik krall\u0131klar, Ku\u015fan imparatorlu\u011fu ve ard\u0131\u015f\u0131k T\u00fcrk ve Pers hanedanlar\u0131 aras\u0131nda de\u011fi\u015fti. On dokuzuncu y\u00fczy\u0131la kadar Baktriya ve Samani saraylar\u0131, \u00f6\u011frenme ve ticaretin merkezleri haline gelen kent merkezlerini denetledi. Rus \u0130mparatorlu\u011fu b\u00f6lgeyi 1800&#039;lerin sonlar\u0131nda yuttu. 1924&#039;te Sovyet yetkililer, Tacik topraklar\u0131n\u0131 \u00d6zbek topraklar\u0131ndan \u00f6zerk bir cumhuriyet olarak ay\u0131rd\u0131 ve Aral\u0131k 1929&#039;a kadar tam birlik cumhuriyeti stat\u00fcs\u00fcne y\u00fckseltti. 1991&#039;e kadar Moskova&#039;n\u0131n merkezi planlamas\u0131 ekonomisini ve s\u0131n\u0131rlar\u0131n\u0131 belirledi.<\/p>\n<p>9 Eyl\u00fcl 1991, ba\u011f\u0131ms\u0131zl\u0131k bildirgesini i\u015faret etti. Bir y\u0131ldan k\u0131sa bir s\u00fcre sonra, b\u00f6lgesel ve ideolojik b\u00f6l\u00fcnmelerin yol a\u00e7t\u0131\u011f\u0131 bir \u00e7at\u0131\u015fma yeni devleti sard\u0131. May\u0131s 1992&#039;den Haziran 1997&#039;ye kadar, gruplar Hatlon ovalar\u0131nda ve Pamiri vadilerinde \u00e7at\u0131\u015ft\u0131 ve kasabalar ve tar\u0131m arazileri harap oldu. Bir bar\u0131\u015f anla\u015fmas\u0131, yabanc\u0131 yard\u0131mlarla birlikte istikrar\u0131 getirdi, i\u00e7 politikalar ise sulama kanallar\u0131n\u0131 ve demir yolu ba\u011flant\u0131lar\u0131n\u0131 restore etti. 1994&#039;te Emomali Rahmon ba\u015fkanl\u0131\u011f\u0131 devrald\u0131 ve o zamandan beri konsolide bir y\u00fcr\u00fctme yetkisini korudu ve muhalefet ve medeni \u00f6zg\u00fcrl\u00fckler \u00fczerindeki k\u0131s\u0131tlamalar nedeniyle ele\u015ftirilere maruz kald\u0131.<\/p>\n<p>\u0130dari olarak Tacikistan d\u00f6rt b\u00f6lgeye ayr\u0131l\u0131r. Kuzeydeki Sughd, merkezi Hujand olan Fergana Vadisi&#039;nin bir k\u0131sm\u0131n\u0131 kaplar. G\u00fcneybat\u0131daki Hatlon, bir zamanlar i\u00e7 sava\u015ftan yara alm\u0131\u015f d\u00fczl\u00fckleri kapsarken, \u00f6zerk Gorno-Badakhshan ili Pamir yaylalar\u0131n\u0131n \u00e7o\u011funu i\u015fgal eder. Du\u015fanbe \u00e7evresindeki merkezi ku\u015fak, Cumhuriyet\u00e7i Ba\u011f\u0131ml\u0131l\u0131k B\u00f6lgeleri&#039;ni olu\u015fturur. \u0130l\u00e7eler bu b\u00f6lgeleri mahallelere ve k\u00f6ylere ay\u0131r\u0131r. Bu hiyerar\u015fiye ra\u011fmen, engebeli arazi topluluklar\u0131 izole eder: yollar da\u011f ge\u00e7itlerinden ge\u00e7er ve baz\u0131 y\u00fcksek plato vadilerine yaln\u0131zca dar patikalarla ula\u015f\u0131labilir.<\/p>\n<p>Da\u011flar \u00fclkenin y\u00fczde doksan\u0131ndan fazlas\u0131n\u0131 kaplar. Hinduku\u015f&#039;un kuzey uzant\u0131s\u0131 olan Pamirler, Qullai \u0130smoili Somoni&#039;de 7.000 metrenin \u00fczerine \u00e7\u0131kar. Alay ve T\u00fcrkistan s\u0131rada\u011flar\u0131 \u00fclkenin orta kesiminde yay \u00e7izerek Fergana koridorunu g\u00fcney havzalar\u0131ndan ay\u0131r\u0131r. Daha k\u00fc\u00e7\u00fck s\u0131rtlar\u2014Du\u015fanbe yak\u0131nlar\u0131ndaki Hisor, Panjakent yak\u0131nlar\u0131ndaki Fann ve daha bat\u0131daki Zerav\u015fan\u2014daha al\u00e7ak ancak yine de zorlu zirveler sunar. A\u015fa\u011f\u0131da, \u00fc\u00e7 ana vadi ekilebilir topraklar sunar: Su\u011fd&#039;daki Fergana uzant\u0131s\u0131, antik kal\u0131nt\u0131larla dolu Zerav\u015fan vadisi ve Kulob ve Bokhtar \u00e7evresindeki al\u00fcvyonlu d\u00fczl\u00fckler.<\/p>\n<p>Su hem manzaray\u0131 hem de ge\u00e7im kayna\u011f\u0131n\u0131 \u015fekillendirir. Kofarnihon ve Vakhsh nehirleri Afgan s\u0131n\u0131r\u0131nda Amu Darya olarak birle\u015fir. Eriyen karlar pamuk tarlalar\u0131n\u0131 ve kay\u0131s\u0131, nar ve ceviz bah\u00e7elerini besleyen sulama kanallar\u0131n\u0131 besler. Alp g\u00f6lleri, \u00f6zellikle y\u00fckselen zirvelerin alt\u0131ndaki Karakul G\u00f6l\u00fc olmak \u00fczere, kayal\u0131klar\u0131n aras\u0131nda par\u0131ldar.<\/p>\n<p>Dil ve inan\u00e7 tarihin katmanlar\u0131n\u0131 yans\u0131t\u0131r. Kiril alfabesiyle yaz\u0131lm\u0131\u015f Fars\u00e7a k\u00f6kenli bir dil olan Tacik, devlet dili olarak hizmet eder. Rus\u00e7a etnik gruplar aras\u0131 ili\u015fkiler i\u00e7in resmi ortam olmaya devam eder; on vatanda\u015ftan neredeyse dokuzu farkl\u0131 derecelerde Rus\u00e7a konu\u015fur. Gorno-Badakhshan&#039;da Shughni, Rushani ve Wakhi gibi az\u0131nl\u0131k dilleri Pamir topluluklar\u0131 aras\u0131nda varl\u0131\u011f\u0131n\u0131 s\u00fcrd\u00fcrmektedir. Hanefi okulunun \u0130slam&#039;\u0131 n\u00fcfusun y\u00fczde doksan yedisinden fazlas\u0131 taraf\u0131ndan benimsenerek bask\u0131nd\u0131r. K\u00fc\u00e7\u00fck bir \u015eii-\u0130smaili az\u0131nl\u0131k b\u00fcy\u00fck \u00f6l\u00e7\u00fcde do\u011fu yaylalar\u0131nda ya\u015famaktad\u0131r. Prensip olarak laik olsa da, anayasa iki \u0130slami bayram\u0131 tan\u0131r ve dini e\u011fitim ve ibadeti d\u00fczenler.<\/p>\n<p>Demografik olarak, etnik Tacikler \u00e7o\u011funlu\u011fu olu\u015fturur. \u00d6zbekler ve Ruslar \u00e7o\u011funlukla \u015fehir merkezlerinde g\u00f6r\u00fcl\u00fcr, say\u0131lar\u0131 g\u00f6\u00e7le azal\u0131r. Yakla\u015f\u0131k 25.000 ki\u015filik Yaghnobi halk\u0131 kuzey eteklerinde ya\u015far ve Sogdian&#039;\u0131n ya\u015fayan tek soyundan gelir. Farkl\u0131 k\u00fclt\u00fcrleri antik \u0130pek Yolu yerle\u015fim yerlerini yans\u0131tan Pamiriler GBAO&#039;yu doldurur.<\/p>\n<p>Ekonomik ya\u015fam b\u00fcy\u00fck \u00f6l\u00e7\u00fcde emek g\u00f6\u00e7\u00fcne dayan\u0131r. Yurt d\u0131\u015f\u0131nda \u00e7al\u0131\u015fan Taciklerden gelen para transferleri (\u00e7o\u011funlukla Rusya&#039;da) GSY\u0130H&#039;n\u0131n neredeyse y\u00fczde otuzunu olu\u015fturur ve bu ba\u011f\u0131ml\u0131l\u0131k d\u0131\u015f \u015foklara kar\u015f\u0131 k\u0131r\u0131lganl\u0131\u011f\u0131 art\u0131r\u0131r. Maden zenginli\u011fi s\u0131n\u0131rl\u0131d\u0131r; al\u00fcminyum eritme ve pamuk \u00e7\u0131r\u00e7\u0131rlama ba\u015fl\u0131ca end\u00fcstriler olmaya devam etmektedir. 2000&#039;lerin ba\u015flar\u0131nda, uluslararas\u0131 yard\u0131m kurakl\u0131k ve i\u00e7 \u00e7at\u0131\u015fmadan sonra g\u0131da k\u0131tl\u0131\u011f\u0131n\u0131 ele ald\u0131. 2010 y\u0131l\u0131na gelindi\u011finde para transferleri iki milyar ABD dolar\u0131n\u0131n \u00fczerine \u00e7\u0131karak t\u00fcketimi ve yoksullu\u011fun azalt\u0131lmas\u0131n\u0131 destekledi. \u00c7in, Ku\u015fak ve Yol Giri\u015fimi projeleri arac\u0131l\u0131\u011f\u0131yla yollar, demiryollar\u0131 ve enerji ba\u011flant\u0131lar\u0131n\u0131 finanse ederek \u00f6nemli bir ortak olarak ortaya \u00e7\u0131kt\u0131.<\/p>\n<p>Ula\u015f\u0131m ba\u011flant\u0131lar\u0131 co\u011frafya nedeniyle hala zorlan\u0131yor. Du\u015fanbe&#039;yi \u00d6zbekistan, Rusya ve di\u011fer kom\u015fularla ba\u011flayan sadece 680 kilometrelik geni\u015f hatl\u0131 ray hatt\u0131 var. Demiryolu \u00e7o\u011fu y\u00fck\u00fc ta\u015f\u0131yor. Otoyollar toplamda yakla\u015f\u0131k 28.000 kilometre uzunlu\u011funda, ancak da\u011f ge\u00e7itleri k\u0131\u015f\u0131n kapan\u0131yor. Ba\u011flant\u0131daki k\u00f6rfezler, Afgan koridorlar\u0131 arac\u0131l\u0131\u011f\u0131yla \u0130ran ve Pakistan&#039;daki limanlara ula\u015fma \u00e7abalar\u0131n\u0131 te\u015fvik ediyor. 2004&#039;te ABD deste\u011fiyle in\u015fa edilen Tacik-Afgan Dostluk K\u00f6pr\u00fcs\u00fc g\u00fcneye do\u011fru bir rota a\u00e7t\u0131. Daha yak\u0131n tarihli anla\u015fmalar, \u00c7in ve Afgan s\u0131n\u0131rlar\u0131ndan Pakistan limanlar\u0131na 1.300 kilometrelik bir karayolu-demir yolu koridoru \u00f6ng\u00f6r\u00fcyor.<\/p>\n<p>Hava yolculu\u011fu, yar\u0131s\u0131 asfalt pistli 26 havaliman\u0131ndan olu\u015fan bir a\u011fa ba\u011fl\u0131d\u0131r. Du\u015fanbe&#039;deki birincil uluslararas\u0131 ge\u00e7it, b\u00f6lgesel ba\u015fkentlere ve Rus \u015fehirlerine ba\u011flan\u0131r. Anzob, Shakhristan ve di\u011fer yerlerdeki yol iyile\u015ftirmeleri ve t\u00fcnel projeleri, y\u00fckseklik ve hava ko\u015fullar\u0131na g\u00f6re eri\u015fimi kolayla\u015ft\u0131rmay\u0131 ama\u00e7lamaktad\u0131r.<\/p>\n<p>Turistler z\u0131tl\u0131klar\u0131n bir ulusuyla kar\u015f\u0131la\u015f\u0131r. Fergana&#039;n\u0131n m\u00fctevaz\u0131 \u0130pek Yolu kasabalar\u0131\u2014Khujand, Isfara ve Istaravshan\u2014medrese avlular\u0131n\u0131 ve \u00e7ar\u015f\u0131 \u015feritlerini korur. Panjakent&#039;te Sarazm&#039;\u0131n proto-kentsel kal\u0131nt\u0131lar\u0131 ve Sogdian konutlar\u0131n\u0131n kal\u0131nt\u0131lar\u0131 bulunur. Zeravshan&#039;\u0131n Fann Da\u011flar\u0131, da\u011fc\u0131lar\u0131 granit s\u0131rtlar\u0131na ve buzul g\u00f6llerine \u00e7eker. \u00d6tesinde, Pamir Otoyolu, 4.500 metreye kadar y\u00fckselen zirvelerin ortas\u0131nda nehir k\u0131y\u0131lar\u0131na tutunan k\u00f6ylerin aras\u0131ndan ge\u00e7er. Du\u015fanbe, yemye\u015fil caddeler, g\u00f6rkemli an\u0131tlar ve \u00e7ar\u015f\u0131larda sergilenen elle i\u015flenmi\u015f nak\u0131\u015flar sunar.<\/p>\n<p>Pratik meseleler planlama gerektirir. 100 dirama b\u00f6l\u00fcnen somoni, en yayg\u0131n olarak bir, \u00fc\u00e7 ve be\u015f somonilik madeni paralar halinde dola\u015f\u0131r. Bankalar ve ATM&#039;ler nakit da\u011f\u0131t\u0131r; kredi kartlar\u0131 neredeyse yaln\u0131zca Visa a\u011flar\u0131 \u00fczerinden \u00e7al\u0131\u015f\u0131r. \u00c7ar\u015f\u0131lardaki fiyatlar pazarl\u0131\u011fa davet eder; geleneksel d\u00fckkanlar sabit etiketlere uyar. Ziyaret\u00e7iler somoni ile gelmelidir, \u00e7\u00fcnk\u00fc yabanc\u0131 para kullan\u0131m\u0131 yerel yasay\u0131 ihlal eder. Tam para \u00fcst\u00fc genellikle t\u00fcccarlar en yak\u0131n tam banknota yuvarlad\u0131klar\u0131 i\u00e7in elde edilemez, ancak tam para \u00fcst\u00fc talep etmek genellikle ba\u015far\u0131l\u0131 olur.<\/p>\n<p>K\u00fc\u00e7\u00fck su\u00e7lar i\u00e7in g\u00fcvenlik riskleri d\u00fc\u015f\u00fck kalmaya devam ediyor; yerel halk geleneksel misafirperverli\u011fini s\u00fcrd\u00fcr\u00fcyor ve yankesicilik nadir g\u00f6r\u00fcl\u00fcyor. Afgan s\u0131n\u0131r\u0131na yak\u0131n ve izole Pamir yerle\u015fimlerinde g\u00fcvenlik sorunlar\u0131 ortaya \u00e7\u0131k\u0131yor. Karanl\u0131k \u00e7\u00f6kt\u00fckten sonra k\u0131rsal alanlarda yaln\u0131z seyahat etmek daha b\u00fcy\u00fck tehlike ta\u015f\u0131yor. Kolluk kuvvetleri kaynak eksikli\u011fi ya\u015fayabilir ve r\u00fc\u015fvet talepleri ortaya \u00e7\u0131kabilir; yanl\u0131\u015f anla\u015f\u0131lma taklidi yapmak genellikle talepleri etkisiz hale getirir. Elektrik ve su kesintileri g\u00fcnlerce s\u00fcrebilir; ta\u015f\u0131nabilir \u015farj cihazlar\u0131 ve yedek piller ta\u015f\u0131mak rahats\u0131zl\u0131\u011f\u0131 azalt\u0131r.<\/p>\n<p>K\u00fclt\u00fcrel normlar sayg\u0131y\u0131 hak eder. Ziyaret\u00e7iler Du\u015fanbe d\u0131\u015f\u0131nda m\u00fctevaz\u0131 k\u0131yafetler giymeli (omuz ve dizleri \u00f6rtmeli) ve cami ziyaretleri i\u00e7in bir e\u015farp takmal\u0131d\u0131r, ancak kad\u0131nlar\u0131n giri\u015fi s\u0131n\u0131rl\u0131d\u0131r ve genellikle namaz saatleri d\u0131\u015f\u0131nda veya rehberli gruplarla s\u0131n\u0131rl\u0131d\u0131r. Ya\u015fl\u0131larla etkile\u015fim, kalbin \u00fczerine bir el konulmas\u0131n\u0131 gerektirir. E\u015fcinsel sevginin kamusal g\u00f6sterileri, yasa d\u0131\u015f\u0131 olmasa da, muhafazakar bir toplumda d\u00fc\u015fmanl\u0131\u011fa yol a\u00e7abilir. Politika \u00fczerine, \u00f6zellikle Rusya veya Afganistan \u00fczerine yap\u0131lan konu\u015fmalar gerginlik riski ta\u015f\u0131r.<\/p>\n<p>Tek ba\u015f\u0131na seyahat eden kad\u0131n gezginler, ba\u011f\u0131ms\u0131z seyahat etmeye al\u0131\u015fk\u0131nlarsa Tacikistan&#039;\u0131 genel olarak g\u00fcvenli bulurlar. Gizli k\u0131yafetler, istenmeyen ilgiye kar\u015f\u0131 \u00f6nlem olarak bir alyans ve uzak yaylalara grup gezileri konforu art\u0131r\u0131r. Kad\u0131n rehberler, erkek arkada\u015fl\u0131\u011f\u0131n huzursuzluk yaratabilece\u011fi b\u00f6lgelerdeki y\u00fcr\u00fcy\u00fc\u015fler i\u00e7in Pamir Eko-K\u00fclt\u00fcrel Turizm Derne\u011fi arac\u0131l\u0131\u011f\u0131yla \u00e7al\u0131\u015f\u0131rlar.<\/p>\n<p>\u0130hracat d\u00fczenlemeleri, resmi i\u015faretlere sahip olmayan i\u015flenmemi\u015f ta\u015flar\u0131n, metallerin veya m\u00fccevherlerin \u00e7\u0131kar\u0131lmas\u0131n\u0131 yasaklamaktad\u0131r. Baz\u0131 h\u00fck\u00fcmet binalar\u0131n\u0131n foto\u011fraflanmas\u0131 yasal cezalara yol a\u00e7maktad\u0131r. Uyu\u015fturucu su\u00e7lar\u0131 a\u011f\u0131r cezalar gerektirir. B\u00fcy\u00fckel\u00e7ilikler acil durumlarda veya pasaport konular\u0131nda yard\u0131m sa\u011flar.<\/p>\n<p>\u00dc\u00e7 UNESCO alan\u0131 \u00fclkenin miras\u0131na tan\u0131kl\u0131k ediyor: Sarazm&#039;\u0131n arkeolojik manzaras\u0131, Panjakent&#039;in antik \u015fehri ve Tacik Milli Park\u0131&#039;n\u0131n da\u011fl\u0131k alan\u0131. Bu alanlar, y\u00fckselen zirvelerin fonunda y\u00fczy\u0131llard\u0131r s\u00fcren insan \u00e7abas\u0131na dair elle tutulur ba\u011flant\u0131lar sunuyor.<\/p>\n<p>Tacikistan&#039;\u0131n zirveleri, vadileri ve k\u00fclt\u00fcrel miraslar\u0131 y\u00fczeysel tasvirlere direnir. Halk\u0131 y\u00fczy\u0131llarca s\u00fcren imparatorluk ve bozk\u0131rlar\u0131n izlerini ta\u015f\u0131r. Ta\u015f an\u0131tlar kaybolmu\u015f hanedanlar\u0131n an\u0131lar\u0131 olarak dururken, sulama kanallar\u0131 su kadar kesin bir \u015fekilde haf\u0131zay\u0131 ta\u015f\u0131r. \u00dclkenin k\u0131vr\u0131ml\u0131 yollar\u0131n\u0131 kat edenler i\u00e7in \u00fclke, \u015feklini yaln\u0131zca g\u00f6rkemli manzaralarda de\u011fil, g\u00fcnl\u00fck ya\u015fam\u0131n sessiz ritimlerinde de ortaya koyar: bir \u00e7ay evinin etraf\u0131nda toplanan ya\u015fl\u0131lar, pazarl\u0131k sesleriyle canl\u0131 pazarlar ve \u00fclkenin karakterini tan\u0131mlayan yaylalarda bahar\u0131n istikrarl\u0131 nabz\u0131.<\/p>","protected":false},"excerpt":{"rendered":"<p>Resmen Tacikistan Cumhuriyeti olarak bilinen Tacikistan, Orta Asya&#039;n\u0131n kalbinde yer alan denize k\u0131y\u0131s\u0131 olmayan bir \u00fclkedir. Yakla\u015f\u0131k on milyonluk bir n\u00fcfusa sahip olan bu \u00fclke, \u00e7e\u015fitli do\u011fal g\u00fczellik, miras ve k\u00fclt\u00fcr yelpazesine sahiptir. \u00dclkenin ba\u015fkenti ve en kalabal\u0131k \u015fehri olan Du\u015fanbe, hem politik hem de ekonomik merkezdir. Stratejik bir konuma sahip olan Tacikistan, g\u00fcneyde Afganistan, bat\u0131da \u00d6zbekistan, kuzeyde K\u0131rg\u0131zistan ve do\u011fuda \u00c7in ile s\u0131n\u0131r payla\u015fmaktad\u0131r ve birka\u00e7 kom\u015fu \u00fclkeyle kesi\u015fmektedir. \u0130lgin\u00e7 bir \u015fekilde, Afganistan&#039;\u0131n s\u0131n\u0131rl\u0131 Wakhan Koridoru onu Pakistan&#039;dan ay\u0131r\u0131r ve b\u00f6lgedeki benzersiz konumlar\u0131n\u0131 a\u00e7\u0131klamaya yard\u0131mc\u0131 olan co\u011frafi bir tuhafl\u0131kt\u0131r.<\/p>","protected":false},"author":1,"featured_media":4607,"parent":24063,"menu_order":0,"comment_status":"closed","ping_status":"closed","template":"elementor_theme","meta":{"_eb_attr":"","footnotes":""},"class_list":["post-15662","page","type-page","status-publish","has-post-thumbnail"],"_links":{"self":[{"href":"https:\/\/travelshelper.com\/tr\/wp-json\/wp\/v2\/pages\/15662","targetHints":{"allow":["GET"]}}],"collection":[{"href":"https:\/\/travelshelper.com\/tr\/wp-json\/wp\/v2\/pages"}],"about":[{"href":"https:\/\/travelshelper.com\/tr\/wp-json\/wp\/v2\/types\/page"}],"author":[{"embeddable":true,"href":"https:\/\/travelshelper.com\/tr\/wp-json\/wp\/v2\/users\/1"}],"replies":[{"embeddable":true,"href":"https:\/\/travelshelper.com\/tr\/wp-json\/wp\/v2\/comments?post=15662"}],"version-history":[{"count":0,"href":"https:\/\/travelshelper.com\/tr\/wp-json\/wp\/v2\/pages\/15662\/revisions"}],"up":[{"embeddable":true,"href":"https:\/\/travelshelper.com\/tr\/wp-json\/wp\/v2\/pages\/24063"}],"wp:featuredmedia":[{"embeddable":true,"href":"https:\/\/travelshelper.com\/tr\/wp-json\/wp\/v2\/media\/4607"}],"wp:attachment":[{"href":"https:\/\/travelshelper.com\/tr\/wp-json\/wp\/v2\/media?parent=15662"}],"curies":[{"name":"wp","href":"https:\/\/api.w.org\/{rel}","templated":true}]}}