{"id":15647,"date":"2024-09-21T16:59:50","date_gmt":"2024-09-21T16:59:50","guid":{"rendered":"https:\/\/travelshelper.com\/staging\/?page_id=15647"},"modified":"2026-03-11T20:55:22","modified_gmt":"2026-03-11T20:55:22","slug":"tayvan","status":"publish","type":"page","link":"https:\/\/travelshelper.com\/tr\/destinations\/asia\/taiwan\/","title":{"rendered":"Tayvan"},"content":{"rendered":"<p>Tayvan, Do\u011fu ve G\u00fcney \u00c7in Denizleri aras\u0131nda dar bir yay\u0131 i\u015fgal eder, burada be\u015f s\u0131rada\u011f do\u011fu \u00fc\u00e7te ikisine hakimdir ve bir dizi ova bat\u0131 \u00fc\u00e7te biri boyunca uzan\u0131r. Adan\u0131n kendisi 35.808 kilometrekarelik bir alan\u0131 kaplar ve \u00c7in Cumhuriyeti&#039;nin yarg\u0131 yetkisi alt\u0131ndaki toplam 168 adada 36.193 kilometrekarelik bir alan\u0131 kaplar. Taipei, Yeni Taipei \u015eehri ve Keelung, yakla\u015f\u0131k 24 milyon insana ev sahipli\u011fi yapan en b\u00fcy\u00fck yerle\u015fim b\u00f6lgesini olu\u015fturur ve Tayvan&#039;\u0131 gezegendeki en yo\u011fun n\u00fcfuslu b\u00f6lgeler aras\u0131na sokar.<\/p>\n<p>Tayvan&#039;daki insan varl\u0131\u011f\u0131 en az 25.000 y\u0131l \u00f6ncesine dayan\u0131r. Yakla\u015f\u0131k 6.000 y\u0131l \u00f6nce, Avustronezyal\u0131 yerle\u015fimciler geldi ve g\u00fcn\u00fcm\u00fcz\u00fcn yerli topluluklar\u0131n\u0131n atalar\u0131n\u0131 kurdular. On yedinci y\u00fczy\u0131l\u0131n ba\u015flar\u0131nda, Hollandal\u0131 s\u00f6m\u00fcrge yetkilileri, adadaki ilk Han liderli\u011findeki siyasi yap\u0131 olan Tungning Krall\u0131\u011f\u0131 alt\u0131nda devam eden bir hareket olan ilk b\u00fcy\u00fck Han g\u00f6\u00e7men ak\u0131n\u0131na nezaret etti. Qing kuvvetleri 1683&#039;te Tayvan&#039;\u0131 ilhak etti ve ancak 1895&#039;te Japonya&#039;ya b\u0131rakt\u0131. Japonya&#039;n\u0131n 1945&#039;teki teslimiyetinden sonra \u00c7in Cumhuriyeti kontrol\u00fc ele ald\u0131; Kom\u00fcnist g\u00fc\u00e7lerle ya\u015fanan i\u00e7 \u00e7at\u0131\u015fma, ROC h\u00fck\u00fcmetinin 1949&#039;da Tayvan&#039;a ta\u015f\u0131nmas\u0131na ve bundan b\u00f6yle fiili y\u00f6netiminin Tayvan, Penghu, Kinmen, Matsu ve bir avu\u00e7 G\u00fcney \u00c7in Denizi adac\u0131\u011f\u0131yla s\u0131n\u0131rl\u0131 kalmas\u0131na yol a\u00e7t\u0131.<\/p>\n<p>1960&#039;lar ve 1980&#039;ler aras\u0131nda Tayvan ekonomisi h\u0131zla ilerledi, bu ge\u00e7i\u015f s\u0131kl\u0131kla Tayvan Mucizesi olarak adland\u0131r\u0131l\u0131r. Sanayile\u015fme, \u00e7elik, makine, elektronik ve kimyasallara odaklanan ihracata y\u00f6nelik bir modeli izledi. K\u00fc\u00e7\u00fck ve orta \u00f6l\u00e7ekli i\u015fletmeler, kom\u015fu ekonomilerin b\u00fcy\u00fck konglomeratlar\u0131ndan farkl\u0131 olarak \u00fcretimin omurgas\u0131n\u0131 olu\u015fturdu. Ekim 2022&#039;ye kadar Tayvan, nominal GSY\u0130H&#039;de yirmi birinci ve sat\u0131n alma g\u00fcc\u00fc paritesine g\u00f6re yirminci s\u0131rada yer ald\u0131 ve toplam ticaret 907 milyar ABD dolar\u0131na ula\u015ft\u0131: ihracat 479,5 milyar ABD dolar\u0131 ve ithalat 427,6 milyar ABD dolar\u0131yd\u0131. \u00c7in, Amerika Birle\u015fik Devletleri ve Japonya birlikte bu de\u011fi\u015fimin y\u00fczde k\u0131rk\u0131ndan fazlas\u0131n\u0131 olu\u015fturdu. Y\u00fcksek teknoloji parklar\u0131 ve sermaye yo\u011fun end\u00fcstrilere do\u011fru bir kayma, s\u00fcrd\u00fcr\u00fclebilir b\u00fcy\u00fcmeyi destekledi.<\/p>\n<p>Jeolojik olarak Tayvan e\u011fimli bir fay blo\u011fudur. Do\u011fusundaki be\u015f s\u0131rada\u011f 3.500 metrenin \u00fczerinde zirvelere sahiptir; en y\u00fckse\u011fi olan Yu Shan 3.952 metreye kadar y\u00fckselir ve Tayvan&#039;\u0131 do\u011fu Asya&#039;n\u0131n d\u00f6rd\u00fcnc\u00fc en y\u00fcksek adas\u0131 yapar. Aktif tektonik ve denizalt\u0131 volkanizmas\u0131 s\u0131k s\u0131k depremlere neden olur. D\u00f6rt karasal ekob\u00f6lge - subtropikal herdem ye\u015fil ormanlar, muson ya\u011fmur ormanlar\u0131, G\u00fcney \u00c7in Denizi adalar\u0131 ve g\u00fcney muson ormanlar\u0131 - \u00e7e\u015fitli flora ve faunay\u0131 destekler. Orman \u00f6rt\u00fcs\u00fc b\u00fct\u00fcnl\u00fc\u011f\u00fc 2019&#039;da 10 \u00fczerinden 6,38 puan alarak Tayvan&#039;\u0131 172 \u00fclke aras\u0131nda yetmi\u015f alt\u0131nc\u0131 s\u0131raya yerle\u015ftirdi.<\/p>\n<p>\u0130klimsel olarak Tayvan, Yenge\u00e7 D\u00f6nencesi&#039;nde yer al\u0131r. Ya\u011f\u0131\u015f ortalamas\u0131 y\u0131ll\u0131k 2.600 milimetredir ve Do\u011fu Asya musonu nedeniyle May\u0131s&#039;tan Eyl\u00fcl&#039;e kadar yo\u011fun sa\u011fanak ya\u011f\u0131\u015flar g\u00f6r\u00fcl\u00fcr. S\u0131cak ve nemli hava, tayfunlar\u0131n en s\u0131k g\u00f6r\u00fcld\u00fc\u011f\u00fc Haziran&#039;dan Eyl\u00fcl&#039;e kadar devam eder. Kas\u0131m&#039;dan Mart&#039;a kadar olan k\u0131\u015flar kuzeydo\u011fuya s\u00fcrekli ya\u011fmur getirirken, orta ve g\u00fcney b\u00f6lgeleri nispeten kuru ve g\u00fcne\u015fli kal\u0131r. Ortalama s\u0131cakl\u0131klar son y\u00fczy\u0131lda 1,4 \u00b0C artt\u0131 - k\u00fcresel ortalama art\u0131\u015f\u0131n iki kat\u0131 - bu da h\u00fck\u00fcmetin 2030&#039;a kadar emisyonlar\u0131 ve 2050&#039;ye kadar 2005 seviyelerine g\u00f6re oran\u0131nda azaltma hedeflerini te\u015fvik etti.<\/p>\n<p>Adan\u0131n siyasi stat\u00fcs\u00fc hen\u00fcz \u00e7\u00f6z\u00fclmedi. Tayvan, 1971&#039;de Birle\u015fmi\u015f Milletler koltu\u011funu kaybetti, \u00e7\u00fcnk\u00fc \u00fcyeler \u00c7in Halk Cumhuriyeti&#039;ni tan\u0131d\u0131; \u00c7HC h\u00fck\u00fcmeti 1949&#039;daki t\u00fcm \u00c7in&#039;i temsil etme iddias\u0131ndan 1991&#039;de vazge\u00e7ti. Pekin, Tayvan&#039;\u0131n kendi topraklar\u0131n\u0131n bir par\u00e7as\u0131 oldu\u011funu savunuyor ve Taipei ile resmi ba\u011flar\u0131 s\u00fcrd\u00fcren devletlere diplomatik tan\u0131may\u0131 reddediyor. \u00c7HC bug\u00fcn on bir BM \u00fcyesi ve Vatikan ile resmi ili\u015fkilerini s\u00fcrd\u00fcr\u00fcyor, di\u011ferleri ise \u00e7e\u015fitli isimler alt\u0131nda fiili el\u00e7iliklere ev sahipli\u011fi yap\u0131yor. \u0130\u00e7 siyaset iki koalisyon etraf\u0131nda d\u00f6n\u00fcyor: Pan-Mavi partiler \u00c7HC alt\u0131nda nihai birle\u015fmeyi savunurken, Pan-Ye\u015fil gruplar resmi ba\u011f\u0131ms\u0131zl\u0131\u011f\u0131 destekliyor. Her iki taraf da daha geni\u015f bir kitleye hitap etmek i\u00e7in \u0131l\u0131ml\u0131 pozisyonlara sahip.<\/p>\n<p>Ula\u015f\u0131m a\u011flar\u0131 insanlar\u0131n topland\u0131\u011f\u0131 yerlerde yo\u011funla\u015f\u0131r. Mart 2019 itibar\u0131yla 13,86 milyon scooter, arabalar\u0131n iki kat\u0131 kadar sakini ta\u015f\u0131d\u0131. Otoyollar, esas olarak k\u0131y\u0131lar boyunca 1.619 kilometre boyunca uzan\u0131r. Tayvan Demiryollar\u0131 \u0130daresi dairesel bir sistem i\u015fletmektedir; Tayvan Y\u00fcksek H\u0131zl\u0131 Treni bat\u0131 \u015fehirlerini birbirine ba\u011flar. Kentsel metrolar Taipei, Yeni Taipei, Kaohsiung, Taoyuan ve Taichung&#039;a hizmet eder. Taoyuan, Kaohsiung, Songshan ve Taichung&#039;daki havaalanlar\u0131 sivil trafi\u011fi y\u00f6netir. China Airlines ve EVA Air liderli\u011findeki yedi i\u00e7 hat havayolu faaliyet g\u00f6stermektedir. Kaohsiung&#039;un 2021&#039;de \u00fclkenin 750 milyon tonluk i\u015f hacminin ,6&#039;s\u0131n\u0131 i\u015fletti\u011fi yedi liman deniz ticaretini desteklemektedir.<\/p>\n<p>Tayvan&#039;\u0131n n\u00fcfusu 2022&#039;de yakla\u015f\u0131k 23,4 milyona ula\u015facak ve n\u00fcfusun &#039;i Han \u00c7inlileri, %2,4&#039;\u00fc yerli Avustronezyal\u0131lar ve %2,6&#039;s\u0131 \u00c7in ve G\u00fcneydo\u011fu Asya&#039;dan gelen daha yeni g\u00f6\u00e7menlerden olu\u015fuyor. Hanlar aras\u0131nda Hoklo k\u00f6keni yakla\u015f\u0131k , Hakka ve 1949 sonras\u0131 g\u00f6\u00e7menlerle ba\u011flant\u0131l\u0131 olan &#034;waishengren&#034;leri temsil ediyor. Genetik analizler, g\u00f6\u00e7ten \u00f6nce Avustronezyal\u0131 gruplar aras\u0131nda kar\u0131\u015fan g\u00fcney \u00c7in k\u00f6kenlerini g\u00f6steriyor. Ami, Atayal, Bunun, Kanakanavu, Kavalan, Paiwan, Puyuma, Rukai, Saisiyat, Saaroa, Sakizaya, Sediq, Thao, Truku, Tsou ve Yami adl\u0131 on alt\u0131 yerli topluluk do\u011fu yaylalar\u0131nda ve Orkide Adas\u0131&#039;nda ya\u015f\u0131yor. Dilleri Avustronezyal\u0131 ailelere ait ve Latin alfabesi kullan\u0131yor; kullan\u0131m\u0131 k\u00fclt\u00fcrel canlanma \u00e7abalar\u0131 d\u0131\u015f\u0131nda azalm\u0131\u015ft\u0131r.<\/p>\n<p>Mandarin, yasal olarak belirlenmi\u015f resmi bir dil olmadan i\u015f ve e\u011fitime hakimdir. Geleneksel \u00c7ince karakterler standart yaz\u0131 sistemi olmaya devam etmektedir. N\u00fcfusun &#039;i taraf\u0131ndan konu\u015fulan Tayvan Hokkien&#039;i ve -18&#039;i taraf\u0131ndan konu\u015fulan Hakka, 1990&#039;lardan beri kamusal ya\u015famda yeniden ortaya \u00e7\u0131km\u0131\u015ft\u0131r. Bir\u00e7ok karar hala klasik bi\u00e7imleri kulland\u0131\u011f\u0131 i\u00e7in, bir hareket yarg\u0131 metinlerini yerel \u00c7ince&#039;ye basitle\u015ftirmeyi ama\u00e7lamaktad\u0131r. Klasik \u00c7ince, ulusal mar\u015f da dahil olmak \u00fczere resmi t\u00f6rensel ba\u011flamlarda varl\u0131\u011f\u0131n\u0131 s\u00fcrd\u00fcrmektedir.<\/p>\n<p>Dini \u00f6zg\u00fcrl\u00fck anayasada g\u00fcvence alt\u0131na al\u0131nm\u0131\u015ft\u0131r. 2020 y\u0131l\u0131nda halk dinleri taraftarlar\u0131n ,8&#039;ini, Budizm ,2&#039;sini, Taoist uygulamalar ,5&#039;ini, ba\u011f\u0131ms\u0131z ,7&#039;sini, Hristiyanl\u0131k %5,8&#039;ini ve \u0130slam %1&#039;ini olu\u015fturuyordu. Her 1.572 ki\u015fiye bir dini yap\u0131 d\u00fc\u015fmektedir ve bunlar\u0131n aras\u0131nda 2.317 Budist tap\u0131na\u011f\u0131, 9.684 Taoist tap\u0131na\u011f\u0131 ve 2.845 kilise bulunmaktad\u0131r. Yerli Hristiyanlar \u00f6nemli bir az\u0131nl\u0131k olu\u015fturmaktad\u0131r. Y\u00fcksek dini \u00f6zg\u00fcrl\u00fck puanlar\u0131 Tayvan&#039;\u0131 Asya-Pasifik&#039;teki birka\u00e7 &#034;a\u00e7\u0131k&#034; toplumdan biri yapm\u0131\u015ft\u0131r.<\/p>\n<p>Han \u00c7inli gelenekleri, yerli adetler, Japon s\u00f6m\u00fcrge miraslar\u0131 ve Bat\u0131 fikirlerinin bir f\u00fczyonu Tayvan k\u00fclt\u00fcr\u00fcn\u00fc \u015fekillendirir. S\u0131k\u0131y\u00f6netim s\u0131ras\u0131nda, Kuomintang yetkilileri geleneksel sanatlar\u0131 ve dili korumak i\u00e7in bir &#034;\u00c7in K\u00fclt\u00fcr R\u00f6nesans\u0131&#034; te\u015fvik etti. 1987&#039;den sonra k\u0131s\u0131tlamalar hafifletildi ve edebiyat, medya ve akademinin geli\u015fmesi sa\u011fland\u0131. 2022&#039;de Tayvan, Demokrasi Endeksi&#039;nde Asya-Pasifik&#039;te ikinci s\u0131rada yer ald\u0131; medeni haklar ve ifade \u00f6zg\u00fcrl\u00fc\u011f\u00fc canl\u0131 bir k\u00fclt\u00fcrel sahneyi destekliyor. Son zamanlarda Hong Kong&#039;dan gelen g\u00f6\u00e7men dalgalar\u0131 s\u00f6ylemi zenginle\u015ftirdi ve 2019&#039;dan 2022&#039;ye kadar y\u0131lda ortalama yakla\u015f\u0131k 9.000 var\u0131\u015f oldu.<\/p>\n<p>\u0130dari olarak Tayvan, Kuzey, Orta, Do\u011fu, G\u00fcney b\u00f6lgeleri ve d\u0131\u015f adalar olarak ayr\u0131l\u0131r. Taipei taraf\u0131ndan demirlenen Kuzey Tayvan, politik ve teknolojik merkez olarak hizmet eder. Merkezi b\u00f6lgeler, da\u011flar\u0131, g\u00f6lleri ve parklar\u0131yla bilinen Changhua, Miaoli, Nantou ve Taichung&#039;u kapsar. Yilan, Hualien ve Taitung&#039;un do\u011fu il\u00e7eleri, yerli miras\u0131n ve do\u011fal manzaralar\u0131n bulundu\u011fu merkezi omurgan\u0131n \u00f6tesinde yer al\u0131r. G\u00fcney b\u00f6lgeleri -Chiayi, Kaohsiung, Pingtung ve Tainan- tropikal k\u0131y\u0131lara ve tarihi mimariye sahiptir. D\u0131\u015f adalar -Kinmen, Matsu, Penghu, Green ve Orchid- yerel inzivalar sunar.<\/p>\n<p>\u015eehir merkezleri, Taipei 101 ve Ulusal Saray M\u00fczesi gibi simge yap\u0131lara sahip k\u00fcresel bir metropol olan Taipei&#039;den, dar sokaklar\u0131 ve denize bakan manzaralar\u0131yla \u00fcnl\u00fc eski bir maden k\u00f6y\u00fc olan Jiufen&#039;e kadar uzan\u0131r. Tainan, tap\u0131naklar\u0131 ve Anping A\u011fa\u00e7 Evi gibi s\u00f6m\u00fcrge kal\u0131nt\u0131lar\u0131yla Tayvan&#039;\u0131n en eski \u015fehri olma stat\u00fcs\u00fcn\u00fc korur. \u00dc\u00e7\u00fcnc\u00fc b\u00fcy\u00fck \u015fehir olan Kaohsiung, en yo\u011fun limanlardan birine ve modern bir sahil \u015feridine ev sahipli\u011fi yapar. Taichung, f\u0131r\u0131nlar\u0131 ve k\u00fclt\u00fcr parklar\u0131yla ziyaret\u00e7ileri \u00e7eker; Hualien ve Taitung, Taroko Ge\u00e7idi&#039;ne ve k\u0131y\u0131 kayal\u0131klar\u0131na eri\u015fim sa\u011flar.<\/p>\n<p>A\u00e7\u0131k hava etkinlikleri adan\u0131n her yerinde ilgi \u00e7ekicidir. Beitou, Wulai ve Yangmingshan&#039;daki kapl\u0131calar volkanik bir miras\u0131 yans\u0131t\u0131r; halka a\u00e7\u0131k banyolar giri\u015ften \u00f6nce iyice temizlenmeyi gerektirir ve genellikle cinsiyete g\u00f6re ayr\u0131l\u0131r, ancak baz\u0131lar\u0131 \u00f6zel, tak\u0131m elbise gerektiren havuzlar sunar. Da\u011f patikalar\u0131, hafif Taipei \u015eehri rotalar\u0131ndan Yushan ve Wuling Sixiu&#039;nun izin ve konaklama piyangolar\u0131n\u0131n ge\u00e7erli oldu\u011fu \u00e7ok g\u00fcnl\u00fck y\u00fcr\u00fcy\u00fc\u015flerine kadar uzan\u0131r. Tayland karidesleriyle dolu ve yerinde pi\u015firmeyle birle\u015ftirilen kapal\u0131 havuzlarda karides avc\u0131l\u0131\u011f\u0131, hem yerel halk hem de ziyaret\u00e7iler aras\u0131nda pop\u00fcler hale geldi.<\/p>\n<p>Yeni Tayvan dolar\u0131 (NT$) 100 sente (\u5206) b\u00f6l\u00fcn\u00fcr; argoda, yuan ve ku\u00e0i birimi belirtirken, f\u0113n, ji\u01ceo ve m\u00e1o kesirli miktarlar\u0131 belirtir. Ya\u015fam maliyetleri Japonya ve G\u00fcney Kore&#039;nin alt\u0131nda kal\u0131r ancak bir\u00e7ok G\u00fcneydo\u011fu Asya destinasyonunu a\u015far. Minimum g\u00fcnl\u00fck b\u00fct\u00e7e NT$1 000&#039;den ba\u015flayabilir; sokak yemekleri NT$50 veya daha az, fast-food yakla\u015f\u0131k NT$150 ve l\u00fcks yemek NT$1 000&#039;in \u00fczerindedir. L\u00fcks oteller odalar\u0131n\u0131 NT$5 000 veya daha fazlas\u0131na listeleyebilir. Taksiler, iste\u011fe ba\u011fl\u0131 pazarl\u0131kla taksimetreli veya sabit \u00fccretlerle \u00e7al\u0131\u015f\u0131r; bah\u015fi\u015f, bellboy bah\u015fi\u015fleri d\u0131\u015f\u0131nda nadirdir.<\/p>\n<p>Gelenek ve g\u00f6rg\u00fc kurallar\u0131, Konf\u00fc\u00e7y\u00fcs&#039;\u00fcn sayg\u0131 ve uyum prensiplerini yans\u0131t\u0131r. Kartvizitler iki elle ve hafif\u00e7e e\u011filerek de\u011fi\u015ftirilir. Dilsel veya sembolik \u00e7a\u011fr\u0131\u015f\u0131mlar nedeniyle tabu hediyeler aras\u0131nda saatler, ayakkab\u0131lar, b\u0131\u00e7aklar ve \u015femsiyeler bulunur. Evlere girmeden \u00f6nce ayakkab\u0131lar \u00e7\u0131kar\u0131lmal\u0131 ve terlikler sa\u011flanmal\u0131d\u0131r. Arkada\u015flar aras\u0131nda isimsiz hediye vermek, bo\u015f zamanlarda kar\u015f\u0131l\u0131kl\u0131l\u0131k davet eder. Toplu ta\u015f\u0131ma, ya\u015fl\u0131, engelli ve hamile yolcular i\u00e7in \u00f6ncelikli koltuklar ay\u0131r\u0131r. Tap\u0131naklarda ziyaret\u00e7iler tanr\u0131lara e\u011filmeli, e\u015fiklere basmaktan ka\u00e7\u0131nmal\u0131 ve tek parmakla i\u015faret etmekten ka\u00e7\u0131nmal\u0131d\u0131r.<\/p>\n<p>Tayvan&#039;\u0131n kimli\u011fi d\u0131\u015f bask\u0131lar ve i\u00e7 tart\u0131\u015fmalar aras\u0131nda evrimle\u015fmeye devam ediyor. Baz\u0131lar\u0131 tekil bir \u00c7in miras\u0131na vurgu yap\u0131yor; di\u011ferleri yerli, anakaral\u0131 ve g\u00f6\u00e7men anlat\u0131lar\u0131n\u0131 i\u00e7eren belirgin bir Tayvan milliyet\u00e7ili\u011fi veya \u00e7ok k\u00fclt\u00fcrl\u00fc bak\u0131\u015f a\u00e7\u0131s\u0131 benimsiyor. Bu dinamik, anakaradan bir as\u0131rdan fazla bir s\u00fcre ayr\u0131 kalmay\u0131 ve toplumunu, k\u00fclt\u00fcr\u00fcn\u00fc ve uluslararas\u0131 varl\u0131\u011f\u0131n\u0131 \u015fekillendiren demokratik \u00f6zg\u00fcrl\u00fcklere olan ba\u011fl\u0131l\u0131\u011f\u0131 yans\u0131t\u0131yor.<\/p>","protected":false},"excerpt":{"rendered":"<p>Tayvan, yakla\u015f\u0131k 23,9 milyonluk n\u00fcfusuyla Do\u011fu Asya&#039;da bir ada \u00fclkesidir ve bu da onu D\u00fcnya&#039;n\u0131n en yo\u011fun n\u00fcfuslu \u00fclkelerinden biri yapar. Do\u011fu ve G\u00fcney \u00c7in Denizleri aras\u0131nda, Tayvan&#039;\u0131n kuzeybat\u0131 Pasifik Okyanusu&#039;ndaki stratejik konumu, karma\u015f\u0131k tarihini ve jeopolitik \u00f6nemini b\u00fcy\u00fck \u00f6l\u00e7\u00fcde \u015fekillendirmi\u015ftir.<\/p>","protected":false},"author":1,"featured_media":3752,"parent":24063,"menu_order":0,"comment_status":"closed","ping_status":"closed","template":"elementor_theme","meta":{"_eb_attr":"","footnotes":""},"class_list":["post-15647","page","type-page","status-publish","has-post-thumbnail"],"_links":{"self":[{"href":"https:\/\/travelshelper.com\/tr\/wp-json\/wp\/v2\/pages\/15647","targetHints":{"allow":["GET"]}}],"collection":[{"href":"https:\/\/travelshelper.com\/tr\/wp-json\/wp\/v2\/pages"}],"about":[{"href":"https:\/\/travelshelper.com\/tr\/wp-json\/wp\/v2\/types\/page"}],"author":[{"embeddable":true,"href":"https:\/\/travelshelper.com\/tr\/wp-json\/wp\/v2\/users\/1"}],"replies":[{"embeddable":true,"href":"https:\/\/travelshelper.com\/tr\/wp-json\/wp\/v2\/comments?post=15647"}],"version-history":[{"count":0,"href":"https:\/\/travelshelper.com\/tr\/wp-json\/wp\/v2\/pages\/15647\/revisions"}],"up":[{"embeddable":true,"href":"https:\/\/travelshelper.com\/tr\/wp-json\/wp\/v2\/pages\/24063"}],"wp:featuredmedia":[{"embeddable":true,"href":"https:\/\/travelshelper.com\/tr\/wp-json\/wp\/v2\/media\/3752"}],"wp:attachment":[{"href":"https:\/\/travelshelper.com\/tr\/wp-json\/wp\/v2\/media?parent=15647"}],"curies":[{"name":"wp","href":"https:\/\/api.w.org\/{rel}","templated":true}]}}