{"id":15631,"date":"2024-09-21T16:31:07","date_gmt":"2024-09-21T16:31:07","guid":{"rendered":"https:\/\/travelshelper.com\/staging\/?page_id=15631"},"modified":"2026-03-11T20:51:25","modified_gmt":"2026-03-11T20:51:25","slug":"suriye","status":"publish","type":"page","link":"https:\/\/travelshelper.com\/tr\/destinations\/asia\/syria\/","title":{"rendered":"Suriye"},"content":{"rendered":"<p>Resmen Suriye Arap Cumhuriyeti olan Suriye, Akdeniz&#039;in do\u011fu k\u0131y\u0131s\u0131nda merkezi bir konuma sahiptir. 185 180 kilometrekarelik kara k\u00fctlesi yakla\u015f\u0131k 25 milyon n\u00fcfusa ev sahipli\u011fi yaparak hem elli yedinci en kalabal\u0131k hem de seksen yedinci en b\u00fcy\u00fck \u00fclkedir. K\u0131y\u0131 ovalar\u0131ndan do\u011fu \u00e7\u00f6l\u00fcne kadar Suriye&#039;nin s\u0131n\u0131rlar\u0131 kuzeyde T\u00fcrkiye, do\u011fuda ve g\u00fcneydo\u011fuda Irak, g\u00fcneyde \u00dcrd\u00fcn ve g\u00fcneybat\u0131da L\u00fcbnan ve \u0130srail&#039;e uzan\u0131r. Uzun s\u00fcreli ola\u011fan\u00fcst\u00fc hal y\u00f6netimi alt\u0131nda tek bir parti taraf\u0131ndan y\u00f6netilen (en az\u0131ndan son \u00e7alkant\u0131lara kadar) \u00fclke idari olarak on d\u00f6rt valili\u011fe b\u00f6l\u00fcnm\u00fc\u015ft\u00fcr ve \u015eam ba\u015fkent ve ba\u015fl\u0131ca kentsel merkez olarak hizmet vermektedir.<\/p>\n<p>Modern cumhuriyet ortaya \u00e7\u0131kmadan \u00e7ok \u00f6nce, &#034;Suriye&#034; ard\u0131\u015f\u0131k imparatorluklar\u0131 kapsayan daha b\u00fcy\u00fck bir b\u00f6lgeyi ifade ediyordu. Ebla&#039;daki arkeolojik kal\u0131nt\u0131lar M\u00d6 \u00fc\u00e7\u00fcnc\u00fc biny\u0131la tarihleniyor ve Ugarit ve Mari&#039;deki daha sonraki kentsel kompleksler erken ticaret a\u011flar\u0131na tan\u0131kl\u0131k ediyor. MS yedinci y\u00fczy\u0131lda \u015eam, Emevi Halifeli\u011fi&#039;nin saray\u0131na ev sahipli\u011fi yaparak \u015fehri erken bir \u0130slam y\u00f6netimi merkezi olarak i\u015faretledi. Meml\u00fck Sultanl\u0131\u011f\u0131 d\u00f6neminde b\u00f6lgesel bir merkez olarak hizmet etti; daha sonra d\u00f6rt y\u00fczy\u0131ldan fazla bir s\u00fcre Osmanl\u0131lar\u0131n eline ge\u00e7ti.<\/p>\n<p>Birinci D\u00fcnya Sava\u015f\u0131&#039;n\u0131n ard\u0131ndan Milletler Cemiyeti Suriye&#039;yi Frans\u0131z mandas\u0131 alt\u0131na ald\u0131. Frans\u0131z y\u00f6netimi bir zamanlar Osmanl\u0131lar\u0131n elinde olan eyaletleri tek bir siyasi varl\u0131kta birle\u015ftirdi. Milliyet\u00e7i ajitasyon sava\u015flar aras\u0131 y\u0131llarda b\u00fcy\u00fcd\u00fc. Nisan 1945&#039;te Birinci Suriye Cumhuriyeti Birle\u015fmi\u015f Milletler&#039;e kat\u0131ld\u0131 ve bu da manday\u0131 hukuken sonland\u0131rd\u0131. Frans\u0131z kuvvetleri Nisan 1946&#039;da \u00e7ekilmelerini tamamlad\u0131 ve Suriye tam de facto ba\u011f\u0131ms\u0131zl\u0131\u011f\u0131n\u0131 elde etti.<\/p>\n<p>Erken cumhuriyet siyasi istikrars\u0131zl\u0131kla m\u00fccadele etti. 1949 ve 1971 y\u0131llar\u0131 aras\u0131nda askeri darbeler h\u00fck\u00fcmeti en az alt\u0131 kez yeniden \u015fekillendirdi. 1958&#039;de Suriye ve M\u0131s\u0131r Birle\u015fik Arap Cumhuriyeti&#039;ni kurdu; birlik 1961 darbesinden sonra da\u011f\u0131ld\u0131. Mart 1963&#039;te Arap Sosyalist Baas Partisi&#039;nin bir fraksiyonu iktidar\u0131 ele ge\u00e7irdi ve s\u0131k\u0131y\u00f6netim alt\u0131nda y\u00f6netti. \u0130\u00e7 b\u00f6l\u00fcnmeler, \u00f6zellikle \u015eubat 1966 ve Kas\u0131m 1970&#039;te daha fazla darbeye yol a\u00e7t\u0131; ikincisi Haf\u0131z Esad&#039;\u0131 ba\u015fkanl\u0131\u011fa getirdi. Esad, otuz y\u0131l boyunca \u00f6nemli askeri ve h\u00fck\u00fcmet rollerinin Alevi toplulu\u011funun \u00fcyelerine gitti\u011fi bir sistemi yerle\u015ftirdi. Haziran 2000&#039;deki \u00f6l\u00fcm\u00fcn\u00fcn ard\u0131ndan o\u011flu Be\u015f\u015far Esad onun yerine ge\u00e7ti.<\/p>\n<p>2011&#039;in ba\u015flar\u0131nda Arap Bahar\u0131 i\u00e7indeki pop\u00fcler protestolar Suriye&#039;ye yay\u0131ld\u0131. H\u00fck\u00fcmetin tepkisi, b\u00f6lgesel ve k\u00fcresel g\u00fc\u00e7leri i\u00e7ine \u00e7eken \u00e7ok tarafl\u0131 bir \u00e7at\u0131\u015fmay\u0131 tetikledi. 2015&#039;in ortalar\u0131na gelindi\u011finde, I\u015e\u0130D grubu Suriye&#039;nin orta ve do\u011fu kesimlerinde geni\u015f alanlar ele ge\u00e7irmi\u015f ve bir\u00e7ok devletin do\u011frudan m\u00fcdahalesine yol a\u00e7m\u0131\u015ft\u0131. 2017&#039;nin sonlar\u0131na do\u011fru, I\u015e\u0130D&#039;in elindeki topraklar, K\u00fcrt liderli\u011findeki g\u00fc\u00e7lerin, Suriye h\u00fck\u00fcmet birliklerinin ve m\u00fcttefik milislerin ve \u00e7e\u015fitli yabanc\u0131 ordular\u0131n bask\u0131s\u0131 alt\u0131nda b\u00fcy\u00fck \u00f6l\u00e7\u00fcde \u00e7\u00f6km\u00fc\u015ft\u00fc. Aralar\u0131nda kuzeydo\u011fuda yar\u0131 \u00f6zerk bir y\u00f6netimin de bulundu\u011fu yeni siyasi olu\u015fumlar ortaya \u00e7\u0131kt\u0131. 2024&#039;\u00fcn sonlar\u0131nda, muhalif gruplar k\u0131sa s\u00fcreli\u011fine \u015eam&#039;a girerek mevcut rejimi devirdi. 2025&#039;in ba\u015flar\u0131nda, Suriye&#039;nin altyap\u0131s\u0131n\u0131n \u00e7o\u011fu harabe halinde ve uluslararas\u0131 yapt\u0131r\u0131mlar y\u00fcr\u00fcrl\u00fckte kalmaya devam ediyor.<\/p>\n<p>Fiziksel olarak Suriye \u00fc\u00e7 geni\u015f b\u00f6lgeden olu\u015fur. Akdeniz k\u0131y\u0131s\u0131 boyunca dar ovalar k\u0131\u015f ya\u011f\u0131\u015f\u0131 al\u0131r ve zeytinlikler ile narenciye bah\u00e7elerini destekler. \u0130\u00e7 kesimlerde yar\u0131 kurak bozk\u0131r do\u011fu illerinde \u00e7\u00f6le d\u00f6n\u00fc\u015f\u00fcr. Suriye&#039;nin ba\u015fl\u0131ca su yolu olan F\u0131rat Nehri, g\u00fcneye d\u00f6nmeden \u00f6nce kurak ovalardan ge\u00e7erek T\u00fcrkiye&#039;den bat\u0131ya do\u011fru akar. Kuzeydo\u011fuda, el-Cezire platosu nehir kollar\u0131yla sulanan verimli toprak ceplerini korur; g\u00fcneyde, Havran&#039;\u0131n volkanik topraklar\u0131 bu\u011fday ve arpa verir. K\u0131y\u0131ya yak\u0131n s\u0131rada\u011flar 2.000 metreyi a\u015far, nemi tutar ve daha do\u011fudaki \u00e7\u00f6lle keskin bir tezat olu\u015fturan ye\u015fil bir ku\u015fak olu\u015fturur.<\/p>\n<p>1956&#039;da kuzeydo\u011fuda Rmelan ve el-Suwaydiyah gibi sahalarda petrol ortaya \u00e7\u0131kt\u0131\u011f\u0131nda, kaynak Suriye&#039;nin ihracat profilini yeniden \u015fekillendirdi. 1970&#039;lerin ortalar\u0131na gelindi\u011finde, petrol ba\u015fl\u0131ca d\u00f6viz kazand\u0131r\u0131c\u0131s\u0131 haline geldi ve Deir az-Zawr yak\u0131nlar\u0131ndaki sahalar s\u0131n\u0131r\u0131n \u00f6tesindeki Irak yataklar\u0131na ba\u011fland\u0131. Do\u011fal gaz 1940&#039;ta Jbessa&#039;da ortaya \u00e7\u0131kt\u0131, ancak gaz \u00fcretimi yak\u0131n on y\u0131llara kadar ikincil kald\u0131. 2000 ile 2008 aras\u0131nda, ki\u015fi ba\u015f\u0131na d\u00fc\u015fen y\u0131ll\u0131k GSY\u0130H ortalama %2,5 oran\u0131nda b\u00fcy\u00fcd\u00fc. H\u00fck\u00fcmet, devlet \u00f6nc\u00fcl\u00fc\u011f\u00fcndeki planlamadan piyasa odakl\u0131 reformlara ge\u00e7i\u015f yapmaya, turizm, hizmetler ve do\u011fal gaza yabanc\u0131 yat\u0131r\u0131m\u0131 te\u015fvik etmeye \u00e7al\u0131\u015ft\u0131. Ancak ilerleme e\u015fitsiz oldu ve yoksulluk oranlar\u0131 2005&#039;e kadar &#039;a yak\u0131n seyretti.<\/p>\n<p>Sava\u015f bu m\u00fctevaz\u0131 kazan\u0131mlar\u0131 tersine \u00e7evirdi. 2012&#039;ye gelindi\u011finde, ihracat gelirleri 12 milyar ABD dolar\u0131ndan 4 milyar ABD dolar\u0131na d\u00fc\u015ft\u00fc. Suriye poundu de\u011ferinin be\u015fte d\u00f6rd\u00fcn\u00fc kaybetti. Devlet b\u00fct\u00e7eleri, ba\u015fta \u0130ran, Rusya ve \u00c7in olmak \u00fczere d\u0131\u015f kredi hatlar\u0131na ba\u011fl\u0131yd\u0131. 2012&#039;den itibaren uygulanan ABD ve AB&#039;nin petrol ihracat\u0131na y\u00f6nelik yapt\u0131r\u0131mlar\u0131 ayl\u0131k yakla\u015f\u0131k 400 milyon ABD dolar\u0131na mal oldu. \u0130slam Devleti&#039;nin 2015&#039;te fosfat madenlerine el koymas\u0131, kalan bir gelir ak\u0131\u015f\u0131n\u0131 ortadan kald\u0131rd\u0131. Altyap\u0131 hasar\u0131, para biriminin \u00e7\u00f6k\u00fc\u015f\u00fc ve yapt\u0131r\u0131mlar, yeniden in\u015fa maliyetlerinin 10 milyar ABD dolar\u0131na yakla\u015fmas\u0131na neden oldu.<\/p>\n<p>\u00c7at\u0131\u015fmadan \u00f6nce Suriye&#039;nin ula\u015f\u0131m a\u011f\u0131 d\u00f6rt uluslararas\u0131 havaliman\u0131n\u0131\u2014\u015eam, Halep, Lazkiye ve Kam\u0131\u015fl\u0131\u2014ve b\u00fcy\u00fck \u015fehirleri birbirine ba\u011flayan bir demir yolu sistemini i\u00e7eriyordu. Yollar yakla\u015f\u0131k 70.000 kilometre uzunlu\u011fundayd\u0131 ve bunlar\u0131n 1.100&#039;\u00fc ekspres yollard\u0131. \u0130\u00e7 su yollar\u0131 vard\u0131 ancak ticari \u00f6neme sahip de\u011fildi. Sava\u015f zaman\u0131nda bir\u00e7ok rota g\u00fcvensiz hale geldi ve s\u0131n\u0131r \u00f6tesi demir yolu hizmetleri sona erdi.<\/p>\n<p>Suriye&#039;nin n\u00fcfusu binlerce y\u0131ll\u0131k g\u00f6\u00e7 ve yerle\u015fimi yans\u0131tmaktad\u0131r. Araplar \u00fclkede hala ya\u015fayanlar\u0131n yakla\u015f\u0131k d\u00f6rtte \u00fc\u00e7\u00fcn\u00fc olu\u015fturmaktad\u0131r; daha \u00f6nceki n\u00fcfus say\u0131m\u0131 rakamlar\u0131 toplam sakinleri yakla\u015f\u0131k 18,5 milyon olarak belirlemi\u015ftir (2019). Geri kalan\u0131 K\u00fcrtleri (\u00e7o\u011funlukla kuzeydo\u011fuda), T\u00fcrk\u00e7e konu\u015fan topluluklar\u0131, Asurlular\u0131 ve di\u011fer gruplar\u0131 i\u00e7ermektedir. Neo-Aramice leh\u00e7eleri Ma&#039;loula ve kom\u015fu k\u00f6ylerde varl\u0131\u011f\u0131n\u0131 s\u00fcrd\u00fcrmektedir; klasik S\u00fcryanice ayinsel i\u015flevler g\u00f6rmektedir. K\u00fcrt, T\u00fcrk, Ermeni, \u00c7erkes ve \u00c7e\u00e7en az\u0131nl\u0131klar dillerini resmi stat\u00fc olmaks\u0131z\u0131n s\u00fcrd\u00fcrmektedir. Arap\u00e7a leh\u00e7eleri\u2014bat\u0131da Levanten, kuzeydo\u011fuda Mezopotamya\u2014g\u00fcnl\u00fck konu\u015fmaya hakimdir. \u0130ngilizce ve Frans\u0131zca e\u011fitim ve ticarette g\u00f6r\u00fclmektedir.<\/p>\n<p>Dini kompozisyon bir zamanlar n\u00fcfusun yakla\u015f\u0131k d\u00f6rtte \u00fc\u00e7\u00fcn\u00fc S\u00fcnni M\u00fcsl\u00fcmanlar, yakla\u015f\u0131k &#039;\u00fcn\u00fc Aleviler ve Oniki \u0130mam \u015eiiler, yakla\u015f\u0131k &#039;unu Hristiyanlar ve yakla\u015f\u0131k %3&#039;\u00fcn\u00fc D\u00fcrziler olu\u015fturuyordu. Uygulamada, Aleviler 1970&#039;lerden beri k\u0131demli askeri ve h\u00fck\u00fcmet g\u00f6revlerinde orant\u0131s\u0131z bir paya sahip oldular. Hristiyan mezhepleri -Rum Ortodoks, S\u00fcryani Katolik, Ermeni Apostolik ve di\u011ferleri- \u015fehirlerde ve k\u00f6ylerde toplum ya\u015fam\u0131n\u0131 s\u00fcrd\u00fcr\u00fcyor.<\/p>\n<p>Suriye&#039;deki k\u00fclt\u00fcrel gelenekler aile, misafirperverlik ve dini t\u00f6renler \u00fczerine kuruludur. Sosyal rit\u00fceller aras\u0131nda d\u00fc\u011f\u00fcnlerde ve festivallerde Dabkeh dans\u0131 ve k\u0131l\u0131\u00e7 danslar\u0131 yer al\u0131r. Halk sanatlar\u0131 Arap, K\u00fcrt ve Arami geleneklerinden yararlan\u0131r. Mutfak b\u00f6lgeye g\u00f6re de\u011fi\u015fir: Halep yemekleri baharatl\u0131 kebaplara vurgu yapar; \u015eam yemekleri doldurulmu\u015f sebzelere ve sa\u011flam hamur i\u015flerine vurgu yapar. Humus, tabbouleh ve labneh gibi temel yiyecekler her g\u00fcn taze pi\u015firilen pidelere e\u015flik eder. Meze tabaklar\u0131 yemekleri sunar. Arap kahvesi kahvalt\u0131da ve konuk resepsiyonlar\u0131nda yerini bulur; anason aromal\u0131 bir i\u00e7ki olan arak t\u00f6rensel \u015f\u00f6lenlerde ortaya \u00e7\u0131kar.<\/p>\n<p>Mimari miras, Bosra ve Apamea&#039;daki Roma tiyatrolar\u0131n\u0131, Krak des Chevaliers gibi Ha\u00e7l\u0131 kalelerini ve Osmanl\u0131 camilerini, medreselerini ve kervansaraylar\u0131n\u0131 kapsar. \u015eam ve Halep&#039;teki kentsel doku, \u00e7ar\u015f\u0131lar ve camiler etraf\u0131nda k\u00fcmelenmi\u015f orta\u00e7a\u011f mahallelerini korur. Palmira bir zamanlar do\u011funun \u00e7\u00f6l kalesi olarak duruyordu; 2015&#039;teki ciddi hasardan sonra may\u0131n temizleme ve restorasyon yava\u015f ilerledi.<\/p>\n<p>2011&#039;den \u00f6nce turizm b\u00fcy\u00fcme potansiyeli sunuyordu: k\u0131y\u0131 tatil k\u00f6yleri, hac yerleri ve arkeolojik b\u00f6lgeler ziyaret\u00e7ileri \u00e7ekiyordu. H\u00fck\u00fcmet petrol\u00fcn \u00f6tesinde hizmetlere ve misafirperverli\u011fe \u00e7e\u015fitlendirmeyi \u00f6ng\u00f6r\u00fcyordu. Sava\u015f bu planlar\u0131 durdurdu. Baz\u0131 yard\u0131m gruplar\u0131 turizm sekt\u00f6r\u00fcndeki i\u015flerin y\u00fczde 40&#039;\u0131n\u0131n 2015 ortas\u0131na kadar ortadan kalkt\u0131\u011f\u0131n\u0131 tahmin ediyor. Oteller ve otoyollar gibi in\u015fa edilmi\u015f \u00e7evrenin \u00e7o\u011fu onar\u0131lmaya ihtiya\u00e7 duyuyor.<\/p>\n<p>Seyahat tavsiyeleri bir zamanlar siyasi tart\u0131\u015fmalara kar\u015f\u0131 uyar\u0131da bulunuyordu, hassas konulardaki g\u00fcndelik yorumlar -\u0130srail&#039;in Golan Tepeleri&#039;ni kontrol etmesi veya y\u00f6netici aileye y\u00f6nelik ele\u015ftiriler- istenmeyen ilgi \u00e7ekebilirdi. Dilencilik bazen hac yerlerinin yak\u0131n\u0131nda sald\u0131rgan bir hal al\u0131yordu. Bat\u0131l\u0131 giyim tarz\u0131 kentsel Hristiyan b\u00f6lgelerine uygundu ancak ba\u015fka yerlerde dikkat \u00e7ekebilirdi; m\u00fctevaz\u0131 giyim etkile\u015fimleri kolayla\u015ft\u0131r\u0131yordu. Musluk suyu genellikle g\u00fcvenlik standartlar\u0131n\u0131 kar\u015f\u0131l\u0131yordu, ancak \u015fi\u015felenmi\u015f markalar daha geni\u015f bir g\u00fcvene sahipti. Sa\u011fl\u0131k tesislerinin kalitesi de\u011fi\u015fiyordu; yabanc\u0131 doktorlar genellikle \u00e7a\u011fr\u0131 \u00fczerine otel misafirlerine hizmet veriyordu.<\/p>\n<p>Suriyeliler g\u00fcnl\u00fck ya\u015famda do\u011frudan ele\u015ftirilerini \u00f6zel ortamlarda saklarlar. Kamusal al\u0131\u015fveri\u015flerde y\u00fckseltilmi\u015f sesler ve hareketli jestler bulunur, ancak bunlar \u00f6fkeden ziyade kat\u0131l\u0131m\u0131 ifade eder. Ev sahipleri yabanc\u0131lar\u0131 memnuniyetle kar\u015f\u0131lar; \u00e7ocuklar yeti\u015fkinlerden \u015fefkatli ilgi g\u00f6r\u00fcr. Sosyal g\u00f6rg\u00fc kurallar\u0131 i\u015faret parma\u011f\u0131yla i\u015faret etmeyi ve ayak tabanlar\u0131n\u0131 g\u00f6stermeyi cayd\u0131r\u0131r. Ki\u015fisel sorular Bat\u0131&#039;n\u0131n konfor alanlar\u0131n\u0131 test eder ancak ba\u011flant\u0131 kurma arzusundan kaynaklan\u0131r.<\/p>\n<p>Kad\u0131nlar, \u00f6zellikle refakatsiz olduklar\u0131nda, istenmeyen yorumlara maruz kalabilirler; kibarca reddetmek ve yoldan ge\u00e7enleri \u00e7a\u011f\u0131rmak genellikle istenmeyen yakla\u015f\u0131mlar\u0131 yat\u0131\u015ft\u0131rmak i\u00e7in yeterliydi. Yerel yasalara g\u00f6re, ahlaki davran\u0131\u015f yasalar\u0131, \u00f6zel alanlar\u0131 payla\u015fan evli olmayan erkek ve kad\u0131nlar i\u00e7in tutuklanmaya yol a\u00e7abilir. E\u015fcinsel eylemler su\u00e7 olarak kalmaya devam ediyor.<\/p>\n<p>Son kesintilere ra\u011fmen, Suriye&#039;nin uzun tarih yay\u0131 manzaralar\u0131nda, dillerinde ve topluluklar\u0131nda varl\u0131\u011f\u0131n\u0131 s\u00fcrd\u00fcr\u00fcyor. Bronz \u00c7a\u011f\u0131 kal\u0131nt\u0131lar\u0131ndan Osmanl\u0131 hamamlar\u0131na kadar her katman, ard\u0131\u015f\u0131k imparatorluk ve g\u00f6\u00e7 dalgalar\u0131na tan\u0131kl\u0131k ediyor. Sokaklar tekrar hareketlendi\u011finde, \u00e7at\u0131\u015fmalarla da\u011f\u0131lm\u0131\u015f mahalleler \u00e7ar\u015f\u0131larda ve meydanlarda toplant\u0131lara ev sahipli\u011fi yapabilir. Y\u00fczy\u0131llar \u00f6nce dikilen zeytin a\u011fa\u00e7lar\u0131 hala meyve verebilir. \u0130stikrar geri d\u00f6nd\u00fc\u011f\u00fcnde, Suriye&#039;nin maddi miras\u0131 ve ya\u015fayan gelenekleri g\u00fcnl\u00fck ya\u015famdaki yerlerini yeniden almaya haz\u0131r olacak.<\/p>","protected":false},"excerpt":{"rendered":"<p>Resmen Suriye Arap Cumhuriyeti olarak bilinen Suriye, Do\u011fu Akdeniz ile Levant aras\u0131nda yer alan Bat\u0131 Asya&#039;da bir \u00fclkedir. 2023 itibar\u0131yla yakla\u015f\u0131k 17 milyonluk n\u00fcfusuyla Suriye, bir\u00e7ok tarihi miras\u0131n ve medeniyetin kav\u015fa\u011f\u0131nda stratejik bir konuma sahiptir. G\u00fcneybat\u0131dan \u0130srail ve L\u00fcbnan; g\u00fcneyden \u00dcrd\u00fcn; do\u011fudan ve g\u00fcneydo\u011fudan Irak; kuzeyden T\u00fcrkiye; bat\u0131dan Akdeniz. Suriye&#039;nin karma\u015f\u0131k ge\u00e7mi\u015fi ve g\u00fcn\u00fcm\u00fcz jeopolitik zorluklar\u0131 b\u00fcy\u00fck \u00f6l\u00e7\u00fcde bu co\u011frafi konumdan etkilenmi\u015ftir.<\/p>","protected":false},"author":1,"featured_media":3305,"parent":24063,"menu_order":0,"comment_status":"closed","ping_status":"closed","template":"elementor_theme","meta":{"_eb_attr":"","footnotes":""},"class_list":["post-15631","page","type-page","status-publish","has-post-thumbnail"],"_links":{"self":[{"href":"https:\/\/travelshelper.com\/tr\/wp-json\/wp\/v2\/pages\/15631","targetHints":{"allow":["GET"]}}],"collection":[{"href":"https:\/\/travelshelper.com\/tr\/wp-json\/wp\/v2\/pages"}],"about":[{"href":"https:\/\/travelshelper.com\/tr\/wp-json\/wp\/v2\/types\/page"}],"author":[{"embeddable":true,"href":"https:\/\/travelshelper.com\/tr\/wp-json\/wp\/v2\/users\/1"}],"replies":[{"embeddable":true,"href":"https:\/\/travelshelper.com\/tr\/wp-json\/wp\/v2\/comments?post=15631"}],"version-history":[{"count":0,"href":"https:\/\/travelshelper.com\/tr\/wp-json\/wp\/v2\/pages\/15631\/revisions"}],"up":[{"embeddable":true,"href":"https:\/\/travelshelper.com\/tr\/wp-json\/wp\/v2\/pages\/24063"}],"wp:featuredmedia":[{"embeddable":true,"href":"https:\/\/travelshelper.com\/tr\/wp-json\/wp\/v2\/media\/3305"}],"wp:attachment":[{"href":"https:\/\/travelshelper.com\/tr\/wp-json\/wp\/v2\/media?parent=15631"}],"curies":[{"name":"wp","href":"https:\/\/api.w.org\/{rel}","templated":true}]}}