{"id":15595,"date":"2024-09-21T15:54:09","date_gmt":"2024-09-21T15:54:09","guid":{"rendered":"https:\/\/travelshelper.com\/staging\/?page_id=15595"},"modified":"2026-03-11T21:36:27","modified_gmt":"2026-03-11T21:36:27","slug":"krabi","status":"publish","type":"page","link":"https:\/\/travelshelper.com\/tr\/destinations\/asia\/thailand\/krabi\/","title":{"rendered":"Krabi"},"content":{"rendered":"<p>Krabi, nehrin Phang Nga K\u00f6rfezi&#039;ne do\u011fru geni\u015fledi\u011fi dar bir arazi \u015feridini kaplar, k\u0131rm\u0131z\u0131 topra\u011f\u0131, genellikle h\u0131zl\u0131 bulutlarla \u00e7alkalanan bir g\u00f6ky\u00fcz\u00fcn\u00fcn alt\u0131nda deniz mavisi sularla bulu\u015fur. 2020&#039;de otuz iki binden biraz fazla n\u00fcfusa ev sahipli\u011fi yapan kasaba, hem k\u00fc\u00e7\u00fck hem de u\u00e7suz bucaks\u0131z bir \u015feyin kenar\u0131nda duruyormu\u015f gibi hissettiriyor. Nehir k\u0131y\u0131s\u0131nda, ah\u015fap d\u00fckkanlar kaz\u0131klar \u00fczerinde duruyor, kepenkleri \u015fafak vakti pirin\u00e7, meyve ve yakalanm\u0131\u015f bal\u0131k a\u011flar\u0131yla y\u00fckl\u00fc tekneler ge\u00e7erken tak\u0131rd\u0131yor. Daha i\u00e7eride, soyulan boyas\u0131yla al\u00e7ak binalar, havan\u0131n e\u015fit miktarda ac\u0131 biber buhar\u0131 ve deniz meltemi ta\u015f\u0131d\u0131\u011f\u0131 hareketli bir merkez pazar\u0131na giden sokaklar\u0131 s\u0131ral\u0131yor. Ba\u015fkentin alt\u0131 y\u00fcz elli kilometre g\u00fcneyindeki bu yerde, hayat\u0131n ve gelgitlerin ritmi her an\u0131 \u015fekillendiriyor gibi g\u00f6r\u00fcn\u00fcyor.<\/p>\n<p>On sekizinci y\u00fczy\u0131l\u0131n son y\u0131llar\u0131nda, Tayland saray\u0131 Bangkok&#039;a yerle\u015ftikten k\u0131sa bir s\u00fcre sonra, Nakhon Si Thammarat valisi, bu nehir a\u011fz\u0131 kasabas\u0131ndaki bir fil kraalini denetlemesi i\u00e7in Phra Palad olarak bilinen bir vezir g\u00f6nderdi. Chao Phraya Nakhon Noi taraf\u0131ndan verilen emir, b\u00fcy\u00fcyen krall\u0131k i\u00e7in s\u00fcrekli bir sava\u015f ve t\u00f6ren filleri tedarik etmeyi ama\u00e7l\u0131yordu. Kraalin in\u015fas\u0131 sadece mahutlar\u0131 ve zanaatkarlar\u0131 de\u011fil, ayn\u0131 zamanda yeni f\u0131rsatlar arayan t\u00fcm haneleri de kendine \u00e7ekti. Her biri \u00e7amurlu k\u0131y\u0131lar ve yan kanallar boyunca kendi kimli\u011fini olu\u015fturan Pakasai, Khlong Pon ve Pak Lao olmak \u00fczere \u00fc\u00e7 mezraya yerle\u015ftiler. 1872&#039;de Kral Chulalongkorn, k\u00f6y k\u00fcmesini tek bir kasaba olarak tan\u0131d\u0131 ve ona maymun amblemiyle s\u00fcslenmi\u015f eski bir standarda geri d\u00f6nen bir terim olan Krabi ad\u0131n\u0131 verdi. \u0130ki y\u0131l sonra kasaba, Nakhon Si Thammarat&#039;tan idari ba\u011f\u0131ms\u0131zl\u0131\u011f\u0131n\u0131 kazand\u0131 ve do\u011frudan Bangkok&#039;a rapor vermeye ba\u015flad\u0131. \u0130lk valisi Luang Thep Sena, art\u0131k eski h\u00fck\u00fcmdar\u0131n\u0131n uydusu olan ve ayr\u0131 bir eyalet olan bir yarg\u0131 b\u00f6lgesinin sorumlulu\u011funu \u00fcstlendi.<\/p>\n<p>G\u00fcn\u00fcm\u00fczde Krabi&#039;nin ekonomisi b\u00fcy\u00fck \u00f6l\u00e7\u00fcde, yal\u0131n cazibesine ve \u00e7evresindeki tak\u0131madalar\u0131n engebeli g\u00fczelli\u011fine \u00e7ekilen ziyaret\u00e7ilere dayanmaktad\u0131r. Eyaletin co\u011frafyas\u0131n\u0131n b\u00fcy\u00fck bir k\u0131sm\u0131 milli park olarak belirlenmi\u015f olsa da (Hat Noppharat Thara\u2013Mu Ko Phi Phi, Khao Phanom Bencha, Than Bokkhorani ve deniz rezervleri) Krabi kasabas\u0131n\u0131n kendisi nihai bir var\u0131\u015f noktas\u0131 olmaktan \u00e7ok bir giri\u015f noktas\u0131 olmaya devam etmektedir. Buradan g\u00fcn\u00fcbirlik gezi yapanlar ve uzun s\u00fcreli konaklayan konuklar, pop\u00fcler Ko Lanta ve Ko Phi Phi atraksiyonlar\u0131 da dahil olmak \u00fczere yak\u0131nlardaki seksenden fazla aday\u0131 ke\u015ffetmeye \u00e7\u0131karlar. \u0130\u00e7 kesimlerde, Khao Phanom Bencha&#039;da \u015felaleler yo\u011fun orman\u0131n i\u00e7inden akarken, Than Bokkhorani&#039;nin kire\u00e7 ta\u015f\u0131 ma\u011faralar\u0131 sark\u0131tlar\u0131n mum mumu gibi damlad\u0131\u011f\u0131 odalar\u0131 gizler. K\u0131y\u0131 boyunca, mangrov korular\u0131 bal\u0131k\u00e7\u0131llara ve g\u00f6zetleme kertenkelelerine ev sahipli\u011fi yapar. Her y\u00f6nde, yuvalayan boynuzgagalar\u0131 veya gizli havuzlar\u0131 tam olarak nerede bulaca\u011f\u0131n\u0131 bilen rehberlerle k\u00fcrek \u00e7ekmeye, ku\u015f g\u00f6zlemcili\u011fine veya y\u00fcr\u00fcy\u00fc\u015fe davet vard\u0131r.<\/p>\n<p>\u015eehre en yak\u0131n plajlar olan Ao Nang ve Railay, kumdan neredeyse dikey olarak y\u00fckselen u\u00e7urumlarla \u015fekillenmi\u015ftir. Sadece uzun kuyruklu tekneyle ula\u015f\u0131labilen Railay, binlerce y\u0131ld\u0131r kire\u00e7 ta\u015f\u0131ndan yontulmu\u015f ceplerde ve \u00e7\u0131k\u0131nt\u0131larda kendilerini test etmek isteyen da\u011fc\u0131lar i\u00e7in bir m\u0131knat\u0131s haline gelmi\u015ftir. Nisan ortas\u0131nda d\u00fczenlenen y\u0131ll\u0131k Kaya ve Ate\u015f Festivali, \u00fcnl\u00fc d\u00f6rtl\u00fc perde &#034;Humanality&#034; gibi rotalarda h\u0131z ve stil i\u00e7in yar\u0131\u015fan da\u011fc\u0131larla adrenalinle doludur. Gelgit y\u00fcksek oldu\u011funda, derin suda solo t\u0131rman\u0131\u015f, da\u011fc\u0131lar \u00e7alkant\u0131l\u0131 suyun kula\u00e7lar\u0131n\u0131n \u00fczerindeki denizle y\u0131kanm\u0131\u015f duvarlar boyunca ilerlerken hem denge hem de cesaret egzersizi haline gelir. Birka\u00e7 yerel okuldan ko\u00e7lar \u015fafak vakti sahilde acemilerle bulu\u015furken, daha deneyimli da\u011fc\u0131lar k\u0131y\u0131dan g\u00f6r\u00fclebilen uzak adac\u0131klara ip \u00e7eker. Her t\u0131rman\u0131\u015fta, turkuaz deniz ve uzaktaki karst kuleleri hava ve kayan\u0131n kenar\u0131nda durman\u0131n ne anlama geldi\u011fine dair bak\u0131\u015f a\u00e7\u0131s\u0131n\u0131 yeniden \u015fekillendirir.<\/p>\n<p>T\u00fcm harikalar denizde veya g\u00f6ky\u00fcz\u00fcnde de\u011fildir. \u015eehrin yakla\u015f\u0131k k\u0131rk kilometre kuzeydo\u011fusundaki Ban Laem Pho&#039;da, dar bir kara par\u00e7as\u0131, kumlar\u0131nda milyonlarca fosille\u015fmi\u015f salyangoz kabu\u011fu bulunan bir plaj\u0131 ortaya \u00e7\u0131kar\u0131r. Bu kal\u0131nt\u0131lar, tatl\u0131 su batakl\u0131klar\u0131n\u0131n bu k\u0131y\u0131 ovas\u0131n\u0131 \u00f6rtt\u00fc\u011f\u00fc yakla\u015f\u0131k k\u0131rk milyon y\u0131l \u00f6ncesine dayan\u0131r. G\u00fcne\u015f \u0131\u015f\u0131\u011f\u0131 mangrov yapraklar\u0131n\u0131n aras\u0131ndan s\u00fcz\u00fclerek k\u0131y\u0131 \u015feridine g\u00f6m\u00fcl\u00fc kire\u00e7lenmi\u015f sarmal ve spiralleri ayd\u0131nlat\u0131r. Bilim insanlar\u0131 ve amat\u00f6r fosil avc\u0131lar\u0131, k\u0131r\u0131lgan par\u00e7alar\u0131 rahats\u0131z etmemeye dikkat ederek f\u0131r\u00e7alar ve not defterleriyle buraya gelirler. Ba\u015f\u0131m\u0131z\u0131n \u00fczerinde, bal\u0131k\u00e7\u0131llar mavi ve ye\u015fil \u0131\u015f\u0131k sa\u00e7arken, monit\u00f6r kertenkeleleri \u00e7amurun alt\u0131nda yuvalanm\u0131\u015f yenge\u00e7leri aramak i\u00e7in \u00e7atall\u0131 dillerini \u015faklat\u0131rlar.<\/p>\n<p>Krabi&#039;deki iklim, Andaman Denizi&#039;nden \u00f6nceki konumunu yans\u0131t\u0131r. Mart ay\u0131ndan Aral\u0131k ay\u0131n\u0131n ba\u015f\u0131na kadar muson r\u00fczgarlar\u0131 k\u0131y\u0131ya nem ta\u015f\u0131r ve on ayl\u0131k ya\u011fmur mevsimi g\u00fcnlerce aral\u0131ks\u0131z sa\u011fanak ya\u011f\u0131\u015f getirebilir. F\u0131rt\u0131nalar aras\u0131nda, g\u00fcne\u015fli alanlar suyun y\u00fczeyinde dans eder ve yollar tozlu yollardan kahverengi derelere d\u00f6n\u00fc\u015febilir. Ya\u011fmurlardan \u00f6nceki s\u0131cakta, termometreler 31 Mart 2023&#039;te 39,6 \u00b0C&#039;ye kadar y\u00fckseldi; buna kar\u015f\u0131l\u0131k, burada kaydedilen en so\u011fuk sabah 11 Ocak 2009&#039;da 15,3 \u00b0C&#039;ye d\u00fc\u015ft\u00fc. Bu t\u00fcr a\u015f\u0131r\u0131l\u0131klar nadirdir, ancak sakinlere bu manzaran\u0131n z\u0131tl\u0131klarla geli\u015fti\u011fini hat\u0131rlat\u0131r: kire\u00e7ta\u015f\u0131 tepelerini kesen \u015fi\u015fkin nehirler; a\u00e7\u0131k g\u00f6ky\u00fcz\u00fcne kar\u015f\u0131 ani f\u0131rt\u0131nalar.<\/p>\n<p>Krabi&#039;ye eri\u015fim, nehir teknelerinin ve asfaltlanmam\u0131\u015f patikalar\u0131n ilk g\u00fcnlerinden bu yana \u00f6nemli \u00f6l\u00e7\u00fcde geli\u015fti. 1999&#039;dan beri Krabi Uluslararas\u0131 Havaalan\u0131 (KBV), b\u00f6lgeyi do\u011frudan Bangkok, Kuala Lumpur ve Avrupa&#039;dan gelen mevsimlik charter u\u00e7u\u015flar\u0131na ba\u011flad\u0131. Havaalan\u0131, \u015fehir merkezinden yakla\u015f\u0131k on be\u015f kilometre uzakl\u0131kta yer al\u0131r ve yolcular\u0131 il mahkemesinin \u00f6n\u00fcne b\u0131rakan veya onlar\u0131 Ao Nang veya Had Yao plajlar\u0131na g\u00f6t\u00fcren klimal\u0131 otob\u00fcslerle ba\u011flan\u0131r. Yurt i\u00e7i ta\u015f\u0131y\u0131c\u0131lar -Air Asia, Bangkok Airways ve Thai Airways- ba\u015fkente g\u00fcnl\u00fck birden fazla sefer d\u00fczenlerken, her g\u00fcn tek bir u\u00e7u\u015f Krabi&#039;yi Ko Samui&#039;ye ba\u011flar. Uluslararas\u0131 rotalar, yo\u011fun sezonda charter hizmetleriyle Kuala Lumpur&#039;a odaklan\u0131r.<\/p>\n<p>Hava yolculu\u011funun \u00f6tesinde, kara ve demir yolu hayati \u00f6nem ta\u015f\u0131yan arterler olmaya devam ediyor. En yak\u0131n tren istasyonu, kuzeye \u00fc\u00e7 bu\u00e7uk saatlik otob\u00fcs veya minib\u00fcs yolculu\u011fu mesafesindeki Surat Thani&#039;de yer al\u0131rken, Thung Song Kav\u015fa\u011f\u0131 g\u00fcneyde her saat minib\u00fcs ba\u011flant\u0131lar\u0131yla yer al\u0131yor. Otob\u00fcsler, Krabi&#039;nin temiz, iyi i\u015faretlenmi\u015f ve \u00fccretsiz Wi-Fi sunan Talad Kao Terminali&#039;nden yakla\u015f\u0131k on iki saatlik yolculuklarla Bangkok&#039;un G\u00fcney Otob\u00fcs Terminali&#039;ne gidiyor. Daha k\u0131sa mesafeler i\u00e7in, \u00f6zel minib\u00fcsler yolcular\u0131 makul bir \u00fccret kar\u015f\u0131l\u0131\u011f\u0131nda iki bu\u00e7uk saatten k\u0131sa s\u00fcrede Surat Thani&#039;ye g\u00f6t\u00fcr\u00fcyor. Andaman k\u0131y\u0131s\u0131 boyunca, her saat Krabi Kasabas\u0131, Maharaj Yolu ve Ao Nang Kav\u015fa\u011f\u0131 aras\u0131nda beyaz songthaew&#039;ler mekik dokuyor, tavan raflar\u0131 s\u0131rt \u00e7antalar\u0131 ve oltalarla dolu.<\/p>\n<p>Su yoluyla, d\u00fczenli feribotlar Krabi&#039;yi Ko Phi Phi, Ko Jum ve Ko Lanta ile birbirine ba\u011flar. \u00c7o\u011fu hizmet, daha yava\u015f gemilere hizmet veren eski iskeleleri atlayarak, \u015fehir merkezinden \u00fc\u00e7 kilometre uzakl\u0131ktaki modern bir yolcu liman\u0131ndan hareket eder. Tur acenteleri ve otel resepsiyonlar\u0131, genellikle iskeleye songthaew transferleri i\u00e7eren biletler satar; daha dikkatli gezginler, kalk\u0131\u015fa yak\u0131n bir zamanda sat\u0131n alman\u0131n maliyetleri d\u00fc\u015f\u00fcrebilece\u011fini bilir. Feribot sefer saatleri yo\u011fun sezonda artarken, d\u00fc\u015f\u00fck aylarda sefer saatleri g\u00fcnde sadece iki sefere d\u00fc\u015febilir.<\/p>\n<p>Kasaba s\u0131n\u0131rlar\u0131 i\u00e7inde iki belirgin y\u00fcz beliriyor. Highway 4 boyunca, yol kenar\u0131 d\u00fckkanlar\u0131 ve k\u00fc\u00e7\u00fck al\u0131\u015fveri\u015f merkezleri, at\u0131\u015ft\u0131rmal\u0131klar, SIM kartlar ve h\u0131zl\u0131 hediyelik e\u015fyalar arayan gezginlerle dolup ta\u015f\u0131yor. Daha i\u00e7eride, trafi\u011fin u\u011fultusundan uzakta, samimi bir sokak a\u011f\u0131, canl\u0131 gruplar\u0131n Bat\u0131 hitlerinin cover \u015fark\u0131lar\u0131n\u0131 s\u00f6yledi\u011fi kafelere ve barlara a\u00e7\u0131l\u0131yor. Burada, yerel aileler gurbet\u00e7iler ve s\u0131rt \u00e7antal\u0131 gezginlerle kayna\u015f\u0131yor ve tempo, mok mok telefonlar\u0131n\u0131n tela\u015fs\u0131z t\u0131k\u0131rt\u0131lar\u0131na ve espresso makinelerinin t\u0131slamas\u0131na yava\u015fl\u0131yor. Daha derin bir yer duygusu i\u00e7in, ziyaret\u00e7iler genellikle bu daha sessiz mahallede vakit ge\u00e7iriyor, \u015fafak vakti Hindistan cevizi kreplerini deniyor veya y\u00fczy\u0131ll\u0131k bir banayan a\u011fac\u0131n\u0131n yapraklar\u0131n\u0131n alt\u0131nda bitki \u00e7ay\u0131 yudumluyor.<\/p>\n<p>K\u00fclt\u00fcrel d\u00f6n\u00fcm noktalar\u0131 \u015fehir merkezinden k\u0131sa bir s\u00fcr\u00fc\u015f mesafesinde yer al\u0131r. Yakla\u015f\u0131k \u00fc\u00e7 kilometre kuzey-kuzeydo\u011fuda bir kire\u00e7ta\u015f\u0131 tepenin \u00fczerinde, genellikle Kaplan Ma\u011faras\u0131 Tap\u0131na\u011f\u0131 olarak adland\u0131r\u0131lan Wat Tham Sua, ye\u015fillikler aras\u0131nda yar\u0131 gizli bir \u015fekilde durmaktad\u0131r. Taban\u0131ndaki ma\u011fara tap\u0131na\u011f\u0131, kayaya yaslanm\u0131\u015f yald\u0131zl\u0131 Buda fig\u00fcrlerini ortaya \u00e7\u0131kar\u0131rken, efsaneye g\u00f6re bir zamanlar bu ma\u011faralarda bir kaplan dola\u015fm\u0131\u015f. Kompleksten iki merdiven t\u0131rman\u0131yor: biri, pirin\u00e7 tarlalar\u0131n\u0131n ve k\u0131y\u0131 \u015feridinin panoramik manzaralar\u0131na sahip bir da\u011f\u0131n tepesindeki Buda&#039;ya 1.237 basamak \u00e7\u0131k\u0131yor; di\u011feri, daha k\u00fc\u00e7\u00fck tap\u0131naklar ve orman patikalar\u0131yla noktal\u0131 &#034;Harikalar Diyar\u0131&#034; olarak bilinen bir vadiden ge\u00e7iyor. \u0130\u015faretler, \u00e7evik elleri ve ara s\u0131ra \u0131s\u0131r\u0131klar\u0131, burada vah\u015fili\u011fin devam etti\u011fini hat\u0131rlatan yerle\u015fik maymunlar\u0131 beslememeye kar\u015f\u0131 uyar\u0131yor.<\/p>\n<p>\u015eehre daha yak\u0131n, Maharat Yolu&#039;nda, Wat Kaew Korawaram&#039;\u0131n beyaz badanal\u0131 duvarlar\u0131 ve geni\u015f kemerleri, fildi\u015fi mumlar gibi g\u00fcne\u015fi yakalar. Sadece yak\u0131n y\u0131llarda tamamlanan tasar\u0131m\u0131, palmiye yapraklar\u0131n\u0131n olu\u015fturdu\u011fu bir fonda parl\u0131yormu\u015f gibi g\u00f6r\u00fcnen katmanl\u0131 bir d\u00fc\u011f\u00fcn pastas\u0131n\u0131 \u00e7a\u011fr\u0131\u015ft\u0131r\u0131r. Turist haritalar\u0131, Issara Yolu&#039;ndan dar bir soka\u011fa s\u0131k\u0131\u015fm\u0131\u015f olan Dhara Masaj ve Spa&#039;y\u0131 nadiren belirtir; ancak yerliler ve bilenler, kimlik bilgileri ve bak\u0131mlar\u0131 sayesinde sad\u0131k bir takip\u00e7i kitlesi kazanm\u0131\u015f iki kad\u0131n taraf\u0131ndan sunulan titiz tedavilerini \u00f6v\u00fcyor.<\/p>\n<p>Daha derin bir dal\u0131\u015f i\u00e7in yar\u0131m g\u00fcnl\u00fck mangrov turlar\u0131 yakla\u015f\u0131k 1.500 ila 2.500 baht&#039;a mal olur ve k\u00fc\u00e7\u00fck gruplar\u0131 bal\u0131k\u00e7\u0131llar\u0131n a\u00e7\u0131kta kalan k\u00f6kler boyunca dola\u015ft\u0131\u011f\u0131 labirent gibi kanallardan ge\u00e7irir. Tekne t\u00fcr\u00fcne ba\u011fl\u0131 olarak 1.000 ila 3.000 baht aras\u0131nda de\u011fi\u015fen bir g\u00fcnl\u00fck tekne turlar\u0131, Hong ve Phi Phi dahil olmak \u00fczere d\u00f6rt adaya yap\u0131lan ziyaretleri birle\u015ftirir ve genellikle transferler, \u00f6\u011fle yeme\u011fi, taze meyve ve \u015fnorkelli y\u00fczme ve can yelekleri i\u00e7in temel ekipmanlar\u0131 i\u00e7erir. Rehberler kuru \u00e7antalar da\u011f\u0131t\u0131r ve s\u00fcrat teknesi ge\u00e7i\u015flerinde bile bu kire\u00e7ta\u015f\u0131 adalar\u0131yla olan yak\u0131nl\u0131k hissinin azalmamas\u0131n\u0131 sa\u011flar.<\/p>\n<p>Ak\u015fam oldu\u011funda, \u015fehir merkezindeki barlar canl\u0131 m\u00fczik ve k\u0131s\u0131k sohbetlerle ayd\u0131nlan\u0131r. Nehrin \u00fczerinde konumlanm\u0131\u015f Rocky Bar, hem turistlerin hem de Taylandl\u0131lar\u0131n ilgisini \u00e7eken gece performanslar\u0131yla \u00fcn kazanm\u0131\u015ft\u0131r. Di\u011ferleri, so\u011fuk bir Chang veya Singha&#039;n\u0131n g\u00fcn\u00fcn nemini yumu\u015fatt\u0131\u011f\u0131 a\u00e7\u0131k hava kafelerinin etraf\u0131nda k\u00fcmelenir. Sohbetler, t\u0131rmanma gezilerinden feribot bileti fiyatlar\u0131na, en iyi sokak tezgahlar\u0131ndan Bangkok&#039;a d\u00f6n\u00fc\u015f u\u00e7u\u015flar\u0131n\u0131n program\u0131na kadar uzan\u0131r. Bu al\u0131\u015fveri\u015flerde -payla\u015f\u0131ml\u0131 scooter&#039;larda veya bambu lambalar\u0131n alt\u0131ndaki masalarda- Krabi&#039;nin \u00f6z\u00fc kendini g\u00f6sterir: Tarihin ve g\u00fcn\u00fcm\u00fcz gezginlerinin bulu\u015ftu\u011fu, nehrin ak\u0131\u015f\u0131n\u0131n Tayland&#039;\u0131n bat\u0131 k\u0131y\u0131s\u0131ndaki ya\u015fam\u0131 tan\u0131mlayan geli\u015f ve gidi\u015fleri yank\u0131lad\u0131\u011f\u0131 bir yer.<\/p>","protected":false},"excerpt":{"rendered":"<p>G\u00fcney Tayland&#039;daki Krabi Eyaletinin ba\u015fkenti olan b\u00fcy\u00fcleyici sahil kasabas\u0131 Krabi, Bangkok&#039;un 650 kilometre g\u00fcneyinde yer almaktad\u0131r. 2020 itibar\u0131yla 32.644 n\u00fcfusuyla bu geli\u015fen belediye bir\u00e7ok insana ev sahipli\u011fi yapmaktad\u0131r. Krabi Nehri&#039;nin Phang Nga K\u00f6rfezi&#039;ne d\u00f6k\u00fcld\u00fc\u011f\u00fc bat\u0131 k\u0131y\u0131s\u0131nda yer alan Krabi, Tayland&#039;\u0131n en muhte\u015fem do\u011fal harikalar\u0131ndan baz\u0131lar\u0131n\u0131n kap\u0131s\u0131d\u0131r ve b\u00f6lgenin turizm odakl\u0131 ekonomisinin \u00f6nemli bir par\u00e7as\u0131 haline gelmi\u015ftir.<\/p>","protected":false},"author":1,"featured_media":4579,"parent":15536,"menu_order":0,"comment_status":"closed","ping_status":"closed","template":"elementor_theme","meta":{"_eb_attr":"","footnotes":""},"class_list":["post-15595","page","type-page","status-publish","has-post-thumbnail"],"_links":{"self":[{"href":"https:\/\/travelshelper.com\/tr\/wp-json\/wp\/v2\/pages\/15595","targetHints":{"allow":["GET"]}}],"collection":[{"href":"https:\/\/travelshelper.com\/tr\/wp-json\/wp\/v2\/pages"}],"about":[{"href":"https:\/\/travelshelper.com\/tr\/wp-json\/wp\/v2\/types\/page"}],"author":[{"embeddable":true,"href":"https:\/\/travelshelper.com\/tr\/wp-json\/wp\/v2\/users\/1"}],"replies":[{"embeddable":true,"href":"https:\/\/travelshelper.com\/tr\/wp-json\/wp\/v2\/comments?post=15595"}],"version-history":[{"count":0,"href":"https:\/\/travelshelper.com\/tr\/wp-json\/wp\/v2\/pages\/15595\/revisions"}],"up":[{"embeddable":true,"href":"https:\/\/travelshelper.com\/tr\/wp-json\/wp\/v2\/pages\/15536"}],"wp:featuredmedia":[{"embeddable":true,"href":"https:\/\/travelshelper.com\/tr\/wp-json\/wp\/v2\/media\/4579"}],"wp:attachment":[{"href":"https:\/\/travelshelper.com\/tr\/wp-json\/wp\/v2\/media?parent=15595"}],"curies":[{"name":"wp","href":"https:\/\/api.w.org\/{rel}","templated":true}]}}