{"id":15484,"date":"2024-09-21T14:04:33","date_gmt":"2024-09-21T14:04:33","guid":{"rendered":"https:\/\/travelshelper.com\/staging\/?page_id=15484"},"modified":"2026-03-11T21:54:13","modified_gmt":"2026-03-11T21:54:13","slug":"sharjah","status":"publish","type":"page","link":"https:\/\/travelshelper.com\/tr\/destinations\/asia\/united-arab-emirates\/sharjah\/","title":{"rendered":"Sharjah"},"content":{"rendered":"<p>Sharjah, Arap K\u00f6rfezi&#039;nin e\u015fi\u011finde yer al\u0131r ve sil\u00fceti, Al Qasimi hanedan\u0131 taraf\u0131ndan \u015fekillendirilen modern formlarla serpi\u015ftirilmi\u015f al\u00e7ak katl\u0131 geleneksel binalardan olu\u015fan bir goblendir. Ayn\u0131 ad\u0131 ta\u015f\u0131yan emirli\u011fin ba\u015fkenti olarak, Birle\u015fik Arap Emirlikleri&#039;nde n\u00fcfus bak\u0131m\u0131ndan \u00fc\u00e7\u00fcnc\u00fc s\u0131rada yer al\u0131r (2023 itibar\u0131yla 1,8 milyondan fazla insana ev sahipli\u011fi yapmaktad\u0131r) ancak kendini salt \u00f6l\u00e7ekle de\u011fil, mirasa, bilime ve k\u00fclt\u00fcre olan kararl\u0131 ba\u011fl\u0131l\u0131kla tan\u0131mlar.<\/p>\n<p>235 kilometrekarelik alan\u0131 boyunca Sharjah, BAE federasyonunda merkezi bir rol oynar. Savunma, d\u0131\u015f politika ve makroekonomik y\u00f6netimi yedi emirlik aras\u0131nda payla\u015fan federal bir \u00e7er\u00e7eve i\u00e7inde Sharjah, yerel sivil uygulama ve belediye hizmetleri \u00fczerinde kontrol\u00fc elinde tutar. 1700&#039;lerin ba\u015f\u0131ndan beri, Al Qasimi ailesinin \u00fcyeleri \u015fehrin rotas\u0131n\u0131 y\u00f6nlendirerek s\u00f6m\u00fcrge antla\u015fmalar\u0131n\u0131 ve ba\u011f\u0131ms\u0131zl\u0131k sonras\u0131 devlet in\u015fas\u0131n\u0131 e\u015fit beceriyle y\u00f6nettiler.<\/p>\n<p>Bir sanayi ve ticaret merkezi olan \u015fehir, \u00fclkenin GSY\u0130H&#039;sinin yakla\u015f\u0131k %7,4&#039;\u00fcne katk\u0131da bulunuyor. Yine de itibar\u0131, ay\u0131kl\u0131k itibar\u0131na dayan\u0131yor: emirlik, lisansl\u0131 mekanlarda bile alkol\u00fc yasakl\u0131yor, bu politika belirgin bir ziyaret\u00e7i profili olu\u015fturdu ve \u0130slami turizmin b\u00fcy\u00fcmesini te\u015fvik etti. Sharjah&#039;\u0131n sokaklar\u0131 zarif minarelerden gelen ezan sesiyle yank\u0131lan\u0131yor ve belediye politikalar\u0131 ona D\u00fcnya Sa\u011fl\u0131k \u00d6rg\u00fct\u00fc&#039;n\u00fcn &#034;sa\u011fl\u0131kl\u0131 \u015fehri&#034; olarak tan\u0131nmas\u0131n\u0131 sa\u011flad\u0131.<\/p>\n<p>Sharjah&#039;\u0131n \u00fcniversiteleri ve kolejleri, QS&#039;nin 2016&#039;da onu d\u00fcnyan\u0131n en iyi \u00f6\u011frenci \u015fehirleri aras\u0131nda g\u00f6stermesiyle uluslararas\u0131 ilgi g\u00f6rd\u00fc. On y\u0131l sonra, UNESCO, onu 2019&#039;un D\u00fcnya Kitap Ba\u015fkenti olarak adland\u0131rarak yaz\u0131l\u0131 s\u00f6ze olan ba\u011fl\u0131l\u0131\u011f\u0131n\u0131 kabul etti. Daha \u00f6nce, 2014&#039;te, \u0130slam K\u00fclt\u00fcr Ba\u015fkenti unvan\u0131n\u0131 alm\u0131\u015ft\u0131. Bu onurlar, emirli\u011fi daha g\u00f6steri\u015fli kom\u015fular\u0131ndan ay\u0131ran, bilim ve sanata dayanan bir \u00f6z imaj\u0131n alt\u0131n\u0131 \u00e7iziyor.<\/p>\n<p>Arkeolojik kan\u0131tlar, verimli vahalar ve Hindistan&#039;a giden deniz yollar\u0131ndaki stratejik konumu nedeniyle \u015earika \u00e7evresinde be\u015f bin y\u0131ldan fazla bir s\u00fcredir insan varl\u0131\u011f\u0131n\u0131n oldu\u011funu g\u00f6steriyor. On sekizinci y\u00fczy\u0131l\u0131n ba\u015flar\u0131nda, Qawasim kabilesi burada yerle\u015ferek 1727 civar\u0131nda ba\u011f\u0131ms\u0131zl\u0131\u011f\u0131n\u0131 ilan etti. Gemi in\u015fa etme ve deniz ticareti konusundaki becerileri hem zenginlik hem de b\u00f6lgesel g\u00fc\u00e7lerin dikkatini \u00e7ekti.<\/p>\n<p>1820&#039;de, \u015earika&#039;n\u0131n y\u00f6neticisi Sultan bin Sakr El Kas\u0131mi, korsanl\u0131\u011f\u0131 bast\u0131rmay\u0131 ve Osmanl\u0131 etkisine kar\u015f\u0131 koymay\u0131 ama\u00e7layan bir pakt olan Genel Denizcilik Antla\u015fmas\u0131 arac\u0131l\u0131\u011f\u0131yla \u0130ngiliz korumas\u0131n\u0131 kabul etti. Bu, \u0130ngiltere ile imzalanan anla\u015fmalar i\u00e7in kullan\u0131lan birka\u00e7 M\u00fctareke Devleti&#039;nden biriydi ve selam devletleri stat\u00fcs\u00fcne sahipti ve durumlar\u0131n\u0131 belirtmek i\u00e7in m\u00fctevaz\u0131 top selamlar\u0131 verildi. 1829&#039;da bir \u0130ngiliz gezgin, \u015earika&#039;y\u0131 600 n\u00fcfuslu m\u00fctevaz\u0131 bir kasaba olarak kaydetti; bu tan\u0131mlama \u015fehrin canl\u0131 denizcilik k\u00fclt\u00fcr\u00fcn\u00fc maskeliyor.<\/p>\n<p>2 Aral\u0131k 1971&#039;de, \u0130ngiliz antla\u015fma y\u00fck\u00fcml\u00fcl\u00fcklerinin sona ermesinden sadece birka\u00e7 g\u00fcn \u00f6nce, Sharjah, Birle\u015fik Arap Emirlikleri&#039;ni kuran Birlik Yasas\u0131&#039;nda kom\u015fular\u0131na kat\u0131ld\u0131. Bir y\u0131l sonra, Ras al\u2011Khaimah federasyonu tamamlad\u0131. Birli\u011fe giden s\u00fcre\u00e7te, Sharjah hem modernle\u015fmeyi hem de miras\u0131n\u0131 korumay\u0131 ama\u00e7lad\u0131; bu, kentsel manzaras\u0131n\u0131 \u015fekillendirmeye devam eden ikili bir \u00f6ncelikti.<\/p>\n<p>B\u00f6lgede yayg\u0131n olarak bildirilen bir yenilikte, Sharjah&#039;\u0131n kamu sekt\u00f6r\u00fc 1 Ocak 2022&#039;de d\u00f6rt g\u00fcnl\u00fck bir \u00e7al\u0131\u015fma haftas\u0131n\u0131 benimsedi ve \u00fc\u00e7 g\u00fcnl\u00fck bir hafta sonu yaratt\u0131. K\u00f6rfez&#039;de bu de\u011fi\u015fimi ger\u00e7ekle\u015ftiren ilk kamu sekt\u00f6r\u00fc oldu ve Sharjah&#039;\u0131n i\u015f-ya\u015fam dengesini te\u015fvik eden politikalarla denemeler yapma iste\u011finin bir yans\u0131mas\u0131yd\u0131.<\/p>\n<p>Sanayi de geli\u015fti. Sharjah Uluslararas\u0131 Havaliman\u0131&#039;nda bulunan Air Arabia, Orta Do\u011fu&#039;nun ilk d\u00fc\u015f\u00fck maliyetli ta\u015f\u0131y\u0131c\u0131s\u0131 oldu ve logosu Asya, Avrupa ve K\u00f6rfez&#039;de tan\u0131d\u0131k bir g\u00f6r\u00fcnt\u00fc oldu. Yak\u0131nlarda bulunan Sharjah Havaliman\u0131 Uluslararas\u0131 Serbest B\u00f6lgesi (SAIF B\u00f6lgesi) tam yabanc\u0131 m\u00fclkiyeti ve vergi muafiyetleri sunuyor. 2023&#039;e kadar 90&#039;dan fazla \u00fclkeden 6.000&#039;den fazla \u015firket orada faaliyete ge\u00e7ti ve Sharjah&#039;\u0131n ticaret hacminde %6,5&#039;lik bir art\u0131\u015fa yol a\u00e7t\u0131.<\/p>\n<p>Sharjah&#039;\u0131n \u00e7ekirde\u011fi, masmavi sular\u0131n camilerin inci kubbelerini yans\u0131tt\u0131\u011f\u0131 Halid Lag\u00fcn\u00fc k\u0131y\u0131lar\u0131nda uzan\u0131r. Biri Mavi \u00c7ar\u015f\u0131 olarak bilinen iki kapal\u0131 \u00e7ar\u015f\u0131, k\u0131y\u0131 \u015feridini \u00e7er\u00e7eveler. \u015eeyh Sultan bin Muhammed El-Kasimi&#039;nin rehberli\u011finde \u0130ngiliz mimarlar Michael Lyle &amp; Partners taraf\u0131ndan tasarlanan Merkez \u00c7ar\u015f\u0131, 1978&#039;de a\u00e7\u0131ld\u0131. G\u00fcn\u00fcm\u00fczde, her biri opal kemerler ve geometrik paravanlardan olu\u015fan k\u0131vr\u0131ml\u0131 bir kemer haline getirilmi\u015f yakla\u015f\u0131k 600 d\u00fckkana ev sahipli\u011fi yapmaktad\u0131r.<\/p>\n<p>Do\u011fuda, bir zamanlar meydan\u0131n\u0131 g\u00f6lgeleyen b\u00fcy\u00fck banyan a\u011fac\u0131ndan ad\u0131n\u0131 alan Rolla yer al\u0131r. Rolla&#039;n\u0131n dar sokaklar\u0131 art\u0131k t\u00fcccarlar ve sakinlerle doludur, Pazar\u0131 makul fiyatlara mallar sunar. Yak\u0131nlardaki Bank Street, yerel halk\u0131n seyahatlerinden anlaml\u0131 yerleri hat\u0131rlayarak katk\u0131da bulundu\u011fu banklar, oyun alan\u0131 ekipmanlar\u0131 ve tabelalar\u0131n bulundu\u011fu \u00e7arp\u0131c\u0131 bir \u015fehir park\u0131na ev sahipli\u011fi yapar. Birebir \u00f6l\u00e7ekte \u00e7o\u011falt\u0131lan her par\u00e7a, ki\u015fisel bir haf\u0131za hikayesi anlat\u0131r.<\/p>\n<p>Downtown Sharjah\u2014Al Majaz olarak da bilinir\u2014emirli\u011fin k\u00fclt\u00fcrel ve ticari kalbi olarak hizmet eder. Geleneksel cepheler ve \u00e7a\u011fda\u015f kamusal alanlar\u0131n kar\u0131\u015f\u0131m\u0131 galerilere, performans mekanlar\u0131na ve belediye ofislerine ev sahipli\u011fi yapar. Hemen \u00f6tesinde, Wasit Banliy\u00f6s\u00fc, bir zamanlar sadece \u00e7\u00f6l ve kabile topraklar\u0131yla s\u0131n\u0131rlanm\u0131\u015f olan \u015fehrin 20. y\u00fczy\u0131ldaki i\u00e7 kesimlere do\u011fru geni\u015flemesini i\u015faret eder.<\/p>\n<p>Sharjah&#039;\u0131n merkezinde Al Hisn veya Sharjah Kalesi yer al\u0131r. 1823&#039;te hem bir kale hem de Al Qasimi ikametgah\u0131 olarak in\u015fa edilen kalenin kal\u0131n mercan s\u0131val\u0131 duvarlar\u0131 ve ba\u011fl\u0131 palmiye has\u0131r\u0131ndan tavanlar\u0131 yirmi y\u0131l boyunca restore edildi ve 2015&#039;te a\u00e7\u0131k hava m\u00fczesi olarak yeniden a\u00e7\u0131ld\u0131. Yak\u0131nlarda, Al Mahatta M\u00fczesi eski Imperial Airways hava pistini ve biti\u015fikteki kaleyi i\u015fgal ederek 1932&#039;deki ilk uluslararas\u0131 ini\u015fi ve sitenin daha sonra Kraliyet Hava Kuvvetleri \u00fcss\u00fc olarak hizmet vermesini an\u0131msat\u0131r.<\/p>\n<p>Sharjah Miras B\u00f6lgesi\u2014veya Sharjah&#039;\u0131n Kalbi\u2014eski \u015fehri restore eden uzun vadeli bir projedir. 2025&#039;e kadar tamamlanmas\u0131 gereken be\u015f a\u015fama boyunca geleneksel evler, \u00e7ar\u015f\u0131lar ve kamu binalar\u0131 restore edilerek galeriler, oteller ve yeniden canland\u0131r\u0131lan Souk Al Arsa ile a\u00e7\u0131k hava ya\u015fayan bir m\u00fcze yarat\u0131l\u0131yor.<\/p>\n<p>\u00c7\u00f6l \u015fehrinin ortas\u0131nda ye\u015fil bir vaha f\u0131\u015fk\u0131r\u0131yor. Yakla\u015f\u0131k 59.000 m\u00b2&#039;lik Sharjah Milli Park\u0131, piknik alanlar\u0131, \u00e7ocuk oyun alanlar\u0131 ve bir \u00f6rdek havuzunun cennetidir. Bisiklet yollar\u0131, yerel simge yap\u0131lar\u0131n minyat\u00fcr kil modellerinin yan\u0131ndan ge\u00e7erken, mangallar hurma a\u011fa\u00e7lar\u0131n\u0131n alt\u0131nda manzaray\u0131 s\u00fcsl\u00fcyor. Khalid Lag\u00fcn\u00fc&#039;n\u00fcn yan\u0131ndaki bir e\u011flence b\u00f6lgesi olan Al Majaz Waterfront, sesli ve g\u00f6r\u00fcnt\u00fcl\u00fc dans eden \u00e7e\u015fme, mini golf sahalar\u0131 ve aile dostu gezintilerle sizi b\u00fcy\u00fcl\u00fcyor. 2023&#039;teki yenileme \u00e7al\u0131\u015fmalar\u0131, alt\u0131 ay boyunca 5,5 milyon AED&#039;lik bir maliyetle yeni yollar, oyun alanlar\u0131 ve park yeri ekledi.<\/p>\n<p>K\u0131sa bir tekne yolculu\u011fu veya yaya ge\u00e7idi, bah\u00e7elerin, sanat enstalasyonlar\u0131n\u0131n ve dingin Edebiyat Pavyonu&#039;nun heykelsi bir s\u0131\u011f\u0131na\u011f\u0131 olan Al Noor Adas\u0131&#039;na g\u00f6t\u00fcr\u00fcr. Ziyaret\u00e7iler sanatsal \u0131\u015f\u0131k g\u00f6sterilerinin alt\u0131nda gezinir ve \u015fehrin kinetik enerjisine sessiz bir kar\u015f\u0131tl\u0131k bularak &#034;OVO&#034; ve &#034;Torus&#034; heykellerinin yan\u0131nda dururlar.<\/p>\n<p>\u015eehir merkezinin kuzeyindeki Maryam Adas\u0131, k\u0131y\u0131 ya\u015fam\u0131na \u00f6nemli bir yat\u0131r\u0131m\u0131 temsil ediyor. 310.000 m\u00b2&#039;lik bir yap\u0131 alan\u0131yla 460.000 m\u00b2&#039;yi kaplayan ada, tamamland\u0131\u011f\u0131nda 38 konut kulesine ev sahipli\u011fi yapacak ve 35.000&#039;den fazla \u00fcniteye ev sahipli\u011fi yapacak. 900 metrelik bir gezinti yolu, bir i\u00e7 bah\u00e7e, fitness kul\u00fcpleri ve d\u00f6rt hektarl\u0131k bir park, kendi kendine yeten bir topluluk vaat ediyor.<\/p>\n<p>Daha i\u00e7 kesimlerde, Al Qasba Kanal\u0131 emirli\u011fin i\u00e7inden kilometrelerce uzunlukta bir koridor a\u00e7ar. Ma\u011fazalar, restoranlar ve apartman binalar\u0131yla \u00e7evrili olan a\u00e7\u0131k hava tiyatrosu her y\u0131l binlerce ki\u015fiyi \u00e7eken konserler ve festivallere ev sahipli\u011fi yapar.<\/p>\n<p>Sharjah&#039;\u0131n b\u00f6lgesel faunay\u0131 koruma konusundaki kararl\u0131l\u0131\u011f\u0131, 1999&#039;da uluslararas\u0131 havaalan\u0131n\u0131n yak\u0131n\u0131nda kurulan Arabian Wildlife Centre&#039;da a\u00e7\u0131k\u00e7a g\u00f6r\u00fclmektedir. \u00c7\u00f6l tilkilerinden uzun kulakl\u0131 kirpilere kadar, Arabistan&#039;\u0131n sert iklimine adapte olmu\u015f y\u00fczden fazla t\u00fcr sergilenmektedir. Karde\u015f bir tesis olan Breeding Centre for Endangered Wildlife, halka kapat\u0131ld\u0131\u011f\u0131nda sakinlerini (Arap leoparlar\u0131 dahil) Kalba&#039;daki Al Hefaiyah Conservation Centre&#039;a transfer etti. Sharjah&#039;\u0131n yaban hayat\u0131 kurumlar\u0131, Yemen&#039;deki hayvanat bah\u00e7elerine hayvan y\u00f6netimi ve veterinerlik uzmanl\u0131\u011f\u0131 konusunda yard\u0131mc\u0131 olarak ulusal s\u0131n\u0131rlar\u0131n \u00f6tesine destek vermektedir.<\/p>\n<p>Sharjah Sanat Vakf\u0131 iddial\u0131 enstalasyonlar\u0131 destekledi. 2018&#039;de, Random International&#039;\u0131n Ya\u011fmur Odas\u0131, Al Majarrah&#039;ta kal\u0131c\u0131 olarak a\u00e7\u0131ld\u0131 ve ziyaret\u00e7ilerin \u0131slanmadan ya\u011fmurda y\u00fcr\u00fcmelerine olanak sa\u011flad\u0131; hareket sens\u00f6rleri her ki\u015finin etraf\u0131ndaki damlalar\u0131 durdurdu. 2010&#039;dan beri her y\u0131l d\u00fczenlenen Sharjah I\u015f\u0131k Festivali, \u015fehrin d\u00f6rt bir yan\u0131ndaki binalar\u0131 lazer projeksiyonlar\u0131 ve tematik anlat\u0131larla d\u00f6n\u00fc\u015ft\u00fcr\u00fcyor.<\/p>\n<p>Emirli\u011fin en kendine \u00f6zg\u00fc mekanlar\u0131ndan biri olan Flying Saucer, ba\u015flang\u0131\u00e7ta 1970&#039;lerde brutalist bir kafeydi, 2015&#039;te yeniden in\u015fa edildi ve 2020&#039;de bir sanat merkezi olarak yeniden a\u00e7\u0131ld\u0131. Dairesel formu ve V \u015feklindeki s\u00fctunlarla desteklenen disk \u015feklindeki \u00e7at\u0131s\u0131, palmiye a\u011fa\u00e7lar\u0131n\u0131n \u00fczerinde duran bir uzay gemisini and\u0131r\u0131yor.<\/p>\n<p>Camiler ufuk \u00e7izgisini vurgular. May\u0131s 2019&#039;da Tay&#039;da a\u00e7\u0131l\u0131\u015f\u0131 yap\u0131lan Sharjah Camii, 25.000 ibadet edeni a\u011f\u0131rlar ve 5.000 ki\u015filik i\u00e7 mekana sahiptir. A\u00e7\u0131l\u0131\u015f\u0131, her biri Kur&#039;an&#039;dan bir ayet ta\u015f\u0131yan alt\u0131n ve g\u00fcm\u00fc\u015ften bas\u0131lm\u0131\u015f anma paralar\u0131yla kutland\u0131. Ondan \u00f6nce, merhum Suudi h\u00fck\u00fcmdar\u0131n\u0131n ad\u0131n\u0131 ta\u015f\u0131yan Kral Faysal Camii, emirli\u011fin en b\u00fcy\u00fck ibadethanesiydi.<\/p>\n<p>\u0130slami merkezlerin \u00f6tesinde, Sharjah di\u011fer inan\u00e7lara da ev sahipli\u011fi yapmaktad\u0131r. 1997&#039;de, St Mary&#039;s Jacobite Suriye Katedrali, \u00f6ncelikli olarak Kerala ve G\u00fcney Hindistan&#039;dan gelen S\u00fcryani Ortodoks g\u00f6\u00e7men toplulu\u011funa hizmet etmek \u00fczere kutsanm\u0131\u015ft\u0131r. Bu kilise, emirli\u011fin yerel gelene\u011fe sayg\u0131 s\u0131n\u0131rlar\u0131 i\u00e7inde b\u00fcy\u00fcyen \u00e7e\u015fitlili\u011finin bir kan\u0131t\u0131 olarak durmaktad\u0131r.<\/p>\n<p>Aral\u0131k 2020&#039;de h\u00fck\u00fcmdar, Ba\u011fdat&#039;\u0131n b\u00fcy\u00fck Abbasi kurumundan esinlenerek tasarlanm\u0131\u015f bir k\u00fct\u00fcphane olan Bilgelik Evi&#039;ni a\u00e7t\u0131. Foster and Partners taraf\u0131ndan tasarlanan on iki bin metrekarelik alanda okuma salonlar\u0131, dijital ar\u015fivler ve Gerry Judah&#039;\u0131n &#034;The Scroll&#034; adl\u0131 \u00e7arp\u0131c\u0131 bir heykeli bulunuyor ve bu heykel, Sharjah&#039;\u0131n UNESCO D\u00fcnya Kitap Ba\u015fkenti stat\u00fcs\u00fcn\u00fc an\u0131yor.<\/p>\n<p>Sharjah&#039;\u0131n iklimi s\u0131cak \u00e7\u00f6l olarak s\u0131n\u0131fland\u0131r\u0131l\u0131r. Yaz s\u0131cakl\u0131klar\u0131 d\u00fczenli olarak 40 \u00b0C&#039;nin \u00fczerine \u00e7\u0131kar, bazen Temmuz ve A\u011fustos aylar\u0131nda 45 \u00b0C&#039;ye ula\u015f\u0131r. K\u0131\u015flar \u0131l\u0131mand\u0131r, g\u00fcnd\u00fcz s\u0131cakl\u0131klar\u0131 nadiren 30 \u00b0C&#039;yi a\u015far. Ya\u011f\u0131\u015flar seyrek ve d\u00fczensizdir, Kas\u0131m&#039;dan Nisan&#039;a kadar yo\u011funla\u015f\u0131r, \u015eubat ve Mart aylar\u0131 y\u0131ll\u0131k ya\u011f\u0131\u015f\u0131n \u00fc\u00e7te ikisinden fazlas\u0131n\u0131 olu\u015fturur.<\/p>\n<p>Ula\u015ft\u0131rma altyap\u0131s\u0131 hem b\u00fcy\u00fcmeyi hem de h\u0131rs\u0131 yans\u0131t\u0131r. Sharjah Uluslararas\u0131 Havaalan\u0131\u20141976&#039;dan \u00f6nce b\u00f6lgenin ana havac\u0131l\u0131k kap\u0131s\u0131yd\u0131\u2014Orta Do\u011fu&#039;nun \u00fc\u00e7\u00fcnc\u00fc b\u00fcy\u00fck hava kargo merkezi olmaya devam ediyor. Air Arabia&#039;n\u0131n varl\u0131\u011f\u0131, eski Mahatta pistinin biti\u015fi\u011finde yo\u011fun bir sivil terminali te\u015fvik etti.<\/p>\n<p>Karada, emirlikleri birbirine ba\u011flayan &#034;E&#034; yollar\u0131 ve yerel alanlara hizmet eden &#034;S&#034; yollar\u0131 olmak \u00fczere iki s\u0131n\u0131f otoyol, emirlik boyunca kesi\u015fir. \u00d6nemli ana yollar aras\u0131nda Dubai ve Ajman&#039;\u0131 birbirine ba\u011flayan E 11 (Al Ittihad); Ajman ve Ras al\u2011Khaimah&#039;a giden E 311 (\u015eeyh Muhammed Bin Zayed Yolu); ve Hajar Da\u011flar\u0131&#039;ndan Fujairah&#039;a do\u011fru k\u0131vr\u0131lan E 88 bulunur.<\/p>\n<p>Emirates Cab, Union Taxi ve Sharjah Taxi gibi isimler alt\u0131nda franchise verilen taksi hizmetleri, s\u0131n\u0131r \u00f6tesi yolculuklar i\u00e7in sabit emirlikler aras\u0131 \u00fccretlerle taksimetrelerle \u00e7al\u0131\u015f\u0131r. Sharjah Toplu Ta\u015f\u0131mac\u0131l\u0131k \u015eirketi, d\u00fc\u015f\u00fck gelirli sakinler i\u00e7in uygun fiyatl\u0131 hareketlilik sunarak \u00f6nceden belirlenmi\u015f rotalar boyunca payla\u015f\u0131ml\u0131 taksileri denetler. \u015eehirleraras\u0131 otob\u00fcsler, Sharjah&#039;\u0131 Al Jubail otob\u00fcs istasyonundan di\u011fer t\u00fcm emirliklerle ba\u011flayarak Abu Dabi, Ras al\u2011Khaimah ve Fujairah gibi \u015fehirlerin g\u00fcnl\u00fck programlarla ba\u011flant\u0131l\u0131 kalmas\u0131n\u0131 sa\u011flar.<\/p>\n<p>Dubai ve Abu Dabi&#039;deki metrolardan sonra BAE&#039;deki \u00fc\u00e7\u00fcnc\u00fc metro olan Sharjah Metrosu ve 2015&#039;ten beri bir tramvay i\u00e7in planlar ilerliyor. Bu sistemler birlikte Sharjah ile daha b\u00fcy\u00fck kom\u015fusu Dubai aras\u0131nda seyahat eden yolcularla dolu yollardaki s\u0131k\u0131\u015f\u0131kl\u0131\u011f\u0131 hafifletmeyi ama\u00e7l\u0131yor.<\/p>\n<p>Dubai&#039;nin y\u00fckselen kuleleri veya Abu Dabi&#039;nin g\u00f6rkemli caddelerinin aksine, Sharjah K\u00f6rfez&#039;deki kentsel ya\u015fam\u0131n daha samimi bir vizyonunu sunar. Her biri kendisi de e\u011fitimli bir mimar olan h\u00fck\u00fcmdar taraf\u0131ndan Emevi ve Abbasi stillerinde tasarlanan kamu binalar\u0131, b\u00f6lgesel gelenekte k\u00f6k salm\u0131\u015f tutarl\u0131 bir estetik sunar. Arap\u00e7a ve \u0130ngilizce tabelalar\u0131 payla\u015f\u0131r; G\u00fcney Asya, Rus\u00e7a ve di\u011fer diller kafelerini ve pazarlar\u0131n\u0131 doldurur.<\/p>\n<p>K\u00fcreselle\u015fmi\u015f g\u00f6sterinin cilas\u0131 olmadan \u0130slam sanat\u0131na ve mimarisine tan\u0131kl\u0131k etmek isteyen ziyaret\u00e7iler i\u00e7in Sharjah, hem b\u00f6lgenin ge\u00e7mi\u015fine bir mercek hem de \u00e7a\u011fda\u015f ifade i\u00e7in bir platform sunuyor. Parklar\u0131 ve k\u0131y\u0131lar\u0131 ailelere; m\u00fczeleri ve festivalleri akademisyenlere ve hayalperestlere hitap ediyor. Burada, ticaret ve koruma, end\u00fcstri ve i\u00e7 g\u00f6zlem, ba\u015far\u0131s\u0131n\u0131 yaln\u0131zca ekonomik rakamlarla de\u011fil, ayn\u0131 zamanda haf\u0131zan\u0131n idaresiyle \u00f6l\u00e7en bir \u015fehirde bir araya geliyor. Ve b\u00f6ylece Sharjah, miras\u0131n ritimlerinin yar\u0131n\u0131n h\u0131rslar\u0131n\u0131 \u015fekillendirdi\u011fi bir yer olarak varl\u0131\u011f\u0131n\u0131 s\u00fcrd\u00fcr\u00fcyor.<\/p>","protected":false},"excerpt":{"rendered":"<p>Birle\u015fik Arap Emirlikleri&#039;nin \u00fc\u00e7\u00fcnc\u00fc en kalabal\u0131k \u015fehri olan Sharjah, 2023 itibar\u0131yla 1.800.000&#039;i a\u015fan bir n\u00fcfusa sahiptir. Dubai-Sharjah-Ajman metropol b\u00f6lgesinde kas\u0131tl\u0131 olarak yer alan bu enerjik \u015fehir, Sharjah Emirli\u011fi&#039;nin ba\u015fkentidir. Sharjah, tarihi \u00f6nem ve modern geli\u015fimin \u00f6zel kar\u0131\u015f\u0131m\u0131 yoluyla BAE sahnesinde kendine farkl\u0131 bir kimlik yaratm\u0131\u015ft\u0131r.<\/p>","protected":false},"author":1,"featured_media":4546,"parent":15472,"menu_order":0,"comment_status":"closed","ping_status":"closed","template":"elementor_theme","meta":{"_eb_attr":"","footnotes":""},"class_list":["post-15484","page","type-page","status-publish","has-post-thumbnail"],"_links":{"self":[{"href":"https:\/\/travelshelper.com\/tr\/wp-json\/wp\/v2\/pages\/15484","targetHints":{"allow":["GET"]}}],"collection":[{"href":"https:\/\/travelshelper.com\/tr\/wp-json\/wp\/v2\/pages"}],"about":[{"href":"https:\/\/travelshelper.com\/tr\/wp-json\/wp\/v2\/types\/page"}],"author":[{"embeddable":true,"href":"https:\/\/travelshelper.com\/tr\/wp-json\/wp\/v2\/users\/1"}],"replies":[{"embeddable":true,"href":"https:\/\/travelshelper.com\/tr\/wp-json\/wp\/v2\/comments?post=15484"}],"version-history":[{"count":0,"href":"https:\/\/travelshelper.com\/tr\/wp-json\/wp\/v2\/pages\/15484\/revisions"}],"up":[{"embeddable":true,"href":"https:\/\/travelshelper.com\/tr\/wp-json\/wp\/v2\/pages\/15472"}],"wp:featuredmedia":[{"embeddable":true,"href":"https:\/\/travelshelper.com\/tr\/wp-json\/wp\/v2\/media\/4546"}],"wp:attachment":[{"href":"https:\/\/travelshelper.com\/tr\/wp-json\/wp\/v2\/media?parent=15484"}],"curies":[{"name":"wp","href":"https:\/\/api.w.org\/{rel}","templated":true}]}}