{"id":15472,"date":"2024-09-21T13:55:29","date_gmt":"2024-09-21T13:55:29","guid":{"rendered":"https:\/\/travelshelper.com\/staging\/?page_id=15472"},"modified":"2026-03-11T21:52:17","modified_gmt":"2026-03-11T21:52:17","slug":"birlesik-arap-emirlikleri","status":"publish","type":"page","link":"https:\/\/travelshelper.com\/tr\/destinations\/asia\/united-arab-emirates\/","title":{"rendered":"Birle\u015fik Arap Emirlikleri"},"content":{"rendered":"<p>Arap Yar\u0131madas\u0131&#039;n\u0131n do\u011fu ucunda yer alan Birle\u015fik Arap Emirlikleri (BAE), h\u0131zl\u0131 d\u00f6n\u00fc\u015f\u00fcm\u00fcn \u00e7arp\u0131c\u0131 bir \u00f6rne\u011fi olarak ortaya \u00e7\u0131k\u0131yor. Yar\u0131m as\u0131rdan biraz fazla bir s\u00fcrede, k\u00fc\u00e7\u00fck k\u0131y\u0131 \u015feyhlikleri ve \u00e7\u00f6l vahalar\u0131n\u0131n bir araya gelmesi, her biri kendi h\u00fck\u00fcmdar\u0131 taraf\u0131ndan y\u00f6netilen, ancak federal bir se\u00e7meli monar\u015fi alt\u0131nda birbirine ba\u011fl\u0131 yedi emirlikten olu\u015fan bir federasyona d\u00f6n\u00fc\u015ft\u00fc: Abu Dabi, Dubai, \u015earika, Acman, Umm al-Kayveyn, Ras al-Hayme ve F\u00fcceyre. Ba\u015fkanl\u0131\u011f\u0131n merkezi ve siyasi merkez olarak Abu Dabi ile federasyon, yakla\u015f\u0131k 83.600 kilometrekarelik bir alana yay\u0131l\u0131yor ve topraklar\u0131, hareket eden kumullar, \u0131ss\u0131z da\u011flar, \u0131\u015f\u0131lt\u0131l\u0131 k\u0131y\u0131 \u015feritleri ve s\u0131n\u0131rlar\u0131 ge\u00e7mi\u015f anla\u015fmalar\u0131 ve devam eden anla\u015fmazl\u0131klar\u0131 f\u0131s\u0131ldayan yerle\u015fim yerleriyle i\u015faretleniyor.<\/p>\n<p>Emirlikler&#039;in konturlar\u0131 hem \u00e7\u00f6l hem de deniz taraf\u0131ndan belirlenir. G\u00fcneybat\u0131 ve bat\u0131da Suudi Arabistan; do\u011fu ve kuzeydo\u011fuda Umman; Basra K\u00f6rfezi&#039;nin sular\u0131nda Katar ve \u0130ran; kuzeydo\u011fuda ise Umman K\u00f6rfezi Hint Okyanusu&#039;na do\u011fru a\u00e7\u0131l\u0131r. Bo\u015f Mahalle olarak da bilinen Rub al-Khali, Abu Dabi&#039;nin g\u00fcney kesimlerine yanm\u0131\u015f sar\u0131 kum denizinde bask\u0131 yapar. Daha kuzeyde, Hajar Da\u011flar\u0131 manzaray\u0131 b\u00f6ler, gri kire\u00e7ta\u015f\u0131 s\u0131rtlar\u0131 Ras al-Khaimah&#039;daki Jebel Jais&#039;te yakla\u015f\u0131k 1.900 metreye kadar y\u00fckselir. Bu u\u00e7lar aras\u0131nda vahalar bulunur: Suudi s\u0131n\u0131r\u0131na yak\u0131n geni\u015f ve izole Liwa; Umman s\u0131n\u0131r\u0131nda yer alan Al-Buraimi; ve birli\u011fin k\u0131t yeralt\u0131 suyuna hakimiyetinin kan\u0131t\u0131 olan Al Ain&#039;deki insan yap\u0131m\u0131 Zakher G\u00f6l\u00fc.<\/p>\n<p>K\u0131y\u0131 ovalar\u0131, y\u0131l\u0131n b\u00fcy\u00fck b\u00f6l\u00fcm\u00fcnde amans\u0131z g\u00fcne\u015fle yanan bir g\u00f6ky\u00fcz\u00fcn\u00fcn alt\u0131nda uzan\u0131r. Yakla\u015f\u0131k 650 kilometrelik k\u0131y\u0131 \u015feridi boyunca, tuz d\u00fczl\u00fckleri petrol kulelerine, limanlara ve \u015fehirlere yer a\u00e7madan \u00f6nce i\u00e7 kesimlere do\u011fru uzan\u0131r. Bir zamanlar m\u00fctevaz\u0131 olan Dubai&#039;nin do\u011fal liman\u0131, tarama yoluyla geni\u015fletilmi\u015ftir; Abu Dabi, \u015earika ve di\u011fer emirlikler, Emirlikleri k\u00fcresel ticarete ba\u011flayan derin su limanlar\u0131n\u0131 s\u00fcrd\u00fcrmektedir. Yine de bu insan yap\u0131m\u0131 limanlar, uzun zamand\u0131r denizcilerin becerilerini test eden mercan resifleri ve kayan kum setlerinin yan\u0131nda yer almaktad\u0131r. G\u00fc\u00e7l\u00fc gelgitler ve ani r\u00fczgar f\u0131rt\u0131nalar\u0131, ulusal zenginli\u011fin temelini olu\u015fturan siyah alt\u0131nla y\u00fckl\u00fc dev tankerlerin ge\u00e7i\u015fini kolayla\u015ft\u0131ran son teknoloji navigasyon ve elektronik pilot sistemlerine ra\u011fmen k\u0131y\u0131 \u015feridini \u015fekillendirmeye devam etmektedir.<\/p>\n<p>\u0130klim \u00e7\u00f6l emrini takip eder: yazlar kavurucudur, g\u00fcnd\u00fcz s\u0131cakl\u0131klar\u0131 ovalarda s\u0131kl\u0131kla 45 \u00b0C&#039;yi a\u015far; k\u0131\u015flar \u0131l\u0131k kal\u0131r, c\u0131va geceleri 10-14 \u00b0C&#039;ye d\u00fc\u015fer. Ya\u011f\u0131\u015flar yetersizdir, genellikle daha so\u011fuk aylarda k\u0131sa, \u015fiddetli patlamalar halinde d\u00fc\u015fer, zaman zaman kuru vadi yataklar\u0131n\u0131 aniden nehirlere d\u00f6n\u00fc\u015ft\u00fcr\u00fcr. Da\u011flarda ya\u011f\u0131\u015f biraz daha c\u00f6merttir ve zaman zaman kar olarak d\u00fc\u015fer - en \u00fcnl\u00fcs\u00fc Aral\u0131k 2004&#039;te Jebel Jais&#039;te zirvenin ilk kez kaydedilen beyaz tozla kaplanmas\u0131d\u0131r. Toz f\u0131rt\u0131nalar\u0131 uyar\u0131 vermeden y\u00fckselebilir, otoyollar\u0131 ve \u00e7\u00f6l yollar\u0131n\u0131 \u00f6rtebilirken, yerel olarak Sharqi olarak bilinen g\u00fcneydo\u011fudan gelen nemli r\u00fczgarlar yaz sonlar\u0131nda k\u0131y\u0131 boyunca rahats\u0131z edici bir nemli hava getirir.<\/p>\n<p>1971&#039;de Britanya&#039;n\u0131n himayelerinden \u00e7ekilmesiyle tasarlanan federal yap\u0131, her emirli\u011fe geni\u015f bir \u00f6zerklik tahsis ediyor. Ulusal topraklar\u0131n yakla\u015f\u0131k &#039;sini olu\u015fturan Abu Dabi, \u00f6nemli bir etkiye sahip: y\u00f6neticisi geleneksel olarak federasyon ba\u015fkan\u0131 olarak hizmet ediyor ve gelirleri (esas olarak petrol ve gazdan) birli\u011fin sa\u011fl\u0131k, e\u011fitim ve altyap\u0131 harcamalar\u0131n\u0131n \u00e7o\u011funu finanse ediyor. Alan olarak en k\u00fc\u00e7\u00fck ancak n\u00fcfusu en kalabal\u0131k olan Dubai, ticaret, havac\u0131l\u0131k ve turizme odaklanarak 10 milyondan fazla sakinin ve ziyaret\u00e7inin kayna\u015ft\u0131\u011f\u0131 uluslararas\u0131 bir merkez olarak ortaya \u00e7\u0131k\u0131yor. Sharjah, daha muhafazakar bir sosyal iklimi s\u00fcrd\u00fcr\u00fcyor, k\u0131y\u0131 \u015feridi Arap miras\u0131na selam veren end\u00fcstriyel alanlar ve k\u00fclt\u00fcrel b\u00f6lgelerle noktalan\u0131yor. Kuzeydeki emirlik d\u00f6rtl\u00fcs\u00fc (Fujairah, Ajman, Ras al-Khaimah ve Umm al-Quwain), her biri gelenek ve modernitenin kendi dengesini sunan k\u0131y\u0131 b\u00f6lgelerini, da\u011f inzivalar\u0131n\u0131 ve \u00e7\u00f6l alanlar\u0131n\u0131 bir araya getiriyor.<\/p>\n<p>N\u00fcfus dinamikleri federasyonun tekil karakterini g\u00f6stermektedir. 2024 ortas\u0131 itibar\u0131yla yakla\u015f\u0131k 10 milyon ki\u015fi BAE&#039;yi ev olarak adland\u0131r\u0131yor, ancak Emirlik vatanda\u015flar\u0131 bu toplam\u0131n yaln\u0131zca yakla\u015f\u0131k y\u00fczde on birini olu\u015fturuyor. Geri kalan\u0131 in\u015faat, misafirperverlik, finans ve say\u0131s\u0131z hizmet sekt\u00f6r\u00fcndeki istihdamla gelen g\u00f6\u00e7menlerden olu\u015fuyor. Hintliler n\u00fcfusun yakla\u015f\u0131k d\u00f6rtte birini olu\u015fturuyor, ard\u0131ndan Pakistanl\u0131lar, Banglade\u015fliler ve Filipinliler geliyor; Bat\u0131l\u0131 g\u00f6\u00e7menlerin say\u0131s\u0131 on binleri buluyor. Bu dengesizlik, yerel geleneklerin k\u00fcreselle\u015fmi\u015f ya\u015fam tarzlar\u0131yla uyumsuz bir \u015fekilde bir arada var oldu\u011fu bir toplum yaratt\u0131. Arap\u00e7a resmi stat\u00fcye sahip ve \u0130slam yasal \u00e7er\u00e7eveyi \u015fekillendiriyor; ancak \u0130ngilizce i\u015f, e\u011fitim ve g\u00fcnl\u00fck ticarette h\u00fck\u00fcm s\u00fcr\u00fcyor. Devlet di\u011fer inan\u00e7lara ho\u015fg\u00f6r\u00fc g\u00f6steriyor, kiliselerin faaliyet g\u00f6stermesine ve M\u00fcsl\u00fcman olmayan az\u0131nl\u0131klar\u0131n \u00f6zg\u00fcrce ibadet etmesine izin veriyor, \u00e7o\u011funluk S\u00fcnni M\u00fcsl\u00fcman olarak kalsa bile - \u00f6nemli bir \u015eii toplulu\u011fu, \u0130badi ve Sufi etkileriyle birlikte federasyonda yer al\u0131yor.<\/p>\n<p>Petrol ve do\u011fal gaz, BAE&#039;nin zenginli\u011finin merkezinde yer almaya devam ediyor. \u00dclke, hem petrol hem de gaz rezervlerinin d\u00fcnyadaki en b\u00fcy\u00fck on sahibi aras\u0131nda yer al\u0131yor. Federasyonun kurucu ba\u015fkan\u0131 \u015eeyh Zayed bin Sultan Al Nahyan&#039;\u0131n vizyonuyla y\u00f6nlendirilen gelirler, hastanelere, okullara, otoyollara ve limanlara yat\u0131r\u0131ld\u0131 ve Emirlikler&#039;in moderniteye do\u011fru s\u0131\u00e7ramas\u0131na olanak sa\u011flad\u0131. 21. y\u00fczy\u0131l\u0131n ba\u015f\u0131ndan bu yana, liderler ekonomiyi bilin\u00e7li olarak geni\u015flettiler. Turizm, finans, gayrimenkul, lojistik ve teknoloji art\u0131k b\u00fcy\u00fcmeyi y\u00f6nlendiriyor ve petrol d\u0131\u015f\u0131 sekt\u00f6rler de\u011fer ve istihdam a\u00e7\u0131s\u0131ndan geni\u015fliyor. Uzun zamand\u0131r bir antrepo olan Dubai, d\u00fcnyan\u0131n en yo\u011fun iki havaliman\u0131na ev sahipli\u011fi yap\u0131yor: Dubai Uluslararas\u0131 Havaliman\u0131 ve y\u00fckselen Al Maktoum. Abu Dabi ise Louvre Abu Dabi ve planlanan Guggenheim uydusu gibi k\u00fcresel konferanslar\u0131n ve k\u00fclt\u00fcrel projelerin ba\u015fkenti olarak ortaya \u00e7\u0131kt\u0131. Monolitik bir hidrokarbon ihracat\u00e7\u0131s\u0131ndan \u00e7e\u015fitlendirilmi\u015f bir orta g\u00fc\u00e7 haline d\u00f6n\u00fc\u015fme s\u00fcreci sorunsuz olmad\u0131. 2015&#039;ten 2019&#039;a kadar b\u00fcy\u00fcme zaman zaman duraklad\u0131. Ancak 2000 ile 2018 y\u0131llar\u0131 aras\u0131nda ortalama y\u00fczde 4 civar\u0131ndaki reel GSY\u0130H kazan\u0131mlar\u0131 genel olarak olumlu bir e\u011filimin alt\u0131n\u0131 \u00e7iziyor.<\/p>\n<p>Bununla birlikte, servet ve siyasi otoritenin yo\u011funla\u015fmas\u0131 ele\u015ftirileri davet ediyor. Uluslararas\u0131 insan haklar\u0131 \u00f6rg\u00fctleri, h\u00fck\u00fcmeti toplanma, ifade ve bas\u0131n \u00f6zg\u00fcrl\u00fcklerini k\u0131s\u0131tlad\u0131\u011f\u0131 ve yarg\u0131lama olmaks\u0131z\u0131n uzun s\u00fcreli g\u00f6zalt\u0131lara izin veren bir hukuk sistemi oldu\u011fu i\u00e7in su\u00e7luyor. Muhaliflere y\u00f6nelik i\u015fkence, zorla kaybetme ve taciz raporlar\u0131 devam ediyor. D\u00fc\u015f\u00fck \u00fccretli sekt\u00f6rlerdeki \u00e7al\u0131\u015fanlar genellikle zor ko\u015fullara, s\u0131n\u0131rl\u0131 korumalara ve \u00f6rg\u00fctlenmeye y\u00f6nelik engellere katlan\u0131yor. \u00dclkenin insan \u00f6zg\u00fcrl\u00fc\u011f\u00fc endeksi puanlar\u0131 bir\u00e7ok meslekta\u015f\u0131n\u0131n puanlar\u0131n\u0131n gerisinde kal\u0131yor ve g\u00f6zlemcilere ekonomik a\u00e7\u0131kl\u0131\u011f\u0131n siyasi liberalle\u015fmeyle e\u015fle\u015fmedi\u011fini hat\u0131rlat\u0131yor.<\/p>\n<p>Altyap\u0131 yat\u0131r\u0131mlar\u0131 h\u0131zla ilerledi. En dikkat \u00e7ekeni Abu Dabi&#039;den Dubai, Sharjah ve \u00f6tesine uzanan E11 olmak \u00fczere bir otoyol a\u011f\u0131, b\u00fcy\u00fck n\u00fcfus merkezlerini birbirine ba\u011fl\u0131yor. Dubai&#039;deki Salik \u00fczerinden elektronik ge\u00e7i\u015f \u00fccreti trafi\u011fi y\u00f6netiyor ve bak\u0131m\u0131 finanse ediyor. Kentsel ula\u015f\u0131m sistemleri k\u00f6k sald\u0131: Dubai Metrosu, s\u00fcr\u00fcc\u00fcs\u00fcz ve b\u00f6lgenin ilk h\u0131zl\u0131 ula\u015f\u0131m a\u011f\u0131, g\u00f6kdelenlerin alt\u0131ndan ge\u00e7iyor; tramvaylar ve monoraylar Palm Jumeirah ve Al Sufouh gibi b\u00f6lgelere hizmet veriyor. 1.200 kilometrelik ulusal demir yolu planlar\u0131 limanlar\u0131, sanayi b\u00f6lgelerini ve i\u00e7 kesimlerdeki \u015fehirleri birbirine ba\u011flamay\u0131 vaat ediyor, ancak tamamlanmas\u0131 y\u0131llar alacak.<\/p>\n<p>Deniz lojisti\u011fi ba\u015fka bir aya\u011f\u0131 temsil eder. Khalifa Liman\u0131, Jebel Ali, Zayed Liman\u0131 ve di\u011ferleri yaln\u0131zca b\u00f6lgesel pazarlara de\u011fil, ayn\u0131 zamanda \u00c7in, G\u00fcney Asya, Afrika ve Avrupa&#039;y\u0131 birbirine ba\u011flayan eski ticaret yollar\u0131n\u0131n modern bir \u00f6rne\u011fi olan daha geni\u015f Deniz \u0130pek Yolu&#039;na da ge\u00e7itler olu\u015fturur. Otomasyon, h\u0131zl\u0131 elle\u00e7leme ve derin r\u0131ht\u0131mlar, Emirlikler&#039;in geleneksel merkezlerle rekabet etmesini sa\u011flar; h\u0131rslar Kafkasya ve Avrupa&#039;dan ge\u00e7en demir yolu ba\u011flant\u0131lar\u0131n\u0131 kullanmaya, K\u00f6rfez \u00f6tesinde ba\u011flant\u0131lar\u0131 derinle\u015ftirmeye kadar uzan\u0131r.<\/p>\n<p>K\u00fclt\u00fcrel ya\u015fam, koruma ve yenili\u011fi dengeler. Sharjah&#039;\u0131n Miras B\u00f6lgesi&#039;nde restore edilmi\u015f r\u00fczgar kuleleri ve mercan s\u0131val\u0131 evler, Bedevi geleneklerini, inci dal\u0131\u015f\u0131n\u0131 ve erken k\u0131y\u0131 ya\u015fam\u0131n\u0131 anlatan m\u00fczelere ev sahipli\u011fi yapar. Abu Dabi&#039;nin Saadiyat Adas\u0131, k\u00fcresel \u00fcne sahip m\u00fczeleri geni\u015fletir. Bir zamanlar m\u00fctevaz\u0131 bir ticaret kasabas\u0131 olan Dubai, art\u0131k Al Quoz&#039;da galerilere ve Orta Do\u011fu ve uluslararas\u0131 yarat\u0131c\u0131lar\u0131 sergileyen b\u00f6lge sanat alanlar\u0131na ev sahipli\u011fi yap\u0131yor. K\u00f6rfez&#039;deki en eski fuar olan Sharjah Uluslararas\u0131 Kitap Fuar\u0131, her y\u0131l y\u00fczlerce yazar ve yay\u0131nc\u0131y\u0131 bir araya getiriyor.<\/p>\n<p>Edebiyat ve \u015fiirin burada derin k\u00f6kleri vard\u0131r. 15. y\u00fczy\u0131lda Ras al-Khaimah&#039;tan bir denizci ve \u015fair olan \u0130bn Mecid, Arap denizcilik incelemelerine \u00f6nc\u00fcl\u00fck etmi\u015ftir. 20. y\u00fczy\u0131l\u0131n ba\u015flar\u0131nda Mubarak Al Oqaili ve Salem bin Ali al Owais gibi yazarlar yerel leh\u00e7eleri ve folkloru \u015fiirlerinde korurken, y\u00fczy\u0131l\u0131n ortalar\u0131ndaki fig\u00fcrler ba\u011f\u0131ms\u0131zl\u0131k d\u00f6nemindeki toplumsal de\u011fi\u015fimi kay\u0131t alt\u0131na alm\u0131\u015ft\u0131r. Bug\u00fcn, Emirlikli yazarlar pastoral vahalar\u0131 cam kuleler ve k\u00fcreselle\u015fmi\u015f toplumlarla yan yana getiren anlat\u0131lar \u00f6rmeye devam etmektedir.<\/p>\n<p>Festivaller bu ikili\u011fi yans\u0131t\u0131r: Bantu-Afrika ritimlerinden t\u00fcretilen geleneksel Liwa m\u00fczi\u011fi ve dans\u0131, Dubai \u00c7\u00f6l Rock Festivali heavy metali uluslararas\u0131 sahnelere getirirken \u00e7\u00f6l toplant\u0131lar\u0131nda varl\u0131\u011f\u0131n\u0131 s\u00fcrd\u00fcr\u00fcr. Modern besteler, Emirlikler&#039;deki ya\u015fam hat\u0131rlama ve yeniden icat etme aras\u0131nda gidip gelirken, y\u00fczy\u0131llard\u0131r s\u00fcregelen rit\u00fcellerin yan\u0131nda yer bulur.<\/p>\n<p>Mutfak da birle\u015fmeden bahseder. Y\u00fczy\u0131llar boyunca deniz \u00fcr\u00fcnleri, pirin\u00e7 ve ke\u00e7i veya kuzu k\u0131y\u0131 ve Bedevi masalar\u0131n\u0131 besledi. Baharatlar ve y\u00f6ntemler Fars, Hint ve Do\u011fu Afrika ticaretiyle geldi: safranl\u0131 kahve; baharatl\u0131 bir pirin\u00e7 yeme\u011fi olan machboos; hurma yemekleri ve tatl\u0131 lugaimat. G\u00fcn\u00fcm\u00fczde, k\u00fcresel s\u00fcpermarket zincirleri her k\u0131tadan mal stoklarken bile, pazarlar yerel baharatlar ve \u00fcr\u00fcnlerle dolup ta\u015f\u0131yor. Restoranlar m\u00fctevaz\u0131 shawarma tezgahlar\u0131ndan \u00e7a\u011fda\u015f tekniklerle Arap temel yemeklerini yeniden yorumlayan kaliteli yemeklere kadar uzan\u0131yor.<\/p>\n<p>Turizm, stratejinin temel ta\u015f\u0131 haline geldi. Dubai, d\u00fcnyan\u0131n en \u00e7ok ziyaret edilen \u015fehirleri aras\u0131nda yer al\u0131yor ve sil\u00fceti \u015fu anda d\u00fcnyan\u0131n en y\u00fcksek binas\u0131 olan Burj Khalifa ile vurgulan\u0131yor. Yak\u0131nlarda, Palm Jumeirah ve The World tak\u0131madalar\u0131 denizden y\u00fckseliyor ve konut ve tatil hayat\u0131n\u0131n bir kar\u0131\u015f\u0131m\u0131n\u0131 sunuyor. Abu Dabi&#039;nin \u015eeyh Zayed Ulu Camii, mermer salonlar\u0131 ve karma\u015f\u0131k hat sanat\u0131yla hac\u0131lar\u0131 ve turistleri kendine \u00e7ekiyor. Yas Adas\u0131, Formula 1 finalinin yap\u0131ld\u0131\u011f\u0131 Ferrari World ve Yas Marina Circuit&#039;e ev sahipli\u011fi yap\u0131yor. Fujairah&#039;\u0131n Hajar etekleri ve vadileri y\u00fcr\u00fcy\u00fc\u015f\u00e7\u00fcleri ve da\u011fc\u0131lar\u0131 \u00e7a\u011f\u0131r\u0131yor; Ras al-Khaimah&#039;\u0131n Jebel Jais&#039;i d\u00fcnyan\u0131n en uzun zipline&#039;\u0131n\u0131 sunuyor. \u0130\u00e7 kesimlerde, Al Ain, g\u00f6lgelik evler, hurma a\u011fa\u00e7lar\u0131 ve M\u00d6 3. biny\u0131la tarihlenen arkeolojik kal\u0131nt\u0131larla vaha hayat\u0131n\u0131 an\u0131msat\u0131yor.<\/p>\n<p>Ancak mimarlar\u0131n \u00e7izimleri ve turist bro\u015f\u00fcrlerinin \u00f6tesinde daha karma\u015f\u0131k bir ger\u00e7eklik yat\u0131yor. G\u00f6\u00e7men i\u015f\u00e7iler genellikle l\u00fcks otellerden ve bak\u0131ml\u0131 golf sahalar\u0131ndan uzakta, kentsel \u00e7evrede bulunan \u00e7al\u0131\u015fma kamplar\u0131nda ya\u015f\u0131yor. Siyasi veya dini muhalefetin ifadesi k\u0131s\u0131tlan\u0131yor. Kad\u0131nlar, yasal olarak \u00f6rt\u00fcnmeleri gerekmese de, federasyonun \u00e7o\u011funda muhafazakar normlara uyuyor; kamusal alanlarda m\u00fctevaz\u0131 giyinmeleri bekleniyor ve camilerde zorunlu. Lisansl\u0131 mekanlarla s\u0131n\u0131rl\u0131 olan alkol, \u00f6ncelikle yabanc\u0131lara a\u00e7\u0131k olmaya devam ediyor; kamusal alanda sarho\u015f olmak cezaland\u0131r\u0131l\u0131yor. Evlilik d\u0131\u015f\u0131 seks, e\u015fcinsellik ve uyu\u015fturucu bulundurmaya kar\u015f\u0131 yasalar, hapis veya daha k\u00f6t\u00fcs\u00fcn\u00fc i\u00e7erebilen cezalarla birlikte sertli\u011fini koruyor.<\/p>\n<p>Havaalanlar\u0131ndaki g\u00fcmr\u00fck denetimleri, yurtd\u0131\u015f\u0131nda yutulan maddeler i\u00e7in kan testleri i\u00e7erebilir. \u0130\u015f g\u00f6rg\u00fc kurallar\u0131 resmiyet gerektirir: sa\u011f elle kart al\u0131\u015fveri\u015fi, sayg\u0131l\u0131 selamla\u015fmalar, pazarl\u0131kta sab\u0131r. Emirlikler hem s\u0131cakl\u0131\u011f\u0131 hem de gururu temsil eder, gelene\u011fe dikkat ederken misafirperverli\u011fe yak\u0131ndan dikkat ederler.<\/p>\n<p>Bu \u00e7eli\u015fkiler sayesinde - g\u00f6kdelenlerin h\u0131zla y\u00fckselmesi ve \u00e7\u00f6l r\u00fczgarlar\u0131n\u0131n s\u00fcrekli nabz\u0131; samimi \u00e7ar\u015f\u0131 sokaklar\u0131n\u0131n yan\u0131nda kozmopolit bankac\u0131l\u0131k b\u00f6lgeleri - BAE, z\u0131tl\u0131klar\u0131n bir incelemesi olarak kendini g\u00f6steriyor. Liderleri, hidrokarbon zenginli\u011fini par\u0131ldayan \u015fehirler in\u015fa etmek ve k\u00fcresel k\u00fclt\u00fcrel projeleri finanse etmek i\u00e7in kulland\u0131lar. Ancak, federasyonun \u00e7e\u015fitli sakinlerinin adalet, haklar ve gelece\u011fiyle ilgili sorular hala \u00e7\u00f6z\u00fclmemi\u015f durumda. Emirlikleri ge\u00e7mek, bu gerilimi ilk elden deneyimlemek demektir: g\u00fcn bat\u0131m\u0131nda par\u0131ldayan bir kulenin tepesinde durmak, \u015fafak vakti serin da\u011f havas\u0131n\u0131n f\u0131r\u00e7as\u0131n\u0131 hissetmek, bir hurma bah\u00e7esinde dola\u015fmak ve \u00e7al\u0131 kul\u00fcbelerini k\u00fcresel kav\u015faklara d\u00f6n\u00fc\u015ft\u00fcren yarat\u0131c\u0131l\u0131\u011fa hayran kalmak. Burada, tarih ve modernite bulutsuz bir g\u00f6ky\u00fcz\u00fcn\u00fcn alt\u0131nda bir araya gelerek hem insan h\u0131rs\u0131na bir tan\u0131kl\u0131k hem de ilerlemenin kendi karma\u015f\u0131kl\u0131klar\u0131n\u0131 ta\u015f\u0131d\u0131\u011f\u0131na dair bir hat\u0131rlatma sunuyor.<\/p>","protected":false},"excerpt":{"rendered":"<p>Bat\u0131 Asya&#039;da Arap Yar\u0131madas\u0131&#039;n\u0131n do\u011fu ucunda bulunan Birle\u015fik Arap Emirlikleri (BAE), 2024 itibar\u0131yla tahmini n\u00fcfusu 10 milyonu a\u015fan yedi emirlikten olu\u015fan federal bir se\u00e7imli monar\u015fidir. Umman K\u00f6rfezi&#039;ndeki Umman ile birlikte, Orta Do\u011fu&#039;da stratejik bir konuma sahip olan bu \u00fclkenin Basra K\u00f6rfezi&#039;nde Katar ve \u0130ran ile deniz s\u0131n\u0131rlar\u0131 ve Suudi Arabistan ile kara s\u0131n\u0131rlar\u0131 vard\u0131r. Ba\u015fkenti Abu Dabi&#039;dir; en kalabal\u0131k \u015fehri ve uluslararas\u0131 merkezi Dubai&#039;dir.<\/p>","protected":false},"author":1,"featured_media":2910,"parent":24063,"menu_order":0,"comment_status":"closed","ping_status":"closed","template":"elementor_theme","meta":{"_eb_attr":"","footnotes":""},"class_list":["post-15472","page","type-page","status-publish","has-post-thumbnail"],"_links":{"self":[{"href":"https:\/\/travelshelper.com\/tr\/wp-json\/wp\/v2\/pages\/15472","targetHints":{"allow":["GET"]}}],"collection":[{"href":"https:\/\/travelshelper.com\/tr\/wp-json\/wp\/v2\/pages"}],"about":[{"href":"https:\/\/travelshelper.com\/tr\/wp-json\/wp\/v2\/types\/page"}],"author":[{"embeddable":true,"href":"https:\/\/travelshelper.com\/tr\/wp-json\/wp\/v2\/users\/1"}],"replies":[{"embeddable":true,"href":"https:\/\/travelshelper.com\/tr\/wp-json\/wp\/v2\/comments?post=15472"}],"version-history":[{"count":0,"href":"https:\/\/travelshelper.com\/tr\/wp-json\/wp\/v2\/pages\/15472\/revisions"}],"up":[{"embeddable":true,"href":"https:\/\/travelshelper.com\/tr\/wp-json\/wp\/v2\/pages\/24063"}],"wp:featuredmedia":[{"embeddable":true,"href":"https:\/\/travelshelper.com\/tr\/wp-json\/wp\/v2\/media\/2910"}],"wp:attachment":[{"href":"https:\/\/travelshelper.com\/tr\/wp-json\/wp\/v2\/media?parent=15472"}],"curies":[{"name":"wp","href":"https:\/\/api.w.org\/{rel}","templated":true}]}}