{"id":15466,"date":"2024-09-21T13:48:07","date_gmt":"2024-09-21T13:48:07","guid":{"rendered":"https:\/\/travelshelper.com\/staging\/?page_id=15466"},"modified":"2026-03-11T21:44:36","modified_gmt":"2026-03-11T21:44:36","slug":"askabat","status":"publish","type":"page","link":"https:\/\/travelshelper.com\/tr\/destinations\/asia\/turkmenistan\/ashgabat\/","title":{"rendered":"A\u015fkabat"},"content":{"rendered":"<p>Karakum \u00c7\u00f6l\u00fc&#039;n\u00fcn e\u015fi\u011finde bulunan ve Kopetda\u011f eteklerinde korunan A\u015fkabat, maddeye b\u00fcr\u00fcnm\u00fc\u015f bir serap gibi soluk kumlardan y\u00fckselir. Deniz seviyesinden iki y\u00fcz ile iki y\u00fcz elli be\u015f metre aras\u0131nda de\u011fi\u015fen bir y\u00fckseklikte, \u015fehir antik Paratetis Denizi&#039;nin b\u0131rakt\u0131\u011f\u0131 tortular \u00fczerinde durur, temelleri hem k\u0131r\u0131lgan hem de tarihidir. \u0130ran s\u0131n\u0131r\u0131na otuz kilometreden daha az uzakl\u0131kta olan A\u015fkabat, sars\u0131nt\u0131lara e\u011filimli bir vaha ovas\u0131n\u0131 i\u015fgal eder, ancak Rus askerlerinin ilk kez 1881&#039;de kabile k\u00f6y\u00fcn\u00fcn haritalar\u0131n\u0131 \u00e7izdi\u011fi andan itibaren karakterini tan\u0131mlayan kararl\u0131 bir kararl\u0131l\u0131kla d\u00fcnyan\u0131n hareketlerine kar\u015f\u0131 koyar.<\/p>\n<p>K\u00f6kenleri itibariyle m\u00fctevaz\u0131 bir Ahal Teke yurtlar\u0131 yerle\u015fimi olan A\u015fkabat, ilk Rus ziyaret\u00e7ilere g\u00f6re belki d\u00f6rt bin ki\u015fiydi ve 1881&#039;den sonra aniden \u00fc\u00e7 binden az n\u00fcfusa sahip, neredeyse tamamen Ruslardan olu\u015fan bir garnizon kasabas\u0131na d\u00f6n\u00fc\u015ft\u00fc. Y\u00fczy\u0131l\u0131n ba\u015f\u0131nda Trans-Hazar Demiryolu&#039;nun geli\u015fi, \u015fehri Kafkasya, Volga Vadisi ve \u0130ran&#039;dan gelen g\u00f6\u00e7menlere a\u00e7t\u0131 ve on y\u0131l i\u00e7inde n\u00fcfusunu neredeyse iki kat\u0131na \u00e7\u0131kard\u0131. 1911&#039;e gelindi\u011finde, yakla\u015f\u0131k k\u0131rk be\u015f bin ki\u015fi sokaklar\u0131n\u0131 doldurdu; etnik Ruslar \u00e7o\u011funlu\u011fu olu\u015fturuyordu; bunlara Ermeniler, \u0130ranl\u0131lar ve di\u011fer gruplar da e\u015flik ediyordu. 1924&#039;te, o zamanlar Sovyet ismi olan Poltoratsk olarak bilinen yerle\u015fim yeri, T\u00fcrkmen Sovyet Sosyalist Cumhuriyeti&#039;nin merkezi oldu ve k\u0131sa bir s\u00fcre sonra, Sovyet politikalar\u0131 toplumu yeniden \u015fekillendirdik\u00e7e, \u015fehir s\u0131n\u0131rlar\u0131 i\u00e7indeki T\u00fcrkmenlerin oran\u0131 yava\u015f yava\u015f da olsa t\u0131rmanmaya ba\u015flad\u0131. Bu de\u011fi\u015fimlere ra\u011fmen, Ekim 1948&#039;de meydana gelen b\u00fcy\u00fck deprem, kentin dokusunun b\u00fcy\u00fck b\u00f6l\u00fcm\u00fcn\u00fc yerle bir etti, A\u015fkabat&#039;\u0131n caddelerine trajedi sa\u00e7\u0131ld\u0131 ve mahalleler moloz y\u0131\u011f\u0131n\u0131na d\u00f6nd\u00fc.<\/p>\n<p>Ancak y\u0131k\u0131m, yeniden canlanman\u0131n habercisi olmaktan \u00f6teye gitmedi. Sonraki on y\u0131llarda, Sovyetler taraf\u0131ndan in\u015fa edilen Karakum Kanal\u0131, Amu Derya&#039;n\u0131n sular\u0131n\u0131 \u015fehrin do\u011fusundan bat\u0131s\u0131na ta\u015f\u0131yarak bah\u00e7eleri ve yeni yap\u0131lar\u0131 ayakta tuttu. T\u00fcrkmenistan 1991&#039;de ba\u011f\u0131ms\u0131zl\u0131\u011f\u0131n\u0131 kazand\u0131\u011f\u0131nda, Cumhurba\u015fkan\u0131 Saparmurat Niyazov iddial\u0131 bir kentsel yenileme program\u0131na giri\u015fti. Onun y\u00f6netimi alt\u0131nda yabanc\u0131 firmalar (en dikkat \u00e7ekenleri Fransa&#039;dan Bouygues ve T\u00fcrk \u015firketleri Polimeks ve Gap \u0130n\u015faat) her y\u00fczeyi \u0131\u015f\u0131ldayan beyaz mermerle kapl\u0131, Greko-Romen s\u00fctunlar\u0131 ve Pers kubbelerine dayanan bir mimari dil olu\u015fturdu. T\u00fcm bulvarlar g\u00fcne\u015fte par\u0131ld\u0131yordu, s\u00fctunlar ve al\u0131nl\u0131klar hem vatanda\u015flar\u0131 hem de diplomatlar\u0131 etkilemek i\u00e7in tasarlanm\u0131\u015f an\u0131tsal \u00e7e\u015fmelere ve meydanlara yol veriyordu.<\/p>\n<p>Bug\u00fcn A\u015fkabat&#039;\u0131n n\u00fcfusu bir milyonu a\u015fm\u0131\u015f olup, T\u00fcrkmenler n\u00fcfusun d\u00f6rtte \u00fc\u00e7\u00fcnden fazlas\u0131n\u0131 olu\u015fturmaktad\u0131r. Ruslar n\u00fcfusun yakla\u015f\u0131k y\u00fczde 10&#039;unu olu\u015ftururken, \u00d6zbekler, Azeriler, T\u00fcrkler ve di\u011fer k\u00fc\u00e7\u00fck topluluklar kendi k\u00fclt\u00fcrel b\u00f6lgelerini korumaktad\u0131r. \u0130dari olarak \u015fehir d\u00f6rt ana il\u00e7eye ayr\u0131lm\u0131\u015ft\u0131r: Bagty\u00fdarlyk, Berkararlyk, B\u00fczme\u00fdin ve K\u00f6petdag. Bu etraplar, Howdan A, B ve W gibi numaraland\u0131r\u0131lm\u0131\u015f sekt\u00f6rler ve adland\u0131r\u0131lm\u0131\u015f mahalleler ve Parahat serisi gibi bir dizi mikro il\u00e7eyi i\u00e7ine al\u0131r; her biri kamu hizmetlerini ve konut y\u00f6netimini basitle\u015ftirmek i\u00e7in kurulmu\u015ftur, ancak ba\u011f\u0131ms\u0131z yerel y\u00f6netim olmadan. Bu birimlerin de\u011fi\u015fen s\u0131n\u0131rlar\u0131 A\u015fkabat&#039;\u0131n durmaks\u0131z\u0131n yeniden icat edilmesini yans\u0131tmaktad\u0131r: bir zamanlar Lenin ve Niyazov&#039;un adlar\u0131n\u0131 ta\u015f\u0131yan il\u00e7eler birle\u015ftirilmi\u015f ve yeniden adland\u0131r\u0131lm\u0131\u015ft\u0131r; yeni vaftiz edilen Alt\u0131n G\u00f6l tatil b\u00f6lgesi merkezli be\u015finci bir b\u00f6lge olan Altyn etraby i\u00e7in planlar 2020&#039;de a\u00e7\u0131klanm\u0131\u015ft\u0131r.<\/p>\n<p>Ancak, \u015fehrin parlak cephesinin alt\u0131nda, yenilenmesinin insani bir maliyeti oldu. Mermer cepheli apartman kulelerinin y\u0131k\u0131m\u0131 genellikle tek ailelik evlerin kald\u0131r\u0131lmas\u0131n\u0131 gerektirdi - 1948 depreminden sonra yeniden in\u015fa edilen ancak hi\u00e7bir zaman resmen tescil edilmeyen konutlar - ve bir\u00e7ok durumda kirac\u0131lar tazminat \u00f6denmeden tahliye edildi. Ruhabat gibi b\u00f6lgeler ve Berzengi ve Choganly&#039;deki eski dacha topluluklar\u0131 buldozerlerin alt\u0131nda kayboldu ve sakinleri ba\u015f\u0131bo\u015f b\u0131rak\u0131ld\u0131.<\/p>\n<p>Co\u011frafi olarak A\u015fkabat, hem misafirperver olmayan hem de \u00e7arp\u0131c\u0131 bir iklime sahiptir. Yazlar kavurucudur: Temmuz \u00f6\u011fleden sonralar\u0131 rutin olarak ortalama 38,3 \u00b0C&#039;ye y\u00fckselir ve nadiren 47 \u00b0C&#039;nin \u00fczerine \u00e7\u0131kar. Geceler sadece hafif bir erteleme getirir, 23,8 \u00b0C civar\u0131nda d\u00fc\u015f\u00fckler vard\u0131r. K\u0131\u015flar k\u0131sa ve serindir, c\u0131va zaman zaman donma noktas\u0131n\u0131n hemen alt\u0131na d\u00fc\u015fer; tarihi kay\u0131tlar 1969&#039;da -24,1 \u00b0C&#039;lik bir d\u00fc\u015f\u00fck de\u011fere dikkat \u00e7eker. Ya\u011f\u0131\u015f, amans\u0131z g\u00fcne\u015fi neredeyse hi\u00e7 bozmuyor, y\u0131lda iki y\u00fcz milimetreyi nadiren a\u015f\u0131yor. Yine de Nisan 2022&#039;de \u015fehir \u00fc\u00e7 y\u00fcz milimetreden fazla ya\u011f\u0131\u015f g\u00f6rd\u00fc, ayl\u0131k normlar\u0131 alt\u00fcst etti ve sakinlerine bu \u00e7\u00f6lle \u00e7evrili ovan\u0131n kaprislerini hat\u0131rlatt\u0131.<\/p>\n<p>Mimarl\u0131k, A\u015fkabat&#039;\u0131n en belirgin \u00f6zelli\u011fi olmaya devam ediyor. Niyazov&#039;un 2006&#039;daki vefat\u0131n\u0131n ard\u0131ndan, kubbelere olan ilgi kutsal alanlar d\u0131\u015f\u0131nda azald\u0131 ve bir binan\u0131n i\u015flevini belirten modernist motiflere yerini b\u0131rakt\u0131. D\u0131\u015fi\u015fleri Bakanl\u0131\u011f\u0131&#039;n\u0131n tepesinde bir k\u00fcre var, i\u00e7 k\u0131sm\u0131 konferans salonu olarak hizmet veriyor; stilize bir madeni para Kalk\u0131nma Bankas\u0131&#039;n\u0131 ta\u00e7land\u0131r\u0131yor; Sa\u011fl\u0131k ve T\u0131bbi End\u00fcstri Bakanl\u0131\u011f\u0131 bir caduceus \u015feklini benimsiyor; bir di\u015f hastanesi b\u00fcy\u00fck bir az\u0131 di\u015fine benziyor; ve A\u015fkabat Uluslararas\u0131 Havaalan\u0131&#039;n\u0131n \u015fahin bi\u00e7imli terminali g\u00f6\u011fe do\u011fru i\u015faret ediyor, 2,3 milyar dolarl\u0131k geni\u015flemesi her y\u0131l on d\u00f6rt milyon yolcuyu i\u015fleyebiliyor.<\/p>\n<p>Beyaz mermer kaplama, sekizgen O\u011fuzhan Y\u0131ld\u0131z\u0131&#039;n\u0131n\u2014eski T\u00fcrk soyunun amblemi\u2014en b\u00fcy\u00fck mimari y\u0131ld\u0131z olarak Guinness Rekorlar Kitab\u0131&#039;na girdi\u011fi televizyon kulesine kadar uzan\u0131yor. \u015eehir an\u0131tlar\u0131 \u00e7o\u011fal\u0131yor: ba\u011f\u0131ms\u0131zl\u0131ktan bu yana, Lenin ve Pu\u015fkin heykellerine Magtymguly Pyragy, Taras Shevchenko, Alparslan ve Mustafa Kemal Atat\u00fcrk&#039;e sayg\u0131lar sunuldu. Y\u0131lham ve VDNH kompleksi gibi parklarda, kahraman b\u00fcstleri a\u011fa\u00e7larla \u00e7evrili gezinti yollar\u0131n\u0131 g\u00f6zetliyor. Niyazov&#039;un yald\u0131zl\u0131 bir heykeli bir zamanlar Tarafs\u0131zl\u0131k Kemeri&#039;nin tepesinde d\u00f6n\u00fcyordu ve 2010 y\u0131l\u0131nda Devlet Ba\u015fkan\u0131 Gurbanguly Berdimuhamedov taraf\u0131ndan kald\u0131r\u0131l\u0131ncaya kadar g\u00fcne\u015fe do\u011fru y\u00f6neliyordu.<\/p>\n<p>Son eklemeler, devletin kamu sanat\u0131na olan devam eden himayesinin kan\u0131t\u0131d\u0131r. May\u0131s 2015&#039;te, g\u00f6revdeki cumhurba\u015fkan\u0131n\u0131n an\u0131tsal bir benzeri ulusal stadyumun yak\u0131n\u0131nda a\u00e7\u0131ld\u0131. 2020&#039;de, T\u00fcrkmen Alabay k\u00f6pek \u0131rk\u0131n\u0131 anmak i\u00e7in bronz an\u0131tlar ortaya \u00e7\u0131kt\u0131 ve dairesel meydanlarda bir Bisiklet An\u0131t\u0131 a\u00e7\u0131ld\u0131. May\u0131s 2024&#039;te, dizeleri T\u00fcrkmen bilincinde titre\u015fen on sekizinci y\u00fczy\u0131l \u015fairi ve filozofu Magtymguly Pyragy&#039;nin altm\u0131\u015f metrelik bir heykeli Kopetda\u011f&#039;\u0131n taban\u0131na dikildi. Ertesi Ekim ay\u0131nda, Kazak \u015fair Abay Qunanbaiuly&#039;nin bir heykeli Lachyn Park\u0131&#039;na yerle\u015ftirilerek \u015fehrin ulus\u00f6tesi k\u00fclt\u00fcrel diyalo\u011fu vurguland\u0131. Magtymguly Pyragy K\u00fclt\u00fcr ve Park Kompleksi i\u00e7inde, Dante ve Goethe&#039;den Tagore ve Langston Hughes&#039;a kadar \u00f6nde gelen ki\u015filere sayg\u0131 duru\u015funda bulunan yirmi d\u00f6rt mermer fig\u00fcr, her biri \u00e7al\u0131\u015fmalar\u0131n\u0131n benzersiz ruhunu uyand\u0131rma amac\u0131yla resmedilmi\u015ftir.<\/p>\n<p>Ancak ihti\u015fam\u0131n alt\u0131nda an\u0131lar yatar. Bekrewe an\u0131t kompleksi, Geok Tepe Muharebesi&#039;nde ve II. D\u00fcnya Sava\u015f\u0131&#039;nda hayat\u0131n\u0131 kaybedenleri onurland\u0131r\u0131r ve k\u00fcreyi ta\u015f\u0131yan bronz bir bo\u011fa (1948 depremine bir g\u00f6nderme) ve yas tutan bir dul kad\u0131n\u0131 \u00e7evreleyen T\u00fcrkmen sava\u015f\u00e7\u0131lar\u0131 i\u00e7erir. 2014&#039;te a\u00e7\u0131lan devlet taraf\u0131ndan i\u015fletilen Halk Hakydasy An\u0131t Kompleksi, 19. y\u00fczy\u0131l\u0131n sonlar\u0131ndaki \u00e7at\u0131\u015fmalar\u0131n, II. D\u00fcnya Sava\u015f\u0131&#039;n\u0131n ve depremin kurbanlar\u0131n\u0131n fedakarl\u0131klar\u0131n\u0131 anar ve duvarlar\u0131 T\u00fcrkmen tarihinden al\u00e7ak kabartma sahnelerle s\u00fcslenmi\u015ftir.<\/p>\n<p>Dini mimari A\u015fkabat&#039;\u0131n ge\u00e7mi\u015finin ba\u015fka bir katman\u0131n\u0131 izler. 1908&#039;de \u015fehir, resmi bah\u00e7elerle \u00e7evrili ve bir okul, hastane, misafirhane ve bah\u00e7\u0131vanlar i\u00e7in lojmanlarla tamamlanan d\u00fcnyan\u0131n ilk Bah\u00e1&#039;\u00ed \u0130badet Evi&#039;ne ev sahipli\u011fi yapt\u0131. Sovyet laikle\u015ftirmesi alt\u0131nda, m\u00fclk 1928&#039;de terk edildi, deprem onu \u200b\u200bonar\u0131lamayacak \u015fekilde hasar verene kadar bir sanat galerisi olarak yeniden kullan\u0131ld\u0131; 1963&#039;te y\u0131k\u0131ld\u0131. G\u00fcn\u00fcm\u00fczde dini manzara, T\u00fcrkmenba\u015f\u0131 Ruhy Camii, \u0130stanbul&#039;daki Sultan Ahmed Camii&#039;nden modellenen T\u00fcrk fonlu \u00c4rtogrul Gazy binas\u0131 ve daha k\u00fc\u00e7\u00fck mahalle ibadethaneleri gibi camileri i\u00e7ermektedir. Kiliseler de varl\u0131\u011f\u0131n\u0131 s\u00fcrd\u00fcr\u00fcyor: Rus Ortodoks cemaatlerinden d\u00f6rd\u00fc de dahil olmak \u00fczere be\u015f Hristiyan ibadethanesi (Aziz Aleksandr Nevski, Mucize \u0130\u015f\u00e7isi Aziz Nikola, Dirili\u015f \u0130sa ve Aziz Kiril ve Metodiy) ve Papal\u0131k el\u00e7ili\u011fi i\u00e7indeki bir Roma Katolik \u015fapeli, dini az\u0131nl\u0131klar\u0131n resmi incelemesine ra\u011fmen m\u00fctevaz\u0131 bir Hristiyan varl\u0131\u011f\u0131n\u0131 s\u00fcrd\u00fcr\u00fcyor.<\/p>\n<p>K\u00fclt\u00fcrel ya\u015fam, mermer meydanlara da\u011f\u0131lm\u0131\u015f m\u00fczelerde ve tiyatrolarda ger\u00e7ekle\u015fiyor. Y\u00fcz altm\u0131\u015f bin metrekarelik bir alan\u0131 kaplayan T\u00fcrkmenistan Devlet K\u00fclt\u00fcr Merkezi Devlet M\u00fczesi, Part antik eserlerinden modern hal\u0131 dokumac\u0131l\u0131\u011f\u0131na kadar uzanan koleksiyonlar\u0131 sergilerken, Cumhurba\u015fkanl\u0131\u011f\u0131 M\u00fczesi cumhuriyetin i\u00e7 ve d\u0131\u015f politikalar\u0131n\u0131 belgeliyor. Etnografya ve Yerel Tarih M\u00fczesi, T\u00fcrkmen floras\u0131n\u0131 ve folklorunu inceliyor ve 2024&#039;te a\u00e7\u0131lan ART\u2011bazar gibi \u00f6zel giri\u015fimler \u00e7a\u011fda\u015f el sanatlar\u0131n\u0131 sergiliyor. Magtymguly Ulusal M\u00fczikal ve Drama Tiyatrosu&#039;ndan T\u00fcrkmen Devlet Sirki&#039;ne kadar sahne sanatlar\u0131 mekanlar\u0131 opera, drama ve kuklac\u0131l\u0131k programlar\u0131 sunuyor. \u00d6nc\u00fc \u00fc\u00e7 boyutlu A\u015fgabat Sinemas\u0131 da dahil olmak \u00fczere sinemalar, baz\u0131lar\u0131 yeni al\u0131\u015fveri\u015f komplekslerinin i\u00e7inde yer alan alt\u0131 ba\u015fka ekran\u0131n yan\u0131nda yer al\u0131yor. 1892&#039;de kurulan ve 1992&#039;de ulusal stat\u00fc kazanan Devlet K\u00fct\u00fcphanesi alt\u0131 milyondan fazla cilt bar\u0131nd\u0131r\u0131yor; \u00c7eyrek milyon eser bar\u0131nd\u0131ran Devlet \u00c7ocuk K\u00fct\u00fcphanesi, gen\u00e7 okuyucular yeti\u015ftiriyor.<\/p>\n<p>Parkland, mermerden ve trafikten uzak bir dinlenme imkan\u0131 sunuyor. 1929&#039;da kurulan ve Orta Asya&#039;daki t\u00fcr\u00fcn\u00fcn en eskisi olan botanik bah\u00e7esi, on sekiz hektarl\u0131k bir alan\u0131 kapl\u0131yor ve be\u015f y\u00fczden fazla bitki t\u00fcr\u00fcne ev sahipli\u011fi yap\u0131yor. \u0130lk Park\u2014A\u015fkabat Park\u0131\u20141887&#039;den kalmad\u0131r ve aile gezileri i\u00e7in bir sahne olmaya devam ederken, G\u00fcne\u015f, T\u00fcrkmen-T\u00fcrk Dostluk Park\u0131 ve Ba\u011f\u0131ms\u0131zl\u0131k Park\u0131 gibi di\u011fer ye\u015fil alanlar diplomatik ba\u011flar\u0131 yans\u0131t\u0131yor. Alt\u0131n G\u00f6l&#039;deki yapay g\u00f6l kenar\u0131 gezinti yolu, e\u011flence ve su sporlar\u0131 vaat ediyor. Devlet destekli tarzda tasarlanm\u0131\u015f gezintilere sahip olan World of Turkmenbashi Tales e\u011flence park\u0131, uluslararas\u0131 e\u011flencenin yerel bir versiyonunu sunuyor.<\/p>\n<p>Bu altyap\u0131 katmanlar\u0131n\u0131n alt\u0131nda A\u015fkabat yabanc\u0131lar i\u00e7in maliyetli bir ger\u00e7eklik s\u00fcrd\u00fcr\u00fcyor. 2019 ve 2020 anketleri, \u00fclkeyi yabanc\u0131lar i\u00e7in d\u00fcnyan\u0131n en pahal\u0131 \u015fehri ve genel olarak ikinci en maliyetli \u015fehir olarak s\u0131ralad\u0131; bu durum ciddi enflasyon ve a\u011f\u0131r ithalat \u00fccretlerinin bir sonucu. \u015eehir i\u00e7indeki ula\u015f\u0131m, iki bin kilometreden fazla rotaya hizmet eden yedi y\u00fczden fazla ara\u00e7tan olu\u015fan otob\u00fcslerle, k\u00fc\u00e7\u00fck ye\u015fil \u00e7at\u0131 tabelalar\u0131yla ay\u0131rt edilen taksileri birle\u015ftiriyor. 2016&#039;da a\u00e7\u0131lan Olimpiyat K\u00f6y\u00fc i\u00e7indeki bir monoray d\u00f6ng\u00fcs\u00fc, Orta Asya&#039;n\u0131n ilki olarak \u00f6ne \u00e7\u0131karken, teleferikler kentsel ana yollar\u0131 Kopetda\u011f eteklerine ba\u011fl\u0131yor. \u015eehir s\u0131n\u0131rlar\u0131n\u0131n \u00f6tesinde, alt\u0131 y\u00fcz kilometrelik otoban A\u015fkabat&#039;\u0131 Tejen, Mary ve T\u00fcrkmenabat&#039;a ve \u00f6tesinde kom\u015fu devletlere ba\u011fl\u0131yor; yeniden canland\u0131r\u0131lan tren istasyonu ise Trans-Hazar ve Trans-Karakum hatlar\u0131ndaki uzun mesafeli rotalar\u0131 sabitliyor.<\/p>\n<p>A\u015fkabat&#039;\u0131n ad\u0131 her \u00e7a\u011fda de\u011fi\u015fmi\u015ftir: bir zamanlar &#034;A\u015fk \u015eehri&#034;, \u015fimdi yayg\u0131n olarak &#034;Beyaz Mermer \u015eehri&#034; olarak an\u0131lmaktad\u0131r. Burada, bir adam\u0131n vizyonu -\u00f6nce s\u00f6m\u00fcrge y\u00f6neticilerinin, sonra bir Sovyet cumhuriyetinin ve son olarak ba\u011f\u0131ms\u0131z bir ulusun- her meydan\u0131 ve cepheyi \u015fekillendirmi\u015ftir. Mermer kapl\u0131 terminallere gelen ziyaret\u00e7iler, simetri ve \u00f6l\u00e7e\u011fin hakim oldu\u011fu ve her s\u00fctunun, kubbenin ve an\u0131t\u0131n tarihin a\u011f\u0131rl\u0131\u011f\u0131 ile \u00e7\u00f6l\u00fcn sessizli\u011fi aras\u0131nda m\u00fczakere etti\u011fi ba\u015fka bir d\u00fcnyaya ad\u0131m atm\u0131\u015f gibi hissedebilirler. Bu gerilimde A\u015fkabat&#039;\u0131n \u00f6z\u00fc yatar: ayn\u0131 anda hem k\u0131r\u0131lgan hem de y\u0131lmaz, kumdan ve inan\u00e7tan oyulmu\u015f bir ba\u015fkent, her zaman d\u00fcnyan\u0131n titrekli\u011fi ile h\u0131rs\u0131n par\u0131lt\u0131s\u0131 aras\u0131nda dengede.<\/p>","protected":false},"excerpt":{"rendered":"<p>T\u00fcrkmenistan&#039;\u0131n ba\u015fkenti ve en kalabal\u0131k \u015fehri olan A\u015fkabat, \u00fclkenin tarih ve modernitenin kendine \u00f6zg\u00fc birle\u015fimini \u00f6rneklemektedir. 2022 say\u0131m\u0131na g\u00f6re 1.030.063 ki\u015fiden olu\u015fan bu Orta Asya \u015fehri, \u0130ran-T\u00fcrkmenistan s\u0131n\u0131r\u0131na yakla\u015f\u0131k 50 kilometre uzakl\u0131kta, Karakum \u00c7\u00f6l\u00fc ve Kopetda\u011f s\u0131rada\u011flar\u0131 aras\u0131nda yer almaktad\u0131r. Siyasi, ticari ve k\u00fclt\u00fcrel merkez olarak A\u015fkabat, T\u00fcrkmenistan&#039;\u0131n kalbi olarak hizmet vermektedir.<\/p>","protected":false},"author":1,"featured_media":3617,"parent":15457,"menu_order":0,"comment_status":"closed","ping_status":"closed","template":"elementor_theme","meta":{"_eb_attr":"","footnotes":""},"class_list":["post-15466","page","type-page","status-publish","has-post-thumbnail"],"_links":{"self":[{"href":"https:\/\/travelshelper.com\/tr\/wp-json\/wp\/v2\/pages\/15466","targetHints":{"allow":["GET"]}}],"collection":[{"href":"https:\/\/travelshelper.com\/tr\/wp-json\/wp\/v2\/pages"}],"about":[{"href":"https:\/\/travelshelper.com\/tr\/wp-json\/wp\/v2\/types\/page"}],"author":[{"embeddable":true,"href":"https:\/\/travelshelper.com\/tr\/wp-json\/wp\/v2\/users\/1"}],"replies":[{"embeddable":true,"href":"https:\/\/travelshelper.com\/tr\/wp-json\/wp\/v2\/comments?post=15466"}],"version-history":[{"count":0,"href":"https:\/\/travelshelper.com\/tr\/wp-json\/wp\/v2\/pages\/15466\/revisions"}],"up":[{"embeddable":true,"href":"https:\/\/travelshelper.com\/tr\/wp-json\/wp\/v2\/pages\/15457"}],"wp:featuredmedia":[{"embeddable":true,"href":"https:\/\/travelshelper.com\/tr\/wp-json\/wp\/v2\/media\/3617"}],"wp:attachment":[{"href":"https:\/\/travelshelper.com\/tr\/wp-json\/wp\/v2\/media?parent=15466"}],"curies":[{"name":"wp","href":"https:\/\/api.w.org\/{rel}","templated":true}]}}