{"id":15439,"date":"2024-09-21T09:51:32","date_gmt":"2024-09-21T09:51:32","guid":{"rendered":"https:\/\/travelshelper.com\/staging\/?page_id=15439"},"modified":"2026-03-11T21:53:07","modified_gmt":"2026-03-11T21:53:07","slug":"sana","status":"publish","type":"page","link":"https:\/\/travelshelper.com\/tr\/destinations\/asia\/yemen\/sanaa\/","title":{"rendered":"San'a"},"content":{"rendered":"<p>Deniz seviyesinden yakla\u015f\u0131k 2.300 metre y\u00fckseklikte bulunan Sanaa, d\u00fcnyan\u0131n ba\u015fkentleri aras\u0131nda ayr\u0131 bir yere sahiptir. \u015eafak vakti ince bir da\u011f sisiyle \u00f6rt\u00fcl\u00fc olan ve Jabal An\u2011Nabi Shu&#039;ayb ve Jabal Tiyal&#039;in dramatik sil\u00fcetleriyle \u00e7er\u00e7evelenen \u015fehir, g\u00f6steri\u015fle de\u011fil sessiz varl\u0131\u011f\u0131yla dikkat \u00e7ekmektedir. Resmen Sanaa Belediyesi olarak adland\u0131r\u0131lan \u015fehir, Yemen&#039;in fiili ba\u015fkenti ve 2023 itibar\u0131yla 3,29 milyonun biraz \u00fczerinde n\u00fcfusuyla en kalabal\u0131k kentsel merkezidir. Yine de h\u00fck\u00fcmet merkezi, Husilerin 2014 sonlar\u0131nda Sanaa&#039;y\u0131 ele ge\u00e7irmesinin ve ard\u0131ndan Mart 2015&#039;te Aden&#039;in ge\u00e7ici ba\u015fkent olarak ilan edilmesinin ard\u0131ndan art\u0131k Aden&#039;de bulunmaktad\u0131r. Bu de\u011fi\u015fime ra\u011fmen, anayasa Sanaa&#039;n\u0131n \u00fcst\u00fcnl\u00fc\u011f\u00fcn\u00fc teyit etmektedir ve ad\u0131 Yemen&#039;in kimli\u011fine s\u0131k\u0131ca yerle\u015fmi\u015ftir.<\/p>\n<p>Sanaa, yerel olarak Haql Sanaa olarak bilinen geni\u015f, yayla bir ovay\u0131 kaplar. Kuzeyden g\u00fcneye elli ila altm\u0131\u015f kilometre ve do\u011fudan bat\u0131ya yirmi be\u015f kilometreye kadar uzanan bu plato, mevsimsel vadilerin akt\u0131\u011f\u0131 u\u00e7urumlar ve s\u0131rtlarla \u00e7evrilidir. Wadi al\u2011Kharid, kuzeydeki alan\u0131n \u00e7o\u011funu bo\u015falt\u0131r ve sular\u0131n\u0131 al\u2011Jawf&#039;a do\u011fru y\u00f6nlendirirken, g\u00fcneydeki alanlar hem al\u2011Kharid&#039;i hem de Tihama&#039;n\u0131n K\u0131z\u0131ldeniz ovalar\u0131na do\u011fru akan Wadi Siham&#039;\u0131 besleyen bir su havzas\u0131n\u0131 kaplar. \u015eehrin en dar noktas\u0131nda, Jabal Nuqum do\u011fuya do\u011fru yakla\u015f\u0131k be\u015f y\u00fcz metre y\u00fckselir, yama\u00e7lar\u0131 bir zamanlar 10. y\u00fczy\u0131l co\u011frafyac\u0131s\u0131 al\u2011Hamdani taraf\u0131ndan kaydedilen demir i\u015f\u00e7ili\u011fi ve oniks ocaklar\u0131na ev sahipli\u011fi yapm\u0131\u015ft\u0131r. Bat\u0131da, Yemen&#039;in en y\u00fcksek zirvesi olan Cebel En-Nebi \u015euayb&#039;a t\u0131rman\u0131\u015f y\u00fckseliyor; zirve, \u015fehirden yaln\u0131zca yirmi alt\u0131 kilometre uzakta, a\u015fa\u011f\u0131da y\u00fczy\u0131llard\u0131r s\u00fcren ya\u015fam\u0131n sessiz bir bek\u00e7isi.<\/p>\n<p>Sana&#039;n\u0131n b\u00fcy\u00fcme \u015fekli bu topografya taraf\u0131ndan \u015fekillendirilmi\u015ftir. Do\u011fu ve bat\u0131 ile s\u0131n\u0131rl\u0131 olan \u015fehir, a\u011f\u0131rl\u0131kl\u0131 olarak kuzey-g\u00fcney ekseninde uzanm\u0131\u015f olup, yirminci y\u00fczy\u0131ldaki geni\u015flemesi k\u0131rsal g\u00f6\u00e7 ve 1960&#039;larda cumhuriyet ba\u015fkenti olarak atanmas\u0131yla ivme kazanm\u0131\u015ft\u0131r. \u0130ki belirgin kentsel doku ortaya \u00e7\u0131km\u0131\u015ft\u0131r: kompakt Eski \u015eehir veya al\u2011Qadeemah ve topluca al\u2011Jadid olarak bilinen geni\u015fleyen yeni b\u00f6lgeler. 1986&#039;da UNESCO D\u00fcnya Miras\u0131 Alan\u0131 olarak kaydedilen Eski \u015eehir, yirmi alt\u0131 as\u0131rdan fazla s\u00fcrekli yerle\u015fimi korumu\u015f ve 100&#039;den fazla camiye, on iki geleneksel hamama ve yakla\u015f\u0131k 6.500 konut birimine ev sahipli\u011fi yapmaktad\u0131r. Tan\u0131mlay\u0131c\u0131 \u00f6zelli\u011fi -yerel ta\u015f ve pi\u015fmi\u015f tu\u011fladan yap\u0131lm\u0131\u015f sekiz kata kadar kule evler- hassas al\u00e7\u0131 kafes i\u015fi ve ikonik vitray &#034;qamariya&#034; pencereleriyle vurgulanm\u0131\u015ft\u0131r. Bu konutlar bir zamanlar geni\u015f ailelere ev sahipli\u011fi yapm\u0131\u015f, o\u011fullar evlendik\u00e7e katlar eklenmi\u015f ve \u00e7at\u0131 teraslar\u0131 \u00f6\u011fleden sonralar\u0131 kabul odalar\u0131na (mafraj) d\u00f6n\u00fc\u015ft\u00fcr\u00fclm\u00fc\u015f, qat seanslar\u0131n\u0131n sessizce ger\u00e7ekle\u015fti\u011fi yerler olmu\u015ftur.<\/p>\n<p>Antik duvarlar\u0131n \u00f6tesinde, \u015fehrin yeni mahalleleri h\u0131zl\u0131 kentle\u015fme ve geli\u015fen mimari zevklerden bahsediyor. G\u00fcneyde ve bat\u0131da, \u00e7itle \u00e7evrili bah\u00e7elere sahip al\u00e7ak katl\u0131 &#034;yeni villalar&#034; yo\u011fun sokaklardan bir mola sunarken, kuzey ve do\u011fu banliy\u00f6lerinde &#034;M\u0131s\u0131r&#034; tarz\u0131nda betonarme konutlar y\u00fckseliyor. Yine de burada bile gelene\u011fin cazibesi s\u00fcr\u00fcyor: Beton bloktan in\u015fa edilmi\u015f ve tuhaf bir \u015fekilde tu\u011fla ve ta\u015fla kaplanm\u0131\u015f &#034;neo-geleneksel&#034; kule evler, Eski \u015eehrin dikeyli\u011fini ve s\u00fcslemesini yans\u0131t\u0131yor. Bu melezler, \u00e7a\u011fda\u015f ihtiya\u00e7lara uyum sa\u011flarken ge\u00e7mi\u015fe de selam veriyor.<\/p>\n<p>Bu mozaikte, birka\u00e7 b\u00f6lge \u00f6ne \u00e7\u0131k\u0131yor. 1960&#039;larda \u015fehrin kentsel ve ticari kalbi olarak tasarlanan El-Tahrir, art\u0131k esas olarak kamu toplant\u0131lar\u0131 ve e\u011flence merkezi olarak i\u015flev g\u00f6r\u00fcyor. Bir zamanlar T\u00fcrk Mahallesi olarak bilinen ve daha sonra 17. y\u00fczy\u0131l\u0131n sonlar\u0131nda s\u00fcrg\u00fcnlerin geri d\u00f6nmesinin ard\u0131ndan Yahudi Mahallesi olan Bi&#039;r el-Azab, b\u00fcy\u00fckel\u00e7iliklere, Ba\u015fbakanl\u0131k ofisine ve milletvekilleri odas\u0131na ev sahipli\u011fi yapan diplomatik ve idari bir b\u00f6lgeye d\u00f6n\u00fc\u015ft\u00fc. Sana&#039;n\u0131n iki \u00e7evre yolu -i\u00e7 \u00c7evre Yolu ve Sittin- aras\u0131nda, t\u00fcccarlar\u0131n hareketli pasajlar\u0131n g\u00f6lgeliklerinin alt\u0131nda baharat, tekstil ve bak\u0131r e\u015fyalar satt\u0131\u011f\u0131 yo\u011fun al-Hasabah, Shumayla ve Hayil \u00e7ar\u015f\u0131 koridorlar\u0131 yer al\u0131yor. G\u00fcneybat\u0131da, Haddah bulvar\u0131 daha g\u00fcvenilir hizmetler arayanlar\u0131 cezbediyor ve 1990&#039;lardan beri y\u00fcksek katl\u0131 apartmanlar\u0131n y\u00fckseli\u015fine ilham veriyor.<\/p>\n<p>\u0130klimsel olarak Sanaa, Arap \u015fehirleri aras\u0131nda bir ni\u015f i\u015fgal eder. So\u011fuk bir \u00e7\u00f6l iklimi olarak s\u0131n\u0131fland\u0131r\u0131l\u0131r ve y\u0131lda yakla\u015f\u0131k 265 milimetre ya\u011f\u0131\u015f al\u0131r; bu, kire\u00e7ta\u015f\u0131 tepelerini oymaya yetecek kadard\u0131r, ancak \u00e7evredeki y\u00fcksekliklerde terasl\u0131 bah\u00e7eler ve k\u00fc\u00e7\u00fck \u00e7iftlikler i\u00e7in yeterlidir. S\u0131cakl\u0131klar y\u0131l boyunca \u00e7ok az dalgalan\u0131r; Ocak ay\u0131n\u0131n serin sabahlar\u0131 rahat g\u00fcnlere yol a\u00e7arken, Temmuz ay\u0131n\u0131n s\u0131cakl\u0131\u011f\u0131 ak\u015fam esintileriyle yumu\u015fat\u0131l\u0131r. Ancak \u015fehrin y\u00fcksekli\u011fi g\u00fcne\u015f radyasyonunu yo\u011funla\u015ft\u0131r\u0131r: &#034;serin&#034; mevsimde bile, ultraviyole \u0131\u015f\u0131nlar\u0131 kuzeydeki al\u00e7ak b\u00f6lgelerden belirgin \u015fekilde daha g\u00fc\u00e7l\u00fcd\u00fcr.<\/p>\n<p>Demografik olarak Sanaa&#039;n\u0131n hikayesi gen\u00e7lik ve \u00e7e\u015fitlilikten olu\u015fuyor. Amanat al\u2011Asimah Valili\u011fi&#039;ndeki sakinlerin yakla\u015f\u0131k y\u00fczde altm\u0131\u015f\u0131 on sekiz ya\u015f\u0131n alt\u0131nda ve erkekler kad\u0131nlardan 1,10&#039;a bir oran\u0131nda biraz fazla. \u00c7o\u011funluk Zeydi \u0130slam&#039;a ba\u011fl\u0131yken, S\u00fcnni ve \u0130smaili az\u0131nl\u0131klar daha yeni banliy\u00f6lerde daha g\u00f6r\u00fcn\u00fcr durumdalar ve bu da Yemen k\u0131rsal\u0131ndan gelen i\u00e7 g\u00f6\u00e7 modellerini yans\u0131t\u0131yor. 1960&#039;lardan beri kentsel n\u00fcfus y\u0131ll\u0131k yakla\u015f\u0131k y\u00fczde yedi oran\u0131nda artarak y\u00fczde 3,2&#039;lik ulusal ortalamay\u0131 geride b\u0131rakt\u0131.<\/p>\n<p>Ekonomik olarak \u015fehir, Yemen&#039;in birincil ticaret ve y\u00f6netim motoru olarak i\u015flev g\u00f6rmektedir. \u0130\u015fg\u00fcc\u00fcn\u00fcn yakla\u015f\u0131k y\u00fczde k\u0131rk\u0131 kamu sekt\u00f6r\u00fcnde istihdam edilmektedir ve \u00f6nemli bir gayri resmi ekonomi (h\u00fck\u00fcmet d\u0131\u015f\u0131 istihdam\u0131n y\u00fczde 32&#039;si olarak tahmin edilmektedir) \u00e7ar\u015f\u0131larda ve ara sokaklarda geli\u015fmektedir. K\u00fc\u00e7\u00fck \u00f6l\u00e7ekli ticaret ve hizmetler hakimdir ve 2004 itibar\u0131yla kurulu\u015flar\u0131n yakla\u015f\u0131k y\u00fczde 59&#039;unu ve i\u015flerin y\u00fczde 31&#039;inden fazlas\u0131n\u0131 olu\u015fturmaktad\u0131r. Daha az i\u015fletme taraf\u0131ndan temsil edilmesine ra\u011fmen genel y\u00f6netim, i\u015fg\u00fcc\u00fcn\u00fcn y\u00fczde 18&#039;ini istihdam etmektedir. \u00dcretim, i\u015fletmelerin ve i\u015flerin yakla\u015f\u0131k y\u00fczde 12&#039;siyle \u00fc\u00e7\u00fcnc\u00fc s\u0131rada yer almaktad\u0131r. Oteller ve restoranlar, diplomatlara, yard\u0131m g\u00f6revlilerine ve g\u00fcvenlik k\u0131s\u0131tlamalar\u0131n\u0131 a\u015fan birka\u00e7 macerac\u0131 gezgine hizmet vererek Yemen&#039;in di\u011fer yerlerine g\u00f6re burada daha y\u00fcksek bir konsantrasyona sahiptir.<\/p>\n<p>Sanaa&#039;daki ula\u015f\u0131m, \u00e7arp\u0131c\u0131 kar\u015f\u0131tl\u0131klarla \u00e7er\u00e7evelenmi\u015ftir. \u015eehrin iki \u00e7evre yolu ve bir dizi kuzey-g\u00fcney arteri etraf\u0131nda d\u00fczenlenmi\u015f resmi olarak yat\u0131r\u0131m yap\u0131lm\u0131\u015f yol a\u011f\u0131, t\u0131kan\u0131kl\u0131\u011f\u0131n y\u00fck\u00fcn\u00fc ta\u015f\u0131maktad\u0131r. Sokaklarda otuz \u00fc\u00e7 bin taksi \u00e7al\u0131\u015fmaktad\u0131r, ancak genellikle \u00fccretler aras\u0131nda bo\u015f dola\u015fmaktad\u0131r, bu da t\u0131kan\u0131kl\u0131\u011fa ve y\u00fcksek kirlilik seviyelerine katk\u0131da bulunmaktad\u0131r. Da\u011fl\u0131k havzas\u0131yla \u00e7evrili Sanaa, partik\u00fclleri hapseden termal inversiyonlar ya\u015famaktad\u0131r ve bu da hava kalitesini Mexico City gibi di\u011fer y\u00fcksek rak\u0131ml\u0131 &#034;\u00e7anaklarla&#034; kar\u015f\u0131la\u015ft\u0131r\u0131labilir hale getirmektedir. Toplu ta\u015f\u0131ma son derece gayriresm\u00eedir: \u00f6zel m\u00fclkiyete ait mikro otob\u00fcsler (dabablar), minib\u00fcsler (nuss-bus) ve taksiler g\u00fcnl\u00fck i\u015fe gidi\u015f geli\u015flerin \u00e7o\u011funu olu\u015fturmaktad\u0131r. 2005 y\u0131l\u0131nda, tahmini olarak \u015fehre 4.000 ila 7.000 dabab, 5.500 ila 7.300 minib\u00fcs ve 33.000 taksi hizmet vermi\u015ftir. Erkekler genellikle toplu ta\u015f\u0131ma ara\u00e7lar\u0131na g\u00fcvenirken, kad\u0131nlar y\u00fcr\u00fcmeyi tercih eder; bisikletler ve motosikletler asgari bir rol oynar. Zorunlu programlar\u0131n olmamas\u0131, daha uzun yolculuklar i\u00e7in s\u0131k s\u0131k ara\u00e7 de\u011fi\u015ftirmeyi zorunlu k\u0131lar ve d\u00fczensiz servis, yolcular\u0131n ba\u015fvuru yolu olmadan beklemesine neden olabilir.<\/p>\n<p>Sanaa Uluslararas\u0131 Havaalan\u0131 bir zamanlar Yemen&#039;in hava yolcular\u0131n\u0131n y\u00fczde seksenini a\u011f\u0131rl\u0131yordu; bug\u00fcn ise, devam eden \u00e7at\u0131\u015fma hasarlar\u0131n\u0131n ard\u0131ndan ticari u\u00e7u\u015flara kapal\u0131. A\u011fustos 2016&#039;dan beri kapal\u0131 olan ve 26 Aral\u0131k 2024&#039;te kontrol kulesine yap\u0131lan hava sald\u0131r\u0131s\u0131yla yaralanan havaalan\u0131, yaln\u0131zca insani u\u00e7u\u015flara a\u00e7\u0131k bir \u015fekilde iskelet halinde varl\u0131\u011f\u0131n\u0131 s\u00fcrd\u00fcr\u00fcyor. 2008&#039;de ba\u015flayan yeni bir havaalan\u0131 planlar\u0131 2011&#039;den beri rafa kald\u0131r\u0131ld\u0131. Merkezi Sanaa&#039;da bulunan ulusal ta\u015f\u0131y\u0131c\u0131 Yemenia, bu k\u0131s\u0131tlamalar aras\u0131nda varl\u0131\u011f\u0131n\u0131 s\u00fcrd\u00fcr\u00fcyor ve operasyonlar\u0131 m\u00fcmk\u00fcn oldu\u011funda b\u00f6lgesel charter seferleriyle s\u0131n\u0131rl\u0131.<\/p>\n<p>Sana&#039;ya seyahat, zaman\u0131n kendi h\u0131z\u0131nda hareket etti\u011fi bir d\u00fcnyaya dalmaya davet ediyor. Herhangi bir sokak kafesinde, arkada\u015flar\u0131n ve meslekta\u015flar\u0131n tela\u015fs\u0131zca hafif uyar\u0131c\u0131lar ve sohbetler \u00fczerinde kafa yordu\u011fu \u00f6\u011fleden sonra toplant\u0131lar\u0131 olan kat \u00e7i\u011fneme seanslar\u0131 g\u00f6zlemlenebilir. Bir\u00e7ok erkek i\u00e7in yapraklar olmazsa olmaz bir rit\u00fceldir ve i\u015ftah\u0131 bast\u0131r\u0131p uykuyu bozsalar da, toplumsal geleneklerde derin bir \u015fekilde yerle\u015fmi\u015ftir. Yabanc\u0131lar, genellikle seans ba\u015f\u0131na be\u015f ABD dolar\u0131n\u0131n alt\u0131nda olan makul bir maliyetle kat\u0131labilirler, ancak seyahat ederken yasal k\u0131s\u0131tlamalara dikkat etmelidirler.<\/p>\n<p>Eski \u015eehri ke\u015ffederken ziyaret\u00e7iler, oyma ah\u015fap kap\u0131s\u0131 hala eski zaw&#039;lar\u0131nda sallanan bin y\u0131ll\u0131k Bab al\u2011Yaman&#039;\u0131n alt\u0131ndan ge\u00e7erler. \u0130\u00e7eride, Souk al\u2011Milh&#039;te baharatlar, kuru \u00fcz\u00fcmler ve el yap\u0131m\u0131 \u00e7anak \u00e7\u00f6mleklerin yan\u0131 s\u0131ra tuz da sunulur. Mahallenin kalbinde, tart\u0131\u015fmas\u0131z d\u00fcnyan\u0131n en eski ayakta kalan camilerinden biri olan 7. y\u00fczy\u0131ldan kalma J\u0101mi\u02bf al\u2011Kab\u012br yer al\u0131r ve ar\u015fivlerinde orijinal Kuran yazmalar\u0131n\u0131n par\u00e7alar\u0131 bulunmu\u015ftur. Yak\u0131nlarda, Ulusal M\u00fcze restore edilmi\u015f bir kraliyet saray\u0131n\u0131 i\u015fgal eder, galerileri Yemen&#039;in tarih \u00f6ncesinden Osmanl\u0131 y\u00f6netimine kadar olan kavisini izler; biti\u015fikteki Askeri M\u00fcze ise titrek Arap\u00e7a etiketlerin ve d\u0131\u015far\u0131da bir avu\u00e7 \u0130ngilizce ba\u015fl\u0131\u011f\u0131n alt\u0131nda silahlar ve \u00fcniformalar sergiler.<\/p>\n<p>Surlar\u0131n \u00f6tesinde, k\u0131sa bir gezinti, terasl\u0131 tarlalar\u0131n yama\u00e7lara tutundu\u011fu ve bir imam\u0131n Kaya Saray\u0131&#039;n\u0131n kire\u00e7 ta\u015f\u0131na oyulmu\u015f oldu\u011fu yemye\u015fil Vadi Dhahr vadisine g\u00f6t\u00fcr\u00fcr. Toprak ve duvar i\u015f\u00e7ili\u011finin bu etkile\u015fimi, \u015fehrin yo\u011fun mahallelerine sert bir kar\u015f\u0131tl\u0131k sunar. Duvarlar\u0131n i\u00e7inde, zanaatkarlar sayg\u0131de\u011fer zanaatlar\u0131na devam ediyor - g\u00fcm\u00fc\u015f i\u015f\u00e7ili\u011fi, bak\u0131r oymac\u0131l\u0131\u011f\u0131 ve yar\u0131 de\u011ferli ta\u015f oymac\u0131l\u0131\u011f\u0131 - ancak mekanize end\u00fcstri \u00e7a\u011f\u0131 sadece uzak bir an\u0131. Daha \u00f6nceki y\u00fczy\u0131llarda, yak\u0131nlardaki yama\u00e7lardaki madenler oniks, kalsedon ve akik \u00fcretiyordu ve \u0130ngiliz g\u00f6zlemciler bir zamanlar Sanaa&#039;n\u0131n metal i\u015f\u00e7ili\u011fini &#034;\u00fcnl\u00fc&#034; olarak \u00f6vd\u00fcler, hatta kademeli d\u00fc\u015f\u00fc\u015f\u00fcnden yak\u0131nd\u0131lar.<\/p>\n<p>Yemen miras\u0131ndan bir par\u00e7ay\u0131 evlerine g\u00f6t\u00fcrmek isteyenler i\u00e7in Sana&#039;da al\u0131\u015fveri\u015f yapmak hem sab\u0131r hem de incelik gerektiren bir i\u015ftir. Pazarl\u0131k beklenir; fiyatlar riyal, dolar veya avro olarak belirtilebilir ve her para birimi sat\u0131c\u0131n\u0131n takdirine ba\u011fl\u0131 olarak kabul edilir. Yerel erkeklerin takt\u0131\u011f\u0131 kavisli han\u00e7er olan Jambiya \u00f6zellikle dikkat \u00e7ekicidir. Al\u0131c\u0131lar, saplar\u0131 geleneksel olarak boynuz veya fildi\u015finden oyulmu\u015f, ancak g\u00fcn\u00fcm\u00fczde s\u0131kl\u0131kla ah\u015fap veya kehribardan yap\u0131lm\u0131\u015f bu b\u0131\u00e7aklara g\u00fcm\u00fc\u015f veya temel metalden k\u0131l\u0131flar ve elle dikilmi\u015f deri kemerlerin e\u015flik etti\u011fini bilmelidir. Daha hafif bir hat\u0131ra i\u00e7in minyat\u00fcr jambiya \u015feklinde bro\u015flar ve kolye u\u00e7lar\u0131 bol miktarda bulunur ve s\u00f6zde lapis lazuli ve di\u011fer ta\u015flarla s\u00fcslenmi\u015f kolyeler de vard\u0131r; \u00f6zg\u00fcnl\u00fck nadiren garanti edilir.<\/p>\n<p>Ak\u015fam, g\u00f6lgeler pi\u015fmi\u015f toprak \u00e7at\u0131lar\u0131n \u00fczerinden uzad\u0131k\u00e7a, Sanaa ger\u00e7ek formunu ortaya koyuyor: da\u011f havas\u0131 ve kil duvarlar\u0131n, ezanlar\u0131n ve \u00e7ocuk kahkahalar\u0131n\u0131n, ah\u015fap lentolar\u0131n alt\u0131nda pazarl\u0131k eden t\u00fcccarlar\u0131n canl\u0131 bir gobleni. Burada, modernlik ve gelenek sessiz bir pazarl\u0131k i\u00e7inde duruyor. \u015eehrin huzursuz n\u00fcfusu d\u0131\u015far\u0131ya do\u011fru geni\u015fliyor, ancak Eski \u015eehir&#039;in duvarlar\u0131 i\u00e7inde, y\u00fczy\u0131llar\u0131n sessizli\u011fi devam ediyor. Sanaa&#039;da oyalanmak, ta\u015f ve tu\u011flaya kaz\u0131nm\u0131\u015f bir dayan\u0131kl\u0131l\u0131\u011fa tan\u0131k olmakt\u0131r - da\u011flar\u0131n\u0131n \u00f6tesindeki d\u00fcnya durmadan de\u011fi\u015firken bile acele etmeyi reddeden bir yerin tela\u015fs\u0131z bir vasiyeti.<\/p>","protected":false},"excerpt":{"rendered":"<p>Yemen&#039;in ba\u015fkenti ve en b\u00fcy\u00fck \u015fehri olan Sanaa, 2023 itibar\u0131yla yakla\u015f\u0131k 3.292.497 n\u00fcfusa sahip olup, \u00fclke i\u00e7inde \u00f6nemli bir kentsel merkez haline gelmi\u015ftir. Deniz seviyesinden 2.300 metre y\u00fckseklikte olan Sanaa, d\u00fcnyan\u0131n en y\u00fcksek ba\u015fkentleri aras\u0131ndad\u0131r. Arap Yar\u0131madas\u0131&#039;n\u0131n en y\u00fcksek noktalar\u0131 olarak kabul edilen Jabal An-Nabi Shu&#039;ayb ve Jabal Tiyal&#039;i i\u00e7eren Sarawat Da\u011flar\u0131 ile \u00e7evrilidir.<\/p>","protected":false},"author":1,"featured_media":3481,"parent":15430,"menu_order":0,"comment_status":"closed","ping_status":"closed","template":"elementor_theme","meta":{"_eb_attr":"","footnotes":""},"class_list":["post-15439","page","type-page","status-publish","has-post-thumbnail"],"_links":{"self":[{"href":"https:\/\/travelshelper.com\/tr\/wp-json\/wp\/v2\/pages\/15439","targetHints":{"allow":["GET"]}}],"collection":[{"href":"https:\/\/travelshelper.com\/tr\/wp-json\/wp\/v2\/pages"}],"about":[{"href":"https:\/\/travelshelper.com\/tr\/wp-json\/wp\/v2\/types\/page"}],"author":[{"embeddable":true,"href":"https:\/\/travelshelper.com\/tr\/wp-json\/wp\/v2\/users\/1"}],"replies":[{"embeddable":true,"href":"https:\/\/travelshelper.com\/tr\/wp-json\/wp\/v2\/comments?post=15439"}],"version-history":[{"count":0,"href":"https:\/\/travelshelper.com\/tr\/wp-json\/wp\/v2\/pages\/15439\/revisions"}],"up":[{"embeddable":true,"href":"https:\/\/travelshelper.com\/tr\/wp-json\/wp\/v2\/pages\/15430"}],"wp:featuredmedia":[{"embeddable":true,"href":"https:\/\/travelshelper.com\/tr\/wp-json\/wp\/v2\/media\/3481"}],"wp:attachment":[{"href":"https:\/\/travelshelper.com\/tr\/wp-json\/wp\/v2\/media?parent=15439"}],"curies":[{"name":"wp","href":"https:\/\/api.w.org\/{rel}","templated":true}]}}