{"id":15430,"date":"2024-09-21T09:30:52","date_gmt":"2024-09-21T09:30:52","guid":{"rendered":"https:\/\/travelshelper.com\/staging\/?page_id=15430"},"modified":"2026-03-11T21:53:28","modified_gmt":"2026-03-11T21:53:28","slug":"yemen","status":"publish","type":"page","link":"https:\/\/travelshelper.com\/tr\/destinations\/asia\/yemen\/","title":{"rendered":"Yemen"},"content":{"rendered":"<p>Resmen Yemen Cumhuriyeti olarak bilinen Yemen, Arap Yar\u0131madas\u0131&#039;n\u0131n g\u00fcneybat\u0131 k\u00f6\u015fesini i\u015fgal eder, kara k\u00fctlesi yakla\u015f\u0131k 455.503 kilometrekare (175.871 mil kare) alana yay\u0131l\u0131r ve yakla\u015f\u0131k 2.000 kilometre (1.200 mil) k\u0131y\u0131 \u015feridi sa\u011flar. S\u0131n\u0131rlar\u0131 kuzeyde Suudi Arabistan ile; kuzeydo\u011fuda Umman ile; do\u011fuda Arap Denizi ile; g\u00fcneyde Aden K\u00f6rfezi ile; bat\u0131da ise K\u0131z\u0131ldeniz ile birle\u015fir; bu sular\u0131n kar\u015f\u0131s\u0131nda Yemen, Cibuti, Eritre ve Somali ile deniz s\u0131n\u0131rlar\u0131n\u0131 payla\u015f\u0131r. \u00dclkenin anayasal ba\u015fkenti olan Sanaa, 2.100 metreyi a\u015fan bir y\u00fckseklikte iki bin y\u0131ldan fazla bir s\u00fcredir yerle\u015fim yeridir; yakla\u015f\u0131k 34,7 milyonluk n\u00fcfusu ezici bir \u00e7o\u011funlukla Arap ve M\u00fcsl\u00fcmand\u0131r ve Arap Birli\u011fi, Birle\u015fmi\u015f Milletler, Ba\u011flant\u0131s\u0131zlar Hareketi ve \u0130slam \u0130\u015fbirli\u011fi Te\u015fkilat\u0131&#039;ndaki \u00fcyeli\u011fi uzun bir diplomatik ili\u015fki ge\u00e7mi\u015fini yans\u0131t\u0131r.<\/p>\n<p>Co\u011frafi ve iklimsel olarak Yemen d\u00f6rt ana b\u00f6lgeye ayr\u0131l\u0131r. K\u0131z\u0131ldeniz k\u0131y\u0131s\u0131 boyunca Tihamah uzan\u0131r: lag\u00fcnlerle dolu ve kumullarla \u00e7evrili, d\u00fcz, bo\u011fucu bir ova. S\u0131cak minimum s\u0131cakl\u0131k hi\u00e7bir nehrin denize ula\u015fmas\u0131n\u0131 engellemese de, yeralt\u0131 su kaynaklar\u0131 i\u00e7 kesimlerde tar\u0131m\u0131 besler. \u00d6tesinde, bir yayla omurgas\u0131 bat\u0131 ve do\u011fu platolar\u0131na ayr\u0131l\u0131r. Bat\u0131 yaylalar\u0131 orografik ya\u011f\u0131\u015f\u0131n \u00e7o\u011funu al\u0131r ve terasl\u0131 \u00e7iftlikleri yemye\u015fil hale getirir; daha kuru olan do\u011fudaki muadili daha seyrek tar\u0131m \u00fcretir. Do\u011fuda yine Rub\u02bf al Khali veya Bo\u015f Mahalle uzan\u0131r; Arap yar\u0131madas\u0131n\u0131n kalbindeki hareketli kumlar\u0131n bir alan\u0131. A\u00e7\u0131k denizde, Yemen&#039;in egemenli\u011fi birka\u00e7 K\u0131z\u0131ldeniz adas\u0131na -Hanish, Kamaran, Perim- ve volkanik zirveleri ve endemik bitki \u00f6rt\u00fcs\u00fc bu k\u0131tayla yak\u0131nl\u0131klara i\u015faret eden Afrika&#039;ya daha yak\u0131n bulunan Sokotra tak\u0131madalar\u0131na kadar uzan\u0131r.<\/p>\n<p>Yedi bin y\u0131ldan fazla bir s\u00fcredir Yemen, ticaret ve k\u00fclt\u00fcr\u00fcn kav\u015fa\u011f\u0131nda yer almaktad\u0131r. M\u00d6 birinci bin y\u0131lda, Saba&#039; krall\u0131\u011f\u0131, K\u0131z\u0131ldeniz&#039;in kar\u015f\u0131s\u0131nda, g\u00fcn\u00fcm\u00fczde Etiyopya ve Eritre olan yerlerde koloniler kurarak, g\u00fcnl\u00fck ve m\u00fcr kervanlar\u0131n\u0131 d\u00fczenledi. MS 275&#039;te Himyar krall\u0131\u011f\u0131, Yahudili\u011fin siyasi ve sosyal ya\u015famda kal\u0131c\u0131 izler b\u0131rakt\u0131\u011f\u0131 Saba&#039;n\u0131n yerini ald\u0131. Hristiyan topluluklar d\u00f6rd\u00fcnc\u00fc y\u00fczy\u0131lda k\u00f6k sald\u0131; \u00fc\u00e7 y\u00fczy\u0131l i\u00e7inde \u0130slam geldi ve h\u0131zla yayg\u0131nla\u015ft\u0131. Yemenli sava\u015f\u00e7\u0131lar Peygamber&#039;in yan\u0131nda ve daha sonra \u0130slam&#039;\u0131 Arabistan&#039;\u0131n \u00f6tesine ta\u015f\u0131yan fetihlerde g\u00f6rev ald\u0131lar. Orta\u00e7a\u011f boyunca, Rasulidler ve Tahiriler gibi hanedanlar y\u00fckseldi ve d\u00fc\u015ft\u00fc, yayla kasabalar\u0131 ise Yemen&#039;i \u0130slam \u00f6\u011freniminin merkezi yapacak ilahiyat okullar\u0131 kurdu.<\/p>\n<p>On alt\u0131nc\u0131 ve yirminci y\u00fczy\u0131llar aras\u0131nda Yemen yabanc\u0131 sald\u0131r\u0131larla kar\u015f\u0131 kar\u015f\u0131ya kald\u0131. Osmanl\u0131 \u0130mparatorlu\u011fu kuzeyin \u00e7o\u011funu talep etti; \u0130ngilizler g\u00fcneyde Aden&#039;in etraf\u0131na yerle\u015ftiler. I. D\u00fcnya Sava\u015f\u0131&#039;ndan sonra \u0130mam Yahya ba\u011f\u0131ms\u0131z bir Yemen Krall\u0131\u011f\u0131 ilan etti. 1962&#039;de cumhuriyet\u00e7i subaylar monar\u015fiyi devirerek Yemen Arap Cumhuriyeti&#039;ni veya Kuzey Yemen&#039;i kurdular. Be\u015f y\u0131l sonra Aden ve hinterland\u0131, Arap d\u00fcnyas\u0131n\u0131n tek sosyalist devleti olan Yemen Halk Demokratik Cumhuriyeti olarak ayr\u0131ld\u0131. Kuzey ve g\u00fcney ancak 1990&#039;da Yemen Cumhuriyeti olarak birlik oldu; ilk ba\u015fkan\u0131 Ali Abdullah Salih, 2011 Arap Bahar\u0131 istifas\u0131n\u0131 zorlayana kadar ba\u015fkanl\u0131k yapt\u0131.<\/p>\n<p>Siyasi \u00e7alkant\u0131 h\u0131zla geri d\u00f6nd\u00fc. Ekonomik durgunluk, yayg\u0131n i\u015fsizlik ve \u00f6nerilen anayasa de\u011fi\u015fiklikleri \u00fczerine kitlesel protestolar Yemen&#039;in yerle\u015fik liderli\u011fine kar\u015f\u0131 birle\u015fti. 2015&#039;e gelindi\u011finde, i\u00e7 sava\u015f \u00fclkeyi sarm\u0131\u015ft\u0131: Sana&#039;daki Husi hareketi uluslararas\u0131 olarak tan\u0131nan h\u00fck\u00fcmetle kar\u015f\u0131 kar\u015f\u0131ya gelirken, yabanc\u0131 g\u00fc\u00e7ler hava, kara ve deniz yoluyla m\u00fcdahale etti. Bunu izleyen insani felaket y\u00fczy\u0131l\u0131n en ciddi felaketleri aras\u0131nda yer al\u0131yor: 2019&#039;a gelindi\u011finde, n\u00fcfusun d\u00f6rtte \u00fc\u00e7\u00fc olan yakla\u015f\u0131k 24 milyon Yemenli yard\u0131ma ihtiya\u00e7 duyuyordu ve a\u00e7l\u0131k, \u00e7ocuk \u00f6l\u00fcmleri ve hastal\u0131k yay\u0131l\u0131m\u0131 g\u00f6stergeleri hala vahim. Yemen, Afrika d\u0131\u015f\u0131nda insani geli\u015fmede en d\u00fc\u015f\u00fck ve k\u00fcresel bar\u0131\u015fta en d\u00fc\u015f\u00fck s\u0131rada yer al\u0131yor, bar\u0131\u015f zaman\u0131ndaki ekonomisi abluka ve \u00e7at\u0131\u015fma alt\u0131nda neredeyse \u00e7\u00f6km\u00fc\u015f olsa bile.<\/p>\n<p>Ancak zorluklara ra\u011fmen Yemen&#039;in mimari miras\u0131 diren\u00e7li bir \u015fekilde ayakta duruyor. 1986&#039;da UNESCO D\u00fcnya Miras\u0131 Alan\u0131 olarak kaydedilen Sana&#039;n\u0131n Eski Kenti&#039;nde, pi\u015fmi\u015f tu\u011fla ve ta\u015ftan yap\u0131lm\u0131\u015f kule evler alt\u0131, hatta yedi kat y\u00fckseliyor, cepheleri geometrik al\u00e7\u0131 kabartmalarla desenlendirilmi\u015f. Alt katlarda bir zamanlar hayvanlar ve ambarlar saklan\u0131yordu; en \u00fcstte, bir kabul odas\u0131 (mafraj) \u00e7at\u0131lar\u0131n \u00fczerinden manzaralar sunuyordu. Kuzeyde, 16. y\u00fczy\u0131ldan kalma kerpi\u00e7 g\u00f6kdelenlerin hala Vadi Hadramaut&#039;u korudu\u011fu &#034;\u00c7\u00f6l\u00fcn Manhattan&#039;\u0131&#034; \u015eibam yer al\u0131yor. Daha da \u00f6tede, Zabid, as\u0131rlard\u0131r s\u00fcregelen bilginlikle yank\u0131lanan kemerleriyle bir orta\u00e7a\u011f \u00fcniversite kasabas\u0131n\u0131 koruyor. Vadi Dahr&#039;da, renkli cam fan \u0131\u015f\u0131kl\u0131klar\u0131 ve s\u00fcsl\u00fc al\u00e7\u0131 i\u015f\u00e7ili\u011fi daha sessiz bir d\u00f6nemi hat\u0131rlatan \u0130mam&#039;\u0131n kaya saray\u0131 Dar al-Hajar bulunuyor.<\/p>\n<p>2008&#039;de D\u00fcnya Miras\u0131 Alan\u0131 olarak belirlenen Sokotra tak\u0131madalar\u0131, ba\u015fka hi\u00e7bir yerde bulunmayan do\u011fal harikalar sunar. 825 bitki t\u00fcr\u00fcn\u00fcn yakla\u015f\u0131k &#039;si d\u00fcnyan\u0131n ba\u015fka hi\u00e7bir yerinde bulunmaz; ayn\u0131 \u015fekilde s\u00fcr\u00fcngenlerin &#039;\u0131 ve salyangozlar\u0131n &#039;i de. \u00dcnl\u00fc Ejderha Kan\u0131 a\u011fac\u0131 (Dracaena cinnabari) kire\u00e7ta\u015f\u0131 platolar\u0131n\u0131 s\u00fcslerken, mercan resifleri 253 mercan ve 730 bal\u0131k t\u00fcr\u00fcyle doludur. Sokotra&#039;n\u0131n izolasyonu yaln\u0131zca biyolojik \u00e7e\u015fitlili\u011fi de\u011fil, ayn\u0131 zamanda Yemen&#039;in katmanl\u0131 miras\u0131na tan\u0131kl\u0131k eden belirgin bir dili ve k\u00fclt\u00fcr\u00fc de beslemi\u015ftir.<\/p>\n<p>\u0130dari olarak Yemen, Sanaa \u00e7evresindeki Amanat al\u2011\u02bfAsimah belediyesi art\u0131 yirmi bir valilikten olu\u015fur; 2013 reformu Socotra&#039;y\u0131 kendi valili\u011fine y\u00fckseltti. Alt b\u00f6l\u00fcmler 333 il\u00e7eden 2.200&#039;den fazla alt il\u00e7eye ve yakla\u015f\u0131k 38.300 k\u00f6ye kadar uzan\u0131r. 2014&#039;te, bir anayasa plan\u0131 alt\u0131 federal b\u00f6lge \u00f6nerdi -d\u00f6rt kuzey, iki g\u00fcney- ancak i\u00e7 sava\u015f tam y\u00fcr\u00fcrl\u00fc\u011fe girmesini engelledi.<\/p>\n<p>Ekonomik olarak, birle\u015fme m\u00fctevaz\u0131 kazan\u0131mlar getirdi: 2013&#039;te Yemen&#039;in gayri safi yurti\u00e7i has\u0131las\u0131 (sat\u0131n alma g\u00fcc\u00fc paritesi) 61,63 milyar ABD dolar\u0131na ula\u015ft\u0131 ve ki\u015fi ba\u015f\u0131na d\u00fc\u015fen gelir 2.500 dolard\u0131. Hizmetler \u00e7\u0131kt\u0131n\u0131n &#039;\u0131ndan fazlas\u0131n\u0131, sanayi &#039;ini ve tar\u0131m %8&#039;in alt\u0131ndayd\u0131; petrol bir zamanlar GSY\u0130H&#039;nin d\u00f6rtte birine ve gelirin &#039;\u00fcne katk\u0131da bulunuyordu. \u00c7at\u0131\u015fma yeniden ba\u015flad\u0131\u011f\u0131ndan beri GSY\u0130H yar\u0131dan fazla d\u00fc\u015ft\u00fc, ihracat durdu ve altyap\u0131 bozuldu. Yemen d\u00fcnyan\u0131n en fakirleri aras\u0131nda yer al\u0131yor, insani geli\u015fme endeksleri en alt s\u0131ralarda.<\/p>\n<p>Demografik olarak Yemen gen\u00e7tir. 1950&#039;de 4,3 milyon olan n\u00fcfusu, 2020&#039;lerin ba\u015f\u0131nda yakla\u015f\u0131k 33-35 milyona y\u00fckseldi; n\u00fcfusun neredeyse yar\u0131s\u0131 on be\u015f ya\u015f\u0131n alt\u0131nda ve y\u00fczde 3&#039;\u00fc altm\u0131\u015f be\u015f ya\u015f\u0131n \u00fczerinde. Kad\u0131n ba\u015f\u0131na yakla\u015f\u0131k 4,5 \u00e7ocukla do\u011furganl\u0131k oran\u0131 y\u00fcksek kalmaya devam ediyor ve y\u00fczy\u0131l\u0131n ortas\u0131na do\u011fru bu say\u0131n\u0131n belki de 60 milyona \u00e7\u0131kaca\u011f\u0131 \u00f6ng\u00f6r\u00fcl\u00fcyor. Arap\u00e7a kamusal ya\u015fam\u0131n temelini olu\u015fturuyor: Modern Standart Arap\u00e7a e\u011fitim ve y\u00f6netimde hizmet veriyor; arkaik foneti\u011fi ve kelime da\u011farc\u0131\u011f\u0131yla Yemen Arap\u00e7as\u0131 g\u00fcnl\u00fck dil olmaya devam ediyor. Sokotra ve do\u011fu Hadramut&#039;ta G\u00fcney Sami dilleri -Soqotri, Mehri ve di\u011ferleri- varl\u0131\u011f\u0131n\u0131 s\u00fcrd\u00fcr\u00fcyor. \u0130ngilizce, \u00f6zellikle eski \u0130ngiliz b\u00f6lgelerinde giderek daha fazla yayg\u0131nla\u015f\u0131yor.<\/p>\n<p>\u0130slam, Yemenlileri birle\u015ftirir, Zeydi \u015eiiler yakla\u015f\u0131k &#039;ini ve S\u00fcnni M\u00fcsl\u00fcmanlar, \u00e7o\u011funlukla \u015eafii mezhebinden olanlar, yakla\u015f\u0131k &#039;\u00fcn\u00fc olu\u015fturur; daha k\u00fc\u00e7\u00fck \u0130smaili ve Oniki \u0130mam topluluklar\u0131 bu dokuyu tamamlar. Dini uygulamalar g\u00fcnl\u00fck ritimleri \u015fekillendirir: \u015fafak vakti, \u00f6\u011fle vakti, \u00f6\u011fleden sonra, g\u00fcn bat\u0131m\u0131 ve ak\u015fam cami \u00e7a\u011fr\u0131lar\u0131 pazar yerlerini ve da\u011f k\u00f6ylerini ayn\u0131 \u015fekilde vurgular.<\/p>\n<p>Yemen&#039;i ziyaret etmek sab\u0131r ve dikkat gerektirir. G\u00fcvenlik endi\u015feleri nedeniyle u\u00e7u\u015flar dalgalanmaktad\u0131r; 2024 y\u0131l\u0131n\u0131n ortalar\u0131ndan itibaren yaln\u0131zca Sana, Aden ve Say&#039;un havaalanlar\u0131na Amman, Kahire, Riyad ve Mumbai&#039;den s\u0131n\u0131rl\u0131 hizmet verilmektedir. Demiryolu bulunmamaktad\u0131r. Umman \u00fczerinden kara yoluyla giri\u015f m\u00fcmk\u00fcn olmaya devam etmektedir, ancak karayoluyla \u015fehirleraras\u0131 seyahat i\u00e7in turist polisinden izin (tasriih) zorunludur; Suudi s\u0131n\u0131r ge\u00e7i\u015fleri daha kat\u0131 gereklilikler getirmektedir. Klimal\u0131 ve bazen eski olan otob\u00fcsler ana \u015fehirleri birbirine ba\u011flamaktad\u0131r, ancak \u00f6zel gezginler genellikle yerel rehberlerle d\u00f6rt \u00e7eker ara\u00e7lar kiralamaktad\u0131r. Cibuti&#039;den gelen k\u0131y\u0131 feribotlar\u0131 K\u00f6rfez&#039;i a\u011f\u0131r a\u011f\u0131r a\u015fmaktad\u0131r ve cesur ruhlar hala Sokotra&#039;ya giden \u00e7imento gemilerine binebilirler.<\/p>\n<p>\u015eehir i\u00e7inde, payla\u015f\u0131ml\u0131 taksiler\u2014yerel olarak &#034;bijou&#034; veya Peugeot t\u00fcrevi minib\u00fcsler\u2014dolup-git esas\u0131na g\u00f6re \u00e7al\u0131\u015f\u0131r, dokuz yolcuya kadar oturabilir; \u00f6nde iki koltuk veya t\u00fcm s\u0131ralar i\u00e7in pazarl\u0131k yapmak ek konfor i\u00e7in gelenekseldir. Daha sakin b\u00f6lgelerdeki ba\u011f\u0131ms\u0131z gezginler i\u00e7in \u015fehir i\u00e7i otob\u00fcsler ucuz, keyifli bir ge\u00e7i\u015f sa\u011flar. \u0130zin fotokopileri, pasaport ve g\u00fczergah a\u00e7\u0131k yol ge\u00e7i\u015flerini g\u00fcvence alt\u0131na almak i\u00e7in yeterlidir, ancak askeri kontrol noktalar\u0131 yine de birden fazla onay talep edebilir.<\/p>\n<p>Lojistik engellere ra\u011fmen Yemen&#039;in cazibeleri devam ediyor. Dar sokaklar\u0131n labirenti Sana&#039;da, k\u0131rm\u0131z\u0131 ah\u015fap kafesli pencereler ve kakule baharatl\u0131 kahvenin kokusu y\u00fczy\u0131llard\u0131r s\u00fcren g\u00fcnl\u00fck ya\u015fam\u0131 hat\u0131rlat\u0131yor. 3.000 metre y\u00fckseklikteki Kawkaban, Himyarit yaz\u0131tlar\u0131n\u0131 ve eski Yahudi topluluklar\u0131ndan kalma Davut Y\u0131ld\u0131zlar\u0131n\u0131 koruyor. Sa&#039;dah&#039;\u0131n kerpi\u00e7 surlar\u0131, meyveleri yayla k\u00f6ylerini ayakta tutan \u00fcz\u00fcm ve palmiye ba\u011flar\u0131n\u0131 koruyor. Al Mahwit, da\u011flar\u0131 bulutlarla kapl\u0131 \u00e7iftliklerle ta\u00e7land\u0131r\u0131yor; Bura, yar\u0131madadaki di\u011fer t\u00fcm yerlerden farkl\u0131 olarak musonla beslenen ormanlara ev sahipli\u011fi yap\u0131yor. Manakhah&#039;\u0131n y\u00fcksek yerle\u015fimi, orta\u00e7a\u011f tepe planlamas\u0131n\u0131 g\u00f6steriyor; bir zamanlar efsanede \u015eeba Krali\u00e7esi&#039;ne atfedilen Ma&#039;rib&#039;in eski baraj\u0131, geni\u015f tarlalar\u0131 sulayan m\u00fchendislik ba\u015far\u0131lar\u0131na tan\u0131kl\u0131k ediyor. &#034;Ye\u015fil Kalp&#034; olarak bilinen Ibb&#039;de, y\u0131ll\u0131k ya\u011f\u0131\u015f selleri kahve ve bal vadilerini besler; yak\u0131ndaki Jiblah, m\u00fcstahkem ta\u015f evlerle yank\u0131lan\u0131r. Al Khawkhah, palmiyelerle g\u00f6lgelenen K\u0131z\u0131ldeniz plajlar\u0131 sunarken, cumhuriyetin k\u00fclt\u00fcrel merkezi olan Ta&#039;izz, Jabal Sabir&#039;in terasl\u0131 yama\u00e7lar\u0131n\u0131n alt\u0131nda yer al\u0131r. Hadhramaut&#039;taki Tarim ve Say&#039;un, tu\u011fladan yap\u0131lm\u0131\u015f saraylarda ve camilerde Hadhrami zarafetini yans\u0131t\u0131r. Al Mukalla, Arap Denizi&#039;ne modern bir \u015fekilde bakar, ancak k\u0131y\u0131s\u0131 Bir Ali&#039;nin bozulmam\u0131\u015f kumlar\u0131na yol verir. Son olarak, muson etkisinin bir kal\u0131nt\u0131s\u0131 olan Hauf Milli Park\u0131, Ummanl\u0131 kom\u015fularla payla\u015f\u0131lan ya\u011fmur orman\u0131 ve yaban hayat\u0131 ceplerini destekler.<\/p>\n<p>Ziyaret\u00e7i i\u00e7in, sosyal normlar ihtiyatl\u0131 bir davran\u0131\u015f gerektirir. Siyasi konular, \u00f6zellikle Amerika Birle\u015fik Devletleri veya \u0130srail hakk\u0131ndaki g\u00f6r\u00fc\u015fler, huzursuzlu\u011fa yol a\u00e7abilir. Din, sayg\u0131 gerektirir: camiler k\u0131yafet kurallar\u0131 koyar ve Ramazan ay\u0131nda halka a\u00e7\u0131k yerlerde yemek yemek veya sigara i\u00e7mek su\u00e7tur. Kameralar izin gerektirir; kad\u0131n portreleri veya g\u00fcvenlik tesisleri d\u00fc\u015fmanl\u0131\u011fa yol a\u00e7abilir. Hay\u0131rsever d\u00fcrt\u00fcler, \u00e7ocuklara yap\u0131lan ve ba\u011f\u0131ml\u0131l\u0131\u011f\u0131 te\u015fvik edebilen do\u011fa\u00e7lama hediyelerden ziyade, tan\u0131nm\u0131\u015f hay\u0131r kurumlar\u0131 arac\u0131l\u0131\u011f\u0131yla daha iyi ifade bulur. Pazarl\u0131k, ticaretin kalbinde yer al\u0131r; yabanc\u0131lar i\u00e7in sabit fiyatland\u0131rma nadirdir ve m\u00fczakere, gelene\u011fi temsil eder.<\/p>\n<p>B\u00f6ylece Yemen, z\u0131tl\u0131klar\u0131n \u00fclkesi olmaya devam ediyor: mimarisi ve do\u011fal harikalar\u0131 \u00e7at\u0131\u015fman\u0131n tahribat\u0131na meydan okuyan bir medeniyet be\u015fi\u011fi; zorluklara ra\u011fmen misafirperverli\u011fin s\u00fcrd\u00fc\u011f\u00fc ve her vadinin ve k\u00f6y\u00fcn tarih katmanlar\u0131 ta\u015f\u0131d\u0131\u011f\u0131 bir yer. Yemen&#039;i anlamak, onun ac\u0131lar\u0131n\u0131 ve g\u00fczelli\u011fini e\u015fit \u00f6l\u00e7\u00fcde kabul etmek, geleneklerine ve insanlar\u0131na sayg\u0131 duymak ve Yemen&#039;in miras\u0131n\u0131n, \u015fu anki s\u0131k\u0131nt\u0131lar\u0131nda bile, hem ge\u00e7mi\u015fi hem de daha geni\u015f Arap d\u00fcnyas\u0131n\u0131n vaadini \u015fekillendirdi\u011fini kabul etmektir.<\/p>","protected":false},"excerpt":{"rendered":"<p>Bat\u0131 Asya&#039;da bulunan Yemen, 2024 itibar\u0131yla yakla\u015f\u0131k 40,8 milyonluk bir n\u00fcfusa sahip olup, d\u00fcnyan\u0131n en kalabal\u0131k 37. \u00fclkesidir. G\u00fcney Arabistan&#039;da stratejik olarak yakla\u015f\u0131k 528.000 kilometrekarelik bir alan\u0131 kaplayan bu \u00fclkenin kuzeyde Suudi Arabistan&#039;dan ve kuzeydo\u011fuda Umman&#039;dan s\u0131n\u0131r\u0131 vard\u0131r. Yemen&#039;in 2.000 kilometrelik k\u0131y\u0131 \u015feridi g\u00fcneyde Hint Okyanusu&#039;ndan bat\u0131da K\u0131z\u0131ldeniz&#039;e kadar uzan\u0131r. Afrika Boynuzu&#039;nun kar\u015f\u0131s\u0131nda bulunan bu co\u011frafi y\u00f6nelim, Eritre, Cibuti ve Somali aras\u0131nda deniz s\u0131n\u0131rlar\u0131 olu\u015fturur.<\/p>","protected":false},"author":1,"featured_media":3216,"parent":24063,"menu_order":0,"comment_status":"closed","ping_status":"closed","template":"elementor_theme","meta":{"_eb_attr":"","footnotes":""},"class_list":["post-15430","page","type-page","status-publish","has-post-thumbnail"],"_links":{"self":[{"href":"https:\/\/travelshelper.com\/tr\/wp-json\/wp\/v2\/pages\/15430","targetHints":{"allow":["GET"]}}],"collection":[{"href":"https:\/\/travelshelper.com\/tr\/wp-json\/wp\/v2\/pages"}],"about":[{"href":"https:\/\/travelshelper.com\/tr\/wp-json\/wp\/v2\/types\/page"}],"author":[{"embeddable":true,"href":"https:\/\/travelshelper.com\/tr\/wp-json\/wp\/v2\/users\/1"}],"replies":[{"embeddable":true,"href":"https:\/\/travelshelper.com\/tr\/wp-json\/wp\/v2\/comments?post=15430"}],"version-history":[{"count":0,"href":"https:\/\/travelshelper.com\/tr\/wp-json\/wp\/v2\/pages\/15430\/revisions"}],"up":[{"embeddable":true,"href":"https:\/\/travelshelper.com\/tr\/wp-json\/wp\/v2\/pages\/24063"}],"wp:featuredmedia":[{"embeddable":true,"href":"https:\/\/travelshelper.com\/tr\/wp-json\/wp\/v2\/media\/3216"}],"wp:attachment":[{"href":"https:\/\/travelshelper.com\/tr\/wp-json\/wp\/v2\/media?parent=15430"}],"curies":[{"name":"wp","href":"https:\/\/api.w.org\/{rel}","templated":true}]}}