{"id":15420,"date":"2024-09-20T23:51:22","date_gmt":"2024-09-20T23:51:22","guid":{"rendered":"https:\/\/travelshelper.com\/staging\/?page_id=15420"},"modified":"2026-03-11T18:34:32","modified_gmt":"2026-03-11T18:34:32","slug":"ulan-batur","status":"publish","type":"page","link":"https:\/\/travelshelper.com\/tr\/destinations\/asia\/mongolia\/ulaanbaatar\/","title":{"rendered":"Ulan Batur"},"content":{"rendered":"<p>Ulan Batur, y\u00fcksek irtifa havas\u0131n\u0131n Mo\u011folistan bozk\u0131r\u0131n\u0131n u\u00e7suz bucaks\u0131zl\u0131\u011f\u0131yla bulu\u015ftu\u011fu bir sahnede yer al\u0131r. Deniz seviyesinden yakla\u015f\u0131k 1.350 metre y\u00fckseklikte, Selenge&#039;nin bir kolu olan Tuul taraf\u0131ndan oyulmu\u015f bir nehir vadisinde yer al\u0131r. Bat\u0131da Songino Khairkhan, kuzeyde Chingeltei ve Bayanzurkh ve g\u00fcneyde ormanl\u0131k Bogd Khan Da\u011f\u0131 olmak \u00fczere d\u00f6rt g\u00f6zetmen tepeyle \u00e7evrili olan \u015fehir, me\u015fhur sert k\u0131\u015flar\u0131n\u0131 ve k\u0131sa, s\u0131cak yazlar\u0131n\u0131 getiren Sibirya antisiklonuna dayan\u0131r. Eksi 40 \u00b0C&#039;lik sabahlar\u0131n sanc\u0131s\u0131na ra\u011fmen, Ulan Batur&#039;un y\u0131ll\u0131k ortalama s\u0131cakl\u0131\u011f\u0131 0,2 \u00b0C&#039;dir ve bu onu y\u0131ll\u0131k ortalamaya g\u00f6re d\u00fcnyan\u0131n en so\u011fuk ulusal ba\u015fkenti yapar; bu i\u015faret yaln\u0131zca Gr\u00f6nland&#039;daki Nuuk ile u\u00e7 noktada payla\u015f\u0131l\u0131r. \u0130klim s\u0131n\u0131fland\u0131rmas\u0131, so\u011fuk yar\u0131 kurak (BSk) ve subarktik (Dwc) tiplerin s\u0131n\u0131r\u0131nda yer al\u0131r; Temmuz ay\u0131ndaki 39 \u00b0C&#039;lik kavurucu s\u0131cakl\u0131klar ile Ocak ay\u0131ndaki Arktik durgunlu\u011fu aras\u0131ndaki keskin sal\u0131n\u0131mlar hem mimarisini hem de ya\u015fam bi\u00e7imini \u015fekillendirir.<\/p>\n\n\n\n<p>Modern Ulan Batur&#039;un k\u00f6kleri, Mo\u011fol Budizm&#039;inin ilk ruhani lideri Zanabazar&#039;\u0131n \u00d6rg\u00f6\u00f6 olarak bilinen ta\u015f\u0131nabilir bir manast\u0131r b\u00f6lgesi kurdu\u011fu 1639 y\u0131l\u0131na dayan\u0131r. Zorunluluktan g\u00f6\u00e7ebe olan bu dini merkez, Mo\u011folistan&#039;\u0131n pastoral toplumunun ritimlerine ba\u011fl\u0131 olarak yakla\u015f\u0131k 140 y\u0131l boyunca yirmi dokuz kez yer de\u011fi\u015ftirmi\u015ftir. \u00d6rg\u00f6\u00f6, ancak 1778&#039;de hareketlilikten son ayr\u0131l\u0131\u015f\u0131n\u0131 yaparak Rus-\u00c7in s\u0131n\u0131r\u0131ndaki Kyakhta ile Pekin aras\u0131ndaki kervan yolu boyunca Tuul Nehri yak\u0131nlar\u0131na demirlemi\u015ftir. 1911&#039;de Qing hanedan\u0131n\u0131n d\u00fc\u015f\u00fc\u015f\u00fcyle \u200b\u200b\u015fehir, dini k\u00f6kenlerinin \u00f6tesinde ba\u011f\u0131ms\u0131zl\u0131\u011f\u0131n potas\u0131na d\u00f6n\u00fc\u015fm\u00fc\u015ft\u00fcr. Sekizinci Jebtsundamba Hututu d\u00f6neminde k\u0131sa \u00f6m\u00fcrl\u00fc Bogd Hanl\u0131\u011f\u0131&#039;n\u0131n ba\u015fkenti oldu ve 1921 kom\u00fcnist devriminin ard\u0131ndan Mo\u011fol Halk Cumhuriyeti&#039;nin kurulmas\u0131yla 1924&#039;te Ulan Batur - K\u0131z\u0131l Kahraman - olarak yeniden adland\u0131r\u0131ld\u0131.<\/p>\n\n\n\n<p>Sovyet d\u00f6nemi planlamas\u0131 1950&#039;lerde Ulan Batur&#039;un y\u00fcz\u00fcn\u00fc de\u011fi\u015ftirdi. Tahta gers&#039;ler yerini tek tip apartman bloklar\u0131na b\u0131rakt\u0131, bulvarlar geni\u015fledi ve meydanlar yeni bir ihti\u015fam kazand\u0131. \u015eehrin kalbindeki S\u00fckhbaatar Meydan\u0131 kahramanlar\u0131n\u0131 sergiliyor: At\u0131n\u0131n \u00fczerinde Damdin S\u00fckhbaatar ve H\u00fck\u00fcmet Saray\u0131 ve Bar\u0131\u015f Caddesi&#039;nin k\u0131vr\u0131mlar\u0131 taraf\u0131ndan \u00e7evrelenmi\u015f kuzeye bakan Cengiz Han. Ancak ge\u00e7mi\u015fin kal\u0131nt\u0131lar\u0131 varl\u0131\u011f\u0131n\u0131 s\u00fcrd\u00fcr\u00fcyor: Gandantegchinlen Manast\u0131r\u0131, Bogd Han&#039;\u0131n K\u0131\u015f Saray\u0131 ve Choijin Lama Tap\u0131na\u011f\u0131, bir zamanlar hac\u0131lar\u0131n tavaf rotalar\u0131n\u0131 izleyen ve \u015fimdi yol a\u011f\u0131na damgas\u0131n\u0131 vuran manast\u0131r \u015fehrinin an\u0131lar\u0131n\u0131 sunuyor. 1990&#039;daki demokratik protestolar\u0131n tek partili iktidar\u0131 devirmesinden bu yana Ulan Batur, benzeri g\u00f6r\u00fclmemi\u015f say\u0131larda g\u00f6\u00e7mene kucak a\u00e7t\u0131 ve n\u00fcfusu 2007&#039;de bir milyondan azken 2022&#039;nin sonlar\u0131nda yakla\u015f\u0131k 1,6 milyona \u00e7\u0131kt\u0131.<\/p>\n\n\n\n<p>Bu h\u0131zl\u0131 b\u00fcy\u00fcme altyap\u0131y\u0131 geride b\u0131rakt\u0131 ve sakinlerin \u00fc\u00e7te ikisi kuzey \u00e7evresindeki ger b\u00f6lgelerinde kald\u0131. G\u00fcvenilir su, sanitasyon ve asfalt yollardan yoksun olan bu mahalleler kendi in\u015fa ettikleri ger&#039;lere ve k\u00f6m\u00fcr sobalar\u0131na g\u00fcveniyor. K\u0131\u015f\u0131n, Ulan Batur gezegenin en k\u00f6t\u00fc hava kalitesi s\u0131ralamalar\u0131ndan birine sahip olurken, \u015fehri bo\u011fucu bir pusla bo\u011fuyorlar. \u00c7ocukluk \u00e7a\u011f\u0131 zat\u00fcrre oranlar\u0131 t\u0131rman\u0131yor ve halk sa\u011fl\u0131\u011f\u0131 y\u00fck\u00fc partik\u00fcl maddeye ili\u015fkin her laboratuvar say\u0131m\u0131nda elle tutulur hale geliyor. Bu arada, i\u00e7 \u00e7ekirdekte, bir in\u015faat patlamas\u0131 g\u00f6ky\u00fcz\u00fcne yeni g\u00f6kdelenler f\u0131rlat\u0131yor - baz\u0131lar\u0131 lisansl\u0131, di\u011ferleri yasal belirsizlik i\u00e7inde in\u015fa edilmi\u015f - hem canl\u0131 hem de d\u00fczenlenmemi\u015f bir ekonominin kan\u0131t\u0131.<\/p>\n\n\n\n<p>Mo\u011folistan&#039;\u0131n siyasi ve finansal merkezi olan Ulan Batur, \u00fclke n\u00fcfusunun neredeyse yar\u0131s\u0131n\u0131 belediye s\u0131n\u0131rlar\u0131 i\u00e7inde bar\u0131nd\u0131rmaktad\u0131r. Ba\u015fkenti Zuunmod&#039;un 43 kilometre g\u00fcneyde yer ald\u0131\u011f\u0131 \u00e7evredeki T\u00f6v Eyaletinden ayr\u0131 olarak y\u00f6netilen \u015fehir, \u00fclkenin k\u00fclt\u00fcrel kurumlar\u0131n\u0131, \u015firket merkezlerini ve ula\u015f\u0131m arterlerini yo\u011funla\u015ft\u0131rmaktad\u0131r. MCS Group, Tavan Bogd ve Mobicom, Boroo ve \u00f6tesindeki yak\u0131nlardaki alt\u0131n yataklar\u0131n\u0131 kullanan yabanc\u0131 madencilik giri\u015fimlerinin yan\u0131 s\u0131ra, burada k\u00f6k salm\u0131\u015f yerel \u015firketler aras\u0131nda yer almaktad\u0131r. Hizmet end\u00fcstrileri \u015fehrin GSY\u0130H&#039;sinin yakla\u015f\u0131k &#039;\u00fcn\u00fc olu\u015ftururken, madencilik bir di\u011fer &#039;ine katk\u0131da bulunmaktad\u0131r. Yine de 2008 krizinde g\u00f6r\u00fcld\u00fc\u011f\u00fc gibi, emtia fiyatlar\u0131ndaki oynakl\u0131k hayaleti, teknoloji, finans ve turizm alanlar\u0131nda yeni giri\u015fimler do\u011furarak \u00e7e\u015fitlendirme giri\u015fimlerini te\u015fvik etmektedir.<\/p>\n\n\n\n<p>Bu kentsel goblenin i\u00e7inde hem antik hem de modern sanat formlar\u0131 geli\u015fir. Manast\u0131rlar hazineleri korur: Gandan Manast\u0131r\u0131&#039;n\u0131n 26,5 metrelik yald\u0131zl\u0131 Avalokite\u015bvara heykeli ve Choijin Lama Tap\u0131na\u011f\u0131&#039;n\u0131n merak dolu galerileri, bir\u00e7ok dini mekan\u0131 yerle bir eden tasfiyelerden sa\u011f kurtulmu\u015ftur. Zanabazar G\u00fczel Sanatlar M\u00fczesi, Mo\u011folistan&#039;\u0131n en \u00fcnl\u00fc sanat\u00e7\u0131-azizinin \u015faheserlerini sergilerken, Ulusal M\u00fcze tarih \u00f6ncesi \u00e7a\u011flardan Mo\u011fol \u0130mparatorlu\u011fu&#039;na kadar insan ayak izlerini takip eder. Ulan Batur Opera Binas\u0131, Boston&#039;un sahne sanatlar\u0131 topluluklar\u0131 gibi kurumlarla ortakl\u0131k yaparak bale ve senfoni sahneler. Halk topluluklar\u0131\u2014Tumen Ekh, Morin Khuur Toplulu\u011fu ve Devlet B\u00fcy\u00fck Ulusal Orkestras\u0131\u2014d\u00fcnyay\u0131 turlayarak uzun \u015fark\u0131lar\u0131n, at ba\u015fl\u0131 kemanlar\u0131n ve Tsam maskeli danslar\u0131n yank\u0131s\u0131n\u0131 uzak sahnelere ta\u015f\u0131r.<\/p>\n\n\n\n<p>Parklar ve korunan alanlar \u015fehrin etraf\u0131nda bir yay olu\u015fturur. 12. y\u00fczy\u0131ldan kalma 67.300 hektarl\u0131k bir koruma kal\u0131nt\u0131s\u0131 olan Bogd Khan Uul korunan b\u00f6lgesi, yama\u00e7lar\u0131nda kara\u00e7am ve \u00e7am bar\u0131nd\u0131r\u0131yor ve 12. y\u00fczy\u0131ldan kalma Manjusri Manast\u0131r\u0131&#039;n\u0131n kal\u0131nt\u0131lar\u0131yla yank\u0131lan\u0131yor. 70 kilometre do\u011fuda bulunan Gorkhi-Terelj Milli Park\u0131, g\u00fcn\u00fcbirlik gezginleri y\u00fcr\u00fcy\u00fc\u015f parkurlar\u0131na ve hediyelik e\u015fya tezgahlar\u0131yla dolu taban\u0131na s\u0131k\u0131\u015ft\u0131r\u0131lm\u0131\u015f 40 metrelik Cengiz Han atl\u0131 heykeline davet ediyor. \u015eehir s\u0131n\u0131rlar\u0131 i\u00e7inde, 100.000&#039;den fazla a\u011fa\u00e7la dikilmi\u015f 55 hektarl\u0131k Milli Bah\u00e7e Park\u0131, vatanda\u015flara \u00e7evre y\u00f6netimi konusunda e\u011fitim vermeyi ama\u00e7larken, daha k\u00fc\u00e7\u00fck koruluklar ge\u00e7mi\u015fin fig\u00fcrlerini an\u0131yor veya Kore-Mo\u011folistan dostlu\u011funu te\u015fvik ediyor.<\/p>\n\n\n\n<p>Ulan Batur&#039;un sokak dokusu eskiyi ve yeniyi \u00f6r\u00fcyor. Bir zamanlar \u00d6rg\u00f6\u00f6&#039;n\u00fcn Ch\u00f6l\u00f6\u00f6&#039;s\u00fc olan Bar\u0131\u015f Caddesi, merkez meydan\u0131 boyunca do\u011fu-bat\u0131 y\u00f6n\u00fcnde uzan\u0131yor, kald\u0131r\u0131mlar\u0131 Devlet Ma\u011fazalar\u0131 ve buharda pi\u015firilmi\u015f buuz ve \u015fekerlemeler sunan kafelerle dolu. Ikh Toiruu \u00e7evre yolu, Japon yard\u0131mlar\u0131yla G\u00fcne\u015f Yolu anlam\u0131na gelen Narnii Zam ile kesi\u015fen, kaybolmu\u015f tap\u0131naklar\u0131n etraf\u0131nda hac\u0131lar\u0131n dua yollar\u0131n\u0131 izliyor. Kuzeydeki ger b\u00f6lgeleri, hemen \u00f6tesinde, gayriresmi pazarlarla noktalanan toprak yol \u015febekeleriyle y\u00fckseliyor. G\u00fcneyde, zengin mahalleler, yazl\u0131k da\u00e7alar\u0131n (Rus da\u00e7alar\u0131n\u0131 an\u0131msatan zuslan) kavak ve s\u00f6\u011f\u00fctlerin aras\u0131nda yer ald\u0131\u011f\u0131, hafta sonu barbek\u00fclerine ve g\u00fcn sonunda ara s\u0131ra otlayan \u00e7oban atlar\u0131na ev sahipli\u011fi yapt\u0131\u011f\u0131 Tuul&#039;a do\u011fru yay\u0131l\u0131yor.<\/p>\n\n\n\n<p>Toplu ta\u015f\u0131ma, 660.000&#039;den fazla kay\u0131tl\u0131 araca sahip bir \u015fehri ayakta tutuyor. Otob\u00fcsler bask\u0131n: On dokuz \u015firkete ait 950 ara\u00e7, her g\u00fcn yakla\u015f\u0131k yar\u0131m milyon yolcu ta\u015f\u0131yarak 105 g\u00fczergah\u0131 kat ediyor. 2015 y\u0131l\u0131nda kond\u00fckt\u00f6rlerin yerini bir &#034;U Money&#034; ak\u0131ll\u0131 kart \u00fccret sistemi ald\u0131 ve yeti\u015fkinler i\u00e7in 300-500 t\u00f6gr\u00f6g&#039;e mal olan yolculuklar\u0131 kolayla\u015ft\u0131rd\u0131. Troleyb\u00fcsler ve minib\u00fcsler bo\u015fluklar\u0131 dolduruyor; \u015fu anda say\u0131s\u0131 372 olan resmi taksiler i\u015faretli s\u0131ralarda seyrederken, lisanss\u0131z taksiler ve UBCab gibi ara\u00e7 \u00e7a\u011f\u0131rma uygulamalar\u0131 g\u00f6lgede geli\u015fiyor. Trafik Peace Avenue, Ikh Toiruu, Narnii Zam ve Chinggis Avenue boyunca a\u011f\u0131r a\u011f\u0131r ilerliyor, ortalama i\u015fe gidi\u015f-geli\u015f saatleri h\u0131z\u0131 2021&#039;de 9 km\/s&#039;nin alt\u0131na d\u00fc\u015f\u00fcyor ve t\u0131kan\u0131kl\u0131k artt\u0131k\u00e7a daha da yava\u015flamas\u0131 \u00f6ng\u00f6r\u00fcl\u00fcyor.<\/p>\n\n\n\n<p>Demiryolu ba\u011flant\u0131lar\u0131 Ulan Batur&#039;u Trans-Mo\u011fol Demiryolu \u00fczerinden Rusya ve \u00c7in&#039;e ba\u011fl\u0131yor ve be\u015f helikopter pisti sil\u00fcetini s\u00fcsl\u00fcyor. 2021&#039;de T\u00f6v Eyaletindeki Sergelen&#039;de a\u00e7\u0131l\u0131\u015f\u0131 yap\u0131lan Cengiz Han Uluslararas\u0131 Havaalan\u0131, eski Buyant-Ukhaa sahas\u0131n\u0131n yerini ald\u0131. Terminalleri, \u015fehre servis otob\u00fcsleri ve otoyollarla ba\u011flanan Avrupa, Do\u011fu Asya ve yerel aimag merkezlerine giden rotalara ev sahipli\u011fi yap\u0131yor. \u015eehir i\u00e7inde, ula\u015f\u0131m planlamac\u0131lar\u0131 su bask\u0131nlar\u0131yla bo\u011fu\u015fuyor; asfalt yollar\u0131n sadece y\u00fczde 16&#039;s\u0131nda drenaj var ve bu da bahar \u00e7\u00f6z\u00fclmelerini ger mahallelerinde su tehlikesi haline getiriyor.<\/p>\n\n\n\n<p>Ziyaret\u00e7iler i\u00e7in pratiklik tarihle birle\u015fiyor. ATM&#039;ler bol miktarda bulunuyor; Golomt ve TDB bankalar\u0131 uluslararas\u0131 kartlara t\u00f6gr\u00f6g da\u011f\u0131t\u0131yor, ancak yakla\u015f\u0131k %3 oran\u0131nda \u00fccret uygulan\u0131yor ve yaln\u0131zca havaalan\u0131 makineleri Cirrus&#039;u kabul ediyor. Peace Avenue boyunca d\u00f6viz b\u00fcrolar\u0131 rekabet\u00e7i oranlar sunarken, b\u00fcy\u00fck oteller her saat d\u00f6viz bozduruyor. Su\u00e7 \u00e7evrede yo\u011funla\u015f\u0131yor: ger alanlar\u0131, ayd\u0131nlat\u0131lmam\u0131\u015f sokaklar ve kalabal\u0131k pazarlar yankesicilik konusunda dikkatli olmay\u0131 gerektiriyor; \u015fehir merkezi buna k\u0131yasla nispeten g\u00fcvenli kal\u0131yor. Sarho\u015f yoldan ge\u00e7enlerin kar\u0131\u015ft\u0131\u011f\u0131 yabanc\u0131 d\u00fc\u015fman\u0131 olaylar ara s\u0131ra ortaya \u00e7\u0131k\u0131yor; barlarda ve taksilerde ihtiyatl\u0131 olmak ve geceleri gruplar halinde seyahat etmek \u00e7o\u011fu riski azalt\u0131yor.<\/p>\n\n\n\n<p>Alt\u0131nc\u0131 varolu\u015f evresinde - 1639-1778 manast\u0131r hareketlili\u011fi; 1778-1924 Qing hanedan\u0131 Urga; 1924-1990 sosyalist Cumhuriyeti; zay\u0131f 1990&#039;lar; ve 2000&#039;den bu yana patlay\u0131c\u0131 b\u00fcy\u00fcme - Ulan Batur kimlik katmanlar\u0131n\u0131 ortaya koyuyor. Her katman iz b\u0131rak\u0131yor: tap\u0131nak muhafazalar\u0131n\u0131 an\u0131msatan ah\u015fap \u00e7itler; cam kulelere yol veren Sovyet d\u00f6nemi daireleri; neon otel tabelalar\u0131n\u0131n g\u00f6lgeledi\u011fi \u00e7amur lekeli gerler. S\u0131cakl\u0131k ve e\u015fitsizli\u011fin a\u015f\u0131r\u0131l\u0131klar\u0131 aras\u0131nda Ulan Batur, g\u00f6\u00e7ebe gelenek, Budist \u00f6\u011frenimi ve zorluklara kar\u015f\u0131 diren\u00e7li adaptasyon temelleri \u00fczerine modernli\u011fi olu\u015fturarak Mo\u011folistan&#039;\u0131n sinir merkezi olarak varl\u0131\u011f\u0131n\u0131 s\u00fcrd\u00fcr\u00fcyor. S\u00fcrekli de\u011fi\u015fen ufuk \u00e7izgisi, \u00f6tesindeki bozk\u0131rlar\u0131 yans\u0131t\u0131yor - g\u00f6ky\u00fcz\u00fcne a\u00e7\u0131k, r\u00fczgarla \u015fekillenmi\u015f ve bu so\u011fuk vadiyi yuva olarak adland\u0131ran insanlar taraf\u0131ndan canland\u0131r\u0131lm\u0131\u015f.<\/p>","protected":false},"excerpt":{"rendered":"<p>Mo\u011folistan&#039;\u0131n ba\u015fkenti ve en b\u00fcy\u00fck \u015fehri olan Ulan Batur&#039;un n\u00fcfusu 1,6 milyondur ve y\u0131ll\u0131k ortalama s\u0131cakl\u0131\u011fa g\u00f6re d\u00fcnyan\u0131n en so\u011fuk ba\u015fkenti olarak kabul edilir. Mo\u011folistan&#039;\u0131n kuzey merkezinde, yakla\u015f\u0131k 1.300 metre y\u00fckseklikte bulunan bu canl\u0131 \u015fehir, yakla\u015f\u0131k d\u00f6rt y\u00fczy\u0131la uzanan b\u00fcy\u00fcleyici bir tarihe sahiptir. \u015eehrin g\u00f6\u00e7ebe bir Budist manast\u0131r merkezinden \u00e7a\u011fda\u015f bir kentsel merkeze d\u00f6n\u00fc\u015f\u00fcm\u00fc, Mo\u011folistan&#039;\u0131n zengin k\u00fclt\u00fcrel miras\u0131n\u0131 ve bir ulus olarak geli\u015fimini yans\u0131t\u0131r.<\/p>","protected":false},"author":1,"featured_media":3043,"parent":15411,"menu_order":0,"comment_status":"closed","ping_status":"closed","template":"elementor_theme","meta":{"_eb_attr":"","footnotes":""},"class_list":["post-15420","page","type-page","status-publish","has-post-thumbnail"],"_links":{"self":[{"href":"https:\/\/travelshelper.com\/tr\/wp-json\/wp\/v2\/pages\/15420","targetHints":{"allow":["GET"]}}],"collection":[{"href":"https:\/\/travelshelper.com\/tr\/wp-json\/wp\/v2\/pages"}],"about":[{"href":"https:\/\/travelshelper.com\/tr\/wp-json\/wp\/v2\/types\/page"}],"author":[{"embeddable":true,"href":"https:\/\/travelshelper.com\/tr\/wp-json\/wp\/v2\/users\/1"}],"replies":[{"embeddable":true,"href":"https:\/\/travelshelper.com\/tr\/wp-json\/wp\/v2\/comments?post=15420"}],"version-history":[{"count":0,"href":"https:\/\/travelshelper.com\/tr\/wp-json\/wp\/v2\/pages\/15420\/revisions"}],"up":[{"embeddable":true,"href":"https:\/\/travelshelper.com\/tr\/wp-json\/wp\/v2\/pages\/15411"}],"wp:featuredmedia":[{"embeddable":true,"href":"https:\/\/travelshelper.com\/tr\/wp-json\/wp\/v2\/media\/3043"}],"wp:attachment":[{"href":"https:\/\/travelshelper.com\/tr\/wp-json\/wp\/v2\/media?parent=15420"}],"curies":[{"name":"wp","href":"https:\/\/api.w.org\/{rel}","templated":true}]}}