{"id":15411,"date":"2024-09-20T23:46:15","date_gmt":"2024-09-20T23:46:15","guid":{"rendered":"https:\/\/travelshelper.com\/staging\/?page_id=15411"},"modified":"2026-03-11T18:34:23","modified_gmt":"2026-03-11T18:34:23","slug":"mogolistan","status":"publish","type":"page","link":"https:\/\/travelshelper.com\/tr\/destinations\/asia\/mongolia\/","title":{"rendered":"Mo\u011folistan"},"content":{"rendered":"<p>Mo\u011folistan, Asya i\u00e7 kesimlerinin geni\u015f bir alan\u0131n\u0131 kaplar ve herhangi bir denize veya g\u00f6le eri\u015fimi olmayan yakla\u015f\u0131k 1.564.116 kilometrekarelik egemen bir toprakt\u0131r. Kuzeyde Rusya, g\u00fcneyde ve g\u00fcneydo\u011fuda \u00c7in ile s\u0131n\u0131r kom\u015fusu olan \u00fclke, bir i\u00e7 denize kom\u015fu olmayan en b\u00fcy\u00fck kara \u00fclkesidir. Arazisi geni\u015f hatlarla uzan\u0131r: engebeli otlaklar merkezi platoyu kaplarken, da\u011f s\u0131ralar\u0131 kuzeye ve bat\u0131ya do\u011fru y\u00fckselir ve Gobi \u00c7\u00f6l\u00fc - \u00e7orak bir kum denizinden daha fazlas\u0131 olan bir otlak - g\u00fcney kesimleri boyunca uzan\u0131r. Toplam n\u00fcfusu 3,5 milyonu zar zor a\u015fan Mo\u011folistan, ba\u011f\u0131ms\u0131z devletler aras\u0131nda en d\u00fc\u015f\u00fck n\u00fcfus yo\u011funlu\u011fu rekorunu elinde tutar. N\u00fcfusunun yar\u0131s\u0131 d\u00fcnyan\u0131n en so\u011fuk ba\u015fkenti olan Ulan Batur&#039;da ya\u015far ve kalan topraklar dikkate de\u011fer \u015fekilde a\u00e7\u0131k ve seyrek n\u00fcfusludur.<\/p>\n\n\n\n<p>Mo\u011folistan&#039;\u0131n en do\u011fu ucu, \u00c7in&#039;deki Hangzhou ile hemen hemen ayn\u0131 hizada olan 120\u00b0 D boylam\u0131na yak\u0131n yer al\u0131rken, bat\u0131 s\u0131n\u0131r\u0131 87\u00b0 D&#039;ye yakla\u015f\u0131r; neredeyse Kalk\u00fcta boylam\u0131na. Yakla\u015f\u0131k 41\u00b0 K&#039;den 52\u00b0 K&#039;nin hemen \u00f6tesine kadar olan enlem aral\u0131\u011f\u0131, \u00fclkeyi Roma ve Berlin paralelleri veya Chicago ve Saskatoon aras\u0131na yerle\u015ftirir. Yine de bu co\u011frafi referanslar, bu y\u00fcksek platodaki ya\u015fam\u0131 tan\u0131mlayan iklim u\u00e7lar\u0131n\u0131 yalanlar. Y\u0131ll\u0131k ya\u011f\u0131\u015f, kuzeyden g\u00fcneye do\u011fru, ormanl\u0131k yaylalarda yakla\u015f\u0131k 200-350 milimetreden Gobi&#039;nin baz\u0131 b\u00f6lgelerinde 40 milimetreye kadar d\u00fc\u015fer. K\u0131\u015flar, baz\u0131 vadilerde s\u0131cakl\u0131klar\u0131 -30 \u00b0C&#039;nin alt\u0131na d\u00fc\u015f\u00fcren amans\u0131z bir Sibirya antisiklonu getirirken, yazlar yo\u011fun s\u0131cakl\u0131k ve \u00e7\u00f6l\u00fcn d\u0131\u015f\u0131nda ya\u011fmur patlamalar\u0131 getirebilir.<\/p>\n\n\n\n<p>Mo\u011folistan&#039;\u0131n insanl\u0131k tarihi g\u00f6\u00e7ebe konfederasyonlar\u0131n\u0131n binlerce y\u0131l\u0131na kadar uzan\u0131yor. 1206&#039;da Cengiz Han&#039;\u0131n y\u00fckseli\u015finden \u00f6nce, bozk\u0131rlar \u00e7e\u015fitli zamanlarda Xiongnu, Xianbei, Rouran ve ard\u0131\u015f\u0131k T\u00fcrk ve Uygur ka\u011fanl\u0131klar\u0131 taraf\u0131ndan y\u00f6netiliyordu. Tem\u00fcjin -daha sonra Cengiz Han- Mo\u011follar\u0131 birle\u015ftirdi\u011finde, tarihin en b\u00fcy\u00fck biti\u015fik kara imparatorlu\u011funun yarat\u0131lmas\u0131n\u0131 harekete ge\u00e7irdi. Torunu Kubilay Han d\u00f6neminde, \u00c7in tam anlam\u0131yla d\u00fc\u015ft\u00fc ve Yuan hanedan\u0131 kuruldu. Yuan&#039;\u0131n 1368&#039;deki \u00e7\u00f6k\u00fc\u015f\u00fcn\u00fcn ard\u0131ndan, Mo\u011fol gruplar\u0131 bir kez daha Dayan Han ve Tumen Zasagt Han d\u00f6nemleri on alt\u0131nc\u0131 y\u00fczy\u0131lda g\u00f6receli bir uyum getirene kadar i\u00e7 rekabete geri d\u00f6nd\u00fcler.<\/p>\n\n\n\n<p>Tibet Budizmi Mo\u011follar aras\u0131nda da on alt\u0131nc\u0131 y\u00fczy\u0131lda k\u00f6k sald\u0131. On yedinci y\u00fczy\u0131lda D\u0131\u015f Mo\u011folistan&#039;\u0131 emen Qing hanedan\u0131n\u0131n himayesinde, manast\u0131r kurumlar\u0131 geli\u015fti: yirminci y\u00fczy\u0131l\u0131n ba\u015flar\u0131nda, \u00fc\u00e7 yeti\u015fkin erkekten biri Budist rahip olarak ya\u015f\u0131yordu. Qing&#039;in 1911&#039;deki d\u00fc\u015f\u00fc\u015f\u00fc, ba\u011f\u0131ms\u0131zl\u0131k bildirgesi i\u00e7in bir f\u0131rsat sa\u011flad\u0131; tam \u00f6zerklik 1921&#039;de g\u00fcvence alt\u0131na al\u0131nd\u0131, ancak bunu 1924&#039;te Sovyet yanl\u0131s\u0131 bir sosyalist cumhuriyetin kurulmas\u0131 izledi. 1990&#039;daki bar\u0131\u015f\u00e7\u0131l demokratik devrim ve iki y\u0131l sonra yeni bir anayasan\u0131n y\u00fcr\u00fcrl\u00fc\u011fe girmesiyle Mo\u011folistan \u00e7ok partili bir sistemi benimsedi ve piyasa ekonomisine ge\u00e7i\u015fe ba\u015flad\u0131.<\/p>\n\n\n\n<p>G\u00fcn\u00fcm\u00fczde Mo\u011follar\u0131n yakla\u015f\u0131k y\u00fczde otuzu g\u00f6\u00e7ebe veya yar\u0131 g\u00f6\u00e7ebe bir hayat s\u00fcrd\u00fcr\u00fcyor. Atlar hareketlili\u011fin ve k\u00fclt\u00fcr\u00fcn temel ta\u015f\u0131 olmaya devam ediyor; geleneksel ke\u00e7e gerler (\u0130ngilizcede yurts olarak bilinir) koyun, ke\u00e7i, s\u0131\u011f\u0131r, at veya deve s\u00fcr\u00fclerine ba\u011fl\u0131 hareket halindeki aileleri bar\u0131nd\u0131r\u0131r. Ger tap\u0131naklar\u0131 on alt\u0131nc\u0131 ve on yedinci y\u00fczy\u0131llarda tu\u011fla ve kiri\u015fli b\u00fcy\u00fck manast\u0131rlara d\u00f6n\u00fc\u015fm\u00fc\u015f olsa da, silindirik form ve ke\u00e7e \u00f6rt\u00fcler Mo\u011fol ya\u015fam\u0131n\u0131n simgesi olarak varl\u0131\u011f\u0131n\u0131 s\u00fcrd\u00fcr\u00fcyor. Lama serileri genellikle ger k\u00fcmeleri olarak ba\u015flar, daha sonra piramit \u00e7at\u0131larla ta\u00e7land\u0131r\u0131lm\u0131\u015f alt\u0131gen veya on iki kenarl\u0131 salonlara geni\u015fler - bir ger e\u011frisinin yakla\u015f\u0131klar\u0131 - d\u00f6rtgen tabanlar ve \u00e7ad\u0131r \u015feklindeki ba\u015fl\u0131klar geli\u015ftirmeden \u00f6nce.<\/p>\n\n\n\n<p>Mo\u011folistan etnik a\u00e7\u0131dan b\u00fcy\u00fck \u00f6l\u00e7\u00fcde homojendir: etnik Mo\u011follar n\u00fcfusun yakla\u015f\u0131k y\u00fczde doksan be\u015fini olu\u015ftururken, Halha alt grubu bu \u00e7o\u011funlu\u011fun y\u00fczde seksen alt\u0131s\u0131n\u0131 olu\u015fturur. Kazaklar ve Tuvalar da dahil olmak \u00fczere T\u00fcrk az\u0131nl\u0131klar yakla\u015f\u0131k y\u00fczde d\u00f6rt bu\u00e7uk oran\u0131nda bir n\u00fcfusa sahiptir; Ruslar, \u00c7inliler, Koreliler ve Amerikal\u0131lar ise daha k\u00fc\u00e7\u00fck gruplar olu\u015fturur. Dilsel a\u00e7\u0131dan, resmi dil, Halha leh\u00e7esinde standartla\u015ft\u0131r\u0131lm\u0131\u015f Mo\u011folcad\u0131r. Kazak\u00e7a Bayan-\u00d6lgii aimag&#039;da, Tuvaca ise H\u00f6vsg\u00f6l&#039;\u00fcn baz\u0131 b\u00f6lgelerinde bask\u0131nd\u0131r. 1940&#039;lardan bu yana Mo\u011folca Kiril alfabesiyle yaz\u0131lm\u0131\u015ft\u0131r; demokratik ge\u00e7i\u015fin ard\u0131ndan geleneksel dikey yaz\u0131da m\u00fctevaz\u0131 bir canlanma olmu\u015f, 2025&#039;te Kiril alfabesiyle birlikte yasal ve idari kullan\u0131m i\u00e7in resmen geri getirilmi\u015f olsa da g\u00fcnl\u00fck kullan\u0131m b\u00fcy\u00fck \u00f6l\u00e7\u00fcde t\u00f6rensel ba\u011flamlarla s\u0131n\u0131rl\u0131 kalm\u0131\u015ft\u0131r.<\/p>\n\n\n\n<p>Mo\u011folistan&#039;daki din, inan\u00e7 katmanlar\u0131n\u0131 yans\u0131t\u0131r: Vajrayana Budizmi yeti\u015fkin n\u00fcfusun sadece y\u00fczde elliden biraz fazlas\u0131 taraf\u0131ndan benimsenirken, y\u00fczde k\u0131rk ki\u015fi dinsiz olarak tan\u0131mlanmaktad\u0131r. \u015eamanik uygulamalar k\u00fclt\u00fcrel alt katman olarak varl\u0131\u011f\u0131n\u0131 s\u00fcrd\u00fcrmektedir ve \u0130slam, \u00f6zellikle etnik Kazaklar aras\u0131nda, yakla\u015f\u0131k y\u00fczde \u00fc\u00e7\u00fc olu\u015fturmaktad\u0131r. Budist ve \u015famanik rit\u00fcellerin i\u00e7 i\u00e7e ge\u00e7mesi, mevsimlik adaklardan uzak vadilerde g\u00f6klere g\u00f6m\u00fclmeye kadar toplumsal ve bireysel t\u00f6renleri \u015fekillendirmeye devam etmektedir.<\/p>\n\n\n\n<p>Mo\u011folistan&#039;\u0131n ekonomisi pastoral miras\u0131na ve mineral zenginli\u011fine dayanmaktad\u0131r. Hayvanc\u0131l\u0131k ve tar\u0131m birlikte GSY\u0130H&#039;n\u0131n yakla\u015f\u0131k y\u00fczde on alt\u0131s\u0131n\u0131 temsil eder; bak\u0131r, k\u00f6m\u00fcr, molibden, kalay, tungsten ve alt\u0131na odaklanan madencilik yakla\u015f\u0131k y\u00fczde yirmi iki katk\u0131da bulunur. Tek ba\u015f\u0131na ka\u015fmir \u00fcretimi, d\u00fcnyan\u0131n ham \u00fcretiminin be\u015fte birini olu\u015fturur. Toptan ve perakende ticaret, hizmetler, ula\u015f\u0131m, depolama ve gayrimenkul de ekonomik kompozisyonda \u00f6nemli paylara sahiptir. Yine de bu resmi sekt\u00f6rlerin yan\u0131 s\u0131ra, resmi GSY\u0130H&#039;n\u0131n en az \u00fc\u00e7te birine e\u015fit oldu\u011fu tahmin edilen gayri resmi bir ekonomi k\u0131rsal ve kentsel ya\u015fam\u0131 kaplar.<\/p>\n\n\n\n<p>\u00dclkenin d\u0131\u015f ticareti, ihracat\u0131n yakla\u015f\u0131k y\u00fczde seksenini emerken ithalat\u0131n \u00fc\u00e7te birinden biraz fazlas\u0131n\u0131 tedarik eden \u00c7in&#039;e yo\u011fun bir \u015fekilde y\u00f6nelmi\u015ftir. 2023&#039;te Mo\u011folistan&#039;\u0131n ger\u00e7ek GSY\u0130H b\u00fcy\u00fcmesi, b\u00fcy\u00fck \u00f6l\u00e7\u00fcde \u00c7in pazar\u0131 i\u00e7in rekor k\u00f6m\u00fcr \u00fcretimiyle y\u00f6nlendirilen y\u00fczde yediye ula\u015ft\u0131; daha d\u00fc\u015f\u00fck k\u00fcresel g\u0131da ve yak\u0131t maliyetleri, enflasyonun 2024&#039;\u00fcn ba\u015flar\u0131nda yakla\u015f\u0131k y\u00fczde yediye d\u00fc\u015fmesine yard\u0131mc\u0131 oldu. \u0130thalat hacimlerindeki g\u00fc\u00e7l\u00fc art\u0131\u015fa ra\u011fmen cari hesap fazlas\u0131 kaydedildi, ancak emtia fiyatlar\u0131ndaki d\u00fc\u015f\u00fc\u015fler \u00f6n\u00fcm\u00fczdeki y\u0131llarda dengeyi de\u011fi\u015ftirebilir. D\u00fcnya Bankas\u0131, Mo\u011folistan&#039;\u0131n orta vadeli beklentilerini, enflasyonist bask\u0131lar, d\u0131\u015f talep dalgalanmalar\u0131 ve olas\u0131 y\u00fck\u00fcml\u00fcl\u00fcklere ba\u011fl\u0131 mali risklerle yumu\u015fat\u0131lm\u0131\u015f olarak g\u00f6r\u00fcyor. Asya Kalk\u0131nma Bankas\u0131&#039;na g\u00f6re, 2022&#039;de Mo\u011follar\u0131n yakla\u015f\u0131k y\u00fczde yirmi yedisi ulusal yoksulluk s\u0131n\u0131r\u0131n\u0131n alt\u0131nda ya\u015farken, ki\u015fi ba\u015f\u0131na d\u00fc\u015fen GSY\u0130H on iki bin ABD dolar\u0131 civar\u0131ndayd\u0131.<\/p>\n\n\n\n<p>Finansal altyap\u0131, 1991&#039;de kurulan Mo\u011folistan Borsas\u0131&#039;n\u0131 i\u00e7erir. 2024 itibar\u0131yla, yakla\u015f\u0131k 3,2 milyar ABD dolar\u0131 toplam piyasa de\u011ferine sahip yakla\u015f\u0131k 180 \u015firketi listeler. Uluslararas\u0131 Finans Kurumu, Mo\u011folistan&#039;\u0131 i\u015f yapma kolayl\u0131\u011f\u0131 a\u00e7\u0131s\u0131ndan k\u00fcresel olarak seksen birinci s\u0131raya koyar. Kredi ve bankac\u0131l\u0131k hizmetleri Ulan Batur ve belirli il merkezlerinde yo\u011funla\u015fm\u0131\u015ft\u0131r ve bu da bir\u00e7ok b\u00f6lgesel toplulu\u011fu gayri resmi bor\u00e7 verme veya takasa ba\u011f\u0131ml\u0131 b\u0131rakmaktad\u0131r.<\/p>\n\n\n\n<p>\u00dclkenin u\u00e7suz bucaks\u0131z topraklar\u0131nda ula\u015f\u0131m arterleri uzan\u0131r. Trans-Mo\u011fol Demiryolu, Rusya&#039;daki Ulan-Ude&#039;de Trans-Sibirya hatt\u0131n\u0131 birbirine ba\u011flar, Ulan-Batur&#039;dan ge\u00e7er ve g\u00fcneye do\u011fru ilerleyerek Erenhot&#039;ta \u00c7in demir yolu a\u011flar\u0131na ba\u011flan\u0131r. Tavan Tolgoi k\u00f6m\u00fcr sahalar\u0131ndan \u00c7in s\u0131n\u0131r\u0131na kadar uzanan ayr\u0131 bir y\u00fck ba\u011flant\u0131s\u0131 yakla\u015f\u0131k 233 kilometredir. Ulan-Batur&#039;un asfalt koridorlar\u0131n\u0131n \u00f6tesindeki yollar \u00e7ak\u0131l veya basit yollara do\u011fru e\u011filim g\u00f6sterir; asfalt yollar, Milenyum Yolu boyunca bat\u0131ya ve do\u011fuya, Rusya ve \u00c7in s\u0131n\u0131rlar\u0131na ve b\u00fcy\u00fck \u015fehirler aras\u0131na uzan\u0131r. Yol yap\u0131m projeleri ba\u011flant\u0131y\u0131 iyile\u015ftirmeyi ama\u00e7lar, ancak yaln\u0131zca yakla\u015f\u0131k 4.800 kilometre asfalt yol vard\u0131r ve bunlar\u0131n 1.800 kilometresi yaln\u0131zca 2013 y\u0131l\u0131nda tamamlanm\u0131\u015ft\u0131r.<\/p>\n\n\n\n<p>Hava yolculu\u011fu hem yurt i\u00e7i hem de uluslararas\u0131 ihtiya\u00e7lara hizmet eder. Ulan Batur&#039;un yakla\u015f\u0131k elli iki kilometre g\u00fcneyinde bulunan Cengiz Han Uluslararas\u0131 Havaalan\u0131, ana ge\u00e7i\u015f noktas\u0131d\u0131r. Direkt u\u00e7u\u015flar Mo\u011folistan&#039;\u0131 G\u00fcney Kore, \u00c7in, Tayland, Hong Kong, Japonya, Rusya, Almanya ve T\u00fcrkiye ile birbirine ba\u011flar. MIAT Mo\u011fol Hava Yollar\u0131 uluslararas\u0131 rotalar i\u015fletmektedir; Aero Mongolia ve Hunnu Hava Yollar\u0131 gibi ta\u015f\u0131y\u0131c\u0131lar yurt i\u00e7i ve b\u00f6lgesel hizmetler sunmaktad\u0131r.<\/p>\n\n\n\n<p>\u0130dari olarak Mo\u011folistan, yirmi bir aimag&#039;a (eyalet) ve bir il belediyesi olan Ulan Batur&#039;a b\u00f6l\u00fcnm\u00fc\u015ft\u00fcr. Her aimag, genellikle il ba\u015f\u0131na on be\u015f ila yirmi iki olmak \u00fczere birden fazla soum&#039;dan (alt eyalet) olu\u015fur. K\u00fclt\u00fcrel ve co\u011frafi olarak \u00fclke be\u015f b\u00f6lgeye ayr\u0131labilir: Orta Mo\u011folistan (Ulan Batur ve Arhangai&#039;yi kapsar), Do\u011fu Mo\u011folistan (bozk\u0131r kalbi ve Cengiz Han&#039;\u0131n do\u011fum yeri), Gobi, Kuzey Mo\u011folistan (ormanl\u0131k tepeler ve H\u00f6vsg\u00f6l G\u00f6l\u00fc) ve Bat\u0131 Mo\u011folistan (Uvs G\u00f6l\u00fc ve Tavan Bogd masifi etraf\u0131ndaki \u00e7e\u015fitli kabileler).<\/p>\n\n\n\n<p>Mo\u011folistan&#039;\u0131n en bat\u0131s\u0131ndaki Tavan Bogd masifi, Kh\u00fciten Tepesi&#039;nde (4 374 m) zirvesine ula\u015f\u0131r. Yak\u0131nlarda, Rusya&#039;n\u0131n Tuva Cumhuriyeti ile payla\u015f\u0131lan Uvs G\u00f6l\u00fc ve \u00e7evresindeki havza, UNESCO D\u00fcnya Miras\u0131 Alan\u0131&#039;n\u0131 olu\u015fturur. Kuzeyde geni\u015f bir tatl\u0131 su k\u00fctlesi olan Kh\u00f6vsg\u00f6l G\u00f6l\u00fc, da\u011f manzaras\u0131 sunar ve Sibirya karidesi gibi e\u015fsiz su t\u00fcrlerini destekler. Amur havzas\u0131n\u0131n do\u011fu kollar\u0131 olan Onon ve Kherlen nehirleri, Do\u011fu dere lamprey&#039;ine ve Daurian kerevitine ve inci istiridyesine ev sahipli\u011fi yapar. Yerel olarak zud olarak bilinen a\u015f\u0131r\u0131 so\u011fuk d\u00f6nemleri, hayvanc\u0131l\u0131\u011f\u0131 periyodik olarak yok ederek meralar\u0131n k\u0131r\u0131lganl\u0131\u011f\u0131n\u0131 ve \u00e7obanl\u0131\u011f\u0131n ekonomik risklerini vurgular.<\/p>\n\n\n\n<p>Mo\u011folistan bayra\u011f\u0131 Soyombo sembol\u00fcn\u00fc ta\u015f\u0131r: G\u00fcne\u015f, ay, y\u0131ld\u0131zlar ve g\u00f6ky\u00fcz\u00fcn\u00fc temsil eden stilize bir ate\u015f ve g\u00fcne\u015f amblemi, Budist kozmolojisinden al\u0131nm\u0131\u015ft\u0131r. Bu simge ayr\u0131ca ger kap\u0131lar\u0131nda, para birimlerinde ve kamu binalar\u0131nda da g\u00f6r\u00fcl\u00fcr. Paradan bahsetmi\u015fken, Mo\u011fol t\u00f6gr\u00f6g&#039;\u00fc (ISO kodu MNT, i\u015fareti \u20ae) 1 ila 20.000 aras\u0131ndaki mezheplerde dola\u015f\u0131r. \u00dclke d\u0131\u015f\u0131nda, t\u00f6gr\u00f6g i\u00e7in d\u00f6viz nadirdir; gezginlere b\u00fcy\u00fck harcamalar i\u00e7in ABD dolar\u0131 ta\u015f\u0131malar\u0131 tavsiye edilir, ancak k\u00fc\u00e7\u00fck mezhep t\u00f6gr\u00f6g k\u0131rsal i\u015flemler i\u00e7in hala gereklidir.<\/p>\n\n\n\n<p>Mutfak uygulamalar\u0131 iklimi ve hayvanc\u0131l\u0131k ekonomisini yans\u0131t\u0131r. S\u00fct \u00fcr\u00fcnleri\u2014byaslag (taze peynir), \u00f6r\u00f6m (p\u0131ht\u0131la\u015fm\u0131\u015f krema) ve aaruul (kurutulmu\u015f lor)\u2014ve et diyete hakimdir. Buuz (buharda pi\u015firilmi\u015f et k\u00f6fteleri), khuushuur (derin ya\u011fda k\u0131zart\u0131lm\u0131\u015f et dolgulu pideler) ve tsuivan (etli sotelenmi\u015f eri\u015fteler) kentsel temel g\u0131dalar\u0131 olu\u015fturur ve her biri birka\u00e7 bin t\u00f6gr\u00f6g&#039;e mal olur. K\u0131rsal \u00e7obanlar, \u0131s\u0131t\u0131lm\u0131\u015f ta\u015flar vas\u0131tas\u0131yla hayvan\u0131n derisi i\u00e7inde pi\u015firilen bir ke\u00e7i veya da\u011f s\u0131\u00e7an\u0131 k\u0131zartmas\u0131 olan boodog veya koyun eti, sebzeler ve s\u0131cak ta\u015flar\u0131n a\u00e7\u0131k ate\u015fte kapal\u0131 bir kazanda kaynat\u0131ld\u0131\u011f\u0131 khorkhog haz\u0131rlayabilirler. Airag\u2014fermente k\u0131srak s\u00fct\u00fc\u2014geleneksel i\u00e7ecektir, arkhi\u2014dam\u0131t\u0131lm\u0131\u015f s\u00fct lik\u00f6r\u00fc\u2014hem t\u0131bbi hem de sosyal i\u015flevlere sahiptir. Cengiz Han, Soyombo ve Alt\u0131n Cengiz gibi Mo\u011fol votka markalar\u0131n\u0131n yan\u0131 s\u0131ra ithal ve yerli biralar da yayg\u0131n olarak bulunmaktad\u0131r.<\/p>\n\n\n\n<p>Turistler b\u00fcy\u00fck merkezlerin d\u0131\u015f\u0131nda \u00e7ok az resmi yolla kar\u015f\u0131la\u015f\u0131rlar; kara yoluyla seyahat genellikle a\u00e7\u0131k bozk\u0131rda s\u00fcr\u00fc\u015f, at s\u0131rt\u0131nda s\u00fcr\u00fc\u015f, Gobi&#039;de deve kervanlar\u0131 veya hatta eski \u0130pek Yolu&#039;nun baz\u0131 k\u0131s\u0131mlar\u0131n\u0131 geri izlemeyi i\u00e7erir. Konaklama, Ulan Batur yak\u0131nlar\u0131ndaki ger kamplar\u0131ndan ta\u015fra kasabalar\u0131ndaki basit konaklama yerlerine kadar uzan\u0131r ve bir\u00e7ok gezgin g\u00f6\u00e7ebe ailelerin yan\u0131nda gece kalmay\u0131 tercih eder; ha\u015flanm\u0131\u015f koyun eti ve s\u00fctl\u00fc \u00e7ay yemeklerini payla\u015fma ve bo\u011faz \u015fark\u0131lar\u0131, kartal avc\u0131l\u0131\u011f\u0131 veya \u015famanik t\u00f6renlere tan\u0131k olma \u015fans\u0131. Yaban hayat\u0131 merakl\u0131lar\u0131, Khustain Nuruu Milli Park\u0131&#039;nda Przewalski&#039;nin at\u0131n\u0131, Altay Tavan Bogd&#039;da Sibirya da\u011f ke\u00e7isini veya Uvs Nuur&#039;da ku\u015f g\u00f6\u00e7lerini arayabilir.<\/p>\n\n\n\n<p>G\u00fcvenlik hususlar\u0131 aras\u0131nda \u00f6zellikle k\u0131\u015f\u0131n \u00f6ng\u00f6r\u00fclemeyen hava ko\u015fullar\u0131 ve k\u0131rsal alanlarda dola\u015fan bek\u00e7i k\u00f6pekleri yer al\u0131r. Kentsel ve kent \u00e7evresi b\u00f6lgelerdeki eksik r\u00f6gar kapaklar\u0131, \u00f6zellikle g\u00f6r\u00fc\u015f mesafesi d\u00fc\u015f\u00fck oldu\u011funda gizli tehlikeler olu\u015fturur. Ziyaret\u00e7iler yerel hassasiyetlere, \u00f6zellikle belirgin bir \u00c7in kar\u015f\u0131t\u0131 duyguya sayg\u0131 g\u00f6stermelidir: \u0130\u00e7 Mo\u011folistan&#039;dan G\u00fcney Mo\u011folistan olarak bahsetmek veya \u00c7in politikas\u0131na y\u00f6nelik ele\u015ftiriler rahats\u0131zl\u0131\u011fa neden olabilir.<\/p>\n\n\n\n<p>Mo\u011folistan, g\u00f6\u00e7ebe geleneklerinin b\u00fcy\u00fck \u00f6l\u00e7ekte devam etti\u011fi son a\u00e7\u0131k arazi alanlar\u0131ndan biri olmaya devam ediyor. Zirveleri ve \u00e7\u00f6lleri, germ noktal\u0131 bozk\u0131rlar\u0131 ve k\u0131\u015f inversiyon katmanlar\u0131nda yar\u0131 kaybolmu\u015f \u015fehri, iklim, fetih ve bozk\u0131r\u0131n diren\u00e7li k\u00fclt\u00fcrleri taraf\u0131ndan \u015fekillendirilen hem kadim hem de uyarlanabilir bir ulus olu\u015fturuyor. Burada, &#034;Mavi G\u00f6ky\u00fcz\u00fc \u00dclkesi&#034;nin alt\u0131nda, modern \u00f6zlemler ve as\u0131rl\u0131k ritimler, muazzam oldu\u011fu kadar da zorlu bir manzarada bir arada var oluyor.<\/p>","protected":false},"excerpt":{"rendered":"<p>Do\u011fu Asya&#039;da bulunan Mo\u011folistan, 3,5 milyonluk n\u00fcfusuyla karayla \u00e7evrili bir \u00fclkedir. 1.564.116 kilometrekarelik geni\u015f bir alan\u0131 kapsayan d\u00fcnyan\u0131n en seyrek n\u00fcfuslu egemen devleti olma ayr\u0131cal\u0131\u011f\u0131na sahiptir. Kuzeyde Rusya ve g\u00fcneyde \u00c7in aras\u0131nda yer alan bu geni\u015f \u00fclke, \u00e7imenli bozk\u0131rlar\u0131, da\u011fl\u0131k alanlar\u0131 ve \u00fcnl\u00fc Gobi \u00c7\u00f6l\u00fc&#039;n\u00fc kapsayan \u00e7e\u015fitli bir araziye sahiptir. Kapal\u0131 bir denize eri\u015fimi olmayan en b\u00fcy\u00fck karayla \u00e7evrili \u00fclke olan Mo\u011folistan, tarihini, k\u00fclt\u00fcr\u00fcn\u00fc ve geli\u015fimini etkileyen belirgin bir co\u011frafi profile sahiptir.<\/p>","protected":false},"author":1,"featured_media":4234,"parent":24063,"menu_order":0,"comment_status":"closed","ping_status":"closed","template":"elementor_theme","meta":{"_eb_attr":"","footnotes":""},"class_list":["post-15411","page","type-page","status-publish","has-post-thumbnail"],"_links":{"self":[{"href":"https:\/\/travelshelper.com\/tr\/wp-json\/wp\/v2\/pages\/15411","targetHints":{"allow":["GET"]}}],"collection":[{"href":"https:\/\/travelshelper.com\/tr\/wp-json\/wp\/v2\/pages"}],"about":[{"href":"https:\/\/travelshelper.com\/tr\/wp-json\/wp\/v2\/types\/page"}],"author":[{"embeddable":true,"href":"https:\/\/travelshelper.com\/tr\/wp-json\/wp\/v2\/users\/1"}],"replies":[{"embeddable":true,"href":"https:\/\/travelshelper.com\/tr\/wp-json\/wp\/v2\/comments?post=15411"}],"version-history":[{"count":0,"href":"https:\/\/travelshelper.com\/tr\/wp-json\/wp\/v2\/pages\/15411\/revisions"}],"up":[{"embeddable":true,"href":"https:\/\/travelshelper.com\/tr\/wp-json\/wp\/v2\/pages\/24063"}],"wp:featuredmedia":[{"embeddable":true,"href":"https:\/\/travelshelper.com\/tr\/wp-json\/wp\/v2\/media\/4234"}],"wp:attachment":[{"href":"https:\/\/travelshelper.com\/tr\/wp-json\/wp\/v2\/media?parent=15411"}],"curies":[{"name":"wp","href":"https:\/\/api.w.org\/{rel}","templated":true}]}}