{"id":15389,"date":"2024-09-20T23:31:15","date_gmt":"2024-09-20T23:31:15","guid":{"rendered":"https:\/\/travelshelper.com\/staging\/?page_id=15389"},"modified":"2026-03-11T18:34:34","modified_gmt":"2026-03-11T18:34:34","slug":"myanmar","status":"publish","type":"page","link":"https:\/\/travelshelper.com\/tr\/destinations\/asia\/myanmar\/","title":{"rendered":"Myanmar"},"content":{"rendered":"<p>Myanmar, resmen Myanmar Birli\u011fi Cumhuriyeti ve 1989&#039;a kadar \u0130ngilizce&#039;de Burma olarak bilinir, G\u00fcneydo\u011fu Asya anakaras\u0131n\u0131n geni\u015f bir b\u00f6l\u00fcm\u00fcn\u00fc kaplar. G\u00fcneybat\u0131da Bengal K\u00f6rfezi ve Andaman Denizi&#039;nden kuzeydo\u011fuda \u00c7in&#039;e biti\u015fik s\u0131rada\u011flara kadar uzanan 678.500 kilometrekarelik alan\u0131 tropikal k\u0131y\u0131 \u015feritlerini, verimli nehir vadilerini ve y\u00fckselen zirveleri kapsar. N\u00fcfusu elli be\u015f milyona yakla\u015fan \u00fclkenin ba\u015fkenti Naypyidaw, en b\u00fcy\u00fck \u015fehri Yangon&#039;un s\u00f6m\u00fcrge ihti\u015fam\u0131n\u0131n yank\u0131lar\u0131n\u0131 yald\u0131zl\u0131 Budist pagodalar\u0131yla birlikte s\u00fcrd\u00fcrd\u00fc\u011f\u00fc bir ulusun co\u011frafi kalbinde yer al\u0131r.<\/p>\n\n\n\n<p>Myanmar&#039;\u0131n arazisi, Hint yar\u0131madas\u0131n\u0131n do\u011fu \u00e7evresini izleyen bir dizi kuzey-g\u00fcney da\u011f zinciriyle b\u00f6l\u00fcnm\u00fc\u015ft\u00fcr. Bat\u0131da, Rakhine Yoma k\u0131y\u0131 \u015feridini i\u00e7 ovalardan ay\u0131r\u0131r; daha do\u011fuda, Bago Yoma ve Shan Tepeleri, Irrawaddy ve Salween nehir sistemlerini belirgin koridorlara hapseder. Kachin Eyaletinin en kuzeyindeki Hkakabo Razi, 5.881 metreye y\u00fckselir ve \u00fclkenin \u00e7at\u0131s\u0131n\u0131 ve do\u011fu Himalaya ile Hengduan Da\u011flar\u0131 aras\u0131nda bir ba\u011flant\u0131 noktas\u0131 olu\u015fturur. Bu y\u00fcksek araziler, vadileri n\u00fcfusun b\u00fcy\u00fck k\u0131sm\u0131n\u0131 besleyen ve ard\u0131\u015f\u0131k Burma devletlerinin temelini olu\u015fturan pirin\u00e7 tarlalar\u0131n\u0131 veren Irrawaddy, Salween (Thanlwin) ve Sittaung nehirlerini do\u011furur.<\/p>\n\n\n\n<p>K\u0131y\u0131 b\u00f6lgeleri y\u0131lda 5.000 milimetreyi a\u015fan muson selleri ya\u015farken, merkezi kuru b\u00f6lge 1.000 milimetreden az\u0131n\u0131 g\u00f6r\u00fcyor. S\u0131cakl\u0131klar kuzey yaylalar\u0131nda \u0131l\u0131man 21 \u00b0C&#039;den deltada 32 \u00b0C&#039;nin \u00fczerindeki y\u00fckseklere kadar de\u011fi\u015fiyor. Huzursuz tektonik kuvvetler de ortam\u0131 tan\u0131ml\u0131yor: Hint ve Avrasya levhalar\u0131 aras\u0131ndaki bir s\u0131n\u0131r olan Sagaing Fay\u0131, 8 b\u00fcy\u00fckl\u00fc\u011fe kadar depremler \u00fcreterek Myanmar&#039;\u0131 d\u00fcnyan\u0131n sismik olarak en aktif \u00fclkelerinden biri haline getirdi.<\/p>\n\n\n\n<p>Myanmar&#039;daki en eski kentsel merkezler iki ayr\u0131 medeniyet kolu olarak ortaya \u00e7\u0131kt\u0131. Kuzeyde, Tibet-Burman konu\u015fan Pyu \u015fehir devletleri, MS 2. y\u00fczy\u0131l kadar erken bir d\u00f6nemden itibaren Irrawaddy boyunca geli\u015fti. G\u00fcneyde, Mon halk\u0131 ticaret a\u011flar\u0131 Bengal K\u00f6rfezi&#039;ne ula\u015fan krall\u0131klar kurdu. 9. y\u00fczy\u0131lda, yukar\u0131 vadiye do\u011fru gelen Bamar g\u00f6\u00e7 dalgalar\u0131, Burma dili, k\u00fclt\u00fcr\u00fc ve Theravada Budizm bi\u00e7iminin kademeli olarak \u00fcst\u00fcnl\u00fck kazand\u0131\u011f\u0131 bir s\u00fcreci ba\u015flatt\u0131. 11. y\u00fczy\u0131l\u0131n ortalar\u0131nda kurulan Pagan Krall\u0131\u011f\u0131, ba\u015fkent ovas\u0131nda binlerce tap\u0131nak yapt\u0131rd\u0131 ve 13. y\u00fczy\u0131l\u0131n sonlar\u0131nda Mo\u011fol istilalar\u0131n\u0131n merkezi otoriteyi par\u00e7alamas\u0131ndan uzun s\u00fcre sonra bile varl\u0131\u011f\u0131n\u0131 s\u00fcrd\u00fcren k\u00fclt\u00fcrel bir \u015fablon olu\u015fturdu.<\/p>\n\n\n\n<p>Sonraki y\u00fczy\u0131llarda, rakip devletler \u00fcst\u00fcnl\u00fck i\u00e7in m\u00fccadele etti ta ki 16. y\u00fczy\u0131lda Taungoo hanedan\u0131n\u0131n y\u00fckseli\u015fi g\u00fcn\u00fcm\u00fcz Myanmar&#039;\u0131n\u0131n \u00e7o\u011funu G\u00fcneydo\u011fu Asya&#039;n\u0131n en b\u00fcy\u00fck imparatorlu\u011funa kayna\u015ft\u0131rana kadar. 19. y\u00fczy\u0131l\u0131n ba\u015flar\u0131nda, Konbaung hanedan\u0131 etkisini Irrawaddy havzas\u0131n\u0131n \u00f6tesine, Assam, Manipur ve Lushai Tepeleri&#039;ne kadar geni\u015fletti. Yine de, \u00fc\u00e7 Anglo-Burma sava\u015f\u0131ndaki ard\u0131\u015f\u0131k yenilgiler Myanmar&#039;\u0131 nihayetinde \u0130ngiliz Do\u011fu Hindistan \u015eirketi&#039;nin bir m\u00fclk\u00fc ve daha sonra \u0130ngiliz Hindistan\u0131&#039;n\u0131n bir eyaleti haline getirdi.<\/p>\n\n\n\n<p>S\u00f6m\u00fcrge y\u00f6netimi alt\u0131nda, Burma&#039;n\u0131n tar\u0131msal ekonomisi k\u00fcresel pazarlara pirin\u00e7 ve tik tedarik etmek i\u00e7in yeniden \u015fekillendirildi. Bat\u0131l\u0131 bir e\u011fitim sisteminin getirilmesi misyonerlik \u00e7abalar\u0131 ve \u00f6zellikle Yangon&#039;da (o zamanlar Rangoon) kentsel bir orta s\u0131n\u0131f\u0131n b\u00fcy\u00fcmesiyle birlikte ger\u00e7ekle\u015fti. II. D\u00fcnya Sava\u015f\u0131&#039;n\u0131n kesintiye u\u011framas\u0131 k\u0131sa bir Japon i\u015fgali (1942-45) getirdi, ard\u0131ndan M\u00fcttefik kuvvetleri b\u00f6lgeyi geri ald\u0131. 4 Ocak 1948&#039;de Burma, Burma Ba\u011f\u0131ms\u0131zl\u0131k Yasas\u0131 uyar\u0131nca ba\u011f\u0131ms\u0131zl\u0131\u011f\u0131n\u0131 ilan ederek yaln\u0131zca 1962&#039;ye kadar s\u00fcrecek bir parlamenter sistemi ba\u015flatt\u0131.<\/p>\n\n\n\n<p>Sava\u015f sonras\u0131 istikrars\u0131zl\u0131k d\u00f6nemi, General Ne Win&#039;in 1962&#039;deki darbesiyle doru\u011fa ula\u015ft\u0131. Yeni Burma Sosyalist Program Partisi, izolasyonist ekonomik politikalar dayatt\u0131 ve muhalefeti bast\u0131rd\u0131, askeri komutay\u0131 her kurumsal yap\u0131ya i\u015fledi. A\u011fustos 1988&#039;deki 8888 Ayaklanmas\u0131 \u00fclke \u00e7ap\u0131nda protestolara sahne oldu, ard\u0131ndan bir ba\u015fka sert m\u00fcdahale ve Devlet Hukuk ve D\u00fczen Restorasyon Konseyi&#039;nin (SLORC) kurulmas\u0131 geldi. 1990&#039;da \u00e7ok partili se\u00e7imlere nominal bir ge\u00e7i\u015f ger\u00e7ekle\u015fmi\u015f olsa da, ordu iktidar\u0131 b\u0131rakmay\u0131 reddetti. Sonraki on y\u0131llarda etnik ayaklanmalar \u00e7o\u011fald\u0131 ve d\u00fcnyan\u0131n en uzun s\u00fcren i\u00e7 sava\u015flar\u0131ndan birini \u00fcretti. Birle\u015fmi\u015f Milletler ve insan haklar\u0131 \u00f6rg\u00fctlerinin raporlar\u0131, \u00f6zellikle Karen, Ka\u00e7in ve Shan topluluklar\u0131 aras\u0131nda sivillere kar\u015f\u0131 sistematik suistimalleri belgeledi.<\/p>\n\n\n\n<p>Bir reform g\u00f6r\u00fcn\u00fcm\u00fc 2010 se\u00e7imlerinden sonra ortaya \u00e7\u0131kt\u0131: askeri cunta 2011&#039;de da\u011f\u0131ld\u0131, siyasi tutuklular serbest b\u0131rak\u0131ld\u0131 ve 2015 se\u00e7imleri Aung San Suu Kyi&#039;nin Ulusal Demokrasi Birli\u011fi&#039;ni (NLD) iktidara getirdi. Uluslararas\u0131 yapt\u0131r\u0131mlar hafifletildi, ancak h\u00fck\u00fcmetin Rakhine Eyaleti&#039;ndeki M\u00fcsl\u00fcman Rohingya az\u0131nl\u0131\u011f\u0131na y\u00f6nelik muamelesi yeni k\u0131namalara ve m\u00fclteci ak\u0131\u015flar\u0131na neden oldu. NLD, 2020&#039;de bir yetki daha elde etti, ancak 1 \u015eubat 2021&#039;de bir darbeyle devrildi. Tatmadaw, Aung San Suu Kyi&#039;yi yayg\u0131n olarak siyasi ama\u00e7l\u0131 oldu\u011fu d\u00fc\u015f\u00fcn\u00fclen su\u00e7lamalar alt\u0131nda tutuklad\u0131 ve yayg\u0131n cunta kar\u015f\u0131t\u0131 protestolar \u00f6l\u00fcmc\u00fcl g\u00fc\u00e7le kar\u015f\u0131land\u0131. Darbe silahl\u0131 \u00e7at\u0131\u015fmalar\u0131 yeniden alevlendirdi ve 600.000&#039;den fazla insan\u0131 \u00fclke i\u00e7inde yerinden etti; Aral\u0131k 2024 itibar\u0131yla 3,5 milyondan fazla ki\u015fi \u00fclke i\u00e7inde yerinden edilmi\u015f ve 1,3 milyon ki\u015fi m\u00fclteci veya s\u0131\u011f\u0131nmac\u0131 olarak kaydolmu\u015ftu.<\/p>\n\n\n\n<p>Myanmar&#039;\u0131n i\u00e7 co\u011frafyas\u0131 yedi b\u00f6lgeye (\u00e7o\u011funlukla Bamar) ve yedi eyalete (b\u00fcy\u00fck etnik gruplara ev sahipli\u011fi yapar) ayr\u0131lm\u0131\u015ft\u0131r. Bu katmanlar 63 il\u00e7eye, 324 kasabaya, 300&#039;den fazla \u015fehir ve kasabaya ve 65.000&#039;den fazla k\u00f6ye ayr\u0131l\u0131r. Irrawaddy delta b\u00f6lgesi \u2014 Ayeyarwady B\u00f6lgesi \u2014 alt\u0131 il\u00e7eden olu\u015fur ve d\u00fcz sulak alanlarda pirin\u00e7 yeti\u015ftiricili\u011fini destekler. Buna kar\u015f\u0131l\u0131k, alan olarak en b\u00fcy\u00fc\u011f\u00fc olan Shan Eyaleti, \u00e7o\u011fu Shan Platosu&#039;nun tepesinde bulunan on bir il\u00e7e ve 15.000&#039;den fazla k\u00f6y i\u00e7erir.<\/p>\n\n\n\n<p>G\u00fcneydo\u011fu Asya&#039;n\u0131n en d\u00fc\u015f\u00fck yo\u011funluklar\u0131ndan biri olan Myanmar&#039;da kilometrekareye yakla\u015f\u0131k 76 ki\u015fi d\u00fc\u015fmektedir. 2014 n\u00fcfus say\u0131m\u0131nda \u00e7at\u0131\u015fma b\u00f6lgelerindeki \u00f6nemli say\u0131lmayan n\u00fcfuslar hari\u00e7 olmak \u00fczere sadece 51 milyonun biraz \u00fczerinde sakin kaydedilmi\u015ftir. Do\u011furganl\u0131k son on y\u0131llarda h\u0131zla d\u00fc\u015fm\u00fc\u015ft\u00fcr - 1983&#039;te kad\u0131n ba\u015f\u0131na 4,7 \u00e7ocuktan 2011&#039;de yakla\u015f\u0131k 2,2&#039;ye - gecikmi\u015f evlilik ve aile planlamas\u0131na eri\u015fim nedeniyle. Sonu\u00e7 olarak, 25-34 ya\u015f aras\u0131 yeti\u015fkinlerin d\u00f6rtte birinden fazlas\u0131 evli de\u011fildir.<\/p>\n\n\n\n<p>Devlet, en az 108 etnolinguistik kategoriye ayr\u0131lm\u0131\u015f 135 etnik grubu tan\u0131r. D\u00f6rt b\u00fcy\u00fck dil ailesi bir arada bulunur: Sino-Tibet (Burma, Karen ve Ka\u00e7in dilleri dahil), Tai-Kadai (esas olarak Shan), Avustroasyatik (Mon ve Palaung gibi) ve Hint-Avrupa (\u00f6zellikle ayin ve \u0130ngilizce i\u00e7in Pali). Mon&#039;dan ve nihayetinde g\u00fcney Hindistan alfabelerinden t\u00fcreyen yuvarlak bir yaz\u0131yla yaz\u0131lan Burmaca, hem Bamar \u00e7o\u011funlu\u011funun (yakla\u015f\u0131k ) ana dili hem de h\u00fck\u00fcmet, medya ve e\u011fitim i\u00e7in ortak dildir.<\/p>\n\n\n\n<p>Theravada Budizmi manevi manzaraya h\u00fckmeder: on vatanda\u015ftan neredeyse dokuzu bu inanc\u0131 benimser. Pagodalar her ufku deler \u2014 en \u00fcnl\u00fcs\u00fc Yangon&#039;daki Shwedagon Pagodas\u0131&#039;d\u0131r, y\u00fczlerce alt\u0131n levhayla yald\u0131zlanm\u0131\u015ft\u0131r. Manast\u0131rlar, erkek \u00e7ocuklar\u0131n\u0131n genellikle yirmi ya\u015f\u0131ndan \u00f6nce bir shinbyu rit\u00fcelinde acemi rahip olarak atand\u0131\u011f\u0131 k\u00f6y \u00e7ekirdeklerini olu\u015fturur; bir az\u0131nl\u0131k tam rahipli\u011fe ge\u00e7er. Budist ba\u011fl\u0131l\u0131\u011f\u0131n\u0131n yan\u0131 s\u0131ra, yerel uygulamaya entegre edilmi\u015f 37 ruhtan olu\u015fan bir panteona sayg\u0131 duru\u015fu olan nat ibadeti yoluyla animist gelenekler devam eder.<\/p>\n\n\n\n<p>H\u0131ristiyanl\u0131k ve \u0130slam, \u00f6zellikle askeri ve kamu hizmeti al\u0131mlar\u0131nda s\u0131kl\u0131kla engellerle kar\u015f\u0131la\u015fan Kachin, Chin ve Karen az\u0131nl\u0131klar\u0131 aras\u0131nda daha k\u00fc\u00e7\u00fck yerle\u015fim yerlerinde mevcuttur. Hindu tap\u0131naklar\u0131 marjinal olarak varl\u0131\u011f\u0131n\u0131 s\u00fcrd\u00fcr\u00fcrken, yol kenarlar\u0131ndaki koruyucu ruh tap\u0131naklar\u0131ndan topluluklar\u0131 birbirine ba\u011flayan y\u0131ll\u0131k pagoda festivallerine kadar animistik gelenekler g\u00fcnl\u00fck ya\u015fam\u0131 etkiler.<\/p>\n\n\n\n<p>Burma k\u00fclt\u00fcr\u00fc sahne sanatlar\u0131nda kendini g\u00f6sterir. Ramayana&#039;n\u0131n yerli bir versiyonu olan Yama Zatdaw, Tay, Mon ve Hint etkilerini b\u00fcnyesinde bar\u0131nd\u0131r\u0131r ve ulusal destan olmaya devam eder. Geleneksel m\u00fczikte kemerli arplar ve bambu ksilofonlar bulunur; dans\u00e7\u0131lar Jataka hikayelerini narin, stilize hareketlerle canland\u0131r\u0131rlar. Edebi eserler s\u0131kl\u0131kla Budist benzetmelerinden ve halk anlat\u0131lar\u0131ndan yararlan\u0131r ve ahlaki \u00f6\u011fretiyi \u015fiirsel bir yetenekle birle\u015ftirir.<\/p>\n\n\n\n<p>Myanmar, G\u00fcneydo\u011fu Asya&#039;n\u0131n en bozulmam\u0131\u015f ekosistemlerinden baz\u0131lar\u0131n\u0131 bar\u0131nd\u0131r\u0131r. 64 karasal ya\u015fam alan\u0131, tropikal nemli ormanlar, i\u00e7 sulak alanlar, k\u0131y\u0131 mangrovlar\u0131 ve alpin \u00e7ay\u0131rlar\u0131 kapsar. 16.000&#039;den fazla bitki t\u00fcr\u00fc ve 1.100&#039;den fazla ku\u015f, 314 memeli ve 293 s\u00fcr\u00fcngen dahil olmak \u00fczere \u00e7ok say\u0131da fauna burada s\u0131\u011f\u0131nak bulur. Ancak arazi kullan\u0131m\u0131n\u0131n yo\u011funla\u015ft\u0131r\u0131lmas\u0131 ve a\u011fa\u00e7 kesimi bu ekosistemlerin neredeyse yar\u0131s\u0131n\u0131 tehdit ediyor; arazinin \u00fc\u00e7te biri son iki y\u00fczy\u0131lda antropojenik kullan\u0131ma \u00e7oktan ge\u00e7i\u015f yapt\u0131. Sismik aktivite, iklim de\u011fi\u015fikli\u011fi ve muson a\u015f\u0131r\u0131l\u0131klar\u0131 \u00e7evresel stresi birle\u015ftiriyor.<\/p>\n\n\n\n<p>Bu bask\u0131lar\u0131 fark eden Myanmar, \u00f6zellikle B\u00fcy\u00fck Mekong \u00fclkeleri aras\u0131nda en y\u00fcksek potansiyeli sunan g\u00fcne\u015f olmak \u00fczere yenilenebilir enerjiyi geni\u015fletmek i\u00e7in b\u00f6lgesel \u00e7abalara kat\u0131ld\u0131. BM \u00c7evre Program\u0131 ve yerel ajanslarla yap\u0131lan ortakl\u0131klar, altyap\u0131 iyile\u015ftirmelerini, dayan\u0131kl\u0131 \u00e7ift\u00e7ilik tekniklerini ve sera gaz\u0131 azalt\u0131mlar\u0131n\u0131 y\u00f6nlendiren ulusal bir iklim de\u011fi\u015fikli\u011fi politikas\u0131 \u00fcretti. 2015 y\u0131l\u0131nda D\u00fcnya Bankas\u0131, alt\u0131 milyon ki\u015fiye elektrik eri\u015fimini geni\u015fletmek ve hamile kad\u0131nlar ve \u00e7ocuklar i\u00e7in sa\u011fl\u0131k hizmetlerini iyile\u015ftirmek i\u00e7in bir \u00e7er\u00e7eve resmile\u015ftirdi.<\/p>\n\n\n\n<p>Do\u011fal zenginlik deposu olan Myanmar, ye\u015fim, de\u011ferli ta\u015flar, tik a\u011fac\u0131, petrol ve do\u011fal gaz \u00fcretiyor. Ancak on y\u0131llard\u0131r s\u00fcren \u00e7at\u0131\u015fma, yolsuzluk ve yetersiz yat\u0131r\u0131m kalk\u0131nmay\u0131 engelledi. 2013&#039;te nominal GSY\u0130H 56,7 milyar ABD dolar\u0131 (221,5 milyar ABD dolar\u0131 PPP) seviyesindeydi ve 2019&#039;da 76 milyar ABD dolar\u0131na y\u00fckseldi; ancak askeri yanda\u015flar kilit sekt\u00f6rlere hakim oldu\u011fundan gelir e\u015fitsizli\u011fi d\u00fcnyan\u0131n en geni\u015flerinden biri. 2014&#039;te a\u00e7\u0131lan Yangon Borsas\u0131, yeni ortaya \u00e7\u0131kan sermaye piyasalar\u0131n\u0131 sembolize ediyor ancak ka\u00e7ak\u00e7\u0131l\u0131k ve yasad\u0131\u015f\u0131 ticaretle ba\u011flant\u0131l\u0131 gayri resmi ekonomi hala \u00e7ok b\u00fcy\u00fck.<\/p>\n\n\n\n<p>Myanmar, Alt\u0131n \u00dc\u00e7gen&#039;de Afganistan&#039;dan sonra afyon \u00fcretiminde merkezi bir yer i\u015fgal ediyor. Afyon yeti\u015ftiricili\u011fi 2015&#039;ten sonra azalsa da 2022&#039;de ekim alan\u0131 \u00fc\u00e7te bir oran\u0131nda geni\u015fledi ve yakla\u015f\u0131k 790 ton potansiyel \u00e7\u0131kt\u0131 elde edildi. Ayn\u0131 zamanda Shan Eyaleti, 2020 ilkbahar\u0131nda 193 milyondan fazla tabletin yan\u0131 s\u0131ra \u00f6nc\u00fc kimyasallar ve ekipmanlara el konulmas\u0131yla metamfetamin \u00fcretimi i\u00e7in bir merkez haline geldi. BM, COVID-19&#039;dan kaynaklanan ekonomik bozulman\u0131n ve siyasi \u00e7alkant\u0131lar\u0131n bu yasad\u0131\u015f\u0131 end\u00fcstrilerin daha da canlanmas\u0131na yol a\u00e7abilece\u011fi konusunda uyar\u0131yor.<\/p>\n\n\n\n<p>De\u011fi\u015fkenli\u011fe ra\u011fmen Myanmar&#039;\u0131n k\u00fclt\u00fcrel ve do\u011fal zenginlikleri maceraperest gezginleri cezbediyor. Havayolu seyahati ana ge\u00e7i\u015f noktas\u0131d\u0131r: do\u011frudan u\u00e7u\u015flar s\u0131n\u0131rl\u0131 kalsa da b\u00f6lgesel merkezler \u00fczerinden ba\u011flant\u0131lar geni\u015flemeye devam ediyor. Belirli Tayland ve \u00c7in s\u0131n\u0131r noktalar\u0131 aras\u0131nda kara yolu ge\u00e7i\u015fleri mevcut ancak yabanc\u0131 eri\u015fim k\u0131s\u0131tl\u0131 ve s\u0131k s\u0131k de\u011fi\u015fikli\u011fe tabi. Turist vizeleri, i\u00e7 seyahat izinleri ve \u00e7evre eyaletlere y\u00f6nelik ara s\u0131ra yasaklar dikkatli planlama gerektiriyor.<\/p>\n\n\n\n<p>\u0130zin verilen b\u00f6lgelerde, bir var\u0131\u015f noktas\u0131 dokusu ortaya \u00e7\u0131k\u0131yor. Yangon&#039;un s\u00f6m\u00fcrge mimarisi ve g\u00f6rkemli Shwedagon Pagodas\u0131, hareketli pazarlar\u0131n yan\u0131nda duruyor. Bago&#039;nun Budist tap\u0131naklar\u0131, Twante&#039;nin \u00e7anak \u00e7\u00f6mlek at\u00f6lyeleri ve bir u\u00e7urumun \u00fczerinde dengelenmi\u015f alt\u0131n bir kaya olan Kyaiktiyo hac yeri, eski ba\u015fkentten g\u00fcn\u00fcbirlik geziler sunuyor. Inle G\u00f6l\u00fc&#039;n\u00fcn y\u00fczen k\u00f6yleri ve binlerce pagodas\u0131yla Bagan&#039;\u0131n uhrevi ovas\u0131, bir\u00e7ok g\u00fczergah\u0131n ba\u015f\u0131nda geliyor. Pyin U Lwin gibi tepe istasyonlar\u0131, \u0130ngiliz d\u00f6nemi serin inzivalar\u0131n\u0131 hat\u0131rlat\u0131yor; Ngapali, Ngwe Saung ve Mergui Tak\u0131madalar\u0131&#039;ndaki sahil tatil k\u00f6yleri g\u00fcne\u015f ve kum sunuyor.<\/p>\n\n\n\n<p>Putao&#039;nun Himalaya eteklerinden Shan Eyaletinin y\u00fcr\u00fcy\u00fc\u015f parkurlar\u0131na kadar kuzey b\u00f6lgeleri, da\u011f kabilesi k\u00f6yleri aras\u0131nda y\u00fcr\u00fcy\u00fc\u015f\u00e7\u00fcleri \u00e7a\u011f\u0131r\u0131yor. Mrauk U ve Pyay&#039;daki arkeolojik alanlar erken Pyu ve Rakhine Krall\u0131\u011f\u0131 d\u00f6nemlerini ortaya koyuyor. Yine de devam eden \u00e7at\u0131\u015fmalar s\u0131ras\u0131nda yayla s\u0131n\u0131rlar\u0131 yasak olabilir, bu nedenle g\u00fcncel yerel tavsiyeler vazge\u00e7ilmezdir.<\/p>\n\n\n\n<p>Ziyaret\u00e7iler sosyal normlar\u0131 dikkatle takip etmelidir. Dini ortamlarda m\u00fctevaz\u0131 giyim zorunludur: omuzlar ve dizler \u00f6rt\u00fcl\u00fcd\u00fcr, herhangi bir tap\u0131nak alan\u0131na girmeden \u00f6nce ayakkab\u0131lar \u00e7\u0131kar\u0131lmal\u0131d\u0131r. Her iki cinsiyet de erkekler ve kad\u0131nlar i\u00e7in farkl\u0131 \u015fekilde ba\u011flanan t\u00fcp \u015feklinde bir sarong olan longyi giyebilir. Sevgi g\u00f6sterileri kamusal alanda son derece nadirdir; hatta kartvizitler bile sa\u011f el sol dirsekle desteklenerek de\u011fi\u015ftirilmelidir.<\/p>\n\n\n\n<p>Turistler genellikle nazik bir muameleden ho\u015flan\u0131rlar; bir\u00e7ok Burma yabanc\u0131lara &#034;bo&#034; (&#034;memur&#034;) olarak bakar, bu s\u00f6m\u00fcrge d\u00f6neminden kalma bir terimdir. Ya\u015fl\u0131lar sayg\u0131l\u0131 hitaplar\u0131 hak eder - erkekler i\u00e7in U veya &#034;Amca&#034;, kad\u0131nlar i\u00e7in Daw veya &#034;Teyze&#034;. Rohingya krizi, dini meseleler veya politika, \u00f6zellikle \u00c7in ile ili\u015fkiler hakk\u0131nda konu\u015fmalardan en iyi \u015fekilde ka\u00e7\u0131n\u0131lmal\u0131d\u0131r. Rahipler derin bir sayg\u0131ya sahiptir: kaselerinde asla para olmamal\u0131d\u0131r ve \u00f6\u011flenden \u00f6nce yiyecek olarak sadaka sunulmal\u0131d\u0131r. Rahiplerin izinsiz foto\u011fraf\u0131n\u0131 \u00e7ekmek veya onlara dokunmak gelene\u011fi ihlal eder ve k\u0131namaya yol a\u00e7abilir.<\/p>\n\n\n\n<p>Myanmar&#039;\u0131n ulusal sporu olan Chinlone, yerel e\u011flenceyi temsil eder: oyuncular, rekabetten ziyade zarafet i\u00e7in \u00e7abalayarak, bir rattan topunu ayaklar\u0131yla paslarlar. Festivaller, pagoda y\u0131ld\u00f6n\u00fcmlerinden tar\u0131m d\u00f6ng\u00fclerine kadar her \u015feyi kutlayarak y\u0131l\u0131 vurgular ve her biri dans, m\u00fczik ve rit\u00fcel yoluyla toplumsal ba\u011flar\u0131 g\u00fc\u00e7lendirir.<\/p>\n\n\n\n<p>Myanmar&#039;\u0131n anlat\u0131s\u0131 de\u011fi\u015fen konturlardan biridir \u2014 co\u011frafi, k\u00fclt\u00fcrel ve politik. Manzaralar\u0131 ve halklar\u0131 y\u00fczy\u0131llard\u0131r s\u00fcren k\u00fclt\u00fcrleraras\u0131 al\u0131\u015fveri\u015fe, hanedan h\u0131rs\u0131na ve s\u00f6m\u00fcrgeci ara oyuna tan\u0131kl\u0131k ediyor. Bug\u00fcn\u00fcn y\u00f6netim, haklar ve kaynaklar \u00fczerindeki m\u00fccadeleleri ola\u011fan\u00fcst\u00fc bir biyolojik \u00e7e\u015fitlilik ve derin manevi ya\u015fam zemininde ortaya \u00e7\u0131k\u0131yor. \u00dclkenin gelece\u011fi, rekabet eden vizyonlar\u0131 uzla\u015ft\u0131rma yetene\u011fine ba\u011fl\u0131: geni\u015f tabanl\u0131 refah i\u00e7in kaynak zenginli\u011fini kullanmak, k\u0131r\u0131lgan ekosistemlerini korumak ve say\u0131s\u0131z etnik kimli\u011fini kucaklayan bir toplumsal s\u00f6zle\u015fme olu\u015fturmak. T\u00fcm zorluklar\u0131na ra\u011fmen Myanmar, hen\u00fcz yaz\u0131lmam\u0131\u015f b\u00f6l\u00fcmleri bekleyen, heyecan verici karma\u015f\u0131kl\u0131k ve kal\u0131c\u0131 umut yeri olarak varl\u0131\u011f\u0131n\u0131 s\u00fcrd\u00fcr\u00fcyor.<\/p>","protected":false},"excerpt":{"rendered":"<p>Myanmar, resmen Myanmar Birli\u011fi Cumhuriyeti olarak an\u0131l\u0131r, yakla\u015f\u0131k 55 milyonluk tahmini n\u00fcfusa sahip bir G\u00fcneydo\u011fu Asya \u00fclkesidir. Anakara G\u00fcneydo\u011fu Asya&#039;n\u0131n y\u00fcz\u00f6l\u00e7\u00fcm\u00fc bak\u0131m\u0131ndan en b\u00fcy\u00fck \u00fclkesi olan Myanmar, stratejik bir konumda olup bat\u0131da Hindistan, g\u00fcneybat\u0131da Banglade\u015f, kuzeydo\u011fuda \u00c7in, do\u011fu ve g\u00fcneydo\u011fuda Laos ve Tayland ve g\u00fcney ve g\u00fcneybat\u0131da Andaman Denizi ve Bengal K\u00f6rfezi ile s\u0131n\u0131r kom\u015fusudur.<\/p>","protected":false},"author":1,"featured_media":3074,"parent":24063,"menu_order":0,"comment_status":"closed","ping_status":"closed","template":"elementor_theme","meta":{"_eb_attr":"","footnotes":""},"class_list":["post-15389","page","type-page","status-publish","has-post-thumbnail"],"_links":{"self":[{"href":"https:\/\/travelshelper.com\/tr\/wp-json\/wp\/v2\/pages\/15389","targetHints":{"allow":["GET"]}}],"collection":[{"href":"https:\/\/travelshelper.com\/tr\/wp-json\/wp\/v2\/pages"}],"about":[{"href":"https:\/\/travelshelper.com\/tr\/wp-json\/wp\/v2\/types\/page"}],"author":[{"embeddable":true,"href":"https:\/\/travelshelper.com\/tr\/wp-json\/wp\/v2\/users\/1"}],"replies":[{"embeddable":true,"href":"https:\/\/travelshelper.com\/tr\/wp-json\/wp\/v2\/comments?post=15389"}],"version-history":[{"count":0,"href":"https:\/\/travelshelper.com\/tr\/wp-json\/wp\/v2\/pages\/15389\/revisions"}],"up":[{"embeddable":true,"href":"https:\/\/travelshelper.com\/tr\/wp-json\/wp\/v2\/pages\/24063"}],"wp:featuredmedia":[{"embeddable":true,"href":"https:\/\/travelshelper.com\/tr\/wp-json\/wp\/v2\/media\/3074"}],"wp:attachment":[{"href":"https:\/\/travelshelper.com\/tr\/wp-json\/wp\/v2\/media?parent=15389"}],"curies":[{"name":"wp","href":"https:\/\/api.w.org\/{rel}","templated":true}]}}