{"id":15371,"date":"2024-09-20T23:17:55","date_gmt":"2024-09-20T23:17:55","guid":{"rendered":"https:\/\/travelshelper.com\/staging\/?page_id=15371"},"modified":"2026-03-11T18:55:00","modified_gmt":"2026-03-11T18:55:00","slug":"nepal","status":"publish","type":"page","link":"https:\/\/travelshelper.com\/tr\/destinations\/asia\/nepal\/","title":{"rendered":"Nepal"},"content":{"rendered":"<p>Nepal, d\u00fcnya haritas\u0131nda e\u015fsiz bir yer kaplar, Himalayalar\u0131n y\u00fcce tepesini ve \u00f6tesindeki verimli ovalar\u0131 \u00e7evreleyen ince bir kara yay\u0131. Bat\u0131dan do\u011fuya yakla\u015f\u0131k 800 kilometre, en geni\u015f yerinde ise zar zor 200 kilometre uzanan \u00fclke, Indo-Ganj ovas\u0131n\u0131n hafif dalgalar\u0131 boyunca 8.848,86 metre y\u00fcksekli\u011findeki Everest Da\u011f\u0131 da dahil olmak \u00fczere d\u00fcnyan\u0131n en y\u00fcksek on zirvesinden sekizini kapsar. Arazisi, g\u00fcneydeki subtropikal ovalardan kuzeydeki alpin s\u0131rtlar\u0131na aniden kayar ve hem eski tektonik \u00e7alkant\u0131lar\u0131 hem de binlerce y\u0131ll\u0131k insan adaptasyonunu yans\u0131tan bir dizi ekolojik b\u00f6lgeyi ge\u00e7er.<\/p>\n\n\n\n<p>Yakla\u015f\u0131k 75 milyon y\u0131l \u00f6nce, o zamanlar s\u00fcper k\u0131ta Gondwana&#039;ya ba\u011fl\u0131 olan Hint alt k\u0131tas\u0131, proto-Hint Okyanusu&#039;nda yay\u0131lan deniz taban\u0131n\u0131n etkisiyle kuzeydo\u011fuya do\u011fru kaymaya ba\u015flad\u0131. Bu kara k\u00fctlesi Avrasya levhas\u0131n\u0131n alt\u0131na do\u011fru bast\u0131rd\u0131k\u00e7a, okyanus kabu\u011fu batt\u0131 ve k\u0131tasal kayalar g\u00f6\u011fe do\u011fru buru\u015ftu. Zirvelerden olu\u015fan m\u00fcstahkem bir duvar ortaya \u00e7\u0131kt\u0131, kuzey yamac\u0131 muson bulutlar\u0131n\u0131 yard\u0131 ve Tibet&#039;in y\u00fcksek rak\u0131ml\u0131 \u00e7\u00f6llerini olu\u015fturdu. Nehirler yeni olu\u015fan bariyeri a\u015ft\u0131\u011f\u0131 yerlerde derin ge\u00e7itler olu\u015fturdu; ba\u015fka yerlerde, biriken sular g\u00f6ller olu\u015fturdu ve bunlar sonunda k\u0131r\u0131ld\u0131\u011f\u0131nda Katmandu Vadisi gibi verimli oyuklar olu\u015fturdu. G\u00fcneyde, siltle dolu geni\u015f bir \u00e7ukur, Terai ovas\u0131n\u0131n zengin t\u0131nl\u0131 topra\u011f\u0131n\u0131 verdi.<\/p>\n\n\n\n<p>Bu \u00e7arp\u0131\u015fma b\u00f6lgesi, kuzeydeki Tibet platosundan g\u00fcneydeki Hint-Ganj ovas\u0131na kadar uzanan 2.400 kilometrelik Himalaya zincirinin yakla\u015f\u0131k \u00fc\u00e7te birini Nepal s\u0131n\u0131rlar\u0131 i\u00e7inde yo\u011funla\u015ft\u0131r\u0131yor. Jeologlar \u00fc\u00e7 ana ku\u015faktan bahsediyor: s\u00fcrekli kar ya\u011f\u0131\u015fl\u0131 \u00fcst &#034;Himal&#034; ve sekiz &#034;sekiz binlik&#034;, 4.000 metreye kadar ula\u015fan orta rak\u0131ml\u0131 &#034;Pahad&#034; tepeleri ve Koshi, Narayani ve Karnali nehirlerinin besledi\u011fi al\u00e7ak &#034;Terai&#034;. Yine de bu kategoriler, her yamac\u0131 ve vadiyi tan\u0131mlayan iklim, toprak ve ya\u015fam\u0131n ince derecelerini zar zor yakal\u0131yor.<\/p>\n\n\n\n<p>Nepal&#039;in iklimini enlemden daha kesin bir \u015fekilde rak\u0131m belirler. 1.200 metrenin alt\u0131nda tropikal ve subtropikal ko\u015fullar hakimdir; 1.200 ile 2.400 metre aras\u0131nda \u0131l\u0131man b\u00f6lgeler ortaya \u00e7\u0131kar; 2.400 ila 3.600 metre so\u011fuk bir banda d\u00fc\u015fer; 3.600 ila 4.400 metre subarktik so\u011fukla \u200b\u200bkar\u015f\u0131 kar\u015f\u0131yad\u0131r; ve 4.400 metrenin \u00fczerinde buzul alanlar\u0131 ve morenlerin Arktik alan\u0131 yer al\u0131r. Y\u0131l\u0131 be\u015f mevsim belirler: kuru bir yaz, muson ya\u011fmurlar\u0131, serin bir sonbahar, k\u0131\u015f donu ve ilkbahar\u0131n berrak g\u00fcnleri. Himalaya bariyeri, Orta Asya&#039;n\u0131n k\u0131\u015f r\u00fczgarlar\u0131n\u0131n ac\u0131s\u0131n\u0131 engeller ve G\u00fcney Asya musonunun gelgitlerini y\u00f6netir.<\/p>\n\n\n\n<p>Bu e\u011fimler i\u00e7erisinde ola\u011fan\u00fcst\u00fc bir flora ve fauna \u00e7e\u015fitlili\u011fi geli\u015fir. Nepal, d\u00fcnyadaki memelilerin y\u00fczde 4&#039;\u00fcne, ku\u015flar\u0131n yakla\u015f\u0131k y\u00fczde 9&#039;una ve \u00e7ok say\u0131da s\u00fcr\u00fcngen, amfibi, bal\u0131k, kelebek, g\u00fcve ve \u00f6r\u00fcmce\u011fe ev sahipli\u011fi yapar. Otuz be\u015f farkl\u0131 t\u00fcre sahip ormanlar\u0131 binlerce \u00e7i\u00e7ekli bitki t\u00fcr\u00fcne, pteridofitlere ve briyofitlere ev sahipli\u011fi yapar. Biyok\u00fclt\u00fcrel zenginlik daha nemli do\u011fuda zirveye ula\u015f\u0131rken, daha kuru bat\u0131 da\u011flar\u0131 y\u00fcksek rak\u0131mlarda arktik-\u00e7\u00f6l ko\u015fullar\u0131 sunar. Bu biyo\u00e7e\u015fitlilik merkezi co\u015fkusunu dramatik y\u00fckseklik aral\u0131\u011f\u0131na bor\u00e7ludur: Terai&#039;de deniz seviyesinden 60 metre y\u00fckseklikten Everest&#039;in zirvesine kadar.<\/p>\n\n\n\n<p>\u201cNepal\u201d ismi, alt k\u0131tada kay\u0131tl\u0131 tarihin ba\u015flang\u0131c\u0131ndan itibaren Vedik metinlerde g\u00f6r\u00fcn\u00fcr. M\u00d6 birinci bin y\u0131l\u0131n ortas\u0131nda, g\u00fcney Nepal, Gautama Buda&#039;n\u0131n Lumbini&#039;de do\u011fu\u015funa tan\u0131k oldu ve Hindu gelenekleri ovalarda peki\u015firken bile Budizm&#039;i ba\u015flatt\u0131. Kuzey b\u00f6lgeleri Tibet k\u00fclt\u00fcr\u00fcn\u00fcn izlerini ta\u015f\u0131rken, Katmandu Vadisi Newar konfederasyonunun kalbi olan Nepal Mandala olarak geli\u015fti. T\u00fcccarlar\u0131 Himalaya \u0130pek Yolu g\u00fczergahlar\u0131na h\u00fckmetti ve Newar zanaatkarlar\u0131 kendine \u00f6zg\u00fc bir sanat ve mimari \u00fcslup geli\u015ftirdi. MS yedinci y\u00fczy\u0131la ait \u00c7in kronikleri, vadideki tap\u0131naklar ve saraylardaki pagodalara, \u00e7okgen ah\u015fap i\u015f\u00e7ili\u011fine ve metal i\u015f\u00e7ili\u011fine hayran kalmaktad\u0131r.<\/p>\n\n\n\n<p>On sekizinci y\u00fczy\u0131lda, Gorkha krall\u0131\u011f\u0131 \u015eah hanedanl\u0131\u011f\u0131 alt\u0131nda y\u00fckselerek farkl\u0131 prenslikleri birle\u015ftirdi. Hi\u00e7bir zaman s\u00f6m\u00fcrgele\u015ftirilmemi\u015f olsa da Nepal, \u0130ngilizlerle stratejik anla\u015fmalar yapt\u0131 ve Britanya Hindistan\u0131 ile Emperyal \u00c7in aras\u0131nda bir tampon g\u00f6revi g\u00f6rd\u00fc. 1951&#039;de anayasal bir monar\u015fi ve parlamento ortaya \u00e7\u0131kt\u0131, ancak iktidar\u0131 sa\u011flamla\u015ft\u0131rmaya \u00e7al\u0131\u015fan monar\u015filer taraf\u0131ndan tekrar tekrar ask\u0131ya al\u0131nd\u0131. 1990&#039;larda on y\u0131l s\u00fcren bir i\u00e7 sava\u015f, 2008&#039;de d\u00fcnyan\u0131n son Hindu monar\u015fisinin kald\u0131r\u0131lmas\u0131 ve laik bir cumhuriyetin do\u011fu\u015fuyla sona erdi.<\/p>\n\n\n\n<p>Nepal&#039;in 2015 anayasas\u0131 yedi eyaletten olu\u015fan federal bir parlamento cumhuriyeti tan\u0131ml\u0131yor. Her eyalet tek meclisli bir yasama organ\u0131na sahip ve merkezi h\u00fck\u00fcmetle yetkiyi payla\u015f\u0131yor. Bunlar\u0131n alt\u0131nda, 77 il\u00e7e 753 yerel birime ayr\u0131l\u0131yor - b\u00fcy\u00fck\u015fehir, alt b\u00fcy\u00fck\u015fehir, kentsel ve k\u0131rsal belediyeler - daha sonra 6.743 b\u00f6lgeye ayr\u0131l\u0131yor. Yerel h\u00fck\u00fcmetler y\u00fcr\u00fctme, yasama ve s\u0131n\u0131rl\u0131 yarg\u0131 yetkilerini kullan\u0131rken, il\u00e7e koordinasyon komiteleri dar roller i\u00e7in se\u00e7ilmi\u015f yetkilileri bir araya getiriyor.<\/p>\n\n\n\n<p>Uluslararas\u0131 alanda, Nepal 1955&#039;te Birle\u015fmi\u015f Milletler&#039;e kat\u0131ld\u0131 ve G\u00fcney Asya B\u00f6lgesel \u0130\u015fbirli\u011fi Te\u015fkilat\u0131&#039;n\u0131n (SAARC) daimi sekreterli\u011fini y\u00fcr\u00fct\u00fcyor. Ba\u011flant\u0131s\u0131zlar Hareketi ve Bengal K\u00f6rfezi Giri\u015fimi&#039;ndeki kurucu \u00fcyelik, diplomasisini vurgularken, Hindistan (1950) ve \u00c7in (1960) ile ikili anla\u015fmalar, b\u00f6lgesel taahh\u00fctlerini teyit ediyor.<\/p>\n\n\n\n<p>120&#039;den fazla ana dili konu\u015fan yakla\u015f\u0131k 125 ayr\u0131 etnik gruba ev sahipli\u011fi yapan Nepal, k\u00fclt\u00fcrel \u00e7o\u011fulculu\u011fa \u00f6rnek te\u015fkil ediyor. 2011 n\u00fcfus say\u0131m\u0131 rakamlar\u0131, Nepalce&#039;yi ,6&#039;l\u0131k bir oranla resmi dil olarak kaydederken, bunu Maithili, Bhojpuri, Tharu, Tamang, Nepal Bhasa ve di\u011ferleri takip ediyor. Ba\u015fl\u0131ca dil aileleri -Hint-Aryan, \u00c7in-Tibet ve yerli izolatlar- dini gelenekler ve sosyal kimliklerle \u00f6rt\u00fc\u015f\u00fcyor. D\u00f6rt i\u015faret dili sa\u011f\u0131r toplulu\u011funa hizmet ediyor.<\/p>\n\n\n\n<p>Sanskrit\u00e7eden t\u00fcretilen ve Devanagari yaz\u0131s\u0131yla yaz\u0131lm\u0131\u015f olan Nepalce, lingua franca i\u015flevi g\u00f6r\u00fcr. Maithili, Awadhi ve Bhojpuri gibi Terai dilleri g\u00fcney ovalar\u0131nda geli\u015firken, Tibet leh\u00e7eleri kar s\u0131n\u0131r\u0131n\u0131n \u00f6tesinde varl\u0131\u011f\u0131n\u0131 s\u00fcrd\u00fcr\u00fcr. \u00c7e\u015fitli tepe ve Terai leh\u00e7elerini kodlama \u00e7abalar\u0131 genellikle Devanagari veya Roma harflerini kullan\u0131r.<\/p>\n\n\n\n<p>Demografik olarak, n\u00fcfus 2011&#039;de 1950&#039;den bu yana neredeyse \u00fc\u00e7 kat\u0131na \u00e7\u0131karak 26,5 milyona ula\u015ft\u0131. \u00d6zellikle Terai ve vadi kasabalar\u0131na y\u00f6nelik k\u0131rsaldan kente g\u00f6\u00e7, k\u00fcresel olarak en h\u0131zl\u0131 kentle\u015fme oranlar\u0131ndan birini te\u015fvik etti, ancak genel kentsel pay &#039;nin alt\u0131nda kald\u0131. &#034;Tap\u0131naklar \u015eehri&#034; Katmandu, k\u00fclt\u00fcrel ve ekonomik merkez olarak varl\u0131\u011f\u0131n\u0131 s\u00fcrd\u00fcr\u00fcrken, di\u011fer \u015fehirler -Pokhara, Biratnagar, Lalitpur ve Bharatpur- t\u0131kan\u0131kl\u0131k, kirlilik ve su k\u0131tl\u0131\u011f\u0131 zorluklar\u0131 aras\u0131nda b\u00fcy\u00fcyor.<\/p>\n\n\n\n<p>Hinduizm, n\u00fcfusun &#039;inden fazlas\u0131n\u0131n sahiplendi\u011fi bask\u0131n bir din olmaya devam ediyor; Budizm %9&#039;luk bir orana sahipken, \u0130slam, Kirant animizmi, Hristiyanl\u0131k ve do\u011fa tap\u0131nmas\u0131 geri kalan\u0131n\u0131 olu\u015fturuyor. Nepal, y\u00fczde olarak d\u00fcnyan\u0131n en b\u00fcy\u00fck Hindu n\u00fcfusuna ev sahipli\u011fi yap\u0131yor. Laiklik yasayla g\u00fcvence alt\u0131na al\u0131nm\u0131\u015f olsa da, dini festivaller ve rit\u00fceller (genellikle hayvan kan\u0131 adaklar\u0131n\u0131 i\u00e7erir) devam ediyor. Dashain ve be\u015f y\u0131lda bir d\u00fczenlenen Gadhimai festivali, kurban ve refah \u00fczerine s\u00fcregelen gelenekleri ve ili\u015fkili tart\u0131\u015fmalar\u0131 \u00f6rneklendiriyor. Bu arada, d\u0131\u015flanm\u0131\u015f kad\u0131nlar\u0131 hedef alan cad\u0131 avlar\u0131, baz\u0131 k\u0131rsal topluluklarda bat\u0131l inan\u00e7lar\u0131n ve toplumsal \u015fiddetin devam etti\u011fini ortaya koyuyor.<\/p>\n\n\n\n<p>1963&#039;ten beri yasad\u0131\u015f\u0131 olmas\u0131na ra\u011fmen toplumsal olarak etkili olan kast sistemi, toplumu evlilik, meslek ve rit\u00fcel stat\u00fcy\u00fc y\u00f6neten kal\u0131tsal gruplara b\u00f6ler. Kentsel i\u015fyerleri ve okullar kast kimli\u011finin azald\u0131\u011f\u0131n\u0131 g\u00f6sterirken, k\u0131rsal ve geleneksel ba\u011flamlar hala hiyerar\u015fik normlar\u0131 yans\u0131t\u0131r. Ortak aile patriyarkas\u0131 bask\u0131nd\u0131r, ancak \u00e7ekirdek aileler \u015fehirlerde ivme kazan\u0131r. D\u00fczenlenmi\u015f evlilik \u00e7ok d\u00fc\u015f\u00fck bo\u015fanma oranlar\u0131yla devam eder ve yasal ya\u015f s\u0131n\u0131rlamalar\u0131na ra\u011fmen bir\u00e7ok k\u00f6yde \u00e7ocuk evlilikleri devam eder.<\/p>\n\n\n\n<p>Nepal&#039;in mimari miras\u0131, Katmandu Vadisi&#039;ndeki Ashokan stupalar\u0131ndan Newar zanaatkarlar\u0131n\u0131n pagoda tap\u0131naklar\u0131n\u0131n yap\u0131m\u0131na kadar binlerce y\u0131l\u0131 kapsar. Karakteristik ah\u015fap i\u015f\u00e7ili\u011fi -ankhijhyal olarak bilinen karma\u015f\u0131k kafesli pencereler- ve yald\u0131zl\u0131 finallerle ta\u00e7land\u0131r\u0131lm\u0131\u015f kademeli \u00e7at\u0131lar tap\u0131nak komplekslerini ay\u0131r\u0131r. Ta\u015f teraslar, bronz heykeller ve bak\u0131r kabartmalar metal i\u015f\u00e7ilerinin ustal\u0131\u011f\u0131na tan\u0131kl\u0131k eder. Patan, Bhaktapur ve Katmandu Durbar Meydanlar\u0131, iki bin y\u0131ll\u0131k sanat ve mimarinin bir araya geldi\u011fi canl\u0131 m\u00fcze alanlar\u0131 sunar.<\/p>\n\n\n\n<p>Thank\u0101 (Tibet paubhas\u0131) gibi resim gelenekleri manast\u0131r ortamlar\u0131nda ve Newar at\u00f6lyelerinde varl\u0131\u011f\u0131n\u0131 s\u00fcrd\u00fcrmektedir. MS d\u00f6rd\u00fcnc\u00fc y\u00fczy\u0131lda in\u015fa edilen Changu Narayan, rafine ah\u015fap i\u015f\u00e7ili\u011finin bir kan\u0131t\u0131 olarak durmaktad\u0131r. Ev binalar\u0131, oyulmu\u015f payandalar\u0131nda, pencerelerinde ve kap\u0131lar\u0131nda dini motifleri yans\u0131t\u0131rken, \u00e7\u0131k\u0131nt\u0131l\u0131 sa\u00e7aklar yerel topraklardan al\u0131nan pigmentlerle boyanm\u0131\u015f duvarlar\u0131 korumaktad\u0131r.<\/p>\n\n\n\n<p>Binlerce y\u0131ld\u0131r, d\u00f6k\u00fcml\u00fc giysiler birincil giyim olarak hizmet etti. Sari -alt\u0131 yarda kuma\u015f- alt g\u00f6vdeyi sarar ve bir cholo bluz ile e\u015fle\u015ftirildi\u011finde hem tevazu hem de zarafet sunar. K\u0131rsal emekte, gunyu gibi daha k\u0131sa giysiler i\u015fi kolayla\u015ft\u0131r\u0131r. Erkeklerin dhoti&#039;si beli ve bacaklar\u0131 sarar ve genellikle bir langauti ile e\u015fle\u015ftirilir. Her iki cinsiyet de kuma\u015f\u0131, erkeklerin kavisli khukuri b\u0131\u00e7a\u011f\u0131n\u0131 yerle\u015ftirebilece\u011fi bir patuka kemeri olarak sarar. \u015eallar, t\u00fcrbanlar (pheta, pagri), pe\u00e7eler (ghumto) ve e\u015farplar (kha\u1e6da, pachhyaura) geleneksel gard\u0131robu tamamlar.<\/p>\n\n\n\n<p>Nepal mutfa\u011f\u0131 co\u011frafi ve k\u00fclt\u00fcrel \u00e7e\u015fitlili\u011fi yans\u0131t\u0131r. Kolombiyal\u0131lar\u0131n de\u011fi\u015fimi patates, m\u0131s\u0131r ve ac\u0131 biberleri tan\u0131tt\u0131, bunlar art\u0131k temel g\u0131da maddeleri. Terai&#039;de pirin\u00e7 ve bu\u011fday geli\u015firken, tepeler dar\u0131, arpa ve karabu\u011fday\u0131 tercih ediyor. Tipik bir \u00f6\u011f\u00fcn, mercimek, sebze ve tur\u015fu e\u015fli\u011finde, sar\u0131msak, zencefil ve b\u00f6lgesel baharatlarla tatland\u0131r\u0131lm\u0131\u015f bir tah\u0131la (buharda pi\u015firilmi\u015f pirin\u00e7 veya dhindo (kal\u0131n yulaf lapas\u0131)) odaklan\u0131r. Her yerde bulunan tabak veya th\u0101l\u012b, tah\u0131l\u0131n etraf\u0131na dal, sebze k\u00f6rileri, \u00e7utneyler ve lor kaseleri d\u00fczenler.<\/p>\n\n\n\n<p>G\u00fcney ovalar\u0131nda pirincin yerini chapati gibi mayas\u0131z ekmekler al\u0131r. Kavrulmu\u015f arpa unu olan tsampa, y\u00fcksek rak\u0131ml\u0131 \u00e7obanlar\u0131 besler. Gundruk gibi fermente edilmi\u015f ye\u015fillikler k\u0131\u015f aylar\u0131nda temel vitaminleri sa\u011flar. Upanishad ve Budist ahi\u1e43s\u0101 doktrinlerinden etkilenen vejetaryen topluluklar, \u015eaktizm&#039;in kurban t\u00f6renleri etin bir\u00e7ok rit\u00fcelde merkezi kalmas\u0131n\u0131 sa\u011flasa da, belirgin etsiz geleneklerini s\u00fcrd\u00fcr\u00fcrler.<\/p>\n\n\n\n<p>Nepal, ki\u015fi ba\u015f\u0131na nominal GSY\u0130H&#039;si 1.000 ABD dolar\u0131na yak\u0131n ve 16,8 milyonluk bir i\u015f g\u00fcc\u00fcyle d\u00fcnyan\u0131n en az geli\u015fmi\u015f \u00fclkeleri aras\u0131nda yer almaktad\u0131r. Tar\u0131m - tah\u0131llar, bakliyatlar, ya\u011fl\u0131 tohumlar, \u015feker kam\u0131\u015f\u0131, j\u00fct, t\u00fct\u00fcn ve hayvanc\u0131l\u0131k - GSY\u0130H&#039;nin d\u00f6rtte birinden fazlas\u0131n\u0131 istihdam etmektedir; tekstil, hal\u0131lar, \u00e7imento ve k\u00fc\u00e7\u00fck fabrikalar dahil olmak \u00fczere sanayi katk\u0131da bulunmaktad\u0131r; hizmetler dengeyi domine etmektedir. Ba\u015fl\u0131ca Hindistan, Orta Do\u011fu ve Do\u011fu Asya&#039;daki vas\u0131fs\u0131z i\u015f\u00e7ilerden gelen para transferleri, GSY\u0130H&#039;nin yakla\u015f\u0131k &#039;una denk gelen 8 milyar ABD dolar\u0131n\u0131n \u00fczerindedir.<\/p>\n\n\n\n<p>Yollar ve demiryollar\u0131 Asya&#039;n\u0131n geri kalan\u0131nda geride kal\u0131yor: yakla\u015f\u0131k 12.000 km asfalt yol, 16.100 km asfalts\u0131z yol ve g\u00fcneyde sadece 59 km demir yolu. Muson ya\u011fmurlar\u0131n\u0131n zarar verdi\u011fi otoyollar topluluklar\u0131 aylarca izole ediyor. Havac\u0131l\u0131k, il\u00e7e merkezlerini birbirine ba\u011fl\u0131yor\u201447 havaalan\u0131, 11 asfalt pist\u2014ancak bayrak ta\u015f\u0131y\u0131c\u0131s\u0131 Nepal Airlines&#039;daki k\u00f6t\u00fc y\u00f6netim, AB&#039;nin kara listeye almas\u0131na yol a\u00e7t\u0131. Hindistan limanlar\u0131na olan kara ba\u011f\u0131ml\u0131l\u0131\u011f\u0131, 1990&#039;dan 2017&#039;ye kadar yirmi \u00fc\u00e7 kat b\u00fcy\u00fcyen ticareti zorla\u015ft\u0131r\u0131yor; ithalat ve ihracat\u0131n y\u00fczde 60&#039;tan fazlas\u0131 Hindistan \u00fczerinden ak\u0131yor. Ancak turizm umut vadediyor: 2018&#039;de bir milyon yabanc\u0131 ziyaret\u00e7i geldi ve trekking parkurlar\u0131na, miras alanlar\u0131na, yaban hayat\u0131 parklar\u0131na ve hac merkezlerine \u00e7ekildi. Yine de &#034;altyap\u0131 darbo\u011fazlar\u0131&#034;, az geli\u015fmi\u015f destinasyonlar ve havayolu s\u0131k\u0131nt\u0131lar\u0131 geni\u015flemeyi engelliyor.<\/p>\n\n\n\n<p>Seyahat ama\u00e7lar\u0131 i\u00e7in Nepal genellikle be\u015f y\u00fckseklik tabanl\u0131 b\u00f6lgeyle tan\u0131mlan\u0131r. Everest&#039;in ta\u00e7land\u0131rd\u0131\u011f\u0131 ve B\u00fcy\u00fck Himalaya Yolu&#039;nun ge\u00e7ti\u011fi y\u00fckselen Himalayalar, y\u00fcr\u00fcy\u00fc\u015f\u00e7\u00fcleri ve macerac\u0131lar\u0131 \u00e7a\u011f\u0131r\u0131r. Katmandu Vadisi, yald\u0131zl\u0131 tap\u0131naklar\u0131 ve orta\u00e7a\u011f meydanlar\u0131yla k\u00fclt\u00fcrel ke\u015fifleri destekler. Pokhara ve Annapurna turu da dahil olmak \u00fczere Orta Tepeler, \u0131l\u0131man manzaralar\u0131 k\u00f6y misafirperverli\u011fiyle harmanlar. Bat\u0131 Terai, Buda&#039;n\u0131n do\u011fum yeri olan Lumbini&#039;nin yan\u0131 s\u0131ra Chitwan ve Bardiya Milli Parklar\u0131n\u0131 kapsar. Do\u011fu Terai, k\u0131rsal gelenekleri ve vah\u015fi ya\u015fam\u0131 korurken Biratnagar gibi kentsel merkezleri i\u00e7erir.<\/p>\n\n\n\n<p>Ba\u015fl\u0131ca ilgi \u00e7ekici noktalar aras\u0131nda Bhaktapur&#039;un \u00e7\u00f6mlek yollar\u0131; Patan&#039;\u0131n UNESCO listesindeki Durbar Meydan\u0131; Janakpur&#039;un Janaki Tap\u0131na\u011f\u0131; Namche Bazaar&#039;\u0131n Sherpa pazarlar\u0131; ve Nagarkot&#039;un Himalaya manzaralar\u0131 yer al\u0131r. Haleshi ve Parping gibi kutsal alanlar meditasyon ma\u011faralar\u0131n\u0131 ve Budist geleneklerini korur.<\/p>\n\n\n\n<p>Ziyaret\u00e7iler, her g\u00fcn ki\u015fi ba\u015f\u0131na bir kez sunulan &#034;Namaste&#034; (avu\u00e7 i\u00e7leri birbirine bast\u0131r\u0131lm\u0131\u015f ve ba\u015f e\u011fik) ile kar\u015f\u0131lan\u0131r. Ya\u015fl\u0131lar \u00f6zel bir sayg\u0131y\u0131 hak eder. Evlere veya tap\u0131naklara girmeden \u00f6nce ayakkab\u0131lar ve \u015fapkalar \u00e7\u0131kar\u0131l\u0131r. Sa\u011f el yemek yeme, verme ve almada kullan\u0131l\u0131r; sol el d\u0131\u015fk\u0131lamadan sonra y\u0131kanmak i\u00e7in ayr\u0131lm\u0131\u015ft\u0131r. Tap\u0131nak tavaf\u0131 Budist yerler i\u00e7in saat y\u00f6n\u00fcnde yap\u0131l\u0131r; Hindular yaz\u0131l\u0131 olmayan yerel gelenekleri takip eder.<\/p>\n\n\n\n<p>Pazarlarda pazarl\u0131k iyi mizah ve kar\u015f\u0131l\u0131kl\u0131 sayg\u0131yla geli\u015fir. Hindu olmayanlar belirli kutsal alanlara girme k\u0131s\u0131tlamalar\u0131na uymal\u0131d\u0131r. Yerel uygulamalar\u0131n i\u00e7ten fark\u0131ndal\u0131\u011f\u0131 - pi\u015firme kaplar\u0131yla temastan ka\u00e7\u0131nmak, birinin \u00fczerinden ge\u00e7meden \u00f6nce izin almak, su ve yemek rit\u00fcellerine sayg\u0131 g\u00f6stermek - d\u00fc\u015f\u00fcnceli bir gezgini i\u015faret eder.<\/p>\n\n\n\n<p>Nepal&#039;in z\u0131tl\u0131klar\u0131\u2014Himalaya nehirlerinin u\u011fultusundan kar alanlar\u0131n\u0131n sessizli\u011fine; yo\u011fun \u015fekilde \u00f6r\u00fclm\u00fc\u015f Newar sokaklar\u0131ndan seyrek \u00e7oban kamplar\u0131na\u2014hem tehlikeli k\u0131r\u0131lganl\u0131\u011f\u0131 hem de diren\u00e7li zarafeti temsil eder. Halklar\u0131, dilleri ve inan\u00e7lar\u0131, G\u00fcney ve Orta Asya&#039;n\u0131n kav\u015fa\u011f\u0131nda y\u00fczy\u0131llard\u0131r s\u00fcren al\u0131\u015fveri\u015fe tan\u0131kl\u0131k eder. Politik ge\u00e7i\u015fler, ekonomik zorluklar ve \u00e7evresel k\u0131r\u0131lganl\u0131k aras\u0131nda Nepal, \u00e7ift\u00e7ilerin yarat\u0131c\u0131l\u0131\u011f\u0131, k\u00f6yl\u00fclerin sanat\u00e7\u0131l\u0131\u011f\u0131 ve hac\u0131lar\u0131n ba\u011fl\u0131l\u0131\u011f\u0131 sayesinde ayakta kal\u0131r. Nepal&#039;i anlamak, hem kayada hem de rit\u00fcelde y\u00fccelikle kar\u015f\u0131la\u015fmak, do\u011fan\u0131n k\u0131y\u0131s\u0131ndaki insan adaptasyonuna tan\u0131kl\u0131k etmek ve k\u0131talar\u0131n yava\u015f ilerlemesi ve insan ruhunun s\u0131n\u0131rs\u0131z kapasitesiyle \u015fekillenen nefes kesici u\u00e7lardan olu\u015fan bir manzaray\u0131 kucaklamakt\u0131r.<\/p>","protected":false},"excerpt":{"rendered":"<p>G\u00fcney Asya&#039;n\u0131n kalbinde yer alan karayla \u00e7evrili bir \u00fclke olan Nepal, 2024 itibar\u0131yla 29.651.054 ki\u015filik bir n\u00fcfusa sahip olup, n\u00fcfus b\u00fcy\u00fckl\u00fc\u011f\u00fc a\u00e7\u0131s\u0131ndan k\u00fcresel olarak 51. s\u0131rada yer almaktad\u0131r. Ba\u015fl\u0131ca Himalayalar&#039;da bulunan ve baz\u0131 k\u0131s\u0131mlar\u0131 Indo-Ganj Ovas\u0131&#039;na kadar uzanan bu \u00e7e\u015fitli \u00fclke, zengin bir k\u00fclt\u00fcr, dil ve manzara dokusuna ev sahipli\u011fi yapmaktad\u0131r. Kuzeyde \u00c7in&#039;in Tibet \u00d6zerk B\u00f6lgesi ve g\u00fcneyde, do\u011fuda ve bat\u0131da Hindistan ile s\u0131n\u0131rlanan Nepal&#039;in benzersiz co\u011frafyas\u0131, verimli ovalar\u0131, subalpin ormanl\u0131k tepeleri ve d\u00fcnyan\u0131n en y\u00fcksek on da\u011f\u0131ndan sekizini, aralar\u0131nda D\u00fcnya&#039;n\u0131n en y\u00fcksek zirvesi olan ikonik Everest Da\u011f\u0131&#039;n\u0131n da bulundu\u011fu, kapsar.<\/p>","protected":false},"author":1,"featured_media":3656,"parent":24063,"menu_order":0,"comment_status":"closed","ping_status":"closed","template":"elementor_theme","meta":{"_eb_attr":"","footnotes":""},"class_list":["post-15371","page","type-page","status-publish","has-post-thumbnail"],"_links":{"self":[{"href":"https:\/\/travelshelper.com\/tr\/wp-json\/wp\/v2\/pages\/15371","targetHints":{"allow":["GET"]}}],"collection":[{"href":"https:\/\/travelshelper.com\/tr\/wp-json\/wp\/v2\/pages"}],"about":[{"href":"https:\/\/travelshelper.com\/tr\/wp-json\/wp\/v2\/types\/page"}],"author":[{"embeddable":true,"href":"https:\/\/travelshelper.com\/tr\/wp-json\/wp\/v2\/users\/1"}],"replies":[{"embeddable":true,"href":"https:\/\/travelshelper.com\/tr\/wp-json\/wp\/v2\/comments?post=15371"}],"version-history":[{"count":0,"href":"https:\/\/travelshelper.com\/tr\/wp-json\/wp\/v2\/pages\/15371\/revisions"}],"up":[{"embeddable":true,"href":"https:\/\/travelshelper.com\/tr\/wp-json\/wp\/v2\/pages\/24063"}],"wp:featuredmedia":[{"embeddable":true,"href":"https:\/\/travelshelper.com\/tr\/wp-json\/wp\/v2\/media\/3656"}],"wp:attachment":[{"href":"https:\/\/travelshelper.com\/tr\/wp-json\/wp\/v2\/media?parent=15371"}],"curies":[{"name":"wp","href":"https:\/\/api.w.org\/{rel}","templated":true}]}}