{"id":15356,"date":"2024-09-20T22:59:13","date_gmt":"2024-09-20T22:59:13","guid":{"rendered":"https:\/\/travelshelper.com\/staging\/?page_id=15356"},"modified":"2026-03-11T18:51:31","modified_gmt":"2026-03-11T18:51:31","slug":"kuzey-kore","status":"publish","type":"page","link":"https:\/\/travelshelper.com\/tr\/destinations\/asia\/north-korea\/","title":{"rendered":"Kuzey Kore"},"content":{"rendered":"<p>Resmen Kore Demokratik Halk Cumhuriyeti (DPRK) olan Kuzey Kore, iki b\u00fcy\u00fck deniz aras\u0131nda uzanan bir yar\u0131madan\u0131n kuzey yar\u0131s\u0131n\u0131 i\u015fgal eder. Bat\u0131da Sar\u0131 Deniz ve do\u011fuda Japon Denizi ile s\u0131n\u0131rlanan kara s\u0131n\u0131rlar\u0131, \u00c7in ve Rusya&#039;n\u0131n suyun kar\u015f\u0131s\u0131nda durdu\u011fu Yalu (Amnok) ve Tumen nehirlerinin k\u0131vr\u0131ml\u0131 yollar\u0131n\u0131 izler. G\u00fcneyde, Pyongyang&#039;\u0131 Seul&#039;den ay\u0131ran dikenli tel ve sessizlik tamponu olan Kore Silahs\u0131zland\u0131r\u0131lm\u0131\u015f B\u00f6lgesi yer al\u0131r. Dik s\u0131rada\u011flar\u0131n, volkanik zirvelerin ve dar vadilerin bulundu\u011fu bu topraklarda tarih, ta\u015fta ve ideolojide izini b\u0131rakm\u0131\u015ft\u0131r.<\/p>\n\n\n\n<h2 class=\"wp-block-heading\">Manzara ve \u0130klim<\/h2>\n\n\n\n<p>Erken d\u00f6nem Avrupal\u0131 \u200b\u200bka\u015fiflerden, bu arazinin &#034;\u015fiddetli bir f\u0131rt\u0131nadaki denize&#034; benzedi\u011fi yorumu geldi, \u00e7\u00fcnk\u00fc yuvarlanan s\u0131rtlar \u00fclkenin yakla\u015f\u0131k &#039;ini kapl\u0131yor. Da\u011flar\u0131n omurgas\u0131, yar\u0131madan\u0131n 2.000 metrenin \u00fczerindeki t\u00fcm zirvelerini ta\u015f\u0131r. 2.744 metre y\u00fckseklikteki Paektu Da\u011f\u0131 -yerel mitlerde sayg\u0131 duyulan ve eyaletin kurulu\u015f anlat\u0131lar\u0131na i\u015flenmi\u015f bir volkanik zirve- yery\u00fcz\u00fc ve g\u00f6ky\u00fcz\u00fcn\u00fcn s\u0131n\u0131r\u0131nda as\u0131l\u0131 durur. Kuzeydo\u011fudaki Hamgy\u014fng ve merkezi Rangrim yaylalar\u0131 gibi di\u011fer s\u0131rada\u011flar, \u00fclkenin y\u00fcksek kesimlerindeki kalbini be\u015fi\u011fe koyar. Sadece bat\u0131da ovalar geni\u015fler ve \u00e7o\u011fu sakini tarlalar\u0131na ve kasabalar\u0131na \u00e7eker.<\/p>\n\n\n\n<p>Nemli karasal iklim mevsimleri \u015fekillendirir. Sibirya r\u00fczgarlar\u0131 berrak, sert k\u0131\u015flar getirirken, Pasifik&#039;ten gelen muson ak\u0131nt\u0131lar\u0131 topra\u011f\u0131 yaz s\u0131ca\u011f\u0131 ve ya\u011fmuruyla \u00f6rter; y\u0131ll\u0131k toplam\u0131n yakla\u015f\u0131k be\u015fte \u00fc\u00e7\u00fc Haziran ve Eyl\u00fcl aylar\u0131 aras\u0131nda d\u00fc\u015fer. Ge\u00e7i\u015f ilkbaharlar\u0131 ve sonbaharlar\u0131 bu u\u00e7lar aras\u0131nda k\u0131sa bir s\u00fcreli\u011fine titrer, dinlenme ve renk sunar.<\/p>\n\n\n\n<p>Nehirler tepeleri kaplar - en dikkat \u00e7ekeni \u00c7in&#039;e kar\u015f\u0131 bir deltaya d\u00f6n\u00fc\u015fmeden \u00f6nce yakla\u015f\u0131k 800 kilometre akan Yalu&#039;dur. Ormanlar bir zamanlar neredeyse t\u00fcm yama\u00e7lar\u0131 kapl\u0131yordu; kerestecilik ve arazi kullan\u0131m\u0131 bask\u0131lar\u0131 onlar\u0131 test etmi\u015f olsa da, y\u00fczde 70&#039;ten fazlas\u0131 hala ye\u015fildir ve kar\u0131\u015f\u0131k yaprak d\u00f6ken ve i\u011fne yaprakl\u0131 ekob\u00f6lgeleri besler.<\/p>\n\n\n\n<h2 class=\"wp-block-heading\">Antik Krall\u0131klardan Modern B\u00f6l\u00fcnmeye<\/h2>\n\n\n\n<p>Kore Yar\u0131madas\u0131 Alt Paleolitik&#039;ten beri yerle\u015fim yeriydi ve M\u00d6 birinci biny\u0131lda kuzeydeki b\u00f6lgeleri \u00c7in kay\u0131tlar\u0131nda \u00e7oktan kay\u0131t alt\u0131na al\u0131nm\u0131\u015ft\u0131. Y\u00fczy\u0131llar boyunca, \u00dc\u00e7 Krall\u0131k\u2014Goguryeo, Baekje ve Silla\u2014\u00fcst\u00fcnl\u00fck i\u00e7in yar\u0131\u015ft\u0131. Yedinci y\u00fczy\u0131l\u0131n sonlar\u0131nda Silla&#039;n\u0131n birle\u015fmesi, ad\u0131 &#034;Kore&#034;de ya\u015famaya devam eden Goryeo&#039;nun (918-1392) dengeli saltanat\u0131na ve ard\u0131ndan Joseon&#039;un (1392-1897) uzun y\u00f6netimine yol a\u00e7t\u0131.<\/p>\n\n\n\n<p>Kore \u0130mparatorlu\u011fu (1897\u20131910) k\u0131sa \u00f6m\u00fcrl\u00fcyd\u00fc. 1910&#039;da Japon ilhak\u0131 yar\u0131maday\u0131 yerel k\u00fclt\u00fcr\u00fc, dili ve dini bast\u0131rmay\u0131 ama\u00e7layan bir s\u00f6m\u00fcrge yap\u0131s\u0131na d\u00f6n\u00fc\u015ft\u00fcrd\u00fc. Japonya&#039;n\u0131n 1945&#039;teki yenilgisinden sonra Kore 38. paralel boyunca b\u00f6l\u00fcnd\u00fc. Sovyet K\u0131z\u0131l Ordusu hatt\u0131n kuzeyini i\u015fgal etti; Amerika Birle\u015fik Devletleri g\u00fcneyi. 1948&#039;de rakip h\u00fck\u00fcmetler ortaya \u00e7\u0131kt\u0131: kuzeyde Sovyet yanl\u0131s\u0131 bir sosyalist devlet ve g\u00fcneyde Bat\u0131 yanl\u0131s\u0131 bir cumhuriyet.<\/p>\n\n\n\n<h2 class=\"wp-block-heading\">Sava\u015f, Yeniden Yap\u0131lanma ve Juche&#039;nin Y\u00fckseli\u015fi<\/h2>\n\n\n\n<p>Kuzey Kore g\u00fc\u00e7leri Haziran 1950&#039;de s\u0131n\u0131r\u0131 ge\u00e7ti\u011finde, ard\u0131ndan gelen \u00e7at\u0131\u015fma \u00c7in birliklerini ve Birle\u015fmi\u015f Milletler g\u00fc\u00e7lerini de i\u00e7ine \u00e7ekti. 1953 Ate\u015fkesi, orijinal ayr\u0131m\u0131n yak\u0131n\u0131ndaki cephe hatlar\u0131n\u0131 dondurdu, DMZ&#039;yi olu\u015fturdu ancak bar\u0131\u015f antla\u015fmas\u0131 b\u0131rakmad\u0131. Sava\u015f\u0131n sonras\u0131nda, DPRK di\u011fer sosyalist uluslardan kapsaml\u0131 yard\u0131m ald\u0131, \u015fehirleri ve end\u00fcstriyi yeniden in\u015fa etti. Ancak resmi sloganlar\u0131n alt\u0131nda izolasyonun tohumlar\u0131 yat\u0131yordu. \u0130lk y\u00fcce lider Kim Il Sung, Juche felsefesini -\u00f6zg\u00fcven- y\u00f6netimin her y\u00f6n\u00fcne i\u015fledi.<\/p>\n\n\n\n<p>So\u011fuk Sava\u015f 1980&#039;lerde \u00e7\u00f6z\u00fcl\u00fcrken, Kuzey Kore&#039;nin eski patronlar\u0131yla ba\u011flar\u0131 y\u0131prand\u0131. 1991&#039;deki Sovyetlerin \u00e7\u00f6k\u00fc\u015f\u00fc ekonomik daralmay\u0131 h\u0131zland\u0131rd\u0131. 1994 ile 1998 aras\u0131nda k\u0131tl\u0131k ya\u015fand\u0131, sel ve sistemsel verimsizlikle daha da k\u00f6t\u00fcle\u015fti; y\u00fcz binlerce ki\u015fi \u00f6ld\u00fc ve yetersiz beslenme bir nesli \u015fekillendirdi. Kademeli toparlanmaya ra\u011fmen, devletin resmi hedefi ayn\u0131 kald\u0131: merkezi olarak planlanm\u0131\u015f bir ekonomi, t\u00fcm i\u015fletmelerin devlet m\u00fclkiyeti ve kolektifle\u015ftirilmi\u015f tar\u0131m.<\/p>\n\n\n\n<h2 class=\"wp-block-heading\">Siyasal Sistem ve Toplum<\/h2>\n\n\n\n<p>G\u00fcn\u00fcm\u00fcz\u00fcn DPRK&#039;si, hanedan ki\u015filik k\u00fclt\u00fcne odaklanm\u0131\u015f kal\u0131tsal bir totaliter devlettir. G\u00fc\u00e7 Kim ailesi ve Kore \u0130\u015f\u00e7i Partisi&#039;ndedir, ulusal ideoloji ise Marksist-Leninist \u00e7er\u00e7eveleri Kimilsungism-Kimjongilism ile birle\u015ftirir. Se\u00e7imler ger\u00e7ekle\u015fir ancak ger\u00e7ek bir se\u00e7enek sunmaz: adaylar rakipsiz yar\u0131\u015f\u0131r ve oylar \u00f6nceden se\u00e7ilmi\u015f sonu\u00e7lar\u0131 onaylar.<\/p>\n\n\n\n<p>Ya\u015fam\u0131n her y\u00f6n\u00fc\u2014bar\u0131nma, sa\u011fl\u0131k hizmeti, e\u011fitim, hatta g\u0131da da\u011f\u0131t\u0131m\u0131\u2014devlet taraf\u0131ndan y\u00f6netiliyor. Ayr\u0131nt\u0131l\u0131 Songun veya &#034;askeri \u00f6ncelik&#034; politikas\u0131yla kaynaklar, 1,2 milyondan fazla aktif personeli ve b\u00fcy\u00fcyen n\u00fckleer cephaneli\u011fiyle d\u00fcnyan\u0131n en b\u00fcy\u00fcklerinden biri olan Kore Halk Ordusu&#039;na ak\u0131yor. D\u0131\u015far\u0131dan g\u00f6zlemciler, rejimin insan haklar\u0131 sicilini d\u00fcnyan\u0131n en k\u00f6t\u00fclerinden biri olarak g\u00f6r\u00fcyor.<\/p>\n\n\n\n<p>Toplum, sadakati ve eri\u015fimi belirlemek i\u00e7in nesiller boyunca aile ge\u00e7mi\u015flerini izleyen kast benzeri bir sistem olan songbun taraf\u0131ndan yap\u0131land\u0131r\u0131lm\u0131\u015ft\u0131r. Evlilikler, m\u00fctevaz\u0131 iki odal\u0131 birimlerde geni\u015f aileli haneler \u00f6r\u00fcnt\u00fcs\u00fcn\u00fc takip eder; bo\u015fanma neredeyse duyulmam\u0131\u015ft\u0131r. 2025 n\u00fcfusu yakla\u015f\u0131k 26 milyonken, demografik b\u00fcy\u00fcme oran\u0131 d\u00fc\u015f\u00fck kalmaya devam ediyor -s\u0131f\u0131r\u0131n hemen \u00fczerinde- ge\u00e7mi\u015fteki k\u0131tl\u0131k, zorunlu askerlik hizmetinden sonra ge\u00e7 evlilikler ve konut k\u0131s\u0131tlamalar\u0131 taraf\u0131ndan engelleniyor.<\/p>\n\n\n\n<h2 class=\"wp-block-heading\">Dil, Din ve K\u00fclt\u00fcrel Miras<\/h2>\n\n\n\n<p>Kore dili kuzeyi ve g\u00fcneyi birle\u015ftirir, ancak leh\u00e7e ve kelime da\u011farc\u0131\u011f\u0131 birbirinden ayr\u0131l\u0131r. Pyongyang&#039;da, eski Pyongan leh\u00e7esinin &#034;k\u00fclt\u00fcrl\u00fc dili&#034; yabanc\u0131 \u00f6d\u00fcn\u00e7 kelimelerden ve hanja karakterlerinden ar\u0131nd\u0131r\u0131lm\u0131\u015f, dilsel \u00f6z g\u00fcven g\u00fc\u00e7lendirilmi\u015ftir. \u00dclke genelinde yaln\u0131zca Hangul yaz\u0131s\u0131 kullan\u0131lmaktad\u0131r.<\/p>\n\n\n\n<p>Resmi olarak ateist olmas\u0131na ra\u011fmen, eyaletin anayasas\u0131 nominal olarak din \u00f6zg\u00fcrl\u00fc\u011f\u00fcn\u00fc garanti alt\u0131na al\u0131r. Uygulamada, ibadet kat\u0131 s\u0131n\u0131rlamalarla kar\u015f\u0131 kar\u015f\u0131yad\u0131r ve yabanc\u0131 m\u00fcdahaleyi \u00f6nleme gerek\u00e7esiyle misyonerlik yapmak yasakt\u0131r. Pyongyang&#039;daki az say\u0131da onayl\u0131 kilise (\u00fc\u00e7 Protestan, bir Katolik, bir Ortodoks) \u00e7o\u011funlukla g\u00f6steri ama\u00e7l\u0131 hizmet vermektedir. Anketler, vatanda\u015flar\u0131n yakla\u015f\u0131k &#039;sinin geleneksel inan\u00e7lara (Ch&#039;\u014fndoizm, \u015famanizm, Budizm) ba\u011fl\u0131 oldu\u011funu ve y\u00fczde yar\u0131s\u0131ndan az\u0131n\u0131n Hristiyan veya M\u00fcsl\u00fcman oldu\u011funu tahmin etmektedir.<\/p>\n\n\n\n<p>K\u00fclt\u00fcr politikas\u0131 &#034;gerici&#034; modern \u00f6ncesi unsurlar\u0131 atar ve devrimci ruhla uyumlu &#034;halk&#034; bi\u00e7imlerini yeniden sunar. 190&#039;dan fazla yer ve nesne ulusal hazineler olarak kataloglanm\u0131\u015ft\u0131r; ek olarak 1.800&#039;\u00fc k\u00fclt\u00fcrel varl\u0131klar olarak korunmaktad\u0131r. UNESCO, duvar resimleri Goguryeo krall\u0131\u011f\u0131n\u0131n cenaze t\u00f6renlerine g\u00f6nderme yapan Kaes\u014fng&#039;daki Tarihi An\u0131tlar ve Yerler ile Kogury\u014f Mezarlar\u0131 Kompleksi&#039;ni kayda ge\u00e7irmi\u015ftir.<\/p>\n\n\n\n<h2 class=\"wp-block-heading\">Ekonomi: Merkezi Planlama, Piyasalar ve Yapt\u0131r\u0131mlar<\/h2>\n\n\n\n<p>1940&#039;lardan beri Kuzey Kore d\u00fcnyan\u0131n en merkezi ekonomilerinden biri olmaya devam etti. SSCB ve \u00c7in&#039;den gelen yard\u0131mlarla desteklenen, kendi kendine yeterlili\u011fi hedefleyen be\u015f y\u0131ll\u0131k planlar izledi. 1960&#039;lara gelindi\u011finde verimsizlikler ortaya \u00e7\u0131kt\u0131: Nitelikli i\u015fg\u00fcc\u00fc eksikli\u011fi, enerji darbo\u011fazlar\u0131, s\u0131n\u0131rl\u0131 ekilebilir arazi ve eskiyen makineler b\u00fcy\u00fcmeyi a\u015f\u0131nd\u0131rd\u0131. G\u00fcney Kore&#039;nin ekonomisi y\u00fckselirken, kuzey durgunla\u015ft\u0131.<\/p>\n\n\n\n<p>1990&#039;lar\u0131n ba\u015f\u0131nda h\u00fck\u00fcmet resmi ekonomik planlar duyurmay\u0131 b\u0131rakt\u0131. G\u0131da ve konut b\u00fcy\u00fck \u00f6l\u00e7\u00fcde s\u00fcbvanse ediliyor; e\u011fitim ve sa\u011fl\u0131k hizmeti \u00fccretsiz; vergiler 1974&#039;te kald\u0131r\u0131ld\u0131. Ba\u015fkentte, ma\u011fazalar ve s\u00fcpermarketler \u00e7e\u015fitli mallar sunuyor ancak \u00e7o\u011fu vatanda\u015f k\u00fc\u00e7\u00fck \u00f6l\u00e7ekli ticaretin geli\u015fti\u011fi gayri resmi pazarlarda (jangmadang) al\u0131m sat\u0131m yap\u0131yor. 2009&#039;da bu pazarlar\u0131 bast\u0131rma, yabanc\u0131 paray\u0131 yasaklama ve won&#039;u yeniden de\u011ferlendirme giri\u015fimleri enflasyona ve nadir g\u00f6r\u00fclen halk protestolar\u0131na yol a\u00e7arak politika geri d\u00f6n\u00fc\u015flerine neden oldu.<\/p>\n\n\n\n<p>Sanayi ve hizmetler i\u015fg\u00fcc\u00fcn\u00fcn &#039;ini istihdam etmektedir. Ba\u015fl\u0131ca sekt\u00f6rler makine yap\u0131m\u0131, madencilik, metalurji, kimyasallar ve tekstildir. Demir cevheri ve k\u00f6m\u00fcr \u00e7\u0131karma G\u00fcney Kore&#039;yi on kat geride b\u0131rakmaktad\u0131r. A\u00e7\u0131k deniz petrol ara\u015ft\u0131rmalar\u0131 umut vadeden rezervleri ortaya \u00e7\u0131karm\u0131\u015ft\u0131r. Bir zamanlar 3.500 kooperatif ve devlet \u00e7iftli\u011fi arac\u0131l\u0131\u011f\u0131yla organize edilen tar\u0131m, 1990&#039;lardaki felaketlerden sonra kronik k\u0131tl\u0131klar ya\u015fam\u0131\u015ft\u0131r; pirin\u00e7, m\u0131s\u0131r, soya ve patates, bal\u0131k\u00e7\u0131l\u0131k ve su \u00fcr\u00fcnleri yeti\u015ftiricili\u011fi ile desteklenerek temel g\u0131da maddeleri olmaya devam etmektedir. \u00d6zel araziler ginseng, matsutake mantarlar\u0131 ve geleneksel t\u0131p i\u00e7in otlar \u00fcretmektedir.<\/p>\n\n\n\n<p>Turizm, k\u0131s\u0131tl\u0131 olsa da, b\u00fcy\u00fcyen bir alan olmu\u015ftur. W\u014fnsan&#039;daki Masikryong kayak merkezi ve k\u0131y\u0131 projeleri ziyaret\u00e7ileri \u00e7ekmeyi ama\u00e7l\u0131yor, ancak 2020-2025&#039;teki COVID-19 s\u0131n\u0131r kapatmalar\u0131 ivmeyi sekteye u\u011fratt\u0131. Bug\u00fcn, \u00fclke s\u0131k\u0131 ko\u015fullar alt\u0131nda yeniden a\u00e7\u0131lmay\u0131 hedefliyor.<\/p>\n\n\n\n<h2 class=\"wp-block-heading\">Ula\u015ft\u0131rma ve Altyap\u0131<\/h2>\n\n\n\n<p>Demiryolu hatlar\u0131 yakla\u015f\u0131k 5.200 kilometre uzunlu\u011funda olup yolcular\u0131n &#039;ini ve y\u00fcklerin &#039;s\u0131n\u0131 ta\u015f\u0131maktad\u0131r; elektrik kesintileri ve yak\u0131t k\u0131tl\u0131\u011f\u0131 s\u0131kl\u0131kla programlar\u0131 aksat\u0131r. Kaes\u014fng, Pyongyang ve Sin\u016diju&#039;yu birbirine ba\u011flayan planlanan y\u00fcksek h\u0131zl\u0131 hat 2013&#039;te onayland\u0131, ancak ilerleme belirsizli\u011fini koruyor.<\/p>\n\n\n\n<p>Yollar toplam 25.000 kilometreden uzun, ancak yaln\u0131zca y\u00fczde 3&#039;\u00fc asfaltlanm\u0131\u015f; bak\u0131m s\u0131n\u0131rl\u0131. Nehir ve deniz yollar\u0131 y\u00fck\u00fcn yaln\u0131zca y\u00fczde 2&#039;sini idare ediyor, ancak t\u00fcm limanlar buzsuz kal\u0131yor ve 158 gemiden olu\u015fan bir filo k\u0131y\u0131 ve uluslararas\u0131 rotalarda sefer yap\u0131yor. Seksen iki havaalan\u0131 ve 23 helikopter pisti \u00f6ncelikle askeri veya devlet taraf\u0131ndan i\u015fletilen Air Kory\u014f u\u00e7u\u015flar\u0131na hizmet veriyor; Pyongyang Uluslararas\u0131 Havaalan\u0131 \u00c7in veya Rusya&#039;dan gelen sivil yolcular i\u00e7in tek ge\u00e7i\u015f noktas\u0131. Bisikletler yayg\u0131n; arabalar nadir.<\/p>\n\n\n\n<h2 class=\"wp-block-heading\">G\u00fcnl\u00fck Ya\u015fam ve Mutfak<\/h2>\n\n\n\n<p>S\u0131radan yemekler pirin\u00e7, kimchi ve banch&#039;an&#039;a odaklan\u0131r; sebzeler, \u00e7orbalar ve tur\u015fular i\u00e7eren yan yemekler. Pyongyang&#039;\u0131n amiral gemisi restoran\u0131 Okryugwan, k\u0131rsal\u0131 tarayan mutfak ekipleri taraf\u0131ndan toplanan raengmy\u014fn (so\u011fuk eri\u015fte), kefal \u00e7orbas\u0131, dana kaburga yahnisi ve mevsimsel spesiyaliteleriyle \u00fcnl\u00fcd\u00fcr. Pirin\u00e7 veya m\u0131s\u0131rdan dam\u0131t\u0131lan berrak bir i\u00e7ki olan soju, geleneksel i\u00e7ki olmaya devam ediyor.<\/p>\n\n\n\n<p>Elektrik kesintileri rutinleri \u015fekillendirir: elektrik kesintileri uyar\u0131 vermeden vurabilir, sokak lambalar\u0131n\u0131 susturabilir, asans\u00f6rleri durdurabilir ve bowling salonlar\u0131ndaki m\u00fczik kutular\u0131n\u0131 durdurabilir. Ba\u015fkentin uyan\u0131k ak\u015famlar\u0131nda, karaoke odalar\u0131 1980&#039;lerin pop m\u00fczi\u011finin s\u0131ra d\u0131\u015f\u0131 versiyonlar\u0131, devlet onayl\u0131 halk \u015fark\u0131lar\u0131 ve askeri ezgilerle doludur; gizli polis dinlerken bile konuklar\u0131n co\u015fku g\u00f6stermeleri gereken durumlar. Ordu m\u00fczisyenlerinden olu\u015fan tamamen kad\u0131nlardan olu\u015fan Moranbong Band, \u00fclke \u00e7ap\u0131nda propaganda tarz\u0131 pop icra ediyor.<\/p>\n\n\n\n<h2 class=\"wp-block-heading\">Turizm: Eri\u015fim, K\u0131s\u0131tlamalar ve G\u00f6rg\u00fc Kurallar\u0131<\/h2>\n\n\n\n<p>Yabanc\u0131lar yaln\u0131zca organize turlarla girebilirler ve her zaman Korean International Travel Company veya d\u00fcnya \u00e7ap\u0131ndaki se\u00e7ili ortak acentelerin rehberleri e\u015fli\u011finde olurlar. Vizeler genellikle Pekin&#039;de al\u0131n\u0131r; pasaportlar var\u0131\u015fta kay\u0131t i\u00e7in tutulur. 2025&#039;in ba\u015flar\u0131ndan itibaren \u00e7o\u011fu Bat\u0131l\u0131 Rason \u00d6zel Ekonomik B\u00f6lgesi&#039;ni g\u00f6r\u00fcyor; t\u00fcm \u00fclkeyi kapsayan g\u00fczergahlar \u00e7o\u011funlukla Rus ziyaret\u00e7iler i\u00e7in mevcut olmaya devam ediyor.<\/p>\n\n\n\n<p>Pekin&#039;den be\u015f g\u00fcnl\u00fck bir paket i\u00e7in konaklama, yemek ve ula\u015f\u0131m\u0131 kapsayan maliyetler yakla\u015f\u0131k 1.000 ABD dolar\u0131ndan ba\u015flar. Ziyaret\u00e7iler yabanc\u0131 para getirmelidir - avro, \u00c7in renminbi veya ABD dolar\u0131 - \u00e7\u00fcnk\u00fc Kuzey Kore wonu hediyelik e\u015fya i\u015flemleri ve s\u0131n\u0131r b\u00f6lgeleriyle s\u0131n\u0131rl\u0131d\u0131r. Resmi olmayan kurlardaki d\u00f6viz, resmi de\u011ferleri b\u00fcy\u00fck \u00f6l\u00e7\u00fcde a\u015fabilir, ancak s\u0131n\u0131r \u00f6tesi won aklamak yasakt\u0131r.<\/p>\n\n\n\n<p>G\u00f6zetmenler her ad\u0131m\u0131 denetler: Ho\u015f olmayan foto\u011fraflar an\u0131nda silinmelidir; kameralar \u00e7\u0131k\u0131\u015fta aran\u0131r. Askeri personel, tesisler ve belirli an\u0131tlar (\u00f6zellikle DMZ&#039;de) yasakt\u0131r. Pyongyang&#039;da, misafirler Kim Il Sung ve Kim Jong Il&#039;in bronz heykellerinin \u00f6n\u00fcnde yerel halka ciddi sayg\u0131lar sunarlar. Yapt\u0131r\u0131m uygulanan alanlar\u0131n d\u0131\u015f\u0131na \u00e7\u0131kmak, genellikle usul\u00fcne uygun bir s\u00fcre\u00e7 olmadan g\u00f6zalt\u0131na al\u0131nmay\u0131 davet eder.<\/p>\n\n\n\n<h2 class=\"wp-block-heading\">Kentsel ve K\u0131rsal \u00d6ne \u00c7\u0131kanlar<\/h2>\n\n\n\n<p>Pyongyang vitrin olarak duruyor: Kim Il Sung Meydan\u0131 pankartlar\u0131n alt\u0131nda askeri ge\u00e7it t\u00f6renlerine ev sahipli\u011fi yap\u0131yor; B\u00fcy\u00fck Halk \u00c7al\u0131\u015fma Evi, konvey\u00f6rle getirilen otuz milyondan fazla cilt bar\u0131nd\u0131r\u0131yor. Parisli muadilinden daha uzun bir zafer tak\u0131, rejime sadakati simgeliyor. Hayvanat bah\u00e7esi, m\u00fczeler ve restoran k\u00fcmeleri, dikkatli g\u00f6zler alt\u0131nda g\u00fcnl\u00fck hayata dair ipu\u00e7lar\u0131 sunuyor.<\/p>\n\n\n\n<p>Ba\u015fkentin d\u0131\u015f\u0131nda, Kaes\u014fng Goryeo d\u00f6nemi surlar\u0131n\u0131 ve UNESCO listesindeki Kral Kongmin mezar\u0131n\u0131 korur. Kumgang ve Myohyangsan Da\u011f\u0131, sisli ormanlarda y\u00fcr\u00fcy\u00fc\u015fe \u00e7\u0131kma ve antik tap\u0131naklar\u0131 ziyaret etme izni olan ki\u015fileri kendine \u00e7eker. DMZ&#039;nin Panmunj\u014fm&#039;daki Ortak G\u00fcvenlik Alan\u0131, hem buzlu gerilim t\u00fcneli hem de donmu\u015f \u00e7at\u0131\u015fman\u0131n simgesi olmaya devam ediyor; her turda mutlaka g\u00f6r\u00fclmesi gereken bir yer.<\/p>\n\n\n\n<p>Hamh\u016dng, Ch\u014fngjin ve Namp&#039;o, nadiren s\u0131radan gezginlere a\u00e7\u0131k olan end\u00fcstriyel merkezlerdir. Kuzeydo\u011fuda, Rason \u00f6zel bir ekonomik b\u00f6lge ve kumarhane b\u00f6lgesi olarak faaliyet g\u00f6stermektedir. K\u0131sa s\u00fcre \u00f6nce s\u0131n\u0131rl\u0131 turizme a\u00e7\u0131lan W\u014fnsan, Kuzey Kore&#039;nin Masikryong&#039;daki tek kayak merkezini ve k\u0131y\u0131 manzaralar\u0131n\u0131 \u00f6ne \u00e7\u0131kar\u0131r.<\/p>\n\n\n\n<h2 class=\"wp-block-heading\">K\u00fclt\u00fcrel S\u00fcreklilikler ve Kar\u015f\u0131tl\u0131klar<\/h2>\n\n\n\n<p>Y\u00fczy\u0131llarca s\u00fcren yabanc\u0131 y\u00f6netim ve ideolojik yeniden icatlarla yumu\u015fat\u0131lm\u0131\u015f Kore k\u00fclt\u00fcr\u00fc, sanat, m\u00fczik ve folklorda kendi kimli\u011fini ortaya koyar. Resmi anlat\u0131lar, istenmeyen gelenekleri bir kenara atarken devrimci m\u00fccadeleyi ve liderlik parlakl\u0131\u011f\u0131n\u0131 kutlar. Yine de evlerde ve pazarlarda, k\u00f6yl\u00fcler as\u0131rlard\u0131r devam eden \u00e7ift\u00e7ilik y\u00f6ntemlerini s\u00fcrd\u00fcr\u00fcr, ya\u015fl\u0131lar \u015faman ilahileri f\u0131s\u0131ldar ve zanaatkarlar atalar\u0131n\u0131n rit\u00fcelleri i\u00e7in maskeler oyarlar; devletin hem dizginledi\u011fi hem de k\u0131s\u0131tlad\u0131\u011f\u0131 bir miras\u0131n yank\u0131lar\u0131.<\/p>\n\n\n\n<p>Da\u011flar\u0131 ve an\u0131tlar\u0131, planlanm\u0131\u015f fabrikalar\u0131 ve planlanmam\u0131\u015f pazarlar\u0131 i\u00e7inde Kuzey Kore \u00e7eli\u015fkiler \u00fclkesi olmaya devam ediyor. Ziyaret\u00e7iye, tam g\u00f6zetim alt\u0131nda d\u00fczenin ve ideolojiyle s\u0131n\u0131rlanm\u0131\u015f g\u00fczelli\u011fin bir g\u00f6r\u00fcnt\u00fcs\u00fcn\u00fc sunuyor. Bilgin i\u00e7in, dayan\u0131kl\u0131l\u0131k, uyum ve egemenli\u011fin tam anlam\u0131yla ilgili sorular ortaya koyuyor. Ve orada ya\u015fayanlar i\u00e7in, ev: derin tarihin, sert ger\u00e7ekli\u011fin ve g\u00fcnl\u00fck insanl\u0131\u011f\u0131n beklenmedik izlerinin oldu\u011fu bir yer.<\/p>","protected":false},"excerpt":{"rendered":"<p>Resmen Kore Demokratik Halk Cumhuriyeti (DPRK) olarak an\u0131lan Kuzey Kore, Kore Yar\u0131madas\u0131&#039;n\u0131n kuzey k\u0131sm\u0131 da dahil olmak \u00fczere Do\u011fu Asya&#039;da bulunan bir \u00fclkedir. Yakla\u015f\u0131k 25 milyonluk bir n\u00fcfusa sahip olan \u00fclkenin kuzeyinde \u00c7in ve Rusya, g\u00fcneyinde ise G\u00fcney Kore bulunmaktad\u0131r. \u00dclkenin ba\u015fkenti ve en b\u00fcy\u00fck \u015fehri, \u00fclkenin politik, ekonomik ve k\u00fclt\u00fcrel merkezi olan Pyongyang&#039;d\u0131r.<\/p>","protected":false},"author":1,"featured_media":4390,"parent":24063,"menu_order":0,"comment_status":"closed","ping_status":"closed","template":"elementor_theme","meta":{"_eb_attr":"","footnotes":""},"class_list":["post-15356","page","type-page","status-publish","has-post-thumbnail"],"_links":{"self":[{"href":"https:\/\/travelshelper.com\/tr\/wp-json\/wp\/v2\/pages\/15356","targetHints":{"allow":["GET"]}}],"collection":[{"href":"https:\/\/travelshelper.com\/tr\/wp-json\/wp\/v2\/pages"}],"about":[{"href":"https:\/\/travelshelper.com\/tr\/wp-json\/wp\/v2\/types\/page"}],"author":[{"embeddable":true,"href":"https:\/\/travelshelper.com\/tr\/wp-json\/wp\/v2\/users\/1"}],"replies":[{"embeddable":true,"href":"https:\/\/travelshelper.com\/tr\/wp-json\/wp\/v2\/comments?post=15356"}],"version-history":[{"count":0,"href":"https:\/\/travelshelper.com\/tr\/wp-json\/wp\/v2\/pages\/15356\/revisions"}],"up":[{"embeddable":true,"href":"https:\/\/travelshelper.com\/tr\/wp-json\/wp\/v2\/pages\/24063"}],"wp:featuredmedia":[{"embeddable":true,"href":"https:\/\/travelshelper.com\/tr\/wp-json\/wp\/v2\/media\/4390"}],"wp:attachment":[{"href":"https:\/\/travelshelper.com\/tr\/wp-json\/wp\/v2\/media?parent=15356"}],"curies":[{"name":"wp","href":"https:\/\/api.w.org\/{rel}","templated":true}]}}