{"id":15337,"date":"2024-09-20T22:39:43","date_gmt":"2024-09-20T22:39:43","guid":{"rendered":"https:\/\/travelshelper.com\/staging\/?page_id=15337"},"modified":"2026-03-11T18:49:44","modified_gmt":"2026-03-11T18:49:44","slug":"umman-2","status":"publish","type":"page","link":"https:\/\/travelshelper.com\/tr\/destinations\/asia\/oman\/","title":{"rendered":"Umman"},"content":{"rendered":"<p>Umman, Arap Yar\u0131madas\u0131&#039;n\u0131n g\u00fcneydo\u011fu \u00e7\u0131k\u0131nt\u0131s\u0131n\u0131 i\u015fgal eder, sinirli k\u0131y\u0131 \u015feridi kuzeydo\u011fuda Umman K\u00f6rfezi&#039;ni ve g\u00fcneydo\u011fuda daha geni\u015f Arap Denizi&#039;ni izler. Bat\u0131da Suudi Arabistan, kuzeybat\u0131 ve kuzeyde Birle\u015fik Arap Emirlikleri ve g\u00fcneybat\u0131da Yemen ile s\u0131n\u0131rlanan Sultanl\u0131\u011f\u0131n toprak dokusu, Emirati federasyonu i\u00e7inde s\u0131k\u0131\u015fm\u0131\u015f iki ada cebini de i\u00e7erir: Musandam ve Madha. H\u00fcrm\u00fcz Bo\u011faz\u0131&#039;n\u0131n \u00fczerinde y\u00fckselen Musandam, d\u00fcnyan\u0131n en stratejik deniz dar ge\u00e7itlerinden birine komuta eder; sadece yetmi\u015f k\u00fcsur kilometrekarelik Madha, kendisi de Sharjah taraf\u0131ndan kontrol edilen k\u00fc\u00e7\u00fck bir yerle\u015fim b\u00f6lgesi olan Nahwa taraf\u0131ndan delinmi\u015ftir. Bu konturlar\u0131n i\u00e7inde, \u00fclkenin 5,5 milyonluk n\u00fcfusunun neredeyse yar\u0131s\u0131n\u0131n yo\u011funla\u015ft\u0131\u011f\u0131 Umman&#039;\u0131n ba\u015fkenti ve ba\u015fl\u0131ca metropol\u00fc olan Maskat yer almaktad\u0131r. Yakla\u015f\u0131k 309.500 km\u00b2&#039;lik bir alana yay\u0131lan Umman&#039;\u0131n co\u011frafyas\u0131, \u00e7\u00f6l ovalar\u0131, engebeli da\u011flar, nemli k\u0131y\u0131lar ve ara s\u0131ra g\u00f6r\u00fclen z\u00fcmr\u00fct ye\u015fili muson cennetlerinden olu\u015fuyor.<\/p>\n\n\n\n<p>Petrol ekonomisini d\u00f6n\u00fc\u015ft\u00fcrmeden \u00e7ok \u00f6nce, Umman kaderini tuz lekeli g\u00fcvertelerde ve \u00e7\u00f6l r\u00fczgarlar\u0131nda \u00e7izmi\u015fti. 18. y\u00fczy\u0131l\u0131n ortalar\u0131na gelindi\u011finde, el-Bu Said hanedan\u0131, Hint Okyanusu ve Basra K\u00f6rfezi boyunca Portekiz ve daha sonra \u0130ngiliz n\u00fcfuzuna kar\u015f\u0131 m\u00fccadele eden bir deniz g\u00fcc\u00fc olarak ortaya \u00e7\u0131km\u0131\u015ft\u0131. 19. y\u00fczy\u0131lda zirveye ula\u015fan Umman gemileri, \u0130ran k\u0131y\u0131lar\u0131ndan Zanzibar mercanlar\u0131na kadar uzan\u0131yor, hurma, t\u00fcts\u00fc ve k\u00f6le ihra\u00e7 ediyor, baharat ve tekstil ithal ediyor ve k\u0131talara yay\u0131lan bir imparatorluk kuruyordu. Resmen s\u00f6m\u00fcrgele\u015ftirilmemi\u015f olsa da Umman, 20. y\u00fczy\u0131lda gayriresmi \u0130ngiliz himaye stat\u00fcs\u00fcne girdi ve kar\u015f\u0131l\u0131kl\u0131 \u00e7\u0131karlarla ba\u011fland\u0131: \u0130ngiltere deniz yollar\u0131n\u0131 koruyordu ve Umman, Sultan Said bin Taimur ve daha sonra Sultan Kabus bin Said y\u00f6netiminde modernle\u015fmeyi ilerletiyordu. 1970&#039;te, Qaboos babas\u0131n\u0131n tahttan indirilmesinin ard\u0131ndan tahta \u00e7\u0131kt\u0131 ve okullardan hastanelere, merkezi \u00e7\u00f6l\u00fc delen yollara kadar onlarca y\u0131ll\u0131k kurum in\u015fas\u0131n\u0131n ba\u015flang\u0131c\u0131n\u0131 yapt\u0131. Ocak 2020&#039;de \u00f6l\u00fcm\u00fcnden sonra taht, Qaboos&#039;un \u00f6zel unvan\u0131na uygun olarak, kuzeni Haitham bin Tar\u0131k&#039;a sorunsuz bir \u015fekilde ge\u00e7ti; bu, kraliyet ailesinin devaml\u0131l\u0131k konusundaki \u0131srar\u0131n\u0131n bir kan\u0131t\u0131yd\u0131.<\/p>\n\n\n\n<p>Umman, g\u00fcc\u00fcn al\u2011Bu Said ailesinin erkek soyundan geldi\u011fi mutlak bir monar\u015fidir. Sultan, belirli yerel ve ekonomik konularda dan\u0131\u015fma konseyleri bulunmas\u0131na ra\u011fmen, y\u00fcr\u00fctme, yasama ve yarg\u0131 i\u015flevlerine ba\u015fkanl\u0131k eder. Uluslararas\u0131 alanda, Umman \u00f6l\u00e7\u00fcl\u00fc bir yol izler: Birle\u015fmi\u015f Milletler, Arap Birli\u011fi, K\u00f6rfez \u0130\u015fbirli\u011fi Konseyi, Ba\u011flant\u0131s\u0131zlar Hareketi ve \u0130slam \u0130\u015fbirli\u011fi \u00d6rg\u00fct\u00fc&#039;n\u00fcn bir \u00fcyesi olarak, Do\u011fu ve Bat\u0131 ile ba\u011flar\u0131n\u0131 korur ve b\u00f6lgesel gerginlikler aras\u0131nda s\u0131kl\u0131kla gizli bir arabulucu olarak g\u00f6rev yapar.<\/p>\n\n\n\n<p>Orta Umman&#039;\u0131n b\u00fcy\u00fck k\u0131sm\u0131, yaz s\u0131cakl\u0131klar\u0131n\u0131n rutin olarak d\u00fc\u015f\u00fck 40 \u00b0C&#039;ye t\u0131rmand\u0131\u011f\u0131 ve ya\u011f\u0131\u015flar\u0131n takvimde zar zor yer ald\u0131\u011f\u0131 \u00e7ak\u0131ll\u0131 bir \u00e7\u00f6l ovas\u0131d\u0131r; Maskat y\u0131lda ortalama 100 mm civar\u0131ndad\u0131r, \u00e7o\u011fu Ocak ay\u0131ndad\u0131r. Ancak co\u011frafya n\u00fcanslar katar. Kuzey boyunca g\u00f6\u011fe y\u00fckselen Hacer Da\u011flar\u0131, ge\u00e7en bulutlardan daha fazla nem \u00e7eker, Jabal Akhdar&#039;\u0131n daha y\u00fcksek kesimlerinde y\u0131lda 400 mm&#039;nin \u00fczerinde nem g\u00f6r\u00fcl\u00fcr ve ara s\u0131ra k\u0131\u015f karlar\u0131 g\u00f6r\u00fcl\u00fcr. Daha g\u00fcneyde, Salalah \u00e7evresindeki Dhofar s\u0131rada\u011flar\u0131 her yaz Hint Okyanusu&#039;nun musonuna yenik d\u00fc\u015fer ve Haziran&#039;dan Eyl\u00fcl&#039;e kadar b\u00f6lgeyi sis ve ya\u011fmura bo\u011fan serin, sisli havay\u0131 \u00e7eker; g\u00fcnd\u00fczleri s\u0131cakl\u0131k nadiren 30 \u00b0C&#039;yi a\u015far ve tepeler ile k\u0131y\u0131 ovalar\u0131 hindistan cevizi bah\u00e7elerini ve atalar\u0131ndan kalma g\u00fcnl\u00fck a\u011fa\u00e7lar\u0131n\u0131 destekleyecek kadar ye\u015file d\u00f6ner.<\/p>\n\n\n\n<p>Umman&#039;\u0131n i\u00e7 kesimlerindeki seyrek bitki \u00f6rt\u00fcs\u00fc \u00e7\u00f6l \u00e7al\u0131l\u0131klar\u0131 ve otlar\u0131ndan olu\u015furken, Dhofar&#039;\u0131n musonla beslenen topraklar\u0131 k\u0131sa bir bereket dalgas\u0131yla \u00f6v\u00fcn\u00fcr. Hajar Da\u011flar\u0131, Arap tahr&#039;\u0131na ve di\u011fer t\u00fcrlerin da\u011f\u0131n\u0131kl\u0131\u011f\u0131na ev sahipli\u011fi yapan belirgin bir ekob\u00f6lgeye ev sahipli\u011fi yapar: leopar, da\u011f ke\u00e7isi, antilop, s\u0131rtlan, kurt ve tav\u015fan kayal\u0131klar\u0131nda dola\u015f\u0131r. Ku\u015f ya\u015fam\u0131 akbabalardan ve kartallardan g\u00f6\u00e7men leyleklere ve m\u00fccevher benzeri ar\u0131 ku\u015flar\u0131na kadar uzan\u0131r. Deniz sular\u0131 bal\u0131klarla doludur ve son y\u0131llarda Umman balina izleme olanaklar\u0131yla dikkat \u00e7ekmi\u015ftir; Arap kambur balinalar\u0131, isperme\u00e7et balinalar\u0131 ve hatta c\u00fcce mavi balinalar k\u0131y\u0131lar\u0131ndaki derin kanallar\u0131 ziyaret eder.<\/p>\n\n\n\n<p>Yine de korumac\u0131l\u0131k t\u00f6kezledi. 2007&#039;de h\u00fck\u00fcmet, petrol arama \u00e7al\u0131\u015fmalar\u0131 i\u00e7in araziyi temizlemek amac\u0131yla bir zamanlar gurur duyulan bir UNESCO alan\u0131 olan Arap Antilopu Koruma Alan\u0131&#039;n\u0131 y\u00fczde 90 oran\u0131nda k\u0131saltt\u0131 ve bu da listeden \u00e7\u0131kar\u0131lmas\u0131na yol a\u00e7t\u0131. Hayvan refah\u0131 s\u0131k\u0131nt\u0131l\u0131 olmaya devam ediyor: Hi\u00e7bir k\u0131s\u0131rla\u015ft\u0131rma veya bar\u0131nak program\u0131, genellikle vurularak itlaf edilen ba\u015f\u0131bo\u015f k\u00f6peklerle ilgilenmiyor ve kediler de ihmal ediliyor. Arap leopar\u0131, ye\u015fil deniz kaplumba\u011fas\u0131 ve Arap Antilopu gibi nesli t\u00fckenmekte olan t\u00fcrler, koruma i\u00e7in kararnamelere ba\u011fl\u0131 ancak uygulama ve kamu bilinci, h\u0131rs\u0131n gerisinde kal\u0131yor.<\/p>\n\n\n\n<p>Umman&#039;\u0131n Temel T\u00fcz\u00fc\u011f\u00fc&#039;n\u00fcn &#034;ulusal ekonominin adalete ve serbest ekonomi ilkelerine dayal\u0131 oldu\u011fu&#034; y\u00f6n\u00fcndeki h\u00fckm\u00fc, rant\u00e7\u0131 bir devletin ger\u00e7ekleriyle bir arada bulunmaktad\u0131r. Ba\u015fl\u0131ca petrol ve gaz olmak \u00fczere mineral yak\u0131tlar, 2018&#039;de ihracat de\u011ferinin y\u00fczde 80&#039;inden fazlas\u0131n\u0131 sa\u011flam\u0131\u015ft\u0131r; kan\u0131tlanm\u0131\u015f rezervler 5,5 milyar varile yak\u0131n seyrederek Umman&#039;\u0131 k\u00fcresel olarak 25. s\u0131raya yerle\u015ftirmi\u015ftir. Petrol Geli\u015ftirme Umman, \u00e7\u0131karmay\u0131 denetlerken, Enerji ve Mineraller Bakanl\u0131\u011f\u0131 altyap\u0131y\u0131 y\u00f6netir. 1980&#039;lerdeki enerji krizi sonras\u0131 geni\u015flemeler, bug\u00fcn Duqm, Sohar ve Salalah&#039;taki yeni limanlar\u0131n etraf\u0131ndaki in\u015faat patlamalar\u0131 ve 230.000 bpd&#039;ye kadar kapasiteli bir Duqm rafinerisi ve petrokimya kompleksi yakla\u015f\u0131rken bile, \u00fcretimde duraklama d\u00f6nemine girmi\u015ftir.<\/p>\n\n\n\n<p>Ancak h\u00fck\u00fcmet petrol ba\u011f\u0131ml\u0131l\u0131\u011f\u0131n\u0131n tehlikelerini uzun zamand\u0131r kabul ediyor. Turizm art\u0131k en h\u0131zl\u0131 b\u00fcy\u00fcyen sekt\u00f6r olarak y\u00fckseliyor, 2016&#039;da GSY\u0130H&#039;n\u0131n neredeyse %3&#039;\u00fcne katk\u0131da bulunuyor ve yeni hedeflere do\u011fru y\u00fckseliyor. D\u00fcnya Seyahat ve Turizm Konseyi, Umman&#039;\u0131 ekoturizm (Ras al-Jinz&#039;de deniz kaplumba\u011fas\u0131 yuvalama, Wahiba Kumlar\u0131&#039;nda \u00e7\u00f6l y\u00fcr\u00fcy\u00fc\u015f\u00fc, Musandam&#039;da fiyort benzeri manzaralar) ve Muscat, Nizwa, Bahla ve \u00f6tesindeki k\u00fclt\u00fcrel miras ile desteklenen Orta Do\u011fu&#039;nun en h\u0131zl\u0131 b\u00fcy\u00fcyen destinasyonu olarak adland\u0131rd\u0131. Tar\u0131m b\u00fcy\u00fck \u00f6l\u00e7\u00fcde ge\u00e7imlik olmaya devam ediyor, hurma (meyve \u00fcretiminin &#039;i) ve bal\u0131k (Umman&#039;\u0131n bal\u0131k t\u00fcketimi k\u00fcresel ortalaman\u0131n neredeyse iki kat\u0131) kayda de\u011fer emtialar olarak; bal\u0131k ihracat\u0131, Vietnam ve BAE&#039;ye yap\u0131lan sevkiyatlarla 2000 ile 2016 aras\u0131nda artt\u0131.<\/p>\n\n\n\n<p>Umman&#039;\u0131n n\u00fcfusu (2020 itibar\u0131yla 4,5 milyondan fazla) Maskat ve verimli Batinah k\u0131y\u0131lar\u0131nda k\u00fcmelenmi\u015ftir. Ummanl\u0131lar miraslar\u0131n\u0131, y\u00fczy\u0131llar \u00f6nce gelen Belu\u00e7 k\u00f6kenlilerin yakla\u015f\u0131k y\u00fczde 20&#039;si ile Arap kabilelerine dayand\u0131rmaktad\u0131r; Gwadar&#039;daki Belu\u00e7 topluluklar\u0131 1960&#039;lara kadar Umman&#039;\u0131n himayesi alt\u0131ndayd\u0131. Sosyal manzara, \u00fc\u00e7 kimli\u011fi (kabile ba\u011fl\u0131l\u0131\u011f\u0131, \u0130badi \u0130slam ve deniz ticareti) i\u00e7 kesimlerdeki ada kabileleri ile k\u0131y\u0131 t\u00fcccarlar\u0131 aras\u0131ndaki b\u00f6lgesel farkl\u0131l\u0131klarla i\u00e7 i\u00e7e ge\u00e7irmektedir. Do\u011furganl\u0131k oranlar\u0131 yenileme seviyelerine do\u011fru d\u00fc\u015fm\u00fc\u015ft\u00fcr (2020&#039;de 2,8) ve \u00f6ncelikle Asya ve Afrika&#039;dan gelen g\u00f6\u00e7men i\u015f\u00e7iler olmak \u00fczere gurbet\u00e7iler i\u015fg\u00fcc\u00fcn\u00fcn \u00f6nemli bir b\u00f6l\u00fcm\u00fcn\u00fc olu\u015fturmaktad\u0131r.<\/p>\n\n\n\n<p>Din, S\u00fcnni ve \u015eii \u00e7o\u011funluklardan farkl\u0131, nispeten \u0131l\u0131ml\u0131 bir kol olan \u0130badi \u0130slam&#039;da \u00e7o\u011funlu\u011fu ba\u011flar, ancak \u015eafi S\u00fcnniler ve Oniki \u0130mam \u015eiilerin de taraftarlar\u0131 vard\u0131r. M\u00fcsl\u00fcman olmayan topluluklar -Hristiyanlar, Hindular, Sihler, Budistler- b\u00fcy\u00fck \u00f6l\u00e7\u00fcde gurbet\u00e7idir ve Muscat, Sohar ve Salalah&#039;ta cemaatler olu\u015ftururlar; ba\u015fkentin metropol b\u00f6lgesinde elliden fazla Hristiyan cemaati faaliyet g\u00f6stermektedir. Arap\u00e7a leh\u00e7eleri \u00e7e\u015fitlilik g\u00f6sterir: g\u00fcneyde Dhofari Arap\u00e7as\u0131, BAE s\u0131n\u0131r\u0131na yak\u0131n K\u00f6rfez Arap\u00e7as\u0131 ve i\u00e7 kesimlerde Umman Arap\u00e7as\u0131.<\/p>\n\n\n\n<p>Umman i\u015f\u00e7ili\u011fi ve k\u0131yafetleri gelenek ve b\u00f6lgesel gururu yans\u0131t\u0131r. Erkekler, \u00e7o\u011funlukla beyaz, bazen renkli, bo\u011faz\u0131nda kokulu p\u00fcsk\u00fcl bulunan bilek hizas\u0131nda, yakas\u0131z bir elbise olan dishdasha giyerler. Resmi durumlarda, alt\u0131n veya g\u00fcm\u00fc\u015f iplikle s\u00fcslenmi\u015f bir bisht (pelerin) dishdasha&#039;y\u0131 \u00f6rtebilir. Kad\u0131nlar\u0131n k\u0131yafetleri, kandoorah tunik, i\u015flemeli kollar ve sirwal (bol pantolon) katmanlar\u0131ndan olu\u015fur ve lihaf ad\u0131 verilen bir ba\u015f \u015fal\u0131 ile tamamlan\u0131r; canl\u0131 tonlar ve elle dikilmi\u015f motifler b\u00f6lgesel stilleri belirler.<\/p>\n\n\n\n<p>Gemi yap\u0131m\u0131 bir zamanlar Sur gibi limanlar\u0131 ayakta tutuyordu, al\u2011Ghanja dhow&#039;unun yap\u0131m\u0131n\u0131n hala bir y\u0131l s\u00fcrd\u00fc\u011f\u00fc As Sunbouq ve Al Badan&#039;\u0131n yan\u0131 s\u0131ra. Zanaatkarlar g\u00fcm\u00fc\u015f eserler \u00fcretiyor - g\u00fcl suyu \u00e7alkalay\u0131c\u0131lar, &#034;Nizwa kutular\u0131&#034;, sandal a\u011fac\u0131 veya re\u00e7ine sapl\u0131 han\u00e7erler - \u00e7ar\u015f\u0131larda riyal (OMR) olarak takas edilebilir, bir riyal 1.000 baisaya e\u015fittir ve yakla\u015f\u0131k 2,6008 ABD dolar\u0131na sabitlenmi\u015ftir. Ziyaret\u00e7iler, potansiyel tarihi de\u011ferine ra\u011fmen damgalanmam\u0131\u015f eski g\u00fcm\u00fc\u015f\u00fcn resmi ger\u00e7ekli\u011finden yoksun olmas\u0131 nedeniyle silahlar\u0131 veya g\u00fcm\u00fc\u015f antikalar\u0131 ihra\u00e7 etmeden \u00f6nce g\u00fcmr\u00fck d\u00fczenlemelerini do\u011frulamal\u0131d\u0131r. Kumma i\u015flemeli \u015fapkalar, Dhofar&#039;dan gelen g\u00fcnl\u00fck ve yerel re\u00e7inelerden dam\u0131t\u0131lm\u0131\u015f Amouage parf\u00fcmleri zanaatkar paletini tamamlar.<\/p>\n\n\n\n<p>Umman mutfa\u011f\u0131 sadelik ve \u00f6z aras\u0131nda denge kurar. Pirin\u00e7 ve pide, et, bezelye ve karamelize so\u011fanla katman katman baharatl\u0131 pirin\u00e7 olan Qabuli ve iki g\u00fcne kadar yeralt\u0131nda yava\u015f pi\u015firilen kuzu eti olan shuwa gibi yemeklerin temelini olu\u015fturur. \u00c7atlam\u0131\u015f bu\u011fday ve ghee&#039;den yap\u0131lan bir lapa olan Harees ve mashuai (limonlu pirin\u00e7le \u015fi\u015fte k\u0131zart\u0131lm\u0131\u015f uskumru) gibi deniz \u00fcr\u00fcnleri spesiyaliteleri k\u0131y\u0131 bereketini yans\u0131t\u0131r. Sokak sat\u0131c\u0131lar\u0131 shawarma d\u00fcr\u00fcmleri, falafel, mishtaq (demirhindi ve chili ile \u0131zgara edilmi\u015f etler) ve misafirperverli\u011fin bir i\u015fareti olarak kahveyle servis edilen tatl\u0131, yar\u0131 kat\u0131 bir \u015fekerleme olan halwa satar.<\/p>\n\n\n\n<p>Umman&#039;a seyahat edenler yerel normlara sayg\u0131 g\u00f6stermelidir. Alkol yaln\u0131zca lisansl\u0131 otellerde ve M\u00fcsl\u00fcman olmayanlara belirli ma\u011fazalarda sunulmaktad\u0131r ve kamu t\u00fcketimi yasakt\u0131r; \u00f6zellikle perakende sat\u0131\u015f saatlerinin k\u0131sald\u0131\u011f\u0131 ve t\u00fcm g\u00fcn boyunca i\u00e7ki i\u00e7menin yasak oldu\u011fu Ramazan ay\u0131nda. M\u00fctevaz\u0131 giyinin: kad\u0131nlar\u0131n omuzlar\u0131, dizleri ve g\u00f6bekleri kapal\u0131 kalmal\u0131d\u0131r; erkekler yaln\u0131zca a\u00e7\u0131k havada veya plaj ortam\u0131nda \u015fort giyerler. E\u015fcinsellik yasad\u0131\u015f\u0131d\u0131r; LGBT ziyaret\u00e7iler i\u00e7in ihtiyat zorunludur.<\/p>\n\n\n\n<p>S\u00fcr\u00fc\u015f kendi zorluklar\u0131n\u0131 beraberinde getiriyor. Muscat&#039;ta trafik s\u0131k\u0131\u015f\u0131kl\u0131\u011f\u0131 hakimken, \u00e7\u00f6l yollar\u0131 y\u00fcksek h\u0131zlar\u0131 ve tehlikeleri davet ediyor: uyku kaynakl\u0131 kazalar, \u0131\u015f\u0131ks\u0131z ara\u00e7lar, ba\u015f\u0131bo\u015f develer. Umman&#039;daki yol \u00f6l\u00fcmleri kom\u015fu K\u00f6rfez \u00fclkelerindeki \u00f6l\u00fcmleri b\u00fcy\u00fck farkla ge\u00e7iyor; \u00f6zellikle geceleri ve vadi yollar\u0131nda dikkatli s\u00fcr\u00fc\u015f \u015fart. Pazarlarda pazarl\u0131k yapmak gelenekseldir ancak nazik olmak zorundad\u0131r; vin\u00e7ler m\u00fcezzin \u00e7a\u011fr\u0131lar\u0131 ve cuma namazlar\u0131, Ramazan Bayram\u0131 ve Kurban Bayram\u0131 gibi festivallerin yan\u0131 s\u0131ra g\u00fcnl\u00fck hayat\u0131n ritmini belirler.<\/p>\n\n\n\n<p>Umman halk\u0131 s\u0131cakl\u0131k ve misafirperverli\u011fiyle \u00fcnl\u00fcd\u00fcr. Bir\u00e7ok ziyaret\u00e7i i\u00e7in egzotik olsa da, bir g\u00fcl\u00fcmseme \u00f6l\u00e7\u00fcl\u00fc olmal\u0131d\u0131r: cinsiyete g\u00f6re ayr\u0131lm\u0131\u015f sosyal adetler, kar\u015f\u0131 cinse kar\u015f\u0131 istenmeyen s\u0131cakl\u0131\u011f\u0131n yanl\u0131\u015f yorumlanmas\u0131na neden olabilir. Bu arada, \u00e7ocuklar\u0131n bak\u0131\u015flar\u0131 genellikle yaln\u0131zca basit bir merak\u0131 ele verir. Her \u015feyden \u00f6nce, gezginler Sultan Qaboos&#039;tan ve halefinden sayg\u0131yla bahsetmeye te\u015fvik edilir. Yar\u0131m y\u00fczy\u0131ll\u0131k y\u00f6netimi, bir zamanlar dar g\u00f6r\u00fc\u015fl\u00fc bir sultanl\u0131\u011f\u0131 bug\u00fcn kar\u015f\u0131la\u015f\u0131lan modern devlete d\u00f6n\u00fc\u015ft\u00fcrd\u00fc; kamuoyunun ele\u015ftirisi nadirdir ve k\u00f6t\u00fc niyetlidir.<\/p>\n\n\n\n<p>Umman&#039;\u0131n r\u00fczg\u00e2rl\u0131 \u00e7\u00f6ller, yontulmu\u015f da\u011flar ve muson ya\u011fmurlar\u0131yla \u00f6p\u00fc\u015fm\u00fc\u015f k\u0131y\u0131lar\u0131ndan olu\u015fan manzaras\u0131, denizcilik imparatorlu\u011funun, stratejik diplomasi ve dikkatli modernizasyonun karma\u015f\u0131k tarihini yans\u0131t\u0131r. Dishdasha ve hurma a\u011fa\u00e7lar\u0131n\u0131n alt\u0131nda, Sultanl\u0131k gelenek ve reformu dengeler, petrolle beslenen refah\u0131 y\u00f6nlendirirken turizmi ve m\u00fctevaz\u0131 end\u00fcstriyi geli\u015ftirir. \u00c7ar\u015f\u0131lar\u0131 ve g\u00fcm\u00fc\u015f at\u00f6lyeleri, \u0130badi camilerinde f\u0131s\u0131ldanan dualar\u0131 ve geli\u015fen limanlar\u0131yla Umman, z\u0131tl\u0131klar\u0131n bir incelemesidir: ayn\u0131 anda hem kadim hem de ileriye d\u00f6n\u00fck, sade ve c\u00f6mert, uzak ama k\u00fcresel olarak me\u015fgul. Buraya seyahat etmek, kum ve denizin, kabile ritimlerinin ve idari d\u00fczenin etkile\u015fimine tan\u0131k olmakt\u0131r - y\u00fczy\u0131llar boyunca de\u011fi\u015fim i\u00e7inde kendi yolunu \u00e7izmi\u015f bir ulusun kan\u0131t\u0131.<\/p>","protected":false},"excerpt":{"rendered":"<p>Resmen Umman Sultanl\u0131\u011f\u0131 olarak bilinen Umman, Arap Yar\u0131madas\u0131&#039;n\u0131n g\u00fcneydo\u011fu k\u0131y\u0131s\u0131nda yer alan b\u00fcy\u00fcleyici bir \u00fclkedir. 2024 itibar\u0131yla yakla\u015f\u0131k 5,2 milyon olan bu \u00fclke, bir \u00f6nceki y\u0131la g\u00f6re kayda de\u011fer bir %2,84 art\u0131\u015f g\u00f6rd\u00fc. Ba\u015fkent ve en b\u00fcy\u00fck \u015fehir olan Maskat, bu \u00e7e\u015fitli \u00fclkenin k\u00fclt\u00fcrel ve ticari merkezini olu\u015fturur.<\/p>","protected":false},"author":1,"featured_media":4540,"parent":24063,"menu_order":0,"comment_status":"closed","ping_status":"closed","template":"elementor_theme","meta":{"_eb_attr":"","footnotes":""},"class_list":["post-15337","page","type-page","status-publish","has-post-thumbnail"],"_links":{"self":[{"href":"https:\/\/travelshelper.com\/tr\/wp-json\/wp\/v2\/pages\/15337","targetHints":{"allow":["GET"]}}],"collection":[{"href":"https:\/\/travelshelper.com\/tr\/wp-json\/wp\/v2\/pages"}],"about":[{"href":"https:\/\/travelshelper.com\/tr\/wp-json\/wp\/v2\/types\/page"}],"author":[{"embeddable":true,"href":"https:\/\/travelshelper.com\/tr\/wp-json\/wp\/v2\/users\/1"}],"replies":[{"embeddable":true,"href":"https:\/\/travelshelper.com\/tr\/wp-json\/wp\/v2\/comments?post=15337"}],"version-history":[{"count":0,"href":"https:\/\/travelshelper.com\/tr\/wp-json\/wp\/v2\/pages\/15337\/revisions"}],"up":[{"embeddable":true,"href":"https:\/\/travelshelper.com\/tr\/wp-json\/wp\/v2\/pages\/24063"}],"wp:featuredmedia":[{"embeddable":true,"href":"https:\/\/travelshelper.com\/tr\/wp-json\/wp\/v2\/media\/4540"}],"wp:attachment":[{"href":"https:\/\/travelshelper.com\/tr\/wp-json\/wp\/v2\/media?parent=15337"}],"curies":[{"name":"wp","href":"https:\/\/api.w.org\/{rel}","templated":true}]}}