{"id":15263,"date":"2024-09-20T20:27:50","date_gmt":"2024-09-20T20:27:50","guid":{"rendered":"https:\/\/travelshelper.com\/staging\/?page_id=15263"},"modified":"2026-03-11T19:11:20","modified_gmt":"2026-03-11T19:11:20","slug":"davao-sehri","status":"publish","type":"page","link":"https:\/\/travelshelper.com\/tr\/destinations\/asia\/philippines\/davao\/","title":{"rendered":"Davao \u015eehri"},"content":{"rendered":"<p>Davao \u015eehri, Filipin hayal g\u00fcc\u00fcnde paradoksal bir konuma sahiptir: muazzam ama samimi, engebeli ama modern d\u00f6n\u00fc\u015f\u00fcme haz\u0131r. Mindanao&#039;nun g\u00fcneydo\u011fu kanad\u0131nda 2.443,61 kilometrekarelik bir alana yay\u0131lm\u0131\u015f olan \u015fehir, 2020 n\u00fcfus say\u0131m\u0131na g\u00f6re yakla\u015f\u0131k 1,8 milyon n\u00fcfusa sahipken, toprak bak\u0131m\u0131ndan di\u011fer t\u00fcm Filipin \u015fehirlerini geride b\u0131rakmaktad\u0131r. \u00c7evresindeki Davao del Sur eyaletinden idari olarak farkl\u0131 olan \u015fehir, \u00fc\u00e7 kongre b\u00f6lgesine, on bir idari b\u00f6lgeye ve 182 barangay&#039;a b\u00f6l\u00fcnm\u00fc\u015ft\u00fcr, ancak Metro Davao&#039;nun ve daha geni\u015f Davao B\u00f6lgesi&#039;nin atan kalbi olarak i\u015flev g\u00f6rmektedir.<\/p>\n\n\n\n<p>Davao K\u00f6rfezi&#039;ndeki kuzeybat\u0131 k\u0131y\u0131s\u0131ndan \u015fehrin konturlar\u0131 Marilog&#039;un engebeli alanlar\u0131na do\u011fru bat\u0131ya do\u011fru istikrarl\u0131 bir \u015fekilde y\u00fckselir. Talomo Da\u011f\u0131 ve \u015fehrin g\u00fcneybat\u0131 ucunda Filipinler&#039;in en y\u00fcksek zirvesi olan Apo Da\u011f\u0131&#039;n\u0131n zirvesi ufuk \u00e7izgisine hakimdir. May\u0131s 1936&#039;da Ba\u015fkan Manuel L. Quezon taraf\u0131ndan korunan bir milli park olarak a\u00e7\u0131l\u0131\u015f\u0131 yap\u0131lan Apo Da\u011f\u0131 Milli Park\u0131, bilim insanlar\u0131n\u0131 ve macerac\u0131lar\u0131 kendine \u00e7eken ola\u011fan\u00fcst\u00fc bir dizi endemik bitki ve hayvan\u0131 korur. Bukidnon&#039;un yaylalar\u0131ndan Talomo B\u00f6lgesi&#039;nin Barangay Bucana&#039;daki a\u011fz\u0131na kadar 160 kilometre boyunca akan Davao Nehri, k\u00f6rfeze d\u00f6k\u00fclmeden \u00f6nce 1.700 kilometrekareden fazla su havzas\u0131n\u0131n ak\u0131\u015f\u0131n\u0131 toplar.<\/p>\n\n\n\n<p>Davao&#039;nun iklimi basit kategorizasyonlara meydan okuyor. Intertropical Convergence Zone, alize r\u00fczgarlar\u0131ndan daha s\u0131k ba\u015f\u0131m\u0131z\u0131n \u00fcst\u00fcnde s\u00fcr\u00fcklense de, nadir siklonlar \u015fehri ger\u00e7ek ekvatoral havan\u0131n t\u00fcm g\u00fcc\u00fcnden kurtar\u0131yor. S\u0131cakl\u0131klar y\u0131l boyunca 26 \u00b0C&#039;nin \u00fczerinde kal\u0131yor ve ya\u011fmur (ayda her zaman 77 milimetreyi a\u015f\u0131yor) yaz aylar\u0131nda en yo\u011fun haline ula\u015f\u0131yor. Tan\u0131mlanm\u0131\u015f bir kurak mevsim yok; &#034;k\u0131\u015f&#034; bile \u00f6nemli sa\u011fanak ya\u011f\u0131\u015flar getiriyor. Bu amans\u0131z nem, \u00e7evredeki tepeleri \u00f6rten ve ba\u015fka hi\u00e7bir yerde bulunmayan egzotik orkideleri (\u00f6zellikle de sayg\u0131 duyulan waling-waling) besleyen g\u00fcr bitki \u00f6rt\u00fcs\u00fcn\u00fc besliyor.<\/p>\n\n\n\n<p>Davao&#039;nun k\u00fclt\u00fcrel mozai\u011finde kentsel ve k\u0131rsal birle\u015fiyor. Sakinlerin \u00e7o\u011funlu\u011fu k\u00f6klerini Visayas&#039;a, \u00f6zellikle Cebu ve Iloilo&#039;ya dayand\u0131r\u0131yor ve demografik manzaraya hakim olan Cebuanos ve Hiligaynon konu\u015fan Ilonggos&#039;un \u00e7ekirde\u011fini olu\u015fturuyor. Tagaloglar, Kapampanganlar ve Ilocanos daha sonra geldi ve gelenek ve konu\u015fma katmanlar\u0131 ekledi. Aralar\u0131nda Giangan, Kalagan ve Tagabawa&#039;n\u0131n da bulundu\u011fu yerli Lumad gruplar\u0131, dilleri \u015fehrin ortak diliyle rekabet ederken bile atalar\u0131n\u0131n rit\u00fcellerini korumaya devam ediyor: G\u00fcnl\u00fck ortamlarda Cebuano, medyada Filipin dili ve gen\u00e7 konu\u015fmac\u0131lar aras\u0131nda Tagalog esintili Bisaya. \u0130ngilizce, okullarda ve mahkemelerde resmi ortam olmaya devam ediyor ve profesyonellere ticaret ve y\u00f6netim i\u00e7in \u00e7ok y\u00f6nl\u00fc bir ara\u00e7 sa\u011fl\u0131yor. Morolar (Maguindanaonlar, Maranaolar, Tausuglar, \u0130ranunlar ve Sama-Bajaular) \u00c7inli ve Japon Filipinli ailelerin yan\u0131 s\u0131ra Asya ve Bat\u0131&#039;dan gelen daha az say\u0131da g\u00f6\u00e7menle birlikte topluluklar\u0131n\u0131 s\u00fcrd\u00fcr\u00fcyorlar.<\/p>\n\n\n\n<p>\u0130nan\u00e7, kentsel ya\u015fam\u0131n \u00f6rg\u00fcs\u00fcn\u00fc ve \u00f6rg\u00fcs\u00fcn\u00fc olu\u015fturur. Roma Katolikleri n\u00fcfusun yakla\u015f\u0131k &#039;ini olu\u015fturur ve 1975&#039;te kurulan ve 2012&#039;den beri Ba\u015fpiskopos Romulo Valles taraf\u0131ndan y\u00f6netilen Davao Ba\u015fpiskoposlu\u011fu, g\u00fcney Mindanao&#039;daki \u00fc\u00e7 yard\u0131mc\u0131 piskoposlu\u011fu denetler. San Pedro Katedrali, Aziz Petrus&#039;a adanm\u0131\u015f hem manevi bir merkez hem de bir \u015fehir simgesi olarak durmaktad\u0131r. \u0130slam, \u015fehrin s\u0131n\u0131rlar\u0131n\u0131 \u00e7evreleyen camilere da\u011f\u0131lm\u0131\u015f inananlar\u0131n yakla\u015f\u0131k %4&#039;\u00fcn\u00fc olu\u015fturmaktad\u0131r. \u00c7e\u015fitli Hristiyan gruplar\u0131ndan olu\u015fan bir tak\u0131my\u0131ld\u0131z - Iglesia ni Cristo, \u00e7e\u015fitli Pentekostal hareketler ve ba\u011f\u0131ms\u0131z kiliseler - di\u011fer ibadethaneleri doldurmaktad\u0131r. Kenarlarda, k\u00fc\u00e7\u00fck Sih gurdwaralar\u0131, Hindu tap\u0131naklar\u0131, Budist tap\u0131naklar\u0131, sinagoglar ve animist kutsal alanlar, al\u0131\u015f\u0131lmad\u0131k inan\u00e7lar\u0131n sessizce devam etti\u011fi bir \u015fehri yans\u0131t\u0131r.<\/p>\n\n\n\n<p>Mindanao&#039;nun birincil ticari ve end\u00fcstriyel ba\u011flant\u0131 noktas\u0131 olarak Davao \u015eehri, b\u00f6lgesel ekonomiyi demirliyor. Do\u011fu Asya B\u00fcy\u00fcme Alan\u0131 giri\u015fimi, onu g\u00fc\u00e7l\u00fc geni\u015flemesiyle tan\u0131d\u0131: projeksiyonlar bir zamanlar Davao&#039;yu d\u00fcnya \u00e7ap\u0131nda en h\u0131zl\u0131 b\u00fcy\u00fcyen ilk 100 \u015fehir aras\u0131na yerle\u015ftiriyordu ve on be\u015f y\u0131l boyunca yakla\u015f\u0131k %2,53&#039;l\u00fck s\u00fcrd\u00fcr\u00fclebilir y\u0131ll\u0131k b\u00fcy\u00fcme oran\u0131na sahipti. Bu dinamizmin arkas\u0131nda, hem roll-on\/roll-off adalar aras\u0131 feribotlar\u0131 hem de konteyner trafi\u011fini idare eden, Mindanao&#039;daki en yo\u011fun liman kompleksi olan ihracata y\u00f6nelik bir liman kompleksi yat\u0131yor. Tar\u0131m, tar\u0131msal i\u015fletme ve hafif imalat, geli\u015fen turizmle birlikte geli\u015fiyor.<\/p>\n\n\n\n<p>\u015eehrin pazarlar\u0131nda, ye\u015fil kabuklu tezgahlar durian&#039;\u0131 keskin ihti\u015fam\u0131yla duyuruyor ve Davao&#039;ya &#034;Filipinler&#039;in Durian Ba\u015fkenti&#034; lakab\u0131n\u0131 kazand\u0131r\u0131yor. Ancak yerel damak tad\u0131 \u00e7ok daha \u00f6telere uzan\u0131yor; sirke, salatal\u0131k ve ac\u0131 biberle \u0131slat\u0131lm\u0131\u015f \u00e7i\u011f bal\u0131k olan kinilaw her \u00f6\u011f\u00fcnde kar\u015f\u0131m\u0131za \u00e7\u0131k\u0131yor. Sinuglaw, \u0131zgara domuz g\u00f6be\u011fini kinilaw&#039;\u0131n keskin keskinli\u011fiyle birle\u015ftiriyor. Tatl\u0131 kabuklu muzlar ve marang, rambutan, pomelo ve mangosten gibi tropikal meyveler tatl\u0131lar\u0131 ve at\u0131\u015ft\u0131rmal\u0131klar\u0131 canland\u0131r\u0131yor. Mount Apo&#039;nun verimli topraklar\u0131 sayesinde, yerel olarak yeti\u015ftirilen kahve ve di\u011fer yayla \u00fcr\u00fcnleri geleneksel ihracatlara kat\u0131larak \u00e7iftlikten sofraya farkl\u0131 bir duyarl\u0131l\u0131k olu\u015fturdu.<\/p>\n\n\n\n<p>Topluluk ya\u015fam\u0131, hem tar\u0131msal d\u00f6ng\u00fcleri hem de dini ba\u011fl\u0131l\u0131\u011f\u0131 i\u015faretleyen festivallerle nab\u0131z at\u0131yor. 1 Mart, \u015fehrin kurulu\u015f g\u00fcn\u00fc olan Araw ng Dabaw&#039;\u0131 t\u00f6renler ve toplumsal sayg\u0131larla an\u0131yor. A\u011fustos ay\u0131nda, Kadayawan kutlamalar\u0131 yerli hasat rit\u00fcellerini onurland\u0131r\u0131yor: kabile birliklerinin konvoylar\u0131 sokaklar\u0131 ge\u00e7erken, yerli danslar\u0131 ve sanat sergileri s\u00f6m\u00fcrge \u00f6ncesi zamanlar\u0131 hat\u0131rlat\u0131yor. \u00c7a\u011fda\u015f kimli\u011fi yans\u0131tan daha yeni etkinlikler ortaya \u00e7\u0131kt\u0131: Y\u0131lba\u015f\u0131 gecesi Torotot&#039;ta havai fi\u015fekler yerine parti kornalar\u0131n\u0131n ortak patlamas\u0131 duyuluyor ve 2024&#039;ten beri Haziran ay\u0131ndaki Duaw Davao Festivali e\u015fit \u00f6l\u00e7\u00fcde turizmi, San Pedro Bayram\u0131&#039;n\u0131, Onur Ay\u0131&#039;n\u0131 ve ya\u015fam tarz\u0131 giri\u015fimlerini \u00f6ne \u00e7\u0131kar\u0131yor. Aral\u0131k ay\u0131ndaki Pasko Fiesta sa Davao&#039;da her mahalleye Noel \u0131\u015f\u0131klar\u0131 ve yar\u0131\u015fmalar yay\u0131l\u0131yor.<\/p>\n\n\n\n<p>\u015eehir, m\u00fczelerde ve tarihi yerle\u015fim yerlerinde ge\u00e7mi\u015fini koruyor. Davao M\u00fczesi ve Mindanao Halk Sanatlar\u0131 M\u00fczesi, yerli tekstillerden s\u00f6m\u00fcrge d\u00f6nemi kal\u0131nt\u0131lar\u0131na kadar uzanan koleksiyonlara ev sahipli\u011fi yap\u0131yor. Tugbok B\u00f6lgesi&#039;nin Mintal mahallesinde, Japon Mezarl\u0131\u011f\u0131 ve Tap\u0131na\u011f\u0131 bulunuyor: bir zamanlar geli\u015fen ve plantasyonlar ve sava\u015f t\u00fcnelleri kuran bir Japon toplulu\u011funun sessiz an\u0131lar\u0131. Filipin-Japonya M\u00fczesi, bu k\u00fclt\u00fcrleraras\u0131 ba\u011flar\u0131 kay\u0131t alt\u0131na al\u0131yor. Davaoe\u00f1o Tarih Derne\u011fi M\u00fczesi ve da\u011f\u0131n\u0131k \u0130spanyol d\u00f6nemi \u015fapelleri gibi yerler, Davao&#039;nun karma\u015f\u0131k tarih katmanlar\u0131n\u0131 g\u00fc\u00e7lendiriyor.<\/p>\n\n\n\n<p>Koruma \u00e7abalar\u0131, \u00fclkenin ulusal ku\u015fu ve d\u00fcnyan\u0131n en b\u00fcy\u00fck kartal\u0131 olan Filipin kartal\u0131na odaklan\u0131yor. \u015eehrin yak\u0131n\u0131ndaki Filipin Kartal\u0131 Vakf\u0131 ve Do\u011fa Merkezi, yaral\u0131 ve esaret alt\u0131nda yeti\u015ftirilen y\u0131rt\u0131c\u0131 ku\u015flara bar\u0131nak sa\u011fl\u0131yor. Eden Do\u011fa Park\u0131 ve Malagos Bah\u00e7e Tesisi ziyaret\u00e7ileri orkide fidanl\u0131klar\u0131na, kelebek bah\u00e7elerine ve organik \u00e7iftliklere \u00e7ekiyor. Gap Farming Tesisi, k\u0131rsal Hinterland&#039;\u0131n kap\u0131n\u0131z\u0131n \u00f6n\u00fcndeki g\u00f6r\u00fcnt\u00fcs\u00fcn\u00fc sunarken, \u015fehir merkezindeki Halk Park\u0131, Lumad fig\u00fcrlerinin oyulmu\u015f heykellerini ve ak\u015famlar\u0131 koreografili dans eden bir \u00e7e\u015fmeyi sunuyor.<\/p>\n\n\n\n<p>Hareket\u2014insanlar\u0131n ve mallar\u0131n\u2014Davao&#039;nun b\u00fcy\u00fcmesini \u015fekillendirmi\u015ftir. \u015eehir i\u00e7inde, \u00e7ok say\u0131da taksi ve cip, g\u00fcn\u00fcn her saati seksen k\u00fcsur rotada hizmet verir; \u00fc\u00e7 tekerlekli bisikletler, daha b\u00fcy\u00fck ara\u00e7lar i\u00e7in \u00e7ok dar olan \u015feritlere do\u011fru yay\u0131l\u0131rken, taksiler Filipinler&#039;de ATM ve banka kart\u0131 \u00f6demelerini kabul eden ilk ara\u00e7lar aras\u0131ndayd\u0131, her siyah taksi GPS g\u00f6nderimine ba\u011fl\u0131yd\u0131. Otob\u00fcsler metropol\u00fc Mindanao&#039;nun ba\u015fl\u0131ca \u015fehirlerine ve \u00f6tesindeki adalara ba\u011flar, hatta kara yoluyla Manila&#039;ya ula\u015f\u0131rd\u0131.<\/p>\n\n\n\n<p>Yol projeleri trafi\u011fin t\u0131kanmas\u0131n\u0131 gidermeyi ama\u00e7l\u0131yor: Buhangin Alt Ge\u00e7idi 2003&#039;te a\u00e7\u0131ld\u0131 ve seyahat s\u00fcrelerini neredeyse yar\u0131ya indirmek i\u00e7in tasarlanan iddial\u0131 \u015fehir \u00e7evre yolu planlar\u0131 2028&#039;e ertelendi. \u00d6nerilen Davao People Mover monoray ve k\u0131y\u0131 \u015feridini erozyondan korumak i\u00e7in bir sahil yolu departman masalar\u0131nda kalmaya devam ediyor. Eyalet \u00e7ap\u0131nda bir demir yolu olan Tagum-Davao-Digos hatt\u0131, 2023&#039;te \u00c7in finansman anla\u015fmas\u0131 sona erdikten sonra finansman bekliyor. Bu arada, b\u00fcy\u00fck bir toplu ta\u015f\u0131ma modernizasyon projesi, Metro Davao&#039;da yakla\u015f\u0131k 1.000 otob\u00fcs (elektrikli k\u00f6r\u00fckl\u00fc vagonlar dahil) ve bir otob\u00fcs dura\u011f\u0131 a\u011f\u0131 sunacak.<\/p>\n\n\n\n<p>Deniz yoluyla, ilerlemeler aras\u0131nda General Santos&#039;tan Endonezya&#039;n\u0131n Bitung \u015fehrine yeni bir feribot ba\u011flant\u0131s\u0131 yer al\u0131yor ve elektronik, tar\u0131msal girdiler ve \u00fcretilen mallar\u0131n ticaretini kolayla\u015ft\u0131r\u0131yor. \u0130ki liman\u2014Sasa International ve Santa Ana Wharf\u2014gemileri k\u00f6rfezden ada var\u0131\u015f noktalar\u0131na ta\u015f\u0131yor.<\/p>\n\n\n\n<p>G\u00f6ky\u00fcz\u00fcnde, Francisco Bangoy Uluslararas\u0131 Havaalan\u0131 1966&#039;dan beri jet trafi\u011fine ev sahipli\u011fi yap\u0131yor ve Philippine Airlines o y\u0131l i\u00e7 hat jet hizmetini ba\u015flatt\u0131. Son eklemeler aras\u0131nda Quanzhou, Singapur ve Doha&#039;ya do\u011frudan ba\u011flant\u0131lar yer al\u0131yor ve Davao&#039;nun k\u00fcresel eri\u015fimini geni\u015fletiyor.<\/p>\n\n\n\n<p>Davao \u015eehri d\u00fczg\u00fcn bir kategorizasyona meydan okuyor. Hem pastoral hem de metropol, k\u00f6kl\u00fc eski geleneklere dayan\u0131yor ancak ticaret ve altyap\u0131n\u0131n yeni s\u0131n\u0131rlar\u0131n\u0131 kucakl\u0131yor. Geni\u015f k\u0131y\u0131 \u015feridi, bereketli da\u011flar\u0131 ve dillerin ve inan\u00e7lar\u0131n kentsel dokusu y\u00fczy\u0131llard\u0131r s\u00fcren g\u00f6\u00e7, ticaret ve k\u00fclt\u00fcrel al\u0131\u015fveri\u015fi anlat\u0131yor. Yerel festivaller, teknoloji destekli ula\u015f\u0131m planlar\u0131 yeni bir y\u00f6r\u00fcnge \u00e7izerken bile atalardan kalma yank\u0131larla yank\u0131lan\u0131yor. Her il\u00e7ede ve mahallede, \u015fehrin s\u00fcreklilik ve de\u011fi\u015fimi dengeleme, topraklara, nehre ve Davao&#039;yu yuva olarak adland\u0131ran insanlara ba\u011fl\u0131 kalan bir gelecek olu\u015fturma konusundaki kal\u0131c\u0131 kapasitesi hissediliyor.<\/p>","protected":false},"excerpt":{"rendered":"<p>Resmen Davao \u015eehri olarak an\u0131lan Davao \u015eehri, 2020 n\u00fcfus say\u0131m\u0131na g\u00f6re 1.776.949 n\u00fcfusuyla Filipinler&#039;in \u00fc\u00e7\u00fcnc\u00fc en kalabal\u0131k \u015fehridir. Filipinler&#039;in Davao B\u00f6lgesi&#039;nde bulunan bu olduk\u00e7a kentle\u015fmi\u015f \u015fehir, 2.443,61 kilometrekarelik geni\u015f bir alan\u0131 kaplayarak \u00fclkenin en b\u00fcy\u00fck kara par\u00e7as\u0131na sahiptir.<\/p>","protected":false},"author":1,"featured_media":2723,"parent":15241,"menu_order":0,"comment_status":"closed","ping_status":"closed","template":"elementor_theme","meta":{"_eb_attr":"","footnotes":""},"class_list":["post-15263","page","type-page","status-publish","has-post-thumbnail"],"_links":{"self":[{"href":"https:\/\/travelshelper.com\/tr\/wp-json\/wp\/v2\/pages\/15263","targetHints":{"allow":["GET"]}}],"collection":[{"href":"https:\/\/travelshelper.com\/tr\/wp-json\/wp\/v2\/pages"}],"about":[{"href":"https:\/\/travelshelper.com\/tr\/wp-json\/wp\/v2\/types\/page"}],"author":[{"embeddable":true,"href":"https:\/\/travelshelper.com\/tr\/wp-json\/wp\/v2\/users\/1"}],"replies":[{"embeddable":true,"href":"https:\/\/travelshelper.com\/tr\/wp-json\/wp\/v2\/comments?post=15263"}],"version-history":[{"count":0,"href":"https:\/\/travelshelper.com\/tr\/wp-json\/wp\/v2\/pages\/15263\/revisions"}],"up":[{"embeddable":true,"href":"https:\/\/travelshelper.com\/tr\/wp-json\/wp\/v2\/pages\/15241"}],"wp:featuredmedia":[{"embeddable":true,"href":"https:\/\/travelshelper.com\/tr\/wp-json\/wp\/v2\/media\/2723"}],"wp:attachment":[{"href":"https:\/\/travelshelper.com\/tr\/wp-json\/wp\/v2\/media?parent=15263"}],"curies":[{"name":"wp","href":"https:\/\/api.w.org\/{rel}","templated":true}]}}