{"id":15241,"date":"2024-09-20T19:44:33","date_gmt":"2024-09-20T19:44:33","guid":{"rendered":"https:\/\/travelshelper.com\/staging\/?page_id=15241"},"modified":"2026-03-11T19:15:03","modified_gmt":"2026-03-11T19:15:03","slug":"filipinler","status":"publish","type":"page","link":"https:\/\/travelshelper.com\/tr\/destinations\/asia\/philippines\/","title":{"rendered":"Filipinler"},"content":{"rendered":"<p>Filipinler, Bat\u0131 Pasifik&#039;e da\u011f\u0131lm\u0131\u015f 7.600&#039;den fazla adadan olu\u015fan bir tak\u0131mada cumhuriyetidir. Yakla\u015f\u0131k 300.000 kilometrekarelik kara k\u00fctlesi, kuzeydeki Luzon adas\u0131ndan g\u00fcneydeki Mindanao&#039;ya kadar yakla\u015f\u0131k 1.850 kilometrelik bir alan\u0131 kaplar. Bu adalar \u00fc\u00e7 ana gruba ayr\u0131l\u0131r: Luzon, Visayas ve Mindanao. \u00dclkenin toplamda 36.000 kilometreden fazla olan k\u0131y\u0131 \u015feritleri, G\u00fcney \u00c7in Denizi, Filipin Denizi ve Celebes Denizi ile \u00e7evrilidir. Deniz s\u0131n\u0131rlar\u0131 Tayvan, Japonya, Palau, Endonezya, Malezya, Vietnam ve \u00c7in&#039;i kapsar. Ba\u015fkent Manila iken, Metro Manila&#039;da bulunan Quezon City, en kalabal\u0131k \u015fehir unvan\u0131n\u0131 elinde bulundurmaktad\u0131r. 110 milyondan fazla n\u00fcfusuyla Filipinler, d\u00fcnya n\u00fcfusunda on ikinci s\u0131rada yer almaktad\u0131r.<\/p>\n\n\n\n<p>\u00dclkenin en y\u00fcksek zirvesi olan 2.954 metrelik Apo Da\u011f\u0131, g\u00fcney Mindanao&#039;nun \u00fczerinde n\u00f6bet tutuyor. Kuzey Luzon&#039;da Cagayan Nehri, Babuyan Kanal\u0131&#039;na d\u00f6k\u00fclmeden \u00f6nce 520 kilometreden fazla ak\u0131yor. Ba\u015fkentin k\u0131y\u0131lar\u0131nda bulundu\u011fu Manila K\u00f6rfezi, Pasig Nehri arac\u0131l\u0131\u011f\u0131yla tak\u0131madalar\u0131n en b\u00fcy\u00fck g\u00f6l\u00fc olan Laguna de Bay&#039;e ba\u011flan\u0131yor. Yer, her g\u00fcn kaydedilen be\u015f depremin meydana geldi\u011fi Pasifik Ate\u015f \u00c7emberi&#039;nin bat\u0131 ucunda yer al\u0131yor. Sars\u0131nt\u0131lar\u0131n \u00e7o\u011fu fark edilmese de adalar b\u00fcy\u00fck olaylar saym\u0131\u015ft\u0131r; 1976&#039;daki Moro K\u00f6rfezi depremi ve 1990 Luzon depremi bunlardan baz\u0131lar\u0131d\u0131r. Yirmi \u00fc\u00e7 yanarda\u011f aktifli\u011fini s\u00fcrd\u00fcr\u00fcyor; Mayon, Taal, Canlaon ve Bulusan patlama s\u0131kl\u0131\u011f\u0131nda ba\u015f\u0131 \u00e7ekiyor.<\/p>\n\n\n\n<p>Filipinler, sismik \u00e7alkant\u0131lar\u0131n\u0131n alt\u0131nda \u00f6nemli mineral zenginliklerine ev sahipli\u011fi yapmaktad\u0131r. Jeolojisi, G\u00fcney Afrika&#039;dan sonra ikinci s\u0131rada yer alan, bak\u0131r, paladyum, nikel, krom, molibden, platin ve \u00e7inkonun yan\u0131 s\u0131ra hen\u00fcz ke\u015ffedilmemi\u015f alt\u0131n yataklar\u0131 sunmaktad\u0131r. Ancak \u00e7evresel endi\u015feler ve toplumsal diren\u00e7, geni\u015f alanlar\u0131n geli\u015fmemi\u015f kalmas\u0131na neden olmu\u015ftur. Yer \u00fcst\u00fcnde, tak\u0131madalar gezegenin en zengin biyolojik \u00e7e\u015fitlilik merkezlerinden birini kucaklamaktad\u0131r. Ormanlar\u0131, 8.000 \u00e7i\u00e7ekli bitki ve yakla\u015f\u0131k bin orkide dahil olmak \u00fczere tahmini 13.500 bitki t\u00fcr\u00fcne (3.500 endemik) ev sahipli\u011fi yapmaktad\u0131r. Fauna say\u0131lar\u0131 20.000&#039;i a\u015fan b\u00f6cek, 686 ku\u015f t\u00fcr\u00fc ve \u00e7o\u011fu ba\u015fka hi\u00e7bir yerde bulunmayan 500&#039;den fazla s\u00fcr\u00fcngen ve memeli t\u00fcr\u00fc bulunmaktad\u0131r. Mercan \u00dc\u00e7geni i\u00e7inde yer alan deniz ekosistemleri, k\u00fcresel olarak en b\u00fcy\u00fck k\u0131y\u0131 bal\u0131\u011f\u0131 \u00e7e\u015fitlili\u011fine ve 3.200&#039;den fazla kay\u0131tl\u0131 bal\u0131k t\u00fcr\u00fcne sahiptir.<\/p>\n\n\n\n<p>Ekvatora yak\u0131n bir konumda bulunan Filipinler, \u00fc\u00e7 mevsimden olu\u015fan tropikal bir deniz iklimine sahiptir: Mart&#039;tan May\u0131s&#039;a kadar s\u0131cak ve kuru bir d\u00f6nem; Haziran&#039;dan Kas\u0131m&#039;a kadar ya\u011fmurlar; ve Aral\u0131k&#039;tan \u015eubat&#039;a kadar daha so\u011fuk ve kuru aylar. Y\u0131ll\u0131k ya\u011f\u0131\u015f miktar\u0131 b\u00fcy\u00fck \u00f6l\u00e7\u00fcde de\u011fi\u015fir; a\u00e7\u0131k do\u011fu yama\u00e7lar\u0131nda 5.000 mm&#039;ye kadar, korunakl\u0131 vadilerde 1.000 mm&#039;nin alt\u0131ndad\u0131r. Muson r\u00fczgarlar\u0131 y\u0131lda iki kez de\u011fi\u015fir: g\u00fcneybat\u0131 &#034;habagat&#034; ve kuzeydo\u011fu &#034;amihan.&#034; Her y\u0131l, yakla\u015f\u0131k on dokuz tropikal siklon Filipinler Sorumluluk Alan\u0131&#039;na girer; sekiz veya dokuzu genellikle karaya ula\u015f\u0131r. Tarihi kay\u0131tlar, en \u015fiddetli f\u0131rt\u0131nan\u0131n Temmuz 1911 ortas\u0131nda Baguio civar\u0131nda 2.210 mm ya\u011f\u0131\u015f d\u00fc\u015f\u00fcrd\u00fc\u011f\u00fcn\u00fc g\u00f6steriyor. Tak\u0131madalar\u0131n a\u015f\u0131r\u0131 hava ko\u015fullar\u0131na ve y\u00fckselen denizlere kar\u015f\u0131 savunmas\u0131zl\u0131\u011f\u0131, onu d\u00fcnyan\u0131n iklime en duyarl\u0131 \u00fclkeleri aras\u0131na yerle\u015ftiriyor.<\/p>\n\n\n\n<p>H\u00fck\u00fcmet, do\u011fal zenginliklerini korumak i\u00e7in 7,7 milyon hektardan fazla alan\u0131 kapsayan 200&#039;den fazla korunan alan belirledi. \u00dc\u00e7 alan\u2014Tubbataha Resifi, Puerto Princesa Yeralt\u0131 Nehri ve Mount Hamiguitan Yaban Hayat\u0131 Koruma Alan\u0131\u2014UNESCO D\u00fcnya Miras\u0131 stat\u00fcs\u00fcne sahiptir. Ormanland\u0131rma ve habitat restorasyonu, orman \u00f6rt\u00fcs\u00fcn\u00fc 1900&#039;de &#039;ten yirminci y\u00fczy\u0131l\u0131n sonunda &#039;nin alt\u0131na d\u00fc\u015f\u00fcren y\u00fczy\u0131llard\u0131r s\u00fcren ormans\u0131zla\u015fma ge\u00e7mi\u015fine ra\u011fmen m\u00fctevaz\u0131 bir ilerleme kaydetti.<\/p>\n\n\n\n<p>Avrupal\u0131larla temastan \u00e7ok \u00f6nce, Negritos adalarda ya\u015f\u0131yordu. Onlar\u0131n yerini, animistik inan\u00e7lar\u0131 getiren ard\u0131\u015f\u0131k Avustronezyal\u0131 denizciler ald\u0131, ard\u0131ndan g\u00fcneyde Hindu-Budist fikirler ve \u0130slam&#039;\u0131n sava\u015f\u00e7\u0131 k\u00fclt\u00fcr\u00fc geldi. Dokuzuncu y\u00fczy\u0131ldan itibaren, \u00c7in hanedanlar\u0131yla olan ticaret ba\u011flar\u0131, \u00c7inli t\u00fcccarlar\u0131n geli\u015fine ve entegrasyonuna yol a\u00e7t\u0131. 1543&#039;te, \u0130spanyol denizci Ruy L\u00f3pez de Villalobos, Kastilya Kral\u0131 II. Filip&#039;in onuruna adalara &#034;Las Islas Filipinas&#034; ad\u0131n\u0131 verdi. Sonraki \u00fc\u00e7 y\u00fczy\u0131l boyunca, \u0130spanya Katolikli\u011fi bask\u0131n inan\u00e7 olarak peki\u015ftirdi ve Manila&#039;y\u0131 Asya ile Amerika aras\u0131ndaki kalyon ticaretinde bir temel ta\u015f\u0131 haline getirerek \u0130berya ve Latin Amerika&#039;dan yerle\u015fimciler \u00e7ekti.<\/p>\n\n\n\n<p>On dokuzuncu y\u00fczy\u0131l\u0131n sonlar\u0131nda, milliyet\u00e7i duygu 1896 Filipin Devrimi&#039;ne yol a\u00e7t\u0131. 1898&#039;deki \u0130spanyol-Amerikan Sava\u015f\u0131, \u0130spanya&#039;n\u0131n b\u00f6lgeyi Amerika Birle\u015fik Devletleri&#039;ne devretmesiyle sonu\u00e7land\u0131. Filipinli liderler Birinci Filipin Cumhuriyeti&#039;ni ilan ettiler, ancak Filipin-Amerikan Sava\u015f\u0131 ba\u015flad\u0131 ve tak\u0131madalar Amerikan kontrol\u00fc alt\u0131nda kald\u0131. Japon i\u015fgali, ABD g\u00fc\u00e7leri \u00fclkeyi 1945&#039;te kurtarana kadar II. D\u00fcnya Sava\u015f\u0131&#039;n\u0131 izledi. 4 Temmuz 1946&#039;da Filipinler tam ba\u011f\u0131ms\u0131zl\u0131\u011f\u0131n\u0131 kazand\u0131.<\/p>\n\n\n\n<p>Sava\u015f sonras\u0131 demokrasi, 1972&#039;den 1981&#039;e kadar s\u0131k\u0131y\u00f6netimle i\u015faretlenen Ferdinand Marcos&#039;un ba\u015fkanl\u0131\u011f\u0131 s\u0131ras\u0131nda kesintiye u\u011frad\u0131. 1986 Halk G\u00fcc\u00fc Devrimi, Marcos&#039;u kan d\u00f6k\u00fclmeden devirdi ve Be\u015finci Cumhuriyet&#039;in 1987 Anayasas\u0131&#039;na yol a\u00e7t\u0131. O zamandan beri, ulus \u00fcniter bir ba\u015fkanl\u0131k sistemini destekledi. Bununla birlikte, yoksulluk, e\u015fitsizlik ve kurumsal yolsuzluk sorunlar\u0131 devam ediyor. Tagalog, Visayan, Ilocano, Bikol ve Waray&#039;\u0131n yan\u0131 s\u0131ra Igorot ve Lumad gibi yerli topluluklar da dahil olmak \u00fczere 100&#039;den fazla etno-dil grubu var. N\u00fcfusun yakla\u015f\u0131k &#039;\u0131 k\u0131y\u0131 b\u00f6lgelerinde ve yar\u0131s\u0131ndan fazlas\u0131 kent merkezlerinde ya\u015f\u0131yor.<\/p>\n\n\n\n<p>Nominal GSY\u0130H&#039;ye g\u00f6re d\u00fcnyan\u0131n en b\u00fcy\u00fck 34. ekonomisi olan Filipin ekonomisi tar\u0131mdan hizmetlere ve \u00fcretime do\u011fru kaym\u0131\u015ft\u0131r. 2025 y\u0131l\u0131nda \u00fcretiminin 508 milyar ABD dolar\u0131 olmas\u0131 tahmin edilmektedir. \u0130\u015fg\u00fcc\u00fc kat\u0131l\u0131m\u0131 50 milyona yakla\u015f\u0131rken, i\u015fsizlik oran\u0131 y\u00fczde 3&#039;e yak\u0131nd\u0131r. Uluslararas\u0131 rezervler 100 milyar ABD dolar\u0131n\u0131 a\u015fmaktad\u0131r ve bor\u00e7-GSY\u0130H oranlar\u0131 yak\u0131n zamandaki 63,7&#039;lik zirveden yakla\u015f\u0131k y\u00fczde 60&#039;a d\u00fc\u015fm\u00fc\u015ft\u00fcr. Peso, yurti\u00e7i i\u015flemleri sabitler.<\/p>\n\n\n\n<p>\u00dclke hala net bir ithalat\u00e7\u0131 ve d\u0131\u015f bor\u00e7 ta\u015f\u0131yor. Ba\u015fl\u0131ca ihracatlar aras\u0131nda yar\u0131 iletkenler, elektrikli makineler ve elektronik bile\u015fenler bulunurken, ba\u015fl\u0131ca ithalatlar makinelerden mineral yak\u0131tlara kadar uzan\u0131yor. Tar\u0131msal ihracatlar (hindistan cevizi, muz ve ananas) d\u00fcnyan\u0131n en b\u00fcy\u00fck abaka \u00fcreticisi ve \u00f6nde gelen bir nikel cevheri ihracat\u00e7\u0131s\u0131 olarak stat\u00fcs\u00fcn\u00fc tamaml\u0131yor. 2010&#039;dan bu yana, GSY\u0130H b\u00fcy\u00fcmesi esas olarak hizmet sekt\u00f6r\u00fc taraf\u0131ndan y\u00f6nlendirilen y\u0131ll\u0131k ortalama y\u00fczde alt\u0131 ila yedi olmu\u015ftur. Ancak ekonomik kazan\u0131mlar Metro Manila \u00e7evresinde yo\u011funla\u015farak b\u00f6lgesel e\u015fitsizlikleri derinle\u015ftirmektedir. Yurtd\u0131\u015f\u0131ndaki Filipinli i\u015f\u00e7ilerden gelen para transferleri (2023&#039;te toplam 37 milyar ABD dolar\u0131n\u0131 a\u015fmaktad\u0131r) GSY\u0130H&#039;n\u0131n yakla\u015f\u0131k y\u00fczde 8,5&#039;ini olu\u015fturmaktad\u0131r. \u0130\u015f s\u00fcreci d\u0131\u015f kaynak kullan\u0131m\u0131 geli\u015fmi\u015ftir: yakla\u015f\u0131k 1,3 milyon Filipinli d\u00fcnya \u00e7ap\u0131nda \u00e7a\u011fr\u0131 merkezlerinde \u00e7al\u0131\u015fmaktad\u0131r.<\/p>\n\n\n\n<p>Karayollar\u0131, \u015fehirleraras\u0131 seyahatlerin neredeyse tamam\u0131n\u0131 ve kargo hareketinin yar\u0131s\u0131ndan fazlas\u0131n\u0131 ta\u015f\u0131r. Pan-Filipin Otoyolu b\u00fcy\u00fck adalar\u0131 birbirine ba\u011flarken, G\u00fc\u00e7l\u00fc Cumhuriyet Deniz Otoyolu otoyollar\u0131 ve feribot hatlar\u0131n\u0131 birle\u015ftirir. Simgesel cipler, otob\u00fcsler, minib\u00fcsler ve \u00fc\u00e7 tekerlekli bisikletlerle ana arterleri payla\u015f\u0131r. Kronik t\u0131kan\u0131kl\u0131k Metro Manila&#039;y\u0131 rahats\u0131z eder. Demiryolu hizmeti \u00e7o\u011funlukla Metro Manila ve yak\u0131n illerle s\u0131n\u0131rl\u0131 olup k\u0131tt\u0131r, ancak bir canland\u0131rma plan\u0131, ray uzunlu\u011funun bug\u00fcnk\u00fc 80 km&#039;nin alt\u0131ndan 240 km&#039;nin \u00fczerine \u00e7\u0131kar\u0131lmas\u0131n\u0131 \u00f6ng\u00f6rmektedir. Hava ta\u015f\u0131mac\u0131l\u0131\u011f\u0131, Ninoy Aquino Uluslararas\u0131 Havaliman\u0131 ve sekizi uluslararas\u0131 olmak \u00fczere 90 h\u00fck\u00fcmete ait havaliman\u0131 a\u011f\u0131nda yo\u011funla\u015f\u0131r. Philippine Airlines ve Cebu Pacific, i\u00e7 hat u\u00e7u\u015flar\u0131na hakimdir. Geleneksel bancalardan modern gemilere kadar deniz yoluyla yap\u0131lan ba\u011flant\u0131lar 1.800&#039;den fazla liman\u0131 birbirine ba\u011flar; Manila, Batangas, Cebu ve di\u011ferleri ASEAN Ula\u015f\u0131m A\u011f\u0131&#039;n\u0131n demirba\u015flar\u0131d\u0131r.<\/p>\n\n\n\n<p>25&#039;lik bir ortanca ya\u015f ve d\u00fc\u015fen bir b\u00fcy\u00fcme oran\u0131yla Filipinler gen\u00e7 ama kentle\u015fiyor: vatanda\u015flar\u0131n\u0131n yar\u0131s\u0131ndan fazlas\u0131 \u015fehirlerde ya\u015f\u0131yor. Yoksulluk 1985&#039;teki yakla\u015f\u0131k &#039;den 2021&#039;de yakla\u015f\u0131k &#039;e d\u00fc\u015ft\u00fc ve gelir e\u015fitsizli\u011fi 2012&#039;den beri azald\u0131. Etnik ve dilsel \u00e7e\u015fitlilik, y\u00fczy\u0131llarca s\u00fcren g\u00f6\u00e7 ve \u00e7e\u015fitli s\u00f6m\u00fcrge miraslar\u0131 taraf\u0131ndan \u015fekillendirilerek y\u00fcksek kalmaya devam ediyor.<\/p>\n\n\n\n<p>Devlet laik olmas\u0131na ra\u011fmen inan\u00e7 merkezi bir rol oynar. Filipinlilerin yakla\u015f\u0131k &#039;u Roma Katolikli\u011fine ba\u011fl\u0131d\u0131r; Protestan mezhepleri ve yerel ba\u011f\u0131ms\u0131z kiliseler Hristiyan \u00e7o\u011funlu\u011fu olu\u015fturur. \u0130slam, \u00e7o\u011funlukla S\u00fcnni, n\u00fcfusun yakla\u015f\u0131k %6&#039;s\u0131n\u0131 olu\u015fturur ve Mindanao ve biti\u015fik adalarda yo\u011funla\u015f\u0131r.<\/p>\n\n\n\n<p>Filipin sanat\u0131, yerli oymalara ve rit\u00fcel nesnelere dayan\u0131r. \u0130spanyol y\u00f6netimi dini resim ve heykel sanat\u0131n\u0131 ba\u015flatt\u0131; \u00f6nemli fig\u00fcrler aras\u0131nda retablo oymac\u0131s\u0131 Juan de los Santos ve 1821&#039;de Binondo&#039;daki ilk sanat akademisini kuran ressam Damian Domingo yer al\u0131r. Juan Luna ve F\u00e9lix Resurrecci\u00f3n Hidalgo, on dokuzuncu y\u00fczy\u0131l\u0131n sonlar\u0131nda uluslararas\u0131 be\u011feni toplad\u0131. Modernizm, 1920&#039;lerde ve 30&#039;larda Victorio Edades&#039;in eserlerinde k\u00f6k sald\u0131; Fernando Amorsolo&#039;nun pastoral sahneleri ise y\u00fczy\u0131l\u0131n ortalar\u0131ndaki manzaralar\u0131 tan\u0131mlad\u0131.<\/p>\n\n\n\n<p>Geleneksel konutlar, nipa ve bambu bahay kubo&#039;dan \u0130spanyol d\u00f6nemi kasabalar\u0131n\u0131n ta\u015f ve ah\u015fap bahay na bato&#039;suna kadar \u00e7e\u015fitlilik g\u00f6sterir. D\u00f6rd\u00fc UNESCO toplulu\u011funu olu\u015fturan depreme dayan\u0131kl\u0131 Barok kiliseler, Avrupa stillerinin yerel olarak uyarlanmas\u0131na tan\u0131kl\u0131k eder. Daniel Burnham&#039;\u0131n Amerikan d\u00f6nemi ana planlar\u0131, Manila ve Baguio&#039;nun baz\u0131 k\u0131s\u0131mlar\u0131n\u0131 \u015fekillendirerek Neoklasik h\u00fck\u00fcmet binalar\u0131 ve Art Deco tiyatrolar\u0131 tan\u0131tt\u0131.<\/p>\n\n\n\n<p>Filipin mutfa\u011f\u0131, dengeli tatl\u0131, ek\u015fi ve tuzlu tatlara y\u00f6nelik bir tercih etraf\u0131nda Malay, \u0130spanyol, \u00c7in ve Amerikan etkilerini harmanlar. Sonsuz b\u00f6lgesel farkl\u0131l\u0131klar vard\u0131r; pirin\u00e7 temel g\u0131da maddesi olmaya devam ederken, baz\u0131 g\u00fcney topluluklar\u0131nda manyok bask\u0131nd\u0131r. Adobo resmi olmayan ulusal yemek olarak servis edilir; lech\u00f3n, sinigang, pancit ve lumpia g\u00fcnl\u00fck masalar\u0131 doldurur. Tatl\u0131lar - bibingka ve suman gibi kakanin - ube ve calamansi gibi yerel malzemeler i\u00e7erir. Yemekler ka\u015f\u0131k ve \u00e7atalla yenir, ancak ellerle yemek yeme gelene\u011fi olan ortak kamayan gelene\u011fi devam eder.<\/p>\n\n\n\n<p>Filipin g\u00f6rg\u00fc kurallar\u0131 Do\u011fu Asya ve Hispanik k\u00f6kenlerini yans\u0131t\u0131r. Dolayl\u0131 ileti\u015fim hiya (utan\u00e7) ve delicadeza&#039;y\u0131 (uygunluk) onurland\u0131r\u0131rken, erkek-kad\u0131n etkile\u015fimleri nazik bir ma\u00e7oluk ta\u015f\u0131r. Ya\u015fl\u0131lar toplu ta\u015f\u0131mada sayg\u0131y\u0131 ve \u00f6ncelikli oturma hakk\u0131n\u0131 hak eder; ziyaret\u00e7iler ya\u015fl\u0131 bireylere nazik sayg\u0131 ifadeleri kullanarak hitap etmelidir. Misafirperverlik ger\u00e7ektir; s\u0131cak bir selamlama ve yerel terimlerin kullan\u0131m\u0131 -Tagalogcada po ve opo- \u00e7ok i\u015fe yarar. Ancak, zaman\u0131nda olma genellikle &#034;Filipin zaman\u0131&#034; olarak bilinen sosyal esnekli\u011fe yol a\u00e7ar.<\/p>\n\n\n\n<p>Ba\u011f\u0131rmaktan veya a\u00e7\u0131k\u00e7a y\u00fczle\u015fmekten ka\u00e7\u0131n\u0131n. Ba\u015fkas\u0131n\u0131 d\u00fczeltirken, mahremiyeti tercih edin. \u015eehirlerde ho\u015fg\u00f6r\u00fcyle kar\u015f\u0131lansa da, a\u00e7\u0131k bir \u015fekilde sevgi g\u00f6sterileri ba\u015fka yerlerde tart\u0131\u015fmal\u0131 olmaya devam ediyor. Aile ba\u011flar\u0131, ayn\u0131 \u00e7at\u0131 alt\u0131nda nesiller boyunca uzan\u0131r; akraba hakk\u0131nda k\u00f6t\u00fc konu\u015fmak, g\u00fccenmeyi davet eder.<\/p>\n\n\n\n<p>Turizm m\u00fctevaz\u0131 bir katk\u0131da bulunur - GSY\u0130H&#039;nin yakla\u015f\u0131k %5&#039;i - ancak Filipinler dalg\u0131\u00e7lar\u0131, plaj severleri ve k\u00fclt\u00fcrel gezginleri kendine \u00e7eker. Boracay, El Nido ve Coron s\u0131kl\u0131kla uluslararas\u0131 listelerin ba\u015f\u0131nda gelir; Cebu, Bohol ve Siargao g\u00fcne\u015f, s\u00f6rf ve miras sunar. Altyap\u0131 b\u00f6lgeye g\u00f6re de\u011fi\u015fir, ancak bir\u00e7ok Filipinli \u0130ngilizce konu\u015fur ve yabanc\u0131lar\u0131 geni\u015f g\u00fcl\u00fcmsemelerle kar\u015f\u0131lar. Gezginler yerel yasalara uymal\u0131, geleneklere sayg\u0131 g\u00f6stermeli ve \u00fclkenin dengesiz kar\u015f\u0131tl\u0131klar\u0131n\u0131 benimsemelidir: gayriresmi yerle\u015fim yerlerinin yan\u0131nda parlayan g\u00f6kdelenler, volkanik tepelerin aras\u0131nda sakin k\u0131y\u0131lar, canl\u0131 festivallerin ortas\u0131nda sessiz ba\u011fl\u0131l\u0131k.<\/p>\n\n\n\n<p>Her adada, her kasabada Filipinler, kara ve deniz, ge\u00e7mi\u015f ve \u015fimdi, meydan okuma ve dayan\u0131kl\u0131l\u0131k aras\u0131nda devam eden bir diyalog sunar. G\u00fcc\u00fc, f\u0131rt\u0131nalara, depremlere ve siyasetin y\u00fcklerine ra\u011fmen devam eden ortak inan\u00e7, \u015fenlik ve sessiz bir iyimserlikle birbirine ba\u011fl\u0131 insanlar\u0131n, manzaralar\u0131n ve tarihlerin melezli\u011finde yatar. Filipinler&#039;i bilmek, bir ulusun s\u00fcrekli olarak kendini yeniden in\u015fa etmesine tan\u0131k olmakt\u0131r, adadan adaya, nesilden nesile.<\/p>","protected":false},"excerpt":{"rendered":"<p>Filipinler, G\u00fcneydo\u011fu Asya&#039;da bulunan ve 7.641 adaya da\u011f\u0131lm\u0131\u015f 110 milyonu a\u015fan bir n\u00fcfusa sahip bir tak\u0131mada \u00fclkesidir. Filipinler Cumhuriyeti, yakla\u015f\u0131k 300.000 kilometrekarelik bir alan\u0131 kapsayan Bat\u0131 Pasifik Okyanusu&#039;nda stratejik bir konumda yer almaktad\u0131r. Filipin tak\u0131madalar\u0131 \u00fc\u00e7 ana co\u011frafi b\u00f6lgeden olu\u015fur: kuzeyde Luzon, merkez b\u00f6lgede Visayas ve g\u00fcneyde Mindanao. Adalar b\u00fcy\u00fck su k\u00fctleleriyle \u00e7evrilidir: bat\u0131da G\u00fcney \u00c7in Denizi, do\u011fuda Filipin Denizi ve g\u00fcneyde Celebes Denizi. Bu \u00f6zellikler \u00fclkenin deniz miras\u0131n\u0131 g\u00fc\u00e7lendirir ve \u00e7e\u015fitli bir ekosistemi destekler.<\/p>","protected":false},"author":1,"featured_media":3745,"parent":24063,"menu_order":0,"comment_status":"closed","ping_status":"closed","template":"elementor_theme","meta":{"_eb_attr":"","footnotes":""},"class_list":["post-15241","page","type-page","status-publish","has-post-thumbnail"],"_links":{"self":[{"href":"https:\/\/travelshelper.com\/tr\/wp-json\/wp\/v2\/pages\/15241","targetHints":{"allow":["GET"]}}],"collection":[{"href":"https:\/\/travelshelper.com\/tr\/wp-json\/wp\/v2\/pages"}],"about":[{"href":"https:\/\/travelshelper.com\/tr\/wp-json\/wp\/v2\/types\/page"}],"author":[{"embeddable":true,"href":"https:\/\/travelshelper.com\/tr\/wp-json\/wp\/v2\/users\/1"}],"replies":[{"embeddable":true,"href":"https:\/\/travelshelper.com\/tr\/wp-json\/wp\/v2\/comments?post=15241"}],"version-history":[{"count":0,"href":"https:\/\/travelshelper.com\/tr\/wp-json\/wp\/v2\/pages\/15241\/revisions"}],"up":[{"embeddable":true,"href":"https:\/\/travelshelper.com\/tr\/wp-json\/wp\/v2\/pages\/24063"}],"wp:featuredmedia":[{"embeddable":true,"href":"https:\/\/travelshelper.com\/tr\/wp-json\/wp\/v2\/media\/3745"}],"wp:attachment":[{"href":"https:\/\/travelshelper.com\/tr\/wp-json\/wp\/v2\/media?parent=15241"}],"curies":[{"name":"wp","href":"https:\/\/api.w.org\/{rel}","templated":true}]}}