{"id":15155,"date":"2024-09-20T16:49:54","date_gmt":"2024-09-20T16:49:54","guid":{"rendered":"https:\/\/travelshelper.com\/staging\/?page_id=15155"},"modified":"2026-03-11T13:16:04","modified_gmt":"2026-03-11T13:16:04","slug":"cakarta","status":"publish","type":"page","link":"https:\/\/travelshelper.com\/tr\/destinations\/asia\/indonesia\/jakarta\/","title":{"rendered":"Cakarta"},"content":{"rendered":"<p>Cakarta, Cava&#039;n\u0131n kuzeybat\u0131 k\u0131y\u0131s\u0131nda dar bir \u015feritte yer al\u0131r ancak 661 kilometrekarelik alan\u0131n\u0131n \u00e7ok \u00f6tesine uzanan bir varl\u0131\u011fa sahiptir. Endonezya&#039;n\u0131n \u00d6zel Ba\u015fkent B\u00f6lgesi olarak \u015fehir, ayn\u0131 anda bir eyalet, \u00fclkenin sinir merkezi ve ASEAN&#039;\u0131n diplomatik merkezi olarak hizmet vermektedir. K\u00f6kenleri d\u00f6rd\u00fcnc\u00fc y\u00fczy\u0131lda m\u00fctevaz\u0131 bir Sunda Kelapa ticaret merkezine dayan\u0131r; bug\u00fcn otuz milyondan fazla insana ev sahipli\u011fi yapan geni\u015f bir kentsel y\u0131\u011f\u0131lmay\u0131 kapsar. Ancak par\u0131ldayan kulelerinin ve \u00e7\u0131lg\u0131n temposunun alt\u0131nda, herhangi bir basit portreye direnen bir tarih, co\u011frafya, zorluk ve topluluk a\u011f\u0131 yatmaktad\u0131r. Bu makale, Cakarta&#039;n\u0131n hem bir yer hem de bir s\u00fcre\u00e7 olarak bir hesab\u0131n\u0131 sunmaktad\u0131r: ticaret ve k\u00fclt\u00fcrle g\u00fc\u00e7lendirilmi\u015f, su ve karayla \u015fekillendirilmi\u015f ve tak\u0131madalardan gelen say\u0131s\u0131z g\u00f6\u00e7menin eme\u011fiyle bir arada tutulan bir metropol.<\/p>\n\n\n\n<p>Hollanda gemileri Batavia liman\u0131na demir atmadan \u00e7ok \u00f6nce, Sunda Kelapa liman\u0131 Sunda Krall\u0131\u011f\u0131&#039;n\u0131n deniz yollar\u0131na hizmet ediyordu. Karabiber, hindistan cevizi ve kalay y\u00fckl\u00fc gemiler Sumatra, Cava ve daha geni\u015f Hint Okyanusu ticaret a\u011f\u0131 aras\u0131nda hareket ediyordu. On yedinci y\u00fczy\u0131lda, \u015fehir Hollanda Do\u011fu Hindistan \u015eirketi alt\u0131nda Batavia olarak tan\u0131nd\u0131 ve s\u00f6m\u00fcrge devletinin fiili ba\u015fkenti olarak i\u015flev g\u00f6rd\u00fc. Batavia&#039;n\u0131n kanallar, kaleler ve \u00fc\u00e7gen \u00e7at\u0131l\u0131 depolar \u015febekesi Rotterdam ve Amsterdam&#039;\u0131 yank\u0131lat\u0131yordu, ancak iklim, yemye\u015fil bitki \u00f6rt\u00fcs\u00fc ve tropikal ya\u011fmurlar ona belirgin bir karakter kazand\u0131r\u0131yordu.<\/p>\n\n\n\n<p>1949&#039;da, y\u00fczy\u0131llar s\u00fcren yabanc\u0131 egemenli\u011finden sonra \u015fehir Jakarta ad\u0131n\u0131 ald\u0131 ve yeni ba\u011f\u0131ms\u0131z Endonezya Cumhuriyeti&#039;nin ulusal ba\u015fkenti rol\u00fcn\u00fc \u00fcstlendi. Resmi stat\u00fcs\u00fc, belediyenin \u00f6zel ba\u015fkent b\u00f6lgesi ayr\u0131m\u0131na sahip bir eyalete (Daerah Khusus Ibukota Jakarta) y\u00fckseltildi\u011fi 1960&#039;ta de\u011fi\u015fti. Di\u011fer eyaletlerin aksine, Jakarta h\u00fck\u00fcmeti be\u015f kota (idari \u015fehir) ve bir kabupaten&#039;i (idari naiplik) y\u00f6netirken, Thousand Islands tak\u0131madalar\u0131 b\u00f6lgenin deniz uzant\u0131s\u0131n\u0131 olu\u015fturur.<\/p>\n\n\n\n<p>Cakarta&#039;n\u0131n s\u0131n\u0131rlar\u0131 hem il s\u0131n\u0131rlar\u0131 hem de de\u011fi\u015fen k\u0131y\u0131larla belirlenir. G\u00fcneyde ve do\u011fuda Bat\u0131 Cava, Banten ise bat\u0131 kanad\u0131n\u0131 s\u0131n\u0131rlar. A\u00e7\u0131k denizde, Cava Denizi Cakarta K\u00f6rfezi&#039;ni yalar ve il\u00e7e Lampung eyaletiyle deniz s\u0131n\u0131rlar\u0131n\u0131 payla\u015f\u0131r. Ana karas\u0131, g\u00fcneydeki Puncak yaylalar\u0131n\u0131 bo\u015faltan Ciliwung Nehri&#039;nin a\u011fz\u0131nda yer al\u0131r. \u015eehrin i\u00e7inden kuzeye do\u011fru on \u00fc\u00e7 nehir ge\u00e7er -bunlar\u0131n aras\u0131nda Angke, Pesanggrahan, Sunter ve Krukut vard\u0131r- geni\u015f bir al\u00fcvyon ovada deniz seviyesine do\u011fru birle\u015fir. Kuzey Cakarta&#039;n\u0131n \u00e7o\u011fu s\u0131f\u0131r\u0131n alt\u0131nda veya s\u0131f\u0131r rak\u0131mda yer al\u0131r ve tarihsel olarak geni\u015f batakl\u0131klarla noktalanm\u0131\u015ft\u0131r. Geri kazan\u0131lan gelgit d\u00fczl\u00fckleri apartman bloklar\u0131, depolar ve otoyollar do\u011furmu\u015ftur, ancak bu geni\u015flemenin y\u00fcksek bir maliyeti vard\u0131r.<\/p>\n\n\n\n<p>\u0130klim de\u011fi\u015fikli\u011fi ve a\u015f\u0131r\u0131 \u00e7ekilen akiferlerle ku\u015fat\u0131lm\u0131\u015f al\u00e7ak arazide, Cakarta en b\u00fcy\u00fck \u00e7evresel tehlikesiyle kar\u015f\u0131 kar\u015f\u0131yad\u0131r. A\u015f\u0131r\u0131 yeralt\u0131 suyu \u00e7ekimi, \u015fehrin b\u00fcy\u00fck bir b\u00f6l\u00fcm\u00fcn\u00fc y\u0131lda be\u015f ila on santimetrelik oranlarda \u00e7\u00f6kmeye kar\u015f\u0131 savunmas\u0131z hale getirmi\u015ftir - Kuzey Cakarta&#039;n\u0131n baz\u0131 b\u00f6lgelerinde on yedi santimetreye kadar - ve y\u00fckselen gelgitler nedeniyle k\u0131y\u0131 ta\u015fk\u0131nlar\u0131n\u0131 daha da k\u00f6t\u00fcle\u015ftirmi\u015ftir. Ya\u011f\u0131\u015fl\u0131 mevsimdeki yo\u011fun ya\u011f\u0131\u015f, t\u0131kal\u0131 drenaj kanallar\u0131yla birle\u015fince, ya\u015fam\u0131 ve ticareti aksatan ani sellere yol a\u00e7maktad\u0131r. Buna kar\u015f\u0131l\u0131k, hem deniz suyunu tutmak hem de \u00fcst\u00fcnde \u00fccretli bir yol bar\u0131nd\u0131rmak i\u00e7in tasarlanm\u0131\u015f iddial\u0131 bir &#034;garis besar&#034; halka set -halk aras\u0131nda Dev Deniz Duvar\u0131 olarak bilinir- Cakarta K\u00f6rfezi \u00e7evresinde in\u015fa edilmektedir. Tamamlay\u0131c\u0131 planlar aras\u0131nda Ciliwung ve Do\u011fu Ta\u015fk\u0131n kanallar\u0131n\u0131 birbirine ba\u011flayan yer alt\u0131 t\u00fcnelleri, Ciawi&#039;de (Bogor) yukar\u0131 ak\u0131\u015fta yeni barajlar ve y\u00f6netilen tutma havzalar\u0131 yer almaktad\u0131r. Toplu olarak, bu \u00f6nlemler suyun ilerlemesini yava\u015flatmay\u0131 ama\u00e7l\u0131yor, ancak toprak \u00e7\u00f6kmesinin alt\u0131nda yatan g\u00fc\u00e7ler \u015fehrin suyunu nas\u0131l temin etti\u011fi konusunda ayarlamalar yap\u0131lmas\u0131n\u0131 gerektiriyor. Tokyo ve \u015eanghay&#039;dan al\u0131nan dersler, yasad\u0131\u015f\u0131 pompalar\u0131 s\u0131n\u0131rlaman\u0131n ve y\u00fczey kaynaklar\u0131na ge\u00e7menin batmay\u0131 durdurabilece\u011fini g\u00f6steriyor; Cakarta&#039;n\u0131n bunu takip etmedeki ba\u015far\u0131s\u0131, temellerinin sa\u011flam kal\u0131p kalmayaca\u011f\u0131n\u0131 belirleyecek.<\/p>\n\n\n\n<p>Ekvatorun hemen g\u00fcneyinde yer alan Cakarta, tropikal bir muson iklimi ya\u015far. Ya\u011f\u0131\u015fl\u0131 mevsim, Ekim&#039;den May\u0131s&#039;a kadar uzan\u0131r ve Ocak ay\u0131ndaki sa\u011fanak ya\u011fmurlardan (ayl\u0131k ortalamalar 300 milimetreye yak\u0131nd\u0131r) ya\u011f\u0131\u015f\u0131n 50 milimetrenin alt\u0131na d\u00fc\u015ft\u00fc\u011f\u00fc A\u011fustos ay\u0131n\u0131n nispeten sakin d\u00f6nemine kadar de\u011fi\u015fir. \u00d6\u011fleden sonralar\u0131 Cava&#039;n\u0131n g\u00fcney yaylalar\u0131ndan ge\u00e7en nem y\u00fckl\u00fc r\u00fczgarlarla beslenen sa\u011fanak ya\u011f\u0131\u015flar, ya\u011fmurlu aylar boyunca yayg\u0131nd\u0131r. S\u0131cakl\u0131klar g\u00fcnd\u00fczleri 32 \u00b0C civar\u0131nda seyreder ve geceleri 20&#039;li derecelerin ortalar\u0131na kadar d\u00fc\u015fer; u\u00e7 noktalar 19 \u00b0C civar\u0131ndaki rekor d\u00fc\u015f\u00fckler ile 38 \u00b0C&#039;ye yakla\u015fan y\u00fcksekler aras\u0131nda de\u011fi\u015fmi\u015ftir. Deniz y\u00fczeyi s\u0131cakl\u0131klar\u0131, en kurak aylarda yakla\u015f\u0131k 26,5 \u00b0C&#039;den ge\u00e7 ya\u011f\u0131\u015fl\u0131 mevsimlerde yakla\u015f\u0131k 29,5 \u00b0C&#039;ye kadar ince bir d\u00f6ng\u00fcy\u00fc takip eder. Hava kalitesi belirgin \u015fekilde de\u011fi\u015fir: A\u011fustos&#039;tan Aral\u0131k&#039;a kadar kuru aylarda kirleticiler birikir ve azalan y\u0131kama, partik\u00fcllerin ve emisyonlar\u0131n kalmas\u0131na izin verir.<\/p>\n\n\n\n<p>Jakarta&#039;n\u0131n kendisi 661,23 km\u00b2&#039;lik bir alan\u0131 kaplar, ancak etkisi Bogor, Depok, Tangerang, G\u00fcney Tangerang ve Bekasi&#039;yi i\u00e7eren B\u00fcy\u00fck Jakarta veya &#034;Jabodetabek&#034;in 7.076 km\u00b2&#039;sine yay\u0131l\u0131r. Bu megakent, 2022 itibar\u0131yla yakla\u015f\u0131k 32,6 milyon sakiniyle Tokyo&#039;dan sonra d\u00fcnyan\u0131n ikinci b\u00fcy\u00fck kentsel alan\u0131 olarak s\u0131ralan\u0131r. N\u00fcfus yo\u011funlu\u011fu merkez il\u00e7elerde kilometrekare ba\u015f\u0131na sekiz bin ki\u015fiyi a\u015far ve banliy\u00f6 b\u00f6lgelerine do\u011fru ancak kademeli olarak azal\u0131r.<\/p>\n\n\n\n<p>Cakarta, Endonezya&#039;n\u0131n etnik mozai\u011fini temsil ediyor. Hi\u00e7bir grup tek ba\u015f\u0131na \u00e7o\u011funlu\u011fu iddia etmiyor. 2010 n\u00fcfus say\u0131m\u0131na g\u00f6re, Cava halk\u0131 n\u00fcfusun yakla\u015f\u0131k &#039;s\u0131n\u0131 olu\u015fturuyor, k\u00f6kleri ard\u0131\u015f\u0131k g\u00f6\u00e7 dalgalar\u0131na dayanan bir kreol toplulu\u011fu olan Betawi halk\u0131 yakla\u015f\u0131k &#039;ini, Sunda halk\u0131 &#039;ini, \u00c7inli Endonezyal\u0131lar, Batak, Minangkabau ve di\u011ferleri geri kalan\u0131 dolduruyor. Dini ba\u011fl\u0131l\u0131k bu \u00e7e\u015fitlili\u011fi yans\u0131t\u0131yor: 2024 itibar\u0131yla \u0130slam ,8&#039;inde bask\u0131n, ard\u0131ndan Protestanlar (%8,6), Katolikler (%3,9), Budistler (%3,5), Hindular (%0,2), Konf\u00fc\u00e7y\u00fcs\u00e7\u00fcler (%0,02) ve yerel inan\u00e7lar\u0131 benimseyen az say\u0131da insan geliyor.<\/p>\n\n\n\n<p>\u015eehrin \u00e7ekicili\u011fi ekonomik umuttan oldu\u011fu kadar tarihi mirastan da kaynaklan\u0131yor. Tak\u0131madalar\u0131n d\u00f6rt bir yan\u0131ndan gelen g\u00f6\u00e7menler i\u015f, e\u011fitim ve geli\u015fmi\u015f ya\u015fam standartlar\u0131 vaadiyle geliyor. Bu demografik dinamizm, Cakarta&#039;y\u0131 Endonezya argo, mutfa\u011f\u0131 ve geleneklerinin bir potas\u0131 haline getirdi. Hollanda, Portekiz, Sunda ve Hokkien \u00f6d\u00fcn\u00e7 kelimelerle renklendirilmi\u015f Betawi Malaycas\u0131, m\u00fczik, sokak sat\u0131c\u0131lar\u0131 ve pop\u00fcler medya arac\u0131l\u0131\u011f\u0131yla iletilen ve Cakarta&#039;n\u0131n s\u0131n\u0131rlar\u0131n\u0131n \u00e7ok \u00f6tesinde yank\u0131 bulan bir kentsel leh\u00e7e olu\u015fturuyor.<\/p>\n\n\n\n<p>Jakarta&#039;n\u0131n ekonomisi hem Singapur&#039;dan sonra ASEAN&#039;\u0131n en b\u00fcy\u00fc\u011f\u00fc hem de Endonezya&#039;n\u0131n i\u00e7 GSY\u0130H&#039;sinin hayati merkezidir. 2023&#039;te sat\u0131n alma g\u00fcc\u00fc paritesi GSY\u0130H&#039;si 724 milyar ABD dolar\u0131na yakla\u015ft\u0131. \u015eehir, Bank Indonesia, Endonezya Borsas\u0131 ve \u00fclkenin ba\u015fl\u0131ca devlet i\u015fletmeleri olan Pertamina, PLN, Telkomsel&#039;in yan\u0131 s\u0131ra Salim Group, Astra International ve Sinar Mas gibi \u015firketler toplulu\u011funa ev sahipli\u011fi yapmaktad\u0131r. \u00dcretim elektronik, otomotiv bile\u015fenleri, kimyasallar ve biyomedikal bilimlerde geli\u015firken, hizmet sekt\u00f6r\u00fc bankac\u0131l\u0131k, finans, medya ve turizmi kapsar.<\/p>\n\n\n\n<p>Ki\u015fi ba\u015f\u0131na d\u00fc\u015fen b\u00f6lgesel gayri safi has\u0131la t\u0131rmanmaya devam ediyor. Japonya Ekonomik Ara\u015ft\u0131rma Merkezi&#039;nin projeksiyonlar\u0131, Cakarta&#039;n\u0131n ki\u015fi ba\u015f\u0131na d\u00fc\u015fen \u00fcretiminin 2015&#039;teki k\u0131rk birincilikten 2030&#039;a kadar 77 k\u00fcresel \u015fehir aras\u0131nda yirmi sekizincili\u011fe y\u00fckselmesini \u00f6ng\u00f6r\u00fcyor. Ceoworld Endeksi, Cakarta&#039;y\u0131 k\u00fcresel ekonomik etkide 21. s\u0131raya koydu (2020) ve Savills Dayan\u0131kl\u0131 \u015eehirler Endeksi, 2028&#039;e kadar d\u00fcnyan\u0131n en iyi yirmi \u015fehri aras\u0131nda yer alaca\u011f\u0131n\u0131 \u00f6ng\u00f6r\u00fcyor. Sadece al\u0131\u015fveri\u015f merkezleri 550 hektardan fazla alan\u0131 kapl\u0131yor; Grand Indonesia, Plaza Senayan, Pacific Place ve Mall Taman Anggrek&#039;i i\u00e7eren Avrupa b\u00fcy\u00fckl\u00fc\u011f\u00fcndeki al\u0131\u015fveri\u015f b\u00f6lgeleri. Geleneksel pazarlar hayati \u00f6nemini koruyor: Tekstil i\u00e7in Tanah Abang, antikalar i\u00e7in Jalan Surabaya, de\u011ferli ta\u015flar i\u00e7in Rawabening. 2023&#039;te gelen ziyaret\u00e7i say\u0131s\u0131 yakla\u015f\u0131k iki milyon yabanc\u0131 turiste ula\u015ft\u0131 ve Cakarta s\u0131kl\u0131kla Bali, Yogyakarta ve Komodo&#039;ya a\u00e7\u0131lan bir kap\u0131 g\u00f6revi g\u00f6rd\u00fc.<\/p>\n\n\n\n<p>Jakarta&#039;n\u0131n sil\u00fceti d\u00f6nemlerin bir palimpsestidir. S\u00f6m\u00fcrge d\u00f6nemi yap\u0131lar\u0131 Eski Kent&#039;te (Kota Tua) ve merkezi b\u00f6lgelerde k\u00fcmelenmi\u015ftir: Stadhuis (belediye binas\u0131), JC Schultze taraf\u0131ndan tasarlanan Jakarta Sanat Binas\u0131, Eduard Cuypers taraf\u0131ndan tasarlanan Mandiri ve Bank Indonesia m\u00fczeleri. Stiller Neo-R\u00f6nesans&#039;tan art deco&#039;ya do\u011fru ilerlerken, PAJ Moojen&#039;in Bouwploeg \u015firketi taraf\u0131ndan tasarlanan Menteng banliy\u00f6s\u00fc tropikal modernist planlaman\u0131n erken bir \u00f6rne\u011fidir.<\/p>\n\n\n\n<p>1960&#039;larda Ba\u015fkan Sukarno y\u00f6netimindeki an\u0131tsal projeler, in\u015fa edilmi\u015f form arac\u0131l\u0131\u011f\u0131yla ulusal kimli\u011fi geri kazanmay\u0131 ama\u00e7l\u0131yordu. Alt\u0131n bir alevle ta\u00e7land\u0131r\u0131lm\u0131\u015f 132 metrelik bir dikilita\u015f olan Ulusal An\u0131t (Monas), Merdeka Meydan\u0131&#039;n\u0131 demirliyor. Yak\u0131nlarda, destans\u0131 bir miras\u0131 \u00e7a\u011fr\u0131\u015ft\u0131ran Arjuna&#039;n\u0131n sava\u015f arabas\u0131n\u0131n bir \u00e7e\u015fme heykeli duruyor. \u0130stiklal Camii ve Cakarta Katedrali, Endonezya&#039;n\u0131n \u00e7o\u011fulculu\u011fa olan ba\u011fl\u0131l\u0131\u011f\u0131na tan\u0131kl\u0131k ederek birbirlerinin kulak mesafesinde yer al\u0131yor. Edhi Sunarso&#039;nun Selamat Datang (&#034;Ho\u015f Geldiniz&#034;) heykeli, Thamrin Caddesi&#039;ndeki Hotel Indonesia trafik kav\u015fa\u011f\u0131n\u0131 i\u015faret ediyor.<\/p>\n\n\n\n<p>Suharto ve sonraki y\u00f6netimler d\u00f6neminde, Alt\u0131n \u00dc\u00e7gen&#039;de y\u00fcksek binalar y\u00fckseldi: Wisma 46 (262 m), Autograph Tower (383 m) ve Jakarta Uluslararas\u0131 Stadyumu, di\u011ferleri aras\u0131nda. 2025&#039;e kadar, seksen sekiz kule 150 m&#039;yi a\u015ft\u0131 ve Jakarta&#039;y\u0131 k\u00fcresel olarak ilk ona yerle\u015ftirdi. Geleneksel Betawi evleri, joglo&#039;dan esinlenen \u00e7at\u0131lar\u0131 ve nangka ah\u015fap \u00e7er\u00e7eveleri hayat\u0131n \u00f6nceki ritimlerini an\u0131msatan eski kampung&#039;un ceplerinde kald\u0131.<\/p>\n\n\n\n<p>Cakarta&#039;n\u0131n ana caddeleri \u00f6zel ara\u00e7 hegemonyas\u0131n\u0131n izlerini ta\u015f\u0131yor: \u0130\u00e7 ve d\u0131\u015f \u00e7evre yollar\u0131ndan olu\u015fan bir a\u011f be\u015f \u00fccretli arter \u00fczerinden uzan\u0131rken, tam g\u00fcn t\u0131kan\u0131kl\u0131\u011f\u0131 yo\u011fun saatleri tan\u0131ml\u0131yor. &#034;Tek-\u00e7ift&#034; plaka d\u00fczeni, t\u0131kan\u0131kl\u0131\u011fa kar\u015f\u0131 ge\u00e7ici bir \u00f6nlem olarak arabalar\u0131 d\u00f6n\u00fc\u015f\u00fcml\u00fc g\u00fcnlerle s\u0131n\u0131rl\u0131yor. Yolcular\u0131 arabalardan toplu ta\u015f\u0131maya kayd\u0131rma \u00e7abalar\u0131 ilerleme sa\u011flad\u0131. 2021&#039;de k\u00fcresel S\u00fcrd\u00fcr\u00fclebilir Ula\u015f\u0131m \u00d6d\u00fcl\u00fc&#039;ne lay\u0131k g\u00f6r\u00fclen TransJakarta&#039;n\u0131n otob\u00fcs h\u0131zl\u0131 transit sistemi, MRT, LRT, KRL Commuterline, Jabodebek LRT ve havaalan\u0131 rayl\u0131 ba\u011flant\u0131s\u0131yla birlikte faaliyet g\u00f6steriyor. Eyl\u00fcl 2023 itibar\u0131yla toplu ta\u015f\u0131ma kapsam\u0131 \u015fehrin y\u00fczde seksen alt\u0131s\u0131na ula\u015ft\u0131 ve hedef y\u00fczde doksan be\u015f. Yolculuk say\u0131s\u0131 g\u00fcnl\u00fck 2,6 milyona yak\u0131n seyrediyor.<\/p>\n\n\n\n<p>Ek modlar aras\u0131nda mikro otob\u00fcsler (angkot), minib\u00fcs g\u00fczergahlar\u0131 (Minitrans, Metrotrans), bajaj oto-rik\u015falar ve uygulama tabanl\u0131 taksiler yer al\u0131yor. Pedikablar trafi\u011fi engelledi\u011fi i\u00e7in yasakland\u0131. 2021 ortas\u0131 itibar\u0131yla altm\u0131\u015f \u00fc\u00e7 kilometre olan m\u00fctevaz\u0131 bir bisiklet yolu a\u011f\u0131, planlanan y\u00fcz kilometre daha ile aktif hareketlili\u011fin benimsendi\u011finin sinyalini veriyor. Tanjung Priok&#039;taki ana liman konteyner gemileri ve feribotlar\u0131 g\u00f6nderiyor; Eski Kent&#039;teki Sunda Kelapa, hala adalar aras\u0131 rotalarda seyreden ah\u015fap pinisi gemilerini yana\u015ft\u0131r\u0131yor. Soekarno-Hatta Uluslararas\u0131 Havaalan\u0131, Cakarta&#039;y\u0131 k\u00fcresel olarak birbirine ba\u011flarken Halim Perdanakusuma ve daha k\u00fc\u00e7\u00fck havaalanlar\u0131 i\u00e7 hatlar ve \u00f6zel u\u00e7u\u015flara hizmet veriyor.<\/p>\n\n\n\n<p>Cakarta&#039;da gezinmek genellikle GPS&#039;in \u00f6tesinde stratejiler gerektirir. Bir\u00e7ok sokak uzak b\u00f6lgelerde ayn\u0131 ad\u0131 ta\u015f\u0131r; ana arterlerden \u00e7\u0131kan sokaklar sadece Roma rakamlar\u0131yla g\u00f6sterilir. &#034;Jl. Mangga Besar VIII\/21&#034; gibi bir adres, Mangga Besar Yolu&#039;ndan \u00e7\u0131kan VIII. sokaktaki 21 numaral\u0131 binay\u0131 belirtir. Yerel uygulama, yolcuya bakan bir tabelay\u0131, kav\u015faktan ziyade yakla\u015fan soka\u011f\u0131 adland\u0131r\u0131yormu\u015f gibi ele al\u0131r. Kap\u0131l\u0131 kompleks k\u00fcmeleri bu mant\u0131\u011f\u0131 \u00e7i\u011fneyebilir ve posta kodunun yan\u0131 s\u0131ra konut alan\u0131 hakk\u0131nda bilgi gerektirebilir. \u015e\u00fcpheye d\u00fc\u015ft\u00fcklerinde, sakinler d\u00f6n\u00fcm noktalar\u0131na g\u00fcvenir: reklam panolar\u0131, \u00e7it renkleri, belirgin binalar veya yerel rotalar\u0131 kampung \u015feritlerinin a\u011f\u0131n\u0131 ge\u00e7en ojek (motosiklet-taksi) s\u00fcr\u00fcc\u00fcleri.<\/p>\n\n\n\n<p>Cakarta hala bir kav\u015fakta. A\u011fustos 2019&#039;da, Ba\u015fkan Joko Widodo ulusal ba\u015fkenti Do\u011fu Kalimantan&#039;daki Nusantara&#039;ya ta\u015f\u0131ma planlar\u0131n\u0131 duyurdu. Halk Dan\u0131\u015fma Meclisi taraf\u0131ndan 18 Ocak 2022&#039;de onaylanan bu hamle, Cakarta&#039;n\u0131n idari y\u00fck\u00fcn\u00fc hafifletmeyi ve arazi kullan\u0131m\u0131, \u00e7evre ve altyap\u0131ya odaklanm\u0131\u015f yat\u0131r\u0131mlara izin vermeyi ama\u00e7l\u0131yor. Yine de h\u00fck\u00fcmet, mevcut \u015fehri &#034;kurtarmak&#034; i\u00e7in 40 milyar ABD dolar\u0131ndan fazla yat\u0131r\u0131m yapma s\u00f6z\u00fc verdi: drenaj\u0131 iyile\u015ftirmek, toplu ta\u015f\u0131may\u0131 geni\u015fletmek, yeralt\u0131 suyu \u00e7\u0131kar\u0131m\u0131n\u0131 d\u00fczenlemek ve \u00e7evre kalitesini geri kazand\u0131rmak.<\/p>\n\n\n\n<p>Bu ikili taahh\u00fct - eskisini g\u00fc\u00e7lendirirken yeni bir ba\u015fkent pe\u015finde ko\u015fmak - Cakarta&#039;n\u0131n hem ulusun merkezi hem de ya\u015fayan metropol olarak ikili kimli\u011fini yans\u0131t\u0131yor. Gelece\u011fi, b\u00fcy\u00fcmeyi dayan\u0131kl\u0131l\u0131kla uyumlu hale getirmeye ba\u011fl\u0131: yeni kuleler y\u00fckselirken bile k\u00fclt\u00fcrel miras\u0131 korumak; hareketlili\u011fi arabalar yerine kamusal modlar etraf\u0131nda \u015fekillendirmek; \u015fehrin susuzlu\u011funu s\u00fcrd\u00fcr\u00fclebilir su kaynaklar\u0131yla uyumlu hale getirmek; ve al\u00e7akta bulunan b\u00f6lgelerini de\u011fi\u015fen bir k\u0131y\u0131 \u015feridine uyarlamak. Bu hedeflere ula\u015f\u0131l\u0131rsa, Cakarta Endonezya&#039;n\u0131n vazge\u00e7ilmez merkezi olarak konumunu koruyabilir - Nusantara&#039;n\u0131n planl\u0131 d\u00fczenine huzursuz ama silinmez bir tamamlay\u0131c\u0131.<\/p>\n\n\n\n<p>Cakarta&#039;n\u0131n hikayesi katmanlardan olu\u015fur\u2014jeolojik, tarihi, sosyal ve politik. Nehirlerin denize kavu\u015ftu\u011fu, y\u00fczy\u0131llard\u0131r s\u00fcren ticaretin modern finansla harmanland\u0131\u011f\u0131 ve \u00e7e\u015fitli topluluklar\u0131n hem yerel hem de kozmopolit bir kentsel kimlik olu\u015fturdu\u011fu bir yerdir. Sokaklar\u0131 trafikle doludur, sil\u00fceti ticarete uzan\u0131r ve halk\u0131 her g\u00fcn iklimsel ve \u00e7evresel zorluklarla m\u00fccadele eder. Yine de dinlenme anlar\u0131nda\u2014Merdeka Meydan\u0131&#039;ndaki \u015fafak vakti yumu\u015fak \u0131\u015f\u0131\u011f\u0131nda, Menteng&#039;in eski bungalovlar\u0131n\u0131n g\u00f6lgeli koridorlar\u0131nda, baharat veya kuma\u015f satan bir pasar\u0131n tela\u015f\u0131nda\u2014insan, devam eden hayat\u0131n dokusunu g\u00f6r\u00fcr. Cakarta&#039;y\u0131 bilmek, \u00e7eli\u015fkilerini ve s\u00fcrekliliklerini takdir etmek, k\u0131r\u0131lganl\u0131klar\u0131n\u0131 ve g\u00fcc\u00fcn\u00fc kabul etmek ve de\u011fi\u015firken bile \u015f\u00fcphesiz kendisi olarak kald\u0131\u011f\u0131n\u0131 fark etmektir.<\/p>","protected":false},"excerpt":{"rendered":"<p>Endonezya&#039;n\u0131n ba\u015fkenti ve en kalabal\u0131k \u015fehri olan Cakarta, resmi idari s\u0131n\u0131rlar\u0131 i\u00e7inde tahmini 10,6 milyonluk n\u00fcfusuyla canl\u0131 bir metropold\u00fcr. K\u00fcresel olarak en kalabal\u0131k ada olan Cava&#039;n\u0131n kuzeybat\u0131 k\u0131y\u0131s\u0131nda stratejik bir konuma sahip olan Cakarta, Endonezya&#039;n\u0131n siyasi, ekonomik ve k\u00fclt\u00fcrel \u00e7abalar\u0131n\u0131n \u00e7ekirde\u011fi olarak i\u015flev g\u00f6rmektedir. Endonezya idari \u00e7er\u00e7evesi alt\u0131ndaki bir eyalete benzer ayr\u0131cal\u0131kl\u0131 bir stat\u00fcye sahip olan bu dinamik metropol merkezi, resmen Cakarta \u00d6zel Ba\u015fkent B\u00f6lgesi (Daerah Khusus Ibukota Jakarta veya DKI Jakarta) olarak belirlenmi\u015ftir.<\/p>","protected":false},"author":1,"featured_media":3518,"parent":15149,"menu_order":0,"comment_status":"closed","ping_status":"closed","template":"elementor_theme","meta":{"_eb_attr":"","footnotes":""},"class_list":["post-15155","page","type-page","status-publish","has-post-thumbnail"],"_links":{"self":[{"href":"https:\/\/travelshelper.com\/tr\/wp-json\/wp\/v2\/pages\/15155","targetHints":{"allow":["GET"]}}],"collection":[{"href":"https:\/\/travelshelper.com\/tr\/wp-json\/wp\/v2\/pages"}],"about":[{"href":"https:\/\/travelshelper.com\/tr\/wp-json\/wp\/v2\/types\/page"}],"author":[{"embeddable":true,"href":"https:\/\/travelshelper.com\/tr\/wp-json\/wp\/v2\/users\/1"}],"replies":[{"embeddable":true,"href":"https:\/\/travelshelper.com\/tr\/wp-json\/wp\/v2\/comments?post=15155"}],"version-history":[{"count":0,"href":"https:\/\/travelshelper.com\/tr\/wp-json\/wp\/v2\/pages\/15155\/revisions"}],"up":[{"embeddable":true,"href":"https:\/\/travelshelper.com\/tr\/wp-json\/wp\/v2\/pages\/15149"}],"wp:featuredmedia":[{"embeddable":true,"href":"https:\/\/travelshelper.com\/tr\/wp-json\/wp\/v2\/media\/3518"}],"wp:attachment":[{"href":"https:\/\/travelshelper.com\/tr\/wp-json\/wp\/v2\/media?parent=15155"}],"curies":[{"name":"wp","href":"https:\/\/api.w.org\/{rel}","templated":true}]}}