{"id":15122,"date":"2024-09-20T15:52:09","date_gmt":"2024-09-20T15:52:09","guid":{"rendered":"https:\/\/travelshelper.com\/staging\/?page_id=15122"},"modified":"2026-03-11T02:45:06","modified_gmt":"2026-03-11T02:45:06","slug":"bengaluru","status":"publish","type":"page","link":"https:\/\/travelshelper.com\/tr\/destinations\/asia\/india\/bengaluru\/","title":{"rendered":"Bengaluru"},"content":{"rendered":"<p>Bengaluru, 2006&#039;ya kadar \u0130ngilizce&#039;de Bangalore olarak bilinirdi, deniz seviyesinden yakla\u015f\u0131k 900 metre y\u00fckseklikte g\u00fcney Hindistan&#039;da bir platoda yer al\u0131r. Karnataka&#039;n\u0131n ba\u015fkenti olarak hizmet verir ve 2011 say\u0131m\u0131na g\u00f6re belediye s\u0131n\u0131rlar\u0131 i\u00e7inde yakla\u015f\u0131k 8,4 milyon sakini bar\u0131nd\u0131r\u0131yordu ve bu da onu Hindistan&#039;\u0131n \u00fc\u00e7\u00fcnc\u00fc en kalabal\u0131k \u015fehri ve g\u00fcneydeki en b\u00fcy\u00fck \u015fehir yap\u0131yordu. Daha geni\u015f metropol yerle\u015fimi o zamanlar yakla\u015f\u0131k 8,5 milyon sakine ula\u015farak \u00fclke \u00e7ap\u0131nda be\u015finci s\u0131rada yer al\u0131yordu. \u00c7o\u011funlukla d\u00fcz bir arazi olan 741 km\u00b2&#039;lik alana yay\u0131lan b\u00f6lge, b\u00fcy\u00fck Deccan Platosu&#039;nun bir par\u00e7as\u0131 olan Mysore Platosu&#039;nun kalbinde yer al\u0131r. Doddabettahalli yak\u0131nlar\u0131ndaki en y\u00fcksek rak\u0131m\u0131 962 m&#039;ye ula\u015f\u0131r; g\u00fcneyde granit ve gnays kayal\u0131k tepeler bulunur. Toprak tipleri k\u0131rm\u0131z\u0131 lateritten killi t\u0131nlara kadar de\u011fi\u015fir ve da\u011f\u0131n\u0131k su k\u00fctleleri \u00e7al\u0131l\u0131k alanlar\u0131 ve azalan ormanl\u0131k alanlar\u0131 noktalamaktad\u0131r. 1970&#039;lerin ba\u015f\u0131nda ormanl\u0131k alanlar\u0131n \u00fc\u00e7te ikisinden fazlas\u0131 ormanl\u0131kken, kentsel b\u00fcy\u00fcme bug\u00fcn a\u011fa\u00e7 \u00f6rt\u00fcs\u00fcn\u00fc y\u00fczde 15&#039;in alt\u0131na d\u00fc\u015f\u00fcrd\u00fc.<\/p>\n\n\n\n<p>Arkeoloji, insan yerle\u015fiminin M\u00d6 4000 kadar erken bir tarihte ba\u015flad\u0131\u011f\u0131n\u0131 ileri s\u00fcrmektedir. \u201cBengalooru\u201d ismi ilk olarak Nageshwara Tap\u0131na\u011f\u0131&#039;ndaki 890 CE tarihli bir Kannada yaz\u0131t\u0131nda g\u00f6r\u00fclmektedir. MS d\u00f6rd\u00fcnc\u00fc y\u00fczy\u0131ldan itibaren kontrol Bat\u0131 Ganga hanedan\u0131na, ard\u0131ndan on birinci y\u00fczy\u0131lda \u00c7olalara, ard\u0131ndan Hoysalalar ve Vijayanagara h\u00fck\u00fcmdarlar\u0131na ge\u00e7ti. 1537&#039;de Vijayanagara&#039;n\u0131n h\u00fck\u00fcmdarl\u0131\u011f\u0131 alt\u0131nda hareket eden Kempe Gowda I, s\u0131n\u0131rlar\u0131 g\u00fcn\u00fcm\u00fcz\u00fcn en eski b\u00f6lgeleri olan peteleri olu\u015fturan \u00e7amur kalesini kurdu. Vijayanagara&#039;n\u0131n \u00e7\u00f6k\u00fc\u015f\u00fcnden sonra \u00f6zerkli\u011fini ilan etti ve ard\u0131\u015f\u0131k Gowda \u015fefleri yerle\u015fimi geni\u015fletti. 1638&#039;de Bijapur Sultanl\u0131\u011f\u0131&#039;n\u0131n kuvvetleri Kempe Gowda III&#039;\u00fc yendi; \u015fehir Shahaji Bhonsle&#039;nin bir jagir&#039;i oldu. Bab\u00fcrler daha sonra kontrol\u00fc Mysore&#039;un Wodeyar hanedan\u0131na devretti. Krishnaraja Wodeyar II&#039;nin 1759&#039;da \u00f6l\u00fcm\u00fc \u00fczerine Haydar Ali iktidar\u0131 ele ge\u00e7irdi ve y\u00f6netimi o\u011flu Tipu Sultan&#039;a devretti.<\/p>\n\n\n\n<p>\u0130ngiliz kuvvetleri \u015fehri Anglo-Mysore Sava\u015flar\u0131 s\u0131ras\u0131nda ele ge\u00e7irdi. Mysore prenslik Devleti alt\u0131nda, eski petes idari \u00e7ekirdek olarak kal\u0131rken, 1809&#039;da Do\u011fu Hindistan \u015eirketi do\u011fuda bir kantonman kurdu. On dokuzuncu y\u00fczy\u0131l\u0131n sonlar\u0131na do\u011fru, iki ayr\u0131 yerle\u015fim yeri -pete ve kantonman- yan yana duruyordu. Hindistan&#039;\u0131n 1947&#039;deki ba\u011f\u0131ms\u0131zl\u0131\u011f\u0131n\u0131 takiben, bunlar 1949&#039;da tek bir belediye y\u00f6netimi alt\u0131nda birle\u015fti. \u015eehir, 1973&#039;te Karnataka olarak yeniden adland\u0131r\u0131lan Mysore Eyaletinin ba\u015fkenti ilan edildi. \u0130ngilizce kullan\u0131m\u0131nda &#034;Bangalore&#034;, eyalet h\u00fck\u00fcmeti 2006&#039;da &#034;Bengaluru&#034;ya geri d\u00f6nene kadar varl\u0131\u011f\u0131n\u0131 s\u00fcrd\u00fcrd\u00fc.<\/p>\n\n\n\n<p>\u0130klim kay\u0131tlar\u0131, Bengaluru&#039;yu a\u00e7\u0131k\u00e7a belirlenmi\u015f kuru ve ya\u011f\u0131\u015fl\u0131 mevsimlere sahip tropikal bir savan b\u00f6lgesi olarak s\u0131n\u0131fland\u0131r\u0131r. Rak\u0131m\u0131 s\u0131cakl\u0131\u011f\u0131 dengeler; yazlar\u2014Mart&#039;tan May\u0131s&#039;a\u2014bazen 35 \u00b0C&#039;yi a\u015far ancak nadiren 36 \u00b0C&#039;nin \u00fczerine \u00e7\u0131kar. Nisan ay\u0131nda ortalama en y\u00fcksek s\u0131cakl\u0131k 34,1 \u00b0C&#039;dir. Kuzeydo\u011fu ve g\u00fcneybat\u0131 musonlar\u0131 Haziran ve Eyl\u00fcl aylar\u0131 aras\u0131nda en \u00e7ok ya\u011f\u0131\u015f\u0131 getirir ve Eyl\u00fcl ay\u0131nda \u00f6\u011fleden sonra ve ak\u015fam f\u0131rt\u0131nalar\u0131yla zirveye ula\u015f\u0131r. Muson sonras\u0131 ya\u011fmurlar Ekim ve Kas\u0131m aylar\u0131nda gelir. K\u0131\u015flar Ocak ay\u0131nda gece en d\u00fc\u015f\u00fck s\u0131cakl\u0131klar\u0131 15 \u00b0C&#039;ye getirir. T\u00fcm zamanlar\u0131n en y\u00fcksek s\u0131cakl\u0131\u011f\u0131 olan 39,2 \u00b0C, 24 Nisan 2016&#039;da meydana gelirken, t\u00fcm zamanlar\u0131n en d\u00fc\u015f\u00fck s\u0131cakl\u0131\u011f\u0131 olan 7,8 \u00b0C, Ocak 1884&#039;te g\u00f6r\u00fclm\u00fc\u015ft\u00fcr. Nispeten istikrarl\u0131 bir sismik b\u00f6lgede yer almas\u0131na ra\u011fmen, 4,5 b\u00fcy\u00fckl\u00fc\u011f\u00fcne kadar depremler hissedilmi\u015ftir.<\/p>\n\n\n\n<p>2023 y\u0131l\u0131na gelindi\u011finde Bengaluru&#039;nun metropol GSY\u0130H&#039;si tahmini olarak 359,9 milyar ABD dolar\u0131na ula\u015farak Hindistan&#039;\u0131n en \u00fcretken kentsel b\u00f6lgeleri aras\u0131na girmi\u015ftir. Hizmetler \u00e7\u0131kt\u0131n\u0131n yakla\u015f\u0131k ,5&#039;ini, imalat &#039;s\u0131n\u0131 ve tar\u0131m %2,3&#039;\u00fcn\u00fc olu\u015fturmaktad\u0131r. \u015eehir, Hindistan&#039;\u0131n \u00f6nde gelen bilgi-teknoloji kompleksine ev sahipli\u011fi yaparak ona &#034;Hindistan&#039;\u0131n Silikon Vadisi&#034; lakab\u0131n\u0131 kazand\u0131rm\u0131\u015ft\u0131r. S\u0131n\u0131rlar\u0131 i\u00e7erisinde 2.000&#039;den fazla BT firmas\u0131 faaliyet g\u00f6sterirken, devlete ait \u00fcreticiler de \u00f6nemli fabrikalar i\u015fletmektedir. B\u00fcy\u00fck end\u00fcstriyel k\u00fcmeler kom\u015fu il\u00e7elere kadar uzanmakta olup, Bengaluru Kentsel, Bengaluru K\u0131rsal ve Ramanagara&#039;da toplam 7.005 km\u00b2&#039;lik metropol b\u00f6lgesi bulunmaktad\u0131r. 1985 y\u0131l\u0131nda kurulan Bangalore Metropol B\u00f6lge Kalk\u0131nma Otoritesi b\u00f6lgesel planlamay\u0131 denetlemektedir.<\/p>\n\n\n\n<p>Demografik olarak, 2011 n\u00fcfus say\u0131m\u0131nda belediye alan\u0131nda 8.443.675, kentsel y\u0131\u011f\u0131lmada ise 8.499.399 ki\u015fi kaydedildi. 2016 y\u0131l\u0131na gelindi\u011finde, y\u0131\u011f\u0131lman\u0131n yakla\u015f\u0131k 10,45 milyon oldu\u011fu tahmin ediliyor ve bu da istikrarl\u0131 i\u00e7 g\u00f6\u00e7\u00fc yans\u0131t\u0131yor. Planlanm\u0131\u015f kastlar ve kabileler n\u00fcfusun yakla\u015f\u0131k ,2&#039;sini olu\u015fturuyor. E\u015fitsizlik \u00f6l\u00e7\u00fcmleri 0,64&#039;l\u00fck bir Gini endeksi veriyor. \u015eehir sakinlerinin yakla\u015f\u0131k &#039;s\u0131, genellikle g\u00fcvenilir su ve sanitasyondan yoksun yakla\u015f\u0131k 600 gecekondu mahallesinde ya\u015f\u0131yor. Zengin ve i\u015f\u00e7i s\u0131n\u0131f\u0131 mahalleleri aras\u0131nda halk sa\u011fl\u0131\u011f\u0131 ve altyap\u0131 e\u015fitsizlikleri devam ediyor. Yine de 2020&#039;de Konut ve Kentsel \u0130\u015fler Bakanl\u0131\u011f\u0131, Bengaluru Hindistan&#039;\u0131n bir milyondan fazla n\u00fcfusu olan en ya\u015fanabilir \u015fehri olarak s\u0131ralad\u0131.<\/p>\n\n\n\n<p>Dini ba\u011fl\u0131lar \u00e7o\u011funlukla Hindular (,9 2011 itibariyle), M\u00fcsl\u00fcmanlar (,9), Hristiyanlar (%5,4) ve Jainler (%1) aras\u0131nda b\u00f6l\u00fcnm\u00fc\u015ft\u00fcr. M\u00fcsl\u00fcman topluluklar aras\u0131nda Dakhini ve Urduca konu\u015fanlar, Kutchi Memons ve Mappilas bulunur. Hristiyan gruplar, \u00e7e\u015fitli Protestan mezhepleri ve Hindistan&#039;\u0131n kuzeydo\u011fusundan gelen g\u00f6\u00e7menlerin yan\u0131 s\u0131ra Roma Katolik alt topluluklar\u0131n\u0131 (Tamil, Mangalorean ve Malayali) kapsar.<\/p>\n\n\n\n<p>Ula\u015f\u0131m altyap\u0131s\u0131 hava, demir yolu, metro, kara yolu ve otob\u00fcs a\u011flar\u0131n\u0131 kapsar. \u015eehrin ilk havaalan\u0131, Hindustan Aircraft Limited taraf\u0131ndan 1941&#039;de kurulmu\u015f ve Kempegowda Uluslararas\u0131 Havaalan\u0131&#039;n\u0131n 31 km kuzeyde Devanahalli&#039;de a\u00e7\u0131ld\u0131\u011f\u0131 2008 y\u0131l\u0131na kadar hizmet vermi\u015ftir. \u015eu anda, klimal\u0131 ekspres otob\u00fcslerle \u015fehre ba\u011flanan, yolcu hacmi bak\u0131m\u0131ndan Hindistan&#039;da \u00fc\u00e7\u00fcnc\u00fc s\u0131rada yer almaktad\u0131r. Demiryolu hizmeti 1864&#039;te Cantonment-Jolarpettai hatt\u0131yla ba\u015flad\u0131; ard\u0131\u015f\u0131k geni\u015flemeler Madras-Bangalore Mail ve Southern Railway b\u00f6lgesinin bir par\u00e7as\u0131n\u0131 olu\u015fturdu. G\u00fcn\u00fcm\u00fczde South Western Railway, Bengaluru City, Yesvantpur, Cantonment ve Baiyappanahalli dahil olmak \u00fczere on sekiz \u015fehir istasyonunu denetler. 2026 i\u00e7in bir banliy\u00f6 demiryolu a\u011f\u0131 planlanmaya devam etmektedir. Namma Metro, 2011&#039;den bu yana toplam 76,95 km&#039;lik iki hat \u00fczerinde yolcu ta\u015f\u0131m\u0131\u015ft\u0131r ve bu da Hindistan&#039;\u0131n ikinci en uzun metro sistemidir ve \u00fc\u00e7 ek hat in\u015fa halindedir.<\/p>\n\n\n\n<p>Karayollar\u0131 yakla\u015f\u0131k 14.000 km&#039;lik caddeleri i\u00e7erir. 10 km&#039;lik bir \u0130\u00e7 \u00c7evre Yolu Koramangala&#039;y\u0131 Indira Nagar&#039;a ba\u011flar; 60 km&#039;lik bir D\u0131\u015f \u00c7evre Yolu \u015fehrin \u00e7ekirde\u011fini \u00e7evreler. \u00d6nerilen 74 km&#039;lik bir \u00c7evresel \u00c7evre Yolu ana arter yollar\u0131n\u0131 birbirine ba\u011flayacakt\u0131r. \u015eehir, Ulusal Karayollar\u0131 44, 48, 75, 275, 648 ve 948 taraf\u0131ndan hizmet verilen Alt\u0131n D\u00f6rtgen otoyol a\u011f\u0131 \u00fczerinde yer almaktad\u0131r. Bengaluru-Mysuru Otoyolu Mart 2023&#039;ten beri faaliyettedir; yap\u0131m a\u015famas\u0131ndaki veya \u00f6nerilen di\u011ferleri Chennai, Pune ve Nagpur-Haydarabad koridorlar\u0131yla ba\u011flant\u0131y\u0131 iyile\u015ftirmeyi ama\u00e7lamaktad\u0131r.<\/p>\n\n\n\n<p>Metropol s\u0131n\u0131rlar\u0131 i\u00e7indeki otob\u00fcs ta\u015f\u0131mac\u0131l\u0131\u011f\u0131, 1997&#039;de kurulan Bengaluru Metropolitan Transport Corporation&#039;a aittir. 2024 y\u0131l\u0131na kadar 6.340 ara\u00e7l\u0131k bir filoyla 5.766 rotada 57.667 g\u00fcnl\u00fck sefer ger\u00e7ekle\u015ftirdi ve bunlara 1.100&#039;den fazla elektrikli otob\u00fcs ve havaliman\u0131na klimal\u0131 servisler de dahildir. Karnataka State Road Transport Corporation, Kempegowda, Shantinagar ve Mysuru Road otob\u00fcs istasyonlar\u0131ndaki b\u00fcy\u00fck depolardan \u015fehirler aras\u0131 rotalar\u0131 y\u00f6netir. Resmi a\u011flar\u0131 resmi olmayan hizmetler (minib\u00fcsler, oto-rik\u015falar, taksimetreli taksiler) tamamlar.<\/p>\n\n\n\n<p>Ara\u00e7 kay\u0131tlar\u0131 g\u00fcnde ortalama 1.530 yeni giri\u015f yap\u0131yor; 2023&#039;e kadar kentsel filo on milyona yakla\u015ft\u0131 ve bunlar\u0131n yakla\u015f\u0131k 7,5 milyonu iki tekerlekli. Planlanmam\u0131\u015f b\u00fcy\u00fcme, s\u0131k\u0131\u015f\u0131kl\u0131\u011f\u0131 ve kirlili\u011fi daha da k\u00f6t\u00fcle\u015ftirdi. \u00dcst ge\u00e7itler ve tek y\u00f6nl\u00fc sistemler s\u0131n\u0131rl\u0131 bir rahatlama sa\u011fl\u0131yor. 2016&#039;da yap\u0131lan bir ara\u015ft\u0131rma, dizel ara\u00e7lar\u0131n \u00fc\u00e7te birinden fazlas\u0131n\u0131n emisyon standartlar\u0131n\u0131 a\u015ft\u0131\u011f\u0131n\u0131 buldu.<\/p>\n\n\n\n<p>Bu zorluklara ra\u011fmen ye\u015fil alanlar varl\u0131\u011f\u0131n\u0131 s\u00fcrd\u00fcr\u00fcyor. 2024 itibar\u0131yla belediye yetkilileri 1.288 park\u0131 koruyor. 1760&#039;larda ba\u015flayan ve on dokuzuncu y\u00fczy\u0131lda 240 d\u00f6n\u00fcml\u00fck bir botanik rezervine d\u00f6n\u00fc\u015fen Lal Bagh, Kempe Gowda taraf\u0131ndan in\u015fa edilen ilkel bir gnays tepeci\u011fi ve on alt\u0131nc\u0131 y\u00fczy\u0131l sonlar\u0131na ait bir g\u00f6zetleme kulesi ile Londra&#039;daki Kristal Saray&#039;dan esinlenerek yap\u0131lm\u0131\u015f bir cam evi b\u00fcnyesinde bar\u0131nd\u0131r\u0131yor. Ulusal kutlamalarla ayn\u0131 zamana denk gelen alt\u0131 ayda bir \u00e7i\u00e7ek g\u00f6sterisine ev sahipli\u011fi yap\u0131yor. 1870&#039;ten beri \u015fehir merkezinde 300 d\u00f6n\u00fcml\u00fck bir alan\u0131 kaplayan Cubbon Park, \u015fehir akvaryumunu ve merkez k\u00fct\u00fcphaneyi i\u00e7eriyor. G\u00fcneyde yakla\u015f\u0131k 260 km\u00b2 olan Bannerghatta Milli Park\u0131 yerel yaban hayat\u0131n\u0131 korurken, eski merkez hapishanesi \u00d6zg\u00fcrl\u00fck Park\u0131 haline geldi.<\/p>\n\n\n\n<p>K\u00fclt\u00fcrel ya\u015fam, uzun s\u00fcredir var olan tek ekranl\u0131 sinemalar\u0131 (Elgin Talkies 1896&#039;da a\u00e7\u0131ld\u0131) ve daha yak\u0131n zamanda multipleks komplekslerini i\u00e7erir. \u00c7e\u015fitli t\u00fcrlerde ve dillerde tiyatro prod\u00fcksiyonlar\u0131, metropol alan\u0131ndaki mekanlarda g\u00f6r\u00fcn\u00fcr.<\/p>\n\n\n\n<p>Bengaluru iki y\u00fczy\u0131l boyunca de\u011fi\u015fen rejimleri ve h\u0131zl\u0131 kentle\u015fmeyi \u00f6z\u00fcmsedi. Manzaras\u0131 s\u00f6m\u00fcrge kantonlar\u0131, orta\u00e7a\u011f peteleri ve modern cam ve \u00e7elik kuleleri bir araya getiriyor. Il\u0131man bir iklim, ye\u015fillik cepleri ve d\u00fczensiz b\u00fcy\u00fcmenin gerginlikleri ile tan\u0131mlanmaya devam ediyor. \u0130statistiksel \u00f6l\u00e7\u00fcmler hem ekonomik a\u011f\u0131rl\u0131\u011f\u0131n\u0131 hem de sosyal ayr\u0131m\u0131n\u0131 yans\u0131t\u0131yor. Yine de kimli\u011fi, \u015fehir evrim ge\u00e7irirken bile sakinlerine daha \u00f6nceki d\u00f6nemleri hat\u0131rlatan ta\u015f yaz\u0131tlarda, surlarda ve \u00e7i\u00e7ekli a\u011fa\u00e7 korular\u0131nda varl\u0131\u011f\u0131n\u0131 s\u00fcrd\u00fcr\u00fcyor.<\/p>","protected":false},"excerpt":{"rendered":"<p>Resmi olarak Bengaluru olarak bilinen Bangalore, G\u00fcney Hindistan eyaleti Karnataka&#039;n\u0131n ba\u015fkenti ve en b\u00fcy\u00fck \u015fehridir. Deccan Platosu&#039;nda stratejik bir konuma sahip olan bu hareketli metropol, \u015fehir s\u0131n\u0131rlar\u0131 i\u00e7inde 8 milyonu a\u015fan bir n\u00fcfusa sahipken, metropol alan\u0131 yakla\u015f\u0131k 15 milyon sakini kapsamaktad\u0131r. Bu demografik g\u00fc\u00e7, Bangalore&#039;u Hindistan&#039;\u0131n kentsel manzaras\u0131n\u0131n \u00f6n saflar\u0131na ta\u015f\u0131yarak \u00fclkenin \u00fc\u00e7\u00fcnc\u00fc en kalabal\u0131k \u015fehri ve d\u00f6rd\u00fcnc\u00fc en kalabal\u0131k kentsel y\u0131\u011f\u0131lmas\u0131 konumunu sa\u011flamla\u015ft\u0131rmaktad\u0131r. \u015eehrin \u00f6nemi, G\u00fcney Hindistan&#039;\u0131n en kalabal\u0131k \u015fehri ve en b\u00fcy\u00fck kentsel y\u0131\u011f\u0131lmas\u0131 olma ayr\u0131cal\u0131\u011f\u0131na sahip olmas\u0131 nedeniyle, yak\u0131n b\u00f6lgesinin \u00f6tesine uzanmaktad\u0131r. K\u00fcresel \u00f6l\u00e7ekte, Bangalore&#039;un kentsel yay\u0131l\u0131m\u0131 onu d\u00fcnya \u00e7ap\u0131nda 27. en b\u00fcy\u00fck \u015fehir konumuna getirerek uluslararas\u0131 \u00f6nemini vurgulamaktad\u0131r.<\/p>","protected":false},"author":1,"featured_media":2804,"parent":15052,"menu_order":0,"comment_status":"closed","ping_status":"closed","template":"elementor_theme","meta":{"_eb_attr":"","footnotes":""},"class_list":["post-15122","page","type-page","status-publish","has-post-thumbnail"],"_links":{"self":[{"href":"https:\/\/travelshelper.com\/tr\/wp-json\/wp\/v2\/pages\/15122","targetHints":{"allow":["GET"]}}],"collection":[{"href":"https:\/\/travelshelper.com\/tr\/wp-json\/wp\/v2\/pages"}],"about":[{"href":"https:\/\/travelshelper.com\/tr\/wp-json\/wp\/v2\/types\/page"}],"author":[{"embeddable":true,"href":"https:\/\/travelshelper.com\/tr\/wp-json\/wp\/v2\/users\/1"}],"replies":[{"embeddable":true,"href":"https:\/\/travelshelper.com\/tr\/wp-json\/wp\/v2\/comments?post=15122"}],"version-history":[{"count":0,"href":"https:\/\/travelshelper.com\/tr\/wp-json\/wp\/v2\/pages\/15122\/revisions"}],"up":[{"embeddable":true,"href":"https:\/\/travelshelper.com\/tr\/wp-json\/wp\/v2\/pages\/15052"}],"wp:featuredmedia":[{"embeddable":true,"href":"https:\/\/travelshelper.com\/tr\/wp-json\/wp\/v2\/media\/2804"}],"wp:attachment":[{"href":"https:\/\/travelshelper.com\/tr\/wp-json\/wp\/v2\/media?parent=15122"}],"curies":[{"name":"wp","href":"https:\/\/api.w.org\/{rel}","templated":true}]}}