{"id":15095,"date":"2024-09-20T15:21:02","date_gmt":"2024-09-20T15:21:02","guid":{"rendered":"https:\/\/travelshelper.com\/staging\/?page_id=15095"},"modified":"2026-03-11T13:25:56","modified_gmt":"2026-03-11T13:25:56","slug":"yeni-delhi","status":"publish","type":"page","link":"https:\/\/travelshelper.com\/tr\/destinations\/asia\/india\/new-delhi\/","title":{"rendered":"Yeni Delhi"},"content":{"rendered":"<p>Yeni Delhi, Hindistan&#039;\u0131n bilincinde benzersiz bir konuma sahiptir, ayn\u0131 anda s\u0131n\u0131rlar\u0131 iyi tan\u0131mlanm\u0131\u015f bir belediye ve geni\u015fleyen bir metropol\u00fcn sembolik kalbidir. Yirminci y\u00fczy\u0131l\u0131n ilk on y\u0131llar\u0131nda Britanya Hindistan\u0131&#039;n\u0131n ba\u015fkenti olarak kurulan \u015fehir, \u015fu anda Hindistan&#039;\u0131n yasama, y\u00fcr\u00fctme ve yarg\u0131 organlar\u0131n\u0131n merkezi olarak hizmet vermektedir ve Rashtrapati Bhavan, Sansad Bhavan ve Y\u00fcksek Mahkeme&#039;ye ev sahipli\u011fi yapmaktad\u0131r. Ancak Yeni Delhi, Yeni Delhi Belediye Meclisi (NDMC) taraf\u0131ndan y\u00f6netilir ve esas olarak Lutyens&#039; Delhi&#039;nin b\u00f6lgelerini kapsar ve kendisi de kom\u015fu eyaletlere yay\u0131lan ve Noida, Gurugram ve Ghaziabad gibi \u015fehirleri i\u00e7eren daha da geni\u015f bir Ulusal Ba\u015fkent B\u00f6lgesi i\u00e7inde yer alan geni\u015f Ulusal Ba\u015fkent B\u00f6lgesi&#039;nin yaln\u0131zca bir par\u00e7as\u0131d\u0131r.<\/p>\n\n\n\n<p>Hindistan&#039;\u0131n ba\u015fkentini Kalk\u00fcta&#039;dan Delhi&#039;ye ta\u015f\u0131ma karar\u0131, Kral George V&#039;in Delhi Durbar s\u0131ras\u0131nda eski surlu \u015fehrin g\u00fcneyine temel ta\u015f\u0131n\u0131 koydu\u011fu 1911&#039;de resmile\u015ftirildi. Edwin Lutyens ve Herbert Baker&#039;\u0131n y\u00f6netimi alt\u0131nda, yeni idari mahalleler sonraki yirmi y\u0131lda y\u00fckseldi; g\u00f6rkemli bulvarlar ve resmi bah\u00e7elerin d\u00fczenlenmesi, Palladian simetrisinden s\u00fcz\u00fclen imparatorluk h\u0131rs\u0131n\u0131 somutla\u015ft\u0131rd\u0131, ancak yerli bi\u00e7imlerin sivri \u00e7a\u011fr\u0131\u015f\u0131mlar\u0131n\u0131 i\u00e7eriyordu. G\u00fcn\u00fcm\u00fczde Rajpath olarak bilinen merkezi eksen, tepedeki Rashtrapati Bhavan&#039;dan Hindistan Kap\u0131s\u0131&#039;na kadar uzan\u0131r; Janpath ile kesi\u015fti\u011fi nokta (\u00f6nceki ad\u0131yla Krali\u00e7e Yolu), \u015fehrin ana ticari, diplomatik ve t\u00f6ren b\u00f6lgelerini b\u00f6len dik bir omurga olu\u015fturur. Raisina Tepesi&#039;ni \u00e7evreleyen Sekreterlik binalar\u0131, ba\u015fkan\u0131n ikametgah\u0131n\u0131n mimari uzant\u0131lar\u0131 gibi d\u0131\u015far\u0131ya do\u011fru yelpaze gibi a\u00e7\u0131l\u0131rken, Connaught Place&#039;in dairesel s\u00fctunlu yap\u0131lar\u0131, belirgin bir s\u00f6m\u00fcrge yank\u0131s\u0131yla Kraliyet Hilali&#039;ni \u00e7a\u011fr\u0131\u015ft\u0131r\u0131r.<\/p>\n\n\n\n<p>Sadece 42,7 kilometrekarelik bir alan\u0131 kaplayan Yeni Delhi, Yamuna Nehri&#039;nin d\u00fcz ta\u015fk\u0131n yata\u011f\u0131nda, sadece birka\u00e7 metrelik y\u00fckseklik de\u011fi\u015fikli\u011fiyle yer al\u0131r. \u00c7evresi bir zamanlar, kal\u0131nt\u0131lar\u0131 Delhi S\u0131rt\u0131&#039;n\u0131 olu\u015fturan eski Aravali S\u0131rada\u011flar\u0131&#039;n\u0131n en g\u00fcneydeki s\u0131rtlar\u0131na dayan\u0131yordu - s\u00f6zde Delhi&#039;nin Akci\u011ferleri. Karayla \u00e7evrili olmas\u0131na ra\u011fmen, \u015fehir havada ve toprakta mevsimsel dalgalanmalara katlan\u0131yor: sismik b\u00f6lge IV&#039;te yer al\u0131yor ve birden fazla fay hatt\u0131n\u0131n \u00fczerinde duruyor, s\u0131k s\u0131k titremeler ya\u015f\u0131yor - \u00e7o\u011funlukla \u00f6l\u00e7ek olarak hafif - ve son yirmi y\u0131lda, merkez \u00fcss\u00fc Nepal yak\u0131nlar\u0131nda olan 2015&#039;teki 5,4 b\u00fcy\u00fckl\u00fc\u011f\u00fcndeki olay da dahil olmak \u00fczere birka\u00e7 \u00f6nemli sars\u0131nt\u0131 kaydetti.<\/p>\n\n\n\n<p>\u0130klimsel olarak, Yeni Delhi u\u00e7 noktalarla tan\u0131mlan\u0131r. Yazlar Nisan&#039;dan Ekim&#039;e kadar s\u00fcrer ve rutin olarak 46 \u00b0C&#039;nin \u00fczerine \u00e7\u0131kar, buna toz y\u00fckl\u00fc r\u00fczgarlar ve muson ya\u011fmurlar\u0131n\u0131n s\u0131n\u0131rlay\u0131c\u0131 nemi e\u015flik eder. K\u0131\u015flar ise aksine k\u0131sa ve \u0131l\u0131mand\u0131r: g\u00fcnd\u00fcz s\u0131cakl\u0131klar\u0131 sabah sisleri yerini soluk g\u00fcne\u015f \u0131\u015f\u0131\u011f\u0131na b\u0131rak\u0131rken bile 10 \u00b0C civar\u0131nda seyreder. Y\u0131ll\u0131k ortalama s\u0131cakl\u0131k 25 \u00b0C&#039;ye yakla\u015f\u0131rken, \u00e7o\u011fu Haziran ve Eyl\u00fcl aylar\u0131 aras\u0131nda d\u00fc\u015fen ortalama ya\u011f\u0131\u015f miktar\u0131 yakla\u015f\u0131k 774 milimetredir. 2024&#039;te meteoroloji istasyonlar\u0131 49,9 \u00b0C&#039;lik yeni bir zirve kaydederken, kay\u0131tlardaki en d\u00fc\u015f\u00fck s\u0131cakl\u0131k olan -2,2 \u00b0C, Ocak 1967&#039;ye kadar uzanmaktad\u0131r.<\/p>\n\n\n\n<p>2011 n\u00fcfus say\u0131m\u0131nda, NDMC b\u00f6lgesi 250.000&#039;in biraz alt\u0131nda sakin bar\u0131nd\u0131r\u0131yordu. Hint\u00e7e, lingua franca olarak i\u015flev g\u00f6r\u00fcrken, \u0130ngilizce resmi ticaret ve y\u00f6netime hizmet ediyor. Yeni Delhi&#039;deki okuryazarl\u0131k oranlar\u0131 &#039;u a\u015f\u0131yor - daha b\u00fcy\u00fck ba\u015fkent b\u00f6lgesindeki en y\u00fcksek oran. \u015eehrin dini yap\u0131s\u0131 a\u011f\u0131rl\u0131kl\u0131 olarak Hindu&#039;dur (yakla\u015f\u0131k ), M\u00fcsl\u00fcman, Hristiyan ve Sih az\u0131nl\u0131klar ile Jainler, Budistler, Parsiler ve Yahudilerden olu\u015fan daha k\u00fc\u00e7\u00fck topluluklar.<\/p>\n\n\n\n<p>Ekonomik olarak, Yeni Delhi kuzey Hindistan&#039;\u0131n finansal dayanak noktas\u0131 olarak durmaktad\u0131r. 2010 mali y\u0131l\u0131nda, net Devlet Yurti\u00e7i Has\u0131las\u0131 nominal olarak 1.595 milyar \u20b9&#039;ye ve sat\u0131n alma g\u00fcc\u00fc paritesi baz\u0131nda 6.800 milyar \u20b9&#039;ye yakla\u015fm\u0131\u015ft\u0131r. 2013&#039;te de\u011ferlendirilen ki\u015fi ba\u015f\u0131na d\u00fc\u015fen gelir, Delhi&#039;yi Hindistan eyaletleri aras\u0131nda Goa&#039;n\u0131n ard\u0131ndan ikinci s\u0131raya yerle\u015ftirmi\u015ftir. Resmi ekonomi Connaught Place&#039;den ve Barakhamba Yolu ve ITO gibi biti\u015fik koridorlardan d\u0131\u015far\u0131ya do\u011fru yay\u0131lmaktad\u0131r ve hizmet sekt\u00f6r\u00fc (bilgi teknolojisi, telekom\u00fcnikasyon, finans, misafirperverlik, medya ve turizm) yetenekli, \u0130ngilizce bilen bir i\u015f g\u00fcc\u00fcnden faydalanmaktad\u0131r. K\u00fcresel anketler, Yeni Delhi&#039;yi hem yerel refah\u0131 hem de uluslararas\u0131 yat\u0131r\u0131m\u0131 yans\u0131tan perakende i\u00e7in en \u00f6nde gelen geli\u015fmekte olan pazar destinasyonlar\u0131 aras\u0131nda s\u0131ralam\u0131\u015ft\u0131r.<\/p>\n\n\n\n<p>Ticaretin \u00f6tesinde, Yeni Delhi&#039;nin kimli\u011fi devlet y\u00f6netimi ve g\u00f6steriye ayr\u0131lmaz bir \u015fekilde ba\u011fl\u0131d\u0131r. Ulusal bayramlar - 26 Ocak&#039;ta Cumhuriyet G\u00fcn\u00fc, 15 A\u011fustos&#039;ta Ba\u011f\u0131ms\u0131zl\u0131k G\u00fcn\u00fc ve 2 Ekim&#039;de Gandhi Jayanti - Rajpath boyunca g\u00f6steri\u015fli bir \u015fekilde kutlan\u0131r. Cumhuriyet G\u00fcn\u00fc Ge\u00e7it T\u00f6reni, askeri birlikleri, halk topluluklar\u0131n\u0131 ve tablo g\u00f6sterilerini bir araya getirerek, geni\u015f bir halk kitlesi \u00f6n\u00fcnde Hindistan&#039;\u0131n k\u00fclt\u00fcrel \u00e7o\u011fulculu\u011funu ve sava\u015f miras\u0131n\u0131 anlat\u0131r. U\u00e7urtma u\u00e7urmak, Ba\u011f\u0131ms\u0131zl\u0131k G\u00fcn\u00fc \u015fenliklerinin simgesi olmaya devam eder, g\u00f6ky\u00fcz\u00fc canl\u0131 desenler ve gergin iplerle doludur.<\/p>\n\n\n\n<p>Yeni Delhi&#039;deki k\u00fclt\u00fcrel ya\u015fam, dini ve estetik kutlamalar\u0131n y\u0131ll\u0131k takvimi boyunca uzan\u0131r. Diwali, \u0131\u015f\u0131k festivalini ba\u015flat\u0131r; Holi, sokaklar\u0131 ve meydanlar\u0131 boyal\u0131 tozlarla boyar. Durga Puja, Teej ve Chhath Puja, b\u00f6lgesel gelenekleri temsil ederken, Hristiyan, M\u00fcsl\u00fcman, Sih, Jain ve Budist festivalleri y\u0131l\u0131 vurgular. Qutub Festivali, m\u00fczisyenleri ve dans\u00e7\u0131lar\u0131 y\u00fckselen Qutub Minar&#039;\u0131n g\u00f6lgelerine getirerek an\u0131t\u0131n Sultanl\u0131k g\u00fcc\u00fcn\u00fcn bir sembol\u00fc olarak on \u00fc\u00e7\u00fcnc\u00fc y\u00fczy\u0131l k\u00f6kenlerini hat\u0131rlat\u0131r. Mevsimsel fuarlar - Uluslararas\u0131 Mango Festivali, U\u00e7urtma U\u00e7urma Festivali, alt\u0131 g\u00fcnl\u00fck Vasant Panchami t\u00f6renleri - yerel renk katar.<\/p>\n\n\n\n<p>Mimari miras ve m\u00fczecilik bir\u00e7ok kurumda bir araya geliyor. 1949&#039;da Rashtrapati Bhavan kap\u0131lar\u0131nda a\u00e7\u0131l\u0131\u015f\u0131 yap\u0131lan Ulusal M\u00fcze, 5.000 y\u0131la yay\u0131lan 200.000&#039;den fazla eseri muhafaza ediyor. Yak\u0131nlardaki Hindistan Kap\u0131s\u0131, I. D\u00fcnya Sava\u015f\u0131 ve \u00dc\u00e7\u00fcnc\u00fc \u0130ngiliz-Afgan Sava\u015f\u0131&#039;nda kaybedilen Hint askerlerini an\u0131yor ve kemeri Paris&#039;in Zafer Tak\u0131&#039;ndan esinleniyor. Rajpath ve \u00e7evresi Beating Retreat t\u00f6renine ev sahipli\u011fi yaparken, Gandhi Smriti ve Rajghat Mahatma Gandhi&#039;nin son g\u00fcnlerini ve cenaze ate\u015fini an\u0131yor. Maharaja Jai \u200b\u200bSingh II&#039;nin on sekizinci y\u00fczy\u0131l g\u00f6zlemevi olan Jantar Mantar, modern \u00f6ncesi astronomik ara\u015ft\u0131rman\u0131n bir kan\u0131t\u0131 olarak duruyor. Y\u00fcksek Mahkeme&#039;nin kendi galerisinin yan\u0131 s\u0131ra modern ve do\u011fal sanata, demiryollar\u0131na, el sanatlar\u0131na, pullara ve bebeklere adanm\u0131\u015f m\u00fczeler, daha sessiz d\u00fc\u015f\u00fcnme anlar\u0131 sa\u011fl\u0131yor.<\/p>\n\n\n\n<p>Bah\u00e7eler, Yeni Delhi&#039;nin ye\u015fil miras\u0131n\u0131n kalbinde yer al\u0131r. Lodi Bah\u00e7eleri, geni\u015f \u00e7imenliklerin alt\u0131nda on be\u015finci y\u00fczy\u0131ldan kalma mezarlar\u0131 bar\u0131nd\u0131r\u0131r. Buddha Jayanti Park\u0131, Nehru Park\u0131 ve G\u00fcl Bah\u00e7esi ilkbaharda \u00e7i\u00e7ek a\u00e7arken, Ba\u015fkanl\u0131k Malikanesi, Shanti Yolu ve Rajpath&#039;\u0131n yan\u0131ndaki kanallar bah\u00e7ecilik formalitesini s\u00fcrd\u00fcr\u00fcr. Y\u00fczlerce k\u00fc\u00e7\u00fck mahalle ve kav\u015fak arsas\u0131, g\u00f6lge ve mevsimlik \u00e7i\u00e7eklerden olu\u015fan kentsel bir goblen \u00f6rer.<\/p>\n\n\n\n<p>NDMC&#039;nin b\u00f6lgesi, at\u0131k y\u00f6netim sistemlerini, sanitasyon eri\u015fimini ve kamu fark\u0131ndal\u0131\u011f\u0131n\u0131 yans\u0131tan bir \u00f6d\u00fcl olan 2017&#039;deki Swachh Survekshan de\u011ferlendirmesinde Kuzey Hindistan&#039;\u0131n en temiz b\u00f6lgesi olarak ortaya \u00e7\u0131kt\u0131. Yenilenme anlar\u0131n\u0131n ortas\u0131nda duruyor: 2019&#039;da a\u00e7\u0131klanan Central Vista Yeniden Geli\u015ftirme Projesi, tahmini 20.000 crore \u20b9 b\u00fct\u00e7esiyle yeni parlamento b\u00f6lgeleri ve k\u00fclt\u00fcrel alanlar dahil olmak \u00fczere merkezi Delhi&#039;nin 440 hektardan fazla alan\u0131n\u0131 yeniden yap\u0131land\u0131racak.<\/p>\n\n\n\n<p>Modern ba\u011flant\u0131, 2012-13&#039;te 35 milyondan fazla yolcuya hizmet veren ve Terminal 3&#039;\u00fc y\u0131lda 37 milyon yolcuya daha ev sahipli\u011fi yapan b\u00fcy\u00fck bir G\u00fcney Asya merkezi olan Indira Gandhi Uluslararas\u0131 Havaliman\u0131&#039;ndan yay\u0131l\u0131yor. \u00d6d\u00fclleri aras\u0131nda, trafik kategorisinde en iyi tesis i\u00e7in Airports Council International \u00f6d\u00fclleri yer al\u0131yor. Bir zamanlar Safdarjung Havaliman\u0131&#039;nda bulunan Delhi Flying Club, sabit kanatl\u0131 u\u00e7u\u015flar 2002&#039;de sona erdi\u011finden beri bir e\u011fitim ve VIP transfer kurumu olarak varl\u0131\u011f\u0131n\u0131 s\u00fcrd\u00fcr\u00fcyor. Kom\u015fu Uttar Pradesh&#039;teki Jewar&#039;da ikinci bir ticari havaliman\u0131 in\u015fa ediliyor.<\/p>\n\n\n\n<p>Karayolu ta\u015f\u0131mac\u0131l\u0131\u011f\u0131, t\u00fcr\u00fcn\u00fcn d\u00fcnyadaki en b\u00fcy\u00fc\u011f\u00fc olan Delhi Transport Corporation taraf\u0131ndan i\u015fletilen, taksiler, oto-rik\u015falar ve yo\u011fun d\u00f6nemlerde ortalama 15 ila 20 km\/s h\u0131za ula\u015fan y\u00fcksek yo\u011funluklu \u00f6zel ara\u00e7larla desteklenen geni\u015f bir s\u0131k\u0131\u015ft\u0131r\u0131lm\u0131\u015f do\u011fal gaz otob\u00fcs filosuna ba\u011fl\u0131d\u0131r. S\u0131ras\u0131yla 51 ve 47 kilometre uzunlu\u011fundaki \u0130\u00e7 ve D\u0131\u015f \u00c7evre Yollar\u0131, s\u0131n\u0131flara ayr\u0131lm\u0131\u015f kav\u015faklarla merkezi Delhi&#039;yi \u00e7evreler. \u00dccretli otoyollar Noida, Gurugram ve Faridabad&#039;a ba\u011flan\u0131rken, Ulusal Karayollar\u0131 19, 44, 48 ve 9 ba\u015fkenti Kolkata, Srinagar, Chennai ve Pithoragarh&#039;a ba\u011flar.<\/p>\n\n\n\n<p>Demiryollar\u0131 be\u015f ana istasyonda birle\u015fiyor: Yeni Delhi, Delhi Kav\u015fa\u011f\u0131, Hazrat Nizamuddin, Anand Vihar Terminali ve Sarai Rohilla ve 35 kilometrelik Ring Demiryolu gibi banliy\u00f6 hizmetlerinden ge\u00e7iyor. Yer \u00fcst\u00fcnde, 2002&#039;de a\u00e7\u0131lan Delhi Metro sistemi art\u0131k 348 kilometre boyunca on renk kodlu hat ve 255 istasyondan olu\u015fuyor ve NCT&#039;nin \u00f6tesine, kom\u015fu \u015fehirlere kadar uzan\u0131yor. Karma \u00f6l\u00e7\u00fcl\u00fc demiryolu ara\u00e7lar\u0131 ve evrensel eri\u015filebilirlik \u00f6zellikleri, \u015fehir yollar\u0131ndan yakla\u015f\u0131k 400.000 arac\u0131 kald\u0131rd\u0131. Ulusal ve b\u00f6lge h\u00fck\u00fcmetlerinin ortak sahibi oldu\u011fu ve y\u0131llarca &#034;Metro Adam\u0131&#034; E. Sreedharan taraf\u0131ndan y\u00f6netilen Delhi Metro Rayl\u0131 \u015eirketi, 2009&#039;daki trajik k\u00f6pr\u00fc \u00e7\u00f6k\u00fc\u015f\u00fc gibi zorluklarla ba\u015fa \u00e7\u0131karken bile planlama uzmanl\u0131\u011f\u0131n\u0131 ihra\u00e7 etti.<\/p>\n\n\n\n<p>Planlama, mimari, y\u00f6netim ve g\u00fcnl\u00fck ya\u015fam\u0131n bu birle\u015fimi, Yeni Delhi&#039;yi katmanl\u0131 yaz\u0131tlar\u0131n \u015fehri haline getiriyor: yerli motiflerle kaplanm\u0131\u015f imparatorluk tasar\u0131mlar\u0131, orman benzeri b\u00fcy\u00fcmenin g\u00f6lgesinde kalm\u0131\u015f hareketsiz an\u0131tlar ve sokak seviyesindeki ticaretle \u00e7evrili t\u00f6rensel bulvarlar. S\u0131k\u0131 resmiyet ve kendili\u011finden kutlamalar\u0131n, sakin bah\u00e7elerin ve \u00e7\u0131lg\u0131n ana yollar\u0131n oldu\u011fu bir yer. Her \u015feyden \u00f6nce, modern Hindistan&#039;\u0131n politik ve k\u00fclt\u00fcrel dayanak noktas\u0131 olmaya devam ediyor, tarihi ta\u015fa yaz\u0131lm\u0131\u015f, gelece\u011fi \u00e7elik, cam ve sonsuz olas\u0131l\u0131klarla haritalanm\u0131\u015f.<\/p>","protected":false},"excerpt":{"rendered":"<p>Hindistan&#039;\u0131n ba\u015fkenti Yeni Delhi, Delhi Ulusal Ba\u015fkent B\u00f6lgesi&#039;nin (NCT) i\u00e7inde yer alan dinamik bir \u015fehirdir. 250.000&#039;den fazla n\u00fcfusa sahip olan Yeni Delhi, Hindistan y\u00f6netiminin \u00e7ekirde\u011fi olarak i\u015flev g\u00f6r\u00fcr ve \u00fclkenin tarihi miras\u0131n\u0131 ve \u00e7a\u011fda\u015f h\u0131rslar\u0131n\u0131 temsil eder. 42,7 kilometrekare (16,5 mil kare) alana yay\u0131lan bu canl\u0131 metropol, Hindistan&#039;\u0131n imparatorluk miras\u0131n\u0131 ve d\u00fcnya \u00e7ap\u0131nda bir g\u00fc\u00e7 merkezine d\u00f6n\u00fc\u015f\u00fcm\u00fcn\u00fc \u00f6rneklemektedir.<\/p>","protected":false},"author":1,"featured_media":3037,"parent":15052,"menu_order":0,"comment_status":"closed","ping_status":"closed","template":"elementor_theme","meta":{"_eb_attr":"","footnotes":""},"class_list":["post-15095","page","type-page","status-publish","has-post-thumbnail"],"_links":{"self":[{"href":"https:\/\/travelshelper.com\/tr\/wp-json\/wp\/v2\/pages\/15095","targetHints":{"allow":["GET"]}}],"collection":[{"href":"https:\/\/travelshelper.com\/tr\/wp-json\/wp\/v2\/pages"}],"about":[{"href":"https:\/\/travelshelper.com\/tr\/wp-json\/wp\/v2\/types\/page"}],"author":[{"embeddable":true,"href":"https:\/\/travelshelper.com\/tr\/wp-json\/wp\/v2\/users\/1"}],"replies":[{"embeddable":true,"href":"https:\/\/travelshelper.com\/tr\/wp-json\/wp\/v2\/comments?post=15095"}],"version-history":[{"count":0,"href":"https:\/\/travelshelper.com\/tr\/wp-json\/wp\/v2\/pages\/15095\/revisions"}],"up":[{"embeddable":true,"href":"https:\/\/travelshelper.com\/tr\/wp-json\/wp\/v2\/pages\/15052"}],"wp:featuredmedia":[{"embeddable":true,"href":"https:\/\/travelshelper.com\/tr\/wp-json\/wp\/v2\/media\/3037"}],"wp:attachment":[{"href":"https:\/\/travelshelper.com\/tr\/wp-json\/wp\/v2\/media?parent=15095"}],"curies":[{"name":"wp","href":"https:\/\/api.w.org\/{rel}","templated":true}]}}