{"id":15067,"date":"2024-09-20T14:59:07","date_gmt":"2024-09-20T14:59:07","guid":{"rendered":"https:\/\/travelshelper.com\/staging\/?page_id=15067"},"modified":"2026-03-11T13:29:06","modified_gmt":"2026-03-11T13:29:06","slug":"kalkuta","status":"publish","type":"page","link":"https:\/\/travelshelper.com\/tr\/destinations\/asia\/india\/kolkata\/","title":{"rendered":"Kalk\u00fcta"},"content":{"rendered":"<p>Bin y\u0131l\u0131n ba\u015f\u0131na kadar s\u00f6m\u00fcrge ad\u0131 olan Kalk\u00fcta olarak bilinen Kalk\u00fcta, g\u00fcn\u00fcm\u00fcz Banglade\u015f&#039;inin yakla\u015f\u0131k 80 kilometre bat\u0131s\u0131nda, Hooghly Nehri&#039;nin do\u011fu k\u0131y\u0131s\u0131nda ayr\u0131cal\u0131kl\u0131 bir yere sahiptir. Bat\u0131 Bengal&#039;in ba\u015fkenti olarak, Hindistan&#039;\u0131n do\u011fu ve kuzeydo\u011fu b\u00f6lgeleri i\u00e7in ba\u015fl\u0131ca finansal ve ticari ba\u011flant\u0131 noktas\u0131 olarak durmaktad\u0131r. \u015eehrin kendisi yakla\u015f\u0131k 4,5 milyon sakini bar\u0131nd\u0131r\u0131rken, geni\u015fleyen Kalk\u00fcta Metropol Alan\u0131 15 milyondan fazla insan\u0131 kapsayarak Hindistan&#039;\u0131n \u00fc\u00e7\u00fcnc\u00fc en kalabal\u0131k metropol b\u00f6lgesi ve izole edilmi\u015f yedinci en b\u00fcy\u00fck \u015fehridir. Genellikle \u00fclkenin k\u00fclt\u00fcrel ba\u015fkenti olarak \u00f6v\u00fclen Kalk\u00fcta, zengin bir tarihi miras\u0131 \u00e7a\u011fda\u015f dinamizmle, imparatorluk d\u00f6nemi ihti\u015fam\u0131n\u0131n katmanlar\u0131yla ve her dar \u015feritte ve a\u00e7\u0131k caddede bir arada bulunan taban enerjisiyle birle\u015ftirir.<\/p>\n\n\n\n<p>Do\u011fu Hindistan \u015eirketi gelmeden \u00f6nce, b\u00f6lge Bengal&#039;in Nawab&#039;\u0131&#039;n\u0131n egemenli\u011fi alt\u0131nda \u00fc\u00e7 m\u00fctevaz\u0131 Bengal k\u00f6y\u00fcnden olu\u015fuyordu: Gobindapur, Sutanuti ve Kalikata. 1690&#039;da \u015eirket bir ticaret lisans\u0131 ald\u0131 ve k\u0131sa s\u00fcrede Sutanuti&#039;nin etraf\u0131ndaki alan\u0131 rakip g\u00fc\u00e7lere kar\u015f\u0131 m\u00fcstahkem bir kale olan Fort William&#039;a d\u00f6n\u00fc\u015ft\u00fcrd\u00fc. Kalenin 1756&#039;da Nawab Siraj ud\u2011Daulah taraf\u0131ndan ele ge\u00e7irilmesi h\u0131zl\u0131 bir tepkiye yol a\u00e7t\u0131: Robert Clive&#039;\u0131n Haziran 1757&#039;de Plassey&#039;de Nawab&#039;\u0131 yenmesi alt k\u0131tan\u0131n kaderini yeniden \u015fekillendirdi. Bundan sonra Kalk\u00fcta, \u015eirket&#039;in idari merkezi haline geldi ve 1911&#039;de Yeni Delhi&#039;ye ta\u015f\u0131nana kadar resmen Britanya Hindistan\u0131&#039;n\u0131n fiili ba\u015fkenti oldu. On dokuzuncu y\u00fczy\u0131l\u0131n sonlar\u0131na do\u011fru, \u0130mparatorlu\u011fun kentsel hiyerar\u015fisinde Londra&#039;dan sonra ikinci s\u0131radayd\u0131 ve h\u00fck\u00fcmet ofisleri, mahkemeler, \u00fcniversiteler ve bilimsel topluluklara ev sahipli\u011fi yap\u0131yordu. \u015eehrin entelekt\u00fcel canl\u0131l\u0131\u011f\u0131 (en iyi \u00f6rne\u011fi Bengal R\u00f6nesans\u0131&#039;n\u0131n fig\u00fcrleriydi) hem sanatsal yenili\u011fi hem de siyasi heyecan\u0131 besledi ve Kalk\u00fcta&#039;y\u0131 erken d\u00f6nem Hint milliyet\u00e7ili\u011finin pota haline getirdi.<\/p>\n\n\n\n<p>1947&#039;de Bengal&#039;in b\u00f6l\u00fcnmesi ekonomik hinterlandlar\u0131 b\u00f6ld\u00fc ve topluluklar\u0131 k\u00f6klerinden s\u00f6kt\u00fc, Kalk\u00fcta&#039;y\u0131 bir alt\u00fcst olu\u015f d\u00f6nemine itti. Do\u011fu Bengal&#039;den gelen Hindu m\u00fcltecilerle \u015fi\u015fen \u015fehir, a\u015f\u0131r\u0131 kalabal\u0131k, mezhepsel \u00e7eki\u015fmeler ve gerileyen bir ekonomiyle bo\u011fu\u015fuyordu. 1971&#039;de Banglade\u015f&#039;in ge\u00e7ici h\u00fck\u00fcmetine s\u0131\u011f\u0131nak sa\u011flayarak b\u00f6lgesel \u00f6nemini yeniden teyit etti. Ancak 1990&#039;lar\u0131n liberalle\u015fme dalgalar\u0131na kadar, onlarca y\u0131ll\u0131k sendika militanl\u0131\u011f\u0131 ve sermaye ka\u00e7\u0131\u015f\u0131 ona &#034;\u00f6lmekte olan \u015fehir&#034; lakab\u0131n\u0131 kazand\u0131rd\u0131. O zamandan beri, politika reformlar\u0131 ve \u00f6zel yat\u0131r\u0131mlar d\u00fc\u015f\u00fc\u015f\u00fc tersine \u00e7evirmeye ba\u015flad\u0131 ve Kalk\u00fcta&#039;y\u0131 tahmini PPP GSY\u0130H&#039;si 150 milyar ila 250 milyar dolar aras\u0131nda olan Hindistan&#039;\u0131n en b\u00fcy\u00fck \u00fc\u00e7 metropol ekonomisi aras\u0131na ta\u015f\u0131d\u0131.<\/p>\n\n\n\n<p>Alt Ganj Deltas\u0131&#039;nda yer alan Kalk\u00fcta, yer yer deniz seviyesinden be\u015f metreden biraz y\u00fcksekte yer al\u0131r ve orijinal sulak alanlar\u0131 kademeli olarak konut ve ticarete ev sahipli\u011fi yapmak \u00fczere geri kazan\u0131lm\u0131\u015ft\u0131r. 1975&#039;te Ramsar alan\u0131 olarak belirlenen kalan Do\u011fu Kalk\u00fcta Sulak Alanlar\u0131, do\u011fal bir kanalizasyon ar\u0131tma sistemi ve bal\u0131k\u00e7\u0131l\u0131k i\u015flevi g\u00f6rmektedir. Y\u00fczeyin alt\u0131nda, yakla\u015f\u0131k 7.500 metre derinli\u011findeki kal\u0131n al\u00fcvyon birikintileri, \u015fehrin alt\u0131nda fayl\u0131 mente\u015fe zonu bulunan bir \u00fc\u00e7\u00fcnc\u00fcl havzan\u0131n \u00fczerinde durmaktad\u0131r. Sismik b\u00f6lge III&#039;te s\u0131n\u0131fland\u0131r\u0131lan Kalk\u00fcta, al\u00e7ak topografyas\u0131n\u0131, kavurucu yazlar, muson sa\u011fanak ya\u011f\u0131\u015flar\u0131 ve Hindistan&#039;daki en y\u00fcksek siklonik risklerle i\u015faretlenen b\u00f6lgenin tropikal savan iklimiyle dengelemek zorundad\u0131r.<\/p>\n\n\n\n<p>Kolkata Belediye \u015eirketi&#039;nin 206 kilometrekarelik alan\u0131 i\u00e7inde, \u015fehir nehir k\u0131y\u0131s\u0131ndan baypasa kadar yakla\u015f\u0131k on kilometre uzan\u0131r ve kuzeyden g\u00fcneye neredeyse iki kat\u0131na \u00e7\u0131kar. D\u00f6rt geni\u015f sekt\u00f6r\u2014Kuzey, Orta, G\u00fcney ve Do\u011fu\u2014farkl\u0131 b\u00fcy\u00fcme a\u015famalar\u0131n\u0131 yans\u0131t\u0131r:<\/p>\n\n\n\n<ul class=\"wp-block-list\">\n<li>Kuzey Kalk\u00fcta, on dokuzuncu y\u00fczy\u0131l\u0131n patinas\u0131n\u0131 koruyor. Jorasanko, Shyambazar ve Bagbazar gibi mahallelerdeki labirent gibi sokaklar\u0131, yan yana harap olmu\u015f konaklar\u0131 ve k\u0131z\u0131l tap\u0131nak kulelerini ortaya \u00e7\u0131kar\u0131yor.<\/li>\n\n\n\n<li>Merkezi Kalk\u00fcta, BBD Bagh (eski ad\u0131yla Dalhousie Meydan\u0131) ve biti\u015fi\u011findeki Esplanade&#039;de merkezlenen orijinal i\u015f b\u00f6lgesini kapsar. Burada, Sekreterya, Y\u00fcksek Mahkeme, Rezerv Bankas\u0131 ve s\u00f6m\u00fcrge d\u00f6nemi postanesi Rajiv Gandhi Sarani ve Jawaharlal Nehru Yolu boyunca birle\u015fir.<\/li>\n\n\n\n<li>G\u00fcney Kalk\u00fcta ba\u011f\u0131ms\u0131zl\u0131ktan sonra ortaya \u00e7\u0131kt\u0131, daha geni\u015f caddeleri ve daha yeni yerle\u015fim b\u00f6lgeleri\u2014Alipore, Ballygunge, Tollygunge\u2014\u015fehrin akci\u011ferleri olarak bilinen geni\u015f bir ye\u015fil alan olan Maidan&#039;\u0131 \u00e7er\u00e7eveliyor. Victoria An\u0131t\u0131 ve Kalk\u00fcta Yar\u0131\u015f Pisti gibi simge yap\u0131lar g\u00fcney ucunda yer al\u0131yor.<\/li>\n\n\n\n<li>Do\u011fu Kalk\u00fcta, resmi s\u0131n\u0131r\u0131n \u00f6tesinde, bilgi teknolojisi parklar\u0131, kongre merkezleri ve modern konut komplekslerini b\u00fcnyesinde bar\u0131nd\u0131ran iki planl\u0131 uydu olan Salt Lake (Bidhannagar) ve New Town&#039;a (Rajarhat) yer a\u00e7\u0131yor.<\/li>\n<\/ul>\n\n\n\n<p>Yakla\u015f\u0131k 1.900 kilometrekarelik geni\u015f metropol alan\u0131nda 72 \u015fehir, 527 kasaba ve d\u00fczinelerce belediye, Kuzey ve G\u00fcney 24 Parganas, Howrah, Hooghly ve Nadia olmak \u00fczere be\u015f b\u00f6lgenin par\u00e7alar\u0131na yay\u0131lm\u0131\u015ft\u0131r.<\/p>\n\n\n\n<p>Kalk\u00fcta&#039;n\u0131n do\u011fu Hindistan&#039;\u0131n ticari kalbi olarak stat\u00fcs\u00fc, \u00fclkenin en eski borsalar\u0131ndan biri olan Kalk\u00fcta Borsas\u0131 taraf\u0131ndan desteklenmektedir. 1870&#039;te a\u00e7\u0131lan ve Kalk\u00fcta Liman Vakf\u0131 taraf\u0131ndan y\u00f6netilen Kalk\u00fcta Liman\u0131, Port Blair&#039;e yolcu feribotlar\u0131 ve d\u00fcnya \u00e7ap\u0131nda y\u00fck gemileri i\u015fleterek \u00fclkenin tek b\u00fcy\u00fck nehir liman\u0131 olmaya devam etmektedir. 2013&#039;te yenilenen \u015fehrin Dum Dum havaalan\u0131, onu yurt i\u00e7i var\u0131\u015f noktalar\u0131na ve se\u00e7kin uluslararas\u0131 ge\u00e7itlere ba\u011flamaktad\u0131r. Ancak 1960&#039;lardan 1990&#039;lara kadar, b\u00fcy\u00fcyen sendika g\u00fcc\u00fc ve i\u015f\u00e7i grevleri fabrika kapan\u0131\u015flar\u0131na ve sermaye geri \u00e7ekilmesine yol a\u00e7arak Kalk\u00fcta&#039;n\u0131n end\u00fcstriyel temellerini g\u00f6lgede b\u0131rakm\u0131\u015ft\u0131r. 1990&#039;lar\u0131n ekonomik liberalizasyonu, eyalet d\u00fczeyindeki politika de\u011fi\u015fiklikleriyle birle\u015fince o zamandan beri kademeli bir canlanmay\u0131 te\u015fvik etmi\u015ftir.<\/p>\n\n\n\n<p>\u0130ster Kalk\u00fctal\u0131 ister Kalk\u00fctal\u0131 olsun, sakinler karma bir toplumu yans\u0131t\u0131r. 2011 n\u00fcfus say\u0131m\u0131na g\u00f6re belediye b\u00f6lgesinde 4,49 milyon ki\u015fi vard\u0131r, bu 2001&#039;den beri hafif bir d\u00fc\u015f\u00fc\u015ft\u00fcr ve kentsel y\u0131\u011f\u0131lma 14 milyonu a\u015fmaktad\u0131r. &#039;lik bir okuryazarl\u0131k oran\u0131, cinsiyet oran\u0131 i\u015f i\u00e7in gelen erkek g\u00f6\u00e7\u00fc nedeniyle \u00e7arp\u0131k kalsa bile, ulusal ortalamay\u0131 a\u015fmaktad\u0131r. Bengalce bask\u0131nd\u0131r ve \u00f6nemli az\u0131nl\u0131klar aras\u0131nda \u0130ngilizce, Hint\u00e7e ve Urduca ile desteklenmektedir. Dini olarak, Hindular n\u00fcfusun yakla\u015f\u0131k d\u00f6rtte \u00fc\u00e7\u00fcn\u00fc olu\u015ftururken, M\u00fcsl\u00fcmanlar, H\u0131ristiyanlar, Jainler, Sihler ve Budistler geri kalan\u0131n\u0131 olu\u015fturmaktad\u0131r.<\/p>\n\n\n\n<p>Kalk\u00fcta&#039;n\u0131n en eski h\u0131zl\u0131 ula\u015f\u0131m sistemi olan tramvay, \u015fu anda Bat\u0131 Bengal Ula\u015f\u0131m \u015eirketi taraf\u0131ndan i\u015fletilen s\u00f6m\u00fcrge d\u00f6nemi sokak demiryollar\u0131n\u0131n bir kal\u0131nt\u0131s\u0131 olan \u00fc\u00e7 g\u00fczergahta varl\u0131\u011f\u0131n\u0131 s\u00fcrd\u00fcr\u00fcyor. \u0130stasyon say\u0131s\u0131na g\u00f6re d\u00fcnyan\u0131n en b\u00fcy\u00fcklerinden olan Kalk\u00fcta Banliy\u00f6 Demiryolu ve Hindistan&#039;\u0131n ilk yer alt\u0131 hatt\u0131 olan Kalk\u00fcta Metrosu (1984), g\u00fcnl\u00fck i\u015fe gidi\u015f geli\u015flerin omurgas\u0131n\u0131 olu\u015fturuyor. Kuzey-g\u00fcney Mavi Hat \u015fehri ikiye b\u00f6l\u00fcyor ve 2020&#039;den beri do\u011fu-bat\u0131 Ye\u015fil Hat Salt Lake&#039;i Howrah&#039;a ba\u011fl\u0131yor. Mor ve Turuncu Hatlar da faaliyette. Yer seviyesinde, \u015fehir i\u00e7inde 1.850 kilometre ve metro genelinde 4.000 kilometreden fazla olan kapsaml\u0131 bir yol a\u011f\u0131, kilometre ba\u015f\u0131na 2.400&#039;den fazla ara\u00e7la Hindistan&#039;daki en yo\u011fun araba yo\u011funlu\u011funu ta\u015f\u0131yor. T\u0131kan\u0131kl\u0131k, muson mevsiminde hava kirlili\u011fine ve aral\u0131kl\u0131 su bask\u0131nlar\u0131na neden oluyor. Oto-rik\u015falar, sar\u0131 Ambassador taksileri, bisiklet-rik\u015falar ve elle \u00e7ekilen arabalar son mil se\u00e7enekleri sunar. Uzun mesafeli demir yolu hizmetleri be\u015f ana istasyondan yay\u0131l\u0131r\u2014Howrah (en yo\u011fun kompleks), Sealdah, Kolkata, Shalimar ve Santragachi\u2014ve Golden Quadrilateral ve National Highway 12 gibi otoyollar d\u0131\u015f mahallelerden ba\u015flar. Belghoria ve Kona gibi ekspres yollar tam olarak faaliyettedir, Kalyani in\u015fa halindedir ve Patna ve Varanasi&#039;ye gelecekteki ba\u011flant\u0131lar planlanmaktad\u0131r. Uluslararas\u0131 yol koridorlar\u0131 Jessore Yolu \u00fczerinden Banglade\u015f&#039;e, Trilateral Otoyol \u00fczerinden Tayland ve Myanmar&#039;a ve kara yoluyla Nepal ve Bhutan&#039;a ba\u011flan\u0131r.<\/p>\n\n\n\n<p>Kalk\u00fcta&#039;n\u0131n entelekt\u00fcel ge\u00e7mi\u015fi y\u00fczy\u0131llara dayan\u0131r. 1857&#039;de G\u00fcney Asya&#039;n\u0131n ilk modern \u00fcniversitesi olarak kurulan Kalk\u00fcta \u00dcniversitesi ve ba\u011fl\u0131 kolejleri hukuk\u00e7ular, akademisyenler ve siyasi liderler yeti\u015ftirmi\u015ftir. Asya Derne\u011fi (kurulu\u015f y\u0131l\u0131 1784) ve G\u00fczel Sanatlar Akademisi nadir el yazmalar\u0131 ve g\u00fczel sanatlar koleksiyonlar\u0131n\u0131 muhafaza eder. Hindistan M\u00fczesi (1814) ve Ulusal K\u00fct\u00fcphane ulusu tan\u0131mlayan ar\u015fivleri korurken, nehir k\u0131y\u0131s\u0131ndaki Bilim \u015eehri etkile\u015fimli sergilere ev sahipli\u011fi yapar. Bilimsel ara\u015ft\u0131rmalar Hindistan Jeoloji ve Botanik Ara\u015ft\u0131rmalar\u0131, Zooloji Ara\u015ft\u0131rmas\u0131, Kalk\u00fcta Matematik Derne\u011fi, Antropoloji Ara\u015ft\u0131rmas\u0131 ve bah\u00e7ecilik, m\u00fchendislik ve halk sa\u011fl\u0131\u011f\u0131na adanm\u0131\u015f kurulu\u015flarda geli\u015fir. D\u00f6rt Nobel \u00f6d\u00fcll\u00fc ve Ekonomi Bilimleri Nobel Anma \u00d6d\u00fcl\u00fc&#039;n\u00fcn iki al\u0131c\u0131s\u0131 Kalk\u00fcta ile ba\u011flar\u0131 vard\u0131r ve bu, \u015fehrin akademik canl\u0131l\u0131\u011f\u0131n\u0131n bir kan\u0131t\u0131d\u0131r. \u015eehrin film end\u00fcstrisi -Tollywood- Bengalce dilindeki sinemay\u0131 \u015fekillendirmeye devam etmektedir.<\/p>\n\n\n\n<p>Bab\u00fcr, Hint-Sarazen ve s\u00f6m\u00fcrge tasar\u0131m\u0131n\u0131n mimari yank\u0131lar\u0131 kentsel dokuyu noktal\u0131yor: Howrah K\u00f6pr\u00fcs\u00fc&#039;n\u00fcn granit geni\u015fli\u011fi, Victoria An\u0131t\u0131&#039;n\u0131n beyaz mermer ihti\u015fam\u0131 ve Grand Hotel&#039;in art-nouveau cephesi. Hindistan&#039;\u0131n tek \u00c7in Mahallesi, Yahudi, Ermeni, Yunan ve Anglo-Hint mahallelerinin kal\u0131nt\u0131lar\u0131yla birlikte yaln\u0131zca burada varl\u0131\u011f\u0131n\u0131 s\u00fcrd\u00fcr\u00fcyor. Her bir para\u2014s\u0131k\u0131 s\u0131k\u0131ya \u00f6r\u00fclm\u00fc\u015f mahallede\u2014sakinler kul\u00fcplerde veya sahalarda bir araya gelerek nesillerden gelen ortak bir kimli\u011fi te\u015fvik ediyor. Adda veya yap\u0131land\u0131r\u0131lmam\u0131\u015f sohbet, tart\u0131\u015fmalar\u0131n siyasetten \u015fiire uzand\u0131\u011f\u0131 kafelere, verandalara ve \u00e7ay tezgahlar\u0131na n\u00fcfuz ediyor. Politik grafiti, \u015fehrin d\u00f6rt bir yan\u0131ndaki duvarlara kaz\u0131nm\u0131\u015f hicivli \u015fablonlar\u0131 ve limerick&#039;leri ile sokak seviyesinde bir yorum katman\u0131 ekliyor.<\/p>\n\n\n\n<p>Durga Puja her y\u0131l Kalk\u00fcta&#039;y\u0131 d\u00f6n\u00fc\u015ft\u00fcr\u00fcr. Her sonbaharda on g\u00fcn boyunca, her biri yerel komiteler taraf\u0131ndan desteklenen binlerce ayr\u0131nt\u0131l\u0131 pandal, heykeller, m\u00fczik ve rit\u00fcellerle tanr\u0131\u00e7ay\u0131 onurland\u0131r\u0131r; bu etkinlik UNESCO taraf\u0131ndan somut olmayan k\u00fclt\u00fcrel de\u011feri nedeniyle tescillenmi\u015ftir. Bu festival o kadar \u00f6nemlidir ki Kalk\u00fcta, roman ve filmlerle pop\u00fcler hale getirilen ancak \u015fehrin kolektif ruhuna dayanan bir lakap olan &#034;Ne\u015fe \u015eehri&#034; olarak adland\u0131r\u0131lm\u0131\u015ft\u0131r.<\/p>\n\n\n\n<p>2000&#039;lerin ba\u015f\u0131ndan beri \u015fehrin ayak izi g\u00fcneye ve do\u011fuya do\u011fru ilerledi. Bir zamanlar d\u00fc\u015f\u00fck katl\u0131 s\u00f6m\u00fcrge bloklar\u0131yla s\u0131n\u0131rl\u0131 olan y\u00fcksek katl\u0131 apartmanlar, \u00f6zellikle G\u00fcney Kalk\u00fcta&#039;da art\u0131k yirmi kata kadar ula\u015f\u0131yor. Do\u011fu Metropolitan Baypas koridoru l\u00fcks oteller, al\u0131\u015fveri\u015f merkezleri, hastaneler ve multipleksler bar\u0131nd\u0131r\u0131yor. Hindistan&#039;\u0131n en b\u00fcy\u00fck planl\u0131 geli\u015fmelerinden biri olarak tasarlanan New Town ve Bidhannagar&#039;\u0131n 5. Sekt\u00f6r\u00fc geli\u015fen BT ve telekom\u00fcnikasyon firmalar\u0131na ev sahipli\u011fi yap\u0131yor. Yine de bu kazan\u0131mlar yerle\u015fik kentsel yoksullukla birlikte var oluyor: gecekondu mahalleleri, genellikle birinci s\u0131n\u0131f konumlarda, sakinlerin d\u00f6rtte birinden fazlas\u0131na ev sahipli\u011fi yap\u0131yor. Yeniden geli\u015ftirme giri\u015fimleri, sosyal a\u011flar\u0131 ve ge\u00e7im kaynaklar\u0131 yerinde olan topluluklar\u0131n direnciyle kar\u015f\u0131la\u015f\u0131yor.<\/p>\n\n\n\n<p>Y\u00fczy\u0131llar s\u00fcren de\u011fi\u015fim boyunca\u2014s\u00f6m\u00fcrgeci fetih ve milliyet\u00e7i co\u015fku, b\u00f6l\u00fcnme travmas\u0131 ve ekonomik yenilenme\u2014Kalk\u00fcta belirgin bir karakterini korumu\u015ftur. An\u0131tlar\u0131n ve gecekondular\u0131n, y\u00f6netim kurulu odalar\u0131n\u0131n ve arka sokak pazarlar\u0131n\u0131n tek ve karma\u015f\u0131k bir b\u00fct\u00fcn olu\u015fturdu\u011fu katmanl\u0131 tarihlere sahip bir \u015fehirdir. Her \u015feyden \u00f6nce, adaptasyonun bir kan\u0131t\u0131 olarak durmaktad\u0131r: batakl\u0131klardan zorla al\u0131nan topraklar, fikirlerin birle\u015fmesinden in\u015fa edilen kurumlar, durmay\u0131 reddeden diyalogla birbirine \u00f6r\u00fclm\u00fc\u015f topluluklar. Kalk\u00fcta&#039;n\u0131n tramvay \u00e7anlar\u0131, tap\u0131nak ilahileri ve tutkulu adda ses manzaras\u0131nda, yaln\u0131zca hareket halindeki bir metropol de\u011fil, uzun zamand\u0131r hem diren\u00e7li hem de canl\u0131 olan ve \u00f6yle kalan bir yerin canl\u0131 nabz\u0131n\u0131 duyars\u0131n\u0131z.<\/p>","protected":false},"excerpt":{"rendered":"<p>Ba\u015flang\u0131\u00e7ta Kalk\u00fcta olarak an\u0131lan Kolkata, Hooghly Nehri&#039;nin do\u011fu k\u0131y\u0131s\u0131nda bulunan Hindistan&#039;\u0131n Bat\u0131 Bengal eyaletinin ba\u015fkenti ve en kalabal\u0131k \u015fehridir. Kolkata&#039;n\u0131n \u015fehir s\u0131n\u0131rlar\u0131 i\u00e7inde tahmini n\u00fcfusu 4,5 milyon ve metropol alan\u0131nda 15 milyondan fazlad\u0131r ve bu da onu Hindistan&#039;\u0131n yedinci en kalabal\u0131k \u015fehri ve \u00fclkenin \u00fc\u00e7\u00fcnc\u00fc b\u00fcy\u00fck metropol b\u00f6lgesi yapar. Banglade\u015f s\u0131n\u0131r\u0131n\u0131n yakla\u015f\u0131k 80 kilometre bat\u0131s\u0131nda bulunan bu canl\u0131 metropol, do\u011fu ve kuzeydo\u011fu Hindistan i\u00e7in ba\u015fl\u0131ca finansal ve ticari merkez olarak i\u015flev g\u00f6rerek b\u00f6lgenin ekonomik \u00e7er\u00e7evesini \u00f6nemli \u00f6l\u00e7\u00fcde etkiler.<\/p>","protected":false},"author":1,"featured_media":2726,"parent":15052,"menu_order":0,"comment_status":"closed","ping_status":"closed","template":"elementor_theme","meta":{"_eb_attr":"","footnotes":""},"class_list":["post-15067","page","type-page","status-publish","has-post-thumbnail"],"_links":{"self":[{"href":"https:\/\/travelshelper.com\/tr\/wp-json\/wp\/v2\/pages\/15067","targetHints":{"allow":["GET"]}}],"collection":[{"href":"https:\/\/travelshelper.com\/tr\/wp-json\/wp\/v2\/pages"}],"about":[{"href":"https:\/\/travelshelper.com\/tr\/wp-json\/wp\/v2\/types\/page"}],"author":[{"embeddable":true,"href":"https:\/\/travelshelper.com\/tr\/wp-json\/wp\/v2\/users\/1"}],"replies":[{"embeddable":true,"href":"https:\/\/travelshelper.com\/tr\/wp-json\/wp\/v2\/comments?post=15067"}],"version-history":[{"count":0,"href":"https:\/\/travelshelper.com\/tr\/wp-json\/wp\/v2\/pages\/15067\/revisions"}],"up":[{"embeddable":true,"href":"https:\/\/travelshelper.com\/tr\/wp-json\/wp\/v2\/pages\/15052"}],"wp:featuredmedia":[{"embeddable":true,"href":"https:\/\/travelshelper.com\/tr\/wp-json\/wp\/v2\/media\/2726"}],"wp:attachment":[{"href":"https:\/\/travelshelper.com\/tr\/wp-json\/wp\/v2\/media?parent=15067"}],"curies":[{"name":"wp","href":"https:\/\/api.w.org\/{rel}","templated":true}]}}