{"id":15052,"date":"2024-09-20T14:36:27","date_gmt":"2024-09-20T14:36:27","guid":{"rendered":"https:\/\/travelshelper.com\/staging\/?page_id=15052"},"modified":"2026-03-11T02:46:49","modified_gmt":"2026-03-11T02:46:49","slug":"hindistan","status":"publish","type":"page","link":"https:\/\/travelshelper.com\/tr\/destinations\/asia\/india\/","title":{"rendered":"Hindistan"},"content":{"rendered":"<p>Hindistan, kara k\u00fctlesinin kuzeydeki geni\u015f ovalardan Hint Okyanusu&#039;na do\u011fru uzanan yar\u0131madaya kadar uzand\u0131\u011f\u0131 G\u00fcney Asya&#039;n\u0131n orta k\u0131sm\u0131n\u0131 i\u015fgal eder. Alan olarak d\u00fcnyan\u0131n yedinci b\u00fcy\u00fck \u00fclkesi ve Haziran 2023&#039;ten beri en kalabal\u0131k \u00fclkesi olarak, karakterinin her y\u00f6n\u00fcn\u00fc \u015fekillendiren bir \u015fekilde b\u00fcy\u00fckl\u00fck ve yo\u011funlu\u011fu birle\u015ftirmi\u015ftir. 1947&#039;deki ba\u011f\u0131ms\u0131zl\u0131kta tan\u0131t\u0131lan demokrasi, ulus dil, etnik k\u00f6ken, din ve arazi a\u00e7\u0131s\u0131ndan \u00e7e\u015fitlilikle i\u015faretlenmi\u015f olsa da olgunla\u015fm\u0131\u015ft\u0131r.<\/p>\n\n\n\n<p>Arkeolojik kan\u0131tlar, modern insanlar\u0131n alt k\u0131taya en az 55.000 y\u0131l \u00f6nce yerle\u015fti\u011fini g\u00f6steriyor. Binlerce y\u0131l boyunca k\u00fc\u00e7\u00fck, hareketli topluluklarda ya\u015fad\u0131lar ve Afrika&#039;n\u0131nkinden sonra ikinci s\u0131rada gelen genetik soylar\u0131 korudular. G\u00fcn\u00fcm\u00fczden yakla\u015f\u0131k 9.000 y\u0131l \u00f6nce, \u0130ndus havzas\u0131n\u0131n bat\u0131 kenarlar\u0131ndaki insanlar \u00e7ift\u00e7ilik hayat\u0131na yerle\u015ftiler. Sonraki birka\u00e7 bin y\u0131l boyunca, geli\u015fmi\u015f \u015fehir planlamas\u0131, drenaj sistemleri ve uzak b\u00f6lgeleri birbirine ba\u011flayan ticaret yollar\u0131yla \u0130ndus Vadisi uygarl\u0131\u011f\u0131 ortaya \u00e7\u0131kt\u0131.<\/p>\n\n\n\n<p>M\u00d6 1200 civar\u0131nda Hint-Avrupa dili olan Sanskrit\u00e7e kuzeybat\u0131dan geldi. Arkaik Sanskrit\u00e7e yaz\u0131lm\u0131\u015f ilahiler, daha sonra Hinduizm olarak adland\u0131r\u0131lan \u015feye d\u00f6n\u00fc\u015fen inan\u00e7lar\u0131 belgelemektedir. Kuzey b\u00f6lgelerinde eski Dravid dilleri yerini b\u0131rak\u0131rken, g\u00fcneyde varl\u0131\u011f\u0131n\u0131 s\u00fcrd\u00fcrd\u00fc. M\u00d6 birinci biny\u0131l\u0131n ortalar\u0131nda Hindu gelene\u011finde kat\u0131 toplumsal tabakalar ortaya \u00e7\u0131kt\u0131. Ayn\u0131 zamanda alternatif yollar ortaya \u00e7\u0131kt\u0131: Budizm ve Jainizm kal\u0131tsal stat\u00fcy\u00fc reddetti ve etik uygulama ve ki\u015fisel i\u00e7g\u00f6r\u00fc \u00e7a\u011fr\u0131s\u0131nda bulundu.<\/p>\n\n\n\n<p>\u0130lk b\u00fcy\u00fck \u00f6l\u00e7ekli siyasi yap\u0131lar - Maurya ve Gupta imparatorluklar\u0131 - kuzeydeki geni\u015f topraklar\u0131 birle\u015ftirdi. Entelekt\u00fcel ya\u015fam geli\u015fti: bilginler matematik ve astronomi geli\u015ftirdiler; sanat\u00e7\u0131lar ta\u015f ve bronzdan heykeller \u00fcrettiler. Yine de toplumsal e\u015fitsizlikler derinle\u015fti ve dokunulmazl\u0131k kavramlar\u0131 daha da yerle\u015fik hale geldi.<\/p>\n\n\n\n<p>G\u00fcney Hindistan&#039;da, Chola ve Pallava gibi krall\u0131klar Bengal K\u00f6rfezi&#039;nden G\u00fcneydo\u011fu Asya&#039;ya yaz\u0131lar, edebiyat ve dini formlar ihra\u00e7 etti. Ticaret, baharatlar\u0131, tekstilleri ve felsefeleri Endonezya tak\u0131madalar\u0131na ve \u00f6tesine ta\u015f\u0131d\u0131.<\/p>\n\n\n\n<p>Erken orta\u00e7a\u011f d\u00f6neminden itibaren, alt k\u0131tan\u0131n bat\u0131 ve g\u00fcney k\u0131y\u0131lar\u0131 yeni inan\u00e7lar\u0131 memnuniyetle kar\u015f\u0131lad\u0131. Yahudilik, Hristiyanl\u0131k, Zerd\u00fc\u015ftl\u00fck ve \u0130slam liman kentlerinde k\u00f6k sald\u0131. Kuzeyde, Orta Asya&#039;dan gelen ordular\u0131n ard\u0131\u015f\u0131k ak\u0131nlar\u0131 Delhi Sultanl\u0131\u011f\u0131&#039;na yol a\u00e7t\u0131 - kuzey Hindistan&#039;\u0131 k\u0131talararas\u0131 a\u011flara \u00f6ren bir \u0130slami siyasi yap\u0131.<\/p>\n\n\n\n<p>Bu arada, g\u00fcneydeki Vijayanagara \u0130mparatorlu\u011fu Hindu k\u00fclt\u00fcrel \u00e7er\u00e7evelerini onaylad\u0131. Pencap&#039;ta, Sihizm dini hiyerar\u015finin reddedilmesi etraf\u0131nda \u015fekillendi. 1526&#039;da Bab\u00fcr hanedan\u0131, iki y\u00fczy\u0131l boyunca g\u00f6receli istikrar\u0131 denetleyen bir krall\u0131k kurdu. Mimarinin himayesi, kubbeleri, kemerleri ve kakma mermerleri art\u0131k d\u00fcnyan\u0131n d\u00f6rt bir yan\u0131ndan ziyaret\u00e7ileri \u00e7eken an\u0131tlar\u0131n ortaya \u00e7\u0131kmas\u0131na neden oldu.<\/p>\n\n\n\n<p>1600&#039;lerin ba\u015flar\u0131ndan itibaren, \u0130ngiliz Do\u011fu Hindistan \u015eirketi kontrol\u00fcn\u00fc geni\u015fletti. Yerel ekonomiler, hammadde tedarik etmek ve ithal mallar sat\u0131n almak i\u00e7in yeniden y\u00f6nlendirildi. 1858&#039;de, \u015firket y\u00f6netimine kar\u015f\u0131 bir ayaklanman\u0131n ard\u0131ndan, Ta\u00e7 do\u011frudan y\u00f6netimi \u00fcstlendi. Altyap\u0131 yat\u0131r\u0131mlar\u0131 demiryollar\u0131n\u0131, telgraflar\u0131 ve \u00fcniversiteleri tan\u0131tt\u0131.<\/p>\n\n\n\n<p>On dokuzuncu y\u00fczy\u0131l\u0131n sonlar\u0131nda ve yirminci y\u00fczy\u0131l\u0131n ba\u015flar\u0131nda Hintli d\u00fc\u015f\u00fcn\u00fcrler modern siyasi fikirleri emperyalizm ele\u015ftirileriyle sentezlediler. \u015eiddet i\u00e7ermeyen direni\u015fe adanm\u0131\u015f bir hareket, sosyal tabakalar aras\u0131nda milyonlarca insan\u0131 kademeli olarak harekete ge\u00e7irdi. A\u011fustos 1947&#039;de Britanya Hint \u0130mparatorlu\u011fu dini gerek\u00e7elerle iki dominyona b\u00f6l\u00fcnd\u00fc: Hindistan ve Pakistan. Bunu kitlesel g\u00f6\u00e7 ve toplumsal \u015fiddet izledi ve y\u00fcz binlerce can ald\u0131.<\/p>\n\n\n\n<p>26 Ocak 1950&#039;de Hindistan, parlamenter sistemli egemen bir cumhuriyet oldu. Anayasas\u0131 evrensel yeti\u015fkin oy hakk\u0131n\u0131, temel haklar\u0131 ve g\u00fc\u00e7ler ayr\u0131l\u0131\u011f\u0131n\u0131 g\u00fcvence alt\u0131na ald\u0131. Eyaletler 1956&#039;da yerel kimlik ile ulusal birli\u011fi dengeleyen dilsel hatlar boyunca yeniden d\u00fczenlendi.<\/p>\n\n\n\n<p>N\u00fcfusun 361 milyon oldu\u011fu 1951&#039;deki ilk n\u00fcfus say\u0131m\u0131ndan bu yana Hindistan, 2023&#039;e kadar 1,4 milyar\u0131n \u00fczerinde n\u00fcfusa ula\u015ft\u0131. Okuryazarl\u0131k ,6&#039;dan &#039;e y\u00fckseldi ve ki\u015fi ba\u015f\u0131na d\u00fc\u015fen y\u0131ll\u0131k gelir yakla\u015f\u0131k 64 ABD dolar\u0131ndan 2.600 ABD dolar\u0131n\u0131n \u00fczerine \u00e7\u0131kt\u0131. 1991 \u00f6demeler dengesi krizinden sonraki ekonomik reformlar bir\u00e7ok korumac\u0131 \u00f6nlemi ortadan kald\u0131rd\u0131. B\u00fcy\u00fcme, yirmi y\u0131l boyunca y\u0131lda ortalama %6&#039;ya yak\u0131n oldu ve Hindistan&#039;\u0131 en h\u0131zl\u0131 geni\u015fleyen b\u00fcy\u00fck ekonomiler aras\u0131na yerle\u015ftirdi.<\/p>\n\n\n\n<p>Yoksulluk e\u015fitsizlik artarken bile azald\u0131. Orta s\u0131n\u0131f\u0131n b\u00fcy\u00fcmesi, \u00f6zellikle bilgi teknolojisinde, Hint firmalar\u0131n\u0131n k\u00fcresel liderler aras\u0131nda yer ald\u0131\u011f\u0131 hizmetlere olan talebi k\u00f6r\u00fckl\u00fcyor. Film ve m\u00fczik ihracat\u0131\u2014\u00f6zellikle Hint\u00e7e film end\u00fcstrisinden\u2014\u00fclkenin k\u00fclt\u00fcrel eri\u015fimini geni\u015fletti.<\/p>\n\n\n\n<p>Hindistan, bir zamanlar Gondwana&#039;n\u0131n bir par\u00e7as\u0131 olan Hint Plakas\u0131&#039;n\u0131n \u00fczerinde yer al\u0131r. Yakla\u015f\u0131k 75 milyon y\u0131l \u00f6nce ba\u015flayan plaka kuzeye do\u011fru s\u00fcr\u00fcklenerek Avrasya ile \u00e7arp\u0131\u015ft\u0131 ve Himalayalar&#039;\u0131 kald\u0131rd\u0131. G\u00fcneylerinde, bu gen\u00e7 da\u011flardan y\u0131kanan tortular d\u00fcz Indo-Gangetic Ovas\u0131&#039;n\u0131 olu\u015fturdu. Daha bat\u0131da, antik Aravalli s\u0131rada\u011flar\u0131 orijinal plakan\u0131n hala ovalar\u0131n \u00fczerinde \u00e7\u0131k\u0131nt\u0131 yapt\u0131\u011f\u0131 yeri i\u015faretler ve Thar \u00c7\u00f6l\u00fc&#039;n\u00fcn yay\u0131lmas\u0131n\u0131 engeller.<\/p>\n\n\n\n<p>Yar\u0131mada blo\u011fu -jeolojik olarak sabit ve eski- kuzeye Satpura ve Vindhya s\u0131rada\u011flar\u0131na kadar uzan\u0131r. G\u00fcneyde, yama\u00e7lar\u0131nda bir milyar y\u0131ldan daha eski kaya olu\u015fumlar\u0131 bulunan Bat\u0131 ve Do\u011fu Ghatlar\u0131 ile \u00e7evrili Deccan Platosu&#039;nu olu\u015fturur.<\/p>\n\n\n\n<p>K\u0131y\u0131 \u015feritleri 7.517 kilometre boyunca uzan\u0131r, \u00fc\u00e7te ikisi anakara boyunca ve \u00fc\u00e7te biri ada zincirlerindedir. Neredeyse yar\u0131s\u0131 \u00e7amur d\u00fczl\u00fckleri ve batakl\u0131klardan olu\u015fur; geri kalan\u0131 kumlu koylar ve kayal\u0131k k\u0131y\u0131lar aras\u0131nda b\u00f6l\u00fcnm\u00fc\u015ft\u00fcr. A\u00e7\u0131k denizde Lakshadweep mercan adalar\u0131 ve Myanmar, Tayland ve Endonezya ile deniz s\u0131n\u0131rlar\u0131n\u0131 payla\u015fan volkanik Andaman ve Nicobar tak\u0131madalar\u0131 yer al\u0131r.<\/p>\n\n\n\n<p>Himalayalar&#039;da do\u011fan nehirler - Ganj ve kollar\u0131 Yamuna ve Kosi ile Brahmaputra - Bengal K\u00f6rfezi&#039;ne akar. D\u00fc\u015f\u00fck e\u011fimleri ve a\u011f\u0131r silt y\u00fckleri, ta\u015fk\u0131n e\u011filimli ta\u015fk\u0131n yataklar\u0131 olu\u015fturur. Yar\u0131mada Hindistan&#039;da Godavari, Krishna, Mahanadi ve Kaveri gibi nehirler do\u011fuya akar; Narmada ve Tapti bat\u0131ya do\u011fru y\u00f6nelir. K\u0131y\u0131 \u00f6zellikleri aras\u0131nda Rann of Kutch&#039;un mevsimsel batakl\u0131klar\u0131 ve Banglade\u015f ile payla\u015f\u0131lan bir mangrov labirenti olan Sundarbans deltas\u0131 bulunur.<\/p>\n\n\n\n<p>Hindistan&#039;\u0131n iklimi iki co\u011frafi etkene ba\u011fl\u0131d\u0131r: Himalayalar so\u011fuk k\u0131tasal r\u00fczgarlar\u0131 engeller ve Thar \u00c7\u00f6l\u00fc nem y\u00fckl\u00fc muson ak\u0131mlar\u0131n\u0131 \u00e7eker. Haziran ve Ekim aylar\u0131 aras\u0131nda g\u00fcneybat\u0131 musonu y\u0131ll\u0131k ya\u011f\u0131\u015f\u0131n \u00e7o\u011funu sa\u011flar. D\u00f6rt ana iklim t\u00fcr\u00fc ortaya \u00e7\u0131kar: tropikal \u0131slak, tropikal kuru, subtropikal nemli ve da\u011fl\u0131k.<\/p>\n\n\n\n<p>On yedi mega\u00e7e\u015fitli \u00fclkeden biri olarak belirlenen Hindistan, d\u00fcnya memeli t\u00fcrlerinin %8,6&#039;s\u0131na, ku\u015flar\u0131n ,7&#039;sine ve \u00f6nemli miktarda s\u00fcr\u00fcngen, amfibi ve bitkiye ev sahipli\u011fi yapmaktad\u0131r. Floras\u0131n\u0131n \u00fc\u00e7te biri ba\u015fka hi\u00e7bir yerde bulunmamaktad\u0131r. S\u0131n\u0131rlar\u0131 d\u00f6rt k\u00fcresel biyo\u00e7e\u015fitlilik merkeziyle \u00f6rt\u00fc\u015fmektedir: habitat kayb\u0131ndan kaynaklanan tehdit alt\u0131nda olan istisnai endemizm b\u00f6lgeleri.<\/p>\n\n\n\n<p>Korunan alanlar Bengal kaplanlar\u0131na, Asya aslanlar\u0131na, Asya fillerine ve say\u0131s\u0131z az bilinen t\u00fcre ev sahipli\u011fi yapar. Loktak G\u00f6l\u00fc&#039;ndeki Keibul Lamjao, nesli t\u00fckenmekte olan Sangai geyiklerini destekleyen phumdis \u00fczerinde y\u00fczer. Shirui Milli Park\u0131, yaln\u0131zca yama\u00e7lar\u0131nda \u00e7i\u00e7ek a\u00e7an bir kara zambak\u0131na ev sahipli\u011fi yapar. Ranthambhore ve Bandhavgarh vah\u015fi kaplanlara dair g\u00f6r\u00fcnt\u00fcler sunar; Gir, son Asya aslanlar\u0131n\u0131 korur; Kaziranga, geli\u015fen tek boynuzlu gergedan pop\u00fclasyonunu s\u00fcrd\u00fcr\u00fcr.<\/p>\n\n\n\n<p>Hindistan Cumhuriyeti 28 eyalet ve 8 birlik b\u00f6lgesinden olu\u015fur. T\u00fcm eyaletler ve baz\u0131 b\u00f6lgeler yasama organlar\u0131n\u0131 ve h\u00fck\u00fcmetleri se\u00e7er; di\u011ferleri do\u011frudan federal y\u00f6netim alt\u0131nda kal\u0131r. K\u00f6y, blok, il\u00e7e ve belediye d\u00fczeylerindeki yerel organlar \u00e7eyrek milyonu a\u015farak tabandan y\u00f6netime olan ba\u011fl\u0131l\u0131\u011f\u0131 yans\u0131t\u0131r.<\/p>\n\n\n\n<p>2023&#039;te yakla\u015f\u0131k 1,43 milyar insanla Hindistan, t\u00fcm insanlar\u0131n neredeyse alt\u0131da birini olu\u015fturuyor. 2001&#039;den 2011&#039;e kadar n\u00fcfusu ,6 artt\u0131. 2011&#039;de 1.000 erke\u011fe 940 kad\u0131n d\u00fc\u015fen cinsiyet oran\u0131 ve 2020&#039;de 29&#039;a yak\u0131n ortanca ya\u015f, gen\u00e7 bir n\u00fcfusa i\u015faret ediyor. Ye\u015fil Devrim de dahil olmak \u00fczere sa\u011fl\u0131k ve tar\u0131msal geli\u015fmeler, yirminci y\u00fczy\u0131l\u0131n sonlar\u0131nda h\u0131zl\u0131 b\u00fcy\u00fcmeye yol a\u00e7t\u0131.<\/p>\n\n\n\n<p>Bir\u00e7ok dil ve yaz\u0131, eski k\u00f6klere ve daha yeni gelenlere ba\u011flan\u0131r. Dini topluluklar -Hindu, M\u00fcsl\u00fcman, Hristiyan, Sih, Jain, Budist, Zerd\u00fc\u015ft ve di\u011ferleri- b\u00f6lgesel gelenekler aras\u0131nda bir arada ya\u015far. Kast ayr\u0131mc\u0131l\u0131\u011f\u0131na kar\u015f\u0131 yasal yasaklara ra\u011fmen, sosyal tabakala\u015fma devam eder. Cinsiyet e\u015fitsizli\u011fi ve \u00e7ocuk yetersiz beslenmesi zorluklar olmaya devam eder. H\u0131zl\u0131 kentle\u015fme ve sanayile\u015fme, \u00f6zellikle Indo-Ganj ku\u015fa\u011f\u0131nda hava kirlili\u011fini art\u0131rd\u0131.<\/p>\n\n\n\n<p>2024&#039;te Hindistan&#039;\u0131n nominal GSY\u0130H&#039;si 4 trilyon ABD dolar\u0131na yakla\u015farak k\u00fcresel olarak be\u015finci s\u0131rada yer ald\u0131; sat\u0131n alma g\u00fcc\u00fc a\u00e7\u0131s\u0131ndan 15 trilyon ABD dolar\u0131na yak\u0131nd\u0131. Yine de ki\u015fi ba\u015f\u0131na d\u00fc\u015fen gelir \u00e7o\u011fu vatanda\u015f\u0131 daha d\u00fc\u015f\u00fck gelir dilimlerine yerle\u015ftiriyor. Hizmetler\u2014\u00f6zellikle BT ve finans\u2014b\u00fcy\u00fcmeyi y\u00f6nlendiriyor; tar\u0131m hala i\u015f g\u00fcc\u00fcn\u00fcn \u00fc\u00e7te birini istihdam ediyor ancak \u00e7\u0131kt\u0131n\u0131n y\u00fczde 15&#039;inden az\u0131na katk\u0131da bulunuyor. \u00dcretim GSY\u0130H&#039;nin yakla\u015f\u0131k d\u00f6rtte birini olu\u015fturuyor. D\u0131\u015f ticaret ve yat\u0131r\u0131m, 1995&#039;te D\u00fcnya Ticaret \u00d6rg\u00fct\u00fc&#039;ne kat\u0131ld\u0131\u011f\u0131ndan beri geni\u015fledi.<\/p>\n\n\n\n<p>Hindistan&#039;daki medeniyet 4.500 y\u0131l\u0131 a\u015fk\u0131n bir s\u00fcreye yay\u0131lm\u0131\u015ft\u0131r. Vedik \u00e7a\u011fda (M\u00d6 1700-500 civar\u0131) temel kavramlar - dharma, karma, yoga, moksha - \u015fekillendi. Felsefi okullar metafizik ve etik \u00fczerine tart\u0131\u015ft\u0131lar; epik \u015fiir ahlaki ikilemleri anlatt\u0131. Y\u00fczy\u0131llar boyunca dini hareketler - Bhakti ba\u011fl\u0131l\u0131\u011f\u0131, Tantrik uygulama ve Budist ve Jain skolastisizmi - manevi s\u00f6ylemi \u00e7e\u015fitlendirdi.<\/p>\n\n\n\n<p>Mimarl\u0131k bu ak\u0131mlar\u0131 ifade eder. Tap\u0131naklar Vastu Shastra prensiplerini takip eder ve insan meskenlerini kozmik desenlerle hizalar. Tac Mahal&#039;in beyaz mermer simetrisi Bab\u00fcr zarafetini yans\u0131t\u0131r; G\u00fcney Hindistan&#039;da Dravidian gopuramlar\u0131 katmanl\u0131 katmanlar halinde y\u00fckselir. Hint-Sarazen R\u00f6nesans\u0131, sivil binalarda ve saraylarda s\u00f6m\u00fcrge ve yerli formlar\u0131 harmanlad\u0131.<\/p>\n\n\n\n<p>Geleneksel olarak kad\u0131nlar, v\u00fccudun etraf\u0131na sar\u0131lm\u0131\u015f bir kuma\u015f par\u00e7as\u0131 olan sari&#039;yi, choli bluz ve kombinezonla birlikte giyerlerdi. Erkeklerin alt v\u00fccut giysisi olan dhoti, on d\u00f6rd\u00fcnc\u00fc y\u00fczy\u0131l M\u00fcsl\u00fcman y\u00f6netiminin ard\u0131ndan yerini diki\u015fli pantolonlara (pijama ve churidar) b\u0131rakt\u0131. G\u00fcn\u00fcm\u00fczde \u015fehirli profesyoneller pantolon ve g\u00f6mlekleri tercih ediyor; resmi durumlar sherwani&#039;leri, bandhgala&#039;lar\u0131 ve sari&#039;leri canland\u0131r\u0131yor.<\/p>\n\n\n\n<p>Yemekler tah\u0131l bazl\u0131d\u0131r - pirin\u00e7 veya \u00e7apati - baharatl\u0131 mercimek, sebzeler, et veya bal\u0131k e\u015fli\u011finde. Ki\u015fni\u015f, kimyon, zerde\u00e7al, kakule ve di\u011fer baharatlar\u0131n kar\u0131\u015f\u0131mlar\u0131 b\u00f6lgesel profilleri belirler. G\u00fcney Hindistan kahvalt\u0131lar\u0131nda idli ve dosa bulunur; kuzey thalileri \u00e7e\u015fitli ekmekler, k\u00f6riler ve tatl\u0131lar sunar.<\/p>\n\n\n\n<p>Davran\u0131\u015flar b\u00f6lgeye g\u00f6re b\u00fcy\u00fck \u00f6l\u00e7\u00fcde de\u011fi\u015fir. Mumbai&#039;de nazik g\u00f6r\u00fcnen \u015fey (taksimetre kullanmak ve para \u00fcst\u00fc kabul etmek) Delhi&#039;de veya daha k\u00fc\u00e7\u00fck kasabalarda farkl\u0131 olabilir. Ziyaret\u00e7iler uyumlu kalmal\u0131d\u0131r. Hintliler sohbette genellikle do\u011frudand\u0131r; eufemizmler kafa kar\u0131\u015f\u0131kl\u0131\u011f\u0131na yol a\u00e7ar. Aile, maa\u015f veya e\u011fitimle ilgili ki\u015fisel sorular genellikle s\u0131cakl\u0131\u011f\u0131n sinyalini verir.<\/p>\n\n\n\n<p>Sayg\u0131 (&#034;efendim&#034;, &#034;han\u0131mefendi&#034;) hitaplar\u0131 b\u00fcy\u00fcklere uygundur. Aile \u00e7ekirdek birimin \u00f6tesine uzan\u0131r ve ebeveynlerle ya\u015famak kar\u015f\u0131l\u0131kl\u0131 deste\u011fi yans\u0131t\u0131r. Kast sistemi art\u0131k yasal bir a\u011f\u0131rl\u0131k ta\u015f\u0131maz ancak sosyal etkile\u015fimleri renklendirir. Ten rengi \u00f6nyarg\u0131lar\u0131 hem yabanc\u0131lara hem de Hintlilerin kendilerine kar\u015f\u0131 devam eder. Afrika k\u00f6kenli Siddiler ve Anglo-Hintliler gibi az\u0131nl\u0131k topluluklar\u0131 tan\u0131nma ve dahil olma konusunda belirgin zorluklarla kar\u015f\u0131 kar\u015f\u0131yad\u0131r.<\/p>\n\n\n\n<p>Agra&#039;daki Tac Mahal, Delhi&#039;deki Kutub Minar ve K\u0131z\u0131l Kale ve Jaipur&#039;daki saraylar gibi an\u0131tlar Hindistan&#039;\u0131n katmanl\u0131 ge\u00e7mi\u015fine tan\u0131kl\u0131k ediyor. Nalanda&#039;n\u0131n kal\u0131nt\u0131lar\u0131 erken d\u00f6nem Budist bilginli\u011fini \u00e7a\u011fr\u0131\u015ft\u0131r\u0131yor; Gandhi&#039;nin Ahmedabad&#039;daki a\u015fram\u0131 siyasi m\u00fccadelenin kay\u0131tlar\u0131n\u0131 koruyor.<\/p>\n\n\n\n<p>Tap\u0131nak kompleksleri Khajuraho&#039;nun oyma duvarlar\u0131ndan Madurai&#039;deki Meenakshi Amman&#039;\u0131n s\u00fctunlu salonlar\u0131na kadar uzan\u0131r. Ganj boyunca Varanasi&#039;nin ghatlar\u0131, binlerce y\u0131ll\u0131k gelenekleri yans\u0131tan do\u011fum ve \u00f6l\u00fcm rit\u00fcellerine ev sahipli\u011fi yapar. Tepe istasyonlar\u0131 - Srinagar, Darjeeling, Shimla, Ooty, Gangtok - yaz s\u0131ca\u011f\u0131ndan kurtulma imk\u00e2n\u0131 sunar.<\/p>\n\n\n\n<p>K\u0131y\u0131 \u015feridindeki inziva yerleri aras\u0131nda Goa&#039;n\u0131n plajlar\u0131 ve Andaman Adalar\u0131&#039;n\u0131n mercan resifleri yer al\u0131r. Bat\u0131 Rajasthan&#039;da Thar \u00c7\u00f6l\u00fc, Jaisalmer&#039;den deve safarileri sunar. Gir&#039;in aslanlar\u0131ndan Kaziranga&#039;n\u0131n gergedanlar\u0131na kadar vah\u015fi ya\u015fam rezervleri, do\u011fal kar\u015f\u0131la\u015fmalar arayanlar\u0131 davet eder, ancak ba\u015far\u0131 sabra ve zamanlamaya ba\u011fl\u0131d\u0131r.<\/p>\n\n\n\n<p>Hindistan&#039;\u0131n karma\u015f\u0131kl\u0131\u011f\u0131 basit bir \u00f6zete meydan okur. Arazisi karla kapl\u0131 zirvelerden tropikal adalara kadar uzan\u0131r; dilleri y\u00fczlercedir; inan\u00e7lar\u0131 rit\u00fcel ba\u011fl\u0131l\u0131ktan kat\u0131 \u00e7ilecili\u011fe kadar uzanan felsefeleri kapsar. Y\u00fczy\u0131llarca s\u00fcren icat, fetih, de\u011fi\u015fim ve adaptasyon, ta\u015f, metin ve geleneklerde izler b\u0131rakm\u0131\u015ft\u0131r. Bir milyardan fazla vatanda\u015f\u0131 olan federal bir cumhuriyet olarak, \u00e7o\u011fu modern devletten daha eski gelenekleri s\u00fcrd\u00fcr\u00fcrken b\u00fcy\u00fcme, e\u015fitsizlik ve \u00e7evresel bask\u0131larla bo\u011fu\u015fmaktad\u0131r. Hindistan&#039;\u0131 kavramak, onun z\u0131tl\u0131klar\u0131na dikkat etmektir - toprak ve dilde, refah ve yoksullukta, \u00e7\u0131\u011f\u0131r a\u00e7an an\u0131tlarda ve g\u00fcnl\u00fck rit\u00fcellerde - ve ge\u00e7mi\u015fini silmeden kendini s\u00fcrekli yeniden tan\u0131mlayan bir toplumu tan\u0131makt\u0131r.<\/p>","protected":false},"excerpt":{"rendered":"<p>D\u00fcnyan\u0131n en kalabal\u0131k \u00fclkesi ve kara alan\u0131na g\u00f6re yedinci b\u00fcy\u00fck \u00fclkesi olan Hindistan, G\u00fcney Asya&#039;da yer alan ola\u011fan\u00fcst\u00fc \u00e7e\u015fitlili\u011fe ve b\u00fcy\u00fcleyici bir tarihe sahip bir \u00fclkedir. 2023 itibar\u0131yla Hindistan, 1,4 milyar\u0131 a\u015fan ola\u011fan\u00fcst\u00fc bir n\u00fcfusa sahip olarak \u00c7in&#039;i zarif bir \u015fekilde geride b\u0131rakarak d\u00fcnyan\u0131n en kalabal\u0131k \u00fclkesi haline gelmi\u015ftir. Bu geni\u015f \u00fclke, g\u00fcneyde Hint Okyanusu, g\u00fcneybat\u0131da Arap Denizi ve g\u00fcneydo\u011fuda Bengal K\u00f6rfezi ile \u00e7evrili yakla\u015f\u0131k 3,3 milyon kilometrekarelik bir alan\u0131 kaplamaktad\u0131r. Hindistan, bat\u0131da Pakistan da dahil olmak \u00fczere bir dizi \u00fclke ile s\u0131n\u0131r kom\u015fusudur ve kuzeyde \u00c7in, Nepal ve Bhutan ile \u00e7evrilidir; do\u011fusunda ise Banglade\u015f ve Myanmar yer almaktad\u0131r. Ayr\u0131ca, Hint Okyanusu&#039;nda yer alan Hindistan&#039;\u0131n Andaman ve Nikobar Adalar\u0131, Tayland, Myanmar ve Endonezya ile zarif bir \u015fekilde deniz s\u0131n\u0131rlar\u0131n\u0131 payla\u015fmaktad\u0131r.<\/p>","protected":false},"author":1,"featured_media":3668,"parent":24063,"menu_order":0,"comment_status":"closed","ping_status":"closed","template":"elementor_theme","meta":{"_eb_attr":"","footnotes":""},"class_list":["post-15052","page","type-page","status-publish","has-post-thumbnail"],"_links":{"self":[{"href":"https:\/\/travelshelper.com\/tr\/wp-json\/wp\/v2\/pages\/15052","targetHints":{"allow":["GET"]}}],"collection":[{"href":"https:\/\/travelshelper.com\/tr\/wp-json\/wp\/v2\/pages"}],"about":[{"href":"https:\/\/travelshelper.com\/tr\/wp-json\/wp\/v2\/types\/page"}],"author":[{"embeddable":true,"href":"https:\/\/travelshelper.com\/tr\/wp-json\/wp\/v2\/users\/1"}],"replies":[{"embeddable":true,"href":"https:\/\/travelshelper.com\/tr\/wp-json\/wp\/v2\/comments?post=15052"}],"version-history":[{"count":0,"href":"https:\/\/travelshelper.com\/tr\/wp-json\/wp\/v2\/pages\/15052\/revisions"}],"up":[{"embeddable":true,"href":"https:\/\/travelshelper.com\/tr\/wp-json\/wp\/v2\/pages\/24063"}],"wp:featuredmedia":[{"embeddable":true,"href":"https:\/\/travelshelper.com\/tr\/wp-json\/wp\/v2\/media\/3668"}],"wp:attachment":[{"href":"https:\/\/travelshelper.com\/tr\/wp-json\/wp\/v2\/media?parent=15052"}],"curies":[{"name":"wp","href":"https:\/\/api.w.org\/{rel}","templated":true}]}}