{"id":15033,"date":"2024-09-20T14:08:14","date_gmt":"2024-09-20T14:08:14","guid":{"rendered":"https:\/\/travelshelper.com\/staging\/?page_id=15033"},"modified":"2026-03-11T17:39:31","modified_gmt":"2026-03-11T17:39:31","slug":"tel-aviv","status":"publish","type":"page","link":"https:\/\/travelshelper.com\/tr\/destinations\/asia\/israel\/tel-aviv\/","title":{"rendered":"Tel Aviv"},"content":{"rendered":"<p>Tel Aviv-Yafo, genellikle sadece Tel Aviv olarak an\u0131l\u0131r, \u0130srail&#039;in Akdeniz k\u0131y\u0131s\u0131nda, antik ta\u015flar\u0131n ve modern \u00e7eli\u011fin sessiz bir uyum i\u00e7inde bir arada var oldu\u011fu bir z\u0131tl\u0131klar \u015fehri olarak durur. Yahudi \u00f6nc\u00fcler taraf\u0131ndan 1909&#039;da Ahuzat Bayit ad\u0131yla kurulan yerle\u015fim, bir zamanlar Osmanl\u0131 d\u00f6neminden kalma Yafa liman\u0131n\u0131n s\u0131n\u0131r\u0131nda bulunan kum tepeciklerinden do\u011fmu\u015ftur. Bir y\u0131l i\u00e7inde, Nahum Sokolow&#039;un Theodor Herzl&#039;in Altneuland roman\u0131n\u0131n \u0130branice \u00e7evirisinden \u00f6d\u00fcn\u00e7 al\u0131nan Tel Aviv - &#039;Bahar\u0131n Telleri&#039; - ad\u0131n\u0131 ald\u0131. 1934&#039;te Tel Aviv, Yafa belediyesinden ayr\u0131lm\u0131\u015ft\u0131; 1950&#039;de hem modern kalbini hem de bin y\u0131ll\u0131k ge\u00e7mi\u015fini yans\u0131tan Tel Aviv-Yafo ad\u0131 alt\u0131nda resmen yeniden birle\u015fti.<\/p>\n\n\n\n<p>Co\u011frafi olarak Tel Aviv, yakla\u015f\u0131k 32\u00b005\u2032K, 34\u00b048\u2032D&#039;de yakla\u015f\u0131k 52 kilometrekarelik d\u00fcz k\u0131y\u0131 ovas\u0131n\u0131 kaplar. Bat\u0131 s\u0131n\u0131r\u0131, u\u00e7urumlar ve tembel kumlarla ta\u00e7land\u0131r\u0131lm\u0131\u015f Akdeniz&#039;i \u00e7evrelerken, i\u00e7 kesimlerde Yarkon Nehri yemye\u015fil bir sa\u00e7ak olu\u015fturur. Topraklar\u0131 kumlu ve d\u00fc\u015f\u00fck verimli olmas\u0131na ra\u011fmen, \u015fehir planlamac\u0131lar\u0131n\u0131n m\u00fcdahaleleri \u2014 Patrick Geddes&#039;in bah\u00e7e-\u015fehir plan\u0131ndan, yak\u0131n zamanda i\u015flevsiz bir elektrik santralinin Gan HaHashmal park\u0131na d\u00f6n\u00fc\u015ft\u00fcr\u00fclmesine kadar \u2014 kentsel dokuya ye\u015fil alan i\u015fledi. Bug\u00fcn, parklar \u015fehrin alan\u0131n\u0131n yakla\u015f\u0131k be\u015fte birini kapl\u0131yor: Sadece Yarkon Park\u0131 y\u0131lda yakla\u015f\u0131k 16 milyon ziyaret\u00e7iyi a\u011f\u0131rl\u0131yor ve Earth Hour i\u00e7in yap\u0131lan y\u0131ll\u0131k karartma, belediyenin Tel Aviv&#039;in \u0130srail&#039;in en ye\u015fil \u015fehri stat\u00fcs\u00fcne duydu\u011fu gururun kan\u0131t\u0131.<\/p>\n\n\n\n<p>1960&#039;lar\u0131n ba\u015f\u0131nda yakla\u015f\u0131k 390.000&#039;lik demografik zirveden, Tel Aviv&#039;in n\u00fcfusu 1990&#039;larda b\u00fcy\u00fcmeye devam etmeden \u00f6nce 1980&#039;lerde yakla\u015f\u0131k 317.000&#039;e d\u00fc\u015ft\u00fc. 2025 itibar\u0131yla, yakla\u015f\u0131k yar\u0131m milyon sakin buray\u0131 evleri olarak adland\u0131r\u0131yor ve mevcut kentsel planlara g\u00f6re 2035&#039;e kadar 600.000&#039;e \u00e7\u0131kmas\u0131 \u00f6ng\u00f6r\u00fcl\u00fcyor. A\u015fkenazi, Sefarad, Mizrahi, Etiyopyal\u0131, Orta Asyal\u0131 ve di\u011ferleri gibi farkl\u0131 k\u00f6kenlere sahip Yahudiler, n\u00fcfusun y\u00fczde 90&#039;\u0131ndan fazlas\u0131n\u0131 olu\u015ftururken, Arap M\u00fcsl\u00fcmanlar, Hristiyanlar, D\u00fcrziler ve s\u0131n\u0131fland\u0131r\u0131lmam\u0131\u015f gruplar geri kalan\u0131n\u0131 dolduruyor. \u0130branice h\u00fck\u00fcm s\u00fcr\u00fcyor, ancak sokaklarda Rus\u00e7a, Arap\u00e7a, \u0130ngilizce ve bir dizi Afrika ve Asya dili canlan\u0131yor. Yabanc\u0131 i\u015f\u00e7iler ve m\u00fcltecilerden olu\u015fan \u00f6nemli bir grup \u00e7o\u011funlukla g\u00fcneyde ikamet ediyor ve mahallelere katmanl\u0131 sosyal dokular a\u015f\u0131l\u0131yor.<\/p>\n\n\n\n<p>Sosyoekonomik i\u015faretler Tel Aviv&#039;i kuzey ve g\u00fcney olarak ikiye ay\u0131r\u0131r. Ramat Aviv ve Afeka gibi kuzey b\u00f6lgeleri l\u00fcks konutlara, Tel Aviv \u00dcniversitesi kamp\u00fcs\u00fcne ve Yarkon Park&#039;\u0131n yemye\u015fil alanlar\u0131na sahiptir. Buna kar\u015f\u0131n g\u00fcney b\u00f6lgeleri, ard\u0131\u015f\u0131k g\u00f6\u00e7lerin ve m\u00fctevaz\u0131 gelirlerin izlerini ta\u015f\u0131r, ancak Neve Tzedek gibi cepler -\u015fehrin 1887&#039;de in\u015fa edilen ilk Yahudi banliy\u00f6s\u00fc- titiz bir restorasyondan ge\u00e7mi\u015ftir ve art\u0131k itibar a\u00e7\u0131s\u0131ndan kuzeyle rekabet etmektedir. Merkezi Tel Aviv, finans ve ticareti Ayalon Otoyolu boyunca yo\u011funla\u015ft\u0131r\u0131r, burada Azrieli Center&#039;\u0131n y\u00fckselen \u00fc\u00e7l\u00fc kulesi, Orta Do\u011fu&#039;da \u0130srail&#039;in ki\u015fi ba\u015f\u0131na d\u00fc\u015fen ikinci b\u00fcy\u00fck ekonomisine ba\u015fkanl\u0131k eder.<\/p>\n\n\n\n<p>Ger\u00e7ekten de Tel Aviv, d\u00fcnyan\u0131n \u00f6nde gelen yenilik motorlar\u0131 aras\u0131nda yer almaktad\u0131r. 2022 K\u00fcresel Finans Merkezleri Endeksi&#039;nde elli \u00fc\u00e7\u00fcnc\u00fc s\u0131rada yer alan beta+ k\u00fcresel bir \u015fehir olan bu \u015fehir, \u0130srail&#039;in y\u00fcksek teknoloji koridoru olan Silikon Vadisi&#039;ne demir atm\u0131\u015ft\u0131r. 1972&#039;de a\u00e7\u0131lan Kiryat Atidim b\u00f6lgesi erken tohumlar\u0131 ekmi\u015ftir; 2010&#039;lara gelindi\u011finde, yeni kurulan \u015firket say\u0131s\u0131 yedi y\u00fcz\u00fc a\u015fm\u0131\u015f ve Tel Aviv&#039;i d\u00f6rd\u00fcnc\u00fc \u00f6nde gelen k\u00fcresel yeni kurulan \u015firket ekosistemi haline getirmi\u015ftir. Yabanc\u0131 el\u00e7ilikler sokaklar\u0131n\u0131 s\u00fcsl\u00fcyor ve her y\u0131l plajlar\u0131, gece hayat\u0131 ve \u015fehrin d\u00fcnyan\u0131n en pahal\u0131 yerle\u015fim yeri olarak \u00fcn\u00fcyle gelen uluslararas\u0131 ziyaret\u00e7iler 2,5 milyonu a\u015f\u0131yor.<\/p>\n\n\n\n<p>Tel Aviv&#039;in m\u00fcze ve k\u00fclt\u00fcrel mekanlar\u0131n\u0131n olu\u015fturdu\u011fu multipleks, bir as\u0131rl\u0131k sanatsal hareketlili\u011fi anlat\u0131r. 2003&#039;ten beri UNESCO D\u00fcnya Miras\u0131 Alan\u0131 olan Beyaz \u015eehir b\u00f6lgesi, 1930&#039;larda Nazizmden ka\u00e7an Avrupal\u0131 \u200b\u200bg\u00f6\u00e7men mimarlar\u0131n kolektif meyvesi olan Uluslararas\u0131 Stil ve Bauhaus mimarisinin be\u015f binden fazla \u00f6rne\u011fini i\u00e7erir. Neve Tzedek ve Rothschild Bulvar\u0131&#039;n\u0131n a\u011fa\u00e7larla \u00e7evrili caddelerinin \u00f6tesinde, simge yap\u0131lar Eretz \u0130srail M\u00fczesi ve Tel Aviv Sanat M\u00fczesi&#039;nden Palmach ve Batey Haosef askeri tarih kurumlar\u0131na kadar uzan\u0131r. Dans ve m\u00fczik, her biri opera, filarmoni konserleri ve \u00e7a\u011fda\u015f dans sahneleyen Suzanne Dellal Merkezi, Heichal HaTarbut ve Tel Aviv Sahne Sanatlar\u0131 Merkezi&#039;nde geli\u015fir.<\/p>\n\n\n\n<p>Jaffa, \u015fehrin ruhu olmaya devam ediyor; Arap ve Yahudi tarihlerinin birle\u015fti\u011fi ta\u015f sokaklardan olu\u015fan bir labirent. Arkeolojik kal\u0131nt\u0131larla dolu olan eski liman\u0131, galerilere, kafelere ve \u00f6zel konutlar\u0131n ve gizli avlular\u0131n halka a\u00e7\u0131ld\u0131\u011f\u0131 y\u0131ll\u0131k A\u00e7\u0131k Ev Tel Aviv&#039;e ev sahipli\u011fi yap\u0131yor. Buradaki ve Florentin&#039;in bohem sokaklar\u0131ndaki restorasyon, Tel Aviv&#039;in &#039;asla uyumayan \u015fehir&#039; lakab\u0131n\u0131 peki\u015ftiren renkli sokak sanat\u0131, ho\u015f kokulu pazarlar ve gece yar\u0131s\u0131 e\u011flencelerine olan ilgiyi geli\u015ftirdi.<\/p>\n\n\n\n<p>Mimari a\u00e7\u0131dan Tel Aviv, sil\u00fcetini yeniden tan\u0131mlamay\u0131 hi\u00e7 b\u0131rakmaz. 1965&#039;te \u0130srail&#039;in ilk g\u00f6kdeleni olarak in\u015fa edilen Shalom Meir Kulesi, 1990&#039;lar\u0131n ortalar\u0131nda g\u00f6kdelenlerin \u00e7o\u011falmas\u0131na yenik d\u00fc\u015ft\u00fc. 2010 tarihli bir ana plan, g\u00f6r\u00fc\u015f hatlar\u0131n\u0131 korumak i\u00e7in k\u0131y\u0131 boyunca daha fazla kuleyi s\u0131n\u0131rland\u0131r\u0131rken, yeni ofis ve otel binalar\u0131n\u0131 Ibn Gabirol Caddesi&#039;nin do\u011fusuna y\u00f6nlendiriyor. Sde Dov Havaalan\u0131&#039;n\u0131n kapat\u0131lmas\u0131, yeni Tel Aviv Hafif Rayl\u0131 Sistemi ve yak\u0131nda a\u00e7\u0131lacak olan metro a\u011f\u0131n\u0131n ula\u015f\u0131m\u0131 ve kentsel yo\u011funlu\u011fu yeniden \u015fekillendirme vaadinde bulunmas\u0131na ra\u011fmen, l\u00fcks g\u00f6kdelenler i\u00e7in sahil \u015feridi arazisini serbest b\u0131rakt\u0131.<\/p>\n\n\n\n<p>\u0130klim kesinlikle Akdeniz iklimidir: Haziran&#039;dan Ekim&#039;e kadar be\u015f ayl\u0131k yazlar s\u00fcrer ve sonbahar veya ilkbahar s\u0131cak hava dalgalar\u0131 s\u0131ras\u0131nda s\u0131cakl\u0131klar\u0131 35\u00b0C&#039;nin \u00fczerine \u00e7\u0131karabilen nemli s\u0131cakl\u0131klarla noktalan\u0131r. K\u0131\u015flar \u0131l\u0131k ve ya\u011f\u0131\u015fl\u0131d\u0131r, ortalama Ocak y\u00fcksekleri 18\u00b0C \u200b\u200bcivar\u0131nda ve d\u00fc\u015f\u00fckleri 10\u00b0C civar\u0131ndad\u0131r; don ve kar neredeyse hi\u00e7 duyulmam\u0131\u015ft\u0131r. Y\u0131ll\u0131k ya\u011f\u0131\u015f toplam\u0131 yakla\u015f\u0131k 528 mm&#039;dir ve Ekim ile Nisan aras\u0131nda yo\u011funla\u015f\u0131r.<\/p>\n\n\n\n<p>Tel Aviv&#039;deki mutfak hayat\u0131, kozmopolit DNA&#039;s\u0131n\u0131 yans\u0131t\u0131r. Yerel yemekler, k\u00fcresel etkilerle men\u00fcleri payla\u015f\u0131r: falafel, y\u00fczlerce su\u015fi bar\u0131n\u0131n yan\u0131nda dururken, hurma \u015furubu ve f\u0131st\u0131kla s\u00fcslenmi\u015f helva dondurmas\u0131, Levant gelene\u011fine tan\u0131kl\u0131k eder. Her mahallede, laik ve dini hassasiyetlere hitap eden kafeler, pazarlar ve restoranlar bulunur.<\/p>\n\n\n\n<p>Ula\u015f\u0131m arterleri \u015fehrin merkezinden yay\u0131l\u0131yor. Ayalon Otoyolu kuzey-g\u00fcney y\u00f6n\u00fcnde uzan\u0131yor ve Hayfa ve Kud\u00fcs&#039;e do\u011fru ulusal rotalara ba\u011flan\u0131yor. Otob\u00fcsler, taksiler (sheruts) ve be\u015f tren istasyonu ayl\u0131k bir milyondan fazla tren yolcusunu ta\u015f\u0131yor, ancak \u015eabat ve festival kutlamalar\u0131 tren hizmetlerini ask\u0131ya al\u0131yor. A\u011fustos 2023&#039;te Hafif Rayl\u0131 Sistem&#039;in ilk K\u0131rm\u0131z\u0131 Hatt\u0131 faaliyete ge\u00e7ti, Mor ve Ye\u015fil hatlar in\u015fa ediliyor ve tam bir metro sistemi 2030&#039;lar\u0131n ba\u015f\u0131nda a\u00e7\u0131lmas\u0131 planlan\u0131yor.<\/p>\n\n\n\n<p>Dini ve laik etkiler resmi kurumlarda ve g\u00fcnl\u00fck pratikte bir arada bulunur. Be\u015f y\u00fczden fazla aktif sinagog, 1930&#039;lar\u0131n B\u00fcy\u00fck Sinagogu&#039;ndan laik Yahudi \u00e7al\u0131\u015fmalar\u0131n\u0131n yeni merkezlerine kadar uzan\u0131r. D\u00fczinelerce kilise diplomatlara ve g\u00f6\u00e7men topluluklara hizmet ederken, belediye yakla\u015f\u0131k iki y\u00fcz bin kat\u0131l\u0131mc\u0131n\u0131n kat\u0131ld\u0131\u011f\u0131 bir gurur y\u00fcr\u00fcy\u00fc\u015f\u00fcn\u00fcn temelini olu\u015fturan bir LGBT topluluk merkezine ev sahipli\u011fi yapar ve Tel Aviv&#039;i k\u00fcresel bir ho\u015fg\u00f6r\u00fc ve kentsel canl\u0131l\u0131k sembol\u00fc haline getirir.<\/p>\n\n\n\n<p>Jaffa&#039;n\u0131n kumullar\u0131nda k\u00fc\u00e7\u00fck bir arazi olarak yeni do\u011fan g\u00fcnlerinden, \u0130srail&#039;in ekonomik ve k\u00fclt\u00fcrel \u00f6nc\u00fcs\u00fc olarak bug\u00fcnk\u00fc konumuna kadar, Tel Aviv-Yafo s\u00fcrekli d\u00f6n\u00fc\u015f\u00fcmle tan\u0131mlanan bir \u015fehir olarak varl\u0131\u011f\u0131n\u0131 s\u00fcrd\u00fcr\u00fcyor. Katmanl\u0131 mahalleleri, canl\u0131 sanat sahnesi ve sembolik plajlar\u0131, tarih ve modernitenin bir araya geldi\u011fi bir yerin hikayesini anlat\u0131yor; insanlar\u0131n, yerin ve amac\u0131n kal\u0131c\u0131 etkile\u015fiminin bir kan\u0131t\u0131.<\/p>","protected":false},"excerpt":{"rendered":"<p>Tel Aviv olarak da bilinen Tel Aviv-Yafo, 474.530 ki\u015filik n\u00fcfusuyla \u0130srail&#039;in Gush Dan metropol b\u00f6lgesinin en kalabal\u0131k \u015fehridir. Manzaral\u0131 \u0130srail Akdeniz k\u0131y\u0131 \u015feridi boyunca yer alan bu dinamik metropol alan\u0131, \u00fclkenin ekonomik ve teknik \u00e7ekirde\u011fi haline gelerek k\u00fcresel bir y\u00fcksek teknoloji merkezi olarak kendini kan\u0131tlam\u0131\u015ft\u0131r. \u015eehrin \u00f6nemi, s\u0131n\u0131rlar\u0131n\u0131n \u00f6tesine ge\u00e7er, \u00e7\u00fcnk\u00fc \u0130srail&#039;in yabanc\u0131 el\u00e7iliklerinin \u00e7o\u011funa ev sahipli\u011fi yaparak uluslararas\u0131 ili\u015fkilerde merkezi bir varl\u0131k olarak rol\u00fcn\u00fc peki\u015ftirir.<\/p>","protected":false},"author":1,"featured_media":3981,"parent":15000,"menu_order":0,"comment_status":"closed","ping_status":"closed","template":"elementor_theme","meta":{"_eb_attr":"","footnotes":""},"class_list":["post-15033","page","type-page","status-publish","has-post-thumbnail"],"_links":{"self":[{"href":"https:\/\/travelshelper.com\/tr\/wp-json\/wp\/v2\/pages\/15033","targetHints":{"allow":["GET"]}}],"collection":[{"href":"https:\/\/travelshelper.com\/tr\/wp-json\/wp\/v2\/pages"}],"about":[{"href":"https:\/\/travelshelper.com\/tr\/wp-json\/wp\/v2\/types\/page"}],"author":[{"embeddable":true,"href":"https:\/\/travelshelper.com\/tr\/wp-json\/wp\/v2\/users\/1"}],"replies":[{"embeddable":true,"href":"https:\/\/travelshelper.com\/tr\/wp-json\/wp\/v2\/comments?post=15033"}],"version-history":[{"count":0,"href":"https:\/\/travelshelper.com\/tr\/wp-json\/wp\/v2\/pages\/15033\/revisions"}],"up":[{"embeddable":true,"href":"https:\/\/travelshelper.com\/tr\/wp-json\/wp\/v2\/pages\/15000"}],"wp:featuredmedia":[{"embeddable":true,"href":"https:\/\/travelshelper.com\/tr\/wp-json\/wp\/v2\/media\/3981"}],"wp:attachment":[{"href":"https:\/\/travelshelper.com\/tr\/wp-json\/wp\/v2\/media?parent=15033"}],"curies":[{"name":"wp","href":"https:\/\/api.w.org\/{rel}","templated":true}]}}