{"id":15000,"date":"2024-09-20T13:44:55","date_gmt":"2024-09-20T13:44:55","guid":{"rendered":"https:\/\/travelshelper.com\/staging\/?page_id=15000"},"modified":"2026-03-11T13:09:03","modified_gmt":"2026-03-11T13:09:03","slug":"israil","status":"publish","type":"page","link":"https:\/\/travelshelper.com\/tr\/destinations\/asia\/israel\/","title":{"rendered":"\u0130srail"},"content":{"rendered":"<p>Akdeniz&#039;in do\u011fu k\u0131y\u0131s\u0131nda yer alan \u0130srail, en geni\u015f noktas\u0131nda y\u00fcz kilometreden biraz daha uzundur, ancak s\u0131n\u0131rlar\u0131 i\u00e7erisinde \u00e7\u00f6ller, verimli vadiler, antik kentler ve modern metropoller yer al\u0131r. L\u00fcbnan, Suriye, \u00dcrd\u00fcn ve M\u0131s\u0131r ile s\u0131n\u0131rlanan ve hem Akdeniz&#039;e hem de K\u0131z\u0131ldeniz&#039;e dokunan bu incecik \u00fclke, binlerce y\u0131ll\u0131k insan \u00e7abas\u0131na, fetihlerine ve yenilenmelerine tan\u0131kl\u0131k etmi\u015f topraklarda yer al\u0131r. Beyan edilen ba\u015fkenti Kud\u00fcs&#039;t\u00fcr, Tel Aviv ise ticaret, k\u00fclt\u00fcr ve yenilikle doludur. \u00d6l\u00e7ek olarak m\u00fctevaz\u0131 olsa da, \u0130srail&#039;in manzaralar\u0131 ve tarihleri \u200b\u200bo kadar yo\u011fun bir \u015fekilde ortaya \u00e7\u0131kar ki, herhangi bir basit anlat\u0131ma meydan okurlar.<\/p>\n\n\n\n<p>G\u00fcneyde Negev \u00c7\u00f6l\u00fc&#039;nden ba\u015flay\u0131p Judaean ve Samarian yaylalar\u0131ndan Celile&#039;nin yemye\u015fil yama\u00e7lar\u0131na kadar uzanan \u0130srail&#039;in arazisi \u00e7arp\u0131c\u0131 z\u0131tl\u0131klar ortaya koyuyor. Tam egemenlik alt\u0131nda topraklar\u0131n\u0131n yar\u0131s\u0131ndan fazlas\u0131n\u0131 kaplayan Negev, r\u00fczgarla oyulmu\u015f makhteshim&#039;lerle (yakla\u015f\u0131k otuz sekiz kilometre uzunlu\u011fundaki Ramon gibi a\u015f\u0131nma kraterleri) oyulmu\u015ftur. Daha kuzeyde, Jezreel Vadisi&#039;nin verimli ovas\u0131 al\u00e7ak k\u0131y\u0131 tepelerine a\u00e7\u0131l\u0131rken, i\u00e7 s\u0131rt yakla\u015f\u0131k yedi y\u00fcz elli metre y\u00fckseklikte Kud\u00fcs&#039;\u00fcn platosunda zirveye ula\u015f\u0131r. Do\u011fuda, Suriye&#039;den Mozambik&#039;e uzanan b\u00fcy\u00fck yar\u0131k sisteminin bir par\u00e7as\u0131 olan \u00dcrd\u00fcn Yar\u0131k Vadisi yer al\u0131r. Burada \u00dcrd\u00fcn Nehri, karla kapl\u0131 Hermon Da\u011f\u0131&#039;ndan Celile Denizi&#039;ne do\u011fru akar ve ard\u0131ndan gezegenin en al\u00e7ak y\u00fczey noktas\u0131 olan \u00d6l\u00fc Deniz&#039;e d\u00f6k\u00fcl\u00fcr. Dar ama yo\u011fun n\u00fcfuslu k\u0131y\u0131 ovas\u0131, Eilat&#039;\u0131n g\u00fcneyinde, \u00e7\u00f6l\u00fcn K\u0131z\u0131ldeniz&#039;in \u0131l\u0131k sular\u0131yla bulu\u015ftu\u011fu Arabah ve K\u00f6rfez&#039;e do\u011fru uzan\u0131r.<\/p>\n\n\n\n<p>\u0130srail&#039;in iklimi de ayn\u0131 \u015fekilde dramatik bir \u015fekilde de\u011fi\u015fir. Akdeniz k\u0131y\u0131s\u0131 boyunca k\u0131\u015flar \u0131l\u0131man ve ya\u011f\u0131\u015fl\u0131, yazlar uzun ve g\u00fcne\u015flidir. \u0130\u00e7 kesimlerde, yar\u0131 kurak Negev s\u0131cak g\u00fcnd\u00fczler ve serin geceler ya\u015farken, g\u00fcney kesimleri y\u0131ll\u0131k ya\u011f\u0131\u015f\u0131n birka\u00e7 d\u00fczine milimetreyi zar zor ge\u00e7ti\u011fi ger\u00e7ek bir \u00e7\u00f6le d\u00f6n\u00fc\u015f\u00fcr. Kud\u00fcs \u00e7evresi de dahil olmak \u00fczere y\u00fcksek tepelere \u00e7o\u011fu y\u0131l kar ya\u011far; 1942&#039;de Tirat Zvi kibbutzunda 54 \u00b0C&#039;lik kavurucu bir s\u0131cakl\u0131k kaydedildi. Ya\u011f\u0131\u015flar Ekim ve Nisan aylar\u0131 aras\u0131nda toplanarak yeralt\u0131 sular\u0131n\u0131 ve insan tar\u0131m\u0131n\u0131 besler, ancak azalan su kaynaklar\u0131 \u0130sraillilerin yarat\u0131c\u0131l\u0131\u011f\u0131n\u0131 harekete ge\u00e7irmi\u015ftir: damla sulama, g\u00fcne\u015f enerjisiyle su \u0131s\u0131tma ve tuzdan ar\u0131nd\u0131rma, \u00fclkenin k\u0131tl\u0131\u011fa kar\u015f\u0131 yarat\u0131c\u0131 tepkileri aras\u0131nda yer almaktad\u0131r.<\/p>\n\n\n\n<p>De\u011fi\u015fen g\u00f6ky\u00fcz\u00fcn\u00fcn alt\u0131nda, \u0130srail dikkate de\u011fer bir biyolojik \u00e7e\u015fitlili\u011fe ev sahipli\u011fi yapmaktad\u0131r. Akdeniz ormanlar\u0131ndan Arap \u00e7\u00f6l \u00e7al\u0131l\u0131klar\u0131na kadar d\u00f6rt karasal ekob\u00f6lge, Akdeniz Havzas\u0131&#039;ndaki herhangi bir \u00fclkeden metrekare ba\u015f\u0131na daha fazla bitki t\u00fcr\u00fcne ev sahipli\u011fi yaparak yakla\u015f\u0131k 2.900 bitki t\u00fcr\u00fcn\u00fc desteklemektedir. Orman \u00f6rt\u00fcs\u00fc, esas olarak yeniden dikim \u00e7al\u0131\u015fmalar\u0131 sayesinde 1948&#039;deki %2&#039;den bug\u00fcn %8&#039;in \u00fczerine \u00e7\u0131km\u0131\u015ft\u0131r. Yakla\u015f\u0131k 380 do\u011fa rezervi, Afrika-Avrasya g\u00f6\u00e7 yollar\u0131 boyunca toplanan endemik \u00e7al\u0131lar\u0131, g\u00f6\u00e7men ku\u015flar\u0131 ve nadir yaban hayat\u0131n\u0131 koruyarak manzaray\u0131 vurgulamaktad\u0131r. Eilat K\u00f6rfezi&#039;nde mercan resifleri su alt\u0131 ya\u015fam\u0131yla doludur, \u00d6l\u00fc Deniz&#039;in a\u015f\u0131r\u0131 tuzlu sular\u0131 ise yaln\u0131zca dayan\u0131kl\u0131 mikroplara izin verir.<\/p>\n\n\n\n<p>Buradaki insan varl\u0131\u011f\u0131, yerle\u015fim yerleri bir zamanlar k\u0131y\u0131 ve yayla b\u00f6lgelerini s\u00fcsleyen Kenanl\u0131lara kadar uzan\u0131yor. Y\u00fczy\u0131llar boyunca krall\u0131klar y\u00fckseldi ve d\u00fc\u015ft\u00fc: antik \u0130srail ve Yahuda, Helenistik krall\u0131klar, Roma eyaletleri, ha\u00e7l\u0131 yerle\u015fimleri, Osmanl\u0131 b\u00f6lgeleri. Her dalga, \u015fimdi \u00fclke genelindeki arkeolojik parklarda ortaya \u00e7\u0131kar\u0131lan kaleler, sarn\u0131\u00e7lar ve tap\u0131naklar b\u0131rakt\u0131. Megiddo ve Hatzor, M\u00d6 birinci biny\u0131l civar\u0131nda \u0130srailliler taraf\u0131ndan oyulmu\u015f yeralt\u0131 su t\u00fcnellerine be\u015fiklik ediyor; Sezariye&#039;nin amfitiyatrosu ve Beit She&#039;an&#039;\u0131n s\u00fctunlu sokaklar\u0131 Roma ihti\u015fam\u0131n\u0131 \u00e7a\u011fr\u0131\u015ft\u0131r\u0131yor; Masada, \u00d6l\u00fc Deniz&#039;in engebeli bir tepesini ta\u00e7land\u0131r\u0131yor, bir Yahudi isyan\u0131n\u0131n an\u0131t\u0131 ve daha sonra dayan\u0131kl\u0131l\u0131\u011f\u0131n bir sembol\u00fc.<\/p>\n\n\n\n<p>Modern \u0130srail Devleti, yirminci y\u00fczy\u0131l\u0131n \u00e7alkant\u0131lar\u0131 aras\u0131nda ortaya \u00e7\u0131kt\u0131. Y\u00fckselen Avrupa antisemitizmiyle harekete ge\u00e7en Siyonizm, Filistin&#039;de ulusal bir vatan arad\u0131. \u0130ngiliz manda politikalar\u0131, Yahudi g\u00f6\u00e7\u00fcn\u00fc d\u00f6n\u00fc\u015f\u00fcml\u00fc olarak te\u015fvik etti ve k\u0131s\u0131tlad\u0131. Arap liderleri taraf\u0131ndan reddedilen 1947 Birle\u015fmi\u015f Milletler taksim \u00f6nerisinin ard\u0131ndan toplumlar aras\u0131 gerginlikler i\u00e7 \u00e7at\u0131\u015fmaya d\u00f6n\u00fc\u015ft\u00fc. 14 May\u0131s 1948&#039;de \u0130srail ba\u011f\u0131ms\u0131zl\u0131\u011f\u0131n\u0131 ilan etti. Bunu izleyen k\u0131sa sava\u015fta, kom\u015fu Arap devletleri i\u015fgal etti. 1949 ate\u015fkes anla\u015fmalar\u0131na g\u00f6re, \u0130srail eski mandan\u0131n yakla\u015f\u0131k y\u00fczde yetmi\u015f yedisini elinde tutarken, y\u00fcz binlerce Filistinli Arap, Nakba dedikleri \u015feyde ka\u00e7t\u0131 veya kovuldu.<\/p>\n\n\n\n<p>Sonraki on y\u0131llarda, y\u00fckselen milliyet\u00e7i hareketlerden ka\u00e7anlar veya s\u0131n\u0131r d\u0131\u015f\u0131 edilenler de dahil olmak \u00fczere Avrupa, Orta Do\u011fu ve Kuzey Afrika&#039;dan gelen Yahudi g\u00f6\u00e7menlerle \u0130srail&#039;in n\u00fcfusu artt\u0131. 1967 Alt\u0131 G\u00fcn Sava\u015f\u0131 ba\u015fka bir d\u00f6n\u00fcm noktas\u0131 oldu: \u0130srail Bat\u0131 \u015eeria, Gazze \u015eeridi, Sina Yar\u0131madas\u0131 ve Golan Tepeleri&#039;ni ele ge\u00e7irdi. Zamanla, 1979&#039;daki bir bar\u0131\u015f antla\u015fmas\u0131yla Sina&#039;y\u0131 M\u0131s\u0131r&#039;a geri verdi, ancak Do\u011fu Kud\u00fcs&#039;\u00fc ve Golan Tepeleri&#039;ni ilhak etti; bu hamleler birka\u00e7 \u00fclke taraf\u0131ndan tan\u0131nd\u0131. 1994&#039;te \u00dcrd\u00fcn ile bar\u0131\u015f yap\u0131ld\u0131. 1993&#039;te Filistinlilerle yap\u0131lan ge\u00e7ici anla\u015fmalar Bat\u0131 \u015eeria ve Gazze&#039;nin baz\u0131 b\u00f6lgelerinde s\u0131n\u0131rl\u0131 \u00f6zy\u00f6netim yaratt\u0131, ancak kapsaml\u0131 bir \u00e7\u00f6z\u00fcm hala belirsizli\u011fini koruyor. 2020&#039;lerde, \u0130brahim Anla\u015fmalar\u0131 birka\u00e7 Arap devletiyle resmi normalle\u015fmeyi getirerek b\u00f6lgesel hizalanmalar\u0131 daha da de\u011fi\u015ftirdi.<\/p>\n\n\n\n<p>Y\u00f6netim, \u0130srail&#039;i parlamenter bir demokrasi olarak tan\u0131mlayan Temel Yasalara dayan\u0131r. Orant\u0131l\u0131 temsil ile se\u00e7ilen Knesset, ba\u015fbakan\u0131 (h\u00fck\u00fcmet ba\u015fkan\u0131) ve ba\u015fkan\u0131 b\u00fcy\u00fck \u00f6l\u00e7\u00fcde t\u00f6rensel olarak se\u00e7er. \u00dclke, Asya&#039;n\u0131n en y\u00fcksek ya\u015fam standartlar\u0131ndan birine sahip olsa da ve nominal gayri safi yurti\u00e7i has\u0131laya g\u00f6re k\u00fcresel olarak yirmi be\u015finci s\u0131rada yer alsa da, siyasi manzaras\u0131 karma\u015f\u0131kt\u0131r. Koalisyon h\u00fck\u00fcmetleri genellikle laik liberallerden dindar muhafazakarlara kadar uzanan partileri kapsar ve Yahudi gelene\u011fi ile demokratik de\u011ferler aras\u0131ndaki denge konusunda derin toplumsal b\u00f6l\u00fcnmeleri yans\u0131t\u0131r.<\/p>\n\n\n\n<p>Ekonomik dinamizm, \u0130srail&#039;in tan\u0131mlay\u0131c\u0131 \u00f6zellikleri aras\u0131ndad\u0131r. Do\u011fal kaynaklar\u0131 yetersiz olmas\u0131na ra\u011fmen, tar\u0131m, teknoloji ve end\u00fcstriye yap\u0131lan yo\u011fun yat\u0131r\u0131mlar onu kemer s\u0131kma politikalar\u0131ndan refaha ta\u015f\u0131m\u0131\u015ft\u0131r. \u0130srail, ekonomisine k\u0131yasla ara\u015ft\u0131rma ve geli\u015ftirmeye di\u011fer t\u00fcm uluslardan daha fazla harcama yapmaktad\u0131r ve bu da ona &#034;start-up ulusu&#034; \u00fcnvan\u0131n\u0131 kazand\u0131rm\u0131\u015ft\u0131r. Amerika Birle\u015fik Devletleri&#039;nden sonra d\u00fcnyan\u0131n en fazla startup&#039;a ev sahipli\u011fi yapan ikinci \u00fclkesidir ve NASDAQ&#039;ta listelenen firmalar aras\u0131nda \u00fc\u00e7\u00fcnc\u00fc s\u0131rada yer almaktad\u0131r. Intel ve Microsoft, ilk yurtd\u0131\u015f\u0131 Ar-Ge merkezlerini burada kurmu\u015ftur; bug\u00fcn, \u00e7okuluslu devler ve yerli yenilik\u00e7iler siber g\u00fcvenlik, t\u0131bbi cihazlar, yapay zeka ve yenilenebilir enerji alanlar\u0131nda \u00e7\u0131\u011f\u0131r a\u00e7an at\u0131l\u0131mlar yapmaktad\u0131r.<\/p>\n\n\n\n<p>Bir zamanlar kurak topraklarla s\u0131n\u0131rl\u0131 olan tar\u0131m, damla sulama, sera teknolojileri ve biyoteknoloji sayesinde geli\u015fti. \u0130srail, bir\u00e7ok \u00fcr\u00fcnde -turun\u00e7giller, zeytinler, hurma- neredeyse kendi kendine yeterli hale geldi, ancak tah\u0131llar ve s\u0131\u011f\u0131r eti ithalat olmaya devam ediyor. \u0130hracat, makine, yaz\u0131l\u0131m, ila\u00e7lar, kesilmi\u015f elmaslar ve tar\u0131m \u00fcr\u00fcnlerini kapsayan y\u0131ll\u0131k y\u00fcz milyar dolar\u0131 a\u015f\u0131yor. Turizm de hayati \u00f6nem ta\u015f\u0131yor: 2017&#039;de dini, tarihi ve do\u011fal cazibe merkezleri taraf\u0131ndan \u00e7ekilen rekor say\u0131da 3,6 milyon ziyaret\u00e7i geldi.<\/p>\n\n\n\n<p>Ula\u015f\u0131m altyap\u0131s\u0131 \u00fclkenin b\u00fcy\u00fcmesini yans\u0131tmaktad\u0131r. 19.000 kilometreden fazla asfalt yol \u015fehirleri ve kasabalar\u0131 birbirine ba\u011flarken, 1990&#039;lardan bu yana canland\u0131r\u0131lan demir yolu hatlar\u0131 2015 y\u0131l\u0131nda elli milyondan fazla yolcu ta\u015f\u0131m\u0131\u015ft\u0131r. \u00dc\u00e7 uluslararas\u0131 havaliman\u0131 -Ben Gurion, Ramon ve Hayfa- \u0130srail&#039;i k\u00fcresel olarak birbirine ba\u011flamaktad\u0131r ve sadece Ben Gurion 2023 y\u0131l\u0131nda yirmi bir milyondan fazla yolcuya hizmet verecektir. Hayfa, A\u015fdod ve Eilat limanlar\u0131 kargo ve e\u011flence gemilerine ayn\u0131 \u015fekilde kolayl\u0131k sa\u011flamaktad\u0131r.<\/p>\n\n\n\n<p>Demografik olarak \u0130srail yakla\u015f\u0131k 9 milyon n\u00fcfusa sahiptir. Yahudiler yakla\u015f\u0131k &#039;\u00fcn\u00fc, Araplar yakla\u015f\u0131k &#039;ini ve di\u011fer gruplar da geri kalan\u0131n\u0131 olu\u015fturur. Yahudi \u00e7o\u011funluk i\u00e7inde, dini kimlikler laik (Hiloni) ile ultra-Ortodoks (Haredi) aras\u0131nda de\u011fi\u015fir, ikinci grup h\u0131zla b\u00fcy\u00fcmektedir ve 2028&#039;e kadar Yahudi \u0130sraillilerin &#039;sini a\u015fmas\u0131 \u00f6ng\u00f6r\u00fclmektedir. Bir zamanlar resmi dil olan Arap\u00e7a, art\u0131k \u0130branice ile birlikte \u00f6zel bir stat\u00fcye sahiptir; \u0130ngilizce, Rus\u00e7a, Amharca ve Frans\u0131zca yayg\u0131n olarak konu\u015fulmakta olup, eski Sovyetler Birli\u011fi, Etiyopya ve Kuzey Afrika&#039;dan gelen g\u00f6\u00e7men topluluklar\u0131n\u0131n dokusunu yans\u0131tmaktad\u0131r.<\/p>\n\n\n\n<p>Dini \u00e7e\u015fitlilik demografik istatistiklerin \u00f6tesine, inanc\u0131n co\u011frafyas\u0131na kadar uzan\u0131r. Kud\u00fcs&#039;\u00fcn surlarla \u00e7evrili Eski \u015eehri, Yahudilik, \u0130slam ve Hristiyanl\u0131k i\u00e7in kutsal olan simge yap\u0131lar\u0131 i\u00e7erir: Bat\u0131 Duvar\u0131, El Aksa Camii kompleksi ve Kutsal Kabir Kilisesi. Nas\u0131ra, Celile Denizi ve Safed, hem Hristiyan hem de Yahudi hac\u0131lar\u0131 \u00e7ekerken, Hayfa&#039;daki Bahai D\u00fcnya Merkezi, Akdeniz&#039;in \u00fczerindeki terasl\u0131 bah\u00e7eleri s\u00fcsl\u00fcyor. D\u00fcrzi hac yerleri, Ermeni yerle\u015fim yerleri ve ortaya \u00e7\u0131kan dindar hareketler, manevi manzaraya daha fazla katman kat\u0131yor.<\/p>\n\n\n\n<p>\u0130srail&#039;deki k\u00fclt\u00fcrel ya\u015fam, Yahudi geleneklerini Arap etkileriyle i\u00e7 i\u00e7e ge\u00e7irir. M\u00fczik, Sefarad Yahudilerinin Sefarad ilahilerinden Mizrahi \u015fark\u0131lar\u0131n\u0131n perk\u00fcsyonuna kadar uzan\u0131rken, Arap makam\u0131 bir\u00e7ok yerel melodiyi bilgilendirir. Mimari, Beyaz \u015eehir olarak bilinen Tel Aviv&#039;deki Bauhaus \u015fehir evlerinin yan\u0131nda Osmanl\u0131 kubbelerini an\u0131msat\u0131r. Mutfak da bir f\u00fczyondur: falafel, humus ve \u015fak\u015fuka, Avrupal\u0131 \u200b\u200bg\u00f6\u00e7menler taraf\u0131ndan getirilen \u015finitzel ve keklerle men\u00fcleri payla\u015f\u0131r, hepsi za&#039;atar, zeytinya\u011f\u0131 ve taze \u00fcr\u00fcnlerle canland\u0131r\u0131l\u0131r. Yahudi hanelerinin yakla\u015f\u0131k yar\u0131s\u0131 ko\u015fer diyet yasalar\u0131na uymaktad\u0131r; yine de domuz \u00e7iftlikleri ve ko\u015fer olmayan bal\u0131klar, b\u00fcy\u00fck \u00f6l\u00e7\u00fcde laik bir pazarda bir yer edinir.<\/p>\n\n\n\n<p>G\u00fcnl\u00fck ya\u015fam \u0130brani takvimine g\u00f6re \u015fekillenir. Resmi dinlenme g\u00fcn\u00fc, bir\u00e7ok b\u00f6lgede toplu ta\u015f\u0131man\u0131n durdu\u011fu ve d\u00fckkanlar\u0131n kapand\u0131\u011f\u0131 Cumartesi, \u015eabat&#039;t\u0131r. \u00c7al\u0131\u015fma haftalar\u0131 Pazar&#039;dan Per\u015fembe&#039;ye kadar s\u00fcrer - baz\u0131 sekt\u00f6rler Cuma&#039;y\u0131 yar\u0131m g\u00fcn olarak i\u00e7erir - ulusal bayramlar ise tar\u0131msal, tarihi ve dini d\u00f6n\u00fcm noktalar\u0131n\u0131 i\u015faret eder. Sosyal normlar ileti\u015fimde do\u011frudanl\u0131\u011fa de\u011fer verir, bu \u00f6zellik bazen d\u0131\u015far\u0131dakiler taraf\u0131ndan kaba olarak alg\u0131lan\u0131r ancak i\u00e7eride a\u00e7\u0131kl\u0131\u011f\u0131 nedeniyle de\u011ferlidir.<\/p>\n\n\n\n<p>Ziyaret\u00e7iler hem s\u0131cak misafirperverlikle hem de kesin s\u0131n\u0131rlarla kar\u015f\u0131la\u015f\u0131r. Yabanc\u0131lar genellikle yard\u0131m teklifinde bulunur, ancak baz\u0131 davran\u0131\u015flar (dini mahallelerde uygunsuz giyim, \u015eabat s\u0131ras\u0131nda Haredi mahallelerinde foto\u011fraf \u00e7ekme) azarlanmaya davet eder. \u00d6rne\u011fin, Kud\u00fcs&#039;\u00fcn Ortodoks b\u00f6lgelerinde m\u00fctevaz\u0131 giyinmek zorunludur ve ara\u00e7lar\u0131n Cumartesi g\u00fcnleri sokaklardan \u00e7\u0131kmas\u0131 yasakt\u0131r. Turizm rehberleri, olumlu al\u0131\u015fveri\u015fler i\u00e7in sayg\u0131l\u0131 davran\u0131\u015f\u0131n \u00f6nemli oldu\u011funun alt\u0131n\u0131 \u00e7izer.<\/p>\n\n\n\n<p>\u0130srail&#039;in karma\u015f\u0131kl\u0131klar\u0131nda gezinmek -tart\u0131\u015fmal\u0131 topraklar\u0131, \u00e7e\u015fitli n\u00fcfusu, ate\u015fli kamusal tart\u0131\u015fmalar\u0131- a\u00e7\u0131kl\u0131k ve merak gerektirir. Bat\u0131 \u015eeria ve Gazze, uluslararas\u0131 hukukun yerle\u015fim geni\u015flemesini yasad\u0131\u015f\u0131 sayd\u0131\u011f\u0131 \u00e7e\u015fitli derecelerde \u0130srail kontrol\u00fc ve Filistin y\u00f6netimi alt\u0131nda kalmaya devam ediyor. Do\u011fu Kud\u00fcs ve Golan Tepeleri ilhak edilmi\u015f durumda, ancak \u00e7o\u011fu \u00fclke bu hamleleri tan\u0131m\u0131yor. Politika veya \u0130srail-Filistin \u00e7at\u0131\u015fmas\u0131 hakk\u0131ndaki konu\u015fmalar, tarihten ve zorluklardan do\u011fan inan\u00e7lar\u0131 yans\u0131tarak su\u00e7lanabilir.<\/p>\n\n\n\n<p>Ancak bu gerginliklerin yan\u0131nda inovasyon, bir arada ya\u015fama ve korumaya y\u00f6nelik bir d\u00fcrt\u00fc de var. Burada \u00f6nc\u00fcl\u00fc\u011f\u00fcn\u00fc yap\u0131lan su tasarrufu teknolojileri art\u0131k d\u00fcnyan\u0131n kurak b\u00f6lgelerine hizmet ediyor; Tel Aviv&#039;deki kentsel yenileme projeleri Bauhaus miras\u0131n\u0131 korurken yarat\u0131c\u0131 giri\u015fim merkezlerini de destekliyor. \u00c7evresel giri\u015fimler, g\u00fcne\u015f enerjisini geni\u015fletmekten azalan sulak alanlar\u0131 korumaya kadar iklim de\u011fi\u015fikli\u011finin yakla\u015fan tehditleriyle m\u00fccadele etmeyi ama\u00e7l\u0131yor. Akademik kurumlar, hastaneler ve k\u00fclt\u00fcrel festivaller d\u00fcnyan\u0131n d\u00f6rt bir yan\u0131ndan ziyaret\u00e7i ve kat\u0131l\u0131mc\u0131 \u00e7ekiyor.<\/p>\n\n\n\n<p>Bir as\u0131rdan k\u0131sa bir s\u00fcrede \u0130srail, yeni kurulan bir devletten d\u00fcnyan\u0131n teknolojik olarak en geli\u015fmi\u015f toplumlar\u0131ndan birine d\u00f6n\u00fc\u015f\u00fcrken, insan hikayesinin katmanlar\u0131yla yank\u0131lanan antik kal\u0131nt\u0131lar\u0131 ve kutsal alanlar\u0131 y\u00f6netti. Zirveleri ve vadileri, \u00e7\u00f6lleri ve k\u0131y\u0131lar\u0131, \u015fehirleri ve kibbutzlar\u0131, dayan\u0131kl\u0131l\u0131k, yeniden icat ve karma\u015f\u0131kl\u0131\u011fa tan\u0131kl\u0131k etmek i\u00e7in say\u0131s\u0131z sahne sunuyor. Gezgin -veya bilgin veya hac\u0131- i\u00e7in \u0130srail tek bir anlat\u0131ya direniyor. \u00d6z\u00fc, ge\u00e7mi\u015f ve \u015fimdiki zaman\u0131n, inan\u00e7 ve modernitenin, \u00e7at\u0131\u015fma ve yarat\u0131c\u0131l\u0131\u011f\u0131n etkile\u015fiminde ortaya \u00e7\u0131k\u0131yor, hepsi o kadar k\u00fc\u00e7\u00fck bir araziye s\u0131k\u0131\u015ft\u0131r\u0131lm\u0131\u015f ki bazen deniz, \u00e7\u00f6l ve \u015fehir tek bir ufukta birbirine de\u011fiyor gibi g\u00f6r\u00fcn\u00fcyor.<\/p>","protected":false},"excerpt":{"rendered":"<p>Resmen \u0130srail Devleti olarak an\u0131lan \u0130srail, Bat\u0131 Asya&#039;n\u0131n G\u00fcney Levant b\u00f6lgesinde yer alan \u00f6nemli tarihi \u00f6neme ve g\u00fcncel jeopolitik \u00f6neme sahip bir ulustur. 2024 itibar\u0131yla \u0130srail&#039;in n\u00fcfusu yakla\u015f\u0131k 9,3 milyon olup, a\u011f\u0131rl\u0131kl\u0131 olarak Akdeniz k\u0131y\u0131 \u015feridinde ve merkezi yaylalarda yo\u011funla\u015fm\u0131\u015ft\u0131r. \u00dclkenin Akdeniz&#039;in do\u011fu ucundaki stratejik konumu, onu Avrupa, Asya ve Afrika&#039;n\u0131n kesi\u015fti\u011fi noktada konumland\u0131rarak \u00e7e\u015fitli k\u00fclt\u00fcrel miras\u0131n\u0131 ve karma\u015f\u0131k jeopolitik dinamiklerini g\u00fc\u00e7lendirmektedir.<\/p>","protected":false},"author":1,"featured_media":4023,"parent":24063,"menu_order":0,"comment_status":"closed","ping_status":"closed","template":"elementor_theme","meta":{"_eb_attr":"","footnotes":""},"class_list":["post-15000","page","type-page","status-publish","has-post-thumbnail"],"_links":{"self":[{"href":"https:\/\/travelshelper.com\/tr\/wp-json\/wp\/v2\/pages\/15000","targetHints":{"allow":["GET"]}}],"collection":[{"href":"https:\/\/travelshelper.com\/tr\/wp-json\/wp\/v2\/pages"}],"about":[{"href":"https:\/\/travelshelper.com\/tr\/wp-json\/wp\/v2\/types\/page"}],"author":[{"embeddable":true,"href":"https:\/\/travelshelper.com\/tr\/wp-json\/wp\/v2\/users\/1"}],"replies":[{"embeddable":true,"href":"https:\/\/travelshelper.com\/tr\/wp-json\/wp\/v2\/comments?post=15000"}],"version-history":[{"count":0,"href":"https:\/\/travelshelper.com\/tr\/wp-json\/wp\/v2\/pages\/15000\/revisions"}],"up":[{"embeddable":true,"href":"https:\/\/travelshelper.com\/tr\/wp-json\/wp\/v2\/pages\/24063"}],"wp:featuredmedia":[{"embeddable":true,"href":"https:\/\/travelshelper.com\/tr\/wp-json\/wp\/v2\/media\/4023"}],"wp:attachment":[{"href":"https:\/\/travelshelper.com\/tr\/wp-json\/wp\/v2\/media?parent=15000"}],"curies":[{"name":"wp","href":"https:\/\/api.w.org\/{rel}","templated":true}]}}