{"id":14970,"date":"2024-09-20T13:10:19","date_gmt":"2024-09-20T13:10:19","guid":{"rendered":"https:\/\/travelshelper.com\/staging\/?page_id=14970"},"modified":"2026-03-11T13:11:10","modified_gmt":"2026-03-11T13:11:10","slug":"teheran","status":"publish","type":"page","link":"https:\/\/travelshelper.com\/tr\/destinations\/asia\/iran\/tehran\/","title":{"rendered":"Teheran"},"content":{"rendered":"<p>Tahran, Alborz s\u0131rada\u011flar\u0131n\u0131n g\u00fcney yama\u00e7lar\u0131nda, antik ta\u015flar\u0131n cam ve \u00e7elik kulelerin yan\u0131nda uzand\u0131\u011f\u0131 ba\u015f d\u00f6nd\u00fcr\u00fcc\u00fc z\u0131tl\u0131klar\u0131n \u015fehri olarak uzan\u0131r. Deniz seviyesinden 1.200 metre y\u00fckseklikte, d\u00fcz g\u00fcney b\u00f6lgeleri merkezi \u00e7\u00f6le bast\u0131r\u0131rken, kuzeyde tepeler 2.000 metreyi a\u015fan zirvelere do\u011fru t\u0131rman\u0131r. 2025 y\u0131l\u0131na kadar, yakla\u015f\u0131k 9,8 milyon ki\u015fi belediye s\u0131n\u0131rlar\u0131n\u0131 ev olarak adland\u0131racak ve daha geni\u015f metropol alan\u0131nda 16,8 milyondan fazla ki\u015fiyle Tahran, Bat\u0131 Asya&#039;n\u0131n en kalabal\u0131k \u015fehri ve Kahire&#039;den sonra Orta Do\u011fu&#039;nun ikinci b\u00fcy\u00fck metropol b\u00f6lgesi olarak yer almaktad\u0131r. Tarih katmanlar\u0131 ve par\u00e7alanm\u0131\u015f topografyas\u0131yla, \u0130ran&#039;\u0131n ba\u015fkenti hem dayan\u0131kl\u0131l\u0131\u011f\u0131n\u0131 hem de h\u0131zl\u0131 b\u00fcy\u00fcmeye e\u015flik eden s\u00fcrt\u00fc\u015fmeleri ortaya koymaktad\u0131r.<\/p>\n\n\n\n<p>\u0130ran h\u00fck\u00fcmetine ev sahipli\u011fi yapmas\u0131ndan \u00e7ok \u00f6nce, Tahran&#039;\u0131n alt\u0131ndaki zemin, antik \u00e7a\u011fda b\u00fcy\u00fck bir Med yerle\u015fimi olarak bilinen Rhages&#039;e aitti. G\u00fcn\u00fcm\u00fcz \u015fehir merkezinden birka\u00e7 kilometre g\u00fcneyde bulunan Ray (hala bu isimle an\u0131l\u0131r), imparatorluklar\u0131n y\u00fckseli\u015fine ve d\u00fc\u015f\u00fc\u015f\u00fcne tan\u0131kl\u0131k etti. Duvarlar\u0131 Arap, T\u00fcrk ve Mo\u011fol istilac\u0131lar taraf\u0131ndan a\u015f\u0131ld\u0131 ve banliy\u00f6 yay\u0131l\u0131m\u0131n\u0131n ortas\u0131nda sadece par\u00e7alar kald\u0131. Ray, y\u00fczy\u0131llar boyunca B\u00fcy\u00fck Tahran&#039;a dahil edildi ve kal\u0131nt\u0131lar\u0131 \u015fehrin amans\u0131z geni\u015flemesinin ve d\u00f6n\u00fc\u015f\u00fcm\u00fcn\u00fcn sessiz tan\u0131klar\u0131 olarak hizmet etti.<\/p>\n\n\n\n<p>1786&#039;da Ka\u00e7ar Hanedan\u0131&#039;ndan A\u011fa Muhammed Han, Tahran&#039;\u0131 \u0130ran&#039;\u0131n ba\u015fkenti ilan etti. Geleneksel hanedan merkezlerinden daha g\u00fcvenli, Kafkasya&#039;ya yeterince yak\u0131n, o zamanlar Rus-\u0130ran Sava\u015flar\u0131&#039;nda \u00e7eki\u015fme konusu olan, ancak hizip rekabetlerinden korunan bir iktidar merkezi arad\u0131. Bu karar bir in\u015fa d\u00f6nemini ba\u015flatt\u0131: m\u00fctevaz\u0131 saraylar, askeri k\u0131\u015flalar ve modern bir devletin yay\u0131lan b\u00fcrokratik makinesi haline gelecek olan \u015feyin temeli. Ka\u00e7ar gerilemesinin ortas\u0131nda bile Tahran&#039;\u0131n profili istikrarl\u0131 bir \u015fekilde y\u00fckseldi, n\u00fcfusu Fath-Ali \u015eah d\u00f6neminde iki kat\u0131na \u00e7\u0131kt\u0131. On dokuzuncu y\u00fczy\u0131l\u0131n ba\u015f\u0131nda, en g\u00f6ze \u00e7arpan\u0131 Tufaneh (\u015fimdi \u0130mam Humeyni Meydan\u0131) olan yeni sokaklar ve meydanlar \u015fekillendi. \u015eehir merkezindeki camiler, kentsel hizmetler ve kamu kurumlar\u0131 eski kap\u0131lar\u0131 ve kervansaraylar\u0131 geride b\u0131rakt\u0131k\u00e7a yeni bir s\u00fcs ald\u0131.<\/p>\n\n\n\n<p>Yirminci y\u00fczy\u0131l derin de\u011fi\u015fimlerin ya\u015fand\u0131\u011f\u0131 bir d\u00f6nemdi. R\u0131za \u015eah Pehlevi, 1920&#039;lerde Avrupa&#039;dan esinlenen bulvarlar ve modern bir altyap\u0131n\u0131n temellerini atarak b\u00fcy\u00fck \u00f6l\u00e7ekli in\u015faat projelerine giri\u015fti. Mehrabad Havaalan\u0131 pistlerini a\u00e7t\u0131 ve demir yolu hatlar\u0131 ovay\u0131 \u00e7aprazlad\u0131. Pehlevi devleti okullar\u0131, bakanl\u0131klar\u0131 ve k\u00fclt\u00fcrel mekanlar\u0131 modernize ederken Tahran her eyaletten g\u00f6\u00e7men \u00e7ekti. 2006 ve 2016 n\u00fcfus say\u0131mlar\u0131 aras\u0131nda \u015fehir n\u00fcfusu 2.286.787 hanede 7.711.230&#039;dan 2.911.065 hanede 8.693.706&#039;ya y\u00fckseldi. 2025 y\u0131l\u0131na kadar yakla\u015f\u0131k 9,8 milyon ki\u015fi resmi s\u0131n\u0131rlar\u0131 i\u00e7inde ya\u015fayacak. Bu art\u0131\u015f Tahran&#039;\u0131n toplumsal yap\u0131s\u0131n\u0131 yeniden \u015fekillendirdi: 2010 y\u0131l\u0131nda Tahran \u00dcniversitesi taraf\u0131ndan yap\u0131lan bir ara\u015ft\u0131rmaya g\u00f6re, g\u00f6r\u00fc\u015f\u00fclen ki\u015filerin y\u00fczde 63&#039;\u00fc \u015fehirde do\u011fmu\u015ftu, y\u00fczde 75&#039;i etnik olarak Farst\u0131 ve yakla\u015f\u0131k y\u00fczde 98&#039;i Fars\u00e7a&#039;y\u0131 ak\u0131c\u0131 bir \u015fekilde konu\u015fuyordu, y\u00fczde 13&#039;\u00fc ise ayr\u0131ca bir Avrupa dili konu\u015fuyordu.<\/p>\n\n\n\n<p>Tahran&#039;\u0131n belediye alan\u0131 22 il\u00e7eye ayr\u0131lm\u0131\u015ft\u0131r. Yirmi il\u00e7e Tahran \u0130l\u00e7esi&#039;nin Merkez \u0130l\u00e7esi&#039;nde yer al\u0131r; 1 ve 20 numaral\u0131 il\u00e7eler Shemiranat ve Ray il\u00e7elerine kadar uzan\u0131r. Deniz seviyesinden 1.117 metre y\u00fckseklikteki tren istasyonuna ev sahipli\u011fi yapan g\u00fcney il\u00e7eleri daha d\u00fcz ve daha yo\u011fun bir \u015fekilde in\u015fa edilmi\u015fken, kuzeydeki mahalleler yama\u00e7lar boyunca y\u00fckselir. \u015eehrin omurgas\u0131 olan Valiasr Caddesi, g\u00fcneyden 1.712,6 metre y\u00fckseklikteki Tajrish Meydan\u0131&#039;na kadar 17,3 kilometre uzan\u0131r. \u00d6tesinde, Velenjak yakla\u015f\u0131k 2.000 metreye t\u0131rman\u0131r.<\/p>\n\n\n\n<p>Zenginlik ve modernlik kuzeyde yo\u011funla\u015f\u0131yor: Zafaraniyeh, Jordan, Elahiyeh ve Niavaran gibi yerle\u015fim yerleri el\u00e7ilikler, y\u00fcksek katl\u0131 apartmanlar ve yemye\u015fil parklarla tan\u0131n\u0131yor. Buna kar\u015f\u0131l\u0131k, merkezi Tahran bakanl\u0131klara, bakanl\u0131klara ve ticari merkezlere ev sahipli\u011fi yaparken, g\u00fcney daha uygun fiyatl\u0131 ancak yo\u011fun n\u00fcfuslu olmaya devam ediyor.<\/p>\n\n\n\n<p>Tahran&#039;\u0131n iklimi, so\u011fuk yar\u0131 kurak (BSk) ile s\u0131cak yar\u0131 kurak (BSh) aras\u0131nda bir \u00e7izgidedir. Yazlar s\u0131cak ve kurakt\u0131r, Temmuz ay\u0131nda genellikle 38 \u00b0C&#039;ye ula\u015f\u0131r; k\u0131\u015flar serin ve ya\u011fmurlu g\u00fcnler getirir. Elburz da\u011flar\u0131 yerel esintileri \u015fekillendirir: geceleri, &#034;Tochal esintisi&#034; serinledik\u00e7e zirvelerden a\u015fa\u011f\u0131 akar ve \u015fehrin \u00fcst kesimlerinde ya\u015fayanlara rahatlama sa\u011flar. Yaz\u0131n, g\u00fcney \u00e7\u00f6llerinden gelen r\u00fczgarlar s\u0131cakl\u0131klar\u0131 y\u00fckseltebilirken, bat\u0131daki gezegensel ak\u0131mlar toz ve ara s\u0131ra ya\u011fmur getirir. Bah\u00e7eleri ve ye\u015fil koridorlar\u0131yla kuzeydeki tepeler, betonla bo\u011fulmu\u015f g\u00fcneyden genellikle iki ila \u00fc\u00e7 santigrat derece daha so\u011fuktur.<\/p>\n\n\n\n<p>Etnik Farslar \u00e7o\u011funlu\u011fu olu\u015ftururken (2010&#039;da yakla\u015f\u0131k &#039;i kendini tan\u0131mlam\u0131\u015ft\u0131) \u0130ranl\u0131 Azeriler yakla\u015f\u0131k -15 ile ikinci en b\u00fcy\u00fck grubu olu\u015fturuyor ve onlar\u0131 %5 ile Mazanderaniler takip ediyor. K\u00fcrtler, Ermeniler, G\u00fcrc\u00fcler, Bahtiyarlar, Tal\u0131\u015flar, Belu\u00e7lar, Asurlular, Araplar, Yahudiler ve \u00c7erkeslerden olu\u015fan daha k\u00fc\u00e7\u00fck topluluklar \u015fehrin dokusuna daha fazla iplik ekliyor, ancak \u00e7o\u011fu dilsel olarak Fars\u00e7an\u0131n bask\u0131n Tahran leh\u00e7esine asimile olmu\u015f durumda. 1979 Devrimi&#039;nden sonra bir\u00e7ok Tahranl\u0131 g\u00f6\u00e7 etti (\u00f6zellikle Amerika Birle\u015fik Devletleri, Almanya, \u0130sve\u00e7 ve Kanada&#039;ya) ve hem belirli profesyonel \u00e7evrelerde bo\u015fluklar hem de h\u0131zl\u0131 para transferi ak\u0131\u015flar\u0131 b\u0131rakt\u0131.<\/p>\n\n\n\n<p>On \u0130ki \u0130mam \u015eii \u0130slam, devletin dini ve \u00e7o\u011funlu\u011fun inanc\u0131d\u0131r. S\u00fcnni M\u00fcsl\u00fcmanlar ve Sufi tarikatlar\u0131n\u0131n mensuplar\u0131, Hristiyan mezhepleri, Yahudiler, Zerd\u00fc\u015ftler ve k\u00fc\u00e7\u00fck bir Bahai az\u0131nl\u0131\u011f\u0131n yan\u0131nda bir arada ya\u015farlar. M\u00fctevaz\u0131 bir Sih toplulu\u011fu, 2012&#039;de Hindistan Ba\u015fbakan\u0131 Manmohan Singh taraf\u0131ndan ziyaret edilen bir gurdwara&#039;y\u0131 muhafaza eder. 2016&#039;daki &#034;Tahran Anketi&#034;nde, kat\u0131l\u0131mc\u0131lar\u0131n ,5&#039;i dini &#034;\u00e7ok \u00f6nemli&#034;, ,1&#039;i &#034;olduk\u00e7a \u00f6nemli&#034;, ,5&#039;i &#034;\u00e7ok \u00f6nemli de\u011fil&#034; ve %4,8&#039;i &#034;hi\u00e7 \u00f6nemli de\u011fil&#034; olarak derecelendirdi.<\/p>\n\n\n\n<p>Tahran&#039;\u0131n kraliyet miras\u0131 saraylar\u0131nda g\u00f6r\u00fclebilir. Aynal\u0131 salonlar ve mermer teraslardan olu\u015fan bir Ka\u00e7ar kompleksi olan G\u00fclistan Saray\u0131, eski \u015fehir merkezinde yer al\u0131r. Kuzeyde, bir zamanlar Pehlevi hanedan\u0131n\u0131n yazl\u0131k konutlar\u0131 olan Sa&#039;dabad ve Niavaran saraylar\u0131, ormanl\u0131k arazide yer al\u0131r. Mermer kapl\u0131 Marmar Saray\u0131, Avrupa mobilyalar\u0131n\u0131 ve geni\u015f manzaralar\u0131 sergiler. Bu mekanlar birlikte, 18. y\u00fczy\u0131l saltanat\u0131ndan 20. y\u00fczy\u0131l ortas\u0131 modernizmine bir yolculu\u011fu tasvir eder.<\/p>\n\n\n\n<p>Tahran&#039;\u0131n m\u00fcze sahnesi d\u00f6nemleri ve medyay\u0131 kapsar. Ulusal M\u00fcze, Medler&#039;den Sasaniler&#039;e kadar arkeolojik buluntulara ev sahipli\u011fi yapar. Yak\u0131nlardaki Hal\u0131 M\u00fczesi, Fars dokumac\u0131l\u0131\u011f\u0131n\u0131n \u015faheserlerini sergilerken, Abgineh M\u00fczesi cam ve seramik sanat\u0131na odaklan\u0131r. Ferdows Bah\u00e7esi&#039;nde bulunan Sinema M\u00fczesi, \u0130ran film tarihini kutlar. \u00c7a\u011fda\u015f Sanat M\u00fczesi, \u00fclkenin en iyi modern koleksiyonuna sahiptir; Van Gogh, Picasso ve Warhol, \u00f6nc\u00fc \u0130ranl\u0131 sanat\u00e7\u0131larla omuz omuzad\u0131r. Ulusal M\u00fccevher M\u00fczesi, d\u00fcnyan\u0131n en b\u00fcy\u00fck ta\u00e7 m\u00fccevher koleksiyonlar\u0131ndan birini korur.<\/p>\n\n\n\n<p>Her bahar, Tahran Uluslararas\u0131 Kitap Fuar\u0131 yay\u0131nc\u0131lar\u0131, akademisyenleri ve okuyucular\u0131 Shahr Aftab sergi salonlar\u0131na \u00e7eker. Ticaret fuarlar\u0131 ve festivaller y\u0131l boyunca ger\u00e7ekle\u015fir, otomobil fuarlar\u0131ndan el sanatlar\u0131 fuarlar\u0131na kadar hem miras\u0131 hem de ortaya \u00e7\u0131kan yarat\u0131c\u0131l\u0131\u011f\u0131 sergiler.<\/p>\n\n\n\n<p>2.100&#039;den fazla park, Tahran&#039;\u0131n alan\u0131n\u0131n &#039;sini olu\u015fturan 12.600 hektardan fazla alan\u0131 kaplayan metropol\u00fc noktal\u0131yor. Bir zamanlar Ka\u00e7ar prensinin m\u00fclk\u00fc olan Jamshidie Park, \u0130mparatori\u00e7e Farah Pehlevi d\u00f6neminde halka a\u00e7\u0131k bir koru haline geldi. \u0130ran&#039;\u0131n en b\u00fcy\u00fck ku\u015f kafesi olan Ku\u015f Bah\u00e7esi d\u00fczinelerce t\u00fcre ev sahipli\u011fi yaparken, \u015fehir hayvanat bah\u00e7esi yakla\u015f\u0131k 290 omurgal\u0131ya ev sahipli\u011fi yap\u0131yor. Ab\u2011o\u2011Atash Park\u0131 (&#034;Su ve Ate\u015f&#034;), a\u00e7\u0131k hava amfi tiyatrosuyla \u00e7er\u00e7evelenmi\u015f \u00e7e\u015fmeler ve yang\u0131n kuleleriyle \u00e7ocuklar\u0131 b\u00fcy\u00fcl\u00fcyor.<\/p>\n\n\n\n<p>\u0130ran&#039;\u0131n ekonomik kalbi olan Tahran, kamu sekt\u00f6r\u00fc i\u015f g\u00fcc\u00fcn\u00fcn &#039;unu ve \u00fclkenin b\u00fcy\u00fck end\u00fcstriyel firmalar\u0131n\u0131n neredeyse yar\u0131s\u0131n\u0131 istihdam ediyor. Fabrikalar otomobil, elektronik, tekstil, \u015feker, \u00e7imento ve kimyasallar \u00fcretiyor; hal\u0131 ve mobilya showroom&#039;lar\u0131 ticari b\u00f6lgeleri s\u0131ral\u0131yor. Petrol rafinerileri\u2014Pars, Speedy ve Behran\u2014\u015fehir s\u0131n\u0131rlar\u0131 i\u00e7inde faaliyet g\u00f6steriyor. Yapt\u0131r\u0131mlar bir\u00e7ok yabanc\u0131 firmay\u0131 s\u0131n\u0131rlasa da Tahran Borsas\u0131, hem oynakl\u0131\u011f\u0131 hem de f\u0131rsat\u0131 yans\u0131tarak k\u00fcresel borsalar aras\u0131nda lider performans g\u00f6steren bir borsa olmaya devam ediyor.<\/p>\n\n\n\n<p>Ba\u015fkenti sismik risk ve hava kirlili\u011fi nedeniyle ta\u015f\u0131maya y\u00f6nelik resmi planlara ra\u011fmen Tahran inatla merkezi bir konumda kalmaya devam ediyor. Ana arter otoyollar\u0131 300.000 ara\u00e7 i\u00e7in in\u015fa edilmi\u015fti; bug\u00fcn be\u015f milyondan fazla araba sokaklar\u0131 t\u0131k\u0131yor. Otob\u00fcsler 1920&#039;lerden beri \u00e7al\u0131\u015f\u0131yor ve 2008&#039;de a\u00e7\u0131lan Bus Rapid Transit sistemi \u015fu anda on hat ve 215 istasyon boyunca g\u00fcnl\u00fck 1,8 milyon yolcu ta\u015f\u0131yor. \u0130lk olarak 1992&#039;de tan\u0131t\u0131lan troleyb\u00fcsler 2013 civar\u0131nda rafa kald\u0131r\u0131ld\u0131 ancak 2016&#039;da yenilenmi\u015f \u0160koda ara\u00e7larla tek bir 1,8 kilometrelik rotada yeniden canland\u0131r\u0131ld\u0131.<\/p>\n\n\n\n<p>Tahran Metrosu&#039;nun ilk iki hatt\u0131 2001&#039;de a\u00e7\u0131ld\u0131; 2025&#039;e kadar sekiz hat \u015fehrin alt\u0131ndan ge\u00e7erek banliy\u00f6leri merkeze ba\u011flayacak. Yer \u00fcst\u00fcnde, her mahallede 200.000&#039;den fazla taksi \u00e7al\u0131\u015f\u0131yor ve havaalan\u0131 taksileri daha y\u00fcksek \u00fccretler talep ediyor. Mehrabad Havaalan\u0131 i\u00e7 hat ve charter u\u00e7u\u015flar\u0131n\u0131 y\u00f6netiyor; 50 kilometre g\u00fcneydeki \u0130mam Humeyni Uluslararas\u0131 Havaliman\u0131 k\u00fcresel hava trafi\u011finin kap\u0131s\u0131. Merkezi tren istasyonu \u00fclke \u00e7ap\u0131nda trenler g\u00f6nderiyor ve efsanevi Tahran-Avrupa ekspresi ile Avrupa&#039;ya ba\u011flan\u0131yor.<\/p>\n\n\n\n<p>Hava kalitesi uzun zamand\u0131r can s\u0131k\u0131c\u0131 bir sorun olmu\u015ftur. Co\u011frafi \u00e7anak benzeri topografya, h\u0131zl\u0131 motorizasyon ve end\u00fcstriyel emisyonlar, sisi hapsetmek i\u00e7in bir araya gelerek h\u00fck\u00fcmet koltu\u011funu ba\u015fka yere ta\u015f\u0131ma konu\u015fmalar\u0131na yol a\u00e7maktad\u0131r. Yine de \u015fehrin dayan\u0131kl\u0131l\u0131\u011f\u0131 a\u00e7\u0131kt\u0131r: yeni ye\u015fil ku\u015faklar, daha kat\u0131 yap\u0131 y\u00f6netmelikleri ve geni\u015fletilmi\u015f toplu ta\u015f\u0131ma, s\u0131k\u0131\u015f\u0131kl\u0131\u011f\u0131 ve kirlili\u011fi hafifletmeyi ama\u00e7lamaktad\u0131r.<\/p>\n\n\n\n<p>Depremler ba\u015fka bir tehlikeyi daha beraberinde getiriyor. S\u0131k s\u0131k meydana gelen sars\u0131nt\u0131lara ra\u011fmen, 1830&#039;dan beri Tahran&#039;\u0131 vuran b\u00fcy\u00fck bir deprem olmad\u0131. Modern y\u00fcksek katl\u0131 yap\u0131lar art\u0131k g\u00fc\u00e7lendirilmi\u015f iskeletler ve sismik s\u00f6n\u00fcmleyiciler i\u00e7eriyor; yine de, y\u00fczy\u0131ll\u0131k yap\u0131lar\u0131n ve y\u00fckselen kulelerin yan yana gelmesi hem \u015fehrin h\u0131rs\u0131n\u0131 hem de k\u0131r\u0131lganl\u0131\u011f\u0131n\u0131 vurguluyor.<\/p>\n\n\n\n<p>Tahran basit nitelendirmelere direnir. Bunalt\u0131c\u0131 hissettirebilir -h\u0131zl\u0131 trafikte kornalar \u00e7alar ve g\u00f6\u011fe do\u011fru y\u00fckselen kuleler da\u011f esintisini engelleyebilir- ancak sakin cepler devam eder. Yaprakl\u0131 sokaklarda, \u00e7\u0131nar a\u011fa\u00e7lar\u0131n\u0131n alt\u0131nda \u00e7e\u015fmeler m\u0131r\u0131ldan\u0131r; kuzeydeki kafelerde, \u00f6\u011frenciler gelece\u011fi tart\u0131\u015f\u0131r; tarihi camilerde, cilal\u0131 mermer vitray pencerelerin alt\u0131nda parlar. Eski ve yeni festivaller -Nevruz, \u00c7aharshanbe Suri, Yald\u0101, hatta Cad\u0131lar Bayram\u0131- mahalleleri anma ve \u015fenlik i\u00e7inde bir araya getirir.<\/p>\n\n\n\n<p>Tek tip bir ba\u015fkent olmaktan uzak olan Tahran, an\u0131lar\u0131n ve \u00f6zlemlerin bir mozai\u011fidir. Sokaklar\u0131nda fatihlerin ve devrimcilerin, \u015fairlerin ve m\u00fchendislerin ayak izleri vard\u0131r. Burada, her ta\u015f ve kule bir dayan\u0131kl\u0131l\u0131k, uyum ve hayat\u0131n bitmeyen u\u011fultusu hikayesini anlat\u0131r. \u00c7eli\u015fkileriyle -antik ve modern, ye\u015fil ve gri, kalabal\u0131k ve dingin- Tahran hem y\u00fcklerini hem de kal\u0131c\u0131 nabz\u0131n\u0131 ortaya koyar.<\/p>","protected":false},"excerpt":{"rendered":"<p>\u0130ran&#039;\u0131n ba\u015fkenti ve en b\u00fcy\u00fck \u015fehri olan Tahran, \u015fehir s\u0131n\u0131rlar\u0131 i\u00e7inde 9,4 milyondan fazla ve daha geni\u015f metropol b\u00f6lgesinde yakla\u015f\u0131k 16,8 milyonluk bir n\u00fcfusa sahip canl\u0131 bir metropold\u00fcr. Tahran, hem \u0130ran&#039;\u0131n hem de Bat\u0131 Asya&#039;n\u0131n en kalabal\u0131k \u015fehridir. Orta Do\u011fu&#039;nun en b\u00fcy\u00fck ikinci metropol b\u00f6lgesidir, yaln\u0131zca Kahire taraf\u0131ndan ge\u00e7ilir ve d\u00fcnyan\u0131n en kalabal\u0131k 24. metropol alan\u0131d\u0131r. \u015eehrin geni\u015f yetki alan\u0131, toplu olarak B\u00fcy\u00fck Tahran alan\u0131n\u0131 olu\u015fturan Andisheh&#039;in Yeni Kenti, \u0130slam \u015eehr, Qods, \u015eehriyar, Pakdasht ve \u015eamiran gibi di\u011fer belediyeleri i\u00e7erir.<\/p>","protected":false},"author":1,"featured_media":3136,"parent":14947,"menu_order":0,"comment_status":"closed","ping_status":"closed","template":"elementor_theme","meta":{"_eb_attr":"","footnotes":""},"class_list":["post-14970","page","type-page","status-publish","has-post-thumbnail"],"_links":{"self":[{"href":"https:\/\/travelshelper.com\/tr\/wp-json\/wp\/v2\/pages\/14970","targetHints":{"allow":["GET"]}}],"collection":[{"href":"https:\/\/travelshelper.com\/tr\/wp-json\/wp\/v2\/pages"}],"about":[{"href":"https:\/\/travelshelper.com\/tr\/wp-json\/wp\/v2\/types\/page"}],"author":[{"embeddable":true,"href":"https:\/\/travelshelper.com\/tr\/wp-json\/wp\/v2\/users\/1"}],"replies":[{"embeddable":true,"href":"https:\/\/travelshelper.com\/tr\/wp-json\/wp\/v2\/comments?post=14970"}],"version-history":[{"count":0,"href":"https:\/\/travelshelper.com\/tr\/wp-json\/wp\/v2\/pages\/14970\/revisions"}],"up":[{"embeddable":true,"href":"https:\/\/travelshelper.com\/tr\/wp-json\/wp\/v2\/pages\/14947"}],"wp:featuredmedia":[{"embeddable":true,"href":"https:\/\/travelshelper.com\/tr\/wp-json\/wp\/v2\/media\/3136"}],"wp:attachment":[{"href":"https:\/\/travelshelper.com\/tr\/wp-json\/wp\/v2\/media?parent=14970"}],"curies":[{"name":"wp","href":"https:\/\/api.w.org\/{rel}","templated":true}]}}