{"id":14938,"date":"2024-09-20T12:42:58","date_gmt":"2024-09-20T12:42:58","guid":{"rendered":"https:\/\/travelshelper.com\/staging\/?page_id=14938"},"modified":"2026-03-11T18:19:34","modified_gmt":"2026-03-11T18:19:34","slug":"almati","status":"publish","type":"page","link":"https:\/\/travelshelper.com\/tr\/destinations\/asia\/kazakhstan\/almaty\/","title":{"rendered":"Almat\u0131"},"content":{"rendered":"<p>Almat\u0131, Trans-Ili Alatau&#039;nun ete\u011finde geni\u015f bir ovay\u0131 kaplar, \u015fehrin kuzey ucunda deniz seviyesinden yakla\u015f\u0131k 700 metre y\u00fckseklikten da\u011f yama\u00e7lar\u0131na do\u011fru bast\u0131r\u0131ld\u0131\u011f\u0131nda yakla\u015f\u0131k 900 metre y\u00fcksekli\u011fe kadar uzanan geni\u015f bulvarlar ve a\u011fa\u00e7l\u0131 caddelerden olu\u015fan \u015febekesi vard\u0131r. B\u00fcy\u00fck ve K\u00fc\u00e7\u00fck Almat\u0131 nehirleri zirvelerden a\u015fa\u011f\u0131 iner, kanallar\u0131 bozk\u0131rlara d\u00f6k\u00fclmeden \u00f6nce \u015fehri par\u00e7alar. Metropol alan\u0131nda iki milyondan fazla n\u00fcfusu olan Almat\u0131, Orta Asya&#039;n\u0131n ikinci b\u00fcy\u00fck \u015fehri ve Ba\u011f\u0131ms\u0131z Devletler Toplulu\u011fu&#039;nun d\u00f6rd\u00fcnc\u00fc b\u00fcy\u00fck \u015fehridir.<\/p>\n\n\n\n<p>Almat\u0131 Nehri&#039;nin sol yakas\u0131nda bir Rus askeri karakolu olarak 1854&#039;te kurulan yerle\u015fim, Sovyet ad\u0131 Alma-Ata&#039;y\u0131 almadan \u00f6nce Verny ad\u0131n\u0131 ald\u0131. S\u0131k s\u0131k meydana gelen depremler erken d\u00f6nem kentsel geli\u015fimi \u015fekillendirdi: 1887 depremi yakla\u015f\u0131k bin sekiz y\u00fcz tu\u011fla evi y\u0131kt\u0131 ve \u00fc\u00e7 y\u00fczden fazla can ald\u0131. \u015eehir yeniden in\u015fas\u0131nda Paul Gourdet gibi mimarlar alt\u0131nda Rus R\u00f6nesans formlar\u0131n\u0131 benimsedi; bu mimarlar\u0131n belediye kolejleri ve t\u00fcccar konutlar\u0131 i\u00e7in tasarlad\u0131klar\u0131 tasar\u0131mlarda s\u00fcsl\u00fc detaylar yerel keresteyle harmanland\u0131. Andrei Zenkov taraf\u0131ndan 1907&#039;de Tien Shan ladininden in\u015fa edilen ah\u015fap bir katedral, daha sonra on \u015fiddetinde bir sars\u0131nt\u0131ya dayand\u0131 ve bug\u00fcn restore edilerek d\u00fcnyan\u0131n en y\u00fcksek ah\u015fap yap\u0131lar\u0131ndan biri olarak duruyor.<\/p>\n\n\n\n<p>\u0130kinci D\u00fcnya Sava\u015f\u0131 s\u0131ras\u0131nda, end\u00fcstriler ve kurumlar cephenin \u00f6tesine ta\u015f\u0131narak \u00fcniversiteler, hastaneler ve Slavlar, Uygurlar ve Korelileri i\u00e7eren \u00e7ok k\u00fclt\u00fcrl\u00fc bir i\u015f g\u00fcc\u00fc getirdi. \u015eehir, 1929&#039;dan itibaren Kazak Sovyet Sosyalist Cumhuriyeti&#039;nin ba\u015fkenti ve 1997&#039;ye kadar k\u0131sa bir s\u00fcre ba\u011f\u0131ms\u0131z Kazakistan&#039;\u0131n ba\u015fkenti olarak hizmet verdi. 1997&#039;de h\u00fck\u00fcmet merkezi kuzeye Akmola&#039;ya (\u015fimdiki Astana) ta\u015f\u0131d\u0131. Almat\u0131, bu stat\u00fcy\u00fc devretmesine ra\u011fmen &#034;cumhuriyet\u00e7i \u00f6neme sahip bir \u015fehir&#034; olarak \u00f6zerkli\u011fini koruyor ve s\u0131n\u0131rlar\u0131 i\u00e7inde sekiz idari b\u00f6lge bulunuyor.<\/p>\n\n\n\n<p>Ekonomik a\u00e7\u0131dan Almat\u0131, Kazakistan&#039;\u0131n GSY\u0130H&#039;sinin yakla\u015f\u0131k be\u015fte birini \u00fcretiyor ve \u00fclkenin en b\u00fcy\u00fck finans kurumlar\u0131na ev sahipli\u011fi yap\u0131yor: Halyk Bank, Kaspi Bank ve Kazakistan Borsas\u0131. Kurumsal kuleler, Sovyet modernizminin kal\u0131nt\u0131lar\u0131yla ayn\u0131 sil\u00fceti payla\u015f\u0131yor: 1977&#039;deki Kazakistan Oteli ve 1970&#039;te tamamlanan Cumhuriyet Saray\u0131. Son zamanlardaki bir proje olan Almat\u0131 Finans B\u00f6lgesi ve Esentai Park, New York&#039;taki 7. D\u00fcnya Ticaret Merkezi&#039;nin arkas\u0131ndaki ekip taraf\u0131ndan tasarlanan otuz yedi katl\u0131 karma kullan\u0131ml\u0131 bir kulede y\u00fcksek katl\u0131 ofisleri ve \u00fclkenin ilk Ritz-Carlton&#039;\u0131n\u0131 k\u00fcmeleyecek.<\/p>\n\n\n\n<p>Kentsel ula\u015f\u0131m, 2011&#039;de a\u00e7\u0131lan Almat\u0131 Metrosu&#039;nun yan\u0131 s\u0131ra Almat\u0131-2 istasyonunda kapsaml\u0131 bir otob\u00fcs, troleyb\u00fcs ve b\u00f6lgesel tren a\u011f\u0131 i\u00e7erir. Merkezin on be\u015f kilometre kuzeydo\u011fusunda bulunan Almat\u0131 Uluslararas\u0131 Havaalan\u0131, y\u0131lda dokuz milyondan fazla yolcuya hizmet vererek \u015fehri Avrupa, Asya ve \u00f6tesindeki var\u0131\u015f noktalar\u0131na ba\u011flar. Yerel ta\u015f\u0131y\u0131c\u0131lar her b\u00f6lgesel ba\u015fkenti birbirine ba\u011flarken, Air Astana merkezini burada tutar. Bir bisiklet payla\u015f\u0131m plan\u0131 olan Almat\u0131-bisiklet, 2016&#039;dan beri faaliyettedir ve \u015fehirleraras\u0131 otob\u00fcs terminalleri K\u0131rg\u0131zistan ve \u00c7in&#039;e giden rotalara hizmet vermektedir.<\/p>\n\n\n\n<p>Almat\u0131&#039;daki k\u00fclt\u00fcrel ya\u015fam, \u0130pek Yolu \u00fczerindeki konumundan ve on dokuzuncu y\u00fczy\u0131lda buraya s\u00fcrg\u00fcn edilen Rus entelekt\u00fcellerinin varl\u0131\u011f\u0131ndan kaynaklanmaktad\u0131r. 1934&#039;te kurulan Abai Kazak Devlet Opera ve Bale Tiyatrosu, Auezov Rus Drama Tiyatrosu, KIMEP \u00dcniversitesi b\u00fcnyesindeki \u0130ngilizce KELT ve deneysel Artishock ile birlikte bir performans sahnesine ev sahipli\u011fi yapmaktad\u0131r. M\u00fczeler, Moskova&#039;ya y\u00f6nelik bir Alman ilerlemesini geciktiren piyade kahramanlar\u0131na bir \u00f6vg\u00fc olan 28 Panfilov Muhaf\u0131z Park\u0131&#039;ndaki Zenkov Katedrali etraf\u0131nda k\u00fcmelenmi\u015ftir. Burada, merkezi devlet m\u00fczesi, tarih \u00f6ncesi g\u00f6\u00e7ebelerden \u00e7a\u011fda\u015f kent ya\u015fam\u0131na kadar Kazak tarihini \u00e7izer; Kasteyev Devlet Sanat M\u00fczesi, Moskova ve Leningrad taraf\u0131ndan ba\u011f\u0131\u015flanan Avrupa resimlerinin yan\u0131 s\u0131ra Kazak ustalar\u0131n\u0131n eserlerini korur; ve bir dizi \u00f6zel koleksiyon m\u00fczik aletlerini, askeri tarihi, demiryollar\u0131n\u0131 ve oyun yazar\u0131 Mukhtar Auezov veya besteci Nurgisa Tlendiev gibi \u00f6nemli yerel fig\u00fcrleri inceler.<\/p>\n\n\n\n<p>Ye\u015fil alan, kentsel deneyimin \u00e7o\u011funu tan\u0131mlar. Yaz\u0131n \u00e7e\u015fmeler yaya gezinti yollar\u0131 boyunca f\u0131\u015fk\u0131r\u0131r, sulama a\u011flar\u0131 da\u011fdan gelen su ak\u0131\u015f\u0131na ba\u011fl\u0131d\u0131r. Her bahar, \u015fehir, y\u00fcz\u00fcn \u00fczerinde su \u00f6zelli\u011finin k\u0131\u015f uykusundan sonra yeniden ba\u015flad\u0131\u011f\u0131 bir &#034;\u00c7e\u015fmeler G\u00fcn\u00fc&#034; kutlar. Dendrolojik koleksiyonlar\u0131yla Birinci Ba\u015fkanl\u0131k Park\u0131, Zenkov Katedrali&#039;nin alt\u0131ndaki Panfilov Park\u0131 gibi kentsel parklar, g\u00f6lgeli caddeler ve ciddi an\u0131tlar sunar. \u015eehrin kenarlar\u0131nda, Ile-Alatau Milli Park\u0131 ormanl\u0131k eteklerde ba\u015flar ve alpin \u00e7ay\u0131rlar\u0131na \u00e7\u0131kan patikalar sunar.<\/p>\n\n\n\n<p>Almat\u0131, k\u0131\u015f sporlar\u0131 merkezi olarak i\u015flev g\u00f6rmektedir. 1.691 metre y\u00fckseklikteki a\u00e7\u0131k hava buz pateni pisti Medeu, sporcular\u0131n ince da\u011f havas\u0131nda \u00f6zenle korunan buzunda y\u00fczlerce d\u00fcnya rekoru k\u0131rmas\u0131ndan sonra &#034;rekor fabrikas\u0131&#034; lakab\u0131n\u0131 kazanm\u0131\u015ft\u0131r. Daha da y\u00fcksekte, 2.200 metre y\u00fckseklikteki Shymbulak kayak merkezi, Kas\u0131m&#039;dan May\u0131s&#039;a kadar a\u00e7\u0131kt\u0131r ve d\u00fcnyan\u0131n en y\u00fcksek ayd\u0131nlat\u0131lm\u0131\u015f yama\u00e7lar\u0131nda gece kayaklar\u0131na ev sahipli\u011fi yapmaktad\u0131r. 2.511 metre y\u00fckseklikteki B\u00fcy\u00fck Almat\u0131 G\u00f6l\u00fc, karayoluyla on be\u015f kilometre uzakl\u0131ktad\u0131r; turkuaz y\u00fczeyi d\u00f6rt bin metreyi a\u015fan zirveleri yans\u0131t\u0131r ve \u00f6nemli bir i\u00e7me suyu rezervuar\u0131 g\u00f6revi g\u00f6r\u00fcr.<\/p>\n\n\n\n<p>\u0130klim geni\u015f u\u00e7 noktalara sahiptir. Yazlar Temmuz ay\u0131nda ortalama 23,8 \u00b0C&#039;lik y\u00fcksek s\u0131cakl\u0131klar getirirken, Ocak ay\u0131ndaki d\u00fc\u015f\u00fck s\u0131cakl\u0131klar ortalama -4,7 \u00b0C&#039;dir. Donlar genellikle Ekim ortas\u0131nda ba\u015flar ve Nisan ortas\u0131nda ilkbahar r\u00fczgarlar\u0131na yol a\u00e7ar. Yine de kalan kar May\u0131s ay\u0131na kadar d\u00fc\u015febilir - 1987&#039;de 17 Haziran kadar ge\u00e7 bir tarihte - ve \u015fehrin merkezi, \u0131s\u0131 adas\u0131 taraf\u0131ndan tamponland\u0131\u011f\u0131ndan, kuzeydeki banliy\u00f6lere k\u0131yasla don ba\u015flang\u0131c\u0131n\u0131 yakla\u015f\u0131k bir hafta geciktirir. Y\u0131ll\u0131k ya\u011f\u0131\u015f toplam\u0131 650-700 mm&#039;dir ve \u00fc\u00e7te birinden fazlas\u0131 Nisan ve May\u0131s aylar\u0131nda gelir. R\u00fczgar \u00e7o\u011funlukla g\u00fcneydo\u011fudan eser ve her y\u0131l bir d\u00fczine kadar g\u00fcnde 15 m\/s&#039;nin \u00fczerine \u00e7\u0131kar.<\/p>\n\n\n\n<p>Simge yap\u0131lar Almat\u0131&#039;n\u0131n katmanlar\u0131n\u0131n bir incelemesi anlam\u0131na gelir. Muhallebi ve pudra \u015fekeri tonlar\u0131ndaki parlak cephesiyle Y\u00fckseli\u015f Katedrali, 1997&#039;de Ortodoks ayinlerine yeniden ba\u015flamak i\u00e7in erken depremlerden sa\u011f kurtuldu. Yak\u0131nlarda zarif St. Nicholas Katedrali, mermer i\u00e7 mekan\u0131 olan Merkez Camii ve eski manast\u0131r arazisinde yeniden canland\u0131r\u0131lan Sophia Katedrali bulunmaktad\u0131r. Bir teleferik \u015fehri K\u00f6k T\u00f6be tepesine ba\u011flar; burada bir lunapark ve restoranlar, 371,5 metreye y\u00fckselen bir TV kulesinin yan\u0131nda yer al\u0131r; sismik dayan\u0131kl\u0131l\u0131k i\u00e7in tasarlanm\u0131\u015f ve gece projekt\u00f6rler alt\u0131nda g\u00f6r\u00fclebilen bir \u00e7elik yap\u0131d\u0131r.<\/p>\n\n\n\n<p>Festivaller ve etkinlikler takvimi belirler. 21 Mart civar\u0131nda kutlanan Nauryz Myrami, aile yemekleri ve sokak \u015fenlikleriyle ilkbahar ekinoksunu kutlar. Almat\u0131 Maratonu ve Ba\u011f\u0131ms\u0131z Film Festivali her Eyl\u00fcl ay\u0131nda ger\u00e7ekle\u015fir. Medeu Vadisi k\u0131\u015f\u0131n 2011 Asya K\u0131\u015f Oyunlar\u0131&#039;na ve 2017 K\u0131\u015f \u00dcniversite Oyunlar\u0131&#039;na ev sahipli\u011fi yapt\u0131; \u015fehir ayr\u0131ca 2022 K\u0131\u015f Olimpiyatlar\u0131&#039;n\u0131 da istedi ve bu da uluslararas\u0131 rekabete uygunlu\u011funu vurgulad\u0131. Halk sa\u011fl\u0131\u011f\u0131nda, 1978 Alma-Ata Birincil Sa\u011fl\u0131k Konferans\u0131 toplum t\u0131bb\u0131 konusunda k\u00fcresel politikay\u0131 \u015fekillendirdi.<\/p>\n\n\n\n<p>\u015eehrin kimli\u011finin uzun zamand\u0131r bir par\u00e7as\u0131 olan e\u011fitim, Al-Farabi Kazak Ulusal \u00dcniversitesi ve Kazak-\u0130ngiliz Teknik \u00dcniversitesi, Uluslararas\u0131 Bilgi Teknolojileri \u00dcniversitesi ve Narxoz \u00dcniversitesi gibi kurumlara odaklanmaktad\u0131r. Bunlar Orta Asya&#039;n\u0131n d\u00f6rt bir yan\u0131ndan \u00f6\u011frencileri \u00e7ekmektedir.<\/p>\n\n\n\n<p>Almat\u0131&#039;n\u0131n k\u00fclt\u00fcr\u00fc topra\u011f\u0131na kadar uzan\u0131r. Yabani elmalar (Malus sieversii), modern \u00e7e\u015fitlerin genetik atalar\u0131 olan \u00e7evredeki da\u011f eteklerinde yeti\u015fir. Bu yerel meyve, ad\u0131n\u0131 \u015fehre verir -alma elma anlam\u0131na gelir- ve g\u00f6\u00e7ebe \u00e7obanlar\u0131n bir zamanlar elmalarla bezeli ormanlar\u0131n alt\u0131nda s\u00fcr\u00fclerini otlatt\u0131\u011f\u0131 bir manzaray\u0131 \u00e7a\u011fr\u0131\u015ft\u0131r\u0131r. G\u00fcn\u00fcm\u00fczde &#034;G\u00fcney Ba\u015fkenti&#034;, Sovyet miraslar\u0131n\u0131, k\u00fcresel finans\u0131 ve ortaya \u00e7\u0131kan yenili\u011fi, yemye\u015fil parklara biti\u015fik y\u00fcksek binalar\u0131n\u0131 ve \u015fehir s\u0131n\u0131r\u0131n\u0131n hemen \u00f6tesindeki da\u011f patikalar\u0131n\u0131 harmanlamaktad\u0131r. Almat\u0131, bir bu\u00e7uk as\u0131rdan fazla bir s\u00fcrede hem Kazakistan&#039;\u0131n ge\u00e7mi\u015fine bir ba\u011flant\u0131 hem de geli\u015fen gelece\u011fi i\u00e7in bir platform haline gelmi\u015ftir.<\/p>","protected":false},"excerpt":{"rendered":"<p>Kazakistan&#039;\u0131n en kalabal\u0131k \u015fehri olan Almat\u0131, iki milyondan fazla n\u00fcfusa ev sahipli\u011fi yapmaktad\u0131r. Trans-Ili Alatau da\u011flar\u0131n\u0131n eteklerinde, deniz seviyesinden 700 ila 900 metre y\u00fckseklikte yer alan bu \u015fehir, hem eski ba\u015fkenti hem de devam eden k\u00fclt\u00fcrel ve ticari g\u00fc\u00e7 merkezi olarak Kazakistan&#039;\u0131n karakterini olu\u015fturmada \u00f6nemli bir rol oynam\u0131\u015ft\u0131r.<\/p>","protected":false},"author":1,"featured_media":4130,"parent":14923,"menu_order":0,"comment_status":"closed","ping_status":"closed","template":"elementor_theme","meta":{"_eb_attr":"","footnotes":""},"class_list":["post-14938","page","type-page","status-publish","has-post-thumbnail"],"_links":{"self":[{"href":"https:\/\/travelshelper.com\/tr\/wp-json\/wp\/v2\/pages\/14938","targetHints":{"allow":["GET"]}}],"collection":[{"href":"https:\/\/travelshelper.com\/tr\/wp-json\/wp\/v2\/pages"}],"about":[{"href":"https:\/\/travelshelper.com\/tr\/wp-json\/wp\/v2\/types\/page"}],"author":[{"embeddable":true,"href":"https:\/\/travelshelper.com\/tr\/wp-json\/wp\/v2\/users\/1"}],"replies":[{"embeddable":true,"href":"https:\/\/travelshelper.com\/tr\/wp-json\/wp\/v2\/comments?post=14938"}],"version-history":[{"count":0,"href":"https:\/\/travelshelper.com\/tr\/wp-json\/wp\/v2\/pages\/14938\/revisions"}],"up":[{"embeddable":true,"href":"https:\/\/travelshelper.com\/tr\/wp-json\/wp\/v2\/pages\/14923"}],"wp:featuredmedia":[{"embeddable":true,"href":"https:\/\/travelshelper.com\/tr\/wp-json\/wp\/v2\/media\/4130"}],"wp:attachment":[{"href":"https:\/\/travelshelper.com\/tr\/wp-json\/wp\/v2\/media?parent=14938"}],"curies":[{"name":"wp","href":"https:\/\/api.w.org\/{rel}","templated":true}]}}