{"id":14923,"date":"2024-09-20T12:26:13","date_gmt":"2024-09-20T12:26:13","guid":{"rendered":"https:\/\/travelshelper.com\/staging\/?page_id=14923"},"modified":"2026-03-11T18:20:22","modified_gmt":"2026-03-11T18:20:22","slug":"kazakistan","status":"publish","type":"page","link":"https:\/\/travelshelper.com\/tr\/destinations\/asia\/kazakhstan\/","title":{"rendered":"Kazakistan"},"content":{"rendered":"<p>Kazakistan, a\u00e7\u0131k g\u00f6ky\u00fcz\u00fc ve de\u011fi\u015fken arazinin geni\u015f bir alan\u0131n\u0131 kaplar, konturlar\u0131 hem eski yollar\u0131 hem de modern tutkular\u0131 izleyen bir \u00fclkedir. S\u0131n\u0131rlar\u0131 be\u015f kom\u015fuyla kesi\u015fir - kuzeyde ve bat\u0131da Rusya, do\u011fuda \u00c7in, g\u00fcneydo\u011fuda K\u0131rg\u0131zistan, g\u00fcneyde \u00d6zbekistan ve g\u00fcneybat\u0131da T\u00fcrkmenistan - ve Hazar Denizi ile bat\u0131 k\u0131y\u0131s\u0131n\u0131 payla\u015f\u0131r. 1997&#039;den beri ba\u015fkent olan Astana, kuzey ovalar\u0131n\u0131n ortas\u0131nda yer al\u0131r; en b\u00fcy\u00fck \u015fehri olan Almat\u0131, Trans-Ili Alatau&#039;nun eteklerinde yer al\u0131r. Bu kentsel merkezler birlikte, Hazar k\u0131y\u0131s\u0131n\u0131n al\u00e7ak platolar\u0131ndan Altay Da\u011flar\u0131&#039;na, Bat\u0131 Sibirya ovalar\u0131ndan Orta Asya&#039;n\u0131n \u00e7\u00f6l havzalar\u0131na kadar uzanan bir araziyi \u00e7er\u00e7eveler.<\/p>\n\n\n\n<p>Yakla\u015f\u0131k 2,7 milyon kilometrekarelik bir alan\u0131 kaplayan -Bat\u0131 Avrupa ile kar\u015f\u0131la\u015ft\u0131r\u0131labilir bir alan- Kazakistan, k\u00fcresel kara alan\u0131 bak\u0131m\u0131ndan dokuzuncu s\u0131rada yer al\u0131r ve deniz k\u0131y\u0131s\u0131 olmayan en b\u00fcy\u00fck \u00fclke olarak \u00f6ne \u00e7\u0131kar. Topraklar\u0131n\u0131n neredeyse yar\u0131s\u0131 engebeli platolar ve a\u00e7\u0131k ovalar \u00fczerinde yer al\u0131r; \u00fc\u00e7te biri ovalardan olu\u015fur; g\u00fcney ve do\u011fu kenarlar\u0131, zirveleri hem su havzas\u0131 hem de s\u0131\u011f\u0131nak g\u00f6revi g\u00f6ren s\u0131rada\u011flara y\u00fckselir. Kazak Bozk\u0131r\u0131 tek ba\u015f\u0131na sekiz y\u00fcz bin kilometrekarelik bir alana yay\u0131larak d\u00fcnyan\u0131n en b\u00fcy\u00fck kuru \u00e7ay\u0131rl\u0131\u011f\u0131n\u0131 olu\u015fturur. Burada otlar yerini kumlara, nehir ge\u00e7itlerine ve gizli kanyonlara b\u0131rak\u0131r; bunlar\u0131n aras\u0131nda, duvarlar\u0131 \u00fc\u00e7 y\u00fcz metreye kadar y\u00fckselen ve Buzul \u00c7a\u011f\u0131&#039;ndan beri izole edilmi\u015f bir kal\u0131nt\u0131 k\u00fcl t\u00fcr\u00fcn\u00fc bar\u0131nd\u0131ran k\u0131rm\u0131z\u0131 bir kumta\u015f\u0131 u\u00e7urumu olan Charyn Kanyonu da vard\u0131r.<\/p>\n\n\n\n<p>Bu topraklardaki insan varl\u0131\u011f\u0131 Paleolitik d\u00f6neme kadar uzan\u0131r. Binlerce y\u0131l boyunca g\u00f6\u00e7ebe \u0130ran kabileleri -\u0130skitler, Sakalar ve di\u011ferleri- geni\u015f alanlar\u0131nda dola\u015farak petroglifler ve mezar h\u00f6y\u00fckleri b\u0131rakt\u0131lar. MS 6. y\u00fczy\u0131lda T\u00fcrk halklar\u0131 do\u011fudan geldi. On \u00fc\u00e7\u00fcnc\u00fc y\u00fczy\u0131lda Cengiz Han&#039;\u0131n Mo\u011fol ordular\u0131 bozk\u0131rlar\u0131 imparatorluk y\u00f6netimi alt\u0131na ald\u0131. Alt\u0131n Orda sonraki y\u00fczy\u0131llarda par\u00e7aland\u0131k\u00e7a, yerel hanlar iktidar\u0131 sa\u011flamla\u015ft\u0131rd\u0131 ve on alt\u0131nc\u0131 y\u00fczy\u0131l\u0131n ortalar\u0131nda, bug\u00fcn\u00fcn cumhuriyetine b\u00fcy\u00fck \u00f6l\u00e7\u00fcde kar\u015f\u0131l\u0131k gelen topraklar \u00fczerinde Kazak Hanl\u0131\u011f\u0131&#039;n\u0131 kurdu. Kabile b\u00f6l\u00fcnmeleri veya j\u00fczler devam etti; on sekizinci y\u00fczy\u0131lda hanl\u0131k \u00fc\u00e7 j\u00fcze b\u00f6l\u00fcnd\u00fc ve Rusya&#039;n\u0131n g\u00fcneye do\u011fru ilerlemesine yava\u015f yava\u015f boyun e\u011fdi. On dokuzuncu y\u00fczy\u0131l\u0131n ortalar\u0131nda, her g\u00f6\u00e7ebe yerle\u015fim yeri Rus \u0130mparatorlu\u011fu&#039;nun nominal otoritesi alt\u0131na girmi\u015fti.<\/p>\n\n\n\n<p>Yirminci y\u00fczy\u0131l\u0131n ba\u015flar\u0131ndaki \u00e7alkant\u0131lar b\u00f6lgeyi tekrar de\u011fi\u015ftirdi. 1917 devrimleri ve i\u00e7 \u00e7at\u0131\u015fmalardan sonra b\u00f6lge Rusya i\u00e7inde Kazak \u00d6zerk Sosyalist Sovyet Cumhuriyeti oldu. 1936&#039;da stat\u00fcs\u00fc tam bir Sovyet cumhuriyeti seviyesine y\u00fckseldi. Sonraki on y\u0131llarda Sovyet politikalar\u0131 topra\u011f\u0131 ve halklar\u0131n\u0131 yeniden \u015fekillendirdi: Stalin&#039;in kolektivizasyonu alt\u0131nda zorunlu yerle\u015fikle\u015ftirme, milyonlarca insan\u0131 (\u00e7o\u011fu Rus, \u00e7o\u011fu s\u00fcrg\u00fcn edilmi\u015f az\u0131nl\u0131k) kuzeydeki otlaklar\u0131 ekmeye \u00e7eken 1950&#039;ler ve 1960&#039;lardaki Bakir Topraklar kampanyas\u0131 ve ard\u0131ndan gelen h\u0131zl\u0131 sanayile\u015fme. Aral\u0131k 1991&#039;deki ba\u011f\u0131ms\u0131zl\u0131\u011fa kadar Kazaklar n\u00fcfusun yar\u0131s\u0131ndan az\u0131n\u0131 olu\u015fturuyordu; Ruslar, Ukraynal\u0131lar, Almanlar ve di\u011ferleri karma\u015f\u0131k bir etnik mozaik olu\u015fturuyordu.<\/p>\n\n\n\n<p>Bug\u00fcn n\u00fcfus, kilometrekare ba\u015f\u0131na alt\u0131 ki\u015fiden az\u0131yla k\u00fcresel olarak en d\u00fc\u015f\u00fck yo\u011funluklardan biri olan yirmi milyona yak\u0131n. Etnik Kazaklar yakla\u015f\u0131k y\u00fczde yetmi\u015f birini, etnik Ruslar y\u00fczde on d\u00f6rt bu\u00e7ukunu olu\u015fturuyor; \u00d6zbekler, Ukraynal\u0131lar, Uygurlar, Almanlar ve di\u011ferleri daha k\u00fc\u00e7\u00fck gruplar\u0131 olu\u015fturuyor. Nominal olarak laik olan cumhuriyet, vatanda\u015flar\u0131n\u0131n yakla\u015f\u0131k y\u00fczde yetmi\u015fini M\u00fcsl\u00fcman olarak kaydediyor, \u00e7o\u011fu Hanefi mezhebini takip ediyor; Ortodoks H\u0131ristiyanlar yakla\u015f\u0131k y\u00fczde on yedisini olu\u015fturuyor, di\u011fer inan\u00e7lara sahip k\u00fc\u00e7\u00fck topluluklar ve dinsiz vatanda\u015flar var. Kazak ve Ruslar resmi stat\u00fcy\u00fc payla\u015f\u0131yor, ikincisi ticaret, y\u00f6netim ve etnik gruplar aras\u0131 de\u011fi\u015fimin ortak dili olmaya devam ediyor.<\/p>\n\n\n\n<p>Kaynak zenginli\u011fi Kazakistan ekonomisinin temelini olu\u015fturur. Ulusal Fonu, petrol ve gaz gelirlerini ulusal kalk\u0131nmaya y\u00f6nlendirir; yabanc\u0131 yat\u0131r\u0131m, ba\u011f\u0131ms\u0131zl\u0131ktan bu yana k\u0131rk milyar ABD dolar\u0131n\u0131 a\u015ft\u0131 ve \u00e7o\u011funlukla petrol ve mineral \u00e7\u0131kar\u0131m\u0131na y\u00f6nlendirildi. Kan\u0131tlanm\u0131\u015f rezervler Kazakistan&#039;\u0131 d\u00fcnyan\u0131n en b\u00fcy\u00fck demir, g\u00fcm\u00fc\u015f, bak\u0131r ve uranyum \u00fcreticileri aras\u0131na sokuyor; ayr\u0131ca \u00f6nde gelen k\u00f6m\u00fcr, krom, manganez ve alt\u0131n sahipleri aras\u0131nda yer al\u0131yor. Petrol ve gaz \u00fcretimi, end\u00fcstriyel \u00fcretimin yakla\u015f\u0131k y\u00fczde altm\u0131\u015f\u0131n\u0131 ve GSY\u0130H&#039;n\u0131n yakla\u015f\u0131k y\u00fczde on \u00fc\u00e7\u00fcn\u00fc olu\u015fturuyor. Ham petrol \u00fcretimi 2009&#039;da g\u00fcnde yakla\u015f\u0131k 1,54 milyon varile ula\u015ft\u0131; Tokarevskoye gibi gaz-yo\u011fu\u015fma sahalar\u0131 bu hacme katk\u0131da bulunuyor. Ancak, yerel rafinasyon kapasitesi (At\u0131rau, Pavlodar ve \u015eymkent&#039;teki \u00fc\u00e7 rafineri) yetersiz kal\u0131yor, bu nedenle b\u00fcy\u00fck miktarda ham petrol Rus tesislerine aktar\u0131l\u0131yor.<\/p>\n\n\n\n<p>Yak\u0131tlar\u0131n \u00f6tesinde, Karatau ve Aqtobe havzalar\u0131ndaki fosforit yataklar\u0131 bir milyar tondan fazla; uranyum ve elmas madencili\u011fi ihracat\u0131 daha da \u00e7e\u015fitlendiriyor. Ekstraktif End\u00fcstriler \u015eeffafl\u0131k Giri\u015fimi, 2013&#039;te Kazakistan&#039;\u0131 uyumlu olarak de\u011ferlendirdi ve gelir a\u00e7\u0131klama sistemlerini kabul etti. Tar\u0131msal ihracatlar (\u00e7o\u011funlukla bu\u011fday, hayvanc\u0131l\u0131k ve tekstil) enerji ve mineralleri tamaml\u0131yor, ancak \u00e7ift\u00e7ilik daha k\u00fc\u00e7\u00fck bir ekonomik paya sahip.<\/p>\n\n\n\n<p>\u00dclkenin iklimi k\u0131tasal konumunu yans\u0131t\u0131r: uzun, so\u011fuk k\u0131\u015flar; s\u0131cak, kurak yazlar; k\u0131sa ilkbahar ve sonbahar ya\u011fmurlar\u0131 d\u0131\u015f\u0131nda az ya\u011f\u0131\u015f. Astana, yakla\u015f\u0131k -25 \u00b0C&#039;lik k\u0131\u015f s\u0131cakl\u0131klar\u0131na dayan\u0131r ve bu da onu Ulan Batur&#039;dan sonra d\u00fcnyan\u0131n en so\u011fuk ikinci ba\u015fkenti yapar. Bir zamanlar gezegenin en b\u00fcy\u00fck i\u00e7 g\u00f6llerinden biri olan ve \u015fimdi sulama yanl\u0131\u015f y\u00f6netiminin uyar\u0131c\u0131 bir sembol\u00fc olan g\u00fcneydeki Aral Denizi&#039;nin kurumas\u0131yla ekolojik endi\u015feler ortaya \u00e7\u0131kar.<\/p>\n\n\n\n<p>Koruma \u00e7al\u0131\u015fmalar\u0131 on ulusal park ve on do\u011fa rezervini kapsamakta olup bozk\u0131r, da\u011f ve sulak alan habitatlar\u0131n\u0131 korumaktad\u0131r. Flora, merkezi vadilerde yabani elmalar, \u00fcz\u00fcmler ve laleler i\u00e7erir; faunal t\u00fcrler argali koyunu ve Avrasya va\u015fa\u011f\u0131ndan alpin b\u00f6lgelerdeki kar leopar\u0131na kadar uzan\u0131r. Przewalski&#039;nin at\u0131n\u0131n yeniden tan\u0131t\u0131lmas\u0131, bu yabani atgilin yakla\u015f\u0131k iki y\u00fczy\u0131ll\u0131k yoklu\u011fundan sonra bozk\u0131ra geri d\u00f6nmesini sa\u011flam\u0131\u015ft\u0131r.<\/p>\n\n\n\n<p>\u0130dari olarak, Kazakistan on yedi b\u00f6lgeye ve cumhuriyet stat\u00fcs\u00fcnde d\u00f6rt \u015fehre ayr\u0131l\u0131r: Almat\u0131, Astana, \u015e\u0131mkent ve Rusya taraf\u0131ndan i\u015fletilen kozmodromun bulundu\u011fu kiralanm\u0131\u015f Baykonur b\u00f6lgesi. B\u00f6lgeler il\u00e7elere ve k\u0131rsal il\u00e7elere ayr\u0131l\u0131r. Kentsel yerle\u015fim yerleri, her biri tan\u0131mlanm\u0131\u015f y\u00f6netime sahip \u00e7e\u015fitli s\u0131ralamalar al\u0131r - cumhuriyet\u00e7i, b\u00f6lgesel veya il\u00e7e \u00f6nemi.<\/p>\n\n\n\n<p>Ula\u015f\u0131m altyap\u0131s\u0131 geni\u015f topraklar\u0131 birbirine \u00f6r\u00fcyor. Demiryollar\u0131 kargo trafi\u011finin y\u00fczde altm\u0131\u015f sekizini ve yolcu trafi\u011finin yar\u0131s\u0131ndan fazlas\u0131n\u0131 ta\u015f\u0131yor; ulusal ta\u015f\u0131y\u0131c\u0131 Kazakistan Temir Zholy, yakla\u015f\u0131k \u00fc\u00e7te biri elektrikli olan yakla\u015f\u0131k on be\u015f bin kilometre 1.520 mm \u00f6l\u00e7\u00fcl\u00fc ray hatt\u0131 i\u015fletiyor. Y\u00fcksek h\u0131zl\u0131 hizmetler Almat\u0131 ile uzaktaki Petropavl&#039;\u0131 yakla\u015f\u0131k on sekiz saatte iki bin kilometreden fazla birbirine ba\u011fl\u0131yor. 2017&#039;de a\u00e7\u0131lan Astana Nurly Zhol istasyonu, modern tasar\u0131m\u0131 ve otuz be\u015f bin yolcu i\u00e7in g\u00fcnl\u00fck kapasitesini \u00f6rnekliyor. Almat\u0131 sekiz kilometrelik bir metroya ev sahipli\u011fi yap\u0131yor; hat uzatma planlar\u0131 finansman bekliyor. \u00c7in s\u0131n\u0131r\u0131ndaki Khorgos Gateway kuru liman\u0131, Avrupa ve Asya&#039;y\u0131 birbirine ba\u011flayan Trans-Avrasya y\u00fcklerini y\u00f6netiyor. \u00d6zellikle Astana ve Almat\u0131&#039;daki otoyollar ve havaalanlar\u0131 a\u011f\u0131 tamamlarken, Air Astana AB g\u00fcvenlik standartlar\u0131n\u0131 kar\u015f\u0131layan tek Kazak ta\u015f\u0131y\u0131c\u0131 olmaya devam ediyor.<\/p>\n\n\n\n<p>Ekonomik g\u00f6stergeler hem f\u0131rsat\u0131 hem de oynakl\u0131\u011f\u0131 yans\u0131t\u0131r. 2018&#039;de GSY\u0130H 179 milyar dolara ula\u015ft\u0131, b\u00fcy\u00fcme %4,5 oldu; ki\u015fi ba\u015f\u0131na d\u00fc\u015fen \u00e7\u0131kt\u0131 9.700 dolara yakla\u015ft\u0131. Petroldeki fiyat dalgalanmalar\u0131 \u015eubat 2014&#039;te ve A\u011fustos 2015&#039;te oran\u0131nda para birimi deval\u00fcasyonlar\u0131na yol a\u00e7t\u0131. Buna ra\u011fmen Kazakistan, IMF borcunun tamam\u0131n\u0131 2010&#039;da, planlanandan yedi y\u0131l \u00f6nce \u00f6dedi. 2008 k\u00fcresel krizi s\u0131ras\u0131nda, yakla\u015f\u0131k 21 milyar dolar de\u011ferindeki te\u015fvik \u00f6nlemleri -GSY\u0130H&#039;n\u0131n &#039;si- bankalar\u0131, gayrimenkul\u00fc, tar\u0131m\u0131 ve KOB\u0130&#039;leri istikrara kavu\u015fturdu. Muhafazakar harcamalar ve bir petrol geliri istikrar fonu yard\u0131m\u0131yla b\u00fct\u00e7e fazlalar\u0131 2013&#039;te geri d\u00f6nd\u00fc.<\/p>\n\n\n\n<p>Piyasa reformlar\u0131, Kazakistan&#039;a 2002&#039;de ABD taraf\u0131ndan piyasa ekonomisi tan\u0131nmas\u0131 ve ayn\u0131 y\u0131l yat\u0131r\u0131m yap\u0131labilir kredi notu kazand\u0131rd\u0131. D\u0131\u015f bor\u00e7, GSY\u0130H&#039;ye g\u00f6re m\u00fctevaz\u0131 kald\u0131 ve 2008&#039;de %8,7&#039;den 2019&#039;da ,2&#039;ye y\u00fckseldi. \u00dclke, DT\u00d6 ve Avrasya entegrasyonunu s\u00fcrd\u00fcr\u00fcyor, 2015&#039;te D\u00fcnya Ticaret \u00d6rg\u00fct\u00fc&#039;ne kat\u0131l\u0131yor ve Avrasya Ekonomik Birli\u011fi ile \u015eanghay \u0130\u015fbirli\u011fi \u00d6rg\u00fct\u00fc&#039;n\u00fc kuruyor.<\/p>\n\n\n\n<p>Turizm, b\u00fcy\u00fck mesafeler ve altyap\u0131 zorluklar\u0131 aras\u0131nda yava\u015f yava\u015f gelir. 2014&#039;te GSY\u0130H&#039;n\u0131n %0,3&#039;\u00fcn\u00fc olu\u015fturuyordu, h\u00fck\u00fcmet be\u015f b\u00f6lgesel k\u00fcmenin geli\u015ftirilmesiyle 2020&#039;ye kadar %3&#039;\u00fc hedefliyor. Kom\u015fu BDT \u00fclkelerinden AB, ABD ve Japonya&#039;ya kadar elliden fazla \u00fclke i\u00e7in vizesiz rejimler eri\u015fimi kolayla\u015ft\u0131rmay\u0131 ama\u00e7l\u0131yor. Cazibe merkezleri Almat\u0131&#039;n\u0131n da\u011fl\u0131k i\u00e7 kesimlerinden Baykonur&#039;un tarihi f\u0131rlatma rampalar\u0131na, \u0130pek Yolu kervansaraylar\u0131ndan bozk\u0131r\u0131n \u0131ss\u0131z ufuklar\u0131na kadar uzan\u0131yor. Ziyaret\u00e7i say\u0131lar\u0131 artt\u0131, ancak maliyetler, uzak yerler ve e\u015fitsiz hizmetler nedeniyle bask\u0131 alt\u0131nda kalmaya devam ediyor.<\/p>\n\n\n\n<p>K\u00fclt\u00fcr g\u00f6\u00e7ebe k\u00f6klerinden ve imparatorluk miraslar\u0131ndan do\u011far. Rus fethinden \u00f6nce Kazak toplumu mevsimlik \u00e7obanl\u0131kla ge\u00e7iniyordu, s\u00f6zl\u00fc gelenekleri \u015fairleri, filozoflar\u0131 ve klan b\u00fcy\u00fcklerini kutluyordu. \u0130slam, sekizinci y\u00fczy\u0131ldan itibaren g\u00fcneye do\u011fru kademeli olarak yay\u0131ld\u0131 ve Samanidler ve Alt\u0131n Orda d\u00f6neminde sa\u011flamla\u015ft\u0131. Sovyet ateizmi dini uygulamalar\u0131 bast\u0131rd\u0131, ancak ba\u011f\u0131ms\u0131zl\u0131k cami ve kilise in\u015faat\u0131n\u0131 canland\u0131rd\u0131 - 1990&#039;dan beri kay\u0131tl\u0131 derneklerde d\u00f6rt kat art\u0131\u015f oldu.<\/p>\n\n\n\n<p>Dil, ikili miras\u0131 temsil eder: K\u0131p\u00e7ak T\u00fcrk dili olan Kazak\u00e7a, resmi dildir; Rus\u00e7a ise resmi bir muadilidir. Y\u00fczde seksenden fazlas\u0131 her ikisinde de yeterlilik iddia ederken, etnik Kazaklar aras\u0131nda Kazak\u00e7an\u0131n g\u00fcnl\u00fck kullan\u0131m\u0131 yakla\u015f\u0131k y\u00fczde altm\u0131\u015f \u00fc\u00e7e ula\u015fmaktad\u0131r. \u0130ki dillilik medyay\u0131, e\u011fitimi ve ticareti \u015fekillendirir.<\/p>\n\n\n\n<p>Edebiyat ve bilim \u00f6nemli \u015fahsiyetleri izler: Abay Qunanbayuli halk ve y\u00fcksek k\u00fclt\u00fcr aras\u0131nda k\u00f6pr\u00fc kuran \u015fiirsel formlar tasarlad\u0131; Mukhtar Auezov ulusal destanlar\u0131 dramatize etti; Kanysh Satpayev Kazak jeolojisini kurdu. \u00c7a\u011fda\u015f yazarlar, film yap\u0131mc\u0131lar\u0131 ve sanat\u00e7\u0131lar yerel kimli\u011fe dikkat ederken k\u00fcresel ak\u0131mlarda yol al\u0131rlar. Almat\u0131&#039;n\u0131n devlet st\u00fcdyosu Kazakhfilm, Harmony Lessons gibi eserler \u00fcretir; Astana ve Almat\u0131&#039;daki festivaller uluslararas\u0131 i\u015f birli\u011fini te\u015fvik eder. Kazak s\u0131n\u0131rlar\u0131 i\u00e7inde do\u011fan Hollywood y\u00f6netmeni Timur Bekmambetov Kazak yeteneklerini daha geni\u015f kitlelerle bulu\u015fturur.<\/p>\n\n\n\n<p>Mutfak pastoral k\u00f6kenleri yans\u0131t\u0131r: ha\u015flanm\u0131\u015f et ve eri\u015fte yeme\u011fi olan beshbarmak; kuzu ve havu\u00e7la zenginle\u015ftirilmi\u015f pilav; fermente k\u0131srak s\u00fct\u00fc - k\u0131m\u0131z - ayran ve \u015fubat\u0131n yan\u0131nda. Sosyal toplant\u0131lara \u00e7ay rit\u00fcelleri e\u015flik eder ve genellikle kurutulmu\u015f meyve ve kuruyemi\u015flerle servis edilir.<\/p>\n\n\n\n<p>Kazakistan&#039;\u0131n UNESCO D\u00fcnya Miras\u0131 listesindeki varl\u0131\u011f\u0131 \u00fc\u00e7 k\u00fclt\u00fcrel alan\u0131 kaps\u0131yor: Hoca Ahmed Yesevi t\u00fcrbesi, Tamgaly petroglifleri, \u0130pek Yolu koridorlar\u0131 ve iki do\u011fal alan: Saryarka bozk\u0131r\u0131 ve Bat\u0131 Tien Shan. Bu tan\u0131mlamalar \u00fclkenin jeolojik, tarihi ve k\u00fclt\u00fcrel \u00f6nemini teyit ediyor.<\/p>\n\n\n\n<p>Siyasi olarak, Kazakistan \u00fcniter anayasal bir cumhuriyet olarak faaliyet g\u00f6stermektedir. Cumhurba\u015fkan\u0131 Nursultan Nazarbayev, cumhuriyeti ba\u011f\u0131ms\u0131zl\u0131ktan 2019&#039;daki istifas\u0131na kadar y\u00f6nlendirmi\u015ftir; g\u00f6rev s\u00fcresi merkezi otoriteyi, kademeli reformlar\u0131 ve ortaya \u00e7\u0131kan bir siyasi s\u0131n\u0131f\u0131 denetlemi\u015ftir. Halefler, \u00e7o\u011fulculu\u011fa do\u011fru kademeli ad\u0131mlarla istikrar\u0131 korumu\u015ftur. Rusya, \u00c7in ve Bat\u0131 ile ekonomik ba\u011flar taraf\u0131ndan \u015fekillendirilen d\u0131\u015f ili\u015fkilerle birlikte \u015feffafl\u0131k ve hesap verebilirlik i\u00e7in i\u00e7 bask\u0131lar devam etmektedir.<\/p>\n\n\n\n<p>K\u0131rsaldan kentsele, Kazaktan Sovyet sonras\u0131 d\u00f6neme demografik de\u011fi\u015fimlerle kar\u015f\u0131 kar\u015f\u0131ya kalan \u00fclke, gelenek ve yenilik aras\u0131nda yerini belirliyor. Dijital y\u00f6netim, yenilenebilir enerji ve k\u00fclt\u00fcrel koruma alan\u0131ndaki projeler, petrol sahalar\u0131n\u0131n ve demir yolu koridorlar\u0131n\u0131n geni\u015flemesiyle paralel ilerliyor. \u0130ster Avrupa&#039;y\u0131 Asya&#039;ya ba\u011flayan y\u00fcksek h\u0131zl\u0131 demir yolu olsun, ister yaz festivallerinde g\u00f6\u00e7ebe geleneklerinin sessizce yeniden canlanmas\u0131 olsun, Kazakistan \u00f6l\u00e7ek ve yaln\u0131zl\u0131k gerginliklerini a\u015f\u0131yor.<\/p>\n\n\n\n<p>Ayn\u0131 anda hem geni\u015f hem de seyrek n\u00fcfuslu olan cumhuriyet, basit tan\u0131mlamalara meydan okuyor. Manzaralar\u0131 kay\u0131ts\u0131z ve a\u00e7\u0131k hissettirebilir, ancak g\u00f6\u00e7, fetih ve de\u011fi\u015fimin karma\u015f\u0131k tarihlerini ortaya koyar. Kentsel sil\u00fcetler planl\u0131 geometrilerde y\u00fckselirken, k\u00f6yler zaman\u0131n a\u015f\u0131nd\u0131rd\u0131\u011f\u0131 desenlere tutunur. Bozk\u0131r, da\u011f ve sanayi b\u00f6lgesi boyunca topraklar\u0131n\u0131n geni\u015fli\u011finde, Kazakistan kaynak, dayan\u0131kl\u0131l\u0131k ve yenilenmenin bir anlat\u0131s\u0131n\u0131 bir araya getiriyor - hala ortaya \u00e7\u0131kan, h\u0131rslar\u0131n\u0131n zirvesi ve atalar\u0131n\u0131n haf\u0131zas\u0131n\u0131n derinli\u011fi taraf\u0131ndan \u015fekillendirilen bir hesap.<\/p>","protected":false},"excerpt":{"rendered":"<p>Kara alan\u0131 bak\u0131m\u0131ndan d\u00fcnyan\u0131n dokuzuncu b\u00fcy\u00fck \u00fclkesi ve en geni\u015f karayla \u00e7evrili \u00fclke olarak tan\u0131nan Kazakistan, Orta Asya ve Do\u011fu Avrupa&#039;n\u0131n kesi\u015fti\u011fi noktada konumlanm\u0131\u015f, dikkate de\u011fer \u00e7e\u015fitlilikte manzaralar ve derin bir k\u00fclt\u00fcrel miras sunmaktad\u0131r. Geni\u015f alan\u0131nda yakla\u015f\u0131k 20 milyon insan\u0131n ya\u015fad\u0131\u011f\u0131 Kazakistan, kilometrekare ba\u015f\u0131na ortalama 6 ki\u015fiden az olan d\u00fcnyadaki en d\u00fc\u015f\u00fck n\u00fcfus yo\u011funluklar\u0131ndan birine sahiptir. \u00dclkenin ge\u00e7mi\u015fini \u015fekillendiren ve hala bug\u00fcnk\u00fc geli\u015fimini etkileyen geni\u015f bozk\u0131rlar\u0131, kayal\u0131k da\u011flar\u0131 ve geni\u015f \u00e7\u00f6lleri, bu al\u0131\u015f\u0131lmad\u0131k n\u00fcfus kar\u0131\u015f\u0131m\u0131na yans\u0131r.<\/p>","protected":false},"author":1,"featured_media":3135,"parent":24063,"menu_order":0,"comment_status":"closed","ping_status":"closed","template":"elementor_theme","meta":{"_eb_attr":"","footnotes":""},"class_list":["post-14923","page","type-page","status-publish","has-post-thumbnail"],"_links":{"self":[{"href":"https:\/\/travelshelper.com\/tr\/wp-json\/wp\/v2\/pages\/14923","targetHints":{"allow":["GET"]}}],"collection":[{"href":"https:\/\/travelshelper.com\/tr\/wp-json\/wp\/v2\/pages"}],"about":[{"href":"https:\/\/travelshelper.com\/tr\/wp-json\/wp\/v2\/types\/page"}],"author":[{"embeddable":true,"href":"https:\/\/travelshelper.com\/tr\/wp-json\/wp\/v2\/users\/1"}],"replies":[{"embeddable":true,"href":"https:\/\/travelshelper.com\/tr\/wp-json\/wp\/v2\/comments?post=14923"}],"version-history":[{"count":0,"href":"https:\/\/travelshelper.com\/tr\/wp-json\/wp\/v2\/pages\/14923\/revisions"}],"up":[{"embeddable":true,"href":"https:\/\/travelshelper.com\/tr\/wp-json\/wp\/v2\/pages\/24063"}],"wp:featuredmedia":[{"embeddable":true,"href":"https:\/\/travelshelper.com\/tr\/wp-json\/wp\/v2\/media\/3135"}],"wp:attachment":[{"href":"https:\/\/travelshelper.com\/tr\/wp-json\/wp\/v2\/media?parent=14923"}],"curies":[{"name":"wp","href":"https:\/\/api.w.org\/{rel}","templated":true}]}}