{"id":14917,"date":"2024-09-20T12:17:14","date_gmt":"2024-09-20T12:17:14","guid":{"rendered":"https:\/\/travelshelper.com\/staging\/?page_id=14917"},"modified":"2026-03-11T18:20:46","modified_gmt":"2026-03-11T18:20:46","slug":"amman","status":"publish","type":"page","link":"https:\/\/travelshelper.com\/tr\/destinations\/asia\/jordan\/amman\/","title":{"rendered":"Amman"},"content":{"rendered":"<p>Amman, deniz seviyesinden 700 ila 1.100 metre y\u00fckseklikteki bir platoda yer al\u0131r, beyaz ve bej ta\u015ftan binalar\u0131 tepelerin \u00fczerinden akar ve vadilere do\u011fru uzan\u0131r. \u00dcrd\u00fcn&#039;\u00fcn ba\u015fkenti ve ba\u015f metropol\u00fc olarak \u00fclkenin siyasi merkezi, ba\u015fl\u0131ca pazar yeri ve k\u00fclt\u00fcrel odak noktas\u0131 olarak hizmet eder. Yakla\u015f\u0131k d\u00f6rt milyon n\u00fcfusa ev sahipli\u011fi yapan Amman, Levant&#039;taki di\u011fer t\u00fcm \u015fehirleri b\u00fcy\u00fckl\u00fck a\u00e7\u0131s\u0131ndan geride b\u0131rak\u0131r, Arap kent merkezleri aras\u0131nda be\u015finci s\u0131rada yer al\u0131r ve Orta Do\u011fu&#039;da metropol \u00f6l\u00e7e\u011finde onuncu s\u0131radad\u0131r. Sokaklar\u0131 bin y\u0131llar\u0131n a\u011f\u0131rl\u0131\u011f\u0131n\u0131 ta\u015f\u0131r ancak geni\u015fleme ve yenilenme enerjisiyle nab\u0131z atar.<\/p>\n\n\n\n<p>Burada insan varl\u0131\u011f\u0131n\u0131n en erken b\u00f6l\u00fcm\u00fc, modern \u00e7ekirde\u011fin on d\u00f6rt kilometre kuzeyindeki Neolitik bir yerle\u015fim yeri olan &#039;Ain Ghazal&#039;da ortaya \u00e7\u0131kar. Kaz\u0131lar, bilinen en eski tam v\u00fccutlu insan temsilleri aras\u0131nda yer alan ve M\u00d6 sekizinci biny\u0131la tarihlenen al\u00e7\u0131 ve kire\u00e7 ta\u015f\u0131 fig\u00fcrleri ortaya \u00e7\u0131karm\u0131\u015ft\u0131r. Bu rit\u00fcel nesneler, kay\u0131tl\u0131 tarihten \u00e7ok \u00f6nce bu kire\u00e7 ta\u015f\u0131 yama\u00e7lar\u0131ndaki toplumsal karma\u015f\u0131kl\u0131\u011fa ve sembolik uygulamalara tan\u0131kl\u0131k etmektedir.<\/p>\n\n\n\n<p>M\u00d6 1. bin y\u0131l\u0131n ba\u015flar\u0131nda, site daha fazla \u00f6nem kazanm\u0131\u015ft\u0131. \u00c7a\u011fda\u015flar\u0131 taraf\u0131ndan Rabat Aman olarak bilinen bu yer, krall\u0131\u011f\u0131 \u00dcrd\u00fcn Nehri&#039;nin \u00f6tesine do\u011fru uzanan Ammonitlerin kraliyet merkezi olarak hizmet ediyordu. Bu d\u00f6neme ait \u00e7anak \u00e7\u00f6mlek par\u00e7alar\u0131 ve yaz\u0131l\u0131 m\u00fch\u00fcrler, idari karma\u015f\u0131kl\u0131\u011fa ve b\u00f6lgesel de\u011fi\u015fime tan\u0131kl\u0131k ediyor.<\/p>\n\n\n\n<p>\u0130skender&#039;in fetihlerinin ard\u0131ndan Helenistik ordular geldi ve M\u00d6 \u00fc\u00e7\u00fcnc\u00fc y\u00fczy\u0131lda \u015fehir Philadelphia ad\u0131n\u0131 ald\u0131. On Dekapolis \u015fehrinden biri oldu - Yunan polis kurumlar\u0131na g\u00f6re modellenmi\u015f kent merkezleri, her biri bir ticaret, y\u00f6netim ve k\u00fclt\u00fcrel al\u0131\u015fveri\u015f a\u011f\u0131na katk\u0131da bulunuyordu. S\u00fctunlu sokaklar\u0131n ve kamu binalar\u0131n\u0131n kal\u0131nt\u0131lar\u0131, par\u00e7al\u0131 da olsa, kentsel ya\u015fama odaklanm\u0131\u015f bir d\u00fczene i\u015faret ediyor.<\/p>\n\n\n\n<p>MS yedinci y\u00fczy\u0131lda Arap g\u00fc\u00e7lerinin geli\u015fiyle, yerle\u015fim yeri hala ta\u015f\u0131d\u0131\u011f\u0131 ismi ald\u0131. Ard\u0131\u015f\u0131k halifelikler alt\u0131nda, Amman in\u015faat, y\u0131k\u0131m ve ihmal d\u00f6ng\u00fcleri ya\u015fad\u0131. Tahkimatlar y\u00fckseldi ve d\u00fc\u015ft\u00fc, camiler ortaya \u00e7\u0131kt\u0131, sonra kayboldu, tar\u0131m teraslar\u0131 ilerledi ve geriledi. Osmanl\u0131 d\u00f6neminde, y\u00fczy\u0131llarca azalan \u00f6nemden sonra, Amman b\u00fcy\u00fck \u00f6l\u00e7\u00fcde terk edilmi\u015fti.<\/p>\n\n\n\n<p>1878&#039;de Kafkasya&#039;dan kovulan \u00c7erkes aileleri kal\u0131c\u0131 bir k\u00f6y kurmak i\u00e7in Osmanl\u0131 izni ald\u0131klar\u0131nda yeni bir a\u015fama ba\u015flad\u0131. M\u00fctevaz\u0131 ta\u015f evleri, yak\u0131nlardaki Zarqa Nehri&#039;ni hala besleyen kaynaklar\u0131n etraf\u0131nda k\u00fcmelenmi\u015fti. 1904&#039;te Amman&#039;dan ge\u00e7en Hicaz Demiryolu hatt\u0131n\u0131n tamamlanmas\u0131, toplulu\u011fu \u015eam, Medine ve \u00f6tesine ba\u011flayarak b\u00fcy\u00fcmeyi h\u0131zland\u0131rd\u0131. 1909&#039;da sakinler ilk belediye meclisini olu\u015fturarak modern y\u00f6netim i\u00e7in temel olu\u015fturdu.<\/p>\n\n\n\n<p>1921&#039;de \u0130ngiliz yetkililer Amman&#039;\u0131 \u00dcrd\u00fcn Emirli\u011fi&#039;nin ba\u015fkenti olarak belirledi. Bu se\u00e7im, stratejik konumunu ve kabile merkezleri aras\u0131ndaki g\u00f6receli tarafs\u0131zl\u0131\u011f\u0131n\u0131 yans\u0131t\u0131yordu. O andan itibaren Levant&#039;\u0131n d\u00f6rt bir yan\u0131ndan gelen g\u00f6\u00e7ler \u015fehrin karakterini yeniden \u015fekillendirdi. 1948 ile 1967 y\u0131llar\u0131 aras\u0131nda kitle hareketleri \u00e7at\u0131\u015fmadan ka\u00e7an Filistinlileri; 1990&#039;da ve 2003&#039;te Irak&#039;tan gelenleri; ve 2011&#039;den beri i\u00e7 sava\u015ftan ka\u00e7an Suriyelileri getirdi. Bu ard\u0131\u015f\u0131k dalgalar birka\u00e7 on y\u0131lda kentsel n\u00fcfusu iki kat\u0131ndan fazla art\u0131rd\u0131, orijinal yedi tepeyi on dokuza \u00e7\u0131kard\u0131 ve yirmi iki idari olarak tan\u0131mlanm\u0131\u015f alan\u0131 kapsad\u0131.<\/p>\n\n\n\n<p>Topografik olarak Amman s\u0131rt \u00e7izgileri boyunca ve oyuklarda uzan\u0131r. Yerel yer adlar\u0131 bu co\u011frafyay\u0131 korur: Jabal al-Luweibdeh ve Jabal al-Ashrafieh tepeleri ifade eder; Wadi Abdoun ve Wadi Seer vadileri belirtir. Eski mahalle olan Do\u011fu Amman, art\u0131k k\u00fclt\u00fcrel etkinlikler i\u00e7in yeniden kullan\u0131lan tarihi yap\u0131lar\u0131n \u00e7o\u011funu bar\u0131nd\u0131r\u0131r; m\u00fczeler, \u00e7ar\u015f\u0131lar ve eski konutlar. Buna kar\u015f\u0131l\u0131k Bat\u0131 Amman, i\u015f kulelerine, l\u00fcks otellere ve \u00e7okuluslu merkezlere ev sahipli\u011fi yapar.<\/p>\n\n\n\n<p>\u0130klimsel olarak \u015fehir iki rejimi bir arada bar\u0131nd\u0131r\u0131yor. Bat\u0131 ve kuzey kesimleri, y\u00fcksek kesimlerde nadir kar ya\u011f\u0131\u015f\u0131 i\u00e7in yeterince so\u011fuk k\u0131\u015flar ile s\u0131cak yaz Akdeniz ikliminin tad\u0131n\u0131 \u00e7\u0131kar\u0131yor. Do\u011fu ve g\u00fcney yama\u00e7lar\u0131, y\u0131ll\u0131k ya\u011f\u0131\u015f\u0131n 250 mm&#039;nin alt\u0131na d\u00fc\u015febildi\u011fi yar\u0131 kurak bir b\u00f6lgede yer al\u0131yor. \u0130lkbahar aniden gelir ve yaz\u0131n \u0131l\u0131ml\u0131 s\u0131cakl\u0131\u011f\u0131 ve \u00f6\u011fleden sonra esintileri kendini g\u00f6stermeden \u00f6nce neredeyse bir ay s\u00fcrer. Ya\u011fmur \u00e7o\u011funlukla Kas\u0131m ve Nisan aylar\u0131 aras\u0131nda d\u00fc\u015fer ve plato boyunca y\u0131lda ortalama 385 mm&#039;dir. Yo\u011fun sis, sokaklar\u0131 y\u0131lda yakla\u015f\u0131k 120 g\u00fcn \u00f6rtebilirken, il\u00e7eler aras\u0131ndaki s\u0131cakl\u0131k kontrastlar\u0131 birka\u00e7 kilometre i\u00e7inde belirgin mikro iklimler yarat\u0131r.<\/p>\n\n\n\n<p>\u0130dari olarak Amman Valili\u011fi dokuz il\u00e7eye ve \u00e7ok say\u0131da alt il\u00e7eye ayr\u0131l\u0131r. B\u00fcy\u00fck Amman Belediyesi, altyap\u0131 bak\u0131m\u0131ndan imar y\u00f6netmeliklerine kadar yirmi iki b\u00f6lgedeki kamu hizmetlerini y\u00f6netir. \u0130mar y\u00f6netmelikleri, konutlar\u0131 yerden d\u00f6rt kat yukar\u0131da ve m\u00fcmk\u00fcnse yerden d\u00f6rt kat a\u015fa\u011f\u0131da, kire\u00e7 ta\u015f\u0131 veya kum ta\u015f\u0131yla kapl\u0131 olarak s\u0131n\u0131rlar. Her katta balkonlar bulunur. Ticari kuleler ve oteller cam ve metal cepheler kullan\u0131r, ancak ta\u015f merkezi bir estetik olmaya devam eder.<\/p>\n\n\n\n<p>\u015eehrin ekonomik temeli b\u00fcy\u00fck \u00f6l\u00e7\u00fcde bankac\u0131l\u0131k sekt\u00f6r\u00fcne ba\u011fl\u0131d\u0131r. Burada yirmi be\u015f banka faaliyet g\u00f6stermektedir ve on be\u015fi Amman Borsas\u0131&#039;nda listelenmi\u015ftir. Merkezi Amman&#039;da bulunan Arab Bank, d\u00fcnya \u00e7ap\u0131nda 600&#039;den fazla \u015fubesi ve piyasa de\u011ferine g\u00f6re yerel borsan\u0131n &#039;ini temsil eden Orta Do\u011fu&#039;nun en b\u00fcy\u00fck finans kurulu\u015flar\u0131 aras\u0131nda yer almaktad\u0131r. Arap Bahar\u0131 s\u0131ras\u0131nda ya\u015fanan b\u00f6lgesel huzursuzlu\u011fa ra\u011fmen sekt\u00f6r 2014 boyunca b\u00fcy\u00fcmeye devam etti.<\/p>\n\n\n\n<p>Finans\u0131n \u00f6tesinde, Amman \u00e7okuluslu \u015firketler i\u00e7in b\u00f6lgesel bir merkez g\u00f6revi g\u00f6r\u00fcr. Beta\u2212 k\u00fcresel \u015fehir olarak s\u0131ralamas\u0131, kurumsal ofislerin, hizmet end\u00fcstrilerinin ve yeni teknoloji giri\u015fimlerinin yo\u011funla\u015fmas\u0131n\u0131 yans\u0131t\u0131r. \u015eehrin GSY\u0130H&#039;si, in\u015faat, perakende ve profesyonel hizmetler taraf\u0131ndan y\u00f6nlendirilen ulusal ortalamalar\u0131 a\u015fan bir h\u0131zda b\u00fcy\u00fcr.<\/p>\n\n\n\n<p>Turizm daha fazla gelir sa\u011fl\u0131yor. 2018&#039;de yakla\u015f\u0131k bir milyon ziyaret\u00e7i geldi ve Amman&#039;\u0131 k\u00fcresel \u015fehir-destinasyon s\u0131ralamas\u0131nda seksen dokuzuncu ve Arap ba\u015fkentleri aras\u0131nda on ikinci s\u0131raya yerle\u015ftirdi. Otuz kilometre g\u00fcneyde bulunan Queen Alia Uluslararas\u0131 Havaalan\u0131, 2010&#039;lar\u0131n ortas\u0131nda tamamlanan kapsaml\u0131 bir terminal geni\u015flemesinin ard\u0131ndan y\u0131lda on alt\u0131 milyondan fazla yolcuyu i\u015fletti. \u0130\u00e7 hatlar Amman Sivil Havaalan\u0131 b\u00f6lgesel u\u00e7u\u015flar\u0131 ve askeri operasyonlar\u0131 y\u00f6netiyor. Turizm ve ula\u015ft\u0131rma bakanlar\u0131 yol iyile\u015ftirmelerine, bir otob\u00fcs h\u0131zl\u0131 transit sistemine ve trafi\u011fi daha verimli bir \u015fekilde da\u011f\u0131tmak i\u00e7in ulusal bir demir yolu planlar\u0131na yat\u0131r\u0131m yapt\u0131.<\/p>\n\n\n\n<p>T\u0131bbi turizm bir di\u011fer aya\u011f\u0131 olu\u015fturuyor. \u00dcrd\u00fcn, Orta Do\u011fu&#039;da en fazla hastay\u0131 \u00e7eken \u00fclke ve d\u00fcnya \u00e7ap\u0131nda be\u015finci s\u0131rada yer al\u0131yor. Her y\u0131l yakla\u015f\u0131k 250.000 yabanc\u0131 hasta Amman&#039;da tedavi g\u00f6r\u00fcyor ve y\u0131ll\u0131k geliri bir milyar dolardan fazla. Yerel hastaneler, Avrupa, K\u00f6rfez ve Kuzey Afrika&#039;daki Arap\u00e7a konu\u015fan havuzlardan yararlanarak rekabet\u00e7i fiyatlarla cerrahi ve te\u015fhis hizmetleri sunuyor.<\/p>\n\n\n\n<p>\u015eehrin n\u00fcfus yo\u011funlu\u011fu 1.680 km\u00b2&#039;de kilometrekare ba\u015f\u0131na yakla\u015f\u0131k 2.380 ki\u015fidir. 1890&#039;da yakla\u015f\u0131k 1.000 n\u00fcfuslu bir yerle\u015fimden, Amman 1990&#039;da bir milyona ula\u015ft\u0131 ve bug\u00fcn d\u00f6rt milyonu a\u015ft\u0131. Yakla\u015f\u0131k k\u0131rk bin \u00c7erkes k\u00fclt\u00fcrel birlikteliklerini s\u00fcrd\u00fcr\u00fcrken, Filistinliler, Irakl\u0131lar, Suriyeliler ve di\u011ferlerinin diaspora topluluklar\u0131 sakinlerin b\u00fcy\u00fck bir b\u00f6l\u00fcm\u00fcn\u00fc olu\u015fturmaktad\u0131r. \u00dcrd\u00fcn veya Filistin k\u00f6kenli Araplar \u00e7o\u011funlu\u011fu olu\u015fturmaktad\u0131r, ancak kesin demografik istatistikler nadirdir.<\/p>\n\n\n\n<p>Dini hayat, S\u00fcnni gelene\u011finde \u0130slam&#039;a odaklan\u0131r. \u00d6nemli camiler aras\u0131nda 1989&#039;da 3.000 ibadet edeni a\u011f\u0131rlamak i\u00e7in tamamlanan mavi kubbeli Kral Abdullah I Camii ve Jabal Ashrafieh&#039;in tepesindeki siyah-beyaz panelli Ebu Darweesh Camii yer al\u0131r. 2004&#039;te Amman Mesaj\u0131 konferans\u0131, d\u00f6rt S\u00fcnni mezhebinden Caferi, \u0130badi ve \u00e7e\u015fitli Sufi tarikatlar\u0131na kadar on hukuk ve manevi d\u00fc\u015f\u00fcnce okulunun toplu olarak tan\u0131nmas\u0131n\u0131 yay\u0131nlad\u0131. K\u00fc\u00e7\u00fck bir D\u00fcrzi toplulu\u011fu ve Ermeni Katolikleri ve \u00dcrd\u00fcn-Arap cemaatleri de dahil olmak \u00fczere bir Hristiyan az\u0131nl\u0131\u011f\u0131, kentsel alan boyunca ibadet yerleri ve toplum merkezleri s\u00fcrd\u00fcr\u00fcyor.<\/p>\n\n\n\n<p>Amman \u00e7evresindeki arkeolojik alanlar, katmanl\u0131 ge\u00e7mi\u015fine tan\u0131kl\u0131k ediyor. \u015eehir merkezinden \u00fc\u00e7 kilometre g\u00fcneyde bulunan bir harabe olan Umm ar-Rasas, mozaik zeminleri b\u00fcy\u00fck \u00f6l\u00e7\u00fcde sa\u011flam olan on alt\u0131 Bizans ve Erken \u0130slam kilisesini koruyor. Jabal al-Jufeh yama\u00e7lar\u0131na oyulmu\u015f olan Amman \u015fehir merkezindeki Roma Tiyatrosu, yakla\u015f\u0131k 6.000 ki\u015filik oturma kapasitesine sahip ve konserler ve sivil toplant\u0131lar i\u00e7in bir mekan olmaya devam ediyor. Jabal Amman&#039;da eski t\u00fcccar evleri, yaz Souk Jara pazar\u0131n\u0131n yak\u0131n\u0131ndaki Rainbow Caddesi boyunca galerilere ve k\u00fclt\u00fcrel kafelere ev sahipli\u011fi yap\u0131yor.<\/p>\n\n\n\n<p>M\u00fczeler ulusal miras\u0131n kayd\u0131n\u0131 tutar. \u00dcrd\u00fcn M\u00fczesi, \u00d6l\u00fc Deniz Par\u015f\u00f6men par\u00e7alar\u0131ndan &#039;Ain Ghazal heykelciklerine ve Mesha Steli&#039;nin bir kopyas\u0131na kadar uzanan eserler toplar. D\u00fck&#039;\u00fcn Divan\u0131, sosyal etkinlikler i\u00e7in yeniden kullan\u0131lan 1920&#039;ler d\u00f6nemi mimarisini sunar. \u00dcrd\u00fcn Ulusal G\u00fczel Sanatlar Galerisi, gezici sergilerin yan\u0131 s\u0131ra b\u00f6lgesel eserler sergiler. Di\u011fer kurumlar aras\u0131nda \u00c7ocuk M\u00fczesi, \u015eehitler An\u0131t\u0131, Kraliyet Otomobil M\u00fczesi ve \u00fcniversiteye ba\u011fl\u0131 arkeoloji ve folklor merkezleri yer al\u0131r.<\/p>\n\n\n\n<p>Perakende ve e\u011flence, \u015fehrin b\u00fcy\u00fcmesiyle birlikte \u00e7o\u011fald\u0131. Bat\u0131 Amman, aralar\u0131nda Mecca Mall, City Mall ve Taj Mall&#039;un da bulundu\u011fu \u00f6nemli al\u0131\u015fveri\u015f komplekslerine ev sahipli\u011fi yaparken, yayala\u015ft\u0131r\u0131lm\u0131\u015f Wakalat Caddesi markal\u0131 giyim ma\u011fazalar\u0131nda uzmanla\u015f\u0131yor. Sweifieh, g\u00fcnd\u00fczleri ba\u015fl\u0131ca al\u0131\u015fveri\u015f b\u00f6lgesi, geceleri ise resmi olmayan bir gece hayat\u0131 b\u00f6lgesi olarak i\u015flev g\u00f6r\u00fcyor; barlar\u0131, kul\u00fcpleri ve salonlar\u0131 daha gen\u00e7 bir demografiye hitap ediyor. Amman Yaz Festivali, Al-Balad M\u00fczik Festivali ve New Think Festivali gibi k\u00fclt\u00fcrel festivaller, Ras al-Ain Hangar\u0131ndan Kraliyet K\u00fclt\u00fcr Merkezine kadar uzanan mekanlar kullan\u0131yor. Taktiksel kentselcilik (pop-up parklar, a\u00e7\u0131k hava sanat enstalasyonlar\u0131 ve ge\u00e7ici performans alanlar\u0131) kamusal ya\u015fam\u0131n \u00f6nemli bir \u00f6zelli\u011fi haline geldi.<\/p>\n\n\n\n<p>Kentsel ula\u015f\u0131m \u00f6zel ara\u00e7lar\u0131, servis taksilerini, otob\u00fcsleri ve yeni bir h\u0131zl\u0131 ula\u015f\u0131m a\u011f\u0131n\u0131 bir araya getiriyor. Bir zamanlar mahalleler i\u00e7in s\u0131n\u0131r i\u015faretleri olan sekiz e\u015fmerkezli daire, art\u0131k navigasyon i\u00e7in yol noktalar\u0131 olarak hizmet veriyor. Kavisli bir asma yap\u0131 olan Abdoun K\u00f6pr\u00fcs\u00fc, D\u00f6rd\u00fcnc\u00fc Daire&#039;yi Abdoun&#039;a ba\u011flayarak hem m\u00fchendislik tutkusunu hem de dik vadileri a\u015fman\u0131n zorlu\u011funu g\u00f6steriyor. 2015&#039;te tamamlanan bir \u00e7evre yolu, merkez il\u00e7elerdeki ge\u00e7i\u015f trafi\u011fini y\u00f6nlendirmeyi ve t\u0131kan\u0131kl\u0131\u011f\u0131 azaltmay\u0131 ama\u00e7l\u0131yor.<\/p>\n\n\n\n<p>Toplu ta\u015f\u0131ma, Amman Otob\u00fcs\u00fc ve a\u015famal\u0131 olarak a\u00e7\u0131lan bir Otob\u00fcs H\u0131zl\u0131 Ta\u015f\u0131ma sistemine dayanmaktad\u0131r. 2021&#039;den beri aktif olan ilk BRT g\u00fczergah\u0131, kuzeybat\u0131daki Sweileh&#039;i \u015fehir merkezine yak\u0131n Ras al-Ain b\u00f6lgesiyle birle\u015ftiriyor; 2022&#039;de a\u00e7\u0131lacak olan ikincisi, do\u011fu Amman&#039;daki Mahatta terminaline kadar uzan\u0131yor. May\u0131s 2024&#039;te Amman ve Zarqa aras\u0131nda \u00fc\u00e7\u00fcnc\u00fc bir hat hizmete ba\u015flad\u0131. Yolcular, bini\u015fte taratarak yeniden doldurulabilir kart veya mobil uygulama ile \u00f6deme yap\u0131yor. Ara\u00e7lar klimal\u0131, eri\u015filebilir ve kameralar ve Wi-Fi ile donat\u0131lm\u0131\u015ft\u0131r.<\/p>\n\n\n\n<p>Ziyaret\u00e7iler i\u00e7in Amman pratik avantajlar sunar: B\u00fcy\u00fck an\u0131tlarda \u0130ngilizce tabelalar belirir ve Turist Polisi istasyonlar\u0131 yard\u0131m etmeye haz\u0131rd\u0131r. Yerel misafirperverlik, b\u00fct\u00e7eli pansiyonlardan be\u015f y\u0131ld\u0131zl\u0131 otellere kadar uzan\u0131r. Yemek, falafel ve shawarma servis eden sokak tezgahlar\u0131ndan yeni geli\u015ftirilen b\u00f6lgelerdeki Frans\u0131z tarz\u0131 bistrolara ve \u0130talyan trattorialar\u0131na kadar uzan\u0131r. Gurbet\u00e7i yerle\u015fimleri ve \u00f6\u011frenci topluluklar\u0131 kozmopolit bir ambiyans\u0131 g\u00fc\u00e7lendirir.<\/p>\n\n\n\n<p>Ramazan ay\u0131nda, kamusal alanlarda g\u00fcnd\u00fcz yemek servisi sona erer; al\u0131\u015fveri\u015f merkezleri oru\u00e7 kurallar\u0131na uyarak g\u00fcn do\u011fumundan g\u00fcn bat\u0131m\u0131na kadar sat\u0131\u015flar\u0131 durdurur. Bu d\u00f6nemde ziyaret planlayan gezginler \u00f6nceden yiyecek temin etmeli veya g\u00fcn bat\u0131m\u0131ndan sonra otel hizmetlerine g\u00fcvenmelidir.<\/p>\n\n\n\n<p>Amman&#039;\u0131n y\u00f6r\u00fcngesi koruma ve b\u00fcy\u00fcmeyi birle\u015ftiriyor. Antik ta\u015flar cam kulelere k\u0131sa bir y\u00fcr\u00fcy\u00fc\u015f mesafesinde; on dokuzuncu y\u00fczy\u0131l\u0131n sonlar\u0131ndan kalma m\u00fctevaz\u0131 evler l\u00fcks perakende komplekslerinin yan\u0131nda duruyor. \u015eehir, d\u00fczenlemeyi giri\u015fimci yarat\u0131c\u0131l\u0131kla dengeleyen bir in\u015fa edilmi\u015f \u00e7evreyi \u015fekillendirerek yeni gelenleri ve fikirleri \u00f6z\u00fcmsemeye devam ediyor. Marjinal bir Osmanl\u0131 k\u00f6y\u00fcnden \u00dcrd\u00fcn&#039;\u00fcn primat \u015fehrine y\u00fckseli\u015fi, hem b\u00f6lgesel tarihin \u00e7alkant\u0131lar\u0131n\u0131 hem de bir toplulu\u011fun uyum sa\u011flama kapasitesini yans\u0131t\u0131yor. Mahallelerinde ve tepelerinde, ge\u00e7mi\u015f d\u00f6nemlerin \u00e7a\u011fda\u015f ya\u015famla diyalog halinde olan par\u00e7alar\u0131n\u0131 buluyorsunuz; her b\u00f6lge kendi g\u00fcnl\u00fck ritim, mimari doku ve sosyal a\u011f \u00f6r\u00fcnt\u00fcs\u00fcn\u00fc sunuyor. S\u00fcreklilik ve de\u011fi\u015fimin bu etkile\u015fimi, Amman&#039;\u0131n karakterini bug\u00fcn tan\u0131ml\u0131yor.<\/p>","protected":false},"excerpt":{"rendered":"<p>\u00dcrd\u00fcn&#039;\u00fcn ba\u015fkenti ve en b\u00fcy\u00fck \u015fehri olan Amman, 2021 itibar\u0131yla d\u00f6rt milyonluk n\u00fcfusuyla insan medeniyetinin karma\u015f\u0131k tarihini \u00f6rneklemektedir. Levant b\u00f6lgesinde bulunan Amman, Arap d\u00fcnyas\u0131n\u0131n be\u015finci b\u00fcy\u00fck \u015fehri ve Orta Do\u011fu&#039;nun onuncu b\u00fcy\u00fck metropol alan\u0131d\u0131r. Bu canl\u0131 metropol, \u00fclkenin ekonomik, politik ve k\u00fclt\u00fcrel \u00e7ekirde\u011fini kapsayan \u00dcrd\u00fcn&#039;\u00fcn ba\u015fl\u0131ca \u015fehridir.<\/p>","protected":false},"author":1,"featured_media":2972,"parent":14908,"menu_order":0,"comment_status":"closed","ping_status":"closed","template":"elementor_theme","meta":{"_eb_attr":"","footnotes":""},"class_list":["post-14917","page","type-page","status-publish","has-post-thumbnail"],"_links":{"self":[{"href":"https:\/\/travelshelper.com\/tr\/wp-json\/wp\/v2\/pages\/14917","targetHints":{"allow":["GET"]}}],"collection":[{"href":"https:\/\/travelshelper.com\/tr\/wp-json\/wp\/v2\/pages"}],"about":[{"href":"https:\/\/travelshelper.com\/tr\/wp-json\/wp\/v2\/types\/page"}],"author":[{"embeddable":true,"href":"https:\/\/travelshelper.com\/tr\/wp-json\/wp\/v2\/users\/1"}],"replies":[{"embeddable":true,"href":"https:\/\/travelshelper.com\/tr\/wp-json\/wp\/v2\/comments?post=14917"}],"version-history":[{"count":0,"href":"https:\/\/travelshelper.com\/tr\/wp-json\/wp\/v2\/pages\/14917\/revisions"}],"up":[{"embeddable":true,"href":"https:\/\/travelshelper.com\/tr\/wp-json\/wp\/v2\/pages\/14908"}],"wp:featuredmedia":[{"embeddable":true,"href":"https:\/\/travelshelper.com\/tr\/wp-json\/wp\/v2\/media\/2972"}],"wp:attachment":[{"href":"https:\/\/travelshelper.com\/tr\/wp-json\/wp\/v2\/media?parent=14917"}],"curies":[{"name":"wp","href":"https:\/\/api.w.org\/{rel}","templated":true}]}}