{"id":14908,"date":"2024-09-20T12:10:22","date_gmt":"2024-09-20T12:10:22","guid":{"rendered":"https:\/\/travelshelper.com\/staging\/?page_id=14908"},"modified":"2026-03-11T18:21:00","modified_gmt":"2026-03-11T18:21:00","slug":"urdun","status":"publish","type":"page","link":"https:\/\/travelshelper.com\/tr\/destinations\/asia\/jordan\/","title":{"rendered":"\u00dcrd\u00fcn"},"content":{"rendered":"<p>\u00dcrd\u00fcn, Asya, Afrika ve Avrupa&#039;n\u0131n konturlar\u0131n\u0131n birle\u015fti\u011fi Levant&#039;\u0131n g\u00fcneydo\u011fu ucunda ince bir toprak par\u00e7as\u0131 i\u015fgal eder. Umm Qais yak\u0131nlar\u0131ndaki en kuzey s\u0131rtlar\u0131ndan K\u0131z\u0131ldeniz&#039;deki Akabe k\u0131y\u0131lar\u0131na kadar, krall\u0131k yakla\u015f\u0131k 400 kilometrelik bir alan\u0131 kaplar. Kuzeyde Suriye, kuzeydo\u011fuda Irak, do\u011fu ve g\u00fcneyde Suudi Arabistan ve bat\u0131da \u0130srail ve Bat\u0131 \u015eeria ile s\u0131n\u0131rlar\u0131n\u0131 payla\u015f\u0131r. Bat\u0131 kenar\u0131 boyunca, \u00dcrd\u00fcn Nehri Rift Vadisi&#039;nden \u00d6l\u00fc Deniz&#039;e iner ve y\u00fczeyi deniz seviyesinden 420 metreden daha a\u015fa\u011f\u0131dad\u0131r - D\u00fcnya&#039;n\u0131n en al\u00e7ak noktas\u0131. Akabe K\u00f6rfezi&#039;ndeki k\u0131sa bir k\u0131y\u0131 \u015feridi \u00dcrd\u00fcn&#039;\u00fc K\u0131z\u0131ldeniz&#039;e ba\u011flarken, kuzeybat\u0131n\u0131n merkezine yak\u0131n tepelerin aras\u0131nda konumlanan Amman hem ba\u015fkent hem de ba\u015fl\u0131ca kentsel merkez olarak hizmet vermektedir.<\/p>\n\n\n\n<p>G\u00fcn\u00fcm\u00fczde \u00dcrd\u00fcn olarak bilinen b\u00f6lgedeki insan varl\u0131\u011f\u0131 Paleolitik \u00e7a\u011fa kadar uzan\u0131r. M\u00d6 birinci biny\u0131lda, \u00dcrd\u00fcn Nehri&#039;nin do\u011fusunda \u00fc\u00e7 krall\u0131k \u015fekillendi: G\u00fcn\u00fcm\u00fcz Amman civar\u0131nda Ammon, \u00d6l\u00fc Deniz&#039;in g\u00fcneyindeki tepelerde Moab ve daha g\u00fcneyde Edom. M\u00d6 \u00fc\u00e7\u00fcnc\u00fc y\u00fczy\u0131lda, Nebatiler olarak bilinen Arap yerle\u015fimciler, Petra&#039;da merkezlerini kurdular ve k\u0131rm\u0131z\u0131 kumta\u015f\u0131na ayr\u0131nt\u0131l\u0131 cepheler oydular. Helenistik ve ard\u0131ndan Roma y\u00f6netimi alt\u0131nda, bir dizi \u015fehir, kal\u0131nt\u0131lar\u0131 aras\u0131nda Jerash&#039;taki tiyatrolar ve Gadara&#039;daki s\u00fctunlar bulunan bir federasyon olan Decapolis&#039;i olu\u015fturdu. Bizans kontrol\u00fc, silahl\u0131 sald\u0131r\u0131lar\u0131n b\u00f6lgeyi ard\u0131\u015f\u0131k \u0130slam halifelikleri alt\u0131na ald\u0131\u011f\u0131 yedinci y\u00fczy\u0131la kadar s\u00fcrd\u00fc: \u00f6nce Ra\u015fidun, sonra Emevi ve Abbasi hanedanlar\u0131. Osmanl\u0131 y\u00f6netimi on alt\u0131nc\u0131 y\u00fczy\u0131l\u0131n ba\u015flar\u0131nda ba\u015flad\u0131 ve Mekke \u015eerifi H\u00fcseyin liderli\u011findeki Arap \u0130syan\u0131&#039;n\u0131n Osmanl\u0131 otoritesini k\u0131rd\u0131\u011f\u0131 I. D\u00fcnya Sava\u015f\u0131&#039;na kadar s\u00fcrd\u00fc. 1921&#039;de \u0130ngiliz y\u00f6neticiler, Milletler Cemiyeti mandas\u0131 alt\u0131nda \u00dcrd\u00fcn Emiri Abdullah I&#039;i atad\u0131lar. \u00dcrd\u00fcn, 1946&#039;da tam ba\u011f\u0131ms\u0131zl\u0131\u011fa kavu\u015ftu ve k\u0131sa s\u00fcre sonra \u00dcrd\u00fcn Ha\u015fimi Krall\u0131\u011f\u0131 unvan\u0131n\u0131 ald\u0131. Filistin&#039;deki \u0130ngiliz mandas\u0131n\u0131n sona ermesini izleyen 1948 \u00e7at\u0131\u015fmas\u0131nda \u00dcrd\u00fcn, Bat\u0131 \u015eeria&#039;y\u0131 i\u015fgal etti ve daha sonra ilhak etti; bu iddia 1988&#039;de terk edildi. 1994&#039;te \u0130srail ile resmi bir bar\u0131\u015f antla\u015fmas\u0131 yap\u0131ld\u0131.<\/p>\n\n\n\n<p>\u00dcrd\u00fcn&#039;\u00fcn fiziksel yap\u0131s\u0131, verimli kuzeybat\u0131y\u0131 kurak i\u00e7 plato ve do\u011fudaki \u00e7\u00f6llerle kar\u015f\u0131la\u015ft\u0131r\u0131r. Yuvarlanan tepeler ve her dem ye\u015fil ormanlar, \u00dcrd\u00fcn ve Yarmuk nehirlerinin y\u00fckselip \u00d6l\u00fc Deniz&#039;e do\u011fru akt\u0131\u011f\u0131 rift vadisine keskin bir \u015fekilde iner. Vadinin \u00f6tesinde, ta\u015fl\u0131 bir plato alan\u0131 Azraq ve Ruwaished&#039;de vahalar ta\u015f\u0131r. \u0130klim bu aral\u0131\u011f\u0131 yans\u0131t\u0131r: k\u0131y\u0131 ve yayla b\u00f6lgeleri k\u0131\u015f ya\u011f\u0131\u015flar\u0131 ve \u0131l\u0131man yazlar al\u0131r; i\u00e7 kesimler d\u00fc\u015f\u00fck nem ve gece esintileriyle yumu\u015fayan kavurucu s\u0131cakl\u0131klarla kar\u015f\u0131 kar\u015f\u0131yad\u0131r ve k\u0131\u015f s\u0131cakl\u0131klar\u0131 y\u00fcksek arazilerde ara s\u0131ra kar ya\u011facak kadar d\u00fc\u015fer. Ortalama yaz y\u00fckseklikleri 32 \u00b0C civar\u0131nda seyreder, 40 \u00b0C&#039;nin \u00fczerinde k\u0131sa zirveler vard\u0131r; k\u0131\u015f ortalamalar\u0131 periyodik sa\u011fanak ya\u011f\u0131\u015flarla birlikte yakla\u015f\u0131k 11 \u00b0C&#039;ye d\u00fc\u015fer.<\/p>\n\n\n\n<p>\u00dcrd\u00fcn, 89.341 kilometrekarelik bir alan\u0131 kaplamas\u0131na ra\u011fmen, yakla\u015f\u0131k 1.500 kilometrekarelik bir orman \u00f6rt\u00fcs\u00fcne sahip olup, bu da onu d\u00fcnyan\u0131n en az ormanl\u0131k \u00fclkelerinden biri yapmaktad\u0131r. Yine de \u00e7e\u015fitli r\u00f6lyefleri 2.000&#039;den fazla bitki t\u00fcr\u00fcn\u00fc desteklemektedir. \u00c7am, me\u015fe, f\u0131st\u0131k ve yabani zeytin a\u011fa\u00e7lar\u0131 kuzeybat\u0131da ku\u015faklar olu\u015fturur; \u00f6tesinde \u00e7al\u0131lar ve bozk\u0131r bitki \u00f6rt\u00fcs\u00fc bulunur. Sembolik bitki \u00f6rt\u00fcs\u00fc aras\u0131nda Halep \u00e7am\u0131, kara s\u00fcsen ve Fenike ard\u0131c\u0131 bulunur. Arap kurdundan Nubian da\u011f ke\u00e7isine kadar memeliler, 1966&#039;dan beri Kraliyet Do\u011fa Koruma Derne\u011fi taraf\u0131ndan denetlenen Shaumari ve Dana gibi rezervlerde ya\u015famaktad\u0131r. Ku\u015f ya\u015fam\u0131, \u00fcveyi\u011fi ku\u015fundan sark\u0131k y\u00fczl\u00fc akbabaya kadar \u00e7e\u015fitlilik g\u00f6sterir. \u00dcrd\u00fcn s\u0131n\u0131rlar\u0131 i\u00e7inde kurak otlaklardan i\u011fne yaprakl\u0131-sklerofil ormanl\u0131k alanlara kadar d\u00f6rt karasal ekob\u00f6lge bulu\u015fmaktad\u0131r.<\/p>\n\n\n\n<p>\u0130dari olarak, krall\u0131k kabaca kuzey, orta ve g\u00fcney b\u00f6lgeleri olarak grupland\u0131r\u0131lm\u0131\u015f on iki valili\u011fe ayr\u0131l\u0131r. Her valilik, ana bir kasabadan il\u00e7eleri ve alt il\u00e7eleri y\u00f6netir. Kentsel merkezler kuzeybat\u0131da yo\u011funla\u015f\u0131r: Amman d\u0131\u015f\u0131nda, Irbid, Zarqa, Jerash, As-Salt ve Madaba gibi \u015fehirler ya\u011f\u0131\u015f ve topra\u011f\u0131n ekime izin verdi\u011fi yerlerde y\u00fckselir. Akaba, hem liman hem de tatil yeri olarak g\u00fcneyi demirler.<\/p>\n\n\n\n<p>\u00dcrd\u00fcn&#039;\u00fcn demografik olarak yakla\u015f\u0131k 11,5 milyon n\u00fcfusu vard\u0131r ve bu da onu on birinci en kalabal\u0131k Arap devleti yapar. Yakla\u015f\u0131k &#039;i S\u00fcnni \u0130slam&#039;a ba\u011fl\u0131d\u0131r; d\u00fcnyan\u0131n en eskileri aras\u0131nda yer alan Hristiyan topluluklar yakla\u015f\u0131k %4&#039;\u00fc temsil eder. Arap Filistinliler \u00f6nemli bir k\u0131sm\u0131 olu\u015fturur; \u00e7o\u011fu vatanda\u015fl\u0131\u011fa sahiptir; daha k\u00fc\u00e7\u00fck gruplar aras\u0131nda \u00c7erkezler, Ermeniler, \u00c7e\u00e7enler, D\u00fcrziler, Bahailer ve Mandailer yer al\u0131r. Arap\u00e7a resmi dil olarak hizmet eder; Modern Standart Arap\u00e7a okullarda \u00f6\u011fretilir ve \u00dcrd\u00fcn Arap\u00e7as\u0131 g\u00fcnl\u00fck dilde kullan\u0131l\u0131r. \u0130ngilizce ticaret ve y\u00fcksek \u00f6\u011frenim dili olarak i\u015flev g\u00f6r\u00fcr; di\u011fer diller aras\u0131nda \u00c7e\u00e7ence, Ermenice, Tagalog ve giderek artan \u015fekilde Almanca yer al\u0131r. \u00dcrd\u00fcn 1948&#039;den beri m\u00fclteci dalgalar\u0131n\u0131 kabul etti: Filistinli s\u00fcrg\u00fcnler, 2003&#039;ten sonra Irakl\u0131lar ve daha yak\u0131n zamanda yakla\u015f\u0131k 1,4 milyon Suriyeli, kaynaklar\u0131 zorluyor ancak uzun s\u00fcredir devam eden bir s\u0131\u011f\u0131nma politikas\u0131n\u0131 yans\u0131t\u0131yor.<\/p>\n\n\n\n<p>\u00dcrd\u00fcn ekonomisi, 100. s\u0131raya yak\u0131n bir \u0130nsani Geli\u015fme Endeksi ile d\u00fc\u015f\u00fck orta gelir stat\u00fcs\u00fcne sahiptir. 2016&#039;da yakla\u015f\u0131k 39 milyar ABD dolar\u0131 olan GSY\u0130H&#039;si, ticaret ve finans, ula\u015f\u0131m, kamu hizmetleri ve in\u015faat, imalat ve madencilik aras\u0131nda b\u00f6l\u00fcnm\u00fc\u015ft\u00fcr. Tar\u0131m, toprak ve su ile s\u0131n\u0131rl\u0131 kalmaya devam etmektedir, ikincisi ki\u015fi ba\u015f\u0131na y\u0131ll\u0131k yakla\u015f\u0131k 97 metrek\u00fcp ile k\u0131tt\u0131r - &#034;mutlak k\u0131tl\u0131k&#034; e\u015fi\u011finin alt\u0131ndad\u0131r. Su, \u00dcrd\u00fcn ve Yarmuk nehirlerinden, Disi akiferinden ve on barajdan gelirken, M\u00d6 d\u00f6rd\u00fcnc\u00fc biny\u0131la tarihlenen antik Jawa Baraj\u0131 erken hidrolik m\u00fchendisli\u011fine tan\u0131kl\u0131k etmektedir.<\/p>\n\n\n\n<p>Enerji kaynaklar\u0131 aras\u0131nda Risha sahas\u0131ndan gelen m\u00fctevaz\u0131 yerel gaz ve \u00f6nemli miktarda petrol ve s\u0131v\u0131la\u015ft\u0131r\u0131lm\u0131\u015f do\u011fal gaz ithalat\u0131 yer almaktad\u0131r. 2010&#039;larda, g\u00fcne\u015f ve r\u00fczgar \u00e7iftlikleri (Iqtila&#039;n\u0131n Tafila, Shams Ma&#039;an ve Quweira istasyonlar\u0131) bir gigavattan fazla kapasite ekleyerek yenilenebilir enerjinin elektrikteki pay\u0131n\u0131 2019&#039;a kadar %3&#039;ten %8&#039;e \u00e7\u0131kard\u0131. \u00dcrd\u00fcn ayr\u0131ca d\u00fcnyan\u0131n be\u015finci b\u00fcy\u00fck petrol-\u015feyl rezervlerine sahiptir ve rafa kald\u0131r\u0131lan bir reakt\u00f6r plan\u0131n\u0131n ard\u0131ndan k\u00fc\u00e7\u00fck mod\u00fcler reakt\u00f6rleri ara\u015ft\u0131rmaktad\u0131r. G\u00fcneydeki fosfat madencili\u011fi \u00dcrd\u00fcn&#039;\u00fc bu mineralin d\u00fcnyadaki \u00f6nde gelen \u00fcreticileri aras\u0131na yerle\u015ftirmektedir.<\/p>\n\n\n\n<p>Ticaret anla\u015fmalar\u0131 pazarlar\u0131 geni\u015fletiyor: \u00dcrd\u00fcn 2000 y\u0131l\u0131nda D\u00fcnya Ticaret \u00d6rg\u00fct\u00fc&#039;ne kat\u0131ld\u0131 ve bir Arap devleti ile Amerika Birle\u015fik Devletleri aras\u0131nda ilk serbest ticaret anla\u015fmas\u0131n\u0131 imzalad\u0131. Ayr\u0131ca Avrupa Birli\u011fi ile ileri stat\u00fcye sahip. Bu ba\u011flara ra\u011fmen b\u00fcy\u00fcme dalgaland\u0131. 2008 mali krizi ve Arap Bahar\u0131 turizmi ve yat\u0131r\u0131m\u0131 azaltt\u0131; M\u0131s\u0131r-\u00dcrd\u00fcn boru hatlar\u0131na yap\u0131lan tekrarlanan sald\u0131r\u0131lar elektrik maliyetlerini yukar\u0131 \u00e7ekti. M\u00fclteci giri\u015fleri y\u0131ll\u0131k giderleri 2,5 milyar ABD dolar\u0131n\u0131 a\u015farak art\u0131rd\u0131 ve bu k\u0131smen d\u0131\u015f yard\u0131mlarla telafi edildi. 2016 y\u0131l\u0131nda ba\u015flayan kemer s\u0131kma \u00f6nlemleri de dahil olmak \u00fczere h\u00fck\u00fcmet \u00e7abalar\u0131 borcu GSY\u0130H&#039;n\u0131n &#039;\u0131n\u0131n \u00fczerinden hedefine do\u011fru d\u00fc\u015f\u00fcrmeyi ama\u00e7l\u0131yor.<\/p>\n\n\n\n<p>Altyap\u0131, \u00dcrd\u00fcn&#039;\u00fcn transit merkezi rol\u00fcn\u00fc destekliyor. Ana yollar yakla\u015f\u0131k 6.000 kilometreye kadar uzan\u0131yor ve ikincil ve yan yollar daha fazla ba\u011flant\u0131 sa\u011fl\u0131yor. Tarihi bir Hicaz demir yolu yolcu kullan\u0131m\u0131 i\u00e7in yeniden canland\u0131r\u0131lmay\u0131 bekliyor. \u00dc\u00e7 uluslararas\u0131 havaalan\u0131\u2014Amman yak\u0131nlar\u0131ndaki Queen Alia ve Amman Civil ve Akaba&#039;daki King Hussein International\u2014ziyaret\u00e7ilere hizmet veriyor. 2013&#039;te a\u00e7\u0131lan Queen Alia terminalleri y\u0131lda 16 milyondan fazla yolcuya hizmet veriyor. \u00dcrd\u00fcn&#039;\u00fcn tek liman\u0131 olan Akaba Liman\u0131, k\u0131talar aras\u0131ndaki stratejik konumu nedeniyle b\u00f6lgenin en iyi konteyner terminali olarak tan\u0131nd\u0131.<\/p>\n\n\n\n<p>Turizm, 100.000&#039;den fazla arkeolojik ve do\u011fal alanla \u00f6nemli \u00f6l\u00e7\u00fcde katk\u0131da bulunur. Petra&#039;n\u0131n kayadan oyulmu\u015f cepheleri k\u00fcresel ziyaret\u00e7ileri \u00e7eker; Jerash&#039;\u0131n s\u00fctunlu caddeleri Roma \u015fehir planlamas\u0131n\u0131 ortaya koyar. Hristiyan simgeleri - Al-Maghtas&#039;taki vaftiz havuzlar\u0131, Nebo Da\u011f\u0131&#039;nda Hz. Musa&#039;n\u0131n g\u00f6m\u00fclmesi, Madaba&#039;daki Bizans mozaikleri - Peygamber&#039;in arkada\u015flar\u0131na adanm\u0131\u015f \u0130slami t\u00fcrbeleri tamamlar. Ajloun&#039;daki Ha\u00e7l\u0131 d\u00f6nemi kaleleri ve Amman, Irbid ve Akabe&#039;deki modern gece hayat\u0131 \u00e7e\u015fitli zevklere hitap eder. Macera aktiviteleri aras\u0131nda Dana Rezervi&#039;nde y\u00fcr\u00fcy\u00fc\u015f ve tarihi ve do\u011fal g\u00fczellikleri birle\u015ftirmek i\u00e7in 2015&#039;te kurulan 650 kilometrelik \u00dcrd\u00fcn Yolu yer al\u0131r. \u00d6l\u00fc Deniz k\u0131y\u0131lar\u0131, mineral a\u00e7\u0131s\u0131ndan zengin sular\u0131n cilt rahats\u0131zl\u0131klar\u0131na iyi geldi\u011fi tatil k\u00f6yleri ve kapl\u0131calara ev sahipli\u011fi yapar. \u00dcrd\u00fcn, 1970&#039;lerden beri t\u0131bbi gezginleri de \u00e7ekmektedir; 2010 y\u0131l\u0131nda y\u00fczlerce \u00fclkeden 250.000&#039;den fazla hasta \u00f6zel hastanelerde tedavi arad\u0131.<\/p>\n\n\n\n<p>K\u00fclt\u00fcrel ya\u015fam, miras\u0131 \u00e7a\u011fda\u015f ifadeyle harmanlar. Amman&#039;daki \u00dcrd\u00fcn M\u00fczesi gibi m\u00fczeler \u00d6l\u00fc Deniz Par\u015f\u00f6menleri par\u00e7alar\u0131n\u0131 ve Neolitik heykelleri korur. Ulusal G\u00fczel Sanatlar Galerisi modern eserler sergilerken, Akaba Arkeoloji M\u00fczesi deniz ticaretini kay\u0131t alt\u0131na al\u0131r. Film ve m\u00fczik sahneleri geni\u015fler: Theeb 2016&#039;da Oscar adayl\u0131\u011f\u0131 ald\u0131. Jerash&#039;\u0131n y\u0131ll\u0131k m\u00fczik etkinli\u011fi gibi festivaller b\u00f6lgesel sanat\u00e7\u0131lar\u0131 bir araya getirir; alternatif rock gruplar\u0131\u2014El Morabba3, JadaL ve di\u011ferleri\u2014Arap\u00e7a \u015fark\u0131 s\u00f6zlerini elektrik ritimleriyle harmanlar. Sokak sanat\u0131 ve galeriler, b\u00fcy\u00fcyen yerel yarat\u0131c\u0131lar ve gurbet\u00e7i sanat\u00e7\u0131lar toplulu\u011funu yans\u0131t\u0131r.<\/p>\n\n\n\n<p>Mutfak uygulamalar\u0131, topra\u011f\u0131n verimini ve toplumsal gelenekleri yans\u0131t\u0131r. D\u00fcnyan\u0131n \u00f6nde gelen zeytin \u00fcreticilerinden birinin zeytinya\u011f\u0131, yemek pi\u015firme temelini olu\u015fturur. Meze yemekleri humus, ful medames, baba ganu\u015f ve tabbule sergiler. Fermente yo\u011furtta pi\u015firilmi\u015f kuzu etli pilav olan mansaf, toplant\u0131larda misafirperverli\u011fin sembol\u00fc olarak durur. Tatl\u0131lar baklavadan k\u00fcnefeye kadar \u00e7e\u015fitlilik g\u00f6sterir; nane aromal\u0131 \u00e7ay ve sert kahve yemekleri tamamlar. Alkol, arak ve yerel biralar ve \u015faraplarla birlikte turistik mekanlarda ve kentsel gece hayat\u0131nda g\u00f6r\u00fcl\u00fcr.<\/p>\n\n\n\n<p>Seyahat edenler i\u00e7in pratik tavsiyeler yerel para birimi al\u0131\u015fkanl\u0131klar\u0131n\u0131 ve sosyal normlar\u0131 yans\u0131t\u0131r. ABD dolar\u0131na yakla\u015f\u0131k 1,41 ABD dolar\u0131 kar\u015f\u0131l\u0131\u011f\u0131nda sabitlenen \u00dcrd\u00fcn dinar\u0131, kuru\u015f ve fils&#039;e b\u00f6l\u00fcn\u00fcr. Nakit, k\u00fc\u00e7\u00fck i\u015flemler i\u00e7in hala krald\u0131r; kredi kartlar\u0131 otellerin ve b\u00fcy\u00fck turistik yerlerin d\u0131\u015f\u0131nda d\u00fczensiz \u00e7al\u0131\u015f\u0131r. ATM&#039;ler b\u00fcy\u00fck mezheplerde banknotlar sa\u011flar, bu nedenle bir ve be\u015f dinarl\u0131k banknotlar ta\u015f\u0131mak de\u011fi\u015fime yard\u0131mc\u0131 olur. 15 JD kadar d\u00fc\u015f\u00fck g\u00fcnl\u00fck b\u00fct\u00e7eler temel yemekleri kar\u015f\u0131larken, 25 JD m\u00fctevaz\u0131 konaklama ve restoran ziyaretlerine izin verir. Toplu ta\u015f\u0131ma \u00fccretleri - otob\u00fcsle 40 kilometrede bir dinar, taksiyle be\u015f kilometrede bir dinar - maliyetleri y\u00f6netmeye yard\u0131mc\u0131 olur. Servis kuyruklar\u0131nda sab\u0131rl\u0131 olmak \u00f6nemlidir, \u00e7\u00fcnk\u00fc gayr\u0131 resmi kesintiler d\u00fczenli kuyruklar\u0131 par\u00e7alama e\u011filimindedir; yo\u011funluk ge\u00e7ene kadar arkada beklemek genellikle daha h\u0131zl\u0131 servise yol a\u00e7ar.<\/p>\n\n\n\n<p>Toplumsal adetler ho\u015fg\u00f6r\u00fcl\u00fc ancak gelenek odakl\u0131 bir toplumu yans\u0131t\u0131r. M\u00fctevaz\u0131 elbise tak\u0131mlar\u0131 dini mekanlara ziyaretler i\u00e7in uygundur; kad\u0131nlar kentsel alanlarda endi\u015fe duymadan Bat\u0131l\u0131 tarzlar giyebilirler. Kraliyet ailesine y\u00f6nelik kamusal ele\u015ftiriler, monar\u015fiye y\u00f6nelik genel iyi niyete ra\u011fmen majestelerine hakaret yasalar\u0131n\u0131 ihlal eder. Din hakk\u0131nda tart\u0131\u015fma a\u00e7\u0131kl\u0131\u011f\u0131 davet eder, ancak a\u00e7\u0131k ateizm huzursuzlu\u011fa neden olabilir. Ramazan ay\u0131nda, \u015fafak vakti ile alacakaranl\u0131k aras\u0131nda kamusal alanda yemek ve i\u00e7mek k\u0131s\u0131tlama gerektirir.<\/p>\n\n\n\n<p>\u00dcrd\u00fcn&#039;\u00fcn kimli\u011fi, antik medeniyetlerin katmanlar\u0131ndan, \u00e7\u00f6l dayan\u0131kl\u0131l\u0131\u011f\u0131ndan ve modern zorluklardan ortaya \u00e7\u0131kar. Stratejik konumu, su k\u0131tl\u0131\u011f\u0131 ve m\u00fclteci misafirperverli\u011fi i\u00e7 politikay\u0131 \u015fekillendirir. K\u00fclt\u00fcrel miras ve do\u011fal \u00f6zellikler akademisyenleri ve turistleri ayn\u0131 \u015fekilde \u00e7eker. Turizm, sa\u011fl\u0131k hizmetleri, yenilenebilir enerji ve fosfatlar arac\u0131l\u0131\u011f\u0131yla ekonomik \u00e7e\u015fitlendirme, kaynak s\u0131n\u0131rlar\u0131n\u0131 telafi etmeye \u00e7al\u0131\u015f\u0131r. Bu ak\u0131mlar\u0131n ortas\u0131nda \u00dcrd\u00fcn, antik \u00e7a\u011f\u0131n idaresi ile yirmi birinci y\u00fczy\u0131l taleplerine uyum aras\u0131nda bir denge sa\u011flar.<\/p>","protected":false},"excerpt":{"rendered":"<p>\u00dcrd\u00fcn, resmen \u00dcrd\u00fcn Ha\u015fimi Krall\u0131\u011f\u0131 olarak an\u0131l\u0131r, Bat\u0131 Asya&#039;n\u0131n G\u00fcney Levant b\u00f6lgesinde \u00f6nemli tarihi \u00f6neme ve modern \u00f6neme sahip bir \u00fclkedir. Antik medeniyetlerin kesi\u015fti\u011fi noktada bulunan \u00dcrd\u00fcn&#039;\u00fcn stratejik konumu, kapsaml\u0131 k\u00fclt\u00fcrel tarihini ve karma\u015f\u0131k jeopolitik ortam\u0131n\u0131 etkilemi\u015ftir. 11,5 milyondan fazla n\u00fcfusa sahip \u00dcrd\u00fcn, ba\u015fkenti ve ana \u015fehri Amman&#039;\u0131n Levant&#039;ta politik, ekonomik ve k\u00fclt\u00fcrel faaliyetlerin dinamik bir merkezi olarak i\u015flev g\u00f6rmesiyle on birinci en kalabal\u0131k Arap \u00fclkesidir.<\/p>","protected":false},"author":1,"featured_media":3529,"parent":24063,"menu_order":0,"comment_status":"closed","ping_status":"closed","template":"elementor_theme","meta":{"_eb_attr":"","footnotes":""},"class_list":["post-14908","page","type-page","status-publish","has-post-thumbnail"],"_links":{"self":[{"href":"https:\/\/travelshelper.com\/tr\/wp-json\/wp\/v2\/pages\/14908","targetHints":{"allow":["GET"]}}],"collection":[{"href":"https:\/\/travelshelper.com\/tr\/wp-json\/wp\/v2\/pages"}],"about":[{"href":"https:\/\/travelshelper.com\/tr\/wp-json\/wp\/v2\/types\/page"}],"author":[{"embeddable":true,"href":"https:\/\/travelshelper.com\/tr\/wp-json\/wp\/v2\/users\/1"}],"replies":[{"embeddable":true,"href":"https:\/\/travelshelper.com\/tr\/wp-json\/wp\/v2\/comments?post=14908"}],"version-history":[{"count":0,"href":"https:\/\/travelshelper.com\/tr\/wp-json\/wp\/v2\/pages\/14908\/revisions"}],"up":[{"embeddable":true,"href":"https:\/\/travelshelper.com\/tr\/wp-json\/wp\/v2\/pages\/24063"}],"wp:featuredmedia":[{"embeddable":true,"href":"https:\/\/travelshelper.com\/tr\/wp-json\/wp\/v2\/media\/3529"}],"wp:attachment":[{"href":"https:\/\/travelshelper.com\/tr\/wp-json\/wp\/v2\/media?parent=14908"}],"curies":[{"name":"wp","href":"https:\/\/api.w.org\/{rel}","templated":true}]}}