{"id":14902,"date":"2024-09-20T11:59:04","date_gmt":"2024-09-20T11:59:04","guid":{"rendered":"https:\/\/travelshelper.com\/staging\/?page_id=14902"},"modified":"2026-03-11T17:38:30","modified_gmt":"2026-03-11T17:38:30","slug":"aomori","status":"publish","type":"page","link":"https:\/\/travelshelper.com\/tr\/destinations\/asia\/japan\/aomori\/","title":{"rendered":"Aomori"},"content":{"rendered":"<p>Aomori \u015eehri, Aomori K\u00f6rfezi olarak bilinen Mutsu K\u00f6rfezi&#039;nin bir koluna bakan Honshu&#039;nun kuzey kenar\u0131n\u0131 kaplar. Yakla\u015f\u0131k 825 kilometrekarelik bir alan\u0131 kaplayan arazi, Aomori Ovas\u0131&#039;n\u0131n al\u00e7ak kesimlerinden Hakk\u014dda ve Higashidake s\u0131rada\u011flar\u0131n\u0131n eteklerine kadar uzan\u0131r. \u0130ki nehir -Komagome ve onun kolu Arakawa- \u015fehri kat eder, denizle birle\u015fmeden \u00f6nce \u00e7iftlikler ve banliy\u00f6ler aras\u0131nda kanallar a\u00e7ar. Bu \u00e7e\u015fitli manzara, aralar\u0131nda k\u0131y\u0131daki Gappo Park\u0131, \u015fehir merkezine yak\u0131n Aoimori Park\u0131 ve daha tenha Nogiwa Park\u0131&#039;n\u0131n da bulundu\u011fu bir park a\u011f\u0131yla birlikte hem yerle\u015fimi hem de kimli\u011fi k\u0131y\u0131dan \u00e7ok \u00f6telere uzanan \u015fekillerde \u015fekillendirmi\u015ftir.<\/p>\n\n\n\n<p>Kelimenin tam anlam\u0131yla &#034;mavi orman&#034; anlam\u0131na gelen ancak bazen &#034;ye\u015fil orman&#034; olarak da \u00e7evrilen Aomori ismi, bir zamanlar k\u00f6rfezi dola\u015fan bal\u0131k\u00e7\u0131lar i\u00e7in bir d\u00f6n\u00fcm noktas\u0131 olan yak\u0131ndaki bir tepedeki k\u00fc\u00e7\u00fck bir korulu\u011fu an\u0131msat\u0131yor. Alternatif bir hipotez, ismi Ainu diline ba\u011flayarak, yaz\u0131l\u0131 kay\u0131tlardan \u00f6nce gelen daha derin k\u00fclt\u00fcrel kar\u015f\u0131la\u015fma katmanlar\u0131na i\u015faret ediyor. Kesin k\u00f6keni ne olursa olsun, isim ayn\u0131 anda hem canl\u0131 hem de de\u011fi\u015fken bir ortamdan bahsediyor, deniz sislerinin Oyashio Ak\u0131nt\u0131s\u0131&#039;ndan yuvarland\u0131\u011f\u0131 ve k\u0131\u015f kar\u0131n\u0131n \u015fa\u015f\u0131rt\u0131c\u0131 derinliklere birikti\u011fi bir yer.<\/p>\n\n\n\n<p>Burada insan varl\u0131\u011f\u0131na dair kan\u0131tlar bin y\u0131l \u00f6ncesine kadar uzan\u0131yor. Modern \u015fehir merkezinin hemen g\u00fcneybat\u0131s\u0131nda bulunan Sannai-Maruyama Alan\u0131, M\u00d6 5500 ile 4000 aras\u0131na tarihleniyor. Geni\u015f \u00e7ukur evleri ve depolama \u00e7ukurlar\u0131, arkeologlar\u0131 J\u014dmon d\u00f6nemi toplumunun \u00f6l\u00e7e\u011fini yeniden d\u00fc\u015f\u00fcnmeye zorlad\u0131. Biraz daha g\u00fcneyde, M\u00d6 4000 civar\u0131nda geli\u015fen ve dikkatlice hizalanm\u0131\u015f ta\u015flar\u0131 t\u00f6rensel mimaride zaten yetenekli bir halk\u0131n varl\u0131\u011f\u0131n\u0131 kan\u0131tlayan Komakino Alan\u0131 yer al\u0131yor. Bu erken topluluklar ormanlar ve nehirlerle uyum i\u00e7inde ya\u015fad\u0131lar, maddi izleri modern kaz\u0131lar onlar\u0131 ortaya \u00e7\u0131karana kadar g\u00f6m\u00fcl\u00fc kald\u0131.<\/p>\n\n\n\n<p>Heian d\u00f6neminde, b\u00f6lge Kuzey Fujiwara topraklar\u0131n\u0131n bir par\u00e7as\u0131yd\u0131, ancak Emishi sakinleri varl\u0131klar\u0131n\u0131 s\u00fcrd\u00fcrmeye devam ettiler. Fujiwara g\u00fcc\u00fcn\u00fcn \u00e7\u00f6k\u00fc\u015f\u00fcn\u00fcn ard\u0131ndan, ard\u0131\u015f\u0131k samuray klanlar\u0131 hakimiyet iddias\u0131nda bulundu: do\u011fudaki Nambu nominal unvan\u0131 elinde tutarken, Namioka&#039;n\u0131n Tsugaru&#039;su Sengoku d\u00f6nemi boyunca fiili kontrol\u00fc iddia etti. Erken Edo y\u0131llar\u0131nda, g\u00fcn\u00fcm\u00fcz\u00fcn Aomori&#039;sine d\u00f6n\u00fc\u015fecek olan yerle\u015fim Hirosaki Domain&#039;inde bulunuyordu ve Ut\u014d ad\u0131n\u0131 ta\u015f\u0131yordu. 1626&#039;da, daimy\u014d Tsugaru Nobuhira, Aomori ad\u0131 alt\u0131nda yeniden in\u015fas\u0131n\u0131 emretti, ancak bu de\u011fi\u015fimin yaz\u0131l\u0131 kay\u0131tlar\u0131 nadirdir ve akademisyenler Ut\u014d ve Aomori&#039;nin hi\u00e7 ayr\u0131 varl\u0131klar olup olmad\u0131\u011f\u0131 veya tek bir liman k\u00f6y\u00fc i\u00e7in sadece iki isim olup olmad\u0131\u011f\u0131 konusunda tart\u0131\u015f\u0131yorlar.<\/p>\n\n\n\n<p>Meiji Restorasyonu radikal idari reformlar getirdi. \u015eu anda Aomori Vilayeti olan yerde alt\u0131 vilayet ortaya \u00e7\u0131kt\u0131 ve Temmuz 1871&#039;de Hirosaki Vilayeti&#039;nde birle\u015ftiler. Tsugaru ve Nambu b\u00f6lgeleri aras\u0131ndaki rekabet, ba\u015fkentin daha merkezi liman kasabas\u0131na h\u0131zla ta\u015f\u0131nmas\u0131na yol a\u00e7t\u0131 ve 23 Eyl\u00fcl 1871&#039;de Aomori Vilayeti&#039;nin kurulmas\u0131na yol a\u00e7t\u0131. 1 Nisan 1889&#039;da olu\u015fturulan modern belediye sistemi alt\u0131nda Aomori, Higashitsugaru B\u00f6lgesi&#039;nde kasaba stat\u00fcs\u00fcne ula\u015ft\u0131 ve 1 Nisan 1898&#039;de bir \u015fehir olarak tan\u0131nd\u0131.<\/p>\n\n\n\n<p>19. y\u00fczy\u0131l\u0131n sonlar\u0131ndaki ula\u015f\u0131m geli\u015fmeleri Aomori&#039;yi stratejik bir son durak haline getirdi. Hakodate&#039;ye giden bir feribot 1872&#039;de ba\u015flad\u0131 ve Hokkaido&#039;yu Tsugaru Bo\u011faz\u0131 \u00fczerinden Honshu&#039;ya ba\u011flad\u0131. T\u014dhoku Ana Hatt\u0131, Eyl\u00fcl 1891&#039;de Tokyo&#039;dan Aomori&#039;ye ula\u015ft\u0131; \u00fc\u00e7 y\u0131l sonra \u014cu Ana Hatt\u0131, Japon Denizi k\u0131y\u0131s\u0131 boyunca \u015fehre kadar uzand\u0131. 1908&#039;de a\u00e7\u0131lan Seikan Feribotu, Mart 1988&#039;de bo\u011faz\u0131n alt\u0131ndaki Seikan T\u00fcneli a\u00e7\u0131lana kadar yolcu ve y\u00fck ta\u015f\u0131d\u0131. Bu arada, demiryolu ba\u011flant\u0131lar\u0131 da de\u011fi\u015fti: 2010&#039;da ba\u015flat\u0131lan T\u014dhoku Shinkansen, art\u0131k Shin-Aomori \u0130stasyonu&#039;na hizmet veriyor ve yolcular\u0131 g\u00fcneye do\u011fru Sendai ve Tokyo&#039;ya h\u0131zla g\u00f6t\u00fcr\u00fcyor.<\/p>\n\n\n\n<p>Aomori&#039;nin askeri tarihi hem trajik hem de d\u00f6n\u00fc\u015ft\u00fcr\u00fcc\u00fc b\u00f6l\u00fcmler i\u00e7erir. 1896&#039;dan itibaren Japon \u0130mparatorluk Ordusu&#039;nun 8. T\u00fcmeni burada garnizon olarak konu\u015fland\u0131r\u0131lm\u0131\u015ft\u0131r. 1902 k\u0131\u015f\u0131nda, Hakk\u014dda Da\u011flar\u0131&#039;nda yap\u0131lan so\u011fuk hava tatbikat\u0131 felaketle sonu\u00e7lanm\u0131\u015ft\u0131r: Aomori&#039;den g\u00f6nderilen 210 askerden sadece on biri hayatta kalm\u0131\u015ft\u0131r. Hakk\u014dda Da\u011flar\u0131 olay\u0131, b\u00f6lgesel gelenekte kasvetli bir b\u00f6l\u00fcm olmaya devam etmektedir. 3 May\u0131s 1910&#039;da \u00e7\u0131kan bir yang\u0131n kasaban\u0131n b\u00fcy\u00fck bir k\u0131sm\u0131n\u0131 yok etmi\u015f ve 1937&#039;de tarifeli hava seferlerinin gelmesi daha fazla modernle\u015fmenin habercisi olmu\u015ftur.<\/p>\n\n\n\n<p>Sava\u015f zaman\u0131 taze y\u0131k\u0131mlara sahne oldu. 28-29 Temmuz 1945 gecesi, ABD&#039;nin bombalamas\u0131 1.767 can ald\u0131 ve \u015fehrin neredeyse onda dokuzunu yok etti. Sava\u015f sonras\u0131 on y\u0131llarda yeniden yap\u0131lanma h\u0131zl\u0131yd\u0131: 1951&#039;de Tsugaru Hatt\u0131 Aomori \u0130stasyonu&#039;nu Kanita&#039;ya ba\u011flad\u0131 ve 1964&#039;te kom\u015fu Namioka&#039;da ilk havaalan\u0131 a\u00e7\u0131ld\u0131. T\u014dhoku Otoyolu 1979&#039;da geldi ve Aomori&#039;yi b\u00fcy\u00fcyen bir ulusal otoyol a\u011f\u0131na ba\u011flad\u0131. 19 Temmuz 1987&#039;de a\u00e7\u0131lan \u00f6zel olarak in\u015fa edilmi\u015f bir \u015fehir havaalan\u0131, Tokyo, Osaka, Nagoya ve Sapporo&#039;ya i\u00e7 hat u\u00e7u\u015flar\u0131n\u0131n yan\u0131 s\u0131ra Seul ve Taipei&#039;ye uluslararas\u0131 rotalar\u0131 da idare etti. 1 Ekim 2002&#039;de Aomori, geli\u015fmi\u015f yerel \u00f6zerklik sa\u011flayan bir stat\u00fc olan \u00e7ekirdek \u015fehir olarak belirlendi.<\/p>\n\n\n\n<p>Belediye s\u0131n\u0131rlar\u0131 yeni biny\u0131lda tekrar de\u011fi\u015fti. 1 Nisan 2005&#039;te kom\u015fu Namioka kasabas\u0131 emildi ve \u015fehrin ayak izi neredeyse iki kat\u0131na \u00e7\u0131kt\u0131. Bir k\u0131sm\u0131 daha sonra Eyl\u00fcl 2007&#039;de Minamitsugaru B\u00f6lgesi&#039;ndeki Fujisaki&#039;ye devredildi, ancak Aomori, Japonya&#039;n\u0131n 62 \u00e7ekirdek \u015fehrinden biri olan metropol alan\u0131n\u0131n \u00e7ekirde\u011fi olmaya devam ediyor. 1 A\u011fustos 2023 itibar\u0131yla 264.945 sakin 136.781 hanede ya\u015f\u0131yordu ve kilometrekare ba\u015f\u0131na 321 ki\u015filik genel bir yo\u011funluk elde edildi.<\/p>\n\n\n\n<p>Buradaki iklim enlem ve deniz ak\u0131nt\u0131lar\u0131 taraf\u0131ndan \u015fekillenir. Aomori, iki K\u00f6ppen s\u0131n\u0131fland\u0131rmas\u0131n\u0131n e\u015fi\u011finde yer al\u0131r: so\u011fuk, nemli k\u0131tasal rejim (Dfa) ve nemli subtropikal rejim (Cfa), Ocak ve \u015eubat aylar\u0131nda ortalama s\u0131cakl\u0131klar donma noktas\u0131n\u0131n hemen alt\u0131nda seyreder. Y\u0131ll\u0131k ya\u011f\u0131\u015f ortalamas\u0131 1.285 mm olup Eyl\u00fcl ay\u0131nda zirve yapar. Yazlar s\u0131cak ama k\u0131sad\u0131r; k\u0131\u015flar muazzam kar ya\u011f\u0131\u015f\u0131 getirir. \u015eubat 1945&#039;te kar derinli\u011fi 209 cm&#039;ye ula\u015ft\u0131. S\u0131cakl\u0131klar 1931&#039;de kaydedilen -24,7 \u00b0C&#039;ye kadar d\u00fc\u015ft\u00fc. Yaz &#034;Yamase&#034; gibi yerel r\u00fczgarlar uzun s\u00fcreli serin d\u00f6nemler getirebilir ve pirin\u00e7 hasad\u0131n\u0131 tehdit edebilirken, bo\u011fazdan gelen sisler genellikle havaalan\u0131ndaki u\u00e7u\u015flar\u0131 aksat\u0131r.<\/p>\n\n\n\n<p>Ekonomik ya\u015fam, \u015fehrin \u00fcretiminin d\u00f6rtte \u00fc\u00e7\u00fcnden fazlas\u0131n\u0131 olu\u015fturan hizmetler etraf\u0131nda d\u00f6ner. \u00dcretim yakla\u015f\u0131k y\u00fczde 16&#039;s\u0131n\u0131 olu\u015ftururken, tar\u0131m ve bal\u0131k\u00e7\u0131l\u0131k birlikte m\u00fctevaz\u0131 bir y\u00fczde d\u00f6rt katk\u0131da bulunur. Yine de k\u00fclt\u00fcrel end\u00fcstriler ve turizm Aomori&#039;nin kimli\u011finde b\u00fcy\u00fck bir rol oynar. K\u0131y\u0131 ovas\u0131 ve yak\u0131ndaki da\u011flar kapl\u0131ca tesislerine ev sahipli\u011fi yapar: Asamushi Onsen koyun k\u0131y\u0131s\u0131nda yer al\u0131rken, Sukayu Onsen Hakk\u014dda Da\u011f\u0131&#039;n\u0131n ete\u011finde uzak bir s\u0131\u011f\u0131nak sunar. Her ikisi de d\u00f6rt mevsim boyunca ziyaret\u00e7ileri do\u011faya rahatlama ve dalma aray\u0131\u015f\u0131nda \u00e7eker.<\/p>\n\n\n\n<p>Her A\u011fustos ay\u0131nda Nebuta Matsuri, washi ka\u011f\u0131d\u0131ndan oyulmu\u015f ve kahramanlar\u0131, \u015feytanlar\u0131 veya mit ve tarihten sahneleri tasvir eden devasa, ayd\u0131nlat\u0131lm\u0131\u015f \u015famand\u0131ralarla \u015fehir sokaklar\u0131n\u0131 canland\u0131r\u0131r. Performans\u00e7\u0131lar onlara e\u015flik eder, taiko davullar\u0131nda ritimler s\u00f6yler ve fig\u00fcrleri kalabal\u0131klar aras\u0131nda y\u00f6nlendirir. Japonya&#039;n\u0131n &#034;100 Ses Manzaras\u0131&#034; aras\u0131nda kabul edilen festival, Aomori&#039;nin k\u00fclt\u00fcrel nabz\u0131yla e\u015fanlaml\u0131 hale geldi.<\/p>\n\n\n\n<p>Mevsimsel g\u00f6sterinin \u00f6tesinde, \u015fehir m\u00fczeler ve tarihi yerler arac\u0131l\u0131\u011f\u0131yla ge\u00e7mi\u015fini koruyor. Sannai-Maruyama Alan\u0131 art\u0131k \u00d6zel Ulusal Tarihi Alan, kaz\u0131lan temelleri ziyaret\u00e7ilere a\u00e7\u0131k. Aomori Valilik M\u00fczesi ve Aomori Sanat M\u00fczesi, b\u00f6lgesel el sanatlar\u0131ndan \u00e7a\u011fda\u015f heykellere kadar uzanan koleksiyonlara ev sahipli\u011fi yap\u0131yor. \u015eehir tarihi m\u00fczesi, Ormanc\u0131l\u0131k M\u00fczesi ve Nebuta M\u00fczesi Wa Rasse, Aomori&#039;nin ismine ilham veren ormanl\u0131k tepelerden sokaklar\u0131n\u0131 canland\u0131ran \u015famand\u0131ralara kadar yerel mirasa dair farkl\u0131 bak\u0131\u015f a\u00e7\u0131lar\u0131 sunuyor. Namioka&#039;daki kale kal\u0131nt\u0131lar\u0131 ve Komakino yerle\u015fiminin kal\u0131nt\u0131lar\u0131, y\u00fczy\u0131llar s\u00fcren i\u015fgalin sessiz tan\u0131klar\u0131 olarak duruyor.<\/p>\n\n\n\n<p>Modern altyap\u0131 m\u00fczelerin \u00f6tesine uzan\u0131r. Ulusal rotalar\u20144, 7, 101, 280 ve di\u011ferleri\u2014Aomori ve Tsugaru ekspres yollar\u0131yla birlikte burada birle\u015fir. Feribotlar bo\u011fazda sefer yapmaya devam eder, ancak art\u0131k Hokkaido&#039;ya tek ba\u011flant\u0131 olmaktan ziyade \u00f6ncelikle bir e\u011flence yolculu\u011fu olarak. Aomori Liman\u0131, Tsugaru Kaiky\u014d Feribotu&#039;nun yan\u0131nda gemileri kar\u015f\u0131lamaya devam eder ve on dokuzuncu y\u00fczy\u0131l\u0131n sonlar\u0131na kadar uzanan bir denizcilik gelene\u011fini korur.<\/p>\n\n\n\n<p>Mimarisinde, mevsimlerin ritminde ve sakinlerinin ya\u015fanm\u0131\u015f an\u0131lar\u0131nda Aomori hem dayan\u0131kl\u0131l\u0131\u011f\u0131 hem de yeniden icat etmeyi temsil ediyor. Ufuktaki ormanl\u0131k tepeler, ad\u0131 kanji dilinde devam eden k\u00f6y\u00fc hat\u0131rlat\u0131rken, \u015fehrin sokaklar\u0131 ve demiryollar\u0131 h\u0131rs, zorluk ve yenilenmenin izlerini ta\u015f\u0131yor. Yo\u011fun kar ya\u011f\u0131\u015f\u0131, y\u00fczy\u0131llard\u0131r oldu\u011fu gibi her k\u0131\u015f hem kasabay\u0131 hem de \u00e7iftli\u011fi g\u00f6m\u00fcyor, sadece k\u00f6rfeze da\u011f\u0131lan akan akarsulara d\u00f6n\u00fc\u015f\u00fcyor. Her y\u00fczeyin alt\u0131nda bir hikaye yat\u0131yor: J\u014dmon avc\u0131lar\u0131n\u0131n, Emishi \u00e7ift\u00e7ilerinin, samuray lordlar\u0131n\u0131n, do\u011fan\u0131n s\u00fcrekli de\u011fi\u015fen d\u00f6ng\u00fcs\u00fc i\u00e7inde geleceklerini \u015fekillendiren modern vatanda\u015flar\u0131n hikayesi. Bu anlamda Aomori, haritadaki bir yerden daha fazlas\u0131; Honshu&#039;nun uzak ucundaki insan \u0131srar\u0131n\u0131n devam eden bir anlat\u0131s\u0131.<\/p>","protected":false},"excerpt":{"rendered":"<p>Aomori Eyaletinin ba\u015fkenti olan Aomori, Japonya&#039;n\u0131n kuzey s\u0131n\u0131r\u0131n\u0131n zengin miras\u0131na \u00f6rnek te\u015fkil eder. Japonya&#039;n\u0131n en b\u00fcy\u00fck b\u00fcy\u00fck adas\u0131 olan Honshu&#039;nun en kuzey ucuna yak\u0131n bir konumda bulunan Aomori, co\u011frafi konumu ve k\u00fclt\u00fcrel \u00f6nemi nedeniyle muazzam bir de\u011fere sahiptir. 1 A\u011fustos 2023 itibar\u0131yla bu dinamik metropol merkezinin tahmini n\u00fcfusu 264.945 ki\u015fidir ve 136.781 evde ikamet etmektedir. Aomori, 824,61 kilometrekarelik (318,38 mil kare) bir arazi alan\u0131n\u0131 kaplar ve kilometrekare ba\u015f\u0131na 321 ki\u015filik bir n\u00fcfus yo\u011funlu\u011fu sergiler ve kentsel geni\u015flemeyi do\u011fal \u00e7evresinin korunmas\u0131yla etkili bir \u015fekilde dengeler.<\/p>","protected":false},"author":1,"featured_media":2901,"parent":14797,"menu_order":0,"comment_status":"closed","ping_status":"closed","template":"elementor_theme","meta":{"_eb_attr":"","footnotes":""},"class_list":["post-14902","page","type-page","status-publish","has-post-thumbnail"],"_links":{"self":[{"href":"https:\/\/travelshelper.com\/tr\/wp-json\/wp\/v2\/pages\/14902","targetHints":{"allow":["GET"]}}],"collection":[{"href":"https:\/\/travelshelper.com\/tr\/wp-json\/wp\/v2\/pages"}],"about":[{"href":"https:\/\/travelshelper.com\/tr\/wp-json\/wp\/v2\/types\/page"}],"author":[{"embeddable":true,"href":"https:\/\/travelshelper.com\/tr\/wp-json\/wp\/v2\/users\/1"}],"replies":[{"embeddable":true,"href":"https:\/\/travelshelper.com\/tr\/wp-json\/wp\/v2\/comments?post=14902"}],"version-history":[{"count":0,"href":"https:\/\/travelshelper.com\/tr\/wp-json\/wp\/v2\/pages\/14902\/revisions"}],"up":[{"embeddable":true,"href":"https:\/\/travelshelper.com\/tr\/wp-json\/wp\/v2\/pages\/14797"}],"wp:featuredmedia":[{"embeddable":true,"href":"https:\/\/travelshelper.com\/tr\/wp-json\/wp\/v2\/media\/2901"}],"wp:attachment":[{"href":"https:\/\/travelshelper.com\/tr\/wp-json\/wp\/v2\/media?parent=14902"}],"curies":[{"name":"wp","href":"https:\/\/api.w.org\/{rel}","templated":true}]}}