{"id":14854,"date":"2024-09-20T11:08:01","date_gmt":"2024-09-20T11:08:01","guid":{"rendered":"https:\/\/travelshelper.com\/staging\/?page_id=14854"},"modified":"2026-03-11T18:23:44","modified_gmt":"2026-03-11T18:23:44","slug":"nozawa-onsen","status":"publish","type":"page","link":"https:\/\/travelshelper.com\/tr\/destinations\/asia\/japan\/nozawa-onsen\/","title":{"rendered":"Nozawa Onsen"},"content":{"rendered":"<p>Nagano Eyaletinin kuzeydo\u011fu da\u011flar\u0131nda bulunan Nozawaonsen, yakla\u015f\u0131k 58 kilometrekarelik \u00e7e\u015fitli araziyi kaplar. K\u00f6y\u00fcn n\u00fcfusu 1 Nisan 2019 itibar\u0131yla 1.395 hanede 3.653&#039;t\u00fcr ve kilometrekare ba\u015f\u0131na 63 ki\u015filik bir yo\u011funluk ortaya \u00e7\u0131kar. Bu rakamlar, ormanlar, pirin\u00e7 tarlalar\u0131 ve k\u0131vr\u0131ml\u0131 patikalar i\u00e7in alan\u0131n yo\u011fun yap\u0131la\u015fmaya \u00fcst\u00fcn geldi\u011fi buradaki bilin\u00e7li ya\u015fam temposunu ortaya koymaktad\u0131r.<\/p>\n\n\n\n<p>Nagano \u015eehri&#039;ne arabayla yakla\u015f\u0131k bir saat uzakl\u0131kta bulunan Nozawaonsen, Kenashi Da\u011f\u0131&#039;nda 1.650 metreye kadar y\u00fckselen zirveler ile deniz seviyesinden yakla\u015f\u0131k 300 metre y\u00fcksekli\u011fe kadar inen nehir vadileri aras\u0131nda yer al\u0131r. G\u00fcneyde, Kenashi s\u0131rt\u0131 ufku \u00e7er\u00e7evelerken, Japonya&#039;n\u0131n en uzun nehri olan Chikuma Nehri bat\u0131 s\u0131n\u0131r\u0131n\u0131 \u00e7izer. Bu su yolunun \u00f6tesinde, kentsel hatlar\u0131 yaln\u0131zca vadi havas\u0131 temizlendi\u011finde g\u00f6r\u00fclebilen Iiyama \u015fehri yer al\u0131r. Kuzeyde ve do\u011fuda, k\u00f6y dik yama\u00e7lar ve derin k\u0131\u015f karlar\u0131yla \u015fekillenen bir ba\u015fka topluluk olan Sakae ile bulu\u015fur. Bu s\u0131n\u0131rlar i\u00e7inde, yaz s\u0131cakl\u0131\u011f\u0131n\u0131 \u00f6\u011fleden sonra esintileriyle yumu\u015fatan ve Aral\u0131k&#039;tan Nisan&#039;a kadar yo\u011fun kar ya\u011f\u0131\u015f\u0131n\u0131 m\u00fcjdeleyen mikro iklimler ortaya \u00e7\u0131kar.<\/p>\n\n\n\n<p>Nozawaonsen&#039;in iklim s\u0131n\u0131fland\u0131rmas\u0131 nemli karasald\u0131r (K\u00f6ppen Dfa), yaz nemi ve so\u011fuk k\u0131\u015f aylar\u0131yla i\u015faretlenmi\u015ftir. Ortalama y\u0131ll\u0131k s\u0131cakl\u0131klar 10,4\u00b0C&#039;de seyreder, A\u011fustos ay\u0131nda yakla\u015f\u0131k 23,3\u00b0C&#039;ye t\u0131rman\u0131r ve Ocak ay\u0131nda -1,6\u00b0C&#039;ye d\u00fc\u015fer. Y\u0131ll\u0131k ya\u011f\u0131\u015f 1.782 milimetreye yakla\u015f\u0131r, Ocak ay\u0131 genellikle en ya\u011f\u0131\u015fl\u0131 ayd\u0131r ve kar ya\u011f\u0131\u015f\u0131 k\u00f6y\u00fcn \u00fcnl\u00fc beyaz \u00f6rt\u00fcs\u00fcn\u00fc olu\u015fturur. Bu y\u00fckseklik ve ya\u011f\u0131\u015f birle\u015fimi hem vadi tabanlar\u0131nda pirin\u00e7 yeti\u015ftiricili\u011fini hem de daha y\u00fckseklerde geni\u015f i\u011fne yaprakl\u0131 ormanlar\u0131 destekler.<\/p>\n\n\n\n<p>Nozawaonsen&#039;deki insan yerle\u015fimine dair kan\u0131tlar, Shinano antik eyaletindeki yerine kadar uzan\u0131yor. Orta Kamakura d\u00f6nemi metinleri, yerel ya\u015fam\u0131 tan\u0131mlayan jeotermal havuzlar\u0131 yans\u0131tan, kelimenin tam anlam\u0131yla &#034;kapl\u0131ca da\u011f k\u00f6y\u00fc&#034; olan Yuyama adl\u0131 bir yerle\u015fimden bahsediyor. Efsaneye g\u00f6re, bu kaynaklar\u0131 ilk ortaya \u00e7\u0131karan ki\u015fi 8. y\u00fczy\u0131l rahibi Gy\u014bki&#039;ydi ve bu ili\u015fki onlara nazik bir kutsall\u0131k havas\u0131 veriyordu. 1870&#039;e gelindi\u011finde, 24 han, \u015fifal\u0131 sular arayan yakla\u015f\u0131k 25.000 ziyaret\u00e7iye hizmet veriyordu ve bu da bu mineral sular\u0131n\u0131n uzun s\u00fcredir devam eden itibar\u0131n\u0131n bir kan\u0131t\u0131yd\u0131.<\/p>\n\n\n\n<p>\u0130dari olarak, modern k\u00f6y bir dizi birle\u015fme ve yeniden s\u0131n\u0131fland\u0131rma yoluyla evrimle\u015fti. Nisan 1889&#039;da Toyosato, Japonya&#039;n\u0131n yeni belediye sistemi alt\u0131nda ortaya \u00e7\u0131kt\u0131. \u00dc\u00e7 y\u0131l sonra, Takano ile birle\u015ferek Zuiho&#039;yu olu\u015fturdu, ancak bu k\u00f6y\u00fcn bir k\u0131sm\u0131 1954&#039;te Iiyama&#039;ya kat\u0131ld\u0131. 1 Nisan 1955&#039;te yeniden d\u00fczenlenen geri kalan\u0131, yerel k\u00fclt\u00fcr\u00fc ve ekonomiyi \u015fekillendiren kapl\u0131calara idari kimli\u011fi ba\u011flayan Nozawaonsen ad\u0131n\u0131 ald\u0131.<\/p>\n\n\n\n<p>Tar\u0131m ve turizm, Nozawaonsen&#039;in ge\u00e7im kayna\u011f\u0131n\u0131n ikiz s\u00fctunlar\u0131n\u0131 olu\u015fturur. Dik tarlalar, da\u011f pirincinin, sebzelerin ve soba&#039;n\u0131n dikkatli bir y\u00f6netim alt\u0131nda geli\u015fti\u011fi yama\u00e7lara tutunur. Bu arada, Japonya&#039;n\u0131n en eski kayak merkezlerinden biri sayesinde her k\u0131\u015f mevsimsel turizm artar. 70 y\u0131ldan uzun bir s\u00fcre \u00f6nce a\u00e7\u0131lan kayak alan\u0131, 1.650 metreden ba\u015flay\u0131p toz kar y\u0131\u011f\u0131nlar\u0131yla dolu ormanlardan a\u015fa\u011f\u0131 inen patikalar boyunca 297 hektar\u0131 kapsar. Elli kilometreden fazla bak\u0131ml\u0131 pist, hafif ba\u015flang\u0131\u00e7 \u200b\u200byama\u00e7lar\u0131ndan zorlu siyah pistlere kadar \u00e7e\u015fitlilik g\u00f6sterir. Yirmi \u00fc\u00e7 telesiyej ve iki gondol kayak\u00e7\u0131lar\u0131 yukar\u0131 ta\u015f\u0131r ve en uzun ini\u015f on kilometre uzunlu\u011fundad\u0131r ve Japon Alpleri&#039;nin ve a\u00e7\u0131k g\u00fcnlerde Japon Denizi&#039;nin manzaralar\u0131n\u0131 sunar.<\/p>\n\n\n\n<p>Pist d\u0131\u015f\u0131 f\u0131rsatlar deneyimli kayak\u00e7\u0131lar\u0131 daha derin kar alanlar\u0131na \u00e7eker, ancak k\u00f6y yerel bir rehber tutmay\u0131 tavsiye eder. Bir arazi park\u0131, kontroll\u00fc heyecan arayan snowboardcular i\u00e7in s\u0131\u00e7ramalar, raylar ve seksen metrelik bir boru sunar. Kasabada, 1993&#039;te kurulan Nozawa Onsen Arena, bir buz pateni pistini sauna ve solaryum tesisleriyle birle\u015ftirir. Eskiden Kurhaus olarak bilinen, toplum taraf\u0131ndan i\u015fletilen bir sa\u011fl\u0131k merkezi buhar odalar\u0131 ve a\u00e7\u0131k hava banyolar\u0131 sa\u011flar.<\/p>\n\n\n\n<p>Yine de k\u00f6y\u00fcn tan\u0131mlay\u0131c\u0131 cazibesi, kapl\u0131ca a\u011f\u0131 olmaya devam ediyor. Otuz ayr\u0131 mineral kayna\u011f\u0131 on \u00fc\u00e7 halka a\u00e7\u0131k hamam\u0131 veya ryokan\u0131 besliyor; her havza farkl\u0131 mineral bile\u015fimleri, s\u0131cakl\u0131klar ve rit\u00fceller sunuyor. Aralar\u0131nda O-yu, Matsuba No-yu, Taki No-yu ve on tane daha bulunan \u00fccretsiz halka a\u00e7\u0131k evler, Furusato Onsen ve aile odakl\u0131 Sparena gibi \u00fccretli i\u015fletmelerin yan\u0131nda yer al\u0131yor. Ziyaret\u00e7iler genellikle tek bir g\u00fcnde birden fazla hamam\u0131 denemek i\u00e7in dar, Arnavut kald\u0131r\u0131ml\u0131 yollar\u0131 ge\u00e7iyor ve her havuzun demir veya k\u00fck\u00fcrt kokulu sular\u0131n\u0131n nas\u0131l farkl\u0131 hisler uyand\u0131rd\u0131\u011f\u0131n\u0131 ve sa\u011fl\u0131k a\u00e7\u0131s\u0131ndan faydal\u0131 oldu\u011fu s\u00f6yleniyor.<\/p>\n\n\n\n<p>Nozawaonsen&#039;in on sekiz belirlenmi\u015f hazinesinde k\u00fclt\u00fcrel miras geli\u015fir. Somut olmayan hazinelerden biri olan Ate\u015f Festivali, ulusal olarak \u00d6nemli Somut Olmayan Halk K\u00fclt\u00fcr Varl\u0131\u011f\u0131 olarak tan\u0131n\u0131r. K\u00f6y tap\u0131na\u011f\u0131ndaki 300 y\u0131ll\u0131k bir sedir de dahil olmak \u00fczere kalan on yedi tanesi yerel adland\u0131rmalar ta\u015f\u0131r.<\/p>\n\n\n\n<p>Her y\u0131l 15 Ocak&#039;ta d\u00fczenlenen Ate\u015f Festivali hem toplumsal bir ayin hem de bir g\u00f6steridir. Ruhsal temizli\u011fe en \u00e7ok ihtiya\u00e7 duyan ya\u015flar olan k\u0131rk, k\u0131rk bir ve k\u0131rk iki ya\u015f\u0131ndaki erkekler ve yirmi be\u015f ya\u015f\u0131ndakiler, \u015fadan ad\u0131 verilen \u00fc\u00e7 katl\u0131 ah\u015fap bir tap\u0131nak in\u015fa etmek i\u00e7in bir araya gelirler. Sessizce ve metal ba\u011flant\u0131 elemanlar\u0131 olmadan in\u015fa edilen tap\u0131nak, on metre y\u00fcksekli\u011finde ve sekiz metre geni\u015fli\u011findedir. Bir \u00f6nceki y\u0131l o\u011fullar\u0131 do\u011fan aileler taraf\u0131ndan haz\u0131rlanan ve hatsuakarikago olarak bilinen totem direkleri \u015fadana e\u015flik eder; bu direkler dokuz ila on metre y\u00fcksekli\u011findedir ve r\u00fczgar \u00e7anlar\u0131, ka\u011f\u0131t t\u0131ls\u0131mlar ve aile armalar\u0131yla s\u00fcslenmi\u015ftir.<\/p>\n\n\n\n<p>13 Ocak&#039;ta, usta marangozlar yakudoshi&#039;ye Hikage Kayak Alan\u0131&#039;ndan yirmi metrelik bir Japon kay\u0131n g\u00f6vdesini a\u015fa\u011f\u0131 \u00e7ekmede rehberlik eder. Ertesi g\u00fcn, \u015fadan k\u00f6y meydan\u0131nda \u015fekillenir. On be\u015finci g\u00fcn ak\u015fam 7&#039;de, nesilden nesile aktar\u0131lan bir \u00e7akmak ta\u015f\u0131 ilk me\u015faleyi yakar. Kat\u0131l\u0131mc\u0131lar gelenek y\u00fckl\u00fc \u015fark\u0131lar s\u00f6yler, izleyicilere sake d\u00f6ker ve alana do\u011fru me\u015faleli bir alay olu\u015fturur. Orada, yap\u0131 me\u015faleler ta\u015f\u0131yan adamlar taraf\u0131ndan ku\u015fat\u0131l\u0131r; daha gen\u00e7 k\u00f6yl\u00fcler, yirmi be\u015f ya\u015f\u0131ndakiler taraf\u0131ndan korunan tap\u0131na\u011f\u0131n taban\u0131n\u0131 yakmaya \u00e7al\u0131\u015f\u0131rken, k\u0131rk iki ya\u015f\u0131ndakiler gen\u00e7lik ve orta ya\u015f\u0131n kesi\u015fimini simgeleyen tap\u0131na\u011f\u0131n tepesinde binerler.<\/p>\n\n\n\n<p>Bir bu\u00e7uk ila iki saat sonra tap\u0131nak alevler i\u00e7inde kal\u0131r, ate\u015fin par\u0131lt\u0131s\u0131 derin Ocak gecesini ayd\u0131nlat\u0131r. Organizat\u00f6rler s\u0131k\u0131 g\u00fcvenlik \u00f6nlemleri al\u0131r: koruyucular yirmi be\u015f ya\u015f\u0131ndakileri denetler ve a\u011f\u0131r kald\u0131rma i\u015fiyle u\u011fra\u015fanlar alkolden uzak durur. Kat\u0131l\u0131m genellikle kapasiteye ula\u015f\u0131r ve konaklama yerleri aylar \u00f6ncesinden t\u00fckenir.<\/p>\n\n\n\n<p>Dosojin heykelleri\u2014erkek ve di\u015fi bir tanr\u0131n\u0131n tahta oymalar\u0131\u2014k\u00f6y\u00fc s\u00fcsl\u00fcyor. Boyan\u0131p kap\u0131lara yerle\u015ftirilen bu fig\u00fcrler, evlili\u011fin m\u00fctevaz\u0131 umutlar\u0131n\u0131 temsil ediyor: birle\u015fmede mutlulu\u011fu bulan m\u00fctevaz\u0131 g\u00f6r\u00fcn\u00fcml\u00fc iki birey. Festivalin topluluk, do\u011furganl\u0131k ve koruyucu velayet temalar\u0131n\u0131 g\u00fc\u00e7lendiriyorlar.<\/p>\n\n\n\n<p>Nozawaonsen&#039;e eri\u015fim hem uzakl\u0131\u011f\u0131 hem de ba\u011flant\u0131y\u0131 vurgular. Hi\u00e7bir yolcu treni do\u011frudan k\u00f6yden ge\u00e7mese de, Iiyama Hatt\u0131&#039;ndaki be\u015f istasyon s\u0131n\u0131rlar\u0131na bir kilometre mesafede yer al\u0131r. Togari-Nozawaonsen ve Kamisakai istasyonlar\u0131 yolcular\u0131 merkeze en yak\u0131n noktaya getirir. Shinkansen ile gelenler i\u00e7in, Hokuriku Shinkansen hatt\u0131ndaki Iiyama \u0130stasyonu k\u00f6y\u00fc yakla\u015f\u0131k iki saatte Tokyo&#039;ya ba\u011flar. K\u00f6y taraf\u0131ndan i\u015fletilen bir otob\u00fcs, shinkansen zaman \u00e7izelgesine uyum sa\u011flayarak sorunsuz transferler sa\u011flar.<\/p>\n\n\n\n<p>Kar \u00f6rt\u00fcs\u00fc izin verdi\u011finde \u00e7evredeki da\u011flarda kar ayakkab\u0131s\u0131yla y\u00fcr\u00fcy\u00fc\u015f ve y\u00fcr\u00fcy\u00fc\u015f yollar\u0131 \u00e7aprazlama uzan\u0131r. G\u00fcnd\u00fcz gezileri gizli \u015felaleleri, sedir korular\u0131n\u0131 ve da\u011f ile vadinin etkile\u015fimini vurgulayan geni\u015f manzaralar\u0131 ortaya \u00e7\u0131kar\u0131r. K\u00f6y\u00fcn i\u00e7inde dar sokaklar \u00e7e\u015fitli geleneksel hanlara, pansiyonlara, yerel soba ve sake konusunda uzmanla\u015fm\u0131\u015f lokantalara, hediyelik e\u015fya d\u00fckkanlar\u0131na ve sokak sat\u0131c\u0131lar\u0131na ev sahipli\u011fi yapar.<\/p>\n\n\n\n<p>Nozawaonsen&#039;in cazibesi, sade azim ve rafine misafirperverli\u011fin harmanlanmas\u0131nda yatar. Tarlalar, ormanlar ve kaynaklar, modern asans\u00f6rler ve uluslararas\u0131 ziyaret\u00e7ilerle birlikte varl\u0131\u011f\u0131n\u0131 s\u00fcrd\u00fcrmektedir. K\u0131\u015f\u0131n sessizli\u011fi yerini fenerlerle ayd\u0131nlat\u0131lm\u0131\u015f festivallere b\u0131rak\u0131r ve yaz\u0131n ye\u015filli\u011fi dik patikalar\u0131n kenarlar\u0131n\u0131 yumu\u015fat\u0131r. Burada, mineral sular\u0131n yava\u015f\u00e7a damlamas\u0131 ve kayaklar\u0131n kabuk ba\u011flam\u0131\u015f karlara \u00e7arpmas\u0131, mevsimler, gelenek ve jeotermal s\u0131cakl\u0131\u011f\u0131n kal\u0131c\u0131 konforu taraf\u0131ndan \u015fekillendirilen ya\u015fam ritimlerini tan\u0131mlar.<\/p>","protected":false},"excerpt":{"rendered":"<p>Nozawaonsen, 1 Nisan 2019 itibar\u0131yla 1.395 aileye da\u011f\u0131lm\u0131\u015f yakla\u015f\u0131k 3.653 n\u00fcfusa sahip, Japonya&#039;n\u0131n Nagano Eyaletinin engebeli b\u00f6lgesinde bulunan manzaral\u0131 bir kasabad\u0131r. Kilometrekare ba\u015f\u0131na 63 ki\u015filik n\u00fcfus yo\u011funlu\u011funa sahip bu b\u00fcy\u00fcleyici yerle\u015fim yeri, 57,96 kilometrekarelik (22,38 mil kare) bir alana sahiptir ve Japonya&#039;n\u0131n canl\u0131 kentsel alanlar\u0131ndan huzurlu bir ka\u00e7\u0131\u015f sa\u011flar. Nagano Eyaletinin kuzey b\u00f6lgesinde bulunan Nozawaonsen, Japonya&#039;n\u0131n k\u0131rsal manzaras\u0131n\u0131n kal\u0131c\u0131 cazibesini ve zengin k\u00fclt\u00fcrel miras\u0131n\u0131 \u00f6rneklemektedir.<\/p>","protected":false},"author":1,"featured_media":3842,"parent":14797,"menu_order":0,"comment_status":"closed","ping_status":"closed","template":"elementor_theme","meta":{"_eb_attr":"","footnotes":""},"class_list":["post-14854","page","type-page","status-publish","has-post-thumbnail"],"_links":{"self":[{"href":"https:\/\/travelshelper.com\/tr\/wp-json\/wp\/v2\/pages\/14854","targetHints":{"allow":["GET"]}}],"collection":[{"href":"https:\/\/travelshelper.com\/tr\/wp-json\/wp\/v2\/pages"}],"about":[{"href":"https:\/\/travelshelper.com\/tr\/wp-json\/wp\/v2\/types\/page"}],"author":[{"embeddable":true,"href":"https:\/\/travelshelper.com\/tr\/wp-json\/wp\/v2\/users\/1"}],"replies":[{"embeddable":true,"href":"https:\/\/travelshelper.com\/tr\/wp-json\/wp\/v2\/comments?post=14854"}],"version-history":[{"count":0,"href":"https:\/\/travelshelper.com\/tr\/wp-json\/wp\/v2\/pages\/14854\/revisions"}],"up":[{"embeddable":true,"href":"https:\/\/travelshelper.com\/tr\/wp-json\/wp\/v2\/pages\/14797"}],"wp:featuredmedia":[{"embeddable":true,"href":"https:\/\/travelshelper.com\/tr\/wp-json\/wp\/v2\/media\/3842"}],"wp:attachment":[{"href":"https:\/\/travelshelper.com\/tr\/wp-json\/wp\/v2\/media?parent=14854"}],"curies":[{"name":"wp","href":"https:\/\/api.w.org\/{rel}","templated":true}]}}