{"id":14797,"date":"2024-09-20T09:51:48","date_gmt":"2024-09-20T09:51:48","guid":{"rendered":"https:\/\/travelshelper.com\/staging\/?page_id=14797"},"modified":"2026-03-11T17:39:09","modified_gmt":"2026-03-11T17:39:09","slug":"japonya","status":"publish","type":"page","link":"https:\/\/travelshelper.com\/tr\/destinations\/asia\/japan\/","title":{"rendered":"Japonya"},"content":{"rendered":"<p>Japonya, Pasifik Okyanusu&#039;nun k\u0131y\u0131s\u0131na ince bir f\u0131r\u00e7a darbesi gibi yerle\u015ftirilmi\u015f, Do\u011fu Asya&#039;da bir ada \u00fclkesidir. Ana kara k\u00fctlesi, kuzeyde Ohotsk Denizi&#039;nin so\u011fuk a\u011fz\u0131ndan g\u00fcneyde Do\u011fu \u00c7in Denizi&#039;nin subtropikal sular\u0131na kadar yakla\u015f\u0131k 3.000 kilometre boyunca uzanan on d\u00f6rt binden fazla k\u00fc\u00e7\u00fck adan\u0131n yan\u0131 s\u0131ra d\u00f6rt ana adadan olu\u015fur: Hokkaido, Honshu, Shikoku ve Kyushu. 377.975 kilometrekarelik alan\u0131 kaplayan Japonya, engebeli da\u011flar\u0131 ve yo\u011fun ormanlar\u0131, arazisinin d\u00f6rtte \u00fc\u00e7\u00fcn\u00fcn tar\u0131msal faaliyetleri ve kentsel yerle\u015fimi do\u011fu k\u0131y\u0131lar\u0131yla s\u0131n\u0131rlad\u0131\u011f\u0131 dar k\u0131y\u0131 ovalar\u0131yla dengeler.<\/p>\n\n\n\n<p>Jeolojik olarak Japonya, Pasifik Ate\u015f \u00c7emberi&#039;nde istikrars\u0131z bir konumdad\u0131r. Depremler adalar\u0131nda rahats\u0131z edici bir s\u0131kl\u0131kta dalgalan\u0131r ve y\u00fczlercesi aktif olan volkanik koniler, yeralt\u0131 g\u00fc\u00e7lerinin sessiz bir kan\u0131t\u0131 olarak g\u00f6ky\u00fcz\u00fcn\u00fc deler. 140.000&#039;den fazla can kayb\u0131na neden olan 1923 B\u00fcy\u00fck Tokyo depreminin hat\u0131ras\u0131, daha yak\u0131n zamandaki \u00e7alkant\u0131lar gibi, \u00fclkenin kolektif bilincinde yer al\u0131r: 1995 B\u00fcy\u00fck Hanshin depremi ve y\u0131k\u0131c\u0131 bir tsunami ve n\u00fckleer krize yol a\u00e7an 2011 T\u014dhoku titremesi.<\/p>\n\n\n\n<p>\u0130klim kuzeyden g\u00fcneye do\u011fru belirgin \u015fekilde de\u011fi\u015fir. Hokkaido&#039;da k\u0131\u015flar uzun, dondurucu b\u00f6l\u00fcmler halinde uzan\u0131r ve g\u00f6ller ve tarlalar yo\u011fun kar \u00f6rt\u00fcleri alt\u0131nda kal\u0131r. G\u00fcneye do\u011fru hareket edildi\u011finde, Honshu&#039;nun bat\u0131 k\u0131y\u0131s\u0131 hem so\u011fu\u011fu hem de nemi \u00e7a\u011fr\u0131\u015ft\u0131r\u0131r, Japon Denizi r\u00fczgarlar\u0131 her k\u0131\u015f kar y\u0131\u011f\u0131nlar\u0131 biriktirir. Honshu&#039;nun merkezindeki yaylalar geni\u015f mevsimsel s\u0131cakl\u0131k dalgalanmalar\u0131 ya\u015farken, Tokyo ve Osaka&#039;n\u0131n alt\u0131ndaki Pasifik k\u0131y\u0131s\u0131 nemli yazlarla kavrulur ve k\u0131\u015f\u0131n ara s\u0131ra olu\u015fan donla yumu\u015far. G\u00fcneyde, Ry\u016bky\u016bs ve Nanp\u014d Adalar\u0131 subtropikal ya\u011fmurlar\u0131 tadar, s\u0131cakl\u0131klar\u0131 yaln\u0131zca may\u0131s ay\u0131n\u0131n ba\u015f\u0131ndaki muson cephesi ve yaz sonunda gelen tayfunlarla bozulur.<\/p>\n\n\n\n<p>Ya\u015fayan d\u00fcnya bu toprak ve iklim \u00e7e\u015fitlili\u011fini yans\u0131t\u0131r. Tak\u0131madalar\u0131n \u00fc\u00e7te ikisini kaplayan ormanlar doksan binden fazla t\u00fcre ev sahipli\u011fi yapar. Kahverengi ay\u0131lar Hokkaido&#039;nun \u00e7am ormanlar\u0131nda odun keser; Japon makaklar\u0131 buharl\u0131 onsen havuzlar\u0131nda tembellik eder; dev semender gibi nadir hayvanlar da\u011f derelerinden kayar. \u0130\u00e7 kesimlerde, Biwa G\u00f6l\u00fc&#039;n\u00fcn kadim sular\u0131 ak\u00e7aa\u011fa\u00e7 ve sedir a\u011fa\u00e7lar\u0131n\u0131n alt\u0131ndan akar; k\u0131y\u0131 boyunca, sulak alanlar ve batakl\u0131klar \u00fclke \u00e7ap\u0131nda elli \u00fc\u00e7 Ramsar alan\u0131nda g\u00f6\u00e7men ku\u015flar\u0131 kar\u015f\u0131lar.<\/p>\n\n\n\n<p>Bu adalardaki insan yerle\u015fimi en az k\u0131rk bin y\u0131l \u00f6ncesine dayan\u0131r ve \u00dcst Paleolitik&#039;te arkeolojik kay\u0131tlara girer. Farkl\u0131 avc\u0131-toplay\u0131c\u0131 gruplardan, d\u00f6rd\u00fcnc\u00fc y\u00fczy\u0131lda bir imparatorun y\u00f6netiminde saray krall\u0131klar\u0131na d\u00f6n\u00fc\u015fen b\u00f6lgesel siyasi yap\u0131lar ortaya \u00e7\u0131kt\u0131. Bu d\u00f6nem, yabanc\u0131 inan\u00e7 ve yerli rit\u00fcelin ilk sentezini te\u015fvik etti: Budizm Kore&#039;den geldi, Konf\u00fc\u00e7y\u00fcs\u00e7\u00fc ve Taoist fikirler \u00c7in&#039;den geldi ve rit\u00fcel ve mitolojide derin k\u00f6klere sahip \u015einto uygulamalar\u0131, do\u011faya duyulan yerel sayg\u0131dan kaynakland\u0131.<\/p>\n\n\n\n<p>On ikinci y\u00fczy\u0131lda, \u015fogun olarak bilinen askeri y\u00f6neticiler fiili otoriteye sahipti ve samuray hiyerar\u015fileri ve feodal alanlar \u00fczerinde ba\u015fkanl\u0131k ediyordu. Kamakura ve A\u015fikaga \u015fogunluklar\u0131, on alt\u0131nc\u0131 y\u00fczy\u0131l\u0131n b\u00f6l\u00fcc\u00fc Sava\u015fan Devletler \u00c7a\u011f\u0131&#039;na kadar varl\u0131\u011f\u0131n\u0131 s\u00fcrd\u00fcrd\u00fc. 1600&#039;de Tokugawa Ieyasu, Edo&#039;dan (modern Tokyo) yeni bir d\u00fczen kurarak iki bu\u00e7uk y\u00fczy\u0131l s\u00fcren bir ulusal izolasyon politikas\u0131 uygulad\u0131. Tokugawa rejimi alt\u0131nda toplum kat\u0131 bir s\u0131n\u0131f yap\u0131s\u0131 kazand\u0131: samuraylar onur ve ayr\u0131cal\u0131\u011fa h\u00fckmediyordu; t\u00fcccarlar, zanaatkarlar ve \u00e7ift\u00e7iler belirgin roller \u00fcstleniyordu; d\u0131\u015flanm\u0131\u015f topluluklar, burakumin, kirli kabul edilen g\u00f6revleri yerine getiriyordu.<\/p>\n\n\n\n<p>Komodor Perry&#039;nin kara gemilerinin 1853&#039;te var\u0131\u015f\u0131 adalar\u0131n izolasyonunu k\u0131rd\u0131. On be\u015f y\u0131l i\u00e7inde Tokugawa \u015fogunlu\u011fu d\u00fc\u015ft\u00fc ve Meiji imparatoru ger\u00e7ek g\u00fcc\u00fc geri kazand\u0131. Japonya&#039;n\u0131n Meiji d\u00f6nemi bir reform dalgas\u0131yla ba\u015flad\u0131: feodal alanlar da\u011f\u0131ld\u0131, demiryollar\u0131 \u00fclkeye \u00e7elik \u015feritler yayd\u0131, fabrikalar k\u0131y\u0131 ovalar\u0131nda y\u00fckseldi ve bir imparatorluk ordusu yurtd\u0131\u015f\u0131na y\u00fcr\u00fcd\u00fc. End\u00fcstriyel b\u00fcy\u00fcme \u00fclkeyi d\u00fcnya sahnesine ta\u015f\u0131d\u0131, ancak ayn\u0131 zamanda militarist h\u0131rslar da ekti. On dokuzuncu y\u00fczy\u0131l\u0131n sonlar\u0131na do\u011fru Japonya, Kore ve \u00c7in&#039;de n\u00fcfuz i\u00e7in yar\u0131\u015ft\u0131; 1937&#039;de \u00c7in&#039;e tam \u00f6l\u00e7ekli bir i\u015fgal ba\u015flatt\u0131 ve 1941&#039;de Amerika Birle\u015fik Devletleri ve Avrupa kolonilerine sald\u0131rd\u0131.<\/p>\n\n\n\n<p>Yenilgi, \u015fehirlerin kundaklanmas\u0131 ve Hiro\u015fima ve Nagazaki&#039;ye at\u0131lan atom bombalar\u0131n\u0131n ard\u0131ndan 1945&#039;te geldi. M\u00fcttefik i\u015fgali alt\u0131nda, Japonya anayasas\u0131n\u0131 yeniden yazd\u0131 ve bir \u00d6z Savunma G\u00fcc\u00fc in\u015fa ederken bile sava\u015ftan vazge\u00e7ti. Sava\u015f sonras\u0131 \u00fcretimdeki art\u0131\u015f, d\u00fcnya \u00e7ap\u0131ndaki evlere &#039;&#039;Made in Japan&#039;&#039; ta\u015f\u0131yan motosikletler, arabalar ve elektronikler \u00fcretti. 1960&#039;lara gelindi\u011finde, ekonomik toparlanma \u015fa\u015f\u0131rt\u0131c\u0131 bir b\u00fcy\u00fcmeye do\u011fru h\u0131zland\u0131: otoyollar ve h\u0131zl\u0131 trenler \u015fehirleri birbirine ba\u011flad\u0131; g\u00f6kdelenler kurumsal g\u00fcc\u00fc i\u015faret etti; ya\u015fam standartlar\u0131 h\u0131zla y\u00fckseldi.<\/p>\n\n\n\n<p>Bug\u00fcn Japonya, iki meclisli bir yasama organ\u0131 olan Ulusal Diyet&#039;e sahip anayasal bir monar\u015fidir. \u0130mparator t\u00f6rensel bir fig\u00fcr olarak hizmet eder; siyasi g\u00fc\u00e7 se\u00e7ilmi\u015f meclislerde ve atanm\u0131\u015f bir ba\u015fbakandad\u0131r. Japonya, Yedili Grubu&#039;nun tek Asyal\u0131 \u00fcyesi olarak kabul edilir, ancak 1947 anayasas\u0131 fetih i\u00e7in askeri g\u00fc\u00e7 konu\u015fland\u0131r\u0131lmas\u0131n\u0131 yasaklar. Yine de, \u00d6z Savunma Kuvvetleri d\u00fcnyan\u0131n en iyi donan\u0131ml\u0131lar\u0131 aras\u0131ndad\u0131r ve Amerika Birle\u015fik Devletleri ile g\u00fcvenlik ortakl\u0131klar\u0131 Tokyo&#039;yu Washington&#039;\u0131n en eski b\u00fcy\u00fck NATO d\u0131\u015f\u0131 m\u00fcttefikleri aras\u0131na yerle\u015ftirmi\u015ftir.<\/p>\n\n\n\n<p>Ekonomik olarak, Japonya nominal GSY\u0130H&#039;ye g\u00f6re d\u00fcnyan\u0131n be\u015finci b\u00fcy\u00fc\u011f\u00fcd\u00fcr. Ch\u016bbu ve Kant\u014d b\u00f6lgelerindeki fabrikalar otomobil, yar\u0131 iletken ve hassas ekipman \u00fcreterek u\u011fultu yap\u0131yor. Robotik laboratuvarlar\u0131 Osaka&#039;dan Yokohama&#039;ya kadar fabrikalar\u0131 \u015fekillendiren otomasyonu geli\u015ftiriyor. Ancak \u00fclke ayn\u0131 zamanda artan kamu borcuyla da kar\u015f\u0131 kar\u015f\u0131ya - GSY\u0130H&#039;nin iki bu\u00e7uk kat\u0131na yakla\u015f\u0131yor - ve d\u00fc\u015f\u00fck i\u015fsizli\u011fe ra\u011fmen y\u00fczde 15&#039;in \u00fczerinde bir yoksulluk oran\u0131. \u0130hracat odakl\u0131 bir model Japonya&#039;y\u0131 \u00c7in&#039;den Amerika Birle\u015fik Devletleri&#039;ne kadar pazarlara ba\u011fl\u0131yor, ancak enerji ba\u011f\u0131ml\u0131l\u0131\u011f\u0131 - \u00f6zellikle ithal fosil yak\u0131tlara - ekonomiyi k\u00fcresel fiyat dalgalanmalar\u0131na kar\u015f\u0131 savunmas\u0131z hale getiriyor.<\/p>\n\n\n\n<p>Demografik olarak Japonya bir kav\u015fakta duruyor. 123 milyonluk n\u00fcfusu son y\u0131llarda zirveye ula\u015ft\u0131; 2025&#039;e kadar her d\u00f6rt ki\u015fiden biri altm\u0131\u015f be\u015fi a\u015f\u0131yor. D\u00fc\u015f\u00fck do\u011fum oranlar\u0131 ve ihmal edilebilir g\u00f6\u00e7\u00fcn \u00f6m\u00fcr boyu s\u00fcrmesi, 2065&#039;e kadar seksen sekiz milyona do\u011fru tahminleri y\u00f6nlendiriyor. Tokyo&#039;nun yirmi \u00fc\u00e7 semti kalabal\u0131k olmaya devam ederken, k\u00fc\u00e7\u00fclen okul s\u0131n\u0131flar\u0131 ve gen\u00e7 ailelerden bo\u015falan k\u0131rsal kasabalar k\u0131rsalda yank\u0131lan\u0131yor.<\/p>\n\n\n\n<p>Bu zorluklar i\u00e7inde, Japon toplumu dil ve inan\u00e7 temelleri \u00fczerinde \u0131srar ediyor. Japon ailesinin bir \u00fcyesi olan Japonca, logograflar\u0131 ve heceleri i\u00e7 i\u00e7e ge\u00e7iren bir kanji ve kana yaz\u0131 sistemi kullan\u0131yor. B\u00f6lgesel diller - Okinawa&#039;daki Ryukyuan leh\u00e7eleri, Hokkaido&#039;daki neredeyse yok olan Ainu - daha derin miras katmanlar\u0131na i\u015faret ediyor. Dini uygulamalar aras\u0131nda \u015eintoizm ve Budizm i\u00e7 i\u00e7e ge\u00e7iyor: tap\u0131naklar mevsimsel ayinlere ev sahipli\u011fi yap\u0131yor; tap\u0131naklar fener festivallerinde fenerle ayd\u0131nlat\u0131lm\u0131\u015f yollar\u0131 koruyor; d\u00fc\u011f\u00fcnler ve cenazeler i\u00e7in d\u00fczenlenen laik t\u00f6renler her iki gelene\u011fi de i\u00e7eriyor.<\/p>\n\n\n\n<p>K\u00fclt\u00fcrel ya\u015fam sanat ve performansta nab\u0131z at\u0131yor. Geleneksel el sanatlar\u0131 - lake e\u015fyalar, \u00e7anak \u00e7\u00f6mlek ve ipek kuma\u015flar - modern tasar\u0131mla birlikte y\u00fczy\u0131llard\u0131r kullan\u0131lan teknikleri s\u00fcrd\u00fcr\u00fcyor. Sahnede, noh maskeleri uhrevi ruhlar\u0131 \u00e7a\u011fr\u0131\u015ft\u0131r\u0131yor, kabuki akt\u00f6rleri g\u00f6steri\u015fli kost\u00fcmlerle d\u00f6n\u00fc\u015f\u00fcyor ve bunraku kuklalar\u0131 sadakat ve kay\u0131p hikayelerini canland\u0131r\u0131yor. Hattatlar f\u0131r\u00e7a darbelerini ka\u011f\u0131da \u00fcfl\u00fcyor, \u00e7ay ustalar\u0131 ise kase, \u00e7\u0131rpma teli ve suyun t\u00f6rensel ritimlerini d\u00fczenliyor.<\/p>\n\n\n\n<p>Japon mutfa\u011f\u0131 k\u00fcresel sayg\u0131y\u0131 hak ediyor, ancak k\u00f6keninden ayr\u0131lamaz. Tokyo&#039;nun Tsukiji b\u00f6lgesindeki su\u015fi tezgahlar\u0131 sabah avlar\u0131yla doluyor; Kyoto&#039;nun kaiseki masalar\u0131 haiku gibi mevsimlik yemekleri yenilebilir bi\u00e7imde d\u00fczenliyor; Hokkaido&#039;nun so\u011fuk denizleri zengin yenge\u00e7 ve somon yumurtas\u0131 veriyor. Pirin\u00e7, soya ve deniz yosunu g\u00fcnl\u00fck \u00f6\u011f\u00fcnlerin temelini olu\u015fturuyor; wagashi tatl\u0131lar\u0131 ye\u015fil \u00e7ay seremonisine e\u015flik ediyor. G\u00fcnl\u00fck ya\u015famda, ramen kaseleri ve k\u00f6ri tabaklar\u0131\u2014aslen Britanya Hindistan\u0131&#039;ndan\u2014hem konforu hem de rahatl\u0131\u011f\u0131 bir arada tutuyor.<\/p>\n\n\n\n<p>Ta\u015f\u0131mac\u0131l\u0131k altyap\u0131s\u0131 hem vaat hem de kesinli\u011fi b\u00fcnyesinde bar\u0131nd\u0131r\u0131yor. Bir milyon kilometreden fazla yol \u015fehri ve k\u00f6y\u00fc birbirine ba\u011fl\u0131yor; y\u00fcksek h\u0131zl\u0131 Shinkansen trenleri saatte yakla\u015f\u0131k 300 kilometre h\u0131zla t\u00fcnellerden ge\u00e7iyor; b\u00f6lgesel demiryollar\u0131 da\u011flar\u0131 ve ovalar\u0131 \u00e7aprazl\u0131yor. Hava yolculu\u011fu 280 havaliman\u0131nda g\u00fc\u00e7l\u00fc kalmaya devam ediyor ve Haneda Asya&#039;n\u0131n ikinci en yo\u011fun merkezi olarak hizmet veriyor. Tokyo K\u00f6rfezi ve Osaka&#039;daki s\u00fcper limanlar milyonlarca konteyneri idare ediyor ve ithalat ve ihracatla \u015fekillenen bir \u00fclkede ticareti akmaya devam ediyor.<\/p>\n\n\n\n<p>Japonya&#039;daki ya\u015fam, toplumsal geleneklerin bir koreografisi aras\u0131nda geli\u015fir. Sayg\u0131 g\u00fcnl\u00fck etkile\u015fimlere n\u00fcfuz eder: yaylar selamla\u015fmalar\u0131 vurgular; iki elde kartvizit al\u0131\u015fveri\u015fi yap\u0131l\u0131r; ayakkab\u0131lar e\u015fiklerde \u00e7\u0131kar\u0131l\u0131r. Kamusal alanlardaki g\u00f6rg\u00fc kurallar\u0131 (sessiz trenler, geri d\u00f6n\u00fc\u015f\u00fcm i\u00e7in ayr\u0131lm\u0131\u015f \u00e7\u00f6p kutular\u0131) toplu bir dikkat \u0131srar\u0131n\u0131 ortaya koyar. Ziyaret\u00e7iler yemek \u00e7ubuklar\u0131n\u0131 pirin\u00e7te dik tutmamay\u0131, ortak k\u00fcvetlere girmeden \u00f6nce y\u0131kanmay\u0131 ve hem \u015fahsen hem de elle yaz\u0131lm\u0131\u015f bir notla te\u015fekk\u00fcr etmeyi \u00f6\u011frenirler.<\/p>\n\n\n\n<p>Ancak bu rit\u00fcellerin alt\u0131nda bir uyum ruhu yatar. Japon pop\u00fcler k\u00fclt\u00fcr\u00fc anime, manga ve video oyunlar\u0131na kadar uzan\u0131r ve Tokyo&#039;nun arka sokaklar\u0131nda ve k\u0131rsal kafelerinde gen\u00e7lik k\u00fclt\u00fcr\u00fcn\u00fc \u015fekillendirir. \u0130\u015f birli\u011fi ve fikir birli\u011fi, baz\u0131 kad\u0131nlar ve az\u0131nl\u0131k gruplar\u0131 daha geni\u015f bir e\u015fitlik i\u00e7in bask\u0131 yaparken bile i\u015fyeri hiyerar\u015filerini bir arada tutar. Ya\u015flanan bir toplumda, robotik ve sa\u011fl\u0131k hizmetlerindeki yenilikler bak\u0131m y\u00fck\u00fcn\u00fc hafifletmeyi ama\u00e7lamaktad\u0131r.<\/p>\n\n\n\n<p>Z\u0131tl\u0131klar\u0131n \u00fclkesi olan Japonya, koruma ve de\u011fi\u015fimi dengeler. Antik tap\u0131naklar cam kulelerin yak\u0131n\u0131nda durur; k\u00f6y festivalleri, neon tabelalar ba\u015f \u00fcst\u00fcnde par\u0131ldarken fenerlerle ayd\u0131nlat\u0131lm\u0131\u015f sokaklar\u0131 canland\u0131r\u0131r. Bah\u00e7elerde, yosun hal\u0131lar\u0131 sentetik \u015felalelerin yan\u0131ndaki ta\u015flar\u0131 kaplar; \u015fehirlerde, ka\u011f\u0131t fenerler elektrik kablolar\u0131n\u0131n \u00f6r\u00fcmcek a\u011flar\u0131n\u0131n alt\u0131nda sallan\u0131r. Japonya&#039;ya d\u00fcnya sahnesinde sessiz yo\u011funlu\u011funu ve kal\u0131c\u0131 varl\u0131\u011f\u0131n\u0131 veren \u015fey, haf\u0131za ve icat, al\u00e7akg\u00f6n\u00fcll\u00fcl\u00fck ve h\u0131rs\u0131n bu etkile\u015fimidir.<\/p>","protected":false},"excerpt":{"rendered":"<p>Asya&#039;n\u0131n do\u011fu k\u0131y\u0131lar\u0131nda bulunan bir ada \u00fclkesi olan Japonya, 2024 itibar\u0131yla yakla\u015f\u0131k 124 milyonluk n\u00fcfusuyla k\u00fcresel olarak dokuzuncu en kalabal\u0131k \u00fclke olarak s\u0131ralan\u0131yor. Bu tak\u0131mada \u00fclkesi, Pasifik Okyanusu&#039;nda 377.975 kilometrekarelik (145.937 mil kare) bir alan\u0131 kaplayan d\u00f6rt ana adadan ve birka\u00e7 k\u00fc\u00e7\u00fck adadan olu\u015fuyor. Bat\u0131da Japon Denizi ile s\u0131n\u0131rlanan ve kuzeyde Ohotsk Denizi&#039;nden g\u00fcneyde Do\u011fu \u00c7in Denizi&#039;ne kadar uzanan b\u00f6lgenin belirgin co\u011frafi konumu, tarihini, k\u00fclt\u00fcr\u00fcn\u00fc ve d\u00fcnya \u00e7ap\u0131ndaki \u00f6nemini \u00f6nemli \u00f6l\u00e7\u00fcde etkilemi\u015ftir.<\/p>","protected":false},"author":1,"featured_media":5237,"parent":24063,"menu_order":0,"comment_status":"closed","ping_status":"closed","template":"elementor_theme","meta":{"_eb_attr":"","footnotes":""},"class_list":["post-14797","page","type-page","status-publish","has-post-thumbnail"],"_links":{"self":[{"href":"https:\/\/travelshelper.com\/tr\/wp-json\/wp\/v2\/pages\/14797","targetHints":{"allow":["GET"]}}],"collection":[{"href":"https:\/\/travelshelper.com\/tr\/wp-json\/wp\/v2\/pages"}],"about":[{"href":"https:\/\/travelshelper.com\/tr\/wp-json\/wp\/v2\/types\/page"}],"author":[{"embeddable":true,"href":"https:\/\/travelshelper.com\/tr\/wp-json\/wp\/v2\/users\/1"}],"replies":[{"embeddable":true,"href":"https:\/\/travelshelper.com\/tr\/wp-json\/wp\/v2\/comments?post=14797"}],"version-history":[{"count":0,"href":"https:\/\/travelshelper.com\/tr\/wp-json\/wp\/v2\/pages\/14797\/revisions"}],"up":[{"embeddable":true,"href":"https:\/\/travelshelper.com\/tr\/wp-json\/wp\/v2\/pages\/24063"}],"wp:featuredmedia":[{"embeddable":true,"href":"https:\/\/travelshelper.com\/tr\/wp-json\/wp\/v2\/media\/5237"}],"wp:attachment":[{"href":"https:\/\/travelshelper.com\/tr\/wp-json\/wp\/v2\/media?parent=14797"}],"curies":[{"name":"wp","href":"https:\/\/api.w.org\/{rel}","templated":true}]}}