{"id":14785,"date":"2024-09-20T09:34:11","date_gmt":"2024-09-20T09:34:11","guid":{"rendered":"https:\/\/travelshelper.com\/staging\/?page_id=14785"},"modified":"2026-03-11T18:16:36","modified_gmt":"2026-03-11T18:16:36","slug":"kirgizistan","status":"publish","type":"page","link":"https:\/\/travelshelper.com\/tr\/destinations\/asia\/kyrgyzstan\/","title":{"rendered":"K\u0131rg\u0131zistan"},"content":{"rendered":"<p>K\u0131rg\u0131zistan, resmen K\u0131rg\u0131z Cumhuriyeti, Orta Asya&#039;n\u0131n engebeli bir \u015feridini kaplar ve topraklar\u0131 Tanr\u0131 Da\u011flar\u0131 ve Pamir s\u0131rada\u011flar\u0131n\u0131n y\u00fckselen s\u0131rtlar\u0131yla tan\u0131mlan\u0131r. Kuzeyde Kazakistan, bat\u0131da \u00d6zbekistan, g\u00fcneyde Tacikistan ve do\u011fuda \u00c7in ile \u00e7evrili olan cumhuriyet, 39\u00b0 ve 44\u00b0 K enlemleri ile 69\u00b0 ve 81\u00b0 D boylamlar\u0131 aras\u0131nda uzan\u0131r. \u0130dari merkezi olan Bi\u015fkek kuzey eteklerinde yer al\u0131rken, ikinci \u015fehri ve b\u00f6lgenin en eski kentsel yerle\u015fim yerlerinden biri olan O\u015f, Fergana Vadisi&#039;nin verimli kollar\u0131n\u0131n yak\u0131n\u0131nda yer al\u0131r. Devlet, \u00e7o\u011funlu\u011fu etnik K\u0131rg\u0131zlar olmak \u00fczere yedi milyondan biraz fazla n\u00fcfusa sahiptir ve \u00f6nemli say\u0131da \u00d6zbek ve Rus toplulu\u011fu da ya\u015famaktad\u0131r. Bu makale K\u0131rg\u0131zistan&#039;\u0131n fiziksel hatlar\u0131n\u0131, karma\u015f\u0131k ge\u00e7mi\u015fini ve bug\u00fcn\u00fcn\u00fc \u015fekillendiren sosyal ve ekonomik g\u00fc\u00e7leri incelemektedir.<\/p>\n\n\n\n<p>G\u00fcn\u00fcm\u00fcz K\u0131rg\u0131zistan&#039;\u0131ndaki insan varl\u0131\u011f\u0131, kay\u0131tl\u0131 kroniklerden \u00e7ok \u00f6nce bozk\u0131rlarda dola\u015fan g\u00f6\u00e7ebe kabilelere kadar uzan\u0131r. Yenisey K\u0131rg\u0131zlar\u0131, erken orta\u00e7a\u011f d\u00f6neminde bir ka\u011fanl\u0131k kurdular, ancak ard\u0131\u015f\u0131k T\u00fcrk konfederasyonlar\u0131 taraf\u0131ndan yutuldular. On \u00fc\u00e7\u00fcnc\u00fc y\u00fczy\u0131lda Mo\u011fol \u0130mparatorlu\u011fu b\u00f6lgeyi b\u00fcnyesine katt\u0131; yerli y\u00f6netim, Mo\u011fol halefi devletleri ve daha sonra Dzungar Hanl\u0131\u011f\u0131 alt\u0131nda aral\u0131kl\u0131 olarak yeniden ortaya \u00e7\u0131kt\u0131. Dzungarlar\u0131n d\u00fc\u015f\u00fc\u015f\u00fcnden sonra, K\u0131rg\u0131zlar ve ilgili K\u0131p\u00e7ak gruplar\u0131, \u00c7arl\u0131k Rusyas\u0131 b\u00f6lgeyi ilhak edene kadar 1876&#039;ya kadar Kokand Hanl\u0131\u011f\u0131&#039;n\u0131n bir par\u00e7as\u0131n\u0131 olu\u015fturdular. Sonraki altm\u0131\u015f y\u0131l boyunca, Slav yerle\u015fimciler al\u00e7akta yatan meralar\u0131 ekili araziye d\u00f6n\u00fc\u015ft\u00fcr\u00fcrken, zaman zaman imparatorluk askerli\u011fine kar\u015f\u0131 yerel ayaklanmalar patlak verdi.<\/p>\n\n\n\n<p>Sovyet y\u00f6netimi alt\u0131nda, Kara-K\u0131rg\u0131z \u00d6zerk Oblast\u0131, Rus Sovyet Cumhuriyeti i\u00e7inde \u015fekillendi, 1926&#039;da K\u0131rg\u0131z \u00d6zerk Sovyet Sosyalist Cumhuriyeti olarak yeniden adland\u0131r\u0131ld\u0131 ve 1936&#039;da birlik cumhuriyeti stat\u00fcs\u00fcne y\u00fckseltildi. Frunze\u2014eski ad\u0131yla Pi\u015fpek\u2014ba\u015fkent oldu ve Rusla\u015ft\u0131rma, sanayile\u015fme ve kolektifle\u015ftirme toplumu yeniden \u015fekillendirdi. K\u0131rg\u0131z dili Latin ve daha sonra Kiril alfabelerini benimsedi, zorunlu e\u011fitim okuryazarl\u0131\u011f\u0131 ilerletti ve Manas Destan\u0131 yaz\u0131l\u0131 hale geldi. Sovyet d\u00f6nemi ayr\u0131ca b\u00f6lgenin \u00e7e\u015fitlili\u011fine katk\u0131da bulunan s\u00fcrg\u00fcn edilmi\u015f az\u0131nl\u0131klar\u0131 da beraberinde getirdi\u2014Almanlar, \u00c7e\u00e7enler, Polonyal\u0131lar.<\/p>\n\n\n\n<p>1990&#039;da, Mihail Gorba\u00e7ov&#039;un reformlar\u0131 Moskova&#039;n\u0131n etkisini gev\u015fettik\u00e7e, ba\u011f\u0131ms\u0131zl\u0131k yanl\u0131s\u0131 duygular Askar Akayev&#039;in ba\u015fkan se\u00e7ilmesine yol a\u00e7t\u0131. 31 A\u011fustos 1991&#039;de K\u0131rg\u0131zistan Sovyetler Birli\u011fi&#039;nden ba\u011f\u0131ms\u0131zl\u0131\u011f\u0131n\u0131 ilan etti. Cumhuriyet anayasas\u0131n\u0131 ayarlad\u0131, \u0130ngilizce ve Rus\u00e7a yaz\u0131mlar\u0131n\u0131 K\u0131rg\u0131zca yerel ismine uyacak \u015fekilde de\u011fi\u015ftirdi ve ba\u015fkentin yerel ad\u0131 olan Bi\u015fkek&#039;i geri getirdi.<\/p>\n\n\n\n<p>K\u0131rg\u0131zistan ba\u011f\u0131ms\u0131zl\u0131\u011f\u0131nda g\u00fc\u00e7l\u00fc bir ba\u015fkanl\u0131k modeli benimsedi. Akayev&#039;in giderek otoriterle\u015fen g\u00f6rev s\u00fcresinden duyulan ho\u015fnutsuzluk, Kurmanbek Bakiyev&#039;i iktidara getiren 2005 &#034;Lale Devrimi&#034;ni te\u015fvik etti. Bakiyev&#039;in y\u00f6netimi de anayasal anla\u015fmazl\u0131klar ve se\u00e7im usuls\u00fczl\u00fc\u011f\u00fc iddialar\u0131yla bo\u011fu\u015ftu. 2010 y\u0131l\u0131nda, halk\u0131n huzursuzlu\u011fu daha fazla ge\u00e7i\u015fe yol a\u00e7t\u0131 ve parlamento-ba\u015fkanl\u0131k melezi ortaya \u00e7\u0131kt\u0131. Sonraki on y\u0131lda, y\u00fcr\u00fctme ve yasama organlar\u0131 aras\u0131ndaki de\u011fi\u015fen g\u00fc\u00e7 dengeleri, 2021&#039;deki reformlar bask\u0131n bir ba\u015fkanl\u0131k rol\u00fcn\u00fc geri getirene kadar yar\u0131 ba\u015fkanl\u0131k d\u00fczenlemesini \u00fcretti. Bu d\u00f6nem boyunca, \u00f6zellikle K\u0131rg\u0131z ve \u00d6zbek topluluklar\u0131 aras\u0131ndaki etnik gerginlikler g\u00fcney illerinde alevlenirken, ekonomik s\u0131k\u0131nt\u0131lar ve tart\u0131\u015fmal\u0131 se\u00e7imler periyodik protestolar\u0131 tetikledi.<\/p>\n\n\n\n<p>K\u0131rg\u0131zistan&#039;\u0131n yakla\u015f\u0131k &#039;i rak\u0131mda 1.500 metrenin \u00fczerindedir. Da\u011f zirveleri genellikle 7.000 metreyi a\u015far; Jengish Chokusu (eski ad\u0131yla Peak Pobeda) \u00c7in s\u0131n\u0131r\u0131nda 7.439 metreye ula\u015f\u0131r ve d\u00fcnyan\u0131n 7.000 metrenin \u00fczerindeki en kuzey zirvesini i\u015faretler. S\u0131rtlar aras\u0131nda k\u0131vr\u0131lan vadiler (\u00f6zellikle Naryn ve Kara Darya nehirleri) Syr Darya&#039;y\u0131 besler; bu nehir, sular\u0131 a\u015fa\u011f\u0131 ak\u0131\u015f eyaletlerinde sulu pamuk ekimi i\u00e7in y\u00f6nlendirilmeden \u00f6nce bir zamanlar Aral Denizi&#039;ne ula\u015f\u0131rd\u0131. Chu Nehri, Kazakistan&#039;a devam etmeden \u00f6nce kuzeyi ge\u00e7er. Yo\u011fun k\u0131\u015f kar ya\u011f\u0131\u015f\u0131, nehir k\u0131y\u0131lar\u0131n\u0131 yeniden \u015fekillendiren ve a\u015fa\u011f\u0131 ak\u0131\u015ftaki yerle\u015fim yerlerini tehdit eden ilkbahar ta\u015fk\u0131nlar\u0131n\u0131 tetiklerken, ak\u0131\u015f \u00e7ok say\u0131da hidroelektrik santralini besler.<\/p>\n\n\n\n<p>Tanr\u0131 Da\u011flar\u0131&#039;n\u0131n kuzeydo\u011fu kesiminde 1.607 metre rak\u0131mda bulunan tuzlu bir g\u00f6l olan Iss\u0131k G\u00f6l, Titicaca G\u00f6l\u00fc&#039;nden sonra d\u00fcnyan\u0131n en b\u00fcy\u00fck ikinci da\u011f g\u00f6l\u00fcd\u00fcr. K\u0131rg\u0131zca&#039;da &#034;s\u0131cak g\u00f6l&#034; anlam\u0131na gelen ad\u0131, dondurucu hava s\u0131cakl\u0131klar\u0131na ra\u011fmen k\u0131\u015f buzunun olmamas\u0131n\u0131 yans\u0131t\u0131r. Ekili araziler toplam alan\u0131n y\u00fczde 8&#039;inden daha az\u0131n\u0131 olu\u015fturur; ekilebilir araziler kuzey ovalar\u0131nda ve Fergana Havzas\u0131&#039;n\u0131n kenarlar\u0131nda yo\u011funla\u015f\u0131r. \u0130\u011fne yaprakl\u0131 a\u011fa\u00e7l\u0131kl\u0131 ormanl\u0131k yama\u00e7lar, alpin \u00e7ay\u0131rlara, yar\u0131 \u00e7\u00f6l eteklerine ve daha d\u00fc\u015f\u00fck rak\u0131mlarda \u00e7\u00f6llere yer vererek yedi farkl\u0131 karasal ekosistemi destekler. 2019 itibar\u0131yla, k\u00fcresel bir ara\u015ft\u0131rma K\u0131rg\u0131zistan&#039;\u0131 orman manzaras\u0131 b\u00fct\u00fcnl\u00fc\u011f\u00fc a\u00e7\u0131s\u0131ndan on \u00fc\u00e7\u00fcnc\u00fc s\u0131raya yerle\u015ftirdi.<\/p>\n\n\n\n<p>K\u0131tasal etkiler bask\u0131nd\u0131r, ancak y\u00fckseklik b\u00f6lgesel z\u0131tl\u0131klar\u0131 y\u00f6nlendirir. Fergana Vadisi, yaz y\u00fcksekliklerinin 40 \u00b0C&#039;ye yakla\u015ft\u0131\u011f\u0131 ve \u0131l\u0131man k\u0131\u015flar\u0131n ya\u015fand\u0131\u011f\u0131 subtropikal s\u0131cakl\u0131klar ya\u015far. Kuzey etekleri \u0131l\u0131man ko\u015fullara sahiptir. Y\u00fcksek aral\u0131klarda, ko\u015fullar kuru k\u0131tasaldan kutuplara kadar de\u011fi\u015fir; kar, y\u0131l\u0131n b\u00fcy\u00fck b\u00f6l\u00fcm\u00fcnde 3.000 metrenin \u00fczerinde kal\u0131r. K\u0131\u015flar, a\u00e7\u0131k alanlarda -20 \u00b0C&#039;nin alt\u0131nda s\u0131cakl\u0131klar sunabilir ve bu da baz\u0131 al\u00e7ak havzalarda bir aydan uzun s\u00fcren d\u00f6nemler boyunca yo\u011fun kar \u00f6rt\u00fcs\u00fcne neden olabilir. Ovalarda, Ocak ortalamalar\u0131 yakla\u015f\u0131k -6 \u00b0C iken, Temmuz ay\u0131nda ortalama 24 \u00b0C gelir.<\/p>\n\n\n\n<p>K\u0131rg\u0131zistan, b\u00f6lgesel yarg\u0131 yetkisi d\u0131\u015f\u0131nda faaliyet g\u00f6steren yedi b\u00f6lgeye (oblustar) ve ulusal \u00f6neme sahip iki \u015fehre (Bi\u015fkek ve O\u015f) ayr\u0131l\u0131r. B\u00f6lgeler, her biri b\u00f6lgesel otoriteler arac\u0131l\u0131\u011f\u0131yla cumhurba\u015fkan\u0131 taraf\u0131ndan atanan bir vali (akim) taraf\u0131ndan denetlenen k\u0131rk d\u00f6rt il\u00e7eye (aymaktar) ayr\u0131l\u0131r. \u0130l\u00e7eler ayr\u0131ca ayr\u0131 belediye stat\u00fcs\u00fcnden yoksun k\u00f6yleri kapsayan k\u0131rsal belediyelere (ayyl \u00f6km\u00f6t\u00fc) ayr\u0131l\u0131r. B\u00f6lgeler \u015funlard\u0131r: Batken, Ch\u00fcy, Celal-Abad, Naryn, O\u015f, Talas ve Issyk-Kul. Her b\u00f6lge, Naryn&#039;in da\u011fl\u0131k uzakl\u0131\u011f\u0131ndan Ch\u00fcy&#039;\u00fcn tar\u0131msal alanlar\u0131na kadar farkl\u0131 manzaralar\u0131 ve ekonomik profilleri yans\u0131t\u0131r.<\/p>\n\n\n\n<p>K\u0131rg\u0131zistan, \u0130nsani Geli\u015fme Endeksi&#039;nde 117. s\u0131rada yer al\u0131yor ve Tacikistan&#039;dan sonra Orta Asya \u00fclkeleri aras\u0131nda en fakir ikinci \u00fclke konumunda. Ge\u00e7i\u015f ekonomisi b\u00fcy\u00fck \u00f6l\u00e7\u00fcde mineral ihracat\u0131na -\u00f6zellikle alt\u0131n, k\u00f6m\u00fcr ve uranyum- ve yurtd\u0131\u015f\u0131nda, \u00e7o\u011funlukla Rusya&#039;da \u00e7al\u0131\u015fan tahmini 800.000 K\u0131rg\u0131z&#039;\u0131n para transferlerine dayan\u0131yor. Devlet bankas\u0131 olan K\u0131rg\u0131z Cumhuriyeti Ulusal Bankas\u0131, para bas\u0131m\u0131n\u0131 -K\u0131rg\u0131z somu (KGS)- y\u00f6netiyor ve para politikas\u0131n\u0131 mali reformlarla uyumlu hale getiriyor. Sovyetlerin \u00e7\u00f6k\u00fc\u015f\u00fcnden sonra ihracat pazarlar\u0131 buharla\u015ft\u0131 ve ac\u0131 verici ayarlamalar zorlad\u0131: fiyat s\u00fcbvansiyonlar\u0131n\u0131n durdurulmas\u0131, katma de\u011fer vergisi getirilmesi ve kamu harcamalar\u0131n\u0131n azalt\u0131lmas\u0131. 20 Aral\u0131k 1998&#039;de D\u00fcnya Ticaret \u00d6rg\u00fct\u00fc&#039;ne kat\u0131l\u0131m, liberalle\u015fmeye olan ba\u011fl\u0131l\u0131\u011f\u0131n bir i\u015faretiydi.<\/p>\n\n\n\n<p>Tar\u0131m, 2002&#039;de GSY\u0130H&#039;n\u0131n &#039;inden fazlas\u0131na katk\u0131da bulundu ve i\u015f g\u00fcc\u00fcn\u00fcn yakla\u015f\u0131k yar\u0131s\u0131n\u0131 istihdam etti. Hayvanc\u0131l\u0131k, koyun, s\u0131\u011f\u0131r ve atlar\u0131n da\u011f meralar\u0131nda yeti\u015ftirildi\u011fi, y\u00fcn, et ve s\u00fct \u00fcr\u00fcnleri \u00fcreten bask\u0131n bir sekt\u00f6rd\u00fcr. Tar\u0131msal \u00fcretim bu\u011fday, \u015feker pancar\u0131, patates, pamuk ve t\u00fct\u00fcne odaklan\u0131r, ancak tar\u0131msal kimyasallar ve yak\u0131t i\u00e7in y\u00fcksek ithalat maliyetleri mekanizasyonu s\u0131n\u0131rlar ve bir\u00e7ok k\u00fc\u00e7\u00fck \u00e7ift\u00e7inin at ve el eme\u011fi istihdam etmesine neden olur. Tar\u0131msal \u00fcr\u00fcnlerin i\u015flenmesi, \u00f6zellikle s\u00fct, et ve pamukta, yat\u0131r\u0131m f\u0131rsatlar\u0131 sunar.<\/p>\n\n\n\n<p>Maden zenginli\u011fi metalurjiyi destekler: Kumtor madenindeki alt\u0131n \u00e7\u0131kar\u0131m\u0131, \u00e7evresel kayg\u0131lara ra\u011fmen yabanc\u0131 ortaklar \u00e7ekmi\u015ftir. Hidroelektrik geli\u015ftirme, ihra\u00e7 edilebilir elektri\u011fi geni\u015fletme potansiyeliyle da\u011f ak\u0131\u015f\u0131n\u0131 kullan\u0131r. Petrol ve do\u011fal gaz rezervleri \u00f6nemsizdir ve bu da i\u00e7 ihtiya\u00e7lar\u0131 kar\u015f\u0131lamak i\u00e7in ithalat\u0131 te\u015fvik eder.<\/p>\n\n\n\n<p>A\u011fustos 2020 itibar\u0131yla n\u00fcfus yakla\u015f\u0131k 6,59 milyona ula\u015fm\u0131\u015f olup, bunlar\u0131n ,4&#039;\u00fc 15 ya\u015f\u0131n alt\u0131nda ve %6,2&#039;si 65 ya\u015f\u0131n \u00fczerindeydi; kent sakinleri toplam\u0131n yakla\u015f\u0131k \u00fc\u00e7te birini olu\u015fturuyor ve kilometrekare ba\u015f\u0131na ortalama 25 ki\u015fi yo\u011funlu\u011fu sa\u011fl\u0131yor. Etnik K\u0131rg\u0131zlar ,8&#039;i olu\u015fturuyor; \u00d6zbekler \u00e7o\u011funlukla g\u00fcneyde ,2&#039;yi olu\u015fturuyor; Ruslar %3,8&#039;i olu\u015fturuyor ve Bi\u015fkek ve \u00c7\u00fcy \u00e7evresinde yo\u011funla\u015f\u0131yor. Daha k\u00fc\u00e7\u00fck gruplar aras\u0131nda Dunganlar, Tacikler, Uygurlar, Kazaklar ve di\u011ferleri yer al\u0131yor ve 80&#039;den fazla farkl\u0131 toplulu\u011fu bir araya getiriyor. Ba\u011f\u0131ms\u0131zl\u0131ktan bu yana, etnik K\u0131rg\u0131zlar\u0131n oran\u0131 1979&#039;da yakla\u015f\u0131k &#039;den 2013&#039;te &#039;in \u00fczerine \u00e7\u0131kt\u0131; \u00e7\u00fcnk\u00fc bir\u00e7ok Rus, Ukraynal\u0131 ve Alman g\u00f6\u00e7 etti.<\/p>\n\n\n\n<p>K\u0131rg\u0131zlar geleneksel olarak mevsimlik hayvanc\u0131l\u0131k yap\u0131yor, yaz\u0131n hayvanlar\u0131 yayla meralar\u0131na (jailoo) ta\u015f\u0131yor ve yurt ad\u0131 verilen ta\u015f\u0131nabilir yuvarlak \u00e7ad\u0131rlarda ya\u015f\u0131yorlard\u0131. \u00d6zbekler ve Tacikler ise aksine Fergana ovas\u0131nda sulu tar\u0131mla u\u011fra\u015f\u0131yorlard\u0131. Kentsel g\u00f6\u00e7 artarken, bu kal\u0131plar k\u0131rsal alanlarda devam ediyor. 2024 K\u00fcresel A\u00e7l\u0131k Endeksi&#039;nde K\u0131rg\u0131zistan 127 \u00fclke aras\u0131nda 36. s\u0131rada yer ald\u0131 ve 6,8 puan\u0131 d\u00fc\u015f\u00fck a\u00e7l\u0131k olarak s\u0131n\u0131fland\u0131r\u0131ld\u0131.<\/p>\n\n\n\n<p>T\u00fcrk\u00e7e&#039;nin K\u0131p\u00e7ak koluna ba\u011fl\u0131 K\u0131rg\u0131zca resmi dil olarak hizmet veriyor; Rus\u00e7a 2000&#039;den beri e\u015f-resmi stat\u00fcde. K\u0131rg\u0131zca, 1941&#039;de tan\u0131t\u0131lan Kiril alfabesini kullan\u0131yor. Kom\u015fu Kazakistan&#039;\u0131n ge\u00e7i\u015finden modellenen Latin tabanl\u0131 bir reform tart\u0131\u015f\u0131l\u0131yor; Rusya, Nisan 2023&#039;te dil komisyonu ba\u015fkan\u0131 Latin alfabesine ge\u00e7i\u015fi \u00f6nerdikten sonra s\u00fct \u00fcr\u00fcnleri ihracat\u0131n\u0131 ask\u0131ya ald\u0131. Ulusal yay\u0131n ve bas\u0131l\u0131 medya her iki dilde de faaliyet g\u00f6steriyor, ancak Moskova taraf\u0131ndan desteklenen Rus kurulu\u015flar\u0131 \u00f6zellikle kentsel ve kuzey b\u00f6lgelerinde g\u00fc\u00e7l\u00fc bir izleyici kitlesine sahip. Bi\u015fkek&#039;te 2020 anket verileri, hanelerin ,6&#039;s\u0131n\u0131n evde Rus\u00e7a, ,6&#039;s\u0131n\u0131n K\u0131rg\u0131zca; \u00fclke \u00e7ap\u0131nda ,9&#039;unun i\u00e7eride K\u0131rg\u0131zca kulland\u0131\u011f\u0131n\u0131 g\u00f6sterdi. \u0130\u015f ve resmi g\u00f6r\u00fc\u015fmeler s\u0131kl\u0131kla Rus\u00e7a yap\u0131l\u0131yor, ancak parlamento oturumlar\u0131 art\u0131k e\u015f zamanl\u0131 terc\u00fcmeyle K\u0131rg\u0131zcaya varsay\u0131lan olarak ge\u00e7iyor.<\/p>\n\n\n\n<p>\u0130slam bask\u0131nd\u0131r: CIA World Factbook&#039;un 2017&#039;deki tahminine g\u00f6re vatanda\u015flar\u0131n &#039;\u0131 kendini M\u00fcsl\u00fcman olarak tan\u0131ml\u0131yor, \u00e7o\u011funlukla mezhepsiz veya Hanefi mezhebine ba\u011fl\u0131 S\u00fcnni. Ancak 2012&#039;deki kendini tan\u0131mlama anketleri &#039;\u00fcn\u00fcn sadece &#034;M\u00fcsl\u00fcman&#034; oldu\u011funu, sadece &#039;\u00fcn\u00fcn S\u00fcnni oldu\u011funu buldu. Sovyet d\u00f6neminde ateizm resmi olarak egemendi; ba\u011f\u0131ms\u0131zl\u0131ktan bu yana dini uygulamalar ve cami in\u015faat\u0131 artt\u0131 ve buna manevi de\u011ferlerin yeniden canland\u0131r\u0131lmas\u0131 \u00e7a\u011fr\u0131lar\u0131 e\u015flik etti. 2009 Pew raporuna g\u00f6re \u0130slam&#039;a ba\u011fl\u0131l\u0131k ,3 olarak kaydedildi. K\u00fc\u00e7\u00fck Hristiyan az\u0131nl\u0131klar (\u00e7o\u011funlukla Rus Ortodoks, Ukraynal\u0131 Ortodoks, L\u00fcterci, Anabaptist ve Roma Katolik) yakla\u015f\u0131k %7&#039;yi olu\u015fturuyor. Yehova&#039;n\u0131n \u015eahitleri&#039;nin say\u0131s\u0131 5.000 ila 10.000 aras\u0131ndad\u0131r. Ba\u015fta Buhara ve A\u015fkenazi olmak \u00fczere bir avu\u00e7 Yahudi kalm\u0131\u015ft\u0131r. Kutsal a\u011fa\u00e7lara dua bayra\u011f\u0131 ba\u011flama gibi Budizm k\u00f6kenli adetlerin yan\u0131 s\u0131ra halk ve tasavvuf gelenekleri de varl\u0131\u011f\u0131n\u0131 s\u00fcrd\u00fcr\u00fcyor.<\/p>\n\n\n\n<p>Alp topografyas\u0131 yollar\u0131 dar vadilere ve y\u00fcksek ge\u00e7itlere (genellikle 3.000 metrenin \u00fczerinde) hapseder ve \u00e7\u0131\u011f ve heyelanlara maruz kal\u0131r. Asya Kalk\u0131nma Bankas\u0131 deste\u011fiyle tamamlanan Bi\u015fkek ve O\u015f&#039;u birbirine ba\u011flayan modern bir kuzey-g\u00fcney otoyolu, Ch\u00fcy ve Fergana vadileri aras\u0131ndaki eri\u015fimi iyile\u015ftirdi. \u00c7in&#039;e do\u011fru do\u011fuya do\u011fru bir dal i\u00e7in planlar var. Toplam yol uzunlu\u011fu yakla\u015f\u0131k 34.000 km&#039;dir ve bunun 22.600 km&#039;si asfaltlanm\u0131\u015ft\u0131r; 7.700 km&#039;yi olu\u015fturan asfaltlanmam\u0131\u015f b\u00f6l\u00fcmler \u0131slak ko\u015fullarda tehlikeli hale gelir.<\/p>\n\n\n\n<p>Daha sonraki s\u0131n\u0131rlar dikkate al\u0131nmadan in\u015fa edilen demir yolu altyap\u0131s\u0131, \u00d6zbekistan ve Kazakistan ile kopan ba\u011flant\u0131lar nedeniyle seyrek kullan\u0131lan yakla\u015f\u0131k 370 km&#039;lik geni\u015f hatl\u0131 yolu kaps\u0131yor. 2022&#039;de k\u00f6m\u00fcr ta\u015f\u0131mak i\u00e7in Balykchy&#039;den Karakeche&#039;ye 186 km&#039;lik bir uzant\u0131 \u00fczerinde \u00e7al\u0131\u015fmalar ba\u015flad\u0131; Haziran 2023&#039;e kadar Balykchy-Bi\u015fkek hatt\u0131 a\u00e7\u0131ld\u0131. Ku\u015fak ve Yol Giri\u015fimi&#039;nin bir par\u00e7as\u0131 olan \u00c7in-K\u0131rg\u0131zistan-\u00d6zbekistan Demiryolu&#039;nun, \u00fc\u00e7 eyalette 523 km&#039;lik bir alan\u0131 kaplayan Temmuz 2025&#039;te in\u015faat\u0131na ba\u015flamas\u0131 planlan\u0131yor.<\/p>\n\n\n\n<p>Hava yolculu\u011fu, Moskova, Almat\u0131, \u0130stanbul ve Dubai&#039;ye rotalar sunan Bi\u015fkek yak\u0131nlar\u0131ndaki Manas Uluslararas\u0131 Havaalan\u0131&#039;nda yo\u011funla\u015f\u0131yor; O\u015f Havaalan\u0131 ba\u015fkente g\u00fcnl\u00fck seferler ve b\u00fcy\u00fck Rus ve Orta Asya \u015fehirlerine u\u00e7u\u015flar sunuyor. Celal-Abad, Bi\u015fkek&#039;e ve Issyk-Kul&#039;a mevsimsel seferler d\u00fczenliyor. Bir\u00e7ok Sovyet d\u00f6nemi hava alan\u0131 hala aktif de\u011fil veya askeri kullan\u0131ma kapal\u0131. K\u0131rg\u0131z ta\u015f\u0131y\u0131c\u0131lar\u0131 g\u00fcvenlik endi\u015feleri nedeniyle Avrupa Birli\u011fi&#039;nin yasakl\u0131 listesinde yer al\u0131yor.<\/p>\n\n\n\n<p>Da\u011f manzaralar\u0131, da\u011f g\u00f6lleri ve k\u00fclt\u00fcrel miras alanlar\u0131 K\u0131rg\u0131zistan&#039;\u0131n \u00e7ekicili\u011fini tan\u0131mlar. Iss\u0131k G\u00f6l&#039;\u00fcn kuzey k\u0131y\u0131s\u0131nda \u00c7olpon Ata, Kara Oi ve Bosteri&#039;de tatil k\u00f6yleri bulunur; y\u0131ll\u0131k ziyaret\u00e7i say\u0131s\u0131, b\u00f6lgesel istikrars\u0131zl\u0131k say\u0131lar\u0131 azaltmadan \u00f6nce 2006-07&#039;de bir milyonun \u00fczerine \u00e7\u0131kt\u0131. Alay Vadisi ve Son G\u00f6l G\u00f6l\u00fc yaz g\u00f6\u00e7ebeli\u011fi s\u0131ras\u0131nda \u00e7obanlar\u0131 ve y\u00fcr\u00fcy\u00fc\u015f\u00e7\u00fcleri cezbeder. Sar\u0131 \u00c7elek Do\u011fa Koruma Alan\u0131, buzul g\u00f6lleri ve karma ormanlar aras\u0131nda y\u00fcr\u00fcy\u00fc\u015f imkan\u0131 sunar. On be\u015finci y\u00fczy\u0131ldan kalma Ta\u015f Rabat ta\u015f kervansaray\u0131, eski \u0130pek Yolu g\u00fczergahlar\u0131 \u00fczerinde yer al\u0131r. Tokmok yak\u0131nlar\u0131ndaki onuncu y\u00fczy\u0131ldan kalma bir minare olan Burana Kulesi, Balasagun ba\u015fkentini an\u0131msat\u0131r. Bi\u015fkek&#039;e yar\u0131m saat uzakl\u0131ktaki Ala Archa Milli Park\u0131, 4.000 metrenin \u00fczerinde zirvelere ve i\u015faretli patikalara sahiptir.<\/p>\n\n\n\n<p>\u015eehir ziyaret\u00e7ileri Bi\u015fkek&#039;in Sovyet d\u00f6neminden kalma meydanlar\u0131n\u0131, m\u00fczelerini ve \u00e7ar\u015f\u0131s\u0131n\u0131 ke\u015ffeder; O\u015f&#039;un geni\u015f a\u00e7\u0131k hava pazar\u0131, \u00fclkenin tek UNESCO D\u00fcnya Miras\u0131 Alan\u0131 olan S\u00fcleyman-Too yak\u0131nlar\u0131nda her g\u00fcn faaliyet g\u00f6sterir. Ceviz ormanlar\u0131 ve \u0130slami hac yolculuklar\u0131yla bilinen Arslanbob veya Song-Kul y\u00fcr\u00fcy\u00fc\u015flerine a\u00e7\u0131lan bir kap\u0131 olan Kochkor gibi k\u0131rsal yerle\u015fimler, yerel el sanatlar\u0131n\u0131 ve pastoral ya\u015fam tarzlar\u0131n\u0131 sergiler. Gezginler yurtlarda kalabilir, be\u015fbarmak ve mant\u0131 deneyebilir ve binicilik sporlar\u0131, m\u00fczik ve s\u00f6zl\u00fc \u015fiirlerin sergilendi\u011fi festivallere kat\u0131labilir. Avc\u0131l\u0131k, bal\u0131k\u00e7\u0131l\u0131k ve helikopterli kayak hizmetleri de se\u00e7ili vadilerde faaliyet g\u00f6sterir.<\/p>\n\n\n\n<p>Bat\u0131l\u0131la\u015fm\u0131\u015f sosyal normlar\u0131 g\u00f6z \u00f6n\u00fcne al\u0131nd\u0131\u011f\u0131nda -nominal M\u00fcsl\u00fcman \u00e7o\u011funlu\u011fa ra\u011fmen- \u015fehirlerde k\u0131yafet kurallar\u0131 gev\u015fek kal\u0131rken, g\u00fcney k\u0131rsal b\u00f6lgelerinde muhafazakar giyim tavsiye edilir. Son y\u0131llarda k\u00fc\u00e7\u00fck su\u00e7lar artt\u0131; \u015fehir merkezlerinde karanl\u0131kta dikkatli olunmas\u0131 \u00f6nerilir. Acil servisler 101 (itfaiye), 102 (polis) ve 103 (t\u0131bbi) numaralar\u0131ndan yan\u0131t verir ve uluslararas\u0131 arama kodu +996&#039;d\u0131r.<\/p>\n\n\n\n<p>K\u0131rg\u0131zistan, engebeli co\u011frafyas\u0131n\u0131 kal\u0131c\u0131 k\u00fclt\u00fcrel uygulamalar ve imparatorluk ve devrimle \u015fekillenen bir tarihle dengeliyor. Ekonomisi, hidroelektrik ve turizm yoluyla \u00e7e\u015fitlilik ararken para transferlerine ve madencilik end\u00fcstrilerine ba\u011f\u0131ml\u0131l\u0131\u011f\u0131 m\u00fczakere ediyor. Dilsel ikilik, karma\u015f\u0131k kimlikleri vurguluyor ve dini ya\u015fam, gelene\u011fi laik y\u00f6netimle harmanl\u0131yor. B\u00f6lgesel entegrasyon projeleri yakla\u015f\u0131rken bile, ula\u015f\u0131m iyile\u015ftirmeleri da\u011fl\u0131k u\u00e7urumlar\u0131 kapatmaya devam ediyor. Ge\u00e7itlerini ve vadilerini ge\u00e7enler i\u00e7in K\u0131rg\u0131zistan, hem zorlu hem de zorlay\u0131c\u0131 bir manzara sunuyor, halk\u0131 kadar konturlar\u0131yla da tan\u0131mlanan bir cumhuriyet.<\/p>","protected":false},"excerpt":{"rendered":"<p>Orta Asya&#039;da bulunan K\u0131rg\u0131zistan, b\u00f6lgenin derin tarihini ve \u00e7arp\u0131c\u0131 do\u011fal manzaralar\u0131n\u0131 \u00f6rneklemektedir. Resmen K\u0131rg\u0131z Cumhuriyeti olarak adland\u0131r\u0131lan bu karayla \u00e7evrili \u00fclke, Tian Shan ve Pamir da\u011flar\u0131nda stratejik bir konumda yer almaktad\u0131r. 7 milyondan fazla n\u00fcfusuyla K\u0131rg\u0131zistan&#039;\u0131n siyasi ve ticari merkezi, ba\u015fkent ve en b\u00fcy\u00fck \u015fehir olan Bi\u015fkek&#039;tir. Kuzeyde Kazakistan; bat\u0131da \u00d6zbekistan; g\u00fcneyde Tacikistan; do\u011fuda ve g\u00fcneydo\u011fuda \u00c7in ile s\u0131n\u0131r kom\u015fusu olan \u00fclke, bu uluslar\u0131n her biriyle s\u0131n\u0131r kom\u015fusudur, dolay\u0131s\u0131yla bir\u00e7ok medeniyetin ve etkinin kesi\u015fti\u011fi noktadad\u0131r.<\/p>","protected":false},"author":1,"featured_media":3487,"parent":24063,"menu_order":0,"comment_status":"closed","ping_status":"closed","template":"elementor_theme","meta":{"_eb_attr":"","footnotes":""},"class_list":["post-14785","page","type-page","status-publish","has-post-thumbnail"],"_links":{"self":[{"href":"https:\/\/travelshelper.com\/tr\/wp-json\/wp\/v2\/pages\/14785","targetHints":{"allow":["GET"]}}],"collection":[{"href":"https:\/\/travelshelper.com\/tr\/wp-json\/wp\/v2\/pages"}],"about":[{"href":"https:\/\/travelshelper.com\/tr\/wp-json\/wp\/v2\/types\/page"}],"author":[{"embeddable":true,"href":"https:\/\/travelshelper.com\/tr\/wp-json\/wp\/v2\/users\/1"}],"replies":[{"embeddable":true,"href":"https:\/\/travelshelper.com\/tr\/wp-json\/wp\/v2\/comments?post=14785"}],"version-history":[{"count":0,"href":"https:\/\/travelshelper.com\/tr\/wp-json\/wp\/v2\/pages\/14785\/revisions"}],"up":[{"embeddable":true,"href":"https:\/\/travelshelper.com\/tr\/wp-json\/wp\/v2\/pages\/24063"}],"wp:featuredmedia":[{"embeddable":true,"href":"https:\/\/travelshelper.com\/tr\/wp-json\/wp\/v2\/media\/3487"}],"wp:attachment":[{"href":"https:\/\/travelshelper.com\/tr\/wp-json\/wp\/v2\/media?parent=14785"}],"curies":[{"name":"wp","href":"https:\/\/api.w.org\/{rel}","templated":true}]}}