{"id":14764,"date":"2024-09-20T09:03:31","date_gmt":"2024-09-20T09:03:31","guid":{"rendered":"https:\/\/travelshelper.com\/staging\/?page_id=14764"},"modified":"2026-03-11T18:19:15","modified_gmt":"2026-03-11T18:19:15","slug":"kuveyt","status":"publish","type":"page","link":"https:\/\/travelshelper.com\/tr\/destinations\/asia\/kuwait\/","title":{"rendered":"Kuveyt"},"content":{"rendered":"<p>Kuveyt, Arap Yar\u0131madas\u0131&#039;n\u0131n Basra K\u00f6rfezi ile birle\u015fti\u011fi ince bir \u00e7\u00f6l \u015feridini kaplar. Kuzey s\u0131n\u0131r\u0131 Irak&#039;a biti\u015fikken, Suudi Arabistan g\u00fcneyde yer al\u0131r; yakla\u015f\u0131k 500 km&#039;lik k\u0131y\u0131 \u015feridinin \u00f6tesinde k\u00f6rfez sular\u0131n\u0131n kar\u015f\u0131s\u0131nda \u0130ran&#039;la kar\u015f\u0131 kar\u015f\u0131yad\u0131r. M\u00fctevaz\u0131 kara alan\u0131na ra\u011fmen (d\u00fcnyan\u0131n en k\u00fc\u00e7\u00fck devletlerinden biri) Kuveyt, b\u00f6lgesel bir ticaret, k\u00fclt\u00fcr ve enerji ba\u011flant\u0131s\u0131na sahiptir. 4,82 milyonluk n\u00fcfusunun neredeyse tamam\u0131, sadece 1,53 milyonunun vatanda\u015f oldu\u011fu ve geri kalan\u0131n\u0131n y\u00fczlerce \u00fclkeden geldi\u011fi Kuveyt \u015eehri&#039;nin metropol yay\u0131l\u0131m\u0131nda yo\u011funla\u015fm\u0131\u015ft\u0131r. Bu ola\u011fan\u00fcst\u00fc demografik kar\u0131\u015f\u0131m, Kuveyt&#039;i d\u00fcnyan\u0131n en fazla g\u00f6\u00e7mene ba\u011f\u0131ml\u0131 toplumlar\u0131 aras\u0131na yerle\u015ftirmektedir.<\/p>\n\n\n\n<p>B\u00f6lgedeki insan varl\u0131\u011f\u0131, Dicle ve F\u0131rat&#039;\u0131n a\u011f\u0131zlar\u0131na yak\u0131n deniz eri\u015fimiyle antik \u00e7a\u011flara kadar uzan\u0131yor. On sekizinci y\u00fczy\u0131l\u0131n ba\u015flar\u0131nda kabile otoritesi Bani Halid emirli\u011fi alt\u0131nda de\u011fi\u015fti; k\u0131sa bir s\u00fcre sonra yerel liderlik El Sabah ailesi alt\u0131nda birle\u015fti ve 1899&#039;da Kuveyt, askeri g\u00fcvenlik kar\u015f\u0131l\u0131\u011f\u0131nda d\u0131\u015f politika kontrol\u00fcn\u00fc devreden \u0130ngiltere ile bir himaye anla\u015fmas\u0131 imzalad\u0131. M\u00fctevaz\u0131 bir ticaret liman\u0131, 1938&#039;de Burgan&#039;da ticari petrol bulunana kadar \u015feyhli\u011fi ayakta tuttu. \u0130hracat 1946&#039;da ba\u015flad\u0131 ve sonraki on y\u0131llarda modernle\u015fme dalgas\u0131n\u0131 finanse etti. Tam egemenlik, antla\u015fman\u0131n feshedilmesiyle Haziran 1961&#039;de geldi ve devlet kurumlar\u0131, 1980&#039;lerin ba\u015f\u0131nda borsa t\u00fcrb\u00fclans\u0131 zemininde \u015fekillendi.<\/p>\n\n\n\n<p>Saddam H\u00fcseyin komutas\u0131ndaki Irak kuvvetleri, \u00fcretim anla\u015fmazl\u0131klar\u0131 ve toprak iddialar\u0131n\u0131 gerek\u00e7e g\u00f6stererek 2 A\u011fustos 1990&#039;da Kuveyt&#039;i i\u015fgal etti ve ilhak etti. ABD \u00f6nc\u00fcl\u00fc\u011f\u00fcndeki bir koalisyon, 26 \u015eubat 1991&#039;de sona eren k\u0131sa bir kara harek\u00e2t\u0131yla \u00fclkeyi kurtard\u0131. Bu tarih, art\u0131k Kurtulu\u015f G\u00fcn\u00fc olarak an\u0131l\u0131yor. Yeniden in\u015fa maliyeti be\u015f milyar ABD dolar\u0131n\u0131 a\u015ft\u0131 ve esas olarak petrol altyap\u0131s\u0131n\u0131n onar\u0131lmas\u0131na ve 500&#039;den fazla kas\u0131tl\u0131 petrol kuyusu yang\u0131n\u0131n\u0131n ekolojik sonu\u00e7lar\u0131n\u0131n ele al\u0131nmas\u0131na odakland\u0131. Bu yang\u0131nlar yakla\u015f\u0131k 35,7 km\u00b2&#039;lik petrol g\u00f6lleri yaratt\u0131, do\u011fu \u00e7\u00f6l alanlar\u0131n\u0131 ya\u015fanmaz hale getirdi ve k\u0131y\u0131 \u015feritlerini deniz ekosistemlerini yok eden hidrokarbon kal\u0131nt\u0131lar\u0131yla lekeledi.<\/p>\n\n\n\n<p>Kuveyt bir emirlik olmaya devam ediyor: iktidardaki El Sabah ailesi en y\u00fcksek makamlar\u0131 i\u015fgal ediyor ve emir, kal\u0131tsal y\u00f6netimi se\u00e7ilmi\u015f bir Ulusal Meclis ile birle\u015ftiren bir anayasa alt\u0131nda devlet ba\u015fkan\u0131 olarak g\u00f6rev yap\u0131yor. Maliki S\u00fcnni okulunun \u0130slam&#039;\u0131, vatanda\u015flar\u0131n tahmini \u00fc\u00e7te ikisi taraf\u0131ndan uygulanan resmi inan\u00e7t\u0131r; \u015eii M\u00fcsl\u00fcmanlar geri kalan\u0131n \u00e7o\u011funu olu\u015fturur. \u00d6nemli bir gurbet\u00e7i n\u00fcfusu, Kerala k\u00f6kenli Hristiyanlar\u0131n sakinlerin yakla\u015f\u0131k &#039;ini olu\u015fturdu\u011fu Hristiyan, Hindu, Sih ve Budist topluluklar\u0131n\u0131 tan\u0131t\u0131yor. Resmi dil Modern Standart Arap\u00e7a&#039;d\u0131r; konu\u015fma dilinde, Fars\u00e7a, Hint dilleri, T\u00fcrk\u00e7e, \u0130ngilizce ve \u0130talyanca&#039;dan \u00f6d\u00fcn\u00e7 al\u0131nanlarla zenginle\u015ftirilmi\u015f Kuveyt Arap\u00e7as\u0131 hakimdir. \u0130ngilizce bir i\u015f lingua franca&#039;s\u0131 olarak i\u015flev g\u00f6r\u00fcrken, Frans\u0131zca be\u015feri bilimler e\u011fitiminde s\u0131n\u0131rl\u0131 uygulama alan\u0131 bulur.<\/p>\n\n\n\n<p>Co\u011frafi olarak Kuveyt, 28\u00b0 K ve 31\u00b0 K enlemleri ile 46\u00b0 D ve 49\u00b0 D boylamlar\u0131 aras\u0131nda uzan\u0131r. Arazi \u00e7o\u011funlukla deniz seviyesindedir ve Mutla S\u0131rt\u0131&#039;nda sadece 306 m&#039;ye kadar y\u00fckselir. K\u0131y\u0131lar\u0131n\u0131, \u00fclkenin en b\u00fcy\u00fc\u011f\u00fc olan 860 km\u00b2&#039;lik Bubiyan&#039;\u0131n ba\u015f\u0131n\u0131 \u00e7ekti\u011fi on ada \u00e7evreler ve 2,38 km&#039;lik bir ge\u00e7itle birbirine ba\u011flan\u0131r. Arazinin sadece %0,6&#039;s\u0131 ekilebilir arazi olarak nitelendirilir; geri kalan\u0131 seyrek \u00e7al\u0131l\u0131klar\u0131 destekler. Kuveyt K\u00f6rfezi, Kuveyt \u015eehri&#039;nin k\u0131y\u0131 \u015feridini demirleyen do\u011fal bir derin su liman\u0131 sunar.<\/p>\n\n\n\n<p>\u0130klim, kuzey r\u00fczgarlar\u0131yla yumu\u015fat\u0131lan k\u0131\u015f d\u00fc\u015f\u00fcklerinden d\u00fcnyan\u0131n en s\u0131cak yazlar\u0131na kadar de\u011fi\u015fir. Haziran ve Temmuz aylar\u0131ndaki \u015eamal r\u00fczgarlar\u0131 kum f\u0131rt\u0131nalar\u0131n\u0131 k\u0131\u015fk\u0131rt\u0131r; k\u0131\u015f geceleri, enlem ve Irak ve \u0130ran&#039;a yak\u0131nl\u0131k nedeniyle serin hissedilebilir. Rekor y\u00fcksek s\u0131cakl\u0131k, 21 Temmuz 2016&#039;da Mitribah&#039;ta kaydedilen 54.0 \u00b0C&#039;dir. Ya\u011f\u0131\u015f nadirdir ve mevsimseldir; ilkbahar s\u0131cak g\u00fcnler ve ara s\u0131ra g\u00f6k g\u00fcr\u00fclt\u00fcl\u00fc f\u0131rt\u0131nalar getirir.<\/p>\n\n\n\n<p>Petrol, gezegenin alt\u0131nc\u0131 en b\u00fcy\u00fck kan\u0131tlanm\u0131\u015f rezervlerine sahip olan Kuveyt&#039;in y\u00fcksek gelirli ekonomisini finanse ediyor - sadece Burgan sahas\u0131nda yakla\u015f\u0131k 70 milyar varil. Hidrokarbonlar ihracat\u0131n neredeyse &#039;\u0131n\u0131 olu\u015fturuyor ve geri kalan\u0131n\u0131n \u00e7o\u011funu u\u00e7aklar ve organik kimyasallar olu\u015fturuyor. Kuveyt ekonomik \u00e7e\u015fitlilikte d\u00fc\u015f\u00fck s\u0131ralarda yer al\u0131yor ve ki\u015fi ba\u015f\u0131na karbon emisyonlar\u0131 d\u00fcnya \u00e7ap\u0131nda en y\u00fcksekler aras\u0131nda yer al\u0131yor. \u00c7evresel y\u00f6neticilik kademeli olarak ilerledi: IUCN taraf\u0131ndan tan\u0131nan be\u015f korunan alan var ve 2018&#039;de Bubiyan Adas\u0131&#039;ndaki Mubarak al-Kabeer rezervi, g\u00f6\u00e7men ku\u015flar i\u00e7in kritik bir dinlenme noktas\u0131 olarak hizmet veren ve gezegenin en b\u00fcy\u00fck yenge\u00e7-batak ku\u015fu \u00fcreme kolonisine ev sahipli\u011fi yapan Ramsar unvan\u0131n\u0131 kazand\u0131.<\/p>\n\n\n\n<p>\u0130dari olarak, alt\u0131 vilayet ulusal topraklar\u0131 alt b\u00f6l\u00fcmlere ay\u0131r\u0131r: Ba\u015fkent (Al Asime), Havalli, Fervaniye, Mubarak Al-Kebir, Ahmedi ve Jahra. Her vilayet birden fazla alan\u0131 kapsar; toplamda 5.700 km&#039;yi a\u015fan bir yol a\u011f\u0131n\u0131 bar\u0131nd\u0131r\u0131rlar ve bunun 4.800 km&#039;den fazlas\u0131 asfalt otoyollard\u0131r. Devlet taraf\u0131ndan i\u015fletilen Kuveyt Toplu Ta\u015f\u0131ma \u015eirketi ve \u00f6zel operat\u00f6rler CityBus ve Kuveyt Gulf Link taraf\u0131ndan desteklenen otomobiller ula\u015f\u0131ma hakimdir; demir yolu veya metro yoktur. Sar\u0131 plakalarla tan\u0131mlanabilen taksiler b\u00fcy\u00fck \u00f6l\u00e7\u00fcde taksimetresiz \u00e7al\u0131\u015f\u0131r ve Careem gibi uygulama tabanl\u0131 hizmetler ilgi g\u00f6rmektedir. Hava yolculu\u011fu, Kuveyt Havayollar\u0131&#039;n\u0131n merkezi ve Al Mubarak Hava \u00dcss\u00fc&#039;ne ev sahipli\u011fi yapan Kuveyt Uluslararas\u0131 Havaliman\u0131&#039;nda yo\u011funla\u015f\u0131r; iki \u00f6zel ta\u015f\u0131y\u0131c\u0131, Jazeera ve Wataniya, hizmetleri tamamlar. May\u0131s 2025 itibar\u0131yla, on d\u00f6rt yabanc\u0131 havayolu y\u00f6netim ve rekabet endi\u015feleri nedeniyle u\u00e7u\u015flar\u0131n\u0131 ask\u0131ya ald\u0131 ve bu da havaliman\u0131n\u0131n b\u00f6lgesel rol\u00fc hakk\u0131nda sorular\u0131 g\u00fcndeme getirdi.<\/p>\n\n\n\n<p>Deniz ticareti, 2006&#039;da 750.000 TEU&#039;nun \u00fczerinde y\u00fck ta\u015f\u0131yan Shuwaikh ve Shuaiba limanlar\u0131na ve Mina al-Ahmadi&#039;ye dayanmaktad\u0131r. Bubiyan Adas\u0131&#039;nda in\u015fas\u0131 devam eden yeni bir Mubarak Al Kabeer Liman\u0131&#039;n\u0131n y\u0131ll\u0131k iki milyon TEU&#039;yu y\u00f6netmesi planlan\u0131yor. Nakliye sekt\u00f6r\u00fc b\u00f6lgenin en b\u00fcy\u00fckleri aras\u0131nda yer al\u0131yor.<\/p>\n\n\n\n<p>Petrol zenginli\u011fine ra\u011fmen turizm, s\u0131n\u0131rl\u0131 altyap\u0131 ve alkol yasa\u011f\u0131yla s\u0131n\u0131rl\u0131 kalarak m\u00fctevaz\u0131 kalmaya devam ediyor. Yurt i\u00e7i seyahat harcamalar\u0131 2020&#039;de 6,1 milyar dolara ula\u015ft\u0131; D\u00fcnya Seyahat ve Turizm Konseyi, Kuveyt&#039;i 2019&#039;da akranlar\u0131 aras\u0131nda en h\u0131zl\u0131 b\u00fcy\u00fcyen seyahat ekonomisi olarak g\u00f6sterdi ve bir \u00f6nceki y\u0131la g\u00f6re ,6 artt\u0131. K\u00fclt\u00fcrel cazibe merkezleri aras\u0131nda her \u015eubat ay\u0131nda konserler, ge\u00e7it t\u00f6renleri ve karnavallarla kurtulu\u015fu kutlayan Hala Febrayer festivali yer al\u0131yor. Sabah Al Ahmad Sea City geli\u015fimi ve yeni a\u00e7\u0131lan Kuveyt Ulusal K\u00fclt\u00fcr B\u00f6lgesi -k\u00fclt\u00fcr merkezleri, park alanlar\u0131 ve g\u00f6rkemli miras alanlar\u0131n\u0131 kapsayan 1 milyar dolarl\u0131k bir proje- daha geni\u015f bir yarat\u0131c\u0131 ekonomiye y\u00f6nelik \u00f6zlemleri i\u015faret ediyor.<\/p>\n\n\n\n<p>Kuveyt, K\u00f6rfez Arap sanatlar\u0131na \u00f6nc\u00fcl\u00fck etti: g\u00f6rsel ara\u015ft\u0131rma, 1930&#039;larda Mojeb al-Dousari&#039;nin portrelerine ve 1960&#039;larda Khalifa Al-Qattan&#039;\u0131n &#034;sirk\u00fclizm&#034; teorisine kadar uzan\u0131r. Bug\u00fcn otuzdan fazla galeri Sami Mohammad, Thuraya Al-Baqsami ve Suzan Bushnaq&#039;\u0131n eserlerini sergiliyor. Tiyatro sanatlar\u0131 1920&#039;lere kadar uzan\u0131r; Ulusal K\u00fclt\u00fcr, Sanat ve Edebiyat Konseyi arac\u0131l\u0131\u011f\u0131yla h\u00fck\u00fcmet taraf\u0131ndan desteklenen kamu tiyatrolar\u0131 her y\u0131l bir festivale ev sahipli\u011fi yapar ve yerel dramalar b\u00f6lge \u00e7ap\u0131nda izleyici \u00e7eker. Her y\u0131l on be\u015f veya daha fazla \u00fcretilen televizyon dizileri K\u00f6rfez boyunca yay\u0131nlan\u0131r ve Kuveyt&#039;e &#034;K\u00f6rfez&#039;in Hollywood&#039;u&#034; lakab\u0131 kazand\u0131rm\u0131\u015ft\u0131r. Aileler alacakaranl\u0131kta bir araya geldi\u011finde pembe diziler Ramazan ay\u0131nda yay\u0131nlan\u0131r. Sawt ve fijiri gibi m\u00fczik gelenekleri denizcilik miras\u0131n\u0131 yans\u0131t\u0131r; Kay\u0131tlar 1912 y\u0131l\u0131 gibi erken bir tarihte ba\u015flad\u0131. \u00c7a\u011fda\u015f Khaliji m\u00fczi\u011fi, Nawal El Kuwaiti ve Abdallah Al Rowaished gibi sanat\u00e7\u0131lar\u0131n geni\u015f \u00e7apta turneye \u00e7\u0131kmas\u0131yla Arap d\u00fcnyas\u0131nda pop\u00fclerlik kazand\u0131.<\/p>\n\n\n\n<p>Sosyal normlar, kamu ahlak\u0131 yasalar\u0131na uyuldu\u011fu s\u00fcrece giyim ve davran\u0131\u015fta c\u00f6mert bir serbestlikle ya\u015fa ve ya\u015fat ethosuna uymaktad\u0131r. Ba\u015fka bir kamu fig\u00fcr\u00fcne hakaret etmek, geni\u015f olarak tan\u0131mlanm\u0131\u015f iftira yasalar\u0131n\u0131 ihlal eder. Ramazan ay\u0131nda, kamusal alanda yiyecek, i\u00e7ecek veya t\u00fct\u00fcn t\u00fcketimi yasakt\u0131r. E\u015fcinsel eylemler su\u00e7 say\u0131lmaya devam etse de, ayn\u0131 cinsiyetten ki\u015filerin birbirlerine olan sevgisinin geleneksel ifadeleri damgalanmadan ger\u00e7ekle\u015fir.<\/p>\n\n\n\n<p>Kuveyt \u015eehri&#039;ne kolayca ula\u015f\u0131labilen \u015fehirler z\u0131t hayatlar\u0131 ortaya koyuyor: Jahra&#039;n\u0131n tarihi mahalleleri bat\u0131ya do\u011fru uzan\u0131yor, Ahmadi petrol rafinerisi altyap\u0131s\u0131na ev sahipli\u011fi yap\u0131yor, Hawalli ve Farwaniya yo\u011fun yerle\u015fim b\u00f6lgeleri ve limanlar sa\u011fl\u0131yor, Salmiya&#039;n\u0131n plajlar\u0131 ve gayrimenkulleri ise aileleri ve gurbet\u00e7ileri \u00e7ekiyor. Khairan ve Bnaider gibi d\u0131\u015f mekanlar yat kul\u00fcplerini ve su sporlar\u0131n\u0131 destekliyor; sava\u015ftan yara alm\u0131\u015f Failaka Adas\u0131 art\u0131k d\u00fczenli feribot seferleriyle eri\u015filebilen miras konaklama birimleri sunuyor.<\/p>\n\n\n\n<p>Giri\u015f d\u00fczenlemeleri uyru\u011fa g\u00f6re de\u011fi\u015fir. K\u00f6rfez \u0130\u015fbirli\u011fi Konseyi vatanda\u015flar\u0131 vizesiz seyahat eder; bir\u00e7ok Bat\u0131 ve Asya \u00fclkesinin sakinleri hava terminallerine vard\u0131klar\u0131nda vize alabilirken, di\u011ferleri \u00f6nceden d\u00fczenlenmi\u015f sponsorluk talep eder. T\u00fcm var\u0131\u015flar giri\u015fi ge\u00e7ersiz k\u0131lan \u0130srail damgalar\u0131ndan ka\u00e7\u0131nmal\u0131d\u0131r. Havaalan\u0131ndan toplu ta\u015f\u0131ma se\u00e7enekleri aras\u0131nda taksiler, limuzin tarz\u0131 hizmetler ve \u015fehir merkezine 0,25 KWD&#039;lik bir otob\u00fcs bulunur, ancak programlar ve rota bilgileri \u00f6nceden planlama gerektirir.<\/p>\n\n\n\n<p>Kuveyt&#039;in evrimi -\u00e7\u00f6l liman\u0131ndan petrol santraline- zenginlik ve \u00e7evre, gelenek ve modernitenin z\u0131tl\u0131klar\u0131n\u0131 ta\u015f\u0131r. Kompakt co\u011frafyas\u0131 karma\u015f\u0131k bir tarih, k\u00fclt\u00fcr ve ticaret dokusuna sahiptir. Hidrokarbonlar mali rezervleri s\u00fcrd\u00fcr\u00fcrken, yarat\u0131c\u0131 ve hizmet sekt\u00f6rlerindeki yeni \u00e7abalar ufuklar\u0131 geni\u015fletmeyi ama\u00e7lamaktad\u0131r. \u00dclke, ge\u00e7mi\u015finin g\u00fcn\u00fcm\u00fcz kimli\u011fini \u015fekillendirdi\u011fi ve stratejik tercihlerin daha \u00e7e\u015fitlendirilmi\u015f bir gelece\u011fi \u015fekillendirece\u011fi bir kav\u015fakta durmaktad\u0131r.<\/p>","protected":false},"excerpt":{"rendered":"<p>Kuveyt, resmen Kuveyt Devleti olarak bilinir, Bat\u0131 Asya&#039;da, Do\u011fu Arabistan&#039;\u0131n kuzey s\u0131n\u0131r\u0131na yak\u0131n, Basra K\u00f6rfezi&#039;nin ucunda bulunan bir \u00fclkedir. 2024 itibar\u0131yla n\u00fcfusu 4,93 milyon olan Kuveyt (bir \u00f6nceki y\u0131la g\u00f6re %1,98 art\u0131\u015f) kuzeyde Irak&#039;\u0131 g\u00fcneyde Suudi Arabistan&#039;dan ay\u0131ran hayati bir konuma sahiptir. Basra K\u00f6rfezi boyunca yakla\u015f\u0131k 500 kilometrelik bir k\u0131y\u0131 \u015feridine sahip olan \u00fclkenin \u0130ran ile deniz s\u0131n\u0131r\u0131 vard\u0131r.<\/p>","protected":false},"author":1,"featured_media":4387,"parent":24063,"menu_order":0,"comment_status":"closed","ping_status":"closed","template":"elementor_theme","meta":{"_eb_attr":"","footnotes":""},"class_list":["post-14764","page","type-page","status-publish","has-post-thumbnail"],"_links":{"self":[{"href":"https:\/\/travelshelper.com\/tr\/wp-json\/wp\/v2\/pages\/14764","targetHints":{"allow":["GET"]}}],"collection":[{"href":"https:\/\/travelshelper.com\/tr\/wp-json\/wp\/v2\/pages"}],"about":[{"href":"https:\/\/travelshelper.com\/tr\/wp-json\/wp\/v2\/types\/page"}],"author":[{"embeddable":true,"href":"https:\/\/travelshelper.com\/tr\/wp-json\/wp\/v2\/users\/1"}],"replies":[{"embeddable":true,"href":"https:\/\/travelshelper.com\/tr\/wp-json\/wp\/v2\/comments?post=14764"}],"version-history":[{"count":0,"href":"https:\/\/travelshelper.com\/tr\/wp-json\/wp\/v2\/pages\/14764\/revisions"}],"up":[{"embeddable":true,"href":"https:\/\/travelshelper.com\/tr\/wp-json\/wp\/v2\/pages\/24063"}],"wp:featuredmedia":[{"embeddable":true,"href":"https:\/\/travelshelper.com\/tr\/wp-json\/wp\/v2\/media\/4387"}],"wp:attachment":[{"href":"https:\/\/travelshelper.com\/tr\/wp-json\/wp\/v2\/media?parent=14764"}],"curies":[{"name":"wp","href":"https:\/\/api.w.org\/{rel}","templated":true}]}}